{"id":174,"date":"2020-12-23T15:41:37","date_gmt":"2020-12-23T12:41:37","guid":{"rendered":"https:\/\/www.myvize.com.tr\/avusturya\/?page_id=174"},"modified":"2022-03-28T15:06:23","modified_gmt":"2022-03-28T12:06:23","slug":"form-ve-dilekce","status":"publish","type":"page","link":"https:\/\/www.myvize.com.tr\/avusturya\/form-ve-dilekce\/","title":{"rendered":"FORM VE D\u0130LEK\u00c7E"},"content":{"rendered":"<p><span style=\"font-family: Roboto;\"><\/span><\/p>\r\n<p><span style=\"font-family: Roboto; font-size: 14px;\">D\u00fcnyan\u0131n en \u00e7ok seyahat edilen \u00fclkelerinden birisi olan Avusturya ziyaret\u00e7ilerinden vize talebinde bulunuyor. Ki\u015filerde Schengen vizesi bulunmuyorsa ve bordo pasaport hamili ise bu ki\u015filerin mutlaka vize ba\u015fvurusu yapmas\u0131 \u015fart\u0131 bulunuyor. Vize i\u015flemleri s\u0131ras\u0131nda di\u011fer pasaport sahipleri 180 g\u00fcn i\u00e7erisinde 90 g\u00fcnden \u00e7ok daha fazla olmamak \u015fart\u0131yla vizesiz olarak \u00fclkeye seyahat ger\u00e7ekle\u015ftirebilirler.<\/span><\/p>\r\n<p><span style=\"font-family: Roboto; font-size: 14px;\">\r\n\r\n<\/span><\/p>\r\n<p><span style=\"font-family: Roboto; font-size: 14px;\">Avusturya vizesi alacak olan ki\u015filer turistik, ticari, aile ziyareti ya da k\u00fclt\u00fcrel ve sportif vize t\u00fcrlerinden birisine ba\u015fvuru yapabilir. Bu bize t\u00fcrlerinden herhangi birine ba\u015fvuru yapacak ki\u015filerin mutlaka evraklar\u0131nda herhangi bir eksik bulunmamas\u0131 gerekiyor. \u00d6zellikle vize ba\u015fvuru formu ve dilek\u00e7esinde hemen her detay\u0131n do\u011fru bir \u015fekilde yaz\u0131lmas\u0131 istenilen ko\u015fullardan biridir.<\/span><\/p>\r\n<p><span style=\"font-family: Roboto; font-size: 14px;\"><\/span><\/p>\r\n<p><span style=\"font-family: Roboto; font-size: 14px;\"><\/span><\/p>\r\n<h2><span style=\"font-family: Roboto; font-size: 27px;\"><strong>Avusturya Vize Form Nas\u0131l Doldurulur?<\/strong><\/span><\/h2>\r\n<p><span style=\"font-family: Roboto; font-size: 14px;\">\r\n\r\n<\/span><\/p>\r\n<p><span style=\"font-family: Roboto; font-size: 14px;\">Avusturya vizesi alacak olan ki\u015filerin ilk olarak doldurulmas\u0131 gereken evraklardan birisi ba\u015fvuru formudur. Ba\u015fvuru formunu ki\u015filer el yaz\u0131s\u0131 Ya da bilgisayar \u00e7\u0131kt\u0131s\u0131 olarak haz\u0131rlayabilirler. Ayn\u0131 zamanda ba\u015fvuru formunda mutlaka ki\u015filerin \u0131slak imzas\u0131 bulunmas\u0131 gereklidir. \u0130stenilen dil kriterlerine uygun olarak haz\u0131rlanan bu formda dikkat edilmesi gereken bir\u00e7ok \u00f6nemli fakt\u00f6r bulunuyor.<\/span><\/p>\r\n<p><span style=\"font-family: Roboto; font-size: 14px;\">\r\n\r\n<\/span><\/p>\r\n<p><span style=\"font-family: Roboto; font-size: 14px;\">Vize i\u015flemleri s\u0131ras\u0131nda dikkat edilecek \u00f6nemli hususlardan birisi olan ba\u015fvuru formunda kimlik bilgileri, mesleki ve finansal bilgiler, ileti\u015fim ve pasaport bilgileri ile seyahat bilgilerinin yer almas\u0131d\u0131r. Ayn\u0131 zamanda ki\u015filer 18 ya\u015f\u0131ndan daha k\u00fc\u00e7\u00fckse ba\u015fvuru formunun aileleri taraf\u0131ndan doldurulmas\u0131 ve ailesinin izin verdi\u011fini g\u00f6steren imzan\u0131n bulunmas\u0131 gereklidir.<\/span><\/p>\r\n<p><span style=\"font-family: Roboto; font-size: 14px;\">\r\n\r\n<\/span><\/p>\r\n<h2><span style=\"font-family: Roboto; font-size: 27px;\"><strong>Avusturya Vize Dilek\u00e7esi<\/strong><\/span><\/h2>\r\n<p><span style=\"font-family: Roboto; font-size: 14px;\">\r\n\r\n<\/span><\/p>\r\n<p><span style=\"font-family: Roboto; font-size: 14px;\">Avusturya vize ba\u015fvuru formu kadar \u00f6nemli olan belgelerden bir di\u011feri de vize talep dilek\u00e7esidir. Vize talep dilek\u00e7esinde ki\u015filer birtak\u0131m bilgileri belirtmek zorundad\u0131r. \u00c7al\u0131\u015fma bilgileri, e\u011fitim ve aile bilgileri, daha \u00f6nceki ald\u0131klar\u0131 vizeler ve reddedildikleri vizeler, seyahat t\u00fcrleri ve \u00fclkeye girdikten sonra neler yapacaklar\u0131 ile ilgili k\u0131saca bilgiler vermelidir.<\/span><\/p>\r\n<p><span style=\"font-family: Roboto; font-size: 14px;\">\r\n\r\n<\/span><\/p>\r\n<p><span style=\"font-family: Roboto; font-size: 14px;\">Vize ba\u015fvuru dilek\u00e7esi resmi bir evrakt\u0131r. Bu nedenle gerekli yaz\u0131n kriterlerine dikkat etmek ve resmi bir dilde yazmak \u00e7ok \u00f6nemlidir. Vize talep dilek\u00e7esinde dikkat edilmesi gereken en \u00f6nemli hususlardan birisi de ki\u015filerin pasaportlar\u0131 ile ilgili bilgilere yer vermesidir. Pasaport bilgilerinin ve seyahatlerinin tarihlerini vize dilek\u00e7esinde belirtmek zorunlu durumlardan biridir.<\/span><\/p>\r\n<p><span style=\"font-family: Roboto;\"><\/span><\/p>","protected":false},"excerpt":{"rendered":"<p>D\u00fcnyan\u0131n en \u00e7ok seyahat edilen \u00fclkelerinden birisi olan Avusturya ziyaret\u00e7ilerinden vize talebinde bulunuyor. Ki\u015filerde Schengen vizesi bulunmuyorsa ve bordo pasaport hamili ise bu ki\u015filerin mutlaka vize ba\u015fvurusu yapmas\u0131 \u015fart\u0131 bulunuyor. Vize i\u015flemleri s\u0131ras\u0131nda di\u011fer pasaport sahipleri 180 g\u00fcn i\u00e7erisinde 90 g\u00fcnden \u00e7ok daha fazla olmamak \u015fart\u0131yla vizesiz olarak \u00fclkeye seyahat ger\u00e7ekle\u015ftirebilirler. Avusturya vizesi alacak olan<\/p>\n","protected":false},"author":1,"featured_media":0,"parent":0,"menu_order":0,"comment_status":"open","ping_status":"closed","template":"","meta":{"footnotes":""},"class_list":["post-174","page","type-page","status-publish","hentry"],"yoast_head":"<!-- This site is optimized with the Yoast SEO plugin v26.8 - https:\/\/yoast.com\/product\/yoast-seo-wordpress\/ -->\n<title>Avusturya Vizesi Form Ve Dilek\u00e7eler - MyVize<\/title>\n<meta name=\"description\" content=\"Avusturya Vizesi Form Ve Dilek\u00e7e \u00d6rnekleri \u0130\u00e7in Hemen T\u0131kla! Avusturya Vize TAlep Dilek\u00e7esi Nas\u0131l Yaz\u0131l\u0131r? \u00dccretsiz Dan\u0131\u015f 0 (850) 346 84 93\" \/>\n<meta name=\"robots\" content=\"index, follow, max-snippet:-1, max-image-preview:large, max-video-preview:-1\" \/>\n<link rel=\"canonical\" href=\"https:\/\/www.myvize.com.tr\/avusturya\/form-ve-dilekce\/\" \/>\n<meta property=\"og:locale\" content=\"tr_TR\" \/>\n<meta property=\"og:type\" content=\"article\" \/>\n<meta property=\"og:title\" content=\"Avusturya Vizesi Form Ve Dilek\u00e7eler - MyVize\" \/>\n<meta property=\"og:description\" content=\"Avusturya Vizesi Form Ve Dilek\u00e7e \u00d6rnekleri \u0130\u00e7in Hemen T\u0131kla! Avusturya Vize TAlep Dilek\u00e7esi Nas\u0131l Yaz\u0131l\u0131r? \u00dccretsiz Dan\u0131\u015f 0 (850) 346 84 93\" \/>\n<meta property=\"og:url\" content=\"https:\/\/www.myvize.com.tr\/avusturya\/form-ve-dilekce\/\" \/>\n<meta property=\"og:site_name\" content=\"Avusturya Vizesi\" \/>\n<meta property=\"article:modified_time\" content=\"2022-03-28T12:06:23+00:00\" \/>\n<meta name=\"twitter:card\" content=\"summary_large_image\" \/>\n<meta name=\"twitter:label1\" content=\"Tahmini okuma s\u00fcresi\" \/>\n\t<meta name=\"twitter:data1\" content=\"2 dakika\" \/>\n<script type=\"application\/ld+json\" class=\"yoast-schema-graph\">{\"@context\":\"https:\/\/schema.org\",\"@graph\":[{\"@type\":\"WebPage\",\"@id\":\"https:\/\/www.myvize.com.tr\/avusturya\/form-ve-dilekce\/\",\"url\":\"https:\/\/www.myvize.com.tr\/avusturya\/form-ve-dilekce\/\",\"name\":\"Avusturya Vizesi Form Ve Dilek\u00e7eler - MyVize\",\"isPartOf\":{\"@id\":\"https:\/\/www.myvize.com.tr\/avusturya\/#website\"},\"datePublished\":\"2020-12-23T12:41:37+00:00\",\"dateModified\":\"2022-03-28T12:06:23+00:00\",\"description\":\"Avusturya Vizesi Form Ve Dilek\u00e7e \u00d6rnekleri \u0130\u00e7in Hemen T\u0131kla! Avusturya Vize TAlep Dilek\u00e7esi Nas\u0131l Yaz\u0131l\u0131r? \u00dccretsiz Dan\u0131\u015f 0 (850) 346 84 93\",\"breadcrumb\":{\"@id\":\"https:\/\/www.myvize.com.tr\/avusturya\/form-ve-dilekce\/#breadcrumb\"},\"inLanguage\":\"tr\",\"potentialAction\":[{\"@type\":\"ReadAction\",\"target\":[\"https:\/\/www.myvize.com.tr\/avusturya\/form-ve-dilekce\/\"]}]},{\"@type\":\"BreadcrumbList\",\"@id\":\"https:\/\/www.myvize.com.tr\/avusturya\/form-ve-dilekce\/#breadcrumb\",\"itemListElement\":[{\"@type\":\"ListItem\",\"position\":1,\"name\":\"Anasayfa\",\"item\":\"https:\/\/www.myvize.com.tr\/avusturya\/\"},{\"@type\":\"ListItem\",\"position\":2,\"name\":\"FORM VE D\u0130LEK\u00c7E\"}]},{\"@type\":\"WebSite\",\"@id\":\"https:\/\/www.myvize.com.tr\/avusturya\/#website\",\"url\":\"https:\/\/www.myvize.com.tr\/avusturya\/\",\"name\":\"Avusturya Vizesi\",\"description\":\"\",\"potentialAction\":[{\"@type\":\"SearchAction\",\"target\":{\"@type\":\"EntryPoint\",\"urlTemplate\":\"https:\/\/www.myvize.com.tr\/avusturya\/?s={search_term_string}\"},\"query-input\":{\"@type\":\"PropertyValueSpecification\",\"valueRequired\":true,\"valueName\":\"search_term_string\"}}],\"inLanguage\":\"tr\"}]}<\/script>\n<!-- \/ Yoast SEO plugin. -->","yoast_head_json":{"title":"Avusturya Vizesi Form Ve Dilek\u00e7eler - MyVize","description":"Avusturya Vizesi Form Ve Dilek\u00e7e \u00d6rnekleri \u0130\u00e7in Hemen T\u0131kla! Avusturya Vize TAlep Dilek\u00e7esi Nas\u0131l Yaz\u0131l\u0131r? \u00dccretsiz Dan\u0131\u015f 0 (850) 346 84 93","robots":{"index":"index","follow":"follow","max-snippet":"max-snippet:-1","max-image-preview":"max-image-preview:large","max-video-preview":"max-video-preview:-1"},"canonical":"https:\/\/www.myvize.com.tr\/avusturya\/form-ve-dilekce\/","og_locale":"tr_TR","og_type":"article","og_title":"Avusturya Vizesi Form Ve Dilek\u00e7eler - MyVize","og_description":"Avusturya Vizesi Form Ve Dilek\u00e7e \u00d6rnekleri \u0130\u00e7in Hemen T\u0131kla! Avusturya Vize TAlep Dilek\u00e7esi Nas\u0131l Yaz\u0131l\u0131r? \u00dccretsiz Dan\u0131\u015f 0 (850) 346 84 93","og_url":"https:\/\/www.myvize.com.tr\/avusturya\/form-ve-dilekce\/","og_site_name":"Avusturya Vizesi","article_modified_time":"2022-03-28T12:06:23+00:00","twitter_card":"summary_large_image","twitter_misc":{"Tahmini okuma s\u00fcresi":"2 dakika"},"schema":{"@context":"https:\/\/schema.org","@graph":[{"@type":"WebPage","@id":"https:\/\/www.myvize.com.tr\/avusturya\/form-ve-dilekce\/","url":"https:\/\/www.myvize.com.tr\/avusturya\/form-ve-dilekce\/","name":"Avusturya Vizesi Form Ve Dilek\u00e7eler - MyVize","isPartOf":{"@id":"https:\/\/www.myvize.com.tr\/avusturya\/#website"},"datePublished":"2020-12-23T12:41:37+00:00","dateModified":"2022-03-28T12:06:23+00:00","description":"Avusturya Vizesi Form Ve Dilek\u00e7e \u00d6rnekleri \u0130\u00e7in Hemen T\u0131kla! Avusturya Vize TAlep Dilek\u00e7esi Nas\u0131l Yaz\u0131l\u0131r? \u00dccretsiz Dan\u0131\u015f 0 (850) 346 84 93","breadcrumb":{"@id":"https:\/\/www.myvize.com.tr\/avusturya\/form-ve-dilekce\/#breadcrumb"},"inLanguage":"tr","potentialAction":[{"@type":"ReadAction","target":["https:\/\/www.myvize.com.tr\/avusturya\/form-ve-dilekce\/"]}]},{"@type":"BreadcrumbList","@id":"https:\/\/www.myvize.com.tr\/avusturya\/form-ve-dilekce\/#breadcrumb","itemListElement":[{"@type":"ListItem","position":1,"name":"Anasayfa","item":"https:\/\/www.myvize.com.tr\/avusturya\/"},{"@type":"ListItem","position":2,"name":"FORM VE D\u0130LEK\u00c7E"}]},{"@type":"WebSite","@id":"https:\/\/www.myvize.com.tr\/avusturya\/#website","url":"https:\/\/www.myvize.com.tr\/avusturya\/","name":"Avusturya Vizesi","description":"","potentialAction":[{"@type":"SearchAction","target":{"@type":"EntryPoint","urlTemplate":"https:\/\/www.myvize.com.tr\/avusturya\/?s={search_term_string}"},"query-input":{"@type":"PropertyValueSpecification","valueRequired":true,"valueName":"search_term_string"}}],"inLanguage":"tr"}]}},"_links":{"self":[{"href":"https:\/\/www.myvize.com.tr\/avusturya\/wp-json\/wp\/v2\/pages\/174","targetHints":{"allow":["GET"]}}],"collection":[{"href":"https:\/\/www.myvize.com.tr\/avusturya\/wp-json\/wp\/v2\/pages"}],"about":[{"href":"https:\/\/www.myvize.com.tr\/avusturya\/wp-json\/wp\/v2\/types\/page"}],"author":[{"embeddable":true,"href":"https:\/\/www.myvize.com.tr\/avusturya\/wp-json\/wp\/v2\/users\/1"}],"replies":[{"embeddable":true,"href":"https:\/\/www.myvize.com.tr\/avusturya\/wp-json\/wp\/v2\/comments?post=174"}],"version-history":[{"count":6,"href":"https:\/\/www.myvize.com.tr\/avusturya\/wp-json\/wp\/v2\/pages\/174\/revisions"}],"predecessor-version":[{"id":966,"href":"https:\/\/www.myvize.com.tr\/avusturya\/wp-json\/wp\/v2\/pages\/174\/revisions\/966"}],"wp:attachment":[{"href":"https:\/\/www.myvize.com.tr\/avusturya\/wp-json\/wp\/v2\/media?parent=174"}],"curies":[{"name":"wp","href":"https:\/\/api.w.org\/{rel}","templated":true}]}}