{"id":180,"date":"2020-12-23T16:50:09","date_gmt":"2020-12-23T13:50:09","guid":{"rendered":"https:\/\/www.myvize.com.tr\/belcika\/?page_id=180"},"modified":"2022-12-20T21:54:22","modified_gmt":"2022-12-20T18:54:22","slug":"belcika-vatandasiyla-evli-olanlar","status":"publish","type":"page","link":"https:\/\/www.myvize.com.tr\/belcika\/vatandaslik\/belcika-vatandasiyla-evli-olanlar\/","title":{"rendered":"Bel\u00e7ika Vatanda\u015f\u0131yla Evli Olanlar"},"content":{"rendered":"<h2><span style=\"font-size: 27px; font-family: Roboto;\"><strong>Bel\u00e7ika Vatanda\u015f\u0131yla Evli Olanlar Kazand\u0131\u011f\u0131 Vatanda\u015fl\u0131k<\/strong><\/span><\/h2>\n<p><span style=\"font-size: 14px; font-family: Roboto;\"><strong>Bel\u00e7ika vatanda\u015fl\u0131\u011f\u0131<\/strong> alabilmek i\u00e7in bir k\u0131sa ve bir de uzun prosed\u00fcr geli\u015ftirilmi\u015ftir. K\u0131sa prosed\u00fcre g\u00f6re vatanda\u015f i\u00e7in; 18 ya\u015f\u0131nda olmak gerekir, 5 y\u0131l aral\u0131ks\u0131z Bel\u00e7ika\u00b4da bulunuyor olmak gerekir, anayasada yer alan 3 dilde en az birini bilmek gerekir, toplumsal uyumu ispat etmek ile en az iki bu\u00e7uk y\u0131l \u00e7al\u0131\u015fm\u0131\u015f olmak gerekmekte. Toplumsal uyum en az bir orta\u00f6\u011fretim veya ya\u015fad\u0131\u011f\u0131n\u0131z b\u00f6lge bir uyum kursu ya da 401 saatlik bir meslek e\u011fitim diplomas\u0131 ile ispat etmeniz gerekmekte.<\/span><br \/>\n<span style=\"font-size: 14px; font-family: Roboto;\"><strong>Bel\u00e7ika vatanda\u015f\u0131<\/strong> ile evli olan ki\u015filer ve Bel\u00e7ika vatanda\u015flar\u0131 bir \u00e7ocu\u011fun ebeveyn olanlar i\u00e7in prosed\u00fcrde daha yumu\u015fakt\u0131r. O ki\u015filer (dilden birini bilmesi ve 5 y\u0131l yasal ikametin yan\u0131nda) sadece toplumsal uyumu ispatlamal\u0131d\u0131r.<\/span><br \/>\n<span style=\"font-size: 14px; font-family: Roboto;\">Uzun prosed\u00fcr ise vatanda\u015fl\u0131\u011fa ba\u015fvuran 10 y\u0131l yasal ikameti (kesintiye u\u011framada) yan\u0131nda \u00fclke dilinden birini bilmesi ve toplumsal uyumun ispatlanmas\u0131 beklenmektedir. K\u0131sa prosed\u00fcrde en az 467 g\u00fcn \u00e7al\u0131\u015fm\u0131\u015f olmas\u0131 \u015fart\u0131 burada aranmamakta.<\/span><br \/>\n<span style=\"font-size: 14px; font-family: Roboto;\">Yasa dosyas\u0131 \u201cnat\u00fcralizasyon\u201d yolu ile vatanda\u015fl\u0131k kazan\u0131lmas\u0131 da kapsam olarak daraltmaktad\u0131r; temelde bilim, spor, sosyal ve k\u00fclt\u00fcrel alandaki katk\u0131 sa\u011flayan, Bel\u00e7ika\u00b4n\u0131n uluslararas\u0131 platformda alg\u0131s\u0131 olumlu katk\u0131 yapan insan i\u00e7in vatanda\u015fl\u0131k verilmesi ama\u00e7lamakta.<\/span><br \/>\n<span style=\"font-size: 14px; font-family: Roboto;\">\u00d6zellikle \u00fclke dili bilmek, toplumsal uyumu ispat ve yabanc\u0131y\u0131, g\u00f6\u00e7men vize ba\u015fvurusu yapanlar\u0131n en az 470 g\u00fcn \u00fclkede \u00e7al\u0131\u015fm\u0131\u015f olmas\u0131 \u015fart\u0131 vard\u0131r. Bu \u015farta uyan ki\u015filer ba\u015fvuru yapabilmektedir.<\/span><\/p>\n<blockquote><p><span style=\"color: #2acec2;\"><a style=\"color: #2acec2;\" href=\"https:\/\/www.myvize.com.tr\/belcika\/vatandaslik\/\" target=\"_blank\" rel=\"noopener\"><span style=\"font-family: Roboto; font-size: 14px;\"><strong>Vatanda\u015fl\u0131k<\/strong><\/span><\/a><\/span><\/p><\/blockquote>\n<h2><strong><span style=\"font-family: Roboto; font-size: 27px;\">Bel\u00e7ika Vatanda\u015f\u0131 Olmak \u0130\u00e7in Ka\u00e7 Y\u0131l Evli Kalmak Gerekli?<\/span><\/strong><\/h2>\n<p><span style=\"font-family: Roboto; font-size: 14px;\">Belirli bir s\u00fcre \u015fart\u0131 yoktur<strong>. Bel\u00e7ika vatanda\u015f\u0131 olmak i\u00e7in ka\u00e7 y\u0131l evli kalmak gerekli?\u00a0<\/strong>Bel\u00e7ika yasalar\u0131, \u00e7iftin Bel\u00e7ika vatanda\u015fl\u0131\u011f\u0131na ba\u015fvurmadan \u00f6nce en az \u00fc\u00e7 y\u0131l evli olmas\u0131 gerekti\u011fini belirtir. Ek olarak, \u00e7iftin ba\u015fvurmadan \u00f6nce en az be\u015f y\u0131l Bel\u00e7ika&#8217;da ikamet etmi\u015f olmas\u0131 gerekir. Son olarak, her iki e\u015fin de Bel\u00e7ika&#8217;n\u0131n resmi dillerinden birinde ak\u0131c\u0131 olmas\u0131 gerekir. Bu \u015fartlar kar\u015f\u0131lan\u0131rsa, \u00e7ift Bel\u00e7ika vatanda\u015fl\u0131\u011f\u0131na ba\u015fvurabilir. Ancak, Bel\u00e7ika h\u00fck\u00fcmetinin herhangi bir nedenle vatanda\u015fl\u0131\u011f\u0131 reddetme hakk\u0131na sahip oldu\u011fu belirtilmelidir. Bu nedenle, gereklilikleri yerine getirmek vatanda\u015fl\u0131\u011f\u0131n verilece\u011fini garanti etmez. Ancak, Bel\u00e7ika toplumuna entegrasyon seviyeniz gibi di\u011fer fakt\u00f6rler de dikkate al\u0131nabilir. Bel\u00e7ika vatanda\u015f\u0131 biriyle evli olan ki\u015fi, evlendikten 6 ay sonra s\u00fcresiz olan oturma iznine ba\u015fvuru yapabilir. Bunun haricinde e\u015fiyle beraber Bel\u00e7ika\u2019da 3 ya\u015fam\u0131\u015f olmalar\u0131 durumunda ba\u015fvuru yapabilirler. Bel\u00e7ika\u2019da so\u011fan ve 18 ya\u015f\u0131ndan k\u00fc\u00e7\u00fckler hemen ba\u015fvuru yapabilirler.<\/span><\/p>\n<h2><strong><span style=\"font-family: Roboto; font-size: 27px;\">Bel\u00e7ika Vatanda\u015f\u0131yla Evli Olanlar Vatanda\u015fl\u0131k Nas\u0131l Al\u0131r?<\/span><\/strong><\/h2>\n<p><span style=\"font-family: Roboto; font-size: 14px;\">En az 15 y\u0131ld\u0131r Bel\u00e7ika&#8217;da ya\u015fayan ve en az 5 y\u0131ld\u0131r bir Bel\u00e7ika vatanda\u015f\u0131 ile evli olan ki\u015fi, uzun prosed\u00fcrle vatanda\u015fl\u0131k ba\u015fvurusunda bulunabilir.<strong>\u00a0Bel\u00e7ika Vatanda\u015f\u0131yla Evli Olanlar vatanda\u015fl\u0131k nas\u0131l al\u0131r?\u00a0<\/strong>Vatanda\u015fl\u0131\u011fa kabul ko\u015fullar\u0131 t\u00fcm ba\u015fvuru sahipleri i\u00e7in ayn\u0131d\u0131r. Bu gereklilik, 10 y\u0131ll\u0131k (kesintisiz) yasal ikamettir. Ancak, bu gereklilik belirli ko\u015fullar alt\u0131nda 5 y\u0131la indirilir; Ba\u015fvuran\u0131n 5 y\u0131ll\u0131k daimi ikamet iznine sahip olmas\u0131, resmi dillerden birini yeterli derecede bilmesi ve ya\u015fad\u0131\u011f\u0131 b\u00f6lgede bir entegrasyon kursu tamamlamas\u0131 gerekir. Ayr\u0131ca ki\u015finin sosyal uyumunun yeterince g\u00fc\u00e7l\u00fc oldu\u011funu kan\u0131tlamas\u0131 ve en az 3 ay hapis cezas\u0131 almam\u0131\u015f olmas\u0131 gerekir.<\/span><\/p>\n<p><span style=\"font-family: Roboto; font-size: 14px;\">Soydan gelen vatanda\u015fl\u0131k, Bel\u00e7ika vatanda\u015f\u0131 bir ebeveynden do\u011fan bir \u00e7ocuk veya bir Bel\u00e7ika vatanda\u015f\u0131n\u0131n yabanc\u0131 uyruklu bir \u00e7ocu\u011funun ba\u015fvurusu yoluyla elde edilebilir.<\/span><\/p>\n<p><span style=\"font-family: Roboto; font-size: 14px;\"><strong>Bel\u00e7ika vatanda\u015fl\u0131\u011f\u0131<\/strong> elde etme gerekliliklerine g\u00f6re, Bel\u00e7ika vatanda\u015flar\u0131n\u0131n yabanc\u0131 uyruklu \u00e7ocuklar\u0131 (18 ya\u015f\u0131ndan k\u00fc\u00e7\u00fckler), yasal olarak Bel\u00e7ika&#8217;da ikamet etmeleri ve ebeveynlerinin yasal olarak Bel\u00e7ika&#8217;da ikamet etmeleri durumunda Bel\u00e7ika vatanda\u015fl\u0131\u011f\u0131 alabilirler. En az 3 y\u0131ld\u0131r evli veya en az 5 y\u0131ld\u0131r birlikte ya\u015f\u0131yor olmas\u0131 zorunludur. \u00c7ocu\u011fun \u00fc\u00e7 resmi dilden birini yeterli derecede bilmesi de gereklidir.<\/span><\/p>\n<p><span style=\"font-family: Roboto; font-size: 14px;\">Yurtd\u0131\u015f\u0131nda do\u011fan 12-18 ya\u015f aras\u0131 \u00e7ocuklar da en az 5 y\u0131l boyunca ebeveynleri ile Bel\u00e7ika&#8217;da ya\u015fam\u0131\u015flarsa, \u00fc\u00e7 resmi dilden birini yeterli derecede biliyorlarsa ve sosyal uyum \u015fartlar\u0131n\u0131 kar\u015f\u0131l\u0131yorlarsa Bel\u00e7ika vatanda\u015fl\u0131\u011f\u0131na ba\u015fvurabilirler.<\/span><\/p>\n<h3><strong><span style=\"font-family: Roboto; font-size: 24px;\">Bel\u00e7ika Vatanda\u015f\u0131yla Evli Olanlar \u0130\u00e7in Vatanda\u015fl\u0131k Ba\u015fvurusu<\/span><\/strong><\/h3>\n<p><span style=\"font-family: Roboto; font-size: 14px;\">Bel\u00e7ika vatanda\u015f\u0131yla evli olan bir ki\u015fi iseniz, Bel\u00e7ika vatanda\u015fl\u0131\u011f\u0131na ba\u015fvurabilirsiniz. <strong>Bel\u00e7ika Vatanda\u015f\u0131yla Evli Olanlar i\u00e7in vatanda\u015fl\u0131k ba\u015fvurusu<\/strong>\u00a0i\u00e7in baz\u0131 ko\u015fullar\u0131 yerine getirmeniz gerekebilir. \u00d6rne\u011fin, Bel\u00e7ika&#8217;da ya\u015faman\u0131z ve Bel\u00e7ika dillerinden bir tanesini konu\u015fabilmeniz gerekebilir. Ayr\u0131ca, evlili\u011finizin ger\u00e7ek ve s\u00fcrekli oldu\u011funu kan\u0131tlaman\u0131z gerekebilir.<\/span><\/p>\n<p><span style=\"font-family: Roboto; font-size: 14px;\">Evlenme nedeniyle Bel\u00e7ika vatanda\u015fl\u0131\u011f\u0131na ba\u015fvuru yapmak i\u00e7in, baz\u0131 \u015fartlar\u0131 yerine getirmek gerekir. Bu \u015fartlar genel olarak \u015funlar olmaktad\u0131r. Bel\u00e7ika \u00fclkesinde en az 5 y\u0131l oturuyor olmas\u0131 gerekir. En az 3 y\u0131l evli olunmas\u0131 zorunludur. Bel\u00e7ika dillerinden en az bir tanesini bilmek gerekir. Bel\u00e7ika vatanda\u015fl\u0131\u011f\u0131n\u0131 se\u00e7mek i\u00e7in haz\u0131rlanm\u0131\u015f belgeleri Bel\u00e7ika D\u0131\u015fi\u015fleri i\u00e7in Federal Bakanl\u0131\u011f\u0131\u2019na teslim edilmesi gerekir. Bel\u00e7ika vatanda\u015f\u0131yla evli olan ki\u015finin <strong>Bel\u00e7ika vatanda\u015fl\u0131\u011f\u0131 alma<\/strong> ba\u015fvurusu 6 ay i\u00e7erisinde sonu\u00e7lanmaktad\u0131r. Ba\u015fvuru sonu\u00e7lar\u0131 ba\u015fvuruyu yapan ki\u015finin adresine kargo yoluyla g\u00f6nderilir. Vatanda\u015fl\u0131k ba\u015fvurusu olumsuz olanlar evraklar\u0131n\u0131 yeniden tamamlayarak ba\u015fvuruda bulunabilirler.<\/span><\/p>\n","protected":false},"excerpt":{"rendered":"<p>Bel\u00e7ika Vatanda\u015f\u0131yla Evli Olanlar Kazand\u0131\u011f\u0131 Vatanda\u015fl\u0131k Bel\u00e7ika vatanda\u015fl\u0131\u011f\u0131 alabilmek i\u00e7in bir k\u0131sa ve bir de uzun prosed\u00fcr geli\u015ftirilmi\u015ftir. K\u0131sa prosed\u00fcre g\u00f6re vatanda\u015f i\u00e7in; 18 ya\u015f\u0131nda olmak gerekir, 5 y\u0131l aral\u0131ks\u0131z Bel\u00e7ika\u00b4da bulunuyor olmak gerekir, anayasada yer alan 3 dilde en az birini bilmek gerekir, toplumsal uyumu ispat etmek ile en az iki bu\u00e7uk y\u0131l \u00e7al\u0131\u015fm\u0131\u015f<\/p>\n","protected":false},"author":1,"featured_media":0,"parent":165,"menu_order":0,"comment_status":"open","ping_status":"closed","template":"","meta":[],"yoast_head":"<!-- This site is optimized with the Yoast SEO plugin v16.4 - https:\/\/yoast.com\/wordpress\/plugins\/seo\/ -->\n<title>Bel\u00e7ika Vatanda\u015f\u0131yla Evli Olanlar \u0130\u00e7in Vize - MyVize<\/title>\n<meta name=\"description\" content=\"Bel\u00e7ika Vatanda\u015f\u0131yla Evli Olanlar Ne Yapmal\u0131? Bel\u00e7ika Vatanda\u015f\u0131yla Evli Olanlar 2021 Hakk\u0131nda G\u00fcncel Bilgiler. Bel\u00e7ika Vatanda\u015fl\u0131k \u015eartlar\u0131.\" \/>\n<meta name=\"robots\" content=\"index, follow, max-snippet:-1, max-image-preview:large, max-video-preview:-1\" \/>\n<link rel=\"canonical\" href=\"https:\/\/www.myvize.com.tr\/belcika\/vatandaslik\/belcika-vatandasiyla-evli-olanlar\/\" \/>\n<meta property=\"og:locale\" content=\"tr_TR\" \/>\n<meta property=\"og:type\" content=\"article\" \/>\n<meta property=\"og:title\" content=\"Bel\u00e7ika Vatanda\u015f\u0131yla Evli Olanlar \u0130\u00e7in Vize - MyVize\" \/>\n<meta property=\"og:description\" content=\"Bel\u00e7ika Vatanda\u015f\u0131yla Evli Olanlar Ne Yapmal\u0131? Bel\u00e7ika Vatanda\u015f\u0131yla Evli Olanlar 2021 Hakk\u0131nda G\u00fcncel Bilgiler. Bel\u00e7ika Vatanda\u015fl\u0131k \u015eartlar\u0131.\" \/>\n<meta property=\"og:url\" content=\"https:\/\/www.myvize.com.tr\/belcika\/vatandaslik\/belcika-vatandasiyla-evli-olanlar\/\" \/>\n<meta property=\"og:site_name\" content=\"Bel\u00e7ika Vizesi\" \/>\n<meta property=\"article:modified_time\" content=\"2022-12-20T18:54:22+00:00\" \/>\n<meta name=\"twitter:card\" content=\"summary_large_image\" \/>\n<meta name=\"twitter:label1\" content=\"Tahmini okuma s\u00fcresi\" \/>\n\t<meta name=\"twitter:data1\" content=\"4 dakika\" \/>\n<script type=\"application\/ld+json\" class=\"yoast-schema-graph\">{\"@context\":\"https:\/\/schema.org\",\"@graph\":[{\"@type\":\"WebSite\",\"@id\":\"https:\/\/www.myvize.com.tr\/belcika\/#website\",\"url\":\"https:\/\/www.myvize.com.tr\/belcika\/\",\"name\":\"Bel\\u00e7ika Vizesi\",\"description\":\"\",\"potentialAction\":[{\"@type\":\"SearchAction\",\"target\":\"https:\/\/www.myvize.com.tr\/belcika\/?s={search_term_string}\",\"query-input\":\"required name=search_term_string\"}],\"inLanguage\":\"tr\"},{\"@type\":\"WebPage\",\"@id\":\"https:\/\/www.myvize.com.tr\/belcika\/vatandaslik\/belcika-vatandasiyla-evli-olanlar\/#webpage\",\"url\":\"https:\/\/www.myvize.com.tr\/belcika\/vatandaslik\/belcika-vatandasiyla-evli-olanlar\/\",\"name\":\"Bel\\u00e7ika Vatanda\\u015f\\u0131yla Evli Olanlar \\u0130\\u00e7in Vize - MyVize\",\"isPartOf\":{\"@id\":\"https:\/\/www.myvize.com.tr\/belcika\/#website\"},\"datePublished\":\"2020-12-23T13:50:09+00:00\",\"dateModified\":\"2022-12-20T18:54:22+00:00\",\"description\":\"Bel\\u00e7ika Vatanda\\u015f\\u0131yla Evli Olanlar Ne Yapmal\\u0131? Bel\\u00e7ika Vatanda\\u015f\\u0131yla Evli Olanlar 2021 Hakk\\u0131nda G\\u00fcncel Bilgiler. Bel\\u00e7ika Vatanda\\u015fl\\u0131k \\u015eartlar\\u0131.\",\"breadcrumb\":{\"@id\":\"https:\/\/www.myvize.com.tr\/belcika\/vatandaslik\/belcika-vatandasiyla-evli-olanlar\/#breadcrumb\"},\"inLanguage\":\"tr\",\"potentialAction\":[{\"@type\":\"ReadAction\",\"target\":[\"https:\/\/www.myvize.com.tr\/belcika\/vatandaslik\/belcika-vatandasiyla-evli-olanlar\/\"]}]},{\"@type\":\"BreadcrumbList\",\"@id\":\"https:\/\/www.myvize.com.tr\/belcika\/vatandaslik\/belcika-vatandasiyla-evli-olanlar\/#breadcrumb\",\"itemListElement\":[{\"@type\":\"ListItem\",\"position\":1,\"item\":{\"@type\":\"WebPage\",\"@id\":\"https:\/\/www.myvize.com.tr\/belcika\/\",\"url\":\"https:\/\/www.myvize.com.tr\/belcika\/\",\"name\":\"Home\"}},{\"@type\":\"ListItem\",\"position\":2,\"item\":{\"@type\":\"WebPage\",\"@id\":\"https:\/\/www.myvize.com.tr\/belcika\/vatandaslik\/\",\"url\":\"https:\/\/www.myvize.com.tr\/belcika\/vatandaslik\/\",\"name\":\"VATANDA\\u015eLIK\"}},{\"@type\":\"ListItem\",\"position\":3,\"item\":{\"@id\":\"https:\/\/www.myvize.com.tr\/belcika\/vatandaslik\/belcika-vatandasiyla-evli-olanlar\/#webpage\"}}]}]}<\/script>\n<!-- \/ Yoast SEO plugin. -->","_links":{"self":[{"href":"https:\/\/www.myvize.com.tr\/belcika\/wp-json\/wp\/v2\/pages\/180"}],"collection":[{"href":"https:\/\/www.myvize.com.tr\/belcika\/wp-json\/wp\/v2\/pages"}],"about":[{"href":"https:\/\/www.myvize.com.tr\/belcika\/wp-json\/wp\/v2\/types\/page"}],"author":[{"embeddable":true,"href":"https:\/\/www.myvize.com.tr\/belcika\/wp-json\/wp\/v2\/users\/1"}],"replies":[{"embeddable":true,"href":"https:\/\/www.myvize.com.tr\/belcika\/wp-json\/wp\/v2\/comments?post=180"}],"version-history":[{"count":5,"href":"https:\/\/www.myvize.com.tr\/belcika\/wp-json\/wp\/v2\/pages\/180\/revisions"}],"predecessor-version":[{"id":1106,"href":"https:\/\/www.myvize.com.tr\/belcika\/wp-json\/wp\/v2\/pages\/180\/revisions\/1106"}],"up":[{"embeddable":true,"href":"https:\/\/www.myvize.com.tr\/belcika\/wp-json\/wp\/v2\/pages\/165"}],"wp:attachment":[{"href":"https:\/\/www.myvize.com.tr\/belcika\/wp-json\/wp\/v2\/media?parent=180"}],"curies":[{"name":"wp","href":"https:\/\/api.w.org\/{rel}","templated":true}]}}