{"id":230,"date":"2020-12-30T13:21:13","date_gmt":"2020-12-30T10:21:13","guid":{"rendered":"https:\/\/www.myvize.com.tr\/belcika\/?page_id=230"},"modified":"2022-03-29T15:17:24","modified_gmt":"2022-03-29T12:17:24","slug":"adana","status":"publish","type":"page","link":"https:\/\/www.myvize.com.tr\/belcika\/subelerimiz\/adana\/","title":{"rendered":"Adana"},"content":{"rendered":"<h2><span style=\"font-family: Roboto;\"><strong><span style=\"font-size: 27px;\">Bel\u00e7ika Vizesi Adana Ba\u015fvuru \u015eubesi<\/span><\/strong><\/span><\/h2>\n","protected":false},"excerpt":{"rendered":"<p>Bel\u00e7ika Vizesi Adana Ba\u015fvuru \u015eubesi<\/p>\n","protected":false},"author":1,"featured_media":0,"parent":215,"menu_order":0,"comment_status":"open","ping_status":"closed","template":"","meta":[],"yoast_head":"<!-- This site is optimized with the Yoast SEO plugin v16.4 - https:\/\/yoast.com\/wordpress\/plugins\/seo\/ -->\n<title>Bel\u00e7ika Vizesi Adana Ba\u015fvuru Merkezimiz - MyVize<\/title>\n<meta name=\"description\" content=\"Bel\u00e7ika Vizesi Adana Vize Ba\u015fvuru Merkezi. Bel\u00e7ika Vizesi Nas\u0131l Al\u0131n\u0131r? Bel\u00e7ika Vize Ba\u015fvurusu Nas\u0131l Yap\u0131l\u0131r? Bel\u00e7ika Vizesi 2021.\" \/>\n<meta name=\"robots\" content=\"index, follow, max-snippet:-1, max-image-preview:large, max-video-preview:-1\" \/>\n<link rel=\"canonical\" href=\"https:\/\/www.myvize.com.tr\/belcika\/subelerimiz\/adana\/\" \/>\n<meta property=\"og:locale\" content=\"tr_TR\" \/>\n<meta property=\"og:type\" content=\"article\" \/>\n<meta property=\"og:title\" content=\"Bel\u00e7ika Vizesi Adana Ba\u015fvuru Merkezimiz - MyVize\" \/>\n<meta property=\"og:description\" content=\"Bel\u00e7ika Vizesi Adana Vize Ba\u015fvuru Merkezi. Bel\u00e7ika Vizesi Nas\u0131l Al\u0131n\u0131r? Bel\u00e7ika Vize Ba\u015fvurusu Nas\u0131l Yap\u0131l\u0131r? Bel\u00e7ika Vizesi 2021.\" \/>\n<meta property=\"og:url\" content=\"https:\/\/www.myvize.com.tr\/belcika\/subelerimiz\/adana\/\" \/>\n<meta property=\"og:site_name\" content=\"Bel\u00e7ika Vizesi\" \/>\n<meta property=\"article:modified_time\" content=\"2022-03-29T12:17:24+00:00\" \/>\n<meta name=\"twitter:card\" content=\"summary_large_image\" \/>\n<meta name=\"twitter:label1\" content=\"Tahmini okuma s\u00fcresi\" \/>\n\t<meta name=\"twitter:data1\" content=\"1 dakika\" \/>\n<script type=\"application\/ld+json\" class=\"yoast-schema-graph\">{\"@context\":\"https:\/\/schema.org\",\"@graph\":[{\"@type\":\"WebSite\",\"@id\":\"https:\/\/www.myvize.com.tr\/belcika\/#website\",\"url\":\"https:\/\/www.myvize.com.tr\/belcika\/\",\"name\":\"Bel\\u00e7ika Vizesi\",\"description\":\"\",\"potentialAction\":[{\"@type\":\"SearchAction\",\"target\":\"https:\/\/www.myvize.com.tr\/belcika\/?s={search_term_string}\",\"query-input\":\"required name=search_term_string\"}],\"inLanguage\":\"tr\"},{\"@type\":\"WebPage\",\"@id\":\"https:\/\/www.myvize.com.tr\/belcika\/subelerimiz\/adana\/#webpage\",\"url\":\"https:\/\/www.myvize.com.tr\/belcika\/subelerimiz\/adana\/\",\"name\":\"Bel\\u00e7ika Vizesi Adana Ba\\u015fvuru Merkezimiz - MyVize\",\"isPartOf\":{\"@id\":\"https:\/\/www.myvize.com.tr\/belcika\/#website\"},\"datePublished\":\"2020-12-30T10:21:13+00:00\",\"dateModified\":\"2022-03-29T12:17:24+00:00\",\"description\":\"Bel\\u00e7ika Vizesi Adana Vize Ba\\u015fvuru Merkezi. Bel\\u00e7ika Vizesi Nas\\u0131l Al\\u0131n\\u0131r? Bel\\u00e7ika Vize Ba\\u015fvurusu Nas\\u0131l Yap\\u0131l\\u0131r? Bel\\u00e7ika Vizesi 2021.\",\"breadcrumb\":{\"@id\":\"https:\/\/www.myvize.com.tr\/belcika\/subelerimiz\/adana\/#breadcrumb\"},\"inLanguage\":\"tr\",\"potentialAction\":[{\"@type\":\"ReadAction\",\"target\":[\"https:\/\/www.myvize.com.tr\/belcika\/subelerimiz\/adana\/\"]}]},{\"@type\":\"BreadcrumbList\",\"@id\":\"https:\/\/www.myvize.com.tr\/belcika\/subelerimiz\/adana\/#breadcrumb\",\"itemListElement\":[{\"@type\":\"ListItem\",\"position\":1,\"item\":{\"@type\":\"WebPage\",\"@id\":\"https:\/\/www.myvize.com.tr\/belcika\/\",\"url\":\"https:\/\/www.myvize.com.tr\/belcika\/\",\"name\":\"Home\"}},{\"@type\":\"ListItem\",\"position\":2,\"item\":{\"@type\":\"WebPage\",\"@id\":\"https:\/\/www.myvize.com.tr\/belcika\/subelerimiz\/\",\"url\":\"https:\/\/www.myvize.com.tr\/belcika\/subelerimiz\/\",\"name\":\"\\u015eUBELER\\u0130M\\u0130Z\"}},{\"@type\":\"ListItem\",\"position\":3,\"item\":{\"@id\":\"https:\/\/www.myvize.com.tr\/belcika\/subelerimiz\/adana\/#webpage\"}}]}]}<\/script>\n<!-- \/ Yoast SEO plugin. -->","_links":{"self":[{"href":"https:\/\/www.myvize.com.tr\/belcika\/wp-json\/wp\/v2\/pages\/230"}],"collection":[{"href":"https:\/\/www.myvize.com.tr\/belcika\/wp-json\/wp\/v2\/pages"}],"about":[{"href":"https:\/\/www.myvize.com.tr\/belcika\/wp-json\/wp\/v2\/types\/page"}],"author":[{"embeddable":true,"href":"https:\/\/www.myvize.com.tr\/belcika\/wp-json\/wp\/v2\/users\/1"}],"replies":[{"embeddable":true,"href":"https:\/\/www.myvize.com.tr\/belcika\/wp-json\/wp\/v2\/comments?post=230"}],"version-history":[{"count":5,"href":"https:\/\/www.myvize.com.tr\/belcika\/wp-json\/wp\/v2\/pages\/230\/revisions"}],"predecessor-version":[{"id":1072,"href":"https:\/\/www.myvize.com.tr\/belcika\/wp-json\/wp\/v2\/pages\/230\/revisions\/1072"}],"up":[{"embeddable":true,"href":"https:\/\/www.myvize.com.tr\/belcika\/wp-json\/wp\/v2\/pages\/215"}],"wp:attachment":[{"href":"https:\/\/www.myvize.com.tr\/belcika\/wp-json\/wp\/v2\/media?parent=230"}],"curies":[{"name":"wp","href":"https:\/\/api.w.org\/{rel}","templated":true}]}}