{"id":242,"date":"2020-12-30T13:22:46","date_gmt":"2020-12-30T10:22:46","guid":{"rendered":"https:\/\/www.myvize.com.tr\/belcika\/?page_id=242"},"modified":"2023-01-02T22:13:49","modified_gmt":"2023-01-02T19:13:49","slug":"canakkale","status":"publish","type":"page","link":"https:\/\/www.myvize.com.tr\/belcika\/subelerimiz\/canakkale\/","title":{"rendered":"\u00c7anakkale"},"content":{"rendered":"<h2><strong><span style=\"font-size: 27px; font-family: Roboto;\">Bel\u00e7ika Vizesi \u00c7anakkale Ba\u015fvuru \u015eubesi<\/span><\/strong><\/h2>\n","protected":false},"excerpt":{"rendered":"<p>Bel\u00e7ika Vizesi \u00c7anakkale Ba\u015fvuru \u015eubesi<\/p>\n","protected":false},"author":1,"featured_media":0,"parent":215,"menu_order":0,"comment_status":"open","ping_status":"closed","template":"","meta":[],"yoast_head":"<!-- This site is optimized with the Yoast SEO plugin v16.4 - https:\/\/yoast.com\/wordpress\/plugins\/seo\/ -->\n<title>Bel\u00e7ika Vizesi \u00c7anakkale Ba\u015fvuru \u015eubesi - MyVize<\/title>\n<meta name=\"description\" content=\"Bel\u00e7ika Vizesi \u00c7anakkale Vize Ba\u015fvuru Merkezi. Bel\u00e7ika Vizesi Nas\u0131l Al\u0131n\u0131r? Bel\u00e7ika Vize Randevusu Nas\u0131l Al\u0131n\u0131r? Bel\u00e7ika Vize Ba\u015fvurusu.\" \/>\n<meta name=\"robots\" content=\"index, follow, max-snippet:-1, max-image-preview:large, max-video-preview:-1\" \/>\n<link rel=\"canonical\" href=\"https:\/\/www.myvize.com.tr\/belcika\/subelerimiz\/canakkale\/\" \/>\n<meta property=\"og:locale\" content=\"tr_TR\" \/>\n<meta property=\"og:type\" content=\"article\" \/>\n<meta property=\"og:title\" content=\"Bel\u00e7ika Vizesi \u00c7anakkale Ba\u015fvuru \u015eubesi - MyVize\" \/>\n<meta property=\"og:description\" content=\"Bel\u00e7ika Vizesi \u00c7anakkale Vize Ba\u015fvuru Merkezi. Bel\u00e7ika Vizesi Nas\u0131l Al\u0131n\u0131r? Bel\u00e7ika Vize Randevusu Nas\u0131l Al\u0131n\u0131r? Bel\u00e7ika Vize Ba\u015fvurusu.\" \/>\n<meta property=\"og:url\" content=\"https:\/\/www.myvize.com.tr\/belcika\/subelerimiz\/canakkale\/\" \/>\n<meta property=\"og:site_name\" content=\"Bel\u00e7ika Vizesi\" \/>\n<meta property=\"article:modified_time\" content=\"2023-01-02T19:13:49+00:00\" \/>\n<meta name=\"twitter:card\" content=\"summary_large_image\" \/>\n<meta name=\"twitter:label1\" content=\"Tahmini okuma s\u00fcresi\" \/>\n\t<meta name=\"twitter:data1\" content=\"1 dakika\" \/>\n<script type=\"application\/ld+json\" class=\"yoast-schema-graph\">{\"@context\":\"https:\/\/schema.org\",\"@graph\":[{\"@type\":\"WebSite\",\"@id\":\"https:\/\/www.myvize.com.tr\/belcika\/#website\",\"url\":\"https:\/\/www.myvize.com.tr\/belcika\/\",\"name\":\"Bel\\u00e7ika Vizesi\",\"description\":\"\",\"potentialAction\":[{\"@type\":\"SearchAction\",\"target\":\"https:\/\/www.myvize.com.tr\/belcika\/?s={search_term_string}\",\"query-input\":\"required name=search_term_string\"}],\"inLanguage\":\"tr\"},{\"@type\":\"WebPage\",\"@id\":\"https:\/\/www.myvize.com.tr\/belcika\/subelerimiz\/canakkale\/#webpage\",\"url\":\"https:\/\/www.myvize.com.tr\/belcika\/subelerimiz\/canakkale\/\",\"name\":\"Bel\\u00e7ika Vizesi \\u00c7anakkale Ba\\u015fvuru \\u015eubesi - MyVize\",\"isPartOf\":{\"@id\":\"https:\/\/www.myvize.com.tr\/belcika\/#website\"},\"datePublished\":\"2020-12-30T10:22:46+00:00\",\"dateModified\":\"2023-01-02T19:13:49+00:00\",\"description\":\"Bel\\u00e7ika Vizesi \\u00c7anakkale Vize Ba\\u015fvuru Merkezi. Bel\\u00e7ika Vizesi Nas\\u0131l Al\\u0131n\\u0131r? Bel\\u00e7ika Vize Randevusu Nas\\u0131l Al\\u0131n\\u0131r? Bel\\u00e7ika Vize Ba\\u015fvurusu.\",\"breadcrumb\":{\"@id\":\"https:\/\/www.myvize.com.tr\/belcika\/subelerimiz\/canakkale\/#breadcrumb\"},\"inLanguage\":\"tr\",\"potentialAction\":[{\"@type\":\"ReadAction\",\"target\":[\"https:\/\/www.myvize.com.tr\/belcika\/subelerimiz\/canakkale\/\"]}]},{\"@type\":\"BreadcrumbList\",\"@id\":\"https:\/\/www.myvize.com.tr\/belcika\/subelerimiz\/canakkale\/#breadcrumb\",\"itemListElement\":[{\"@type\":\"ListItem\",\"position\":1,\"item\":{\"@type\":\"WebPage\",\"@id\":\"https:\/\/www.myvize.com.tr\/belcika\/\",\"url\":\"https:\/\/www.myvize.com.tr\/belcika\/\",\"name\":\"Home\"}},{\"@type\":\"ListItem\",\"position\":2,\"item\":{\"@type\":\"WebPage\",\"@id\":\"https:\/\/www.myvize.com.tr\/belcika\/subelerimiz\/\",\"url\":\"https:\/\/www.myvize.com.tr\/belcika\/subelerimiz\/\",\"name\":\"\\u015eUBELER\\u0130M\\u0130Z\"}},{\"@type\":\"ListItem\",\"position\":3,\"item\":{\"@id\":\"https:\/\/www.myvize.com.tr\/belcika\/subelerimiz\/canakkale\/#webpage\"}}]}]}<\/script>\n<!-- \/ Yoast SEO plugin. -->","_links":{"self":[{"href":"https:\/\/www.myvize.com.tr\/belcika\/wp-json\/wp\/v2\/pages\/242"}],"collection":[{"href":"https:\/\/www.myvize.com.tr\/belcika\/wp-json\/wp\/v2\/pages"}],"about":[{"href":"https:\/\/www.myvize.com.tr\/belcika\/wp-json\/wp\/v2\/types\/page"}],"author":[{"embeddable":true,"href":"https:\/\/www.myvize.com.tr\/belcika\/wp-json\/wp\/v2\/users\/1"}],"replies":[{"embeddable":true,"href":"https:\/\/www.myvize.com.tr\/belcika\/wp-json\/wp\/v2\/comments?post=242"}],"version-history":[{"count":6,"href":"https:\/\/www.myvize.com.tr\/belcika\/wp-json\/wp\/v2\/pages\/242\/revisions"}],"predecessor-version":[{"id":1123,"href":"https:\/\/www.myvize.com.tr\/belcika\/wp-json\/wp\/v2\/pages\/242\/revisions\/1123"}],"up":[{"embeddable":true,"href":"https:\/\/www.myvize.com.tr\/belcika\/wp-json\/wp\/v2\/pages\/215"}],"wp:attachment":[{"href":"https:\/\/www.myvize.com.tr\/belcika\/wp-json\/wp\/v2\/media?parent=242"}],"curies":[{"name":"wp","href":"https:\/\/api.w.org\/{rel}","templated":true}]}}