{"id":294,"date":"2021-02-01T15:15:56","date_gmt":"2021-02-01T12:15:56","guid":{"rendered":"https:\/\/www.myvize.com.tr\/belcika\/?page_id=294"},"modified":"2022-03-29T13:04:17","modified_gmt":"2022-03-29T10:04:17","slug":"erasmus-vizesi","status":"publish","type":"page","link":"https:\/\/www.myvize.com.tr\/belcika\/vize-islemleri\/erasmus-vizesi\/","title":{"rendered":"Bel\u00e7ika Erasmus Vizesi"},"content":{"rendered":"","protected":false},"excerpt":{"rendered":"","protected":false},"author":1,"featured_media":0,"parent":18,"menu_order":0,"comment_status":"open","ping_status":"closed","template":"","meta":[],"yoast_head":"<!-- This site is optimized with the Yoast SEO plugin v16.4 - https:\/\/yoast.com\/wordpress\/plugins\/seo\/ -->\n<title>Bel\u00e7ika Erasmus Vizesine Nas\u0131l ba\u015fvurulur? - MyVize<\/title>\n<meta name=\"description\" content=\"Bel\u00e7ika Erasmus Vizesi \u0130\u00e7in Ba\u015fvuru Nas\u0131l Yap\u0131l\u0131r? Bel\u00e7ika Erasmus Vizesi \u015eartlar\u0131 Neler? Bilgi \u0130\u00e7in Vize Uzmanlar\u0131m\u0131z\u0131 Aray\u0131n: 0850 346 84 93\" \/>\n<meta name=\"robots\" content=\"index, follow, max-snippet:-1, max-image-preview:large, max-video-preview:-1\" \/>\n<link rel=\"canonical\" href=\"https:\/\/www.myvize.com.tr\/belcika\/vize-islemleri\/erasmus-vizesi\/\" \/>\n<meta property=\"og:locale\" content=\"tr_TR\" \/>\n<meta property=\"og:type\" content=\"article\" \/>\n<meta property=\"og:title\" content=\"Bel\u00e7ika Erasmus Vizesine Nas\u0131l ba\u015fvurulur? - MyVize\" \/>\n<meta property=\"og:description\" content=\"Bel\u00e7ika Erasmus Vizesi \u0130\u00e7in Ba\u015fvuru Nas\u0131l Yap\u0131l\u0131r? Bel\u00e7ika Erasmus Vizesi \u015eartlar\u0131 Neler? Bilgi \u0130\u00e7in Vize Uzmanlar\u0131m\u0131z\u0131 Aray\u0131n: 0850 346 84 93\" \/>\n<meta property=\"og:url\" content=\"https:\/\/www.myvize.com.tr\/belcika\/vize-islemleri\/erasmus-vizesi\/\" \/>\n<meta property=\"og:site_name\" content=\"Bel\u00e7ika Vizesi\" \/>\n<meta property=\"article:modified_time\" content=\"2022-03-29T10:04:17+00:00\" \/>\n<meta name=\"twitter:card\" content=\"summary_large_image\" \/>\n<script type=\"application\/ld+json\" class=\"yoast-schema-graph\">{\"@context\":\"https:\/\/schema.org\",\"@graph\":[{\"@type\":\"WebSite\",\"@id\":\"https:\/\/www.myvize.com.tr\/belcika\/#website\",\"url\":\"https:\/\/www.myvize.com.tr\/belcika\/\",\"name\":\"Bel\\u00e7ika Vizesi\",\"description\":\"\",\"potentialAction\":[{\"@type\":\"SearchAction\",\"target\":\"https:\/\/www.myvize.com.tr\/belcika\/?s={search_term_string}\",\"query-input\":\"required name=search_term_string\"}],\"inLanguage\":\"tr\"},{\"@type\":\"WebPage\",\"@id\":\"https:\/\/www.myvize.com.tr\/belcika\/vize-islemleri\/erasmus-vizesi\/#webpage\",\"url\":\"https:\/\/www.myvize.com.tr\/belcika\/vize-islemleri\/erasmus-vizesi\/\",\"name\":\"Bel\\u00e7ika Erasmus Vizesine Nas\\u0131l ba\\u015fvurulur? - MyVize\",\"isPartOf\":{\"@id\":\"https:\/\/www.myvize.com.tr\/belcika\/#website\"},\"datePublished\":\"2021-02-01T12:15:56+00:00\",\"dateModified\":\"2022-03-29T10:04:17+00:00\",\"description\":\"Bel\\u00e7ika Erasmus Vizesi \\u0130\\u00e7in Ba\\u015fvuru Nas\\u0131l Yap\\u0131l\\u0131r? Bel\\u00e7ika Erasmus Vizesi \\u015eartlar\\u0131 Neler? Bilgi \\u0130\\u00e7in Vize Uzmanlar\\u0131m\\u0131z\\u0131 Aray\\u0131n: 0850 346 84 93\",\"breadcrumb\":{\"@id\":\"https:\/\/www.myvize.com.tr\/belcika\/vize-islemleri\/erasmus-vizesi\/#breadcrumb\"},\"inLanguage\":\"tr\",\"potentialAction\":[{\"@type\":\"ReadAction\",\"target\":[\"https:\/\/www.myvize.com.tr\/belcika\/vize-islemleri\/erasmus-vizesi\/\"]}]},{\"@type\":\"BreadcrumbList\",\"@id\":\"https:\/\/www.myvize.com.tr\/belcika\/vize-islemleri\/erasmus-vizesi\/#breadcrumb\",\"itemListElement\":[{\"@type\":\"ListItem\",\"position\":1,\"item\":{\"@type\":\"WebPage\",\"@id\":\"https:\/\/www.myvize.com.tr\/belcika\/\",\"url\":\"https:\/\/www.myvize.com.tr\/belcika\/\",\"name\":\"Home\"}},{\"@type\":\"ListItem\",\"position\":2,\"item\":{\"@type\":\"WebPage\",\"@id\":\"https:\/\/www.myvize.com.tr\/belcika\/vize-islemleri\/\",\"url\":\"https:\/\/www.myvize.com.tr\/belcika\/vize-islemleri\/\",\"name\":\"V\\u0130ZE \\u0130\\u015eLEMLER\\u0130\"}},{\"@type\":\"ListItem\",\"position\":3,\"item\":{\"@id\":\"https:\/\/www.myvize.com.tr\/belcika\/vize-islemleri\/erasmus-vizesi\/#webpage\"}}]}]}<\/script>\n<!-- \/ Yoast SEO plugin. -->","_links":{"self":[{"href":"https:\/\/www.myvize.com.tr\/belcika\/wp-json\/wp\/v2\/pages\/294"}],"collection":[{"href":"https:\/\/www.myvize.com.tr\/belcika\/wp-json\/wp\/v2\/pages"}],"about":[{"href":"https:\/\/www.myvize.com.tr\/belcika\/wp-json\/wp\/v2\/types\/page"}],"author":[{"embeddable":true,"href":"https:\/\/www.myvize.com.tr\/belcika\/wp-json\/wp\/v2\/users\/1"}],"replies":[{"embeddable":true,"href":"https:\/\/www.myvize.com.tr\/belcika\/wp-json\/wp\/v2\/comments?post=294"}],"version-history":[{"count":5,"href":"https:\/\/www.myvize.com.tr\/belcika\/wp-json\/wp\/v2\/pages\/294\/revisions"}],"predecessor-version":[{"id":1033,"href":"https:\/\/www.myvize.com.tr\/belcika\/wp-json\/wp\/v2\/pages\/294\/revisions\/1033"}],"up":[{"embeddable":true,"href":"https:\/\/www.myvize.com.tr\/belcika\/wp-json\/wp\/v2\/pages\/18"}],"wp:attachment":[{"href":"https:\/\/www.myvize.com.tr\/belcika\/wp-json\/wp\/v2\/media?parent=294"}],"curies":[{"name":"wp","href":"https:\/\/api.w.org\/{rel}","templated":true}]}}