{"id":340,"date":"2021-02-01T15:23:40","date_gmt":"2021-02-01T12:23:40","guid":{"rendered":"https:\/\/www.myvize.com.tr\/belcika\/?page_id=340"},"modified":"2022-03-29T14:21:27","modified_gmt":"2022-03-29T11:21:27","slug":"belcika-fahri-konsoloslugu-antalya","status":"publish","type":"page","link":"https:\/\/www.myvize.com.tr\/belcika\/konsolosluklar\/belcika-fahri-konsoloslugu-antalya\/","title":{"rendered":"Bel\u00e7ika Fahri Konsoloslu\u011fu Antalya"},"content":{"rendered":"<h2><strong><span style=\"font-family: Roboto; font-size: 27px;\">Bel\u00e7ika Antalya Konsolosu Kimdir?<\/span><\/strong><\/h2>\n<p><span style=\"font-family: Roboto; font-size: 14px;\">Bel\u00e7ika\u2019n\u0131n T\u00fcrkiye\u2019de bulunan temsilciliklerinden birisi, Bel\u00e7ika Antalya Fahri Konsoloslu\u011fu\u2019dur. <strong>Bel\u00e7ika Antalya Fahri Konsoloslu\u011fu<\/strong>\u2019nun y\u00f6neticisi ise Bel\u00e7ika bodurum Fahri Konsolosu\u2019dur. Bu yaz\u0131da Bel\u00e7ika Antalya Fahri Konsolosu hakk\u0131nda bilgi verilmi\u015ftir.<\/span><\/p>\n<p><span style=\"font-family: Roboto; font-size: 14px;\">Bel\u00e7ika Antalya Fahri Konsolosunun kim oldu\u011fu hakk\u0131nda bir bilgi bulunmamaktad\u0131r. Ancak Bel\u00e7ika Antalya Fahri Konsolosu diplomatik bir temsilcilik olmad\u0131\u011f\u0131ndan olay\u0131 <strong>Bel\u00e7ika vatanda\u015f\u0131 olmas\u0131<\/strong> gibi bir zorunluluk yoktur.<\/span><\/p>\n<p><span style=\"font-family: Roboto; font-size: 14px;\">Bel\u00e7ika Antalya Fahri Konsoloslu\u011fu\u2019nun as\u0131l amac\u0131 b\u00f6lgedeki ticari i\u015fbirliklerini artt\u0131rmakt\u0131r. Bel\u00e7ika Antalya Fahri Konsolosu, bu nedenle b\u00f6lgedeki \u00f6nemli ve tan\u0131nan ki\u015filer aras\u0131ndan se\u00e7ilmektedir.<\/span><\/p>\n<p><span style=\"font-family: Roboto; font-size: 14px;\"><strong>Bel\u00e7ika Antalya Fahri Konsoloslu\u011fu<\/strong>, Antalya \u00e7evresinde ekonomik i\u015fbirliklerini geli\u015ftirmeyi, yeni ticari i\u015fbirliklerinin yap\u0131lmas\u0131n\u0131 ve yeni yat\u0131r\u0131m alanlar\u0131n\u0131n ortaya \u00e7\u0131kar\u0131lmas\u0131n\u0131 ama\u00e7lamaktad\u0131r. Bel\u00e7ika Antalya Fahri Konsolosu ayr\u0131ca b\u00f6lgede Bel\u00e7ika k\u00fclt\u00fcr\u00fcn\u00fc tan\u0131tmay\u0131 ama\u00e7lamaktad\u0131r.<\/span><\/p>\n<p><span style=\"font-family: Roboto; font-size: 14px;\">Bel\u00e7ika Antalya Fahri Konsolosu\u2019nun kim oldu\u011fu hakk\u0131nda bilgi bulunmamaktad\u0131r. Detayl\u0131 bilgi i\u00e7in <strong>Bel\u00e7ika Antalya Fahri Konsoloslu\u011fu<\/strong> ile ileti\u015fime ge\u00e7ebilirsiniz.<\/span><\/p>\n<h2><strong><span style=\"font-family: Roboto; font-size: 27px;\">Bel\u00e7ika Antalya Konsoloslu\u011fu Vize \u0130\u015flemleri<\/span><\/strong><\/h2>\n<p><span style=\"font-family: Roboto; font-size: 14px;\">Antalya ve \u00e7evresinde ikamet eden ve Bel\u00e7ika\u2019ya seyahat edecek olan ki\u015filer, <strong>Bel\u00e7ika vize ba\u015fvurular\u0131<\/strong>n\u0131 Bel\u00e7ika Antalya Fahri Konsoloslu\u011fu\u2019na yapabilir. Bu yaz\u0131da Bel\u00e7ika Antalya Fahri Konsoloslu\u011fu\u2019na vize ba\u015fvurusu yapacak olan ki\u015filer i\u00e7in Bel\u00e7ika Antalya Fahri Konsoloslu\u011fu vize i\u015flemleri hakk\u0131nda bilgi verilmi\u015ftir.<\/span><\/p>\n<ul>\n<li><span style=\"font-family: Roboto; font-size: 14px;\">Bel\u00e7ika Antalya Fahri Konsoloslu\u011fu vize i\u015flemleri i\u00e7in \u00f6ncelikle vize t\u00fcr\u00fcn\u00fc belirlemelidir.<\/span><\/li>\n<li><span style=\"font-family: Roboto; font-size: 14px;\">Bel\u00e7ika vize t\u00fcr\u00fcn\u00fc belirleyen ki\u015filer, Bel\u00e7ika Antalya Fahri Konsoloslu\u011fu i\u00e7in vize randevusu almal\u0131d\u0131r.<\/span><\/li>\n<li><span style=\"font-family: Roboto; font-size: 14px;\">Bel\u00e7ika vize ba\u015fvurusu i\u00e7in <strong>Bel\u00e7ika vize ba\u015fvuru evraklar\u0131n\u0131<\/strong> eksiksiz olarak haz\u0131rlamal\u0131d\u0131r. Evraklar\u0131n g\u00fcncel tarihli olmas\u0131 gerekmektedir.<\/span><\/li>\n<li><span style=\"font-family: Roboto; font-size: 14px;\">Haz\u0131rlanan vize evraklar\u0131 Bel\u00e7ika Antalya Fahri Konsoloslu\u011fu vize randevusu tarihinde yetkililere teslim edilmelidir.<\/span><\/li>\n<li><span style=\"font-family: Roboto; font-size: 14px;\">Ba\u015fvuru yapacak olan ki\u015filer, Bel\u00e7ika Antalya Fahri Konsoloslu\u011fu randevu tarihinde biyometrik veri verilmelidir.<\/span><\/li>\n<li><span style=\"font-family: Roboto; font-size: 14px;\">Ba\u015fvurular\u0131 inceleme ve de\u011ferlendirme yetkisi <strong>Bel\u00e7ika Ankara B\u00fcy\u00fckel\u00e7ili\u011fi<\/strong> ve <strong>Bel\u00e7ika \u0130stanbul Ba\u015fkonsoloslu\u011fu<\/strong>\u2019na aittir.<\/span><\/li>\n<\/ul>\n<p><span style=\"font-family: Roboto; font-size: 14px;\">Ba\u015fvuru yapacak olan ki\u015filerin gerekli olan evraklar\u0131 eksiksiz olarak Bel\u00e7ika Konsoloslu\u011fu\u2019nun istedi\u011fi \u015fekilde haz\u0131rlanmas\u0131 gerekmektedir.<\/span><\/p>\n<h2><span style=\"font-size: 27px;\"><strong><span style=\"font-family: Roboto;\">Bel\u00e7ika Antalya Konsoloslu\u011fu Vize Ba\u015fvurusu<\/span><\/strong><\/span><\/h2>\n<p><span style=\"font-family: Roboto; font-size: 14px;\">Bel\u00e7ika\u2019ya seyahat edecek olan ki\u015filer ve Antalya \u00e7evresinde ikamet eden ki\u015filer, Bel\u00e7ika seyahatleri i\u00e7in vize almal\u0131d\u0131r. Bel\u00e7ika vizesi alacak olan ki\u015filer, Bel\u00e7ika Seyahat amac\u0131na uygun vize t\u00fcr\u00fcn\u00fc Bel\u00e7ika Antalya Fahri Konsoloslu\u011fu\u2019na ba\u015fvuru yaparak alabilir. Bu yaz\u0131da <strong>Bel\u00e7ika Antalya Fahri Konsoloslu\u011fu<\/strong>\u2019nda i\u015flem yapacak olan ki\u015filer i\u00e7in Bel\u00e7ika Antalya Fahri Konsoloslu\u011fu vize ba\u015fvurusu hakk\u0131nda bilgi verilmi\u015ftir.<\/span><\/p>\n<p><span style=\"font-family: Roboto; font-size: 14px;\">Bel\u00e7ika Antalya Fahri Konsoloslu\u011fu\u2019nda vize ba\u015fvurusu yapacak olan ki\u015filer, randevu almal\u0131 ve randevu tarihinde gerekli olan evraklar\u0131 Bel\u00e7ika Antalya Fahri Konsoloslu\u011fu\u2019na teslim etmelidir. Bel\u00e7ika Antalya Fahri Konsoloslu\u011fu vize ba\u015fvurusu bu \u015fekilde yap\u0131labilir.<\/span><\/p>\n<p><span style=\"font-family: Roboto; font-size: 14px;\">Bel\u00e7ika Antalya Fahri Konsoloslu\u011fu vize ba\u015fvurusu yapacak olan ki\u015filer baz\u0131 durumlara dikkat etmelidir.<\/span><\/p>\n<ul>\n<li><span style=\"font-family: Roboto; font-size: 14px;\">Ba\u015fvuru i\u00e7in gerekli olan evraklar eksiksiz olarak haz\u0131rlanmal\u0131d\u0131r.<\/span><\/li>\n<li><span style=\"font-family: Roboto; font-size: 14px;\"><span style=\"color: #2acec2;\"><strong><a style=\"color: #2acec2;\" href=\"https:\/\/www.myvize.com.tr\/belcika\/vize-islemleri\/belcika-vize-basvurusu\/\" target=\"_blank\" rel=\"noopener\">Bel\u00e7ika vize ba\u015fvurusu<\/a><\/strong><\/span> yapacak olan ki\u015filer seyahat sigortas\u0131 yapt\u0131rmal\u0131d\u0131r.<\/span><\/li>\n<li><span style=\"font-family: Roboto; font-size: 14px;\">Ba\u015fvuru yapacak olan ki\u015filerin seyahat masraflar\u0131n\u0131 kar\u015f\u0131layacak ekonomik durumunun olmas\u0131 gerekmektedir.<\/span><\/li>\n<li><span style=\"font-family: Roboto; font-size: 14px;\">Ba\u015fvuru yapacak olan ki\u015finin adli sicil kayd\u0131n\u0131n temiz olmas\u0131 gerekmektedir.<\/span><\/li>\n<li><span style=\"font-family: Roboto; font-size: 14px;\">Ba\u015fvuru yapacak olan ki\u015filerin sa\u011fl\u0131k raporu sunmas\u0131 gerekmektedir.<\/span><\/li>\n<\/ul>\n<h3><strong><span style=\"font-family: Roboto; font-size: 24px;\">Bel\u00e7ika Antalya Konsoloslu\u011fu Vize Randevusu<\/span><\/strong><\/h3>\n<p><span style=\"font-family: Roboto; font-size: 14px;\">Bel\u00e7ika\u2019ya belirli bir ama\u00e7la seyahatte bulunacak olan ki\u015filerin Bel\u00e7ika seyahatini ger\u00e7ekle\u015ftirebilmek i\u00e7in randevu almas\u0131 gerekmektedir. <strong>Bel\u00e7ika vize ba\u015fvurusu<\/strong> yapacak olan ki\u015filer, <strong>Bel\u00e7ika vize<\/strong> ba\u015fvurular\u0131n\u0131 Bel\u00e7ika Antalya Fahri Konsoloslu\u011fu\u2019na yapabilir. Bel\u00e7ika Antalya Fahri Konsoloslu\u011fu\u2019na ba\u015fvuru yapmak isteyen ki\u015filerin Bel\u00e7ika Antalya Fahri Konsoloslu\u011fu\u2019ndan randevu almas\u0131 gerekmektedir. Bu yaz\u0131da Bel\u00e7ika Antalya Fahri Konsoloslu\u011fu randevusu hakk\u0131nda bilgi verilmi\u015ftir.<\/span><\/p>\n<p><span style=\"font-family: Roboto; font-size: 14px;\">Bel\u00e7ika Antalya Fahri Konsoloslu\u011fu\u2019na vize ba\u015fvurusu yapacak olan ki\u015filer, Bel\u00e7ika Antalya Fahri Konsoloslu\u011fu vize randevusunu Bel\u00e7ika Antalya Fahri Konsoloslu\u011fu ile ileti\u015fime ge\u00e7erek alabilir.<\/span><\/p>\n<p><span style=\"font-family: Roboto; font-size: 14px;\">Bel\u00e7ika Antalya Fahri Konsoloslu\u011fu randevusuz vize ba\u015fvurusu kabul etmedi\u011finden dolay\u0131, Bel\u00e7ika Antalya Fahri Konsoloslu\u011fu vize randevusunu ka\u00e7\u0131ran ki\u015filerin i\u015flemleri yap\u0131lmayabilir. Ba\u015fvuru yapacak olan ki\u015filer, bu durumda yeniden <strong>Bel\u00e7ika Antalya Fahri Konsoloslu\u011fu<\/strong>\u2019ndan yeniden randevu almak zorunda kalabilir. Bu durumda Bel\u00e7ika\u2019ya seyahat edecek olan ki\u015fi i\u00e7in vakit kayb\u0131 anlam\u0131na gelmektedir.<\/span><\/p>\n<p><span style=\"font-family: Roboto; font-size: 14px;\"><img src=\"https:\/\/www.myvize.com.tr\/belcika\/wp-content\/uploads\/2021\/09\/21.jpg\" \/><\/span><\/p>\n","protected":false},"excerpt":{"rendered":"<p>Bel\u00e7ika Antalya Konsolosu Kimdir? Bel\u00e7ika\u2019n\u0131n T\u00fcrkiye\u2019de bulunan temsilciliklerinden birisi, Bel\u00e7ika Antalya Fahri Konsoloslu\u011fu\u2019dur. Bel\u00e7ika Antalya Fahri Konsoloslu\u011fu\u2019nun y\u00f6neticisi ise Bel\u00e7ika bodurum Fahri Konsolosu\u2019dur. Bu yaz\u0131da Bel\u00e7ika Antalya Fahri Konsolosu hakk\u0131nda bilgi verilmi\u015ftir. Bel\u00e7ika Antalya Fahri Konsolosunun kim oldu\u011fu hakk\u0131nda bir bilgi bulunmamaktad\u0131r. Ancak Bel\u00e7ika Antalya Fahri Konsolosu diplomatik bir temsilcilik olmad\u0131\u011f\u0131ndan olay\u0131 Bel\u00e7ika vatanda\u015f\u0131 olmas\u0131<\/p>\n","protected":false},"author":1,"featured_media":0,"parent":69,"menu_order":0,"comment_status":"open","ping_status":"closed","template":"","meta":[],"yoast_head":"<!-- This site is optimized with the Yoast SEO plugin v16.4 - https:\/\/yoast.com\/wordpress\/plugins\/seo\/ -->\n<title>Bel\u00e7ika Konsoloslu\u011fu Antalya Vize \u0130\u015flemleri - MyVize<\/title>\n<meta name=\"description\" content=\"Bel\u00e7ika Fahri Konsoloslu\u011fu Antalya Vize \u0130\u015flemleri Nelerdir? Bel\u00e7ika Antalya Konsoloslu\u011fu Nerededir? Bilgi \u0130\u00e7in Hemen Aray\u0131n: 0850 346 84 93\" \/>\n<meta name=\"robots\" content=\"index, follow, max-snippet:-1, max-image-preview:large, max-video-preview:-1\" \/>\n<link rel=\"canonical\" href=\"https:\/\/www.myvize.com.tr\/belcika\/konsolosluklar\/belcika-fahri-konsoloslugu-antalya\/\" \/>\n<meta property=\"og:locale\" content=\"tr_TR\" \/>\n<meta property=\"og:type\" content=\"article\" \/>\n<meta property=\"og:title\" content=\"Bel\u00e7ika Konsoloslu\u011fu Antalya Vize \u0130\u015flemleri - MyVize\" \/>\n<meta property=\"og:description\" content=\"Bel\u00e7ika Fahri Konsoloslu\u011fu Antalya Vize \u0130\u015flemleri Nelerdir? Bel\u00e7ika Antalya Konsoloslu\u011fu Nerededir? Bilgi \u0130\u00e7in Hemen Aray\u0131n: 0850 346 84 93\" \/>\n<meta property=\"og:url\" content=\"https:\/\/www.myvize.com.tr\/belcika\/konsolosluklar\/belcika-fahri-konsoloslugu-antalya\/\" \/>\n<meta property=\"og:site_name\" content=\"Bel\u00e7ika Vizesi\" \/>\n<meta property=\"article:modified_time\" content=\"2022-03-29T11:21:27+00:00\" \/>\n<meta property=\"og:image\" content=\"https:\/\/www.myvize.com.tr\/belcika\/wp-content\/uploads\/2021\/09\/21.jpg\" \/>\n<meta name=\"twitter:card\" content=\"summary_large_image\" \/>\n<meta name=\"twitter:label1\" content=\"Tahmini okuma s\u00fcresi\" \/>\n\t<meta name=\"twitter:data1\" content=\"3 dakika\" \/>\n<script type=\"application\/ld+json\" class=\"yoast-schema-graph\">{\"@context\":\"https:\/\/schema.org\",\"@graph\":[{\"@type\":\"WebSite\",\"@id\":\"https:\/\/www.myvize.com.tr\/belcika\/#website\",\"url\":\"https:\/\/www.myvize.com.tr\/belcika\/\",\"name\":\"Bel\\u00e7ika Vizesi\",\"description\":\"\",\"potentialAction\":[{\"@type\":\"SearchAction\",\"target\":\"https:\/\/www.myvize.com.tr\/belcika\/?s={search_term_string}\",\"query-input\":\"required name=search_term_string\"}],\"inLanguage\":\"tr\"},{\"@type\":\"ImageObject\",\"@id\":\"https:\/\/www.myvize.com.tr\/belcika\/konsolosluklar\/belcika-fahri-konsoloslugu-antalya\/#primaryimage\",\"inLanguage\":\"tr\",\"url\":\"https:\/\/www.myvize.com.tr\/belcika\/wp-content\/uploads\/2021\/09\/21.jpg\",\"contentUrl\":\"https:\/\/www.myvize.com.tr\/belcika\/wp-content\/uploads\/2021\/09\/21.jpg\",\"width\":800,\"height\":500,\"caption\":\"Bel\\u00e7ika Fahri Konsoloslu\\u011fu Antalya\"},{\"@type\":\"WebPage\",\"@id\":\"https:\/\/www.myvize.com.tr\/belcika\/konsolosluklar\/belcika-fahri-konsoloslugu-antalya\/#webpage\",\"url\":\"https:\/\/www.myvize.com.tr\/belcika\/konsolosluklar\/belcika-fahri-konsoloslugu-antalya\/\",\"name\":\"Bel\\u00e7ika Konsoloslu\\u011fu Antalya Vize \\u0130\\u015flemleri - MyVize\",\"isPartOf\":{\"@id\":\"https:\/\/www.myvize.com.tr\/belcika\/#website\"},\"primaryImageOfPage\":{\"@id\":\"https:\/\/www.myvize.com.tr\/belcika\/konsolosluklar\/belcika-fahri-konsoloslugu-antalya\/#primaryimage\"},\"datePublished\":\"2021-02-01T12:23:40+00:00\",\"dateModified\":\"2022-03-29T11:21:27+00:00\",\"description\":\"Bel\\u00e7ika Fahri Konsoloslu\\u011fu Antalya Vize \\u0130\\u015flemleri Nelerdir? Bel\\u00e7ika Antalya Konsoloslu\\u011fu Nerededir? Bilgi \\u0130\\u00e7in Hemen Aray\\u0131n: 0850 346 84 93\",\"breadcrumb\":{\"@id\":\"https:\/\/www.myvize.com.tr\/belcika\/konsolosluklar\/belcika-fahri-konsoloslugu-antalya\/#breadcrumb\"},\"inLanguage\":\"tr\",\"potentialAction\":[{\"@type\":\"ReadAction\",\"target\":[\"https:\/\/www.myvize.com.tr\/belcika\/konsolosluklar\/belcika-fahri-konsoloslugu-antalya\/\"]}]},{\"@type\":\"BreadcrumbList\",\"@id\":\"https:\/\/www.myvize.com.tr\/belcika\/konsolosluklar\/belcika-fahri-konsoloslugu-antalya\/#breadcrumb\",\"itemListElement\":[{\"@type\":\"ListItem\",\"position\":1,\"item\":{\"@type\":\"WebPage\",\"@id\":\"https:\/\/www.myvize.com.tr\/belcika\/\",\"url\":\"https:\/\/www.myvize.com.tr\/belcika\/\",\"name\":\"Home\"}},{\"@type\":\"ListItem\",\"position\":2,\"item\":{\"@type\":\"WebPage\",\"@id\":\"https:\/\/www.myvize.com.tr\/belcika\/konsolosluklar\/\",\"url\":\"https:\/\/www.myvize.com.tr\/belcika\/konsolosluklar\/\",\"name\":\"KONSOLOSLUKLAR\"}},{\"@type\":\"ListItem\",\"position\":3,\"item\":{\"@id\":\"https:\/\/www.myvize.com.tr\/belcika\/konsolosluklar\/belcika-fahri-konsoloslugu-antalya\/#webpage\"}}]}]}<\/script>\n<!-- \/ Yoast SEO plugin. -->","_links":{"self":[{"href":"https:\/\/www.myvize.com.tr\/belcika\/wp-json\/wp\/v2\/pages\/340"}],"collection":[{"href":"https:\/\/www.myvize.com.tr\/belcika\/wp-json\/wp\/v2\/pages"}],"about":[{"href":"https:\/\/www.myvize.com.tr\/belcika\/wp-json\/wp\/v2\/types\/page"}],"author":[{"embeddable":true,"href":"https:\/\/www.myvize.com.tr\/belcika\/wp-json\/wp\/v2\/users\/1"}],"replies":[{"embeddable":true,"href":"https:\/\/www.myvize.com.tr\/belcika\/wp-json\/wp\/v2\/comments?post=340"}],"version-history":[{"count":5,"href":"https:\/\/www.myvize.com.tr\/belcika\/wp-json\/wp\/v2\/pages\/340\/revisions"}],"predecessor-version":[{"id":1052,"href":"https:\/\/www.myvize.com.tr\/belcika\/wp-json\/wp\/v2\/pages\/340\/revisions\/1052"}],"up":[{"embeddable":true,"href":"https:\/\/www.myvize.com.tr\/belcika\/wp-json\/wp\/v2\/pages\/69"}],"wp:attachment":[{"href":"https:\/\/www.myvize.com.tr\/belcika\/wp-json\/wp\/v2\/media?parent=340"}],"curies":[{"name":"wp","href":"https:\/\/api.w.org\/{rel}","templated":true}]}}