{"id":342,"date":"2021-02-01T15:24:04","date_gmt":"2021-02-01T12:24:04","guid":{"rendered":"https:\/\/www.myvize.com.tr\/belcika\/?page_id=342"},"modified":"2022-03-29T14:40:14","modified_gmt":"2022-03-29T11:40:14","slug":"belcika-fahri-konsoloslugu-gaziantep","status":"publish","type":"page","link":"https:\/\/www.myvize.com.tr\/belcika\/konsolosluklar\/belcika-fahri-konsoloslugu-gaziantep\/","title":{"rendered":"Bel\u00e7ika Gaziantep Konsoloslu\u011fu"},"content":{"rendered":"<h2><strong><span style=\"font-size: 27px; font-family: Roboto;\">Bel\u00e7ika Gaziantep Konsoloslu\u011fu Ba\u015fvuru<\/span><\/strong><\/h2>\n<p><span style=\"font-family: Roboto; font-size: 14px;\"><strong>Bel\u00e7ika Gaziantep Fahri Konsoloslu\u011fu<\/strong> ba\u015fvurular\u0131 sadece randevu ile de\u011ferlendirmeye almaktad\u0131r. Bel\u00e7ika \u00fclkesinin herhangi bir resm\u00ee kurumuna Gaziantep\u2019ten ula\u015fmak da m\u00fcmk\u00fcnd\u00fcr. Ancak bunun i\u00e7in Fahri Konsolosluklar kullan\u0131lmal\u0131d\u0131r. Fahri konsolosluklar yabanc\u0131 \u00fclke vatanda\u015flar\u0131na hizmet vermektedir ancak hizmetler olduk\u00e7a k\u0131s\u0131tl\u0131d\u0131r. Geni\u015f yetkilere sahip olan b\u00fcy\u00fckel\u00e7ilik ya da ba\u015fkonsolosluklar vize ba\u015fvurusu yapmak isteyenler taraf\u0131ndan mutlaka de\u011ferlendirilmelidir. \u0130l il g\u00f6rev b\u00f6lgelerine g\u00f6re hizmet veren Bel\u00e7ika Konsoloslu\u011fu ve B\u00fcy\u00fckel\u00e7ili\u011fi de ba\u015fvuru i\u015flemlerinizi b\u00fcy\u00fck bir titizlikle de\u011ferlendirmektedir. Her iki resm\u00ee temsilcilikle de ba\u015fvuru i\u00e7in g\u00f6r\u00fc\u015fmek isterseniz <strong>MyVize<\/strong>\u2019yi araman\u0131z ve dan\u0131\u015fmanl\u0131k hizmet paketlerimizden birini sat\u0131n alman\u0131z yeterlidir.<\/span><\/p>\n<h2><strong><span style=\"font-size: 27px; font-family: Roboto;\">Bel\u00e7ika Gaziantep Konsoloslu\u011fu Vize Ba\u015fvurusu \u0130\u015flemleri<\/span><\/strong><\/h2>\n<p><span style=\"font-family: Roboto; font-size: 14px;\"><strong>Bel\u00e7ika vize ba\u015fvurusu<\/strong> i\u00e7in Gaziantep ilinden fahri konsoloslukla ileti\u015fime ge\u00e7mek isteyenler i\u015flemleri i\u00e7in b\u00fcy\u00fckel\u00e7ili\u011fe ya da konsoloslu\u011fa y\u00f6nlendirilir. Daha yetkili olan bu iki kurum da vize ba\u015fvurusu alma ve vize verme hakk\u0131n\u0131 elinde bulundurur. Dolay\u0131s\u0131yla Gaziantep&#8217;teki Bel\u00e7ika Fahri Konsoloslu\u011fu vize ba\u015fvurusu almaz. Bunun yerine vize ba\u015fvurusu i\u00e7in Ankara\u2019daki b\u00fcy\u00fckel\u00e7ili\u011fe ya da \u0130stanbul\u2019daki ba\u015fkonsoloslu\u011fa y\u00f6nlendirilirsiniz. Bel\u00e7ika\u2019ya Gaziantep\u2019ten kolay ba\u015fvuru ger\u00e7ekle\u015ftirmek isteyenler, MyVize ile ileti\u015fime ge\u00e7erek b\u00fcy\u00fckel\u00e7ilik ya da konsoloslu\u011fa gitmeden evraklar\u0131n\u0131 g\u00f6nderebilirler. <span style=\"color: #2acec2;\"><strong><a style=\"color: #2acec2;\" href=\"https:\/\/www.myvize.com.tr\/belcika\/vize-islemleri\/belcika-vizesi\/\" target=\"_blank\" rel=\"noopener\">Bel\u00e7ika vizesi<\/a><\/strong><\/span> i\u00e7in konsoloslu\u011fun talep edece\u011fi vize ba\u015fvurusu evraklar\u0131n\u0131 taraf\u0131m\u0131za ula\u015ft\u0131rman\u0131z yeterlidir.<\/span><\/p>\n<blockquote><p><span style=\"font-size: 14px; color: #2acec2;\"><a style=\"color: #2acec2;\" href=\"https:\/\/www.myvize.com.tr\/belcika\/konsolosluklar\/belcika-buyukelciligi-ankara\/\" target=\"_blank\" rel=\"noopener\"><span style=\"font-family: Roboto;\"><strong>Bel\u00e7ika Konsoloslu\u011fu Resm\u00ee Web Sitesi<\/strong><\/span><\/a><\/span><\/p><\/blockquote>\n<p><span style=\"font-family: Roboto; font-size: 14px;\">Ba\u015fvuru, planlanan seyahat tarihinden en az \u00fc\u00e7 hafta \u00f6nce yap\u0131lmal\u0131d\u0131r; pratikte vize i\u015flem s\u00fcresi yakla\u015f\u0131k 15 i\u015f g\u00fcn\u00fcd\u00fcr. Nadir durumlarda, bir ila \u00fc\u00e7 aya \u00e7\u0131kar\u0131labilir.<\/span><\/p>\n<p><span style=\"font-family: Roboto; font-size: 14px;\">K\u0131sa s\u00fcreli vize alt\u0131 ay i\u00e7inde 90 g\u00fcn ge\u00e7erlidir. \u00c7o\u011fu zaman Bel\u00e7ika, 6 ay ge\u00e7erli giri\u015f izinleri verir. \u0130stisna olarak hen\u00fcz Schengen vizesi olmayanlara 3 ayl\u0131k vize de verilebilmektedir.<\/span><\/p>\n<div style=\"width: 810px\" class=\"wp-caption aligncenter\"><img loading=\"lazy\" class=\"yoast-text-mark\" src=\"https:\/\/www.myvize.com.tr\/belcika\/wp-content\/uploads\/2021\/10\/34.jpg\" alt=\"Bel\u00e7ika Gaziantep Fahri Konsoloslu\u011fu\" width=\"800\" height=\"500\" \/><p class=\"wp-caption-text\"><span style=\"font-size: 14px;\">Bel\u00e7ika Gaziantep Fahri Konsoloslu\u011fu adres, vize ba\u015fvuru, randevu ve di\u011fer t\u00fcm i\u015flemler i\u00e7in MyVize&#8217;yi aray\u0131n.<\/span><\/p><\/div>\n<h2><strong><span style=\"font-size: 27px; font-family: Roboto;\">Bel\u00e7ika Gaziantep Konsoloslu\u011fu Randevu<\/span><\/strong><\/h2>\n<p><span style=\"font-family: Roboto; font-size: 14px;\"><strong>Gaziantep\u2019ten Bel\u00e7ika vize ba\u015fvurusu<\/strong> yapmak i\u00e7in MyVize Vize Ba\u015fvuru Merkezi ya da Gaziantep Fahri Konsoloslu\u011fu&#8217;ndan randevu i\u015flemleri ba\u015flatman\u0131z gerekir. Ayr\u0131ca Bel\u00e7ika Ankara B\u00fcy\u00fckel\u00e7ili\u011fi de vize ba\u015fvurular\u0131n\u0131 almakta ve de\u011ferlendirmektedir. Ancak di\u011fer fahri konsolosluklar gibi Bel\u00e7ika Gaziantep Fahri Konsoloslu\u011fu&#8217;nun da vize verme yetkisine sahip de\u011fildir. Bu y\u00fczden fahri konsolosluklardan randevu alman\u0131z durumunda ba\u015flatabilece\u011finiz i\u015flemler k\u0131s\u0131tl\u0131d\u0131r. Gaziantep Fahri Konsoloslu\u011fu\u2019nun imza yetkisi bulunmad\u0131\u011f\u0131ndan <strong>Bel\u00e7ika vizesi<\/strong> i\u015flemlerinizi sadece vize merkezleri ve b\u00fcy\u00fckel\u00e7ilik ya da konsolosluklardan yapabilirsiniz.<\/span><\/p>\n<p><span style=\"font-family: Roboto; font-size: 14px;\">Bel\u00e7ika Gaziantep Fahri Konsoloslu\u011fu&#8217;ndan vize randevusu almaktansa vize merkezimizle ileti\u015fime ge\u00e7erek s\u00fcreci h\u0131zland\u0131rabilirsiniz. \u00c7\u00fcnk\u00fc randevu sonras\u0131 vize ba\u015fvurusu i\u00e7in bir dizi evrak\u0131 haz\u0131rlaman\u0131z ve konsoloslu\u011fa ibraz etmeniz gerekecektir. Bel\u00e7ika vizesi ba\u015fvurular\u0131n\u0131z i\u00e7in haz\u0131rlaman\u0131z gereken evraklar\u0131 dan\u0131\u015fmanl\u0131k hizmeti almadan konsoloslu\u011fa ibraz etmeniz durumunda ret ile kar\u015f\u0131la\u015fabilmeniz olas\u0131d\u0131r. \u00c7\u00fcnk\u00fc evraklar bir profesyonelin g\u00f6zetiminde haz\u0131rlanmal\u0131 ve son olarak mutlaka vize dan\u0131\u015fmanlar\u0131n\u0131n onay\u0131ndan ge\u00e7melidir.<\/span><\/p>\n<h2><strong><span style=\"font-size: 27px; font-family: Roboto;\">Bel\u00e7ika Gaziantep Konsoloslu\u011fu Vize Randevusu \u0130\u015flemleri<\/span><\/strong><\/h2>\n<p><span style=\"font-family: Roboto; font-size: 14px;\">Bel\u00e7ika vizesi i\u00e7in Gaziantep Fahri Konsoloslu\u011fu&#8217;ndan vize randevusu almak isteyenler s\u00fcrece resmiyet kazand\u0131rmakta zorlanabilirler. \u00c7\u00fcnk\u00fc <strong>Gaziantep Fahri Konsoloslu\u011fu<\/strong>&#8216;ndan vize randevusu almak i\u00e7in giri\u015fimde bulunman\u0131z \u00fczerine b\u00fcy\u00fckel\u00e7ili\u011fe ya da ba\u015fkonsolosluklara y\u00f6nlendirilirsiniz. Y\u00f6nlendirildi\u011finiz Bel\u00e7ika Konsoloslu\u011fu ya da B\u00fcy\u00fckel\u00e7ili\u011fi vize ba\u015fvurular\u0131n\u0131z\u0131 kabul etmek i\u00e7in yine randevu alman\u0131z gerekti\u011fini s\u00f6yleyecektir. Dolay\u0131s\u0131yla randevusu olmayanlar\u0131n Bel\u00e7ika vizesi i\u00e7in ba\u015fvuruda bulunmas\u0131 m\u00fcmk\u00fcn de\u011fildir. <strong>Gaziantep Fahri Konsoloslu\u011fu<\/strong> da d\u00e2hil olmak \u00fczere t\u00fcm Bel\u00e7ika temsilcilikleri randevusu olmayan ba\u015fvuru sahiplerini birimlerine kabul etmezler. Bunun d\u0131\u015f\u0131nda COVID-19 Pandemisi \u00f6nlemleri gere\u011fi de konsolosluk ya da b\u00fcy\u00fckel\u00e7ilikler ba\u015fvuru sahibi d\u0131\u015f\u0131nda akredite kurum temsilcileri hari\u00e7 kimseyi kabul etmemektedir. Ayr\u0131ca maskesiz ve sosyal mesafe kurallar\u0131na uymaks\u0131z\u0131n konsoloslu\u011fa ya da b\u00fcy\u00fckel\u00e7ili\u011fe kabul edilmeniz de m\u00fcmk\u00fcn de\u011fildir.<\/span><\/p>\n<blockquote><p><span style=\"font-size: 14px; color: #2acec2;\"><a style=\"color: #2acec2;\" href=\"https:\/\/www.myvize.com.tr\/belcika\/konsolosluklar\/belcika-buyukelciligi-ankara\/\" target=\"_blank\" rel=\"noopener\"><span style=\"font-family: Roboto;\"><strong>Bel\u00e7ika G\u00f6\u00e7menlik B\u00fcrosu<\/strong><\/span><\/a><\/span><\/p><\/blockquote>\n<p><span style=\"font-family: Roboto; font-size: 14px;\"><strong>Bel\u00e7ika\u2019ya vize ba\u015fvurusu<\/strong> yapmak isteyenler Gaziantep ili i\u00e7inde Fahri Konsoloslu\u011fu aramak yerine randevu i\u00e7in MyVize\u2019yi aramal\u0131d\u0131r. Hi\u00e7bir konsolosluk mensubu vize hakk\u0131nda size hangi ba\u015fvuru s\u00fcrecini izlemeniz gerekti\u011fi hakk\u0131nda bilgi vermez. Gaziantep Fahri Konsoloslu\u011fu vize randevusu alarak ger\u00e7ekle\u015ftiremeyece\u011finiz t\u00fcm ba\u015fvuru i\u015flemleriniz i\u00e7in<strong> MyVize<\/strong> ile hemen ileti\u015fime ge\u00e7in.<\/span><\/p>\n<h3><strong><span style=\"font-size: 24px; font-family: Roboto;\">Bel\u00e7ika Gaziantep Konsoloslu\u011fu Vize Talep Dilek\u00e7eleri<\/span><\/strong><\/h3>\n<ul>\n<li><span style=\"font-family: Roboto; font-size: 14px;\">Bel\u00e7ika Ticari Vize Davetiye Mektubu (Bel\u00e7ika\u2019ya davetiye ile gitmek i\u00e7in)<\/span><\/li>\n<li><span style=\"font-family: Roboto; font-size: 14px;\">Bel\u00e7ika Ticari Vize Ba\u015fvuru Formu<\/span><\/li>\n<li><span style=\"font-family: Roboto; font-size: 14px;\">Bel\u00e7ika Vize Talep Dilek\u00e7esi<\/span><\/li>\n<li><span style=\"font-family: Roboto; font-size: 14px;\">Bel\u00e7ika Aile Birle\u015fimi Vize Ba\u015fvuru Formu<\/span><\/li>\n<li><span style=\"font-family: Roboto; font-size: 14px;\">Aile Ziyareti Ba\u015fvuru Formu<\/span><\/li>\n<li><span style=\"font-family: Roboto; font-size: 14px;\">Bel\u00e7ika Form ve Dilek\u00e7eleri<\/span><\/li>\n<\/ul>\n<h3><strong><span style=\"font-size: 24px; font-family: Roboto;\">Bel\u00e7ika Gaziantep Konsoloslu\u011fu Vize Foto\u011fraf \u00d6l\u00e7\u00fcleri<\/span><\/strong><\/h3>\n<p><span style=\"font-family: Roboto; font-size: 14px;\">Bir adet net <strong>35x45mm<\/strong> renkli foto\u011fraf gereklidir. Foto\u011fraf, beyaz d\u00fcz renkli bir arka plana kar\u015f\u0131 \u00e7ekilmi\u015f ve \u00e7er\u00e7evesiz olmal\u0131d\u0131r. Yaln\u0131zca yeni (6 aydan \u00f6nce olmayan) foto\u011fraflar kabul edilir. Ayr\u0131ca foto\u011fraflarda parlama, g\u00f6lge ve di\u011fer parazitler kabul edilmez. Y\u00fcz merkeze yerle\u015ftirilmi\u015f; sa\u00e7, cildin ve g\u00f6zlerin rengi a\u00e7\u0131k bir \u015fekilde g\u00f6r\u00fcn\u00fcr; ve kulaklar da a\u00e7\u0131kta olmal\u0131d\u0131r. Karma\u015f\u0131k sa\u00e7 modelleri, y\u00fcz\u00fcn bir k\u0131sm\u0131n\u0131 kaplayan b\u00fcy\u00fck aksesuarlara izin verilmez. Ba\u015fvuran\u0131n din\u00ee nedenlerle takt\u0131\u011f\u0131 ba\u015fl\u0131klara izin verilir.<\/span><\/p>\n<p><span style=\"font-family: Roboto; font-size: 14px;\">Ba\u015f\u0131n \u00e7eneden tepeye kadar olan uzunlu\u011fu yakla\u015f\u0131k 30 mm&#8217;dir (alan\u0131n %70-80&#8217;i). Foto\u011fraf \u00f6nden \u00e7ekilmeli ve bak\u0131\u015flar kameraya \u00e7evrilmi\u015f olmal\u0131d\u0131r. Vize foto\u011fraf\u0131nda g\u00fcl\u00fcmseme olmamal\u0131d\u0131r.<\/span><\/p>\n<h3><strong><span style=\"font-size: 24px; font-family: Roboto;\">Bel\u00e7ika Gaziantep Konsoloslu\u011fu Parmak \u0130zi<\/span><\/strong><\/h3>\n<p><span style=\"font-family: Roboto; font-size: 14px;\">Belgeleri g\u00f6nderirken, ba\u015fvuru sahipleri Gaziantep Fahri Konsoloslu\u011fu\u2019na Bel\u00e7ika vizesi i\u00e7in biyometrik verileri sunmal\u0131d\u0131r. 12 ya\u015f\u0131ndan k\u00fc\u00e7\u00fcklere, fiziksel olarak parmak izi al\u0131namayacak durumda olanlara ve son 59 ay i\u00e7erisinde Schengen vizesi i\u00e7in bu i\u015flemi yapt\u0131rm\u0131\u015f olan herkese parmak izi uygulamas\u0131 yap\u0131lmaz.<\/span><\/p>\n<h3><strong><span style=\"font-size: 24px; font-family: Roboto;\">Bel\u00e7ika Gaziantep Konsoloslu\u011fu Vize \u00dccretleri<\/span><\/strong><\/h3>\n<p><span style=\"font-family: Roboto; font-size: 14px;\"><strong>Bel\u00e7ika vizesi<\/strong> i\u00e7in 6 ya\u015f alt\u0131 \u00e7ocuklar hari\u00e7 t\u00fcm turistlerden<strong> 35 EUR vize \u00fccreti<\/strong> al\u0131nmaktad\u0131r. Belgelerin teslim edildi\u011fi g\u00fcn belirlenen orana g\u00f6re bunun i\u00e7in T\u00fcrk liras\u0131 olarak \u00f6deme yapman\u0131z gerekir. D kategorisi uzun vadeli bir vizenin maliyeti 180 EUR&#8217;dur. Fiyatlar Kas\u0131m 2021 i\u00e7indir.<\/span><\/p>\n<h4><strong><span style=\"font-size: 22px; font-family: Roboto;\">Bel\u00e7ika Gaziantep Konsoloslu\u011fu \u0130leti\u015fim<\/span><\/strong><\/h4>\n<p><span style=\"font-family: Roboto; font-size: 14px;\">Konsoloslukla ileti\u015fime ge\u00e7mek i\u00e7in a\u015fa\u011f\u0131daki adresi ya da Bel\u00e7ika konsolosluk telefon numaras\u0131n\u0131 kullanabilmeniz m\u00fcmk\u00fcnd\u00fcr. (Ba\u015fvuru i\u015flemleriniz i\u00e7in <strong>Bel\u00e7ika Gaziantep Fahri Konsoloslu\u011fu<\/strong>&#8216;ndan randevu alman\u0131z \u015fartt\u0131r.)<\/span><\/p>\n<p><span style=\"font-family: Roboto; font-size: 14px;\">\u00a0\u0130ncilip\u0131nar Mah. 3. Cad. \u00c7ay\u0131rl\u0131 \u0130\u015f Merkezi, A Blok, No. 4 \u015eehitk\u00e2mil \/ Gaziantep<\/span><\/p>\n<p><span style=\"font-family: Roboto; font-size: 14px;\">Gaziantep fahri konsolosluk telefon numaras\u0131: 0 850 346 84 93<\/span><\/p>\n","protected":false},"excerpt":{"rendered":"<p>Bel\u00e7ika Gaziantep Konsoloslu\u011fu Ba\u015fvuru Bel\u00e7ika Gaziantep Fahri Konsoloslu\u011fu ba\u015fvurular\u0131 sadece randevu ile de\u011ferlendirmeye almaktad\u0131r. Bel\u00e7ika \u00fclkesinin herhangi bir resm\u00ee kurumuna Gaziantep\u2019ten ula\u015fmak da m\u00fcmk\u00fcnd\u00fcr. Ancak bunun i\u00e7in Fahri Konsolosluklar kullan\u0131lmal\u0131d\u0131r. Fahri konsolosluklar yabanc\u0131 \u00fclke vatanda\u015flar\u0131na hizmet vermektedir ancak hizmetler olduk\u00e7a k\u0131s\u0131tl\u0131d\u0131r. Geni\u015f yetkilere sahip olan b\u00fcy\u00fckel\u00e7ilik ya da ba\u015fkonsolosluklar vize ba\u015fvurusu yapmak isteyenler taraf\u0131ndan mutlaka<\/p>\n","protected":false},"author":1,"featured_media":0,"parent":69,"menu_order":0,"comment_status":"open","ping_status":"closed","template":"","meta":[],"yoast_head":"<!-- This site is optimized with the Yoast SEO plugin v16.4 - https:\/\/yoast.com\/wordpress\/plugins\/seo\/ -->\n<title>Bel\u00e7ika Gaziantep Konsoloslu\u011fu Vize \u0130\u015flemleri - MyVize<\/title>\n<meta name=\"description\" content=\"Bel\u00e7ika Gaziantep Fahri Konsoloslu\u011fu Vize \u0130\u015flemleri Nelerdir? Bel\u00e7ika Gaziantep Fahri Konsoloslu\u011fu Nerede? Bilgi \u0130\u00e7in Aray\u0131n: 0850 346 84 93\" \/>\n<meta name=\"robots\" content=\"index, follow, max-snippet:-1, max-image-preview:large, max-video-preview:-1\" \/>\n<link rel=\"canonical\" href=\"https:\/\/www.myvize.com.tr\/belcika\/konsolosluklar\/belcika-fahri-konsoloslugu-gaziantep\/\" \/>\n<meta property=\"og:locale\" content=\"tr_TR\" \/>\n<meta property=\"og:type\" content=\"article\" \/>\n<meta property=\"og:title\" content=\"Bel\u00e7ika Gaziantep Konsoloslu\u011fu Vize \u0130\u015flemleri - MyVize\" \/>\n<meta property=\"og:description\" content=\"Bel\u00e7ika Gaziantep Fahri Konsoloslu\u011fu Vize \u0130\u015flemleri Nelerdir? Bel\u00e7ika Gaziantep Fahri Konsoloslu\u011fu Nerede? Bilgi \u0130\u00e7in Aray\u0131n: 0850 346 84 93\" \/>\n<meta property=\"og:url\" content=\"https:\/\/www.myvize.com.tr\/belcika\/konsolosluklar\/belcika-fahri-konsoloslugu-gaziantep\/\" \/>\n<meta property=\"og:site_name\" content=\"Bel\u00e7ika Vizesi\" \/>\n<meta property=\"article:modified_time\" content=\"2022-03-29T11:40:14+00:00\" \/>\n<meta property=\"og:image\" content=\"https:\/\/www.myvize.com.tr\/belcika\/wp-content\/uploads\/2021\/10\/34.jpg\" \/>\n<meta name=\"twitter:card\" content=\"summary_large_image\" \/>\n<meta name=\"twitter:label1\" content=\"Tahmini okuma s\u00fcresi\" \/>\n\t<meta name=\"twitter:data1\" content=\"4 dakika\" \/>\n<script type=\"application\/ld+json\" class=\"yoast-schema-graph\">{\"@context\":\"https:\/\/schema.org\",\"@graph\":[{\"@type\":\"WebSite\",\"@id\":\"https:\/\/www.myvize.com.tr\/belcika\/#website\",\"url\":\"https:\/\/www.myvize.com.tr\/belcika\/\",\"name\":\"Bel\\u00e7ika Vizesi\",\"description\":\"\",\"potentialAction\":[{\"@type\":\"SearchAction\",\"target\":\"https:\/\/www.myvize.com.tr\/belcika\/?s={search_term_string}\",\"query-input\":\"required name=search_term_string\"}],\"inLanguage\":\"tr\"},{\"@type\":\"ImageObject\",\"@id\":\"https:\/\/www.myvize.com.tr\/belcika\/konsolosluklar\/belcika-fahri-konsoloslugu-gaziantep\/#primaryimage\",\"inLanguage\":\"tr\",\"url\":\"https:\/\/www.myvize.com.tr\/belcika\/wp-content\/uploads\/2021\/10\/34.jpg\",\"contentUrl\":\"https:\/\/www.myvize.com.tr\/belcika\/wp-content\/uploads\/2021\/10\/34.jpg\",\"width\":800,\"height\":500,\"caption\":\"Bel\\u00e7ika Fahri Konsoloslu\\u011fu Gaziantep\"},{\"@type\":\"WebPage\",\"@id\":\"https:\/\/www.myvize.com.tr\/belcika\/konsolosluklar\/belcika-fahri-konsoloslugu-gaziantep\/#webpage\",\"url\":\"https:\/\/www.myvize.com.tr\/belcika\/konsolosluklar\/belcika-fahri-konsoloslugu-gaziantep\/\",\"name\":\"Bel\\u00e7ika Gaziantep Konsoloslu\\u011fu Vize \\u0130\\u015flemleri - MyVize\",\"isPartOf\":{\"@id\":\"https:\/\/www.myvize.com.tr\/belcika\/#website\"},\"primaryImageOfPage\":{\"@id\":\"https:\/\/www.myvize.com.tr\/belcika\/konsolosluklar\/belcika-fahri-konsoloslugu-gaziantep\/#primaryimage\"},\"datePublished\":\"2021-02-01T12:24:04+00:00\",\"dateModified\":\"2022-03-29T11:40:14+00:00\",\"description\":\"Bel\\u00e7ika Gaziantep Fahri Konsoloslu\\u011fu Vize \\u0130\\u015flemleri Nelerdir? Bel\\u00e7ika Gaziantep Fahri Konsoloslu\\u011fu Nerede? Bilgi \\u0130\\u00e7in Aray\\u0131n: 0850 346 84 93\",\"breadcrumb\":{\"@id\":\"https:\/\/www.myvize.com.tr\/belcika\/konsolosluklar\/belcika-fahri-konsoloslugu-gaziantep\/#breadcrumb\"},\"inLanguage\":\"tr\",\"potentialAction\":[{\"@type\":\"ReadAction\",\"target\":[\"https:\/\/www.myvize.com.tr\/belcika\/konsolosluklar\/belcika-fahri-konsoloslugu-gaziantep\/\"]}]},{\"@type\":\"BreadcrumbList\",\"@id\":\"https:\/\/www.myvize.com.tr\/belcika\/konsolosluklar\/belcika-fahri-konsoloslugu-gaziantep\/#breadcrumb\",\"itemListElement\":[{\"@type\":\"ListItem\",\"position\":1,\"item\":{\"@type\":\"WebPage\",\"@id\":\"https:\/\/www.myvize.com.tr\/belcika\/\",\"url\":\"https:\/\/www.myvize.com.tr\/belcika\/\",\"name\":\"Home\"}},{\"@type\":\"ListItem\",\"position\":2,\"item\":{\"@type\":\"WebPage\",\"@id\":\"https:\/\/www.myvize.com.tr\/belcika\/konsolosluklar\/\",\"url\":\"https:\/\/www.myvize.com.tr\/belcika\/konsolosluklar\/\",\"name\":\"KONSOLOSLUKLAR\"}},{\"@type\":\"ListItem\",\"position\":3,\"item\":{\"@id\":\"https:\/\/www.myvize.com.tr\/belcika\/konsolosluklar\/belcika-fahri-konsoloslugu-gaziantep\/#webpage\"}}]}]}<\/script>\n<!-- \/ Yoast SEO plugin. -->","_links":{"self":[{"href":"https:\/\/www.myvize.com.tr\/belcika\/wp-json\/wp\/v2\/pages\/342"}],"collection":[{"href":"https:\/\/www.myvize.com.tr\/belcika\/wp-json\/wp\/v2\/pages"}],"about":[{"href":"https:\/\/www.myvize.com.tr\/belcika\/wp-json\/wp\/v2\/types\/page"}],"author":[{"embeddable":true,"href":"https:\/\/www.myvize.com.tr\/belcika\/wp-json\/wp\/v2\/users\/1"}],"replies":[{"embeddable":true,"href":"https:\/\/www.myvize.com.tr\/belcika\/wp-json\/wp\/v2\/comments?post=342"}],"version-history":[{"count":8,"href":"https:\/\/www.myvize.com.tr\/belcika\/wp-json\/wp\/v2\/pages\/342\/revisions"}],"predecessor-version":[{"id":769,"href":"https:\/\/www.myvize.com.tr\/belcika\/wp-json\/wp\/v2\/pages\/342\/revisions\/769"}],"up":[{"embeddable":true,"href":"https:\/\/www.myvize.com.tr\/belcika\/wp-json\/wp\/v2\/pages\/69"}],"wp:attachment":[{"href":"https:\/\/www.myvize.com.tr\/belcika\/wp-json\/wp\/v2\/media?parent=342"}],"curies":[{"name":"wp","href":"https:\/\/api.w.org\/{rel}","templated":true}]}}