{"id":405,"date":"2021-06-27T16:41:42","date_gmt":"2021-06-27T13:41:42","guid":{"rendered":"https:\/\/www.myvize.com.tr\/belcika\/?page_id=405"},"modified":"2021-12-08T16:31:07","modified_gmt":"2021-12-08T13:31:07","slug":"blog","status":"publish","type":"page","link":"https:\/\/www.myvize.com.tr\/belcika\/blog\/","title":{"rendered":"BLOG"},"content":{"rendered":"<h2><strong><span style=\"font-size: 27px; font-family: Roboto;\">Bel\u00e7ika Blog<\/span><\/strong><\/h2>\n<p><img src=\"https:\/\/www.myvize.com.tr\/belcika\/wp-content\/uploads\/2021\/10\/44.jpg\" \/><\/p>\n","protected":false},"excerpt":{"rendered":"<p>Bel\u00e7ika Blog<\/p>\n","protected":false},"author":1,"featured_media":0,"parent":0,"menu_order":0,"comment_status":"closed","ping_status":"closed","template":"","meta":[],"yoast_head":"<!-- This site is optimized with the Yoast SEO plugin v16.4 - https:\/\/yoast.com\/wordpress\/plugins\/seo\/ -->\n<title>Bel\u00e7ika Blog - Bel\u00e7ika Vizesi - MyVize Vize Ba\u015fvuru Merkezi<\/title>\n<meta name=\"description\" content=\"Bel\u00e7ika Vize Ba\u015fvurusu Yap\u0131l\u0131rken Dikkat Edilmesi Gerekenler Neler? Bel\u00e7ika Vizesi Nas\u0131l Al\u0131n\u0131r? Bel\u00e7ika Vize \u00dccreti Ne Kadard\u0131r?\" \/>\n<meta name=\"robots\" content=\"index, follow, max-snippet:-1, max-image-preview:large, max-video-preview:-1\" \/>\n<link rel=\"canonical\" href=\"https:\/\/www.myvize.com.tr\/belcika\/blog\/\" \/>\n<meta property=\"og:locale\" content=\"tr_TR\" \/>\n<meta property=\"og:type\" content=\"article\" \/>\n<meta property=\"og:title\" content=\"Bel\u00e7ika Blog - Bel\u00e7ika Vizesi - MyVize Vize Ba\u015fvuru Merkezi\" \/>\n<meta property=\"og:description\" content=\"Bel\u00e7ika Vize Ba\u015fvurusu Yap\u0131l\u0131rken Dikkat Edilmesi Gerekenler Neler? Bel\u00e7ika Vizesi Nas\u0131l Al\u0131n\u0131r? Bel\u00e7ika Vize \u00dccreti Ne Kadard\u0131r?\" \/>\n<meta property=\"og:url\" content=\"https:\/\/www.myvize.com.tr\/belcika\/blog\/\" \/>\n<meta property=\"og:site_name\" content=\"Bel\u00e7ika Vizesi\" \/>\n<meta property=\"article:modified_time\" content=\"2021-12-08T13:31:07+00:00\" \/>\n<meta property=\"og:image\" content=\"https:\/\/www.myvize.com.tr\/belcika\/wp-content\/uploads\/2021\/10\/44.jpg\" \/>\n<meta name=\"twitter:card\" content=\"summary_large_image\" \/>\n<meta name=\"twitter:label1\" content=\"Tahmini okuma s\u00fcresi\" \/>\n\t<meta name=\"twitter:data1\" content=\"1 dakika\" \/>\n<script type=\"application\/ld+json\" class=\"yoast-schema-graph\">{\"@context\":\"https:\/\/schema.org\",\"@graph\":[{\"@type\":\"WebSite\",\"@id\":\"https:\/\/www.myvize.com.tr\/belcika\/#website\",\"url\":\"https:\/\/www.myvize.com.tr\/belcika\/\",\"name\":\"Bel\\u00e7ika Vizesi\",\"description\":\"\",\"potentialAction\":[{\"@type\":\"SearchAction\",\"target\":\"https:\/\/www.myvize.com.tr\/belcika\/?s={search_term_string}\",\"query-input\":\"required name=search_term_string\"}],\"inLanguage\":\"tr\"},{\"@type\":\"ImageObject\",\"@id\":\"https:\/\/www.myvize.com.tr\/belcika\/blog\/#primaryimage\",\"inLanguage\":\"tr\",\"url\":\"https:\/\/www.myvize.com.tr\/belcika\/wp-content\/uploads\/2021\/10\/44.jpg\",\"contentUrl\":\"https:\/\/www.myvize.com.tr\/belcika\/wp-content\/uploads\/2021\/10\/44.jpg\",\"width\":800,\"height\":500,\"caption\":\"Bel\\u00e7ika Blog\"},{\"@type\":\"WebPage\",\"@id\":\"https:\/\/www.myvize.com.tr\/belcika\/blog\/#webpage\",\"url\":\"https:\/\/www.myvize.com.tr\/belcika\/blog\/\",\"name\":\"Bel\\u00e7ika Blog - Bel\\u00e7ika Vizesi - MyVize Vize Ba\\u015fvuru Merkezi\",\"isPartOf\":{\"@id\":\"https:\/\/www.myvize.com.tr\/belcika\/#website\"},\"primaryImageOfPage\":{\"@id\":\"https:\/\/www.myvize.com.tr\/belcika\/blog\/#primaryimage\"},\"datePublished\":\"2021-06-27T13:41:42+00:00\",\"dateModified\":\"2021-12-08T13:31:07+00:00\",\"description\":\"Bel\\u00e7ika Vize Ba\\u015fvurusu Yap\\u0131l\\u0131rken Dikkat Edilmesi Gerekenler Neler? Bel\\u00e7ika Vizesi Nas\\u0131l Al\\u0131n\\u0131r? Bel\\u00e7ika Vize \\u00dccreti Ne Kadard\\u0131r?\",\"breadcrumb\":{\"@id\":\"https:\/\/www.myvize.com.tr\/belcika\/blog\/#breadcrumb\"},\"inLanguage\":\"tr\",\"potentialAction\":[{\"@type\":\"ReadAction\",\"target\":[\"https:\/\/www.myvize.com.tr\/belcika\/blog\/\"]}]},{\"@type\":\"BreadcrumbList\",\"@id\":\"https:\/\/www.myvize.com.tr\/belcika\/blog\/#breadcrumb\",\"itemListElement\":[{\"@type\":\"ListItem\",\"position\":1,\"item\":{\"@type\":\"WebPage\",\"@id\":\"https:\/\/www.myvize.com.tr\/belcika\/\",\"url\":\"https:\/\/www.myvize.com.tr\/belcika\/\",\"name\":\"Home\"}},{\"@type\":\"ListItem\",\"position\":2,\"item\":{\"@id\":\"https:\/\/www.myvize.com.tr\/belcika\/blog\/#webpage\"}}]}]}<\/script>\n<!-- \/ Yoast SEO plugin. -->","_links":{"self":[{"href":"https:\/\/www.myvize.com.tr\/belcika\/wp-json\/wp\/v2\/pages\/405"}],"collection":[{"href":"https:\/\/www.myvize.com.tr\/belcika\/wp-json\/wp\/v2\/pages"}],"about":[{"href":"https:\/\/www.myvize.com.tr\/belcika\/wp-json\/wp\/v2\/types\/page"}],"author":[{"embeddable":true,"href":"https:\/\/www.myvize.com.tr\/belcika\/wp-json\/wp\/v2\/users\/1"}],"replies":[{"embeddable":true,"href":"https:\/\/www.myvize.com.tr\/belcika\/wp-json\/wp\/v2\/comments?post=405"}],"version-history":[{"count":5,"href":"https:\/\/www.myvize.com.tr\/belcika\/wp-json\/wp\/v2\/pages\/405\/revisions"}],"predecessor-version":[{"id":912,"href":"https:\/\/www.myvize.com.tr\/belcika\/wp-json\/wp\/v2\/pages\/405\/revisions\/912"}],"wp:attachment":[{"href":"https:\/\/www.myvize.com.tr\/belcika\/wp-json\/wp\/v2\/media?parent=405"}],"curies":[{"name":"wp","href":"https:\/\/api.w.org\/{rel}","templated":true}]}}