{"id":728,"date":"2021-10-26T15:56:59","date_gmt":"2021-10-26T12:56:59","guid":{"rendered":"https:\/\/www.myvize.com.tr\/belcika\/?page_id=728"},"modified":"2022-03-28T17:03:20","modified_gmt":"2022-03-28T14:03:20","slug":"belcika-turist-vizesi","status":"publish","type":"page","link":"https:\/\/www.myvize.com.tr\/belcika\/vize-islemleri\/belcika-turist-vizesi\/","title":{"rendered":"Bel\u00e7ika Turistik Vize"},"content":{"rendered":"<p><span style=\"font-size: 14px; font-family: Roboto;\">Bel\u00e7ika&#8217;n\u0131n ba\u015fl\u0131ca turistik yerlerini ziyaret etmek veya belki sevdiklerinizi ziyaret etmek istiyorsan\u0131z, \u00fclkede kalma izni i\u00e7in<strong> Bel\u00e7ika turistik vize<\/strong> alman\u0131z gerekir. Genel olarak<span style=\"color: #2acec2;\"><strong><a style=\"color: #2acec2;\" href=\"https:\/\/www.myvize.com.tr\/belcika\/vize-islemleri\/belcika-vizesi\/\" target=\"_blank\" rel=\"noopener\"> Bel\u00e7ika vizesi<\/a><\/strong><\/span> almak di\u011fer Schengen vizelerinden \u00e7ok farkl\u0131 de\u011fildir, ancak kom\u015fular\u0131n\u0131n, yani Hollanda ve Fransa&#8217;n\u0131n aksine, Bel\u00e7ika&#8217;n\u0131n turistik vize verme konusunda \u00e7ok da istekli olmad\u0131\u011f\u0131n\u0131 belirtmekte fayda vard\u0131r. Bu nedenle <strong>Bel\u00e7ika B\u00fcy\u00fckel\u00e7ilik ve Konsolosluk<\/strong> birimlerine turistik vize ba\u015fvurular\u0131n\u0131z\u0131 MyVize <strong>Vize Ba\u015fvuru Merkezi<\/strong> arac\u0131l\u0131\u011f\u0131yla yapman\u0131z\u0131 \u00f6neririz. Bu, turistik vize ba\u015fvurular\u0131n\u0131z\u0131n ret ile sonu\u00e7lanmas\u0131n\u0131n \u00f6n\u00fcne ge\u00e7mek i\u00e7in g\u00fcvenli bir yoldur. \u015eimdi as\u0131l konumuza d\u00f6nelim ve <strong>Bel\u00e7ika turistik vize nas\u0131l al\u0131n\u0131r<\/strong>, <strong>vize i\u00e7in gerekli evraklar<\/strong> nelerdir ve <strong>ka\u00e7 g\u00fcnde \u00e7\u0131kar<\/strong>, bunlara de\u011finelim.<\/span><\/p>\n<div id=\"attachment_694\" style=\"width: 810px\" class=\"wp-caption aligncenter\"><img aria-describedby=\"caption-attachment-694\" loading=\"lazy\" class=\"size-full wp-image-694\" src=\"https:\/\/www.myvize.com.tr\/belcika\/wp-content\/uploads\/2021\/10\/51.jpg\" alt=\"bel\u00e7ika turistik vize\" width=\"800\" height=\"500\" srcset=\"https:\/\/www.myvize.com.tr\/belcika\/wp-content\/uploads\/2021\/10\/51.jpg 800w, https:\/\/www.myvize.com.tr\/belcika\/wp-content\/uploads\/2021\/10\/51-300x188.jpg 300w, https:\/\/www.myvize.com.tr\/belcika\/wp-content\/uploads\/2021\/10\/51-768x480.jpg 768w, https:\/\/www.myvize.com.tr\/belcika\/wp-content\/uploads\/2021\/10\/51-280x175.jpg 280w\" sizes=\"(max-width: 800px) 100vw, 800px\" \/><p id=\"caption-attachment-694\" class=\"wp-caption-text\">Bel\u00e7ika turistik vize: Turistik vize nas\u0131l al\u0131n\u0131r? Ka\u00e7 g\u00fcnde \u00e7\u0131kar?<\/p><\/div>\n<h2><strong><span style=\"font-size: 27px; font-family: Roboto;\">Bel\u00e7ika Turistik Vize Ba\u015fvurusu: Turistik Vize Nas\u0131l Al\u0131n\u0131r?<\/span><\/strong><\/h2>\n<p><span style=\"font-size: 14px; font-family: Roboto;\"><strong>Bel\u00e7ika turist vizesi<\/strong> almak i\u00e7in Bel\u00e7ika B\u00fcy\u00fckel\u00e7ili\u011fi\u2019nin uygulad\u0131\u011f\u0131 ba\u015fvuru prosed\u00fcr\u00fcn\u00fc uygulaman\u0131z gerekir. Vize almak i\u00e7in gerekli prosed\u00fcrler, Bel\u00e7ika bir Schengen \u00fclkesi oldu\u011fu i\u00e7in Schengen vize ba\u015fvuru s\u00fcreci ile hemen hemen ayn\u0131d\u0131r. Ancak \u015fu de\u011fi\u015fmez bir ger\u00e7ektir ki, Bel\u00e7ika vize ba\u015fvuru formunun do\u011fru doldurulmas\u0131 ve di\u011fer evraklar\u0131n usule uygun haz\u0131rlanmas\u0131 \u00e7ok \u00f6nemlidir.<\/span><\/p>\n<ul>\n<li><span style=\"font-size: 14px; font-family: Roboto;\">\u0130ngilizce, Frans\u0131zca, Almanca veya Hollandaca dillerinde doldurulmu\u015f ve usul\u00fcne uygun olarak imzalanm\u0131\u015f Schengen Vizesi beyan\u0131 (online vize ba\u015fvuru formu);<\/span><\/li>\n<li><span style=\"font-size: 14px; font-family: Roboto;\">Yak\u0131n zamanda \u00e7ekilmi\u015f ve Schengen vizesi \u015fartlar\u0131na uygun bir foto\u011fraf\u0131n ayn\u0131s\u0131;<\/span><\/li>\n<li><span style=\"font-size: 14px; font-family: Roboto;\">Ge\u00e7erli bir yabanc\u0131 pasaport (vize bitiminden sonra en az 3 ay ge\u00e7erlidir).<\/span><\/li>\n<li><span style=\"font-size: 14px; font-family: Roboto;\">Re\u015fit olma ya\u015f\u0131n\u0131n (18) alt\u0131ndaki ki\u015filer, seyahatte kendilerine e\u015flik eden ebeveynlerinden birinin pasaportuna girilebilir;<\/span><\/li>\n<li><span style=\"font-size: 14px; font-family: Roboto;\">Olas\u0131 t\u0131bbi harcamalar\u0131 ve \u00fclkeye geri d\u00f6n\u00fc\u015f\u00fc kapsayan, minimum 30.000 Euro teminatl\u0131, Schengen \u00fclkelerinde ge\u00e7erli seyahat sa\u011fl\u0131k sigortas\u0131;<\/span><\/li>\n<li><span style=\"font-size: 14px; font-family: Roboto;\">\u0130ngilizce detayl\u0131 seyahat plan\u0131 (k\u00fclt\u00fcrel program);<\/span><\/li>\n<li><span style=\"font-size: 14px; font-family: Roboto;\">T\u00fcm konaklama i\u00e7in otel rezervasyonu;<\/span><\/li>\n<li><span style=\"font-size: 14px; font-family: Roboto;\">Bel\u00e7ika&#8217;ya seyahat s\u00fcresi i\u00e7in ki\u015fisel mali yeterlilik belgesi (otel konaklama i\u00e7in \u00f6denecek fonlar hari\u00e7, g\u00fcnde en az 95 Euro);<\/span><\/li>\n<li><span style=\"font-size: 14px; font-family: Roboto;\">\u00c7al\u0131\u015ft\u0131\u011f\u0131n\u0131z yerden pozisyonunuzu, bu \u015firketteki hizmet s\u00fcresini, maa\u015f\u0131n\u0131z\u0131 ve ayr\u0131ca Bel\u00e7ika&#8217;ya seyahat s\u00fcresi i\u00e7in izin verme belgesini g\u00f6steren belge; \u00f6\u011frenciler ve okul \u00e7ocuklar\u0131 i\u00e7in &#8211; \u00e7al\u0131\u015fma yerinden bir sertifika;<\/span><\/li>\n<li><span style=\"font-size: 14px; font-family: Roboto;\">Gidi\u015f-d\u00f6n\u00fc\u015f u\u00e7ak bileti rezervasyonu<\/span><\/li>\n<\/ul>\n<p><span style=\"font-size: 14px; font-family: Roboto;\">gibi standart ba\u015fvuru evraklar\u0131n\u0131 Bel\u00e7ika B\u00fcy\u00fckel\u00e7ili\u011fi\u2019ne MyVize arac\u0131l\u0131\u011f\u0131yla ibraz ederek <strong>Bel\u00e7ika turist vizesi<\/strong> alma s\u00fcrecinde ilk a\u015famay\u0131 ba\u015far\u0131yla tamamlayabilirsiniz.<\/span><\/p>\n<h2><strong><span style=\"font-size: 27px; font-family: Roboto;\">Bel\u00e7ika Turistik Vize Ka\u00e7 G\u00fcnde \u00c7\u0131kar?<\/span><\/strong><\/h2>\n<p><span style=\"font-size: 14px; font-family: Roboto;\"><strong>Bel\u00e7ika turistik vize<\/strong> ba\u015fvurusunun i\u015fleme al\u0131nma ve de\u011ferlendirme s\u00fcresi baz\u0131 zamanlarda yakla\u015f\u0131k olarak 2 haftay\u0131 a\u015far. Bel\u00e7ika D\u0131\u015fi\u015fleri Bakanl\u0131\u011f\u0131&#8217;na ek bir kontrol i\u00e7in bir talep g\u00f6nderilmesi s\u0131kl\u0131kla rastlanan bir durumdur. Dolay\u0131s\u0131yla ek belge ve de\u011ferlendirme talepleri s\u00f6z konusu olursa bu s\u00fcre 2 ila 4 hafta kadar daha uzayabilir. Bu nedenle MyVize <strong>Bel\u00e7ika turistik vize<\/strong> uzmanlar\u0131 Bel\u00e7ika vizesi evraklar\u0131n\u0131n seyahat tarihinizden m\u00fcmk\u00fcn oldu\u011funca erken haz\u0131rlanmas\u0131n\u0131 \u00f6neriyor. Vize evraklar\u0131n\u0131z\u0131 ideal olarak seyahatinizden birka\u00e7 ay \u00f6nce haz\u0131rlaman\u0131z ve teslim etmeniz uygundur.<\/span><\/p>\n<p><span style=\"font-size: 14px; font-family: Roboto;\">Eyl\u00fcl 2015&#8217;ten bu yana, parmak izi alma i\u015flemleri (parmak izi olarak adland\u0131r\u0131lan) zorunlu h\u00e2le gelmi\u015ftir. Sadece 12 ya\u015f\u0131ndan k\u00fc\u00e7\u00fck \u00e7ocuklar parmak izi verme prosed\u00fcr\u00fcnden muaft\u0131r. Di\u011fer ba\u015fvuru sahiplerinin b\u00fcy\u00fckel\u00e7ilik, konsolosluk veya <strong>MyVize Vize Ba\u015fvuru Merkezi<\/strong>\u2019ne \u015fahsen gelmeleri gerekmektedir. Prosed\u00fcr, vize evraklar\u0131n\u0131n sunulmas\u0131yla ayn\u0131 anda ve m\u00fcmk\u00fcn olan en k\u0131sa s\u00fcrede ger\u00e7ekle\u015ftirilir. Parmak izi de d\u00e2hil olmak \u00fczere <strong>Bel\u00e7ika turist vizesi<\/strong> i\u00e7in vermeniz gereken biyometrik verilerinizin ge\u00e7erlilik s\u00fcresi 5 y\u0131ld\u0131r. <strong>Turistik vize <\/strong>alman\u0131z\u0131 takiben 5 y\u0131la kadar yapaca\u011f\u0131n\u0131z yeni ba\u015fvurular\u0131n\u0131zda yeniden biyometrik verilerinizin i\u015flenmesi gerekmez. Ancak 5 y\u0131l sonra yapaca\u011f\u0131n\u0131z ba\u015fvurular\u0131n\u0131z i\u00e7in yeniden parmak izi vermek i\u00e7in b\u00fcy\u00fckel\u00e7ili\u011fe gitmeniz gerekecektir.<\/span><\/p>\n<h2><strong><span style=\"font-size: 27px; font-family: Roboto;\">Bel\u00e7ika Turistik Vize \u0130\u00e7in Gerekli Evraklar<\/span><\/strong><\/h2>\n<ul>\n<li><span style=\"font-size: 14px; font-family: Roboto;\">Pasaport, talep edilen vizenin sona erdi\u011fi andan itibaren en az 3 ay daha ge\u00e7erlidir.\u00a0\u015eu anda bir vatanda\u015f\u0131n 2 ge\u00e7erli pasaportu varsa, her ikisinin de sa\u011flanmas\u0131 gerekir.\u00a0Pasaportta en az bir adet bo\u015f vize yay\u0131lm\u0131\u015f olmal\u0131d\u0131r.<\/span><\/li>\n<li><span style=\"font-size: 14px; font-family: Roboto;\">Seyahat s\u00fcresince sa\u011fl\u0131k sigortas\u0131.<\/span><\/li>\n<li><span style=\"font-size: 14px; font-family: Roboto;\">Pasaportun ilk sayfas\u0131n\u0131n ve i\u00e7indeki son 3 Schengen&#8217;in bir kopyas\u0131 (ge\u00e7erli pasaportlar i\u00e7in).<\/span><\/li>\n<li><span style=\"font-size: 14px; font-family: Roboto;\">Pasaportun ilk sayfas\u0131n\u0131n ve t\u00fcm Schengen&#8217;in bir kopyas\u0131 (iptal edilen pasaportlar i\u00e7in).<\/span><\/li>\n<li><span style=\"font-size: 14px; font-family: Roboto;\">3,5 x 4,5 cm boyutlar\u0131nda, beyaz zemin \u00fczerinde, k\u00f6\u015feleri veya ovalleri olmayan, mat, y\u00fczleri olan iki renkli foto\u011fraf &#8211; foto\u011fraf\u0131n %70 ila %80&#8217;i.<\/span><\/li>\n<li><span style=\"font-size: 14px; font-family: Roboto;\">Doldurulmu\u015f vize ba\u015fvuru formu.\u00a0Ba\u015fvuru formunun 3 ve 4 sayfas\u0131 yazd\u0131r\u0131lmal\u0131 ve imzalanmal\u0131d\u0131r.<\/span><\/li>\n<li><span style=\"font-size: 14px; font-family: Roboto;\">\u00c7al\u0131\u015fan vatanda\u015flar i\u00e7in &#8211; i\u015fyerinden maa\u015f, hizmet s\u00fcresi, kurulu\u015fun ileti\u015fim bilgilerini g\u00f6steren bir sertifika.\u00a0Sertifika orijinal imzal\u0131 ve ka\u015feli olmal\u0131d\u0131r.<\/span><\/li>\n<li><span style=\"font-size: 14px; font-family: Roboto;\">\u00dclkede kald\u0131\u011f\u0131n\u0131z her g\u00fcn i\u00e7in en az 50 Euro&#8217;luk fonlar\u0131n mevcudiyetini teyit eden bir banka ekstresi \u015feklinde mali garantiler.\u00a0Veya sponsor sertifikas\u0131n\u0131n bir kopyas\u0131 ve varsa ili\u015fkiyi teyit eden belgenin bir fotokopisi ile sponsordan gelen bir mektup.<\/span><\/li>\n<li><span style=\"font-size: 14px; font-family: Roboto;\">\u00d6\u011frenciler i\u00e7in &#8211; \u00f6\u011frenci kart\u0131n\u0131n bir kopyas\u0131 ve \u00fcniversiteden bir sertifika.<\/span><\/li>\n<li><span style=\"font-size: 14px; font-family: Roboto;\">Emekliler i\u00e7in &#8211; emeklilik belgesinin bir kopyas\u0131.<\/span><\/li>\n<li><span style=\"font-size: 14px; font-family: Roboto;\">Bireysel giri\u015fimciler i\u00e7in \u2013 i\u015f yeri kay\u0131t belgesinin bir kopyas\u0131, son gelir d\u00f6nemi i\u00e7in bir vergi beyannamesi<\/span><\/li>\n<\/ul>\n<h3><strong><span style=\"font-size: 24px; font-family: Roboto;\">Bel\u00e7ika Turistik Vize \u00dccreti<\/span><\/strong><\/h3>\n<p><span style=\"font-size: 14px; font-family: Roboto;\">Ankara\u2019daki Bel\u00e7ika B\u00fcy\u00fckel\u00e7ili\u011fi\u2019ne k\u0131sa s\u00fcreli <strong>turistik vize <\/strong>ba\u015fvurusunda bulunurken, ba\u015fvuru sahibinden\u00a035 avroluk\u00a0konsolosluk \u00fccreti\u00a0al\u0131n\u0131r.\u00a0\u00d6deme, el\u00e7ilik taraf\u0131ndan belirlenen oranda T\u00fcrk liras\u0131 cinsinden de yap\u0131labilir ve \u00fccret s\u0131k s\u0131k g\u00fcncellenir.<\/span><\/p>\n<p><span style=\"font-size: 14px; font-family: Roboto;\">A\u015fa\u011f\u0131dakiler <strong>Bel\u00e7ika turistik vize<\/strong> \u00fccretlerinden muaft\u0131r:<\/span><\/p>\n<ul>\n<li><span style=\"font-size: 14px; font-family: Roboto;\">6 ya\u015f\u0131n alt\u0131ndaki \u00e7ocuklar;<\/span><\/li>\n<li><span style=\"font-size: 14px; font-family: Roboto;\">e\u011fitim ama\u00e7l\u0131 seyahat eden \u00f6\u011frenciler ve \u00f6\u011frenciler ile beraberindeki \u00f6\u011fretmenler;<\/span><\/li>\n<li><span style=\"font-size: 14px; font-family: Roboto;\">Bel\u00e7ika h\u00fck\u00fbmetinin yan\u0131 s\u0131ra Almanca konu\u015fan, Flaman, Frans\u0131z, Valon ve Br\u00fcksel topluluklar\u0131ndan burs alan \u00f6\u011frenciler;<\/span><\/li>\n<li><span style=\"font-size: 14px; font-family: Roboto;\">AB \u00f6\u011frenci de\u011fi\u015fim programlar\u0131ndan hibe alan \u00f6\u011frenciler;<\/span><\/li>\n<li><span style=\"font-size: 14px; font-family: Roboto;\">Bel\u00e7ika vatanda\u015flar\u0131n\u0131n e\u015fleri ve \u00e7ocuklar\u0131;<\/span><\/li>\n<li><span style=\"font-size: 14px; font-family: Roboto;\">Bel\u00e7ika&#8217;da yasal olarak ikamet eden ki\u015filerin yak\u0131n akrabalar\u0131;<\/span><\/li>\n<li><span style=\"font-size: 14px; font-family: Roboto;\">engelliler (engelli grubuna bak\u0131lmaks\u0131z\u0131n) ve refakat\u00e7ileri;<\/span><\/li>\n<li><span style=\"font-size: 14px; font-family: Roboto;\"><strong><a href=\"https:\/\/www.myvize.com.tr\/belcika\/vize-islemleri\/kulturel-sportif-konferans-vizesi\/\"><span style=\"color: #2acec2;\">Spor, k\u00fclt\u00fcrel ve bilimsel etkinliklere kat\u0131lanlar<\/span><\/a><\/strong>.<\/span><\/li>\n<\/ul>\n<p><span style=\"font-size: 14px; font-family: Roboto;\">Belgeleri <strong>MyVize Vize Ba\u015fvuru Merkezi<\/strong> arac\u0131l\u0131\u011f\u0131yla teslim ederken, ba\u015fvuru sahibi ayr\u0131ca bir dan\u0131\u015fmanl\u0131k hizmet \u00fccreti \u00f6der.\u00a0Hizmet \u00fccreti, t\u00fcm ba\u015fvuru sahipleri taraf\u0131ndan \u00f6denir.<\/span><\/p>\n","protected":false},"excerpt":{"rendered":"<p>Bel\u00e7ika&#8217;n\u0131n ba\u015fl\u0131ca turistik yerlerini ziyaret etmek veya belki sevdiklerinizi ziyaret etmek istiyorsan\u0131z, \u00fclkede kalma izni i\u00e7in Bel\u00e7ika turistik vize alman\u0131z gerekir. Genel olarak Bel\u00e7ika vizesi almak di\u011fer Schengen vizelerinden \u00e7ok farkl\u0131 de\u011fildir, ancak kom\u015fular\u0131n\u0131n, yani Hollanda ve Fransa&#8217;n\u0131n aksine, Bel\u00e7ika&#8217;n\u0131n turistik vize verme konusunda \u00e7ok da istekli olmad\u0131\u011f\u0131n\u0131 belirtmekte fayda vard\u0131r. Bu nedenle Bel\u00e7ika B\u00fcy\u00fckel\u00e7ilik<\/p>\n","protected":false},"author":1,"featured_media":0,"parent":18,"menu_order":0,"comment_status":"closed","ping_status":"closed","template":"","meta":[],"yoast_head":"<!-- This site is optimized with the Yoast SEO plugin v16.4 - https:\/\/yoast.com\/wordpress\/plugins\/seo\/ -->\n<title>Bel\u00e7ika Turistik Vize - Bel\u00e7ika Vize \u0130\u015flemleri - MyVize<\/title>\n<meta name=\"description\" content=\"Bel\u00e7ika Turistik Vize Nas\u0131l Al\u0131n\u0131r? Bel\u00e7ika Turistik Vizesi Ba\u015fvurusu Nas\u0131l Yap\u0131l\u0131r? Bel\u00e7ika Turist Vizesi Randevusu Nas\u0131l Al\u0131n\u0131r?\" \/>\n<meta name=\"robots\" content=\"index, follow, max-snippet:-1, max-image-preview:large, max-video-preview:-1\" \/>\n<link rel=\"canonical\" href=\"https:\/\/www.myvize.com.tr\/belcika\/vize-islemleri\/belcika-turist-vizesi\/\" \/>\n<meta property=\"og:locale\" content=\"tr_TR\" \/>\n<meta property=\"og:type\" content=\"article\" \/>\n<meta property=\"og:title\" content=\"Bel\u00e7ika Turistik Vize - Bel\u00e7ika Vize \u0130\u015flemleri - MyVize\" \/>\n<meta property=\"og:description\" content=\"Bel\u00e7ika Turistik Vize Nas\u0131l Al\u0131n\u0131r? Bel\u00e7ika Turistik Vizesi Ba\u015fvurusu Nas\u0131l Yap\u0131l\u0131r? Bel\u00e7ika Turist Vizesi Randevusu Nas\u0131l Al\u0131n\u0131r?\" \/>\n<meta property=\"og:url\" content=\"https:\/\/www.myvize.com.tr\/belcika\/vize-islemleri\/belcika-turist-vizesi\/\" \/>\n<meta property=\"og:site_name\" content=\"Bel\u00e7ika Vizesi\" \/>\n<meta property=\"article:modified_time\" content=\"2022-03-28T14:03:20+00:00\" \/>\n<meta property=\"og:image\" content=\"https:\/\/www.myvize.com.tr\/belcika\/wp-content\/uploads\/2021\/10\/51.jpg\" \/>\n<meta name=\"twitter:card\" content=\"summary_large_image\" \/>\n<meta name=\"twitter:label1\" content=\"Tahmini okuma s\u00fcresi\" \/>\n\t<meta name=\"twitter:data1\" content=\"4 dakika\" \/>\n<script type=\"application\/ld+json\" class=\"yoast-schema-graph\">{\"@context\":\"https:\/\/schema.org\",\"@graph\":[{\"@type\":\"WebSite\",\"@id\":\"https:\/\/www.myvize.com.tr\/belcika\/#website\",\"url\":\"https:\/\/www.myvize.com.tr\/belcika\/\",\"name\":\"Bel\\u00e7ika Vizesi\",\"description\":\"\",\"potentialAction\":[{\"@type\":\"SearchAction\",\"target\":\"https:\/\/www.myvize.com.tr\/belcika\/?s={search_term_string}\",\"query-input\":\"required name=search_term_string\"}],\"inLanguage\":\"tr\"},{\"@type\":\"ImageObject\",\"@id\":\"https:\/\/www.myvize.com.tr\/belcika\/vize-islemleri\/belcika-turist-vizesi\/#primaryimage\",\"inLanguage\":\"tr\",\"url\":\"https:\/\/www.myvize.com.tr\/belcika\/wp-content\/uploads\/2021\/10\/51.jpg\",\"contentUrl\":\"https:\/\/www.myvize.com.tr\/belcika\/wp-content\/uploads\/2021\/10\/51.jpg\",\"width\":800,\"height\":500,\"caption\":\"Bel\\u00e7ika turistik vize: Turistik vize nas\\u0131l al\\u0131n\\u0131r? Ka\\u00e7 g\\u00fcnde \\u00e7\\u0131kar?\"},{\"@type\":\"WebPage\",\"@id\":\"https:\/\/www.myvize.com.tr\/belcika\/vize-islemleri\/belcika-turist-vizesi\/#webpage\",\"url\":\"https:\/\/www.myvize.com.tr\/belcika\/vize-islemleri\/belcika-turist-vizesi\/\",\"name\":\"Bel\\u00e7ika Turistik Vize - Bel\\u00e7ika Vize \\u0130\\u015flemleri - MyVize\",\"isPartOf\":{\"@id\":\"https:\/\/www.myvize.com.tr\/belcika\/#website\"},\"primaryImageOfPage\":{\"@id\":\"https:\/\/www.myvize.com.tr\/belcika\/vize-islemleri\/belcika-turist-vizesi\/#primaryimage\"},\"datePublished\":\"2021-10-26T12:56:59+00:00\",\"dateModified\":\"2022-03-28T14:03:20+00:00\",\"description\":\"Bel\\u00e7ika Turistik Vize Nas\\u0131l Al\\u0131n\\u0131r? Bel\\u00e7ika Turistik Vizesi Ba\\u015fvurusu Nas\\u0131l Yap\\u0131l\\u0131r? Bel\\u00e7ika Turist Vizesi Randevusu Nas\\u0131l Al\\u0131n\\u0131r?\",\"breadcrumb\":{\"@id\":\"https:\/\/www.myvize.com.tr\/belcika\/vize-islemleri\/belcika-turist-vizesi\/#breadcrumb\"},\"inLanguage\":\"tr\",\"potentialAction\":[{\"@type\":\"ReadAction\",\"target\":[\"https:\/\/www.myvize.com.tr\/belcika\/vize-islemleri\/belcika-turist-vizesi\/\"]}]},{\"@type\":\"BreadcrumbList\",\"@id\":\"https:\/\/www.myvize.com.tr\/belcika\/vize-islemleri\/belcika-turist-vizesi\/#breadcrumb\",\"itemListElement\":[{\"@type\":\"ListItem\",\"position\":1,\"item\":{\"@type\":\"WebPage\",\"@id\":\"https:\/\/www.myvize.com.tr\/belcika\/\",\"url\":\"https:\/\/www.myvize.com.tr\/belcika\/\",\"name\":\"Home\"}},{\"@type\":\"ListItem\",\"position\":2,\"item\":{\"@type\":\"WebPage\",\"@id\":\"https:\/\/www.myvize.com.tr\/belcika\/vize-islemleri\/\",\"url\":\"https:\/\/www.myvize.com.tr\/belcika\/vize-islemleri\/\",\"name\":\"V\\u0130ZE \\u0130\\u015eLEMLER\\u0130\"}},{\"@type\":\"ListItem\",\"position\":3,\"item\":{\"@id\":\"https:\/\/www.myvize.com.tr\/belcika\/vize-islemleri\/belcika-turist-vizesi\/#webpage\"}}]}]}<\/script>\n<!-- \/ Yoast SEO plugin. -->","_links":{"self":[{"href":"https:\/\/www.myvize.com.tr\/belcika\/wp-json\/wp\/v2\/pages\/728"}],"collection":[{"href":"https:\/\/www.myvize.com.tr\/belcika\/wp-json\/wp\/v2\/pages"}],"about":[{"href":"https:\/\/www.myvize.com.tr\/belcika\/wp-json\/wp\/v2\/types\/page"}],"author":[{"embeddable":true,"href":"https:\/\/www.myvize.com.tr\/belcika\/wp-json\/wp\/v2\/users\/1"}],"replies":[{"embeddable":true,"href":"https:\/\/www.myvize.com.tr\/belcika\/wp-json\/wp\/v2\/comments?post=728"}],"version-history":[{"count":5,"href":"https:\/\/www.myvize.com.tr\/belcika\/wp-json\/wp\/v2\/pages\/728\/revisions"}],"predecessor-version":[{"id":1021,"href":"https:\/\/www.myvize.com.tr\/belcika\/wp-json\/wp\/v2\/pages\/728\/revisions\/1021"}],"up":[{"embeddable":true,"href":"https:\/\/www.myvize.com.tr\/belcika\/wp-json\/wp\/v2\/pages\/18"}],"wp:attachment":[{"href":"https:\/\/www.myvize.com.tr\/belcika\/wp-json\/wp\/v2\/media?parent=728"}],"curies":[{"name":"wp","href":"https:\/\/api.w.org\/{rel}","templated":true}]}}