{"id":730,"date":"2021-10-26T15:57:22","date_gmt":"2021-10-26T12:57:22","guid":{"rendered":"https:\/\/www.myvize.com.tr\/belcika\/?page_id=730"},"modified":"2022-12-28T23:48:27","modified_gmt":"2022-12-28T20:48:27","slug":"belcika-ticari-vize","status":"publish","type":"page","link":"https:\/\/www.myvize.com.tr\/belcika\/vize-islemleri\/belcika-ticari-vize\/","title":{"rendered":"Bel\u00e7ika Ticari Vize"},"content":{"rendered":"","protected":false},"excerpt":{"rendered":"","protected":false},"author":1,"featured_media":0,"parent":18,"menu_order":0,"comment_status":"closed","ping_status":"closed","template":"","meta":[],"yoast_head":"<!-- This site is optimized with the Yoast SEO plugin v16.4 - https:\/\/yoast.com\/wordpress\/plugins\/seo\/ -->\n<title>Bel\u00e7ika Ticari vize nedir : nas\u0131l al\u0131n\u0131r? - MyVize<\/title>\n<meta name=\"description\" content=\"Bel\u00e7ika Ticari Vize Nas\u0131l Al\u0131n\u0131r? Bel\u00e7ika Ticari Vizesi \u0130\u015flemleri, Bel\u00e7ika Ticari Vizesi Alma \u015eartlar\u0131 Neler? Bel\u00e7ika Ticari Vize \u00dccreti.\" \/>\n<meta name=\"robots\" content=\"index, follow, max-snippet:-1, max-image-preview:large, max-video-preview:-1\" \/>\n<link rel=\"canonical\" href=\"https:\/\/www.myvize.com.tr\/belcika\/vize-islemleri\/belcika-ticari-vize\/\" \/>\n<meta property=\"og:locale\" content=\"tr_TR\" \/>\n<meta property=\"og:type\" content=\"article\" \/>\n<meta property=\"og:title\" content=\"Bel\u00e7ika Ticari vize nedir : nas\u0131l al\u0131n\u0131r? - MyVize\" \/>\n<meta property=\"og:description\" content=\"Bel\u00e7ika Ticari Vize Nas\u0131l Al\u0131n\u0131r? Bel\u00e7ika Ticari Vizesi \u0130\u015flemleri, Bel\u00e7ika Ticari Vizesi Alma \u015eartlar\u0131 Neler? Bel\u00e7ika Ticari Vize \u00dccreti.\" \/>\n<meta property=\"og:url\" content=\"https:\/\/www.myvize.com.tr\/belcika\/vize-islemleri\/belcika-ticari-vize\/\" \/>\n<meta property=\"og:site_name\" content=\"Bel\u00e7ika Vizesi\" \/>\n<meta property=\"article:modified_time\" content=\"2022-12-28T20:48:27+00:00\" \/>\n<meta name=\"twitter:card\" content=\"summary_large_image\" \/>\n<script type=\"application\/ld+json\" class=\"yoast-schema-graph\">{\"@context\":\"https:\/\/schema.org\",\"@graph\":[{\"@type\":\"WebSite\",\"@id\":\"https:\/\/www.myvize.com.tr\/belcika\/#website\",\"url\":\"https:\/\/www.myvize.com.tr\/belcika\/\",\"name\":\"Bel\\u00e7ika Vizesi\",\"description\":\"\",\"potentialAction\":[{\"@type\":\"SearchAction\",\"target\":\"https:\/\/www.myvize.com.tr\/belcika\/?s={search_term_string}\",\"query-input\":\"required name=search_term_string\"}],\"inLanguage\":\"tr\"},{\"@type\":\"WebPage\",\"@id\":\"https:\/\/www.myvize.com.tr\/belcika\/vize-islemleri\/belcika-ticari-vize\/#webpage\",\"url\":\"https:\/\/www.myvize.com.tr\/belcika\/vize-islemleri\/belcika-ticari-vize\/\",\"name\":\"Bel\\u00e7ika Ticari vize nedir : nas\\u0131l al\\u0131n\\u0131r? - MyVize\",\"isPartOf\":{\"@id\":\"https:\/\/www.myvize.com.tr\/belcika\/#website\"},\"datePublished\":\"2021-10-26T12:57:22+00:00\",\"dateModified\":\"2022-12-28T20:48:27+00:00\",\"description\":\"Bel\\u00e7ika Ticari Vize Nas\\u0131l Al\\u0131n\\u0131r? Bel\\u00e7ika Ticari Vizesi \\u0130\\u015flemleri, Bel\\u00e7ika Ticari Vizesi Alma \\u015eartlar\\u0131 Neler? Bel\\u00e7ika Ticari Vize \\u00dccreti.\",\"breadcrumb\":{\"@id\":\"https:\/\/www.myvize.com.tr\/belcika\/vize-islemleri\/belcika-ticari-vize\/#breadcrumb\"},\"inLanguage\":\"tr\",\"potentialAction\":[{\"@type\":\"ReadAction\",\"target\":[\"https:\/\/www.myvize.com.tr\/belcika\/vize-islemleri\/belcika-ticari-vize\/\"]}]},{\"@type\":\"BreadcrumbList\",\"@id\":\"https:\/\/www.myvize.com.tr\/belcika\/vize-islemleri\/belcika-ticari-vize\/#breadcrumb\",\"itemListElement\":[{\"@type\":\"ListItem\",\"position\":1,\"item\":{\"@type\":\"WebPage\",\"@id\":\"https:\/\/www.myvize.com.tr\/belcika\/\",\"url\":\"https:\/\/www.myvize.com.tr\/belcika\/\",\"name\":\"Home\"}},{\"@type\":\"ListItem\",\"position\":2,\"item\":{\"@type\":\"WebPage\",\"@id\":\"https:\/\/www.myvize.com.tr\/belcika\/vize-islemleri\/\",\"url\":\"https:\/\/www.myvize.com.tr\/belcika\/vize-islemleri\/\",\"name\":\"V\\u0130ZE \\u0130\\u015eLEMLER\\u0130\"}},{\"@type\":\"ListItem\",\"position\":3,\"item\":{\"@id\":\"https:\/\/www.myvize.com.tr\/belcika\/vize-islemleri\/belcika-ticari-vize\/#webpage\"}}]}]}<\/script>\n<!-- \/ Yoast SEO plugin. -->","_links":{"self":[{"href":"https:\/\/www.myvize.com.tr\/belcika\/wp-json\/wp\/v2\/pages\/730"}],"collection":[{"href":"https:\/\/www.myvize.com.tr\/belcika\/wp-json\/wp\/v2\/pages"}],"about":[{"href":"https:\/\/www.myvize.com.tr\/belcika\/wp-json\/wp\/v2\/types\/page"}],"author":[{"embeddable":true,"href":"https:\/\/www.myvize.com.tr\/belcika\/wp-json\/wp\/v2\/users\/1"}],"replies":[{"embeddable":true,"href":"https:\/\/www.myvize.com.tr\/belcika\/wp-json\/wp\/v2\/comments?post=730"}],"version-history":[{"count":6,"href":"https:\/\/www.myvize.com.tr\/belcika\/wp-json\/wp\/v2\/pages\/730\/revisions"}],"predecessor-version":[{"id":1120,"href":"https:\/\/www.myvize.com.tr\/belcika\/wp-json\/wp\/v2\/pages\/730\/revisions\/1120"}],"up":[{"embeddable":true,"href":"https:\/\/www.myvize.com.tr\/belcika\/wp-json\/wp\/v2\/pages\/18"}],"wp:attachment":[{"href":"https:\/\/www.myvize.com.tr\/belcika\/wp-json\/wp\/v2\/media?parent=730"}],"curies":[{"name":"wp","href":"https:\/\/api.w.org\/{rel}","templated":true}]}}