{"id":650,"date":"2021-08-09T14:53:47","date_gmt":"2021-08-09T11:53:47","guid":{"rendered":"https:\/\/www.myvize.com.tr\/bulgaristan\/?page_id=650"},"modified":"2022-03-30T23:43:45","modified_gmt":"2022-03-30T20:43:45","slug":"bulgaristan-vize-basvurusu","status":"publish","type":"page","link":"https:\/\/www.myvize.com.tr\/bulgaristan\/vize-islemleri\/bulgaristan-vize-basvurusu\/","title":{"rendered":"Bulgaristan Vize Ba\u015fvurusu"},"content":{"rendered":"<h2><span style=\"font-family: Roboto;\"><strong><span style=\"font-size: 27px;\">Bulgaristan Vize Ba\u015fvurusu Hakk\u0131nda<\/span><\/strong><\/span><\/h2>\n<p><span style=\"font-family: Roboto; font-size: 14px;\">Bulgaristan ile T\u00fcrkiye aras\u0131nda bir vize m\u00fclakat\u0131 yap\u0131l\u0131yor. Bu vize m\u00fclakat\u0131 gere\u011fince Umuma Mahsus yani Bordo Pasaport sahibiyseniz ve T\u00fcrkiye\u00a0 Cumhuriyeti vatanda\u015f\u0131ysan\u0131z\u00a0 T\u00fcrkiye\u2019de kal\u0131c\u0131 olarak oturum izni olan yabanc\u0131 \u00fclke vatanda\u015f\u0131ysan\u0131z \u00fclkeye seyahat edebilmeniz i\u00e7in <strong>Bulgaristan Konsoloslu\u011fu<\/strong> ya da Bulgaristan Ankara B\u00fcy\u00fckel\u00e7ili\u011fi\u2019ne vize ba\u015fvurunuzu yapman\u0131z gerekiyor. <span style=\"color: #2acec2;\"><strong><a style=\"color: #2acec2;\" href=\"https:\/\/www.myvize.com.tr\/bulgaristan\/konsolosluklar\/bulgaristan-konsoloslugu\/\" target=\"_blank\" rel=\"noopener\">Bulgaristan Konsoloslu\u011fu<\/a><\/strong> <\/span>k\u0131sa s\u00fcreli vize ba\u015fvurular\u0131n\u0131z i\u00e7in yapaca\u011f\u0131n\u0131z ba\u015fvurular\u0131n\u0131z\u0131 Vize Hizmet Merkezi arac\u0131l\u0131\u011f\u0131 ile kabul ediyor.<\/span><\/p>\n<p><span style=\"font-family: Roboto; font-size: 14px;\">K\u0131sa s\u00fcreli vize ba\u015fvurunuz i\u00e7in yani <span style=\"color: #2acec2;\"><strong><a style=\"color: #2acec2;\" href=\"https:\/\/www.myvize.com.tr\/bulgaristan\/vize-islemleri\/bulgaristan-turistik-vize\/\" target=\"_blank\" rel=\"noopener\">Bulgaristan Turistik Vizesi<\/a><\/strong> <\/span>ba\u015fvurusu , Bulgaristan Ticari Vizesi ba\u015fvurusu,\u00a0 Bulgaristan Transit Vizesi ba\u015fvurusu ve Bulgaristan Aile ziyareti ba\u015fvurusu\u00a0 gibi vize t\u00fcrleri i\u00e7in ba\u015fvurunuzu Vize Hizmet Merkezlerine yan\u0131labiliyorsunuz.\u00a0 Ancak Vize Hizmet Merkezi\u2019nin Bulgaristan vizesinin onaylanmas\u0131 i\u00e7in\u00a0 herhangi bir arac\u0131l\u0131k yapmas\u0131 m\u00fcmk\u00fcn de\u011fildir ve yapamaz. Vize ba\u015fvurular\u0131n\u0131z hakk\u0131ndaki kesin kararlar Bulgaristan Ba\u015fkonsoloslu\u011fu ve Bulgaristan B\u00fcy\u00fckel\u00e7ili\u011fi g\u00f6revlilerinin yetkilerine tabiidir.<\/span><\/p>\n<p><span style=\"font-family: Roboto; font-size: 14px;\"><img decoding=\"async\" class=\"aligncenter\" src=\"https:\/\/www.myvize.com.tr\/bulgaristan\/wp-content\/uploads\/2021\/09\/18.jpg\" \/><\/span><\/p>\n<p><span style=\"font-family: Roboto; font-size: 14px;\">Bulgaristan 2007 y\u0131l\u0131ndan beri Avrupa Birli\u011fi \u00fcyesi bir \u00fclkelerinden biridir.\u00a0 Ancak Schengen \u00fcye \u00fclkesi kapsam\u0131nda bulunmuyor. Bu sebepten dolay\u0131 \u00a0Bulgaristan vizeniz varsa veya <strong>Bulgaristan vizesi<\/strong> i\u00e7in ba\u015fvuru yapacaksan\u0131z\u00a0 ve T\u00fcrkiye Cumhuriyeti vatanda\u015f\u0131ysan\u0131z alaca\u011f\u0131n\u0131z\u00a0 Bulgaristan vizeleriniz ile Schengen \u00fcye \u00fclkelerine seyahat etme gibi bir hakk\u0131n\u0131z olmuyor. Ancak Pasaportunuzda ge\u00e7erlili\u011fi devam eden Schengen vizeniz varsa ve T\u00fcrkiye Cumhuriyeti vatanda\u015f\u0131ysan\u0131z ge\u00e7erlili\u011fi devam eden Schengen vizeniz ile Bulgaristan\u2019a giri\u015f yaparken sorun ya\u015fayabilirsiniz. Bu durumda \u00f6zellikle giri\u015f vizeleri i\u00e7in\u00a0 k\u0131s\u0131tlay\u0131c\u0131 bir uygulama s\u00f6z konusu olabiliyor. Bulgaristan&#8217;a hava yolu ile Bulgaristan vizesi olmadan giri\u015f yapmak istiyorsan\u0131z \u00a0veya Bulgaristan transit vizesiz olarak ge\u00e7mek istiyorsan\u0131z\u00a0 havaalan\u0131nda bekletiliyorsunuz ve hatta geldi\u011finiz \u00fclkeye geri de g\u00f6nderilebiliyorsunuz.<\/span><\/p>\n<p><span style=\"font-family: Roboto; font-size: 14px;\"><span style=\"color: #000000;\"><strong>Bulgaristan turistik vizesi<\/strong> <\/span>ba\u015fvurusu yapacaksan\u0131z bu vizenin k\u0131sa s\u00fcreli bir <strong>Bulgaristan vizesi<\/strong> oldu\u011funu bilmeniz gerekiyor.\u00a0 Bulgaristan turistik vizeniz en \u00e7ok 15 g\u00fcn olarak veriliyor. Ayr\u0131ca bu vize tek giri\u015fli oluyor. Uzun s\u00fcreli Bulgaristan vizesi almak istiyorsan\u0131z da\u00a0 ancak ticari ve \u00f6zel ziyaret dahilinde ba\u015fvuru yapman\u0131z \u00fczerine veriliyor.<\/span><\/p>\n<p><span style=\"font-family: Roboto; font-size: 14px;\"><strong>Bulgaristan vize ba\u015fvuru<\/strong> i\u015flemlerinde bulunacaksan\u0131z ve\u00a0 T\u00fcrkiye Cumhuriyeti vatanda\u015f\u0131ysan\u0131z bilmelisiniz ki\u00a0 <strong><a href=\"https:\/\/www.myvize.com.tr\/bulgaristan\/vize-islemleri\/bulgaristan-turistik-vize\/\" target=\"_blank\" rel=\"noopener\"><span style=\"color: #2acec2;\">Bulgaristan C vizesi<\/span><\/a><\/strong> k\u0131sa s\u00fcreli olan Bulgaristan vizesi kategorilerine dahildir.\u00a0<strong> Bulgaristan C vizeleri<\/strong> en \u00e7ok\u00a0 5 i\u015f g\u00fcn\u00fc i\u00e7erisinde sonu\u00e7lan\u0131yor.\u00a0 Bulgaristan vize i\u015flemlerinde bulunacaksan\u0131z ve\u00a0 T\u00fcrkiye Cumhuriyeti vatanda\u015f\u0131ysan\u0131z seyahat pl\u00e2n\u0131n\u0131zdan en az 15 g\u00fcn \u00f6nce vize ba\u015fvuru i\u015flemlerinize ba\u015flaman\u0131z\u0131 \u00f6neriyoruz.<\/span><\/p>\n<p><strong><img loading=\"lazy\" decoding=\"async\" src=\"https:\/\/www.myvize.com.tr\/romanya\/wp-content\/uploads\/2021\/07\/aDOBE-LOGO-1.png\" width=\"75\" height=\"75\" \/>\u00a0\u00a0\u00a0Bulgaristan Vizesi Ba\u015fvuru Formunu\u00a0\u00a0<a href=\"https:\/\/www.myvize.com.tr\/bulgaristan\/wp-content\/uploads\/2021\/12\/bulgaristan-basvuru-formu.pdf\" target=\"_blank\" rel=\"noreferrer noopener\">(<span style=\"color: #2acec2;\">\u0130ndirmek \u0130\u00e7in T\u0131klay\u0131n\u0131z!!<\/span>)<\/a><\/strong><\/p>\n","protected":false},"excerpt":{"rendered":"<p>Bulgaristan Vize Ba\u015fvurusu Hakk\u0131nda Bulgaristan ile T\u00fcrkiye aras\u0131nda bir vize m\u00fclakat\u0131 yap\u0131l\u0131yor. Bu vize m\u00fclakat\u0131 gere\u011fince Umuma Mahsus yani Bordo Pasaport sahibiyseniz ve T\u00fcrkiye\u00a0 Cumhuriyeti vatanda\u015f\u0131ysan\u0131z\u00a0 T\u00fcrkiye\u2019de kal\u0131c\u0131 olarak oturum izni olan yabanc\u0131 \u00fclke vatanda\u015f\u0131ysan\u0131z \u00fclkeye seyahat edebilmeniz i\u00e7in Bulgaristan Konsoloslu\u011fu ya da Bulgaristan Ankara B\u00fcy\u00fckel\u00e7ili\u011fi\u2019ne vize ba\u015fvurunuzu yapman\u0131z gerekiyor. Bulgaristan Konsoloslu\u011fu k\u0131sa s\u00fcreli vize<\/p>\n","protected":false},"author":1,"featured_media":0,"parent":18,"menu_order":0,"comment_status":"open","ping_status":"closed","template":"","meta":{"footnotes":""},"class_list":["post-650","page","type-page","status-publish","hentry"],"yoast_head":"<!-- This site is optimized with the Yoast SEO plugin v24.0 - https:\/\/yoast.com\/wordpress\/plugins\/seo\/ -->\n<title>Bulgaristan Vize Ba\u015fvurusu - Bulgaristan Vizesi - MyVize<\/title>\n<meta name=\"description\" content=\"Bulgaristan Vize Ba\u015fvurusu Nas\u0131l Yap\u0131l\u0131r? Bulgaristan Vize Ba\u015fvurusu 2022 G\u00fcncel Bilgileri. Bilgi \u0130\u00e7in Hemen Aray\u0131n: 0850 346 84 93\" \/>\n<meta name=\"robots\" content=\"index, follow, max-snippet:-1, max-image-preview:large, max-video-preview:-1\" \/>\n<link rel=\"canonical\" href=\"https:\/\/www.myvize.com.tr\/bulgaristan\/vize-islemleri\/bulgaristan-vize-basvurusu\/\" \/>\n<meta property=\"og:locale\" content=\"tr_TR\" \/>\n<meta property=\"og:type\" content=\"article\" \/>\n<meta property=\"og:title\" content=\"Bulgaristan Vize Ba\u015fvurusu - Bulgaristan Vizesi - MyVize\" \/>\n<meta property=\"og:description\" content=\"Bulgaristan Vize Ba\u015fvurusu Nas\u0131l Yap\u0131l\u0131r? Bulgaristan Vize Ba\u015fvurusu 2022 G\u00fcncel Bilgileri. Bilgi \u0130\u00e7in Hemen Aray\u0131n: 0850 346 84 93\" \/>\n<meta property=\"og:url\" content=\"https:\/\/www.myvize.com.tr\/bulgaristan\/vize-islemleri\/bulgaristan-vize-basvurusu\/\" \/>\n<meta property=\"og:site_name\" content=\"Bulgaristan Vize\" \/>\n<meta property=\"article:modified_time\" content=\"2022-03-30T20:43:45+00:00\" \/>\n<meta property=\"og:image\" content=\"https:\/\/www.myvize.com.tr\/bulgaristan\/wp-content\/uploads\/2021\/09\/18.jpg\" \/>\n<meta name=\"twitter:card\" content=\"summary_large_image\" \/>\n<meta name=\"twitter:label1\" content=\"Tahmini okuma s\u00fcresi\" \/>\n\t<meta name=\"twitter:data1\" content=\"2 dakika\" \/>\n<script type=\"application\/ld+json\" class=\"yoast-schema-graph\">{\"@context\":\"https:\/\/schema.org\",\"@graph\":[{\"@type\":\"WebPage\",\"@id\":\"https:\/\/www.myvize.com.tr\/bulgaristan\/vize-islemleri\/bulgaristan-vize-basvurusu\/\",\"url\":\"https:\/\/www.myvize.com.tr\/bulgaristan\/vize-islemleri\/bulgaristan-vize-basvurusu\/\",\"name\":\"Bulgaristan Vize Ba\u015fvurusu - Bulgaristan Vizesi - MyVize\",\"isPartOf\":{\"@id\":\"https:\/\/www.myvize.com.tr\/bulgaristan\/#website\"},\"primaryImageOfPage\":{\"@id\":\"https:\/\/www.myvize.com.tr\/bulgaristan\/vize-islemleri\/bulgaristan-vize-basvurusu\/#primaryimage\"},\"image\":{\"@id\":\"https:\/\/www.myvize.com.tr\/bulgaristan\/vize-islemleri\/bulgaristan-vize-basvurusu\/#primaryimage\"},\"thumbnailUrl\":\"https:\/\/www.myvize.com.tr\/bulgaristan\/wp-content\/uploads\/2021\/09\/18.jpg\",\"datePublished\":\"2021-08-09T11:53:47+00:00\",\"dateModified\":\"2022-03-30T20:43:45+00:00\",\"description\":\"Bulgaristan Vize Ba\u015fvurusu Nas\u0131l Yap\u0131l\u0131r? Bulgaristan Vize Ba\u015fvurusu 2022 G\u00fcncel Bilgileri. Bilgi \u0130\u00e7in Hemen Aray\u0131n: 0850 346 84 93\",\"breadcrumb\":{\"@id\":\"https:\/\/www.myvize.com.tr\/bulgaristan\/vize-islemleri\/bulgaristan-vize-basvurusu\/#breadcrumb\"},\"inLanguage\":\"tr\",\"potentialAction\":[{\"@type\":\"ReadAction\",\"target\":[\"https:\/\/www.myvize.com.tr\/bulgaristan\/vize-islemleri\/bulgaristan-vize-basvurusu\/\"]}]},{\"@type\":\"ImageObject\",\"inLanguage\":\"tr\",\"@id\":\"https:\/\/www.myvize.com.tr\/bulgaristan\/vize-islemleri\/bulgaristan-vize-basvurusu\/#primaryimage\",\"url\":\"https:\/\/www.myvize.com.tr\/bulgaristan\/wp-content\/uploads\/2021\/09\/18.jpg\",\"contentUrl\":\"https:\/\/www.myvize.com.tr\/bulgaristan\/wp-content\/uploads\/2021\/09\/18.jpg\",\"width\":800,\"height\":500,\"caption\":\"Bulgaristan Vize Ba\u015fvurusu\"},{\"@type\":\"BreadcrumbList\",\"@id\":\"https:\/\/www.myvize.com.tr\/bulgaristan\/vize-islemleri\/bulgaristan-vize-basvurusu\/#breadcrumb\",\"itemListElement\":[{\"@type\":\"ListItem\",\"position\":1,\"name\":\"Anasayfa\",\"item\":\"https:\/\/www.myvize.com.tr\/bulgaristan\/\"},{\"@type\":\"ListItem\",\"position\":2,\"name\":\"V\u0130ZE \u0130\u015eLEMLER\u0130\",\"item\":\"https:\/\/www.myvize.com.tr\/bulgaristan\/vize-islemleri\/\"},{\"@type\":\"ListItem\",\"position\":3,\"name\":\"Bulgaristan Vize Ba\u015fvurusu\"}]},{\"@type\":\"WebSite\",\"@id\":\"https:\/\/www.myvize.com.tr\/bulgaristan\/#website\",\"url\":\"https:\/\/www.myvize.com.tr\/bulgaristan\/\",\"name\":\"Bulgaristan Vize\",\"description\":\"Bulgaristan vize istiyor mu?\",\"potentialAction\":[{\"@type\":\"SearchAction\",\"target\":{\"@type\":\"EntryPoint\",\"urlTemplate\":\"https:\/\/www.myvize.com.tr\/bulgaristan\/?s={search_term_string}\"},\"query-input\":{\"@type\":\"PropertyValueSpecification\",\"valueRequired\":true,\"valueName\":\"search_term_string\"}}],\"inLanguage\":\"tr\"}]}<\/script>\n<!-- \/ Yoast SEO plugin. -->","yoast_head_json":{"title":"Bulgaristan Vize Ba\u015fvurusu - Bulgaristan Vizesi - MyVize","description":"Bulgaristan Vize Ba\u015fvurusu Nas\u0131l Yap\u0131l\u0131r? Bulgaristan Vize Ba\u015fvurusu 2022 G\u00fcncel Bilgileri. Bilgi \u0130\u00e7in Hemen Aray\u0131n: 0850 346 84 93","robots":{"index":"index","follow":"follow","max-snippet":"max-snippet:-1","max-image-preview":"max-image-preview:large","max-video-preview":"max-video-preview:-1"},"canonical":"https:\/\/www.myvize.com.tr\/bulgaristan\/vize-islemleri\/bulgaristan-vize-basvurusu\/","og_locale":"tr_TR","og_type":"article","og_title":"Bulgaristan Vize Ba\u015fvurusu - Bulgaristan Vizesi - MyVize","og_description":"Bulgaristan Vize Ba\u015fvurusu Nas\u0131l Yap\u0131l\u0131r? Bulgaristan Vize Ba\u015fvurusu 2022 G\u00fcncel Bilgileri. Bilgi \u0130\u00e7in Hemen Aray\u0131n: 0850 346 84 93","og_url":"https:\/\/www.myvize.com.tr\/bulgaristan\/vize-islemleri\/bulgaristan-vize-basvurusu\/","og_site_name":"Bulgaristan Vize","article_modified_time":"2022-03-30T20:43:45+00:00","og_image":[{"url":"https:\/\/www.myvize.com.tr\/bulgaristan\/wp-content\/uploads\/2021\/09\/18.jpg","type":"","width":"","height":""}],"twitter_card":"summary_large_image","twitter_misc":{"Tahmini okuma s\u00fcresi":"2 dakika"},"schema":{"@context":"https:\/\/schema.org","@graph":[{"@type":"WebPage","@id":"https:\/\/www.myvize.com.tr\/bulgaristan\/vize-islemleri\/bulgaristan-vize-basvurusu\/","url":"https:\/\/www.myvize.com.tr\/bulgaristan\/vize-islemleri\/bulgaristan-vize-basvurusu\/","name":"Bulgaristan Vize Ba\u015fvurusu - Bulgaristan Vizesi - MyVize","isPartOf":{"@id":"https:\/\/www.myvize.com.tr\/bulgaristan\/#website"},"primaryImageOfPage":{"@id":"https:\/\/www.myvize.com.tr\/bulgaristan\/vize-islemleri\/bulgaristan-vize-basvurusu\/#primaryimage"},"image":{"@id":"https:\/\/www.myvize.com.tr\/bulgaristan\/vize-islemleri\/bulgaristan-vize-basvurusu\/#primaryimage"},"thumbnailUrl":"https:\/\/www.myvize.com.tr\/bulgaristan\/wp-content\/uploads\/2021\/09\/18.jpg","datePublished":"2021-08-09T11:53:47+00:00","dateModified":"2022-03-30T20:43:45+00:00","description":"Bulgaristan Vize Ba\u015fvurusu Nas\u0131l Yap\u0131l\u0131r? Bulgaristan Vize Ba\u015fvurusu 2022 G\u00fcncel Bilgileri. Bilgi \u0130\u00e7in Hemen Aray\u0131n: 0850 346 84 93","breadcrumb":{"@id":"https:\/\/www.myvize.com.tr\/bulgaristan\/vize-islemleri\/bulgaristan-vize-basvurusu\/#breadcrumb"},"inLanguage":"tr","potentialAction":[{"@type":"ReadAction","target":["https:\/\/www.myvize.com.tr\/bulgaristan\/vize-islemleri\/bulgaristan-vize-basvurusu\/"]}]},{"@type":"ImageObject","inLanguage":"tr","@id":"https:\/\/www.myvize.com.tr\/bulgaristan\/vize-islemleri\/bulgaristan-vize-basvurusu\/#primaryimage","url":"https:\/\/www.myvize.com.tr\/bulgaristan\/wp-content\/uploads\/2021\/09\/18.jpg","contentUrl":"https:\/\/www.myvize.com.tr\/bulgaristan\/wp-content\/uploads\/2021\/09\/18.jpg","width":800,"height":500,"caption":"Bulgaristan Vize Ba\u015fvurusu"},{"@type":"BreadcrumbList","@id":"https:\/\/www.myvize.com.tr\/bulgaristan\/vize-islemleri\/bulgaristan-vize-basvurusu\/#breadcrumb","itemListElement":[{"@type":"ListItem","position":1,"name":"Anasayfa","item":"https:\/\/www.myvize.com.tr\/bulgaristan\/"},{"@type":"ListItem","position":2,"name":"V\u0130ZE \u0130\u015eLEMLER\u0130","item":"https:\/\/www.myvize.com.tr\/bulgaristan\/vize-islemleri\/"},{"@type":"ListItem","position":3,"name":"Bulgaristan Vize Ba\u015fvurusu"}]},{"@type":"WebSite","@id":"https:\/\/www.myvize.com.tr\/bulgaristan\/#website","url":"https:\/\/www.myvize.com.tr\/bulgaristan\/","name":"Bulgaristan Vize","description":"Bulgaristan vize istiyor mu?","potentialAction":[{"@type":"SearchAction","target":{"@type":"EntryPoint","urlTemplate":"https:\/\/www.myvize.com.tr\/bulgaristan\/?s={search_term_string}"},"query-input":{"@type":"PropertyValueSpecification","valueRequired":true,"valueName":"search_term_string"}}],"inLanguage":"tr"}]}},"_links":{"self":[{"href":"https:\/\/www.myvize.com.tr\/bulgaristan\/wp-json\/wp\/v2\/pages\/650","targetHints":{"allow":["GET"]}}],"collection":[{"href":"https:\/\/www.myvize.com.tr\/bulgaristan\/wp-json\/wp\/v2\/pages"}],"about":[{"href":"https:\/\/www.myvize.com.tr\/bulgaristan\/wp-json\/wp\/v2\/types\/page"}],"author":[{"embeddable":true,"href":"https:\/\/www.myvize.com.tr\/bulgaristan\/wp-json\/wp\/v2\/users\/1"}],"replies":[{"embeddable":true,"href":"https:\/\/www.myvize.com.tr\/bulgaristan\/wp-json\/wp\/v2\/comments?post=650"}],"version-history":[{"count":9,"href":"https:\/\/www.myvize.com.tr\/bulgaristan\/wp-json\/wp\/v2\/pages\/650\/revisions"}],"predecessor-version":[{"id":1442,"href":"https:\/\/www.myvize.com.tr\/bulgaristan\/wp-json\/wp\/v2\/pages\/650\/revisions\/1442"}],"up":[{"embeddable":true,"href":"https:\/\/www.myvize.com.tr\/bulgaristan\/wp-json\/wp\/v2\/pages\/18"}],"wp:attachment":[{"href":"https:\/\/www.myvize.com.tr\/bulgaristan\/wp-json\/wp\/v2\/media?parent=650"}],"curies":[{"name":"wp","href":"https:\/\/api.w.org\/{rel}","templated":true}]}}