{"id":166,"date":"2020-12-24T12:31:20","date_gmt":"2020-12-24T09:31:20","guid":{"rendered":"https:\/\/www.myvize.com.tr\/cezayir\/?page_id=166"},"modified":"2022-03-31T15:32:05","modified_gmt":"2022-03-31T12:32:05","slug":"vatandaslik","status":"publish","type":"page","link":"https:\/\/www.myvize.com.tr\/cezayir\/vatandaslik\/","title":{"rendered":"VATANDA\u015eLIK"},"content":{"rendered":"<p><span style=\"font-family: Roboto;\"><\/span><\/p>\r\n<p><span style=\"font-family: Roboto; font-size: 14px;\"><strong>Cezayir vatanda\u015fl\u0131\u011f\u0131n\u0131<\/strong> kazanabilmek i\u00e7in ki\u015filerin kendi iradeleri ile ba\u015fvuru ger\u00e7ekle\u015ftirmeleri gerekiyor. Yabanc\u0131 ki\u015filerin yapaca\u011f\u0131 bu i\u015flemlerde hem \u00e7e\u015fitli kriterlerin yerine getirilmesi gereklidir hem de ki\u015filerin t\u00fcm i\u015flemleri bireysel olarak yapmas\u0131 \u00f6nemlidir. <strong>Cezayir vatanda\u015f\u0131<\/strong> olmak i\u00e7in ba\u015fvuru yapan ki\u015filerin \u00fclkede kal\u0131c\u0131 \u015fekilde ikamet etmesi \u00f6nemli kriterler aras\u0131ndad\u0131r. Ki\u015filer 7 sene boyunca e\u011fer \u00fclkede ya\u015fam\u0131\u015flarsa do\u011fal olarak bu ba\u015fvuruyu ger\u00e7ekle\u015ftirme hakk\u0131na da sahip olabiliyorlar.<\/span><\/p>\r\n<p><span style=\"font-family: Roboto; font-size: 14px;\">\r\n\r\n<\/span><\/p>\r\n<p><span style=\"font-family: Roboto; font-size: 14px;\">Bu ki\u015filer vatanda\u015fl\u0131k hakk\u0131n\u0131 elde ettiklerinde \u00fclkenin sunmu\u015f oldu\u011fu her haktan da fazlas\u0131 ile yararlanma \u015fans\u0131 elde etmektedir. Cezayir\u2019de ki t\u00fcm e\u011fitim, sa\u011fl\u0131k, kamu hizmetlerinden yararlanabilecek olan ki\u015filerin bu s\u00fcre\u00e7te istenilen prosed\u00fcrleri de yerine getirmesi gerekiyor.<\/span><\/p>\r\n<p><span style=\"font-family: Roboto; font-size: 14px;\">\r\n\r\n<\/span><\/p>\r\n<h2><span style=\"font-family: Roboto; font-size: 27px;\"><strong>Cezayir Vatanda\u015fl\u0131k \u0130\u015flemleri Neler?<\/strong><\/span><\/h2>\r\n<p><span style=\"font-family: Roboto; font-size: 14px;\">\r\n\r\n<\/span><\/p>\r\n<p><span style=\"font-family: Roboto; font-size: 14px;\">Ki\u015filerin Cezayir vatanda\u015fl\u0131\u011f\u0131n\u0131 kazanmada en s\u0131k tercih ettikleri yollardan birisi evlenme yoludur. Ancak ki\u015filerin evlenme yolu ile Cezayir vatanda\u015fl\u0131\u011f\u0131 kazanmas\u0131 sonucunda bu evlili\u011fi belirli bir s\u00fcre devam ettirmesi gereklidir. Resmi kurumlar\u0131n evlilik i\u015flemlerinin ger\u00e7ek oldu\u011fundan emin olduklar\u0131nda ve gerekli s\u00fcre\u00e7 tamamland\u0131\u011f\u0131nda vatanda\u015fl\u0131\u011fa ge\u00e7i\u015f de tamamlanacakt\u0131r.<\/span><\/p>\r\n<p><span style=\"font-family: Roboto; font-size: 14px;\">\r\n\r\n<\/span><\/p>\r\n<p><span style=\"font-family: Roboto; font-size: 14px;\"><strong>Oturma izni<\/strong> ile vatanda\u015fl\u0131\u011fa ge\u00e7me hakk\u0131 da ki\u015filere sunulan yollardan biridir. Bunun ki\u015filerin \u00f6ncelikle 7 sene boyunca mutlaka \u00fclkede ikamet ediyor olmas\u0131 gerekiyor. Ayn\u0131 zamanda bu ba\u015fvuruyu yapan ki\u015finin mutlaka 18 ya\u015f\u0131n\u0131 doldurmu\u015f olmas\u0131 \u015fart\u0131 da vard\u0131r. Ki\u015filerin ba\u015fvuru s\u0131ras\u0131nda \u00e7e\u015fitli testlerden ge\u00e7irilmesi de prosed\u00fcrlerden biridir. Testleri ba\u015far\u0131 ile ge\u00e7en ve herhangi bir psikolojik sorunu bulunmayan ki\u015filer <strong>Cezayir vatanda\u015f\u0131<\/strong> olabiliyor.<\/span><\/p>\r\n<p><span style=\"font-family: Roboto; font-size: 14px;\"> <img decoding=\"async\" src=\"https:\/\/www.myvize.com.tr\/cezayir\/wp-content\/uploads\/2021\/10\/20.jpg\" \/> <\/span><\/p>\r\n<h2><span style=\"font-family: Roboto; font-size: 27px;\"><strong>Cezayir \u00c7ifte Vatanda\u015fl\u0131k<\/strong><\/span><\/h2>\r\n<p><span style=\"font-family: Roboto; font-size: 14px;\">\r\n\r\n<\/span><\/p>\r\n<p><span style=\"font-family: Roboto; font-size: 14px;\">Cezayir vatanda\u015fl\u0131\u011f\u0131na ge\u00e7meyi d\u00fc\u015f\u00fcnen ki\u015filerin merak etti\u011fi konulardan birisi de \u00e7ifte vatanda\u015fl\u0131k durumudur. Uluslararas\u0131 alanda imzalanan anla\u015fmalara uygun olarak ki\u015filer kendi \u00fclkelerinin vatanda\u015fl\u0131\u011f\u0131ndan \u00e7\u0131kmadan da <strong>Cezayir vatanda\u015f\u0131<\/strong> olabilme hakk\u0131na sahip oluyorlar. Ayn\u0131 zamanda ki\u015filer bu \u00fclkede do\u011fmu\u015flarsa vatanda\u015fl\u0131\u011f\u0131 do\u011fal olarak kazanm\u0131\u015f say\u0131lmaktad\u0131r.<\/span><\/p>\r\n<h2><span style=\"font-family: Roboto; font-size: 27px;\"><b>Cezayir Vatanda\u015fl\u0131k \u0130\u015flemleri<\/b><\/span><\/h2>\r\n<p><span style=\"font-family: Roboto; font-size: 14px;\">Cezayir\u2019de belli bir s\u00fcre resmi olarak ikamet etmi\u015f ki\u015fi i\u00e7in sa\u011flanan <strong>Cezayir vatanda\u015fl\u0131\u011f\u0131<\/strong> alabilmek i\u00e7in gereken ko\u015fulun yerine getirilmesi gerekmekte. 7 y\u0131l Cezayir\u2019de resm\u00ee olarak ikamet eden yabanc\u0131 uyruk ki\u015fi gerekli ko\u015fulu sa\u011flamas\u0131 durumunda Cezayir vatanda\u015fl\u0131\u011f\u0131na ge\u00e7ebilir.<\/span><br \/><span style=\"font-family: Roboto; font-size: 14px;\"><strong>Cezayir vatanda\u015fl\u0131\u011f\u0131<\/strong> taleplerinde bulunan ki\u015filerin \u00fclkeye olan k\u00fclt\u00fcrel ve dilsel uyumu de\u011ferlendirilmekte. Cezayir vatanda\u015fl\u0131\u011fa ge\u00e7mek isteyen ki\u015fi sab\u0131ka kayd\u0131n\u0131 da temiz olmas\u0131 gerekmekte. Cezayir vatanda\u015fl\u0131\u011f\u0131na sahip olmas\u0131n\u0131n \u00e7e\u015fitli yolu vard\u0131r. Bunlardan ilki t\u00fcm ulus i\u00e7in ge\u00e7erli olan do\u011fumda, k\u00f6kende kazan\u0131lan vatanda\u015fl\u0131kt\u0131r. Do\u011fumdan kazan\u0131lan vatanda\u015fl\u0131k d\u0131\u015f\u0131nda<strong> Cezayir vatanda\u015fl\u0131\u011f\u0131<\/strong> ebeveyn \u00fczerinde de ger\u00e7ekle\u015febilmekte.<\/span><br \/><span style=\"font-family: Roboto; font-size: 14px;\">Cezayirli bir anneden ya da babadan olan ki\u015fi ebeveyni \u00fczerinden <strong>Cezayir vatanda\u015fl\u0131\u011fa<\/strong> sahip olabilir. Ebeveyn \u00fczerinden vatanda\u015fl\u0131k talebi bulunan ki\u015finin do\u011fum yeri bak\u0131lmaz, anne ya da baban\u0131n do\u011fum yeri g\u00f6re vatanda\u015fl\u0131k kazan\u0131r.<\/span><br \/><span style=\"font-family: Roboto; font-size: 14px;\">Kan ba\u011f ve do\u011fumla kazan\u0131lan vatanda\u015fl\u0131k d\u0131\u015f\u0131nda Cezayir\u2019de ya\u015fayan yabanc\u0131 uyruk g\u00f6\u00e7menin <strong>Cezayir vatanda\u015fl\u0131\u011fa<\/strong> ge\u00e7i\u015fi i\u00e7in birden fazla yol bulunmakta. Cezayir\u2019de oturum s\u00fcre, Cezayir\u2019e geli\u015f neden, <strong>Cezayir oturma izni<\/strong> derece gibi kriter yabanc\u0131 uyruklu ki\u015finin Cezayir vatanda\u015fl\u0131\u011fa ge\u00e7i\u015finde hangi yasada faydalanabilece\u011fini g\u00f6stermesi bak\u0131m\u0131ndan belirleyici.<\/span><\/p>\r\n<p><span style=\"font-family: Roboto; font-size: 14px;\"><span style=\"color: #2acec2;\"><strong><a style=\"color: #2acec2;\" href=\"https:\/\/www.myvize.com.tr\/cezayir\/form-ve-dilekce\/cezayir-vize-basvuru-formu\/\" target=\"_blank\" rel=\"noopener\">Cezayir Vize Ba\u015fvuru Formu<\/a><\/strong><\/span> ile ilgili bilgi almak i\u00e7in bizi aray\u0131n.<\/span><\/p>\r\n<h2><strong><span style=\"font-family: Roboto; font-size: 27px;\">Cezayir Vatanda\u015fl\u0131\u011f\u0131<\/span><\/strong><\/h2>\r\n<p><span style=\"font-family: Roboto; font-size: 14px;\"><strong>Cezayir vatanda\u015fl\u0131\u011f\u0131<\/strong> alma durumu<strong> Cezayir H\u00fck\u00fcmeti<\/strong> taraf\u0131ndan yasalar ile belirlenmi\u015ftir. 1970 y\u0131l\u0131nda \u00e7\u0131kar\u0131lan \u0130kinci Vatanda\u015fl\u0131k Yasas\u0131 ile din ile ilgili yap\u0131lan at\u0131flar kald\u0131r\u0131lm\u0131\u015ft\u0131r. Anne ve baban\u0131n vatanda\u015fl\u0131\u011f\u0131 \u00fczerinden \u00e7ocuklar\u0131na da vatanda\u015fl\u0131k hakk\u0131 verilmi\u015ftir. Ebeveyn \u00fczerinden <strong>Cezayir vatanda\u015fl\u0131\u011f\u0131<\/strong> ba\u015fvurusunda bulunan ki\u015filer do\u011fum yerine bak\u0131lmadan anne ya da baban\u0131n do\u011fum yerine g\u00f6re vatanda\u015fl\u0131k kazanmaktad\u0131r.<\/span><\/p>\r\n<p><span style=\"font-family: Roboto; font-size: 14px;\">Kan ba\u011f\u0131 haricinde Cezayir vatanda\u015fl\u0131\u011f\u0131na ge\u00e7i\u015f i\u00e7in farkl\u0131 yollar bulunmaktad\u0131r. <strong>Cezayir vatanda\u015fl\u0131\u011f\u0131<\/strong> oturum s\u00fcresine, <strong>Cezayir oturma izni<\/strong> derecesine ve Cezayir\u2019e geli\u015f nedenine g\u00f6re verilmektedir. Cezayir\u2019de yasal olarak belirli bir s\u00fcre ikamet etmi\u015f olan ki\u015filer ge\u00e7erli olan di\u011fer durumlar\u0131n sa\u011flanmas\u0131 durumunda <strong>Cezayir vatanda\u015fl\u0131\u011f\u0131<\/strong> al\u0131nabilir. Oturum yolu ile<strong> Cezayir vatanda\u015fl\u0131\u011f\u0131<\/strong> alacak olan ki\u015filer en az 7 y\u0131l Cezayir\u2019de yasal olarak ikamet etmelidir.<\/span><\/p>\r\n<p><span style=\"font-family: Roboto; font-size: 14px;\"><strong>Cezayir vatanda\u015fl\u0131k<\/strong> ba\u015fvuru sahibinin mesleki durumu, ekonomik durumu, e\u011fitim durumu, ailevi durumu incelenmektedir. Bu durumlara ba\u011fl\u0131 olarak vatanda\u015fl\u0131k i\u00e7in karar verilmektedir. Ayr\u0131ca <strong>Cezayir vatanda\u015fl\u0131k<\/strong> ba\u015fvurusunda bulunacak olan ki\u015filerin Cezayir resmi dillerinden en az birisini iyi derecede bilmelidir. Ayr\u0131ca Cezayir tarihi, hukuku, anayasas\u0131, toplum ya\u015fam\u0131 hakk\u0131nda bilgi sahibi olmal\u0131 ve vatanda\u015fl\u0131k s\u0131nav\u0131n\u0131 ba\u015far\u0131l\u0131 olarak ge\u00e7ebilmektedir.<\/span><\/p>\r\n<p><span style=\"font-family: Roboto; font-size: 14px;\"><strong>Cezayir vatanda\u015fl\u0131\u011f\u0131<\/strong> ayr\u0131ca evlilik, Cezayir itibar\u0131n\u0131 artt\u0131racak durumlarda ve Cezayir menfaatleri durumunda verilebilmektedir.<\/span><\/p>\r\n<p><span style=\"font-family: Roboto; font-size: 14px;\"><span style=\"color: #2acec2;\"><a style=\"color: #2acec2;\" href=\"https:\/\/www.myvize.com.tr\/cezayir\/vize-islemleri\/cezayir-vizesi-icin-gerekli-evraklar\/\" target=\"_blank\" rel=\"noopener\"><strong>Cezayir Vizesi \u0130\u00e7in Gerekli Evraklar <\/strong><\/a><\/span>ile ilgili bilgi almak i\u00e7in aray\u0131n.<\/span><\/p>\r\n<p><span style=\"font-family: Roboto;\"><\/span><\/p>","protected":false},"excerpt":{"rendered":"<p>Cezayir vatanda\u015fl\u0131\u011f\u0131n\u0131 kazanabilmek i\u00e7in ki\u015filerin kendi iradeleri ile ba\u015fvuru ger\u00e7ekle\u015ftirmeleri gerekiyor. Yabanc\u0131 ki\u015filerin yapaca\u011f\u0131 bu i\u015flemlerde hem \u00e7e\u015fitli kriterlerin yerine getirilmesi gereklidir hem de ki\u015filerin t\u00fcm i\u015flemleri bireysel olarak yapmas\u0131 \u00f6nemlidir. Cezayir vatanda\u015f\u0131 olmak i\u00e7in ba\u015fvuru yapan ki\u015filerin \u00fclkede kal\u0131c\u0131 \u015fekilde ikamet etmesi \u00f6nemli kriterler aras\u0131ndad\u0131r. Ki\u015filer 7 sene boyunca e\u011fer \u00fclkede ya\u015fam\u0131\u015flarsa do\u011fal olarak<\/p>\n","protected":false},"author":1,"featured_media":0,"parent":0,"menu_order":0,"comment_status":"open","ping_status":"closed","template":"","meta":{"_joinchat":[],"footnotes":""},"class_list":["post-166","page","type-page","status-publish","hentry"],"yoast_head":"<!-- This site is optimized with the Yoast SEO plugin v24.0 - https:\/\/yoast.com\/wordpress\/plugins\/seo\/ -->\n<title>Cezayir Vatanda\u015fl\u0131k \u0130\u015flemleri - Cezayir Vizesi - MyVize<\/title>\n<meta name=\"description\" content=\"Cezayir Vatanda\u015fl\u0131k \u0130\u015flemleri Nas\u0131l Yap\u0131l\u0131r? Cezayir Vatanda\u015fl\u0131\u011f\u0131 Nas\u0131l Al\u0131n\u0131r? Cezayir Vatanda\u015fl\u0131k \u015eartlar\u0131 Neler 2022?\" \/>\n<meta name=\"robots\" content=\"index, follow, max-snippet:-1, max-image-preview:large, max-video-preview:-1\" \/>\n<link rel=\"canonical\" href=\"https:\/\/www.myvize.com.tr\/cezayir\/vatandaslik\/\" \/>\n<meta property=\"og:locale\" content=\"tr_TR\" \/>\n<meta property=\"og:type\" content=\"article\" \/>\n<meta property=\"og:title\" content=\"Cezayir Vatanda\u015fl\u0131k \u0130\u015flemleri - Cezayir Vizesi - MyVize\" \/>\n<meta property=\"og:description\" content=\"Cezayir Vatanda\u015fl\u0131k \u0130\u015flemleri Nas\u0131l Yap\u0131l\u0131r? Cezayir Vatanda\u015fl\u0131\u011f\u0131 Nas\u0131l Al\u0131n\u0131r? Cezayir Vatanda\u015fl\u0131k \u015eartlar\u0131 Neler 2022?\" \/>\n<meta property=\"og:url\" content=\"https:\/\/www.myvize.com.tr\/cezayir\/vatandaslik\/\" \/>\n<meta property=\"og:site_name\" content=\"Cezayir Vizesi\" \/>\n<meta property=\"article:modified_time\" content=\"2022-03-31T12:32:05+00:00\" \/>\n<meta property=\"og:image\" content=\"https:\/\/www.myvize.com.tr\/cezayir\/wp-content\/uploads\/2021\/10\/20.jpg\" \/>\n<meta name=\"twitter:card\" content=\"summary_large_image\" \/>\n<meta name=\"twitter:label1\" content=\"Tahmini okuma s\u00fcresi\" \/>\n\t<meta name=\"twitter:data1\" content=\"3 dakika\" \/>\n<script type=\"application\/ld+json\" class=\"yoast-schema-graph\">{\"@context\":\"https:\/\/schema.org\",\"@graph\":[{\"@type\":\"WebPage\",\"@id\":\"https:\/\/www.myvize.com.tr\/cezayir\/vatandaslik\/\",\"url\":\"https:\/\/www.myvize.com.tr\/cezayir\/vatandaslik\/\",\"name\":\"Cezayir Vatanda\u015fl\u0131k \u0130\u015flemleri - Cezayir Vizesi - MyVize\",\"isPartOf\":{\"@id\":\"https:\/\/www.myvize.com.tr\/cezayir\/#website\"},\"primaryImageOfPage\":{\"@id\":\"https:\/\/www.myvize.com.tr\/cezayir\/vatandaslik\/#primaryimage\"},\"image\":{\"@id\":\"https:\/\/www.myvize.com.tr\/cezayir\/vatandaslik\/#primaryimage\"},\"thumbnailUrl\":\"https:\/\/www.myvize.com.tr\/cezayir\/wp-content\/uploads\/2021\/10\/20.jpg\",\"datePublished\":\"2020-12-24T09:31:20+00:00\",\"dateModified\":\"2022-03-31T12:32:05+00:00\",\"description\":\"Cezayir Vatanda\u015fl\u0131k \u0130\u015flemleri Nas\u0131l Yap\u0131l\u0131r? Cezayir Vatanda\u015fl\u0131\u011f\u0131 Nas\u0131l Al\u0131n\u0131r? Cezayir Vatanda\u015fl\u0131k \u015eartlar\u0131 Neler 2022?\",\"breadcrumb\":{\"@id\":\"https:\/\/www.myvize.com.tr\/cezayir\/vatandaslik\/#breadcrumb\"},\"inLanguage\":\"tr\",\"potentialAction\":[{\"@type\":\"ReadAction\",\"target\":[\"https:\/\/www.myvize.com.tr\/cezayir\/vatandaslik\/\"]}]},{\"@type\":\"ImageObject\",\"inLanguage\":\"tr\",\"@id\":\"https:\/\/www.myvize.com.tr\/cezayir\/vatandaslik\/#primaryimage\",\"url\":\"https:\/\/www.myvize.com.tr\/cezayir\/wp-content\/uploads\/2021\/10\/20.jpg\",\"contentUrl\":\"https:\/\/www.myvize.com.tr\/cezayir\/wp-content\/uploads\/2021\/10\/20.jpg\",\"width\":800,\"height\":500,\"caption\":\"Cezayir Vatanda\u015fl\u0131k\"},{\"@type\":\"BreadcrumbList\",\"@id\":\"https:\/\/www.myvize.com.tr\/cezayir\/vatandaslik\/#breadcrumb\",\"itemListElement\":[{\"@type\":\"ListItem\",\"position\":1,\"name\":\"Anasayfa\",\"item\":\"https:\/\/www.myvize.com.tr\/cezayir\/\"},{\"@type\":\"ListItem\",\"position\":2,\"name\":\"VATANDA\u015eLIK\"}]},{\"@type\":\"WebSite\",\"@id\":\"https:\/\/www.myvize.com.tr\/cezayir\/#website\",\"url\":\"https:\/\/www.myvize.com.tr\/cezayir\/\",\"name\":\"Cezayir Vizesi\",\"description\":\"\",\"potentialAction\":[{\"@type\":\"SearchAction\",\"target\":{\"@type\":\"EntryPoint\",\"urlTemplate\":\"https:\/\/www.myvize.com.tr\/cezayir\/?s={search_term_string}\"},\"query-input\":{\"@type\":\"PropertyValueSpecification\",\"valueRequired\":true,\"valueName\":\"search_term_string\"}}],\"inLanguage\":\"tr\"}]}<\/script>\n<!-- \/ Yoast SEO plugin. -->","yoast_head_json":{"title":"Cezayir Vatanda\u015fl\u0131k \u0130\u015flemleri - Cezayir Vizesi - MyVize","description":"Cezayir Vatanda\u015fl\u0131k \u0130\u015flemleri Nas\u0131l Yap\u0131l\u0131r? Cezayir Vatanda\u015fl\u0131\u011f\u0131 Nas\u0131l Al\u0131n\u0131r? Cezayir Vatanda\u015fl\u0131k \u015eartlar\u0131 Neler 2022?","robots":{"index":"index","follow":"follow","max-snippet":"max-snippet:-1","max-image-preview":"max-image-preview:large","max-video-preview":"max-video-preview:-1"},"canonical":"https:\/\/www.myvize.com.tr\/cezayir\/vatandaslik\/","og_locale":"tr_TR","og_type":"article","og_title":"Cezayir Vatanda\u015fl\u0131k \u0130\u015flemleri - Cezayir Vizesi - MyVize","og_description":"Cezayir Vatanda\u015fl\u0131k \u0130\u015flemleri Nas\u0131l Yap\u0131l\u0131r? Cezayir Vatanda\u015fl\u0131\u011f\u0131 Nas\u0131l Al\u0131n\u0131r? Cezayir Vatanda\u015fl\u0131k \u015eartlar\u0131 Neler 2022?","og_url":"https:\/\/www.myvize.com.tr\/cezayir\/vatandaslik\/","og_site_name":"Cezayir Vizesi","article_modified_time":"2022-03-31T12:32:05+00:00","og_image":[{"url":"https:\/\/www.myvize.com.tr\/cezayir\/wp-content\/uploads\/2021\/10\/20.jpg","type":"","width":"","height":""}],"twitter_card":"summary_large_image","twitter_misc":{"Tahmini okuma s\u00fcresi":"3 dakika"},"schema":{"@context":"https:\/\/schema.org","@graph":[{"@type":"WebPage","@id":"https:\/\/www.myvize.com.tr\/cezayir\/vatandaslik\/","url":"https:\/\/www.myvize.com.tr\/cezayir\/vatandaslik\/","name":"Cezayir Vatanda\u015fl\u0131k \u0130\u015flemleri - Cezayir Vizesi - MyVize","isPartOf":{"@id":"https:\/\/www.myvize.com.tr\/cezayir\/#website"},"primaryImageOfPage":{"@id":"https:\/\/www.myvize.com.tr\/cezayir\/vatandaslik\/#primaryimage"},"image":{"@id":"https:\/\/www.myvize.com.tr\/cezayir\/vatandaslik\/#primaryimage"},"thumbnailUrl":"https:\/\/www.myvize.com.tr\/cezayir\/wp-content\/uploads\/2021\/10\/20.jpg","datePublished":"2020-12-24T09:31:20+00:00","dateModified":"2022-03-31T12:32:05+00:00","description":"Cezayir Vatanda\u015fl\u0131k \u0130\u015flemleri Nas\u0131l Yap\u0131l\u0131r? Cezayir Vatanda\u015fl\u0131\u011f\u0131 Nas\u0131l Al\u0131n\u0131r? Cezayir Vatanda\u015fl\u0131k \u015eartlar\u0131 Neler 2022?","breadcrumb":{"@id":"https:\/\/www.myvize.com.tr\/cezayir\/vatandaslik\/#breadcrumb"},"inLanguage":"tr","potentialAction":[{"@type":"ReadAction","target":["https:\/\/www.myvize.com.tr\/cezayir\/vatandaslik\/"]}]},{"@type":"ImageObject","inLanguage":"tr","@id":"https:\/\/www.myvize.com.tr\/cezayir\/vatandaslik\/#primaryimage","url":"https:\/\/www.myvize.com.tr\/cezayir\/wp-content\/uploads\/2021\/10\/20.jpg","contentUrl":"https:\/\/www.myvize.com.tr\/cezayir\/wp-content\/uploads\/2021\/10\/20.jpg","width":800,"height":500,"caption":"Cezayir Vatanda\u015fl\u0131k"},{"@type":"BreadcrumbList","@id":"https:\/\/www.myvize.com.tr\/cezayir\/vatandaslik\/#breadcrumb","itemListElement":[{"@type":"ListItem","position":1,"name":"Anasayfa","item":"https:\/\/www.myvize.com.tr\/cezayir\/"},{"@type":"ListItem","position":2,"name":"VATANDA\u015eLIK"}]},{"@type":"WebSite","@id":"https:\/\/www.myvize.com.tr\/cezayir\/#website","url":"https:\/\/www.myvize.com.tr\/cezayir\/","name":"Cezayir Vizesi","description":"","potentialAction":[{"@type":"SearchAction","target":{"@type":"EntryPoint","urlTemplate":"https:\/\/www.myvize.com.tr\/cezayir\/?s={search_term_string}"},"query-input":{"@type":"PropertyValueSpecification","valueRequired":true,"valueName":"search_term_string"}}],"inLanguage":"tr"}]}},"_links":{"self":[{"href":"https:\/\/www.myvize.com.tr\/cezayir\/wp-json\/wp\/v2\/pages\/166","targetHints":{"allow":["GET"]}}],"collection":[{"href":"https:\/\/www.myvize.com.tr\/cezayir\/wp-json\/wp\/v2\/pages"}],"about":[{"href":"https:\/\/www.myvize.com.tr\/cezayir\/wp-json\/wp\/v2\/types\/page"}],"author":[{"embeddable":true,"href":"https:\/\/www.myvize.com.tr\/cezayir\/wp-json\/wp\/v2\/users\/1"}],"replies":[{"embeddable":true,"href":"https:\/\/www.myvize.com.tr\/cezayir\/wp-json\/wp\/v2\/comments?post=166"}],"version-history":[{"count":5,"href":"https:\/\/www.myvize.com.tr\/cezayir\/wp-json\/wp\/v2\/pages\/166\/revisions"}],"predecessor-version":[{"id":733,"href":"https:\/\/www.myvize.com.tr\/cezayir\/wp-json\/wp\/v2\/pages\/166\/revisions\/733"}],"wp:attachment":[{"href":"https:\/\/www.myvize.com.tr\/cezayir\/wp-json\/wp\/v2\/media?parent=166"}],"curies":[{"name":"wp","href":"https:\/\/api.w.org\/{rel}","templated":true}]}}