{"id":169,"date":"2020-12-24T12:31:43","date_gmt":"2020-12-24T09:31:43","guid":{"rendered":"https:\/\/www.myvize.com.tr\/cezayir\/?page_id=169"},"modified":"2022-03-31T15:33:55","modified_gmt":"2022-03-31T12:33:55","slug":"form-ve-dilekce","status":"publish","type":"page","link":"https:\/\/www.myvize.com.tr\/cezayir\/form-ve-dilekce\/","title":{"rendered":"FORM VE D\u0130LEK\u00c7E"},"content":{"rendered":"<p><span style=\"font-family: Roboto;\"><\/span><\/p>\r\n<h2 class=\"wp-block-heading\"><strong><span style=\"font-family: Roboto; font-size: 27px;\">CezayirVize Ba\u015fvurusunda Gerekli Belgeler<\/span><\/strong><\/h2>\r\n<p><span style=\"font-family: Roboto; font-size: 14px;\">\r\n\r\n<\/span><\/p>\r\n<p><span style=\"font-family: Roboto; font-size: 14px;\">Cezayir, resmi ad\u0131yala Cezayir Halk Cumhuriyet\u2019 i, Kuzey Afrika\u2019 da bulunan ve Afrika\u2019 n\u0131n en b\u00fcy\u00fck y\u00fcz \u00f6l\u00e7\u00fcm\u00fcne sahip \u00fclkesidir. Olduk\u00e7a egzotik ve tarihi bir yap\u0131s\u0131 olan Cezayir\u2019 e seyahat etmek istiyorsan\u0131z vize alman\u0131z gerekmektedir. E\u011fer ye\u015fil (hususi) pasaport, gri (hizmet) pasaport ya da siyah (diplomatik) pasaport sahibiyseniz Cezayir\u2019 e en fazla 90 g\u00fcn olmak \u015fart\u0131yla vizesiz girebilirsiniz. Ancak bordo (umuma) pasaport sahiplerinin Cezayir\u2019 e girmeden \u00f6nce vize almas\u0131 gereklidr. Cezayir\u2019 e vize ba\u015fvurusunda bulunurken ziyaret amac\u0131n\u0131za g\u00f6re belgeler istenir. Vizenizin \u00e7e\u015fidi ziyaret amac\u0131n\u0131za ve \u00fclkeye giri\u015f \u00e7\u0131k\u0131\u015f say\u0131n\u0131za g\u00f6re de\u011fi\u015fiklik g\u00f6sterir. Peki Cezayir\u2019 e vize ba\u015fvurusunda gerekli belgeler nelerdir? \u0130\u015fte Cezayir\u2019 e vize ba\u015fvurusunda gerekli belgeler:<\/span><\/p>\r\n<p><span style=\"font-family: Roboto; font-size: 14px;\">\r\n\r\n<\/span><\/p>\r\n<ul class=\"wp-block-list\">\r\n<li><span style=\"font-family: Roboto; font-size: 14px;\">Cezayir\u2019 e vize ba\u015fvurusu <span style=\"color: #2acec2;\"><strong><a style=\"color: #2acec2;\" href=\"https:\/\/www.myvize.com.tr\/cezayir\/konsolosluklar\/cezayir-buyukelciligi-ankara\/\" target=\"_blank\" rel=\"noopener\">Cezayir Ankara B\u00fcy\u00fckel\u00e7ili\u011fi<\/a><\/strong><\/span> ya da C<strong>ezayir Ankara Ba\u015fkonsoloslu\u011fu<\/strong> taraf\u0131ndan yap\u0131labilmektedir. Ba\u015fvurular\u0131n hepsi Cezayir Ankara B\u00fcy\u00fckel\u00e7ili\u011fi\u2019ne y\u00f6nlendirilir ve burada sonu\u00e7lan\u0131r. Ba\u015fvuru yapabilimeniz i\u00e7in \u00f6ncelikle ba\u015fvuru formunuzu doldurman\u0131z ve gerekli belgeleri toparlaman\u0131z gerekmektedir. Ba\u015fvuru formunuzu do\u011fru ve eksiksiz bi\u00e7imde doldurman\u0131z ve ziyaret amac\u0131n\u0131z\u0131 belirtmeniz \u00f6nemlidir.<\/span><\/li>\r\n<li><span style=\"font-family: Roboto; font-size: 14px;\">Cezayir\u2019 e vize ba\u015fvurusunda bulundu\u011funuzda pasaportunuzun vize bitiminden itibaren en az alt\u0131 ay kadar daha ge\u00e7erlili\u011fi olmal\u0131 ve iki sayfas\u0131 bo\u015f olmal\u0131d\u0131r.<\/span><\/li>\r\n<li><span style=\"font-family: Roboto; font-size: 14px;\">Kimlik kart\u0131 fotokopiniz, tam vukuatl\u0131 n\u00fcfus kay\u0131t \u00f6rne\u011finiz ve yak\u0131n zamanda \u00e7ekilmi\u015f iki adet biyometrik foto\u011fraf da belgeleriniz aras\u0131nda olmal\u0131d\u0131r.<\/span><\/li>\r\n<li><span style=\"font-family: Roboto; font-size: 14px;\">Cezayir vizesi alabilmeniz i\u00e7in ayr\u0131ca Cezayir\u2019 de ikamet eden biri taraf\u0131ndan yaz\u0131lm\u0131\u015f bir davetiye mektubuna da ihtiyac\u0131n\u0131z vard\u0131r.<\/span><\/li>\r\n<li><span style=\"font-family: Roboto; font-size: 14px;\">Vize s\u00fcreniz i\u00e7in seyahat belgeleriniz, u\u00e7ak biletleriniz ve konaklayaca\u011f\u0131n\u0131z yer de bildirilmelidir.<\/span><\/li>\r\n<li><span style=\"font-family: Roboto; font-size: 14px;\">Vize \u00fccretinizi \u00f6dedi\u011finize dair bir dekont da belgeleriniz aras\u0131nda bulunmal\u0131d\u0131r.<\/span><\/li>\r\n<li><span style=\"font-family: Roboto; font-size: 14px;\">Alaca\u011f\u0131n\u0131z vize \u00e7e\u015fidine g\u00f6re sizden ek belgeler istenebilir.<\/span><\/li>\r\n<li><span style=\"font-family: Roboto; font-size: 14px;\">Cezayir\u2019 e girdirece\u011finiz d\u00f6viz miktar\u0131 da belirtilmelidir. Cezayir\u2019 den \u00e7\u0131karken getirdi\u011finiz miktar kadar d\u00f6viz \u00e7\u0131karabilirsiniz.<\/span><\/li>\r\n<li><span style=\"font-family: Roboto; font-size: 14px;\">Cezayir vizeleri 2 ile 10 g\u00fcn aras\u0131nda sonu\u00e7land\u0131r\u0131lmaktad\u0131r. Vize ba\u015fvurunuzu en az \u00f6n g\u00fcn \u00f6nce yapman\u0131z gerekmektedir.<\/span><\/li>\r\n<\/ul>\r\n<p><img decoding=\"async\" src=\"https:\/\/www.myvize.com.tr\/cezayir\/wp-content\/uploads\/2021\/10\/22.jpg\" \/><\/p>\r\n<h2><span style=\"font-family: Roboto; font-size: 27px;\"><strong>Cezayir Konsoloslu\u011fu Form ve Dilek\u00e7e<\/strong><\/span><\/h2>\r\n<p><span style=\"font-family: Roboto; font-size: 14px;\">Cezayir\u2019e seyahat edecek ki\u015fi hususi, hizmet ya da diplomatik pasaport sahip ise 3 ay a\u015fmayacak \u015fekilde vizeden muaft\u0131r. 3 ayda az konaklayacak ki\u015filer vize ba\u015fvurusunu yapacakt\u0131r.<\/span><br \/><span style=\"font-family: Roboto; font-size: 14px;\"><span style=\"color: #2acec2;\"><strong><a style=\"color: #2acec2;\" href=\"https:\/\/www.myvize.com.tr\/cezayir\/cezayir-vizesi-2\/\" target=\"_blank\" rel=\"noopener\">Cezayir vizesi<\/a><\/strong><\/span> i\u00e7in gerekli form ve dilek\u00e7eler \u015funlard\u0131r:<\/span><br \/><span style=\"font-family: Roboto; font-size: 14px;\"><span style=\"color: #2acec2;\"><strong><a style=\"color: #2acec2;\" href=\"https:\/\/www.myvize.com.tr\/cezayir\/form-ve-dilekce\/cezayir-vize-basvuru-formu\/\" target=\"_blank\" rel=\"noopener\">Cezayir vize ba\u015fvuru formu<\/a><\/strong><\/span>.<\/span><br \/><span style=\"font-family: Roboto; font-size: 14px;\">Pasaport belgesi.<\/span><br \/><span style=\"font-family: Roboto; font-size: 14px;\">2 adet biyometrik \u015fekilde 35 x 45 mm foto\u011fraf. Foto\u011fraf eski olmamal\u0131d\u0131r. 3 ay i\u00e7inde \u00e7ekilmi\u015f foto\u011fraf olmal\u0131.<\/span><br \/><span style=\"font-family: Roboto; font-size: 14px;\">N\u00fcfus kay\u0131t\u0131 \u00f6rne\u011fi ile kimlik kart\u0131 fotokopi belgesi.<\/span><br \/><span style=\"font-family: Roboto; font-size: 14px;\">Vize alan ki\u015finin maddi durumu ile alakal\u0131 belgeyi dosyaya koymal\u0131.<\/span><br \/><span style=\"font-family: Roboto; font-size: 14px;\">Ba\u015fvuruda bulunan ki\u015filer \u00fczerine kay\u0131tl\u0131 tapu bilgiler, \u00fczerine ara\u00e7 ruhsat, kredi kart ekstra ba\u015fvuru s\u0131ras\u0131nda belgede bulunmal\u0131d\u0131r.<\/span><br \/><span style=\"font-family: Roboto; font-size: 14px;\"><strong>Vize ba\u015fvurusu<\/strong> yapan ki\u015filer i\u015fveren, emekli veya da herhangi devlet \u00e7al\u0131\u015fan\u0131 ise bunu konsolosluklara beyan eden belge.<\/span><br \/><span style=\"font-family: Roboto; font-size: 14px;\">Ba\u015fvuru yapan ki\u015fi daha \u00f6nce <strong>Schengen vizesiyle<\/strong> alan \u00fclke seyahat ettiyse bunu bildiren belgeler.<\/span><br \/><span style=\"font-family: Roboto; font-size: 14px;\">\u00c7al\u0131\u015ft\u0131\u011f\u0131 kurum varsa Kurumu do\u011frulayacak belgesi.<\/span><br \/><span style=\"font-family: Roboto; font-size: 14px;\">SGK i\u015f giri\u015fi belgesi ile SGK hizmeti d\u00f6k\u00fcm\u00fc belgesi.<\/span><br \/><span style=\"font-family: Roboto; font-size: 14px;\">Cezayir\u2019e giden ki\u015fi seyahat sa\u011fl\u0131k sigortas\u0131 belgesi.<\/span><\/p>\r\n<p><span style=\"font-family: Roboto;\"><\/span><\/p>","protected":false},"excerpt":{"rendered":"<p>CezayirVize Ba\u015fvurusunda Gerekli Belgeler Cezayir, resmi ad\u0131yala Cezayir Halk Cumhuriyet\u2019 i, Kuzey Afrika\u2019 da bulunan ve Afrika\u2019 n\u0131n en b\u00fcy\u00fck y\u00fcz \u00f6l\u00e7\u00fcm\u00fcne sahip \u00fclkesidir. Olduk\u00e7a egzotik ve tarihi bir yap\u0131s\u0131 olan Cezayir\u2019 e seyahat etmek istiyorsan\u0131z vize alman\u0131z gerekmektedir. E\u011fer ye\u015fil (hususi) pasaport, gri (hizmet) pasaport ya da siyah (diplomatik) pasaport sahibiyseniz Cezayir\u2019 e en<\/p>\n","protected":false},"author":1,"featured_media":0,"parent":0,"menu_order":0,"comment_status":"open","ping_status":"closed","template":"","meta":{"_joinchat":[],"footnotes":""},"class_list":["post-169","page","type-page","status-publish","hentry"],"yoast_head":"<!-- This site is optimized with the Yoast SEO plugin v24.0 - https:\/\/yoast.com\/wordpress\/plugins\/seo\/ -->\n<title>Cezayir Form Ve Dilek\u00e7e \u00d6rne\u011fi - Cezayir Vizesi - MyVize<\/title>\n<meta name=\"description\" content=\"Cezayir Form Ve Dilek\u00e7eleri Nas\u0131l Yaz\u0131l\u0131r? Cezayir Form Ve Dilek\u00e7e \u00d6rne\u011fi 2022. Cezayir Form Ve Dilek\u00e7esi Nas\u0131l Olmal\u0131d\u0131r?\" \/>\n<meta name=\"robots\" content=\"index, follow, max-snippet:-1, max-image-preview:large, max-video-preview:-1\" \/>\n<link rel=\"canonical\" href=\"https:\/\/www.myvize.com.tr\/cezayir\/form-ve-dilekce\/\" \/>\n<meta property=\"og:locale\" content=\"tr_TR\" \/>\n<meta property=\"og:type\" content=\"article\" \/>\n<meta property=\"og:title\" content=\"Cezayir Form Ve Dilek\u00e7e \u00d6rne\u011fi - Cezayir Vizesi - MyVize\" \/>\n<meta property=\"og:description\" content=\"Cezayir Form Ve Dilek\u00e7eleri Nas\u0131l Yaz\u0131l\u0131r? Cezayir Form Ve Dilek\u00e7e \u00d6rne\u011fi 2022. Cezayir Form Ve Dilek\u00e7esi Nas\u0131l Olmal\u0131d\u0131r?\" \/>\n<meta property=\"og:url\" content=\"https:\/\/www.myvize.com.tr\/cezayir\/form-ve-dilekce\/\" \/>\n<meta property=\"og:site_name\" content=\"Cezayir Vizesi\" \/>\n<meta property=\"article:modified_time\" content=\"2022-03-31T12:33:55+00:00\" \/>\n<meta property=\"og:image\" content=\"https:\/\/www.myvize.com.tr\/cezayir\/wp-content\/uploads\/2021\/10\/22.jpg\" \/>\n<meta name=\"twitter:card\" content=\"summary_large_image\" \/>\n<meta name=\"twitter:label1\" content=\"Tahmini okuma s\u00fcresi\" \/>\n\t<meta name=\"twitter:data1\" content=\"3 dakika\" \/>\n<script type=\"application\/ld+json\" class=\"yoast-schema-graph\">{\"@context\":\"https:\/\/schema.org\",\"@graph\":[{\"@type\":\"WebPage\",\"@id\":\"https:\/\/www.myvize.com.tr\/cezayir\/form-ve-dilekce\/\",\"url\":\"https:\/\/www.myvize.com.tr\/cezayir\/form-ve-dilekce\/\",\"name\":\"Cezayir Form Ve Dilek\u00e7e \u00d6rne\u011fi - Cezayir Vizesi - MyVize\",\"isPartOf\":{\"@id\":\"https:\/\/www.myvize.com.tr\/cezayir\/#website\"},\"primaryImageOfPage\":{\"@id\":\"https:\/\/www.myvize.com.tr\/cezayir\/form-ve-dilekce\/#primaryimage\"},\"image\":{\"@id\":\"https:\/\/www.myvize.com.tr\/cezayir\/form-ve-dilekce\/#primaryimage\"},\"thumbnailUrl\":\"https:\/\/www.myvize.com.tr\/cezayir\/wp-content\/uploads\/2021\/10\/22.jpg\",\"datePublished\":\"2020-12-24T09:31:43+00:00\",\"dateModified\":\"2022-03-31T12:33:55+00:00\",\"description\":\"Cezayir Form Ve Dilek\u00e7eleri Nas\u0131l Yaz\u0131l\u0131r? Cezayir Form Ve Dilek\u00e7e \u00d6rne\u011fi 2022. Cezayir Form Ve Dilek\u00e7esi Nas\u0131l Olmal\u0131d\u0131r?\",\"breadcrumb\":{\"@id\":\"https:\/\/www.myvize.com.tr\/cezayir\/form-ve-dilekce\/#breadcrumb\"},\"inLanguage\":\"tr\",\"potentialAction\":[{\"@type\":\"ReadAction\",\"target\":[\"https:\/\/www.myvize.com.tr\/cezayir\/form-ve-dilekce\/\"]}]},{\"@type\":\"ImageObject\",\"inLanguage\":\"tr\",\"@id\":\"https:\/\/www.myvize.com.tr\/cezayir\/form-ve-dilekce\/#primaryimage\",\"url\":\"https:\/\/www.myvize.com.tr\/cezayir\/wp-content\/uploads\/2021\/10\/22.jpg\",\"contentUrl\":\"https:\/\/www.myvize.com.tr\/cezayir\/wp-content\/uploads\/2021\/10\/22.jpg\",\"width\":800,\"height\":500,\"caption\":\"Cezayir Form Ve Dilek\u00e7e\"},{\"@type\":\"BreadcrumbList\",\"@id\":\"https:\/\/www.myvize.com.tr\/cezayir\/form-ve-dilekce\/#breadcrumb\",\"itemListElement\":[{\"@type\":\"ListItem\",\"position\":1,\"name\":\"Anasayfa\",\"item\":\"https:\/\/www.myvize.com.tr\/cezayir\/\"},{\"@type\":\"ListItem\",\"position\":2,\"name\":\"FORM VE D\u0130LEK\u00c7E\"}]},{\"@type\":\"WebSite\",\"@id\":\"https:\/\/www.myvize.com.tr\/cezayir\/#website\",\"url\":\"https:\/\/www.myvize.com.tr\/cezayir\/\",\"name\":\"Cezayir Vizesi\",\"description\":\"\",\"potentialAction\":[{\"@type\":\"SearchAction\",\"target\":{\"@type\":\"EntryPoint\",\"urlTemplate\":\"https:\/\/www.myvize.com.tr\/cezayir\/?s={search_term_string}\"},\"query-input\":{\"@type\":\"PropertyValueSpecification\",\"valueRequired\":true,\"valueName\":\"search_term_string\"}}],\"inLanguage\":\"tr\"}]}<\/script>\n<!-- \/ Yoast SEO plugin. -->","yoast_head_json":{"title":"Cezayir Form Ve Dilek\u00e7e \u00d6rne\u011fi - Cezayir Vizesi - MyVize","description":"Cezayir Form Ve Dilek\u00e7eleri Nas\u0131l Yaz\u0131l\u0131r? Cezayir Form Ve Dilek\u00e7e \u00d6rne\u011fi 2022. Cezayir Form Ve Dilek\u00e7esi Nas\u0131l Olmal\u0131d\u0131r?","robots":{"index":"index","follow":"follow","max-snippet":"max-snippet:-1","max-image-preview":"max-image-preview:large","max-video-preview":"max-video-preview:-1"},"canonical":"https:\/\/www.myvize.com.tr\/cezayir\/form-ve-dilekce\/","og_locale":"tr_TR","og_type":"article","og_title":"Cezayir Form Ve Dilek\u00e7e \u00d6rne\u011fi - Cezayir Vizesi - MyVize","og_description":"Cezayir Form Ve Dilek\u00e7eleri Nas\u0131l Yaz\u0131l\u0131r? Cezayir Form Ve Dilek\u00e7e \u00d6rne\u011fi 2022. Cezayir Form Ve Dilek\u00e7esi Nas\u0131l Olmal\u0131d\u0131r?","og_url":"https:\/\/www.myvize.com.tr\/cezayir\/form-ve-dilekce\/","og_site_name":"Cezayir Vizesi","article_modified_time":"2022-03-31T12:33:55+00:00","og_image":[{"url":"https:\/\/www.myvize.com.tr\/cezayir\/wp-content\/uploads\/2021\/10\/22.jpg","type":"","width":"","height":""}],"twitter_card":"summary_large_image","twitter_misc":{"Tahmini okuma s\u00fcresi":"3 dakika"},"schema":{"@context":"https:\/\/schema.org","@graph":[{"@type":"WebPage","@id":"https:\/\/www.myvize.com.tr\/cezayir\/form-ve-dilekce\/","url":"https:\/\/www.myvize.com.tr\/cezayir\/form-ve-dilekce\/","name":"Cezayir Form Ve Dilek\u00e7e \u00d6rne\u011fi - Cezayir Vizesi - MyVize","isPartOf":{"@id":"https:\/\/www.myvize.com.tr\/cezayir\/#website"},"primaryImageOfPage":{"@id":"https:\/\/www.myvize.com.tr\/cezayir\/form-ve-dilekce\/#primaryimage"},"image":{"@id":"https:\/\/www.myvize.com.tr\/cezayir\/form-ve-dilekce\/#primaryimage"},"thumbnailUrl":"https:\/\/www.myvize.com.tr\/cezayir\/wp-content\/uploads\/2021\/10\/22.jpg","datePublished":"2020-12-24T09:31:43+00:00","dateModified":"2022-03-31T12:33:55+00:00","description":"Cezayir Form Ve Dilek\u00e7eleri Nas\u0131l Yaz\u0131l\u0131r? Cezayir Form Ve Dilek\u00e7e \u00d6rne\u011fi 2022. Cezayir Form Ve Dilek\u00e7esi Nas\u0131l Olmal\u0131d\u0131r?","breadcrumb":{"@id":"https:\/\/www.myvize.com.tr\/cezayir\/form-ve-dilekce\/#breadcrumb"},"inLanguage":"tr","potentialAction":[{"@type":"ReadAction","target":["https:\/\/www.myvize.com.tr\/cezayir\/form-ve-dilekce\/"]}]},{"@type":"ImageObject","inLanguage":"tr","@id":"https:\/\/www.myvize.com.tr\/cezayir\/form-ve-dilekce\/#primaryimage","url":"https:\/\/www.myvize.com.tr\/cezayir\/wp-content\/uploads\/2021\/10\/22.jpg","contentUrl":"https:\/\/www.myvize.com.tr\/cezayir\/wp-content\/uploads\/2021\/10\/22.jpg","width":800,"height":500,"caption":"Cezayir Form Ve Dilek\u00e7e"},{"@type":"BreadcrumbList","@id":"https:\/\/www.myvize.com.tr\/cezayir\/form-ve-dilekce\/#breadcrumb","itemListElement":[{"@type":"ListItem","position":1,"name":"Anasayfa","item":"https:\/\/www.myvize.com.tr\/cezayir\/"},{"@type":"ListItem","position":2,"name":"FORM VE D\u0130LEK\u00c7E"}]},{"@type":"WebSite","@id":"https:\/\/www.myvize.com.tr\/cezayir\/#website","url":"https:\/\/www.myvize.com.tr\/cezayir\/","name":"Cezayir Vizesi","description":"","potentialAction":[{"@type":"SearchAction","target":{"@type":"EntryPoint","urlTemplate":"https:\/\/www.myvize.com.tr\/cezayir\/?s={search_term_string}"},"query-input":{"@type":"PropertyValueSpecification","valueRequired":true,"valueName":"search_term_string"}}],"inLanguage":"tr"}]}},"_links":{"self":[{"href":"https:\/\/www.myvize.com.tr\/cezayir\/wp-json\/wp\/v2\/pages\/169","targetHints":{"allow":["GET"]}}],"collection":[{"href":"https:\/\/www.myvize.com.tr\/cezayir\/wp-json\/wp\/v2\/pages"}],"about":[{"href":"https:\/\/www.myvize.com.tr\/cezayir\/wp-json\/wp\/v2\/types\/page"}],"author":[{"embeddable":true,"href":"https:\/\/www.myvize.com.tr\/cezayir\/wp-json\/wp\/v2\/users\/1"}],"replies":[{"embeddable":true,"href":"https:\/\/www.myvize.com.tr\/cezayir\/wp-json\/wp\/v2\/comments?post=169"}],"version-history":[{"count":5,"href":"https:\/\/www.myvize.com.tr\/cezayir\/wp-json\/wp\/v2\/pages\/169\/revisions"}],"predecessor-version":[{"id":734,"href":"https:\/\/www.myvize.com.tr\/cezayir\/wp-json\/wp\/v2\/pages\/169\/revisions\/734"}],"wp:attachment":[{"href":"https:\/\/www.myvize.com.tr\/cezayir\/wp-json\/wp\/v2\/media?parent=169"}],"curies":[{"name":"wp","href":"https:\/\/api.w.org\/{rel}","templated":true}]}}