{"id":186,"date":"2020-12-24T12:36:52","date_gmt":"2020-12-24T09:36:52","guid":{"rendered":"https:\/\/www.myvize.com.tr\/cezayir\/?page_id=186"},"modified":"2023-01-22T18:38:54","modified_gmt":"2023-01-22T15:38:54","slug":"turistik-vize-dilekce-ornegi","status":"publish","type":"page","link":"https:\/\/www.myvize.com.tr\/cezayir\/form-ve-dilekce\/turistik-vize-dilekce-ornegi\/","title":{"rendered":"Cezayir Turistik Vize Dilek\u00e7e \u00d6rne\u011fi"},"content":{"rendered":"<h2><span style=\"font-family: Roboto; font-size: 27px;\"><strong>Cezayir Turistik Vize Dilek\u00e7e \u00d6rne\u011fi Hakk\u0131nda<\/strong><\/span><\/h2>\n<p><span style=\"font-family: Roboto; font-size: 14px;\">Cezayir&#8217;e turistik ama\u00e7 ile seyahat edecek olan ki\u015fi, \u00fclkeye yapmay\u0131 planlad\u0131\u011f\u0131 seyahate ili\u015fkin <strong>Cezayir \u0130stanbul Ba\u015fkonsolosluk<\/strong> veya <span style=\"color: #2acec2;\"><strong><a style=\"color: #2acec2;\" href=\"https:\/\/www.myvize.com.tr\/cezayir\/konsolosluklar\/cezayir-buyukelciligi-ankara\/\" target=\"_blank\" rel=\"noopener\">Cezayir Ankara B\u00fcy\u00fckel\u00e7ili\u011fi<\/a><\/strong><\/span> hitaben<strong> Cezayir turistik vize<\/strong> talep dilek\u00e7esi yazmal\u0131.<\/span><br \/>\n<span style=\"font-family: Roboto; font-size: 14px;\">\u00dclkeye yap\u0131lacak seyahat amac\u0131 net olarak ifade edilmeli. \u00d6rne\u011fin; Turistik bir tur kat\u0131lacak ki\u015filer<strong> Cezayir Turistik vize<\/strong> talep dilek\u00e7esinde kat\u0131laca\u011f\u0131 turda bahsetmeli ve var ise tur ile ilgili belgesini dosyas\u0131na eklemelidir.<\/span><br \/>\n<span style=\"font-family: Roboto; font-size: 14px;\">Seyahat tarihi a\u00e7\u0131k\u00e7a yaz\u0131lmal\u0131d\u0131r. <span style=\"color: #2acec2;\"><strong><a style=\"color: #2acec2;\" href=\"https:\/\/www.myvize.com.tr\/cezayir\/vize-islemleri\/turistik-vize\/\" target=\"_blank\" rel=\"noopener\">Cezayir Turistik Vize<\/a><\/strong><\/span> ba\u015fvurusunda bulunacak ki\u015filer <strong>Cezayir Turistik vize<\/strong> talep dilek\u00e7esinde \u00fclkeye giri\u015f yapaca\u011f\u0131 tarihi, \u00fclkeden ayr\u0131laca\u011f\u0131 tarih\u00ee ve ayn\u0131 s\u00fcre\u00e7 i\u00e7inde ba\u015fka bir \u00fclkeye ge\u00e7i\u015f yapaca\u011f\u0131 bir seyahat var ise bu seyahat tarihini a\u00e7\u0131k\u00e7a yazmal\u0131.<\/span><br \/>\n<span style=\"font-family: Roboto; font-size: 14px;\">Seyahat masraf\u0131n\u0131n nas\u0131l kar\u015f\u0131lanaca\u011f\u0131 a\u00e7\u0131k\u00e7a ifade edilmeli. <strong>Cezayir Turistik Vizesi<\/strong> Talep Dilek\u00e7e yaz\u0131l\u0131rken ki\u015finin seyahati s\u00fcresi olu\u015facak (konaklamak, transfer, hastal\u0131k, vb.) masraf\u0131n\u0131n nas\u0131l kar\u015f\u0131lanaca\u011f\u0131 da net olarak ifade edilmelidir.<\/span><br \/>\n<span style=\"font-family: Roboto; font-size: 14px;\"><strong>Cezayir Konsoloslu\u011fa Turistik vizesi<\/strong> ba\u015fvurusunda sunulan belge ile <strong>Cezayir Turistik Vizesi<\/strong> talep dilek\u00e7esi yer verilen ifadenin birbirini destekleyicili\u011fi olmas\u0131na dikkat edilmelidir.<\/span><\/p>\n<h2><span style=\"font-family: Roboto; font-size: 27px;\"><strong>Cezayir Turistik Vize \u0130\u015flemleri<\/strong><\/span><\/h2>\n<p><span style=\"font-family: Roboto; font-size: 14px;\"><strong>Cezayir turistik vize i\u015flemleri,<\/strong> yabanc\u0131 bir \u00fclkeye giri\u015f yapmak i\u00e7in gereken belgelerdir. Bu belgeler aras\u0131nda, pasaport, pasaport foto\u011fraf\u0131, seyahat sigortas\u0131, seyahat nedeni ve uygun konaklama yerine ili\u015fkin belgeler gibi belgeler yer alabilir. Cezayir turistik vize i\u015flemleri, \u00fclkenin T\u00fcrkiye B\u00fcy\u00fckel\u00e7ili\u011fi veya Konsoloslu\u011fu arac\u0131l\u0131\u011f\u0131yla ger\u00e7ekle\u015ftirili<strong>r. Cezayir vize i\u015flemleri<\/strong> i\u00e7in gereken belgeler ve prosed\u00fcrler de\u011fi\u015febilir, bu nedenle \u00fclkenin T\u00fcrkiye B\u00fcy\u00fckel\u00e7ili\u011fi veya Konsoloslu\u011fu ile ileti\u015fim kurarak g\u00fcncel bilgi almal\u0131s\u0131n\u0131z.Cezayir turistik vize i\u015flemleri i\u00e7in gereken s\u00fcre, \u00fclkenin T\u00fcrkiye B\u00fcy\u00fckel\u00e7ili\u011fi veya Konsoloslu\u011fu taraf\u0131ndan belirlenir ve de\u011fi\u015febilir. Ancak genellikle, vize i\u015flemleri birka\u00e7 hafta i\u00e7inde tamamlan\u0131r. Ancak, vize ba\u015fvurusu s\u0131ras\u0131nda gerekli belgelerin eksiksiz ve do\u011fru bir \u015fekilde sunulmamas\u0131 veya vize i\u015flemleri i\u00e7in ek bilgi ve belgelerin istenmesi gibi nedenlerle s\u00fcre uzayabilir. Bu nedenle, vize ba\u015fvurusu yapmadan \u00f6nce \u00fclkenin T\u00fcrkiye B\u00fcy\u00fckel\u00e7ili\u011fi veya Konsoloslu\u011fu ile ileti\u015fim kurarak g\u00fcncel bilgi almal\u0131s\u0131n\u0131z ve vize i\u015flemleri i\u00e7in yeterli zaman ay\u0131rmal\u0131s\u0131n\u0131z.<\/span><\/p>\n<h2><span style=\"font-family: Roboto; font-size: 27px;\"><strong>Cezayir Turistik Vize Dilek\u00e7esi Nas\u0131l Yaz\u0131l\u0131r?<\/strong><\/span><\/h2>\n<p><span style=\"font-family: Roboto; font-size: 14px;\"><strong>Cezayir turistik vize dilek\u00e7esi<\/strong>, vize ba\u015fvurusunda sunulmas\u0131 gereken bir belgedir. Dilek\u00e7ede, vize ba\u015fvuru sahibinin ki\u015fisel bilgileri (ad, soyad, do\u011fum tarihi, pasaport numaras\u0131 vb.), seyahat nedeni, seyahat plan\u0131 (gidece\u011fi tarihler, konaklama yerleri vb.) ve finansal durumu (seyahat harcamalar\u0131n\u0131n nas\u0131l kar\u015f\u0131lanaca\u011f\u0131 vb.) gibi bilgiler yer almal\u0131d\u0131r.<\/span><\/p>\n<p><span style=\"font-family: Roboto; font-size: 14px;\">A\u015fa\u011f\u0131da, Cezayir turistik vize dilek\u00e7esi\u00a0nas\u0131l yaz\u0131lmas\u0131 gerekti\u011fi hakk\u0131nda genel bir \u00f6rnek sunulmaktad\u0131r:<\/span><\/p>\n<p><span style=\"font-family: Roboto; font-size: 14px;\">[Ba\u015fl\u0131k\/Ba\u015fvuru Tarihi]<\/span><\/p>\n<p><span style=\"font-family: Roboto; font-size: 14px;\">[\u00dclkenin T\u00fcrkiye B\u00fcy\u00fckel\u00e7ili\u011fi veya Konsoloslu\u011fu ad\u0131 ve adresi]<\/span><\/p>\n<p><span style=\"font-family: Roboto; font-size: 14px;\">Say\u0131n [B\u00fcy\u00fckel\u00e7i\/Konsolos] [Ad\u0131 Soyad\u0131],<\/span><\/p>\n<p><span style=\"font-family: Roboto; font-size: 14px;\">Ben [Ad\u0131n\u0131z], [Do\u011fum tarihiniz], [Pasaport numaran\u0131z] numaral\u0131 T\u00fcrkiye pasaport sahibiyim. [Seyahat nedeninizi a\u00e7\u0131klamak i\u00e7in bir c\u00fcmle] ve [Cezayir&#8217;e gidece\u011finiz tarihleri] aras\u0131nda [Cezayir&#8217;i ziyaret etmek i\u00e7in bir c\u00fcmle] planlamaktay\u0131m.<\/span><\/p>\n<p><span style=\"font-family: Roboto; font-size: 14px;\">[Cezayir&#8217;e gidece\u011finiz yerleri ve ne kadar kalaca\u011f\u0131n\u0131z\u0131 a\u00e7\u0131klamak i\u00e7in birka\u00e7 c\u00fcmle] ve [Konaklaman\u0131z i\u00e7in bir c\u00fcmle] konaklamaya dair g\u00fcvenilir belgeler sunuyorum.<\/span><\/p>\n<p><span style=\"font-family: Roboto; font-size: 14px;\">[Seyahat harcamalar\u0131n\u0131z\u0131n nas\u0131l kar\u015f\u0131lanaca\u011f\u0131n\u0131 a\u00e7\u0131klamak i\u00e7in birka\u00e7 c\u00fcmle] ve [Finansal durumunuz hakk\u0131nda birka\u00e7 c\u00fcmle]<\/span><\/p>\n<p><span style=\"font-family: Roboto; font-size: 14px;\">[Ba\u015fka bir bilgi veya belge sunmak istedi\u011finizde kullanabilece\u011finiz bir c\u00fcmle]<\/span><\/p>\n<p><span style=\"font-family: Roboto; font-size: 14px;\">Sayg\u0131lar\u0131mla,<\/span><\/p>\n<p><span style=\"font-family: Roboto; font-size: 14px;\">[\u0130mzan\u0131z]<\/span><\/p>\n<p><span style=\"font-family: Roboto; font-size: 14px;\">[Adresiniz]<\/span><\/p>\n<h3><span style=\"font-family: Roboto; font-size: 24px;\"><strong>Cezayir Turistik Vize Dilek\u00e7esi Yaz\u0131l\u0131rken Dikkat Edilmesi Gerekenler<\/strong><\/span><\/h3>\n<p><span style=\"font-family: Roboto; font-size: 14px;\">Cezayir turistik vize dilek\u00e7esi yazarken dikkat edilmesi gereken baz\u0131 temel noktalar \u015funlard\u0131r:<\/span><\/p>\n<p><span style=\"font-family: Roboto; font-size: 14px;\">Dilek\u00e7enin d\u00fczg\u00fcn bir \u015fekilde yaz\u0131lm\u0131\u015f olmas\u0131: Dilek\u00e7enin dilbilgisi ve yaz\u0131m hatalar\u0131ndan ar\u0131nd\u0131r\u0131lm\u0131\u015f olmas\u0131 ve okunakl\u0131 bir \u015fekilde yaz\u0131lm\u0131\u015f olmas\u0131 \u00f6nemlidir. Ger\u00e7ek ve do\u011fru bilgilerin sunulmas\u0131: Ki\u015fisel bilgileriniz, seyahat nedeniniz, seyahat planlar\u0131n\u0131z ve finansal durumunuz gibi bilgiler ger\u00e7ek ve do\u011fru olmal\u0131d\u0131r. Yanl\u0131\u015f veya yan\u0131lt\u0131c\u0131 bilgiler sunmak vize ba\u015fvurusunun reddedilmesine neden olabilir. Gerekli belgelerin eklenmesi: Vize i\u015flemleri i\u00e7in gerekli belgeler aras\u0131nda pasaport, pasaport foto\u011fraf\u0131, seyahat sigortas\u0131, seyahat nedeni ve uygun konaklama yerine ili\u015fkin belgeler gibi belgeler yer alabilir. Bu belgelerin eksiksiz ve ge\u00e7erli olmas\u0131 vize i\u015flemlerinin h\u0131zl\u0131 ve kolay bir \u015fekilde ger\u00e7ekle\u015ftirilmesini sa\u011flar. \u00dclkenin T\u00fcrkiye B\u00fcy\u00fckel\u00e7ili\u011fi veya Konsoloslu\u011fu ile ileti\u015fim kurmak: Cezayir turistik vize i\u015flemleri i\u00e7in gereken belgeler ve prosed\u00fcrler de\u011fi\u015febilir, bu nedenle \u00fclkenin T\u00fcrkiye B\u00fcy\u00fckel\u00e7ili\u011fi veya Konsoloslu\u011fu ile ileti\u015fim kurarak g\u00fcncel bilgi almal\u0131s\u0131n\u0131z. Vize i\u015flemleri i\u00e7in yeterli zaman ay\u0131rmak: Vize i\u015flemleri i\u00e7in gereken s\u00fcre de\u011fi\u015febilir ve vize ba\u015fvurusu s\u0131ras\u0131nda gerekli belgelerin eksiksiz ve do\u011fru bir \u015fekilde sunulmamas\u0131 veya vize i\u015flemleri i\u00e7in ek bilgi ve belgelerin istenmesi gibi nedenlerle s\u00fcre uzayabilir. Bu nedenle vize ba\u015fvurusu yapmadan \u00f6nce yeterli zaman ay\u0131rmak \u00f6nemlidir.<\/span><\/p>\n<h2><strong><span style=\"font-family: Roboto; font-size: 27px;\">Cezayir Turistik Vize Dilek\u00e7e \u00d6rne\u011fi ile \u0130lgili<\/span><\/strong><\/h2>\n<p><span style=\"font-family: Roboto; font-size: 14px;\">Turistik ama\u00e7lardan dolay\u0131 Cezayir\u2019e seyahat edecek olan T\u00fcrk vatanda\u015flar\u0131n\u0131n haz\u0131rlamas\u0131 gereken bir tak\u0131m belgeler vard\u0131r. Bu belgeler aras\u0131nda bulunan belgelerden biriside Cezayir turistik vize dilek\u00e7esidir. <strong>Cezayir turistik vize dilek\u00e7esi<\/strong> \u0130ngilizce, Arap\u00e7a ya da T\u00fcrk\u00e7e olarak doldurulabilir. Dilek\u00e7eyi el ile yazabilir ya da bilgisayar ile doldurabilirsiniz. El ile yaz\u0131lan dilek\u00e7enin okunur olmas\u0131 gerekmektedir.<\/span><\/p>\n<p><span style=\"font-family: Roboto; font-size: 14px;\"><strong>Cezayir turistik vize<\/strong> dilek\u00e7esinde; Cezayir\u2019e seyahat edecek olan T\u00fcrk vatanda\u015flar\u0131n\u0131n seyahat ama\u00e7lar\u0131, seyahat s\u00fcreleri dilek\u00e7ede yer almal\u0131d\u0131r. Cezayir turistik vize dilek\u00e7esinde buna ek olarak vize ba\u015fvuru sahibinin verilen Cezayir vize s\u00fcresini a\u015fmayaca\u011f\u0131n\u0131 belirtmelidir<strong>. Cezayir turistik vize<\/strong> dilek\u00e7e \u00f6rne\u011fi a\u015fa\u011f\u0131da verilmi\u015ftir.<\/span><\/p>\n<p><span style=\"font-family: Roboto; font-size: 14px;\">Cezayir turistik vize dilek\u00e7e \u00f6rne\u011fi;<\/span><\/p>\n<p><span style=\"font-family: Roboto; font-size: 14px;\"><strong>Cezayir Konsoloslu\u011fu<\/strong><\/span><\/p>\n<p><span style=\"font-family: Roboto; font-size: 14px;\"><strong>Vize B\u00f6l\u00fcm\u00fc<\/strong><\/span><\/p>\n<p><span style=\"font-family: Roboto; font-size: 14px;\"><strong>\u0130stanbul\u00a0 \u00a0 \u00a0 \u00a0 \u00a0 \u00a0 \u00a0 \u00a0 \u00a0 \u00a0 \u00a0 \u00a0 \u00a0 \u00a0 \u00a0 \u00a0 \u00a0 \u00a0 \u00a0 \u00a0 \u00a0 \u00a0 \u00a0 \u00a0 \u00a0 \u00a0 \u00a0 \u00a0 \u00a0 \u00a0 \u00a0 \u00a0 \u00a0 \u00a0 \u00a0 \u00a0 \u00a0 \u00a0 \u00a0 \u00a0 \u00a0 \u00a0 \u00a0 \u00a0 \u00a0 \u00a0 \u00a0 \u00a0 \u00a0 \u00a0 \u00a0 \u00a0 \u00a0 \u00a0 \u00a0 \u00a0 \u00a0Tarih\u00a0 \u00a0 \u00a0\u00a0<\/strong><\/span><\/p>\n<p><span style=\"font-family: Roboto; font-size: 14px;\">Say\u0131n yetkili, ben Kadir Al, 10.10.2021- 10.12.2021 tarihleri aras\u0131nda Cezayir\u2019e k\u00fclt\u00fcrel seyahatte bulunmak istiyorum. Seyahatim boyunca Sheraton Annaba Hotel\u2019de konaklayaca\u011f\u0131m. T\u00fcm seyahat masraflar\u0131n\u0131 kendim kar\u015f\u0131layaca\u011f\u0131m, verilen vize s\u00fcresini a\u015fmayaca\u011f\u0131m\u0131 ve Cezayir\u2019de bir huzursuzluk \u00e7\u0131kamayaca\u011f\u0131m\u0131 taahh\u00fct ederim. Seyahatim tamamen turistik ama\u00e7l\u0131d\u0131r. Seyahatim i\u00e7in gerekli olan Cezayir turistik vizesinin verilmesini arz ederim.<\/span><\/p>\n<p><span style=\"font-family: Roboto; font-size: 14px;\">Sayg\u0131lar\u0131mla;<\/span><\/p>\n<p><span style=\"font-family: Roboto; font-size: 14px;\">Hayri Eren<\/span><\/p>\n<p><span style=\"font-family: Roboto; font-size: 14px;\">\u0130mza-Ka\u015fe<\/span><\/p>\n<p><span style=\"font-size: 15px;\"><span style=\"font-family: Roboto;\"><img loading=\"lazy\" decoding=\"async\" src=\"..\/..\/..\/romanya\/wp-content\/uploads\/2021\/07\/aDOBE-LOGO-1.png\" width=\"75\" height=\"75\" \/><span style=\"font-size: 16px;\"><strong> \u00a0<\/strong><\/span><\/span><span style=\"font-size: 16px;\"><strong><span style=\"font-family: Roboto;\"> Cezayir Turistik Vize Dilek\u00e7e \u00d6rne\u011fi\u00a0 <span style=\"color: #2acec2;\"><a style=\"color: #2acec2;\" href=\"https:\/\/www.myvize.com.tr\/cezayir\/wp-content\/uploads\/2021\/12\/algeria.pdf\" target=\"_blank\" rel=\"noreferrer noopener\">(\u0130ndirmek \u0130\u00e7in T\u0131klay\u0131n\u0131z!!)<\/a><\/span><\/span><\/strong><\/span><\/span><\/p>\n","protected":false},"excerpt":{"rendered":"<p>Cezayir Turistik Vize Dilek\u00e7e \u00d6rne\u011fi Hakk\u0131nda Cezayir&#8217;e turistik ama\u00e7 ile seyahat edecek olan ki\u015fi, \u00fclkeye yapmay\u0131 planlad\u0131\u011f\u0131 seyahate ili\u015fkin Cezayir \u0130stanbul Ba\u015fkonsolosluk veya Cezayir Ankara B\u00fcy\u00fckel\u00e7ili\u011fi hitaben Cezayir turistik vize talep dilek\u00e7esi yazmal\u0131. \u00dclkeye yap\u0131lacak seyahat amac\u0131 net olarak ifade edilmeli. \u00d6rne\u011fin; Turistik bir tur kat\u0131lacak ki\u015filer Cezayir Turistik vize talep dilek\u00e7esinde kat\u0131laca\u011f\u0131 turda bahsetmeli<\/p>\n","protected":false},"author":1,"featured_media":0,"parent":169,"menu_order":0,"comment_status":"open","ping_status":"closed","template":"","meta":{"_joinchat":[],"footnotes":""},"class_list":["post-186","page","type-page","status-publish","hentry"],"yoast_head":"<!-- This site is optimized with the Yoast SEO plugin v24.0 - https:\/\/yoast.com\/wordpress\/plugins\/seo\/ -->\n<title>Cezayir Turistik Vize Dilek\u00e7e \u00d6rne\u011fi - MyVize<\/title>\n<meta name=\"description\" content=\"Cezayir Turistik Vize Dilek\u00e7e \u00d6rne\u011fi Nas\u0131l Yaz\u0131l\u0131r? Cezayir Turistik Vize Dilek\u00e7esi Nas\u0131l Olmal\u0131d\u0131r? Bilgi \u0130\u00e7in Hemen Aray\u0131n: 0850 346 84 93\" \/>\n<meta name=\"robots\" content=\"index, follow, max-snippet:-1, max-image-preview:large, max-video-preview:-1\" \/>\n<link rel=\"canonical\" href=\"https:\/\/www.myvize.com.tr\/cezayir\/form-ve-dilekce\/turistik-vize-dilekce-ornegi\/\" \/>\n<meta property=\"og:locale\" content=\"tr_TR\" \/>\n<meta property=\"og:type\" content=\"article\" \/>\n<meta property=\"og:title\" content=\"Cezayir Turistik Vize Dilek\u00e7e \u00d6rne\u011fi - MyVize\" \/>\n<meta property=\"og:description\" content=\"Cezayir Turistik Vize Dilek\u00e7e \u00d6rne\u011fi Nas\u0131l Yaz\u0131l\u0131r? Cezayir Turistik Vize Dilek\u00e7esi Nas\u0131l Olmal\u0131d\u0131r? Bilgi \u0130\u00e7in Hemen Aray\u0131n: 0850 346 84 93\" \/>\n<meta property=\"og:url\" content=\"https:\/\/www.myvize.com.tr\/cezayir\/form-ve-dilekce\/turistik-vize-dilekce-ornegi\/\" \/>\n<meta property=\"og:site_name\" content=\"Cezayir Vizesi\" \/>\n<meta property=\"article:modified_time\" content=\"2023-01-22T15:38:54+00:00\" \/>\n<meta name=\"twitter:card\" content=\"summary_large_image\" \/>\n<meta name=\"twitter:label1\" content=\"Tahmini okuma s\u00fcresi\" \/>\n\t<meta name=\"twitter:data1\" content=\"4 dakika\" \/>\n<script type=\"application\/ld+json\" class=\"yoast-schema-graph\">{\"@context\":\"https:\/\/schema.org\",\"@graph\":[{\"@type\":\"WebPage\",\"@id\":\"https:\/\/www.myvize.com.tr\/cezayir\/form-ve-dilekce\/turistik-vize-dilekce-ornegi\/\",\"url\":\"https:\/\/www.myvize.com.tr\/cezayir\/form-ve-dilekce\/turistik-vize-dilekce-ornegi\/\",\"name\":\"Cezayir Turistik Vize Dilek\u00e7e \u00d6rne\u011fi - MyVize\",\"isPartOf\":{\"@id\":\"https:\/\/www.myvize.com.tr\/cezayir\/#website\"},\"datePublished\":\"2020-12-24T09:36:52+00:00\",\"dateModified\":\"2023-01-22T15:38:54+00:00\",\"description\":\"Cezayir Turistik Vize Dilek\u00e7e \u00d6rne\u011fi Nas\u0131l Yaz\u0131l\u0131r? Cezayir Turistik Vize Dilek\u00e7esi Nas\u0131l Olmal\u0131d\u0131r? Bilgi \u0130\u00e7in Hemen Aray\u0131n: 0850 346 84 93\",\"breadcrumb\":{\"@id\":\"https:\/\/www.myvize.com.tr\/cezayir\/form-ve-dilekce\/turistik-vize-dilekce-ornegi\/#breadcrumb\"},\"inLanguage\":\"tr\",\"potentialAction\":[{\"@type\":\"ReadAction\",\"target\":[\"https:\/\/www.myvize.com.tr\/cezayir\/form-ve-dilekce\/turistik-vize-dilekce-ornegi\/\"]}]},{\"@type\":\"BreadcrumbList\",\"@id\":\"https:\/\/www.myvize.com.tr\/cezayir\/form-ve-dilekce\/turistik-vize-dilekce-ornegi\/#breadcrumb\",\"itemListElement\":[{\"@type\":\"ListItem\",\"position\":1,\"name\":\"Anasayfa\",\"item\":\"https:\/\/www.myvize.com.tr\/cezayir\/\"},{\"@type\":\"ListItem\",\"position\":2,\"name\":\"FORM VE D\u0130LEK\u00c7E\",\"item\":\"https:\/\/www.myvize.com.tr\/cezayir\/form-ve-dilekce\/\"},{\"@type\":\"ListItem\",\"position\":3,\"name\":\"Cezayir Turistik Vize Dilek\u00e7e \u00d6rne\u011fi\"}]},{\"@type\":\"WebSite\",\"@id\":\"https:\/\/www.myvize.com.tr\/cezayir\/#website\",\"url\":\"https:\/\/www.myvize.com.tr\/cezayir\/\",\"name\":\"Cezayir Vizesi\",\"description\":\"\",\"potentialAction\":[{\"@type\":\"SearchAction\",\"target\":{\"@type\":\"EntryPoint\",\"urlTemplate\":\"https:\/\/www.myvize.com.tr\/cezayir\/?s={search_term_string}\"},\"query-input\":{\"@type\":\"PropertyValueSpecification\",\"valueRequired\":true,\"valueName\":\"search_term_string\"}}],\"inLanguage\":\"tr\"}]}<\/script>\n<!-- \/ Yoast SEO plugin. -->","yoast_head_json":{"title":"Cezayir Turistik Vize Dilek\u00e7e \u00d6rne\u011fi - MyVize","description":"Cezayir Turistik Vize Dilek\u00e7e \u00d6rne\u011fi Nas\u0131l Yaz\u0131l\u0131r? Cezayir Turistik Vize Dilek\u00e7esi Nas\u0131l Olmal\u0131d\u0131r? Bilgi \u0130\u00e7in Hemen Aray\u0131n: 0850 346 84 93","robots":{"index":"index","follow":"follow","max-snippet":"max-snippet:-1","max-image-preview":"max-image-preview:large","max-video-preview":"max-video-preview:-1"},"canonical":"https:\/\/www.myvize.com.tr\/cezayir\/form-ve-dilekce\/turistik-vize-dilekce-ornegi\/","og_locale":"tr_TR","og_type":"article","og_title":"Cezayir Turistik Vize Dilek\u00e7e \u00d6rne\u011fi - MyVize","og_description":"Cezayir Turistik Vize Dilek\u00e7e \u00d6rne\u011fi Nas\u0131l Yaz\u0131l\u0131r? Cezayir Turistik Vize Dilek\u00e7esi Nas\u0131l Olmal\u0131d\u0131r? Bilgi \u0130\u00e7in Hemen Aray\u0131n: 0850 346 84 93","og_url":"https:\/\/www.myvize.com.tr\/cezayir\/form-ve-dilekce\/turistik-vize-dilekce-ornegi\/","og_site_name":"Cezayir Vizesi","article_modified_time":"2023-01-22T15:38:54+00:00","twitter_card":"summary_large_image","twitter_misc":{"Tahmini okuma s\u00fcresi":"4 dakika"},"schema":{"@context":"https:\/\/schema.org","@graph":[{"@type":"WebPage","@id":"https:\/\/www.myvize.com.tr\/cezayir\/form-ve-dilekce\/turistik-vize-dilekce-ornegi\/","url":"https:\/\/www.myvize.com.tr\/cezayir\/form-ve-dilekce\/turistik-vize-dilekce-ornegi\/","name":"Cezayir Turistik Vize Dilek\u00e7e \u00d6rne\u011fi - MyVize","isPartOf":{"@id":"https:\/\/www.myvize.com.tr\/cezayir\/#website"},"datePublished":"2020-12-24T09:36:52+00:00","dateModified":"2023-01-22T15:38:54+00:00","description":"Cezayir Turistik Vize Dilek\u00e7e \u00d6rne\u011fi Nas\u0131l Yaz\u0131l\u0131r? Cezayir Turistik Vize Dilek\u00e7esi Nas\u0131l Olmal\u0131d\u0131r? Bilgi \u0130\u00e7in Hemen Aray\u0131n: 0850 346 84 93","breadcrumb":{"@id":"https:\/\/www.myvize.com.tr\/cezayir\/form-ve-dilekce\/turistik-vize-dilekce-ornegi\/#breadcrumb"},"inLanguage":"tr","potentialAction":[{"@type":"ReadAction","target":["https:\/\/www.myvize.com.tr\/cezayir\/form-ve-dilekce\/turistik-vize-dilekce-ornegi\/"]}]},{"@type":"BreadcrumbList","@id":"https:\/\/www.myvize.com.tr\/cezayir\/form-ve-dilekce\/turistik-vize-dilekce-ornegi\/#breadcrumb","itemListElement":[{"@type":"ListItem","position":1,"name":"Anasayfa","item":"https:\/\/www.myvize.com.tr\/cezayir\/"},{"@type":"ListItem","position":2,"name":"FORM VE D\u0130LEK\u00c7E","item":"https:\/\/www.myvize.com.tr\/cezayir\/form-ve-dilekce\/"},{"@type":"ListItem","position":3,"name":"Cezayir Turistik Vize Dilek\u00e7e \u00d6rne\u011fi"}]},{"@type":"WebSite","@id":"https:\/\/www.myvize.com.tr\/cezayir\/#website","url":"https:\/\/www.myvize.com.tr\/cezayir\/","name":"Cezayir Vizesi","description":"","potentialAction":[{"@type":"SearchAction","target":{"@type":"EntryPoint","urlTemplate":"https:\/\/www.myvize.com.tr\/cezayir\/?s={search_term_string}"},"query-input":{"@type":"PropertyValueSpecification","valueRequired":true,"valueName":"search_term_string"}}],"inLanguage":"tr"}]}},"_links":{"self":[{"href":"https:\/\/www.myvize.com.tr\/cezayir\/wp-json\/wp\/v2\/pages\/186","targetHints":{"allow":["GET"]}}],"collection":[{"href":"https:\/\/www.myvize.com.tr\/cezayir\/wp-json\/wp\/v2\/pages"}],"about":[{"href":"https:\/\/www.myvize.com.tr\/cezayir\/wp-json\/wp\/v2\/types\/page"}],"author":[{"embeddable":true,"href":"https:\/\/www.myvize.com.tr\/cezayir\/wp-json\/wp\/v2\/users\/1"}],"replies":[{"embeddable":true,"href":"https:\/\/www.myvize.com.tr\/cezayir\/wp-json\/wp\/v2\/comments?post=186"}],"version-history":[{"count":7,"href":"https:\/\/www.myvize.com.tr\/cezayir\/wp-json\/wp\/v2\/pages\/186\/revisions"}],"predecessor-version":[{"id":802,"href":"https:\/\/www.myvize.com.tr\/cezayir\/wp-json\/wp\/v2\/pages\/186\/revisions\/802"}],"up":[{"embeddable":true,"href":"https:\/\/www.myvize.com.tr\/cezayir\/wp-json\/wp\/v2\/pages\/169"}],"wp:attachment":[{"href":"https:\/\/www.myvize.com.tr\/cezayir\/wp-json\/wp\/v2\/media?parent=186"}],"curies":[{"name":"wp","href":"https:\/\/api.w.org\/{rel}","templated":true}]}}