{"id":220,"date":"2020-12-28T14:20:34","date_gmt":"2020-12-28T11:20:34","guid":{"rendered":"https:\/\/www.myvize.com.tr\/cezayir\/?page_id=220"},"modified":"2022-12-27T19:25:45","modified_gmt":"2022-12-27T16:25:45","slug":"adana","status":"publish","type":"page","link":"https:\/\/www.myvize.com.tr\/cezayir\/subelerimiz\/adana\/","title":{"rendered":"Adana"},"content":{"rendered":"<h2><strong><span style=\"font-family: Roboto; font-size: 27px;\">Cezayir Vize Ba\u015fvuru Merkezi, Adana<\/span><\/strong><\/h2>\n<p><span style=\"font-family: Roboto; font-size: 14px;\">Adana ve \u00e7evresinde ikamet etmekte olan ve Cezayir\u2019e seyahat edecek olan T\u00fcrk vatanda\u015flar\u0131, Cezayir seyahatleri i\u00e7in vize almal\u0131d\u0131r. Hizmet, Diplomatik ve Hususi Pasaport sahipleri Cezayir vizesinden 90 g\u00fcne kadar muaft\u0131r. \u00a0<\/span><\/p>\n<p><span style=\"font-family: Roboto; font-size: 14px;\"><strong>Adana Cezayir vizesi<\/strong> ba\u015fvuru i\u015flemleri nereye yap\u0131l\u0131r;<\/span><\/p>\n<ul>\n<li><span style=\"font-family: Roboto; font-size: 14px;\">Adana ve \u00e7evresinde ikamet eden ki\u015filer ba\u015fvurular\u0131n\u0131 Cezayir\u2019in T\u00fcrkiye\u2019deki diplomatik temsilciliklerine yapabilir.<\/span><\/li>\n<li><span style=\"font-family: Roboto; font-size: 14px;\">Adana ve \u00e7evresinde bulunan ki\u015filer Cezayir vize ba\u015fvurular\u0131n\u0131 Adana\u2019da bulunan <strong>Cezayir vize ba\u015fvuru<\/strong> merkezlerine yapabilir.<\/span><\/li>\n<li><span style=\"font-family: Roboto; font-size: 14px;\">Adana ve \u00e7evresinde bulunan ki\u015filer vize ba\u015fvurular\u0131n\u0131 yetkilendirilmi\u015f vize acentelerine yapabilir.<\/span><\/li>\n<li><span style=\"font-family: Roboto; font-size: 14px;\">Adana ve \u00e7evresindeki ki\u015filer ba\u015fvurular\u0131n\u0131 \u00fc\u00e7\u00fcnc\u00fc \u015fah\u0131slar arac\u0131l\u0131\u011f\u0131 ile yapabilir.<\/span><\/li>\n<\/ul>\n<p><span style=\"font-family: Roboto; font-size: 14px;\"><strong>Adana Cezayir vizesi<\/strong> ba\u015fvuru i\u015flemleri nas\u0131l yap\u0131l\u0131r;<\/span><\/p>\n<p><span style=\"font-family: Roboto; font-size: 14px;\">Adana ve \u00e7evresinde bulunan ki\u015filer vize ba\u015fvurusu i\u00e7in \u00f6ncelikle <span style=\"color: #2acec2;\"><strong><a style=\"color: #2acec2;\" href=\"https:\/\/www.myvize.com.tr\/cezayir\/form-ve-dilekce\/cezayir-vize-basvuru-formu\/\" target=\"_blank\" rel=\"noopener\">Cezayir vize ba\u015fvuru formu<\/a><\/strong><\/span> doldurmal\u0131d\u0131r. Daha sonra ise vize ba\u015fvurusu i\u00e7in gerekli olan belgeler eksiksiz haz\u0131rlanarak vize ba\u015fvurusu yap\u0131lacak yere teslim edilmesi gerekmektedir. Ba\u015fvuruda bulunacak olan ki\u015filer ba\u015fvuru i\u015flemleri i\u00e7in vize har\u00e7 \u00fccretlerini haz\u0131rlamal\u0131d\u0131r. Ba\u015fvurular \u015fahsen yap\u0131labilece\u011fi gibi \u00fc\u00e7\u00fcnc\u00fc \u015fah\u0131slar arac\u0131l\u0131\u011f\u0131 i\u00e7in yap\u0131labilmektedir.<\/span><\/p>\n<p><span style=\"font-family: Roboto; font-size: 14px;\"><strong>Cezayir vize<\/strong> ba\u015fvurusu i\u00e7in istenen belgeler eksiksiz ve g\u00fcncel bir \u015fekilde haz\u0131rlanmal\u0131d\u0131r. Belgeler y\u0131pranmam\u0131\u015f olmal\u0131d\u0131r. <strong>Cezayir vize ba\u015fvurusu<\/strong> ortalama olarak 7-10 g\u00fcn aras\u0131nda sonu\u00e7lanmaktad\u0131r.<\/span><\/p>\n","protected":false},"excerpt":{"rendered":"<p>Cezayir Vize Ba\u015fvuru Merkezi, Adana Adana ve \u00e7evresinde ikamet etmekte olan ve Cezayir\u2019e seyahat edecek olan T\u00fcrk vatanda\u015flar\u0131, Cezayir seyahatleri i\u00e7in vize almal\u0131d\u0131r. Hizmet, Diplomatik ve Hususi Pasaport sahipleri Cezayir vizesinden 90 g\u00fcne kadar muaft\u0131r. \u00a0 Adana Cezayir vizesi ba\u015fvuru i\u015flemleri nereye yap\u0131l\u0131r; Adana ve \u00e7evresinde ikamet eden ki\u015filer ba\u015fvurular\u0131n\u0131 Cezayir\u2019in T\u00fcrkiye\u2019deki diplomatik temsilciliklerine yapabilir.<\/p>\n","protected":false},"author":1,"featured_media":0,"parent":205,"menu_order":0,"comment_status":"open","ping_status":"closed","template":"","meta":{"_joinchat":[],"footnotes":""},"class_list":["post-220","page","type-page","status-publish","hentry"],"yoast_head":"<!-- This site is optimized with the Yoast SEO plugin v24.0 - https:\/\/yoast.com\/wordpress\/plugins\/seo\/ -->\n<title>Cezayir Vizesi Adana Ba\u015fvuru Merkezimiz - MyVize<\/title>\n<meta name=\"description\" content=\"Cezayir Vizesi Adana Vize Ba\u015fvuru Merkezi. Cezayir Vizesi Nas\u0131l Al\u0131n\u0131r? Bilgi \u0130\u00e7in Vize Uzmanlar\u0131m\u0131z\u0131 Aray\u0131n: 0850 346 84 93\" \/>\n<meta name=\"robots\" content=\"index, follow, max-snippet:-1, max-image-preview:large, max-video-preview:-1\" \/>\n<link rel=\"canonical\" href=\"https:\/\/www.myvize.com.tr\/cezayir\/subelerimiz\/adana\/\" \/>\n<meta property=\"og:locale\" content=\"tr_TR\" \/>\n<meta property=\"og:type\" content=\"article\" \/>\n<meta property=\"og:title\" content=\"Cezayir Vizesi Adana Ba\u015fvuru Merkezimiz - MyVize\" \/>\n<meta property=\"og:description\" content=\"Cezayir Vizesi Adana Vize Ba\u015fvuru Merkezi. Cezayir Vizesi Nas\u0131l Al\u0131n\u0131r? Bilgi \u0130\u00e7in Vize Uzmanlar\u0131m\u0131z\u0131 Aray\u0131n: 0850 346 84 93\" \/>\n<meta property=\"og:url\" content=\"https:\/\/www.myvize.com.tr\/cezayir\/subelerimiz\/adana\/\" \/>\n<meta property=\"og:site_name\" content=\"Cezayir Vizesi\" \/>\n<meta property=\"article:modified_time\" content=\"2022-12-27T16:25:45+00:00\" \/>\n<meta name=\"twitter:card\" content=\"summary_large_image\" \/>\n<meta name=\"twitter:label1\" content=\"Tahmini okuma s\u00fcresi\" \/>\n\t<meta name=\"twitter:data1\" content=\"1 dakika\" \/>\n<script type=\"application\/ld+json\" class=\"yoast-schema-graph\">{\"@context\":\"https:\/\/schema.org\",\"@graph\":[{\"@type\":\"WebPage\",\"@id\":\"https:\/\/www.myvize.com.tr\/cezayir\/subelerimiz\/adana\/\",\"url\":\"https:\/\/www.myvize.com.tr\/cezayir\/subelerimiz\/adana\/\",\"name\":\"Cezayir Vizesi Adana Ba\u015fvuru Merkezimiz - MyVize\",\"isPartOf\":{\"@id\":\"https:\/\/www.myvize.com.tr\/cezayir\/#website\"},\"datePublished\":\"2020-12-28T11:20:34+00:00\",\"dateModified\":\"2022-12-27T16:25:45+00:00\",\"description\":\"Cezayir Vizesi Adana Vize Ba\u015fvuru Merkezi. Cezayir Vizesi Nas\u0131l Al\u0131n\u0131r? Bilgi \u0130\u00e7in Vize Uzmanlar\u0131m\u0131z\u0131 Aray\u0131n: 0850 346 84 93\",\"breadcrumb\":{\"@id\":\"https:\/\/www.myvize.com.tr\/cezayir\/subelerimiz\/adana\/#breadcrumb\"},\"inLanguage\":\"tr\",\"potentialAction\":[{\"@type\":\"ReadAction\",\"target\":[\"https:\/\/www.myvize.com.tr\/cezayir\/subelerimiz\/adana\/\"]}]},{\"@type\":\"BreadcrumbList\",\"@id\":\"https:\/\/www.myvize.com.tr\/cezayir\/subelerimiz\/adana\/#breadcrumb\",\"itemListElement\":[{\"@type\":\"ListItem\",\"position\":1,\"name\":\"Anasayfa\",\"item\":\"https:\/\/www.myvize.com.tr\/cezayir\/\"},{\"@type\":\"ListItem\",\"position\":2,\"name\":\"\u015eUBELER\u0130M\u0130Z\",\"item\":\"https:\/\/www.myvize.com.tr\/cezayir\/subelerimiz\/\"},{\"@type\":\"ListItem\",\"position\":3,\"name\":\"Adana\"}]},{\"@type\":\"WebSite\",\"@id\":\"https:\/\/www.myvize.com.tr\/cezayir\/#website\",\"url\":\"https:\/\/www.myvize.com.tr\/cezayir\/\",\"name\":\"Cezayir Vizesi\",\"description\":\"\",\"potentialAction\":[{\"@type\":\"SearchAction\",\"target\":{\"@type\":\"EntryPoint\",\"urlTemplate\":\"https:\/\/www.myvize.com.tr\/cezayir\/?s={search_term_string}\"},\"query-input\":{\"@type\":\"PropertyValueSpecification\",\"valueRequired\":true,\"valueName\":\"search_term_string\"}}],\"inLanguage\":\"tr\"}]}<\/script>\n<!-- \/ Yoast SEO plugin. -->","yoast_head_json":{"title":"Cezayir Vizesi Adana Ba\u015fvuru Merkezimiz - MyVize","description":"Cezayir Vizesi Adana Vize Ba\u015fvuru Merkezi. Cezayir Vizesi Nas\u0131l Al\u0131n\u0131r? Bilgi \u0130\u00e7in Vize Uzmanlar\u0131m\u0131z\u0131 Aray\u0131n: 0850 346 84 93","robots":{"index":"index","follow":"follow","max-snippet":"max-snippet:-1","max-image-preview":"max-image-preview:large","max-video-preview":"max-video-preview:-1"},"canonical":"https:\/\/www.myvize.com.tr\/cezayir\/subelerimiz\/adana\/","og_locale":"tr_TR","og_type":"article","og_title":"Cezayir Vizesi Adana Ba\u015fvuru Merkezimiz - MyVize","og_description":"Cezayir Vizesi Adana Vize Ba\u015fvuru Merkezi. Cezayir Vizesi Nas\u0131l Al\u0131n\u0131r? Bilgi \u0130\u00e7in Vize Uzmanlar\u0131m\u0131z\u0131 Aray\u0131n: 0850 346 84 93","og_url":"https:\/\/www.myvize.com.tr\/cezayir\/subelerimiz\/adana\/","og_site_name":"Cezayir Vizesi","article_modified_time":"2022-12-27T16:25:45+00:00","twitter_card":"summary_large_image","twitter_misc":{"Tahmini okuma s\u00fcresi":"1 dakika"},"schema":{"@context":"https:\/\/schema.org","@graph":[{"@type":"WebPage","@id":"https:\/\/www.myvize.com.tr\/cezayir\/subelerimiz\/adana\/","url":"https:\/\/www.myvize.com.tr\/cezayir\/subelerimiz\/adana\/","name":"Cezayir Vizesi Adana Ba\u015fvuru Merkezimiz - MyVize","isPartOf":{"@id":"https:\/\/www.myvize.com.tr\/cezayir\/#website"},"datePublished":"2020-12-28T11:20:34+00:00","dateModified":"2022-12-27T16:25:45+00:00","description":"Cezayir Vizesi Adana Vize Ba\u015fvuru Merkezi. Cezayir Vizesi Nas\u0131l Al\u0131n\u0131r? Bilgi \u0130\u00e7in Vize Uzmanlar\u0131m\u0131z\u0131 Aray\u0131n: 0850 346 84 93","breadcrumb":{"@id":"https:\/\/www.myvize.com.tr\/cezayir\/subelerimiz\/adana\/#breadcrumb"},"inLanguage":"tr","potentialAction":[{"@type":"ReadAction","target":["https:\/\/www.myvize.com.tr\/cezayir\/subelerimiz\/adana\/"]}]},{"@type":"BreadcrumbList","@id":"https:\/\/www.myvize.com.tr\/cezayir\/subelerimiz\/adana\/#breadcrumb","itemListElement":[{"@type":"ListItem","position":1,"name":"Anasayfa","item":"https:\/\/www.myvize.com.tr\/cezayir\/"},{"@type":"ListItem","position":2,"name":"\u015eUBELER\u0130M\u0130Z","item":"https:\/\/www.myvize.com.tr\/cezayir\/subelerimiz\/"},{"@type":"ListItem","position":3,"name":"Adana"}]},{"@type":"WebSite","@id":"https:\/\/www.myvize.com.tr\/cezayir\/#website","url":"https:\/\/www.myvize.com.tr\/cezayir\/","name":"Cezayir Vizesi","description":"","potentialAction":[{"@type":"SearchAction","target":{"@type":"EntryPoint","urlTemplate":"https:\/\/www.myvize.com.tr\/cezayir\/?s={search_term_string}"},"query-input":{"@type":"PropertyValueSpecification","valueRequired":true,"valueName":"search_term_string"}}],"inLanguage":"tr"}]}},"_links":{"self":[{"href":"https:\/\/www.myvize.com.tr\/cezayir\/wp-json\/wp\/v2\/pages\/220","targetHints":{"allow":["GET"]}}],"collection":[{"href":"https:\/\/www.myvize.com.tr\/cezayir\/wp-json\/wp\/v2\/pages"}],"about":[{"href":"https:\/\/www.myvize.com.tr\/cezayir\/wp-json\/wp\/v2\/types\/page"}],"author":[{"embeddable":true,"href":"https:\/\/www.myvize.com.tr\/cezayir\/wp-json\/wp\/v2\/users\/1"}],"replies":[{"embeddable":true,"href":"https:\/\/www.myvize.com.tr\/cezayir\/wp-json\/wp\/v2\/comments?post=220"}],"version-history":[{"count":5,"href":"https:\/\/www.myvize.com.tr\/cezayir\/wp-json\/wp\/v2\/pages\/220\/revisions"}],"predecessor-version":[{"id":792,"href":"https:\/\/www.myvize.com.tr\/cezayir\/wp-json\/wp\/v2\/pages\/220\/revisions\/792"}],"up":[{"embeddable":true,"href":"https:\/\/www.myvize.com.tr\/cezayir\/wp-json\/wp\/v2\/pages\/205"}],"wp:attachment":[{"href":"https:\/\/www.myvize.com.tr\/cezayir\/wp-json\/wp\/v2\/media?parent=220"}],"curies":[{"name":"wp","href":"https:\/\/api.w.org\/{rel}","templated":true}]}}