{"id":224,"date":"2020-12-28T14:21:04","date_gmt":"2020-12-28T11:21:04","guid":{"rendered":"https:\/\/www.myvize.com.tr\/cezayir\/?page_id=224"},"modified":"2022-12-27T19:30:45","modified_gmt":"2022-12-27T16:30:45","slug":"ankara","status":"publish","type":"page","link":"https:\/\/www.myvize.com.tr\/cezayir\/form-ve-dilekce\/ankara\/","title":{"rendered":"Ankara"},"content":{"rendered":"<p><span style=\"font-family: Roboto;\"><\/span><\/p>\r\n<h2><strong><span style=\"font-family: Roboto; font-size: 27px;\">Cezayir Vize Ba\u015fvuru Merkezi, Ankara<\/span><\/strong><\/h2>\r\n<p><span style=\"font-family: Roboto; font-size: 14px;\"><strong>Cezayir Ankara vize merkezi\u00a0<\/strong>web sitemize ho\u015f geldiniz.<\/span><\/p>\r\n<p><span style=\"font-family: Roboto; font-size: 14px;\">\r\n\r\n<\/span><\/p>\r\n<p><span style=\"font-family: Roboto; font-size: 14px;\"><strong>Cezayir Ankara vize merkezi\u00a0<\/strong>web sitemizde siz de\u011ferli misafirlerimiz i\u00e7in <span style=\"color: #2acec2;\"><strong><a style=\"color: #2acec2;\" href=\"https:\/\/www.myvize.com.tr\/cezayir\/vize-islemleri\/\" target=\"_blank\" rel=\"noopener\">Cezayir vize i\u015flemleri<\/a><\/strong><\/span> hakk\u0131nda ayr\u0131nt\u0131l\u0131 bilgiler sunduk. Vize i\u015flemleri i\u00e7in web sitemizi inceledikten sonra bize de telefon ile ya da mail adresimizden ula\u015fabilirsiniz. Hafta i\u00e7i 8.30 \u2013 18.00 ve cumartesi 10.00 \u2013 14.00 saatleri aras\u0131nda hizmet vermekteyiz <strong>Cezayir Ankara vize merkezi<\/strong>\u00a0ofisimize u\u011frayarak y\u00fcz y\u00fcze detayl\u0131 bilgide alabilirsiniz.<\/span><\/p>\r\n<p><span style=\"font-family: Roboto; font-size: 14px;\">\r\n\r\n<\/span><\/p>\r\n<p><span style=\"font-family: Roboto; font-size: 14px;\"><strong>Cezayir Ankara vize merkezi<\/strong>\u00a0vize i\u015flemleri ad\u0131mlar\u0131 \u015fu \u015fekildedir;<\/span><\/p>\r\n<p><span style=\"font-family: Roboto; font-size: 14px;\">\r\n\r\n<\/span><\/p>\r\n<ul class=\"wp-block-list\">\r\n<li><span style=\"font-family: Roboto; font-size: 14px;\">Uzman ekip arkada\u015flar\u0131m\u0131z taraf\u0131ndan e posta yolu ile detayl\u0131 bir \u015fekilde evrak bilgilendirilmesi yap\u0131l\u0131r.<\/span><\/li>\r\n<li><span style=\"font-family: Roboto; font-size: 14px;\">Evraklar\u0131 tamamlad\u0131ktan sonra merkezimize ula\u015ft\u0131rmal\u0131s\u0131n\u0131z.<\/span><\/li>\r\n<li><span style=\"font-family: Roboto; font-size: 14px;\">Merkezimize evraklar ula\u015ft\u0131ktan sonra vize ba\u015fvuru i\u015flemleriniz yap\u0131l\u0131r.<\/span><\/li>\r\n<li><span style=\"font-family: Roboto; font-size: 14px;\">Merkezimiz taraf\u0131ndan olu\u015fturulan randevu saati ve g\u00fcn\u00fcnde gelerek biyometrik bilgilerinizi beyan etmelisiniz.<\/span><\/li>\r\n<li><span style=\"font-family: Roboto; font-size: 14px;\">Vize i\u015fleminiz tamamland\u0131ktan sonra vizenizi elden teslim alabilirsiniz.<\/span><\/li>\r\n<\/ul>\r\n<p><span style=\"font-family: Roboto; font-size: 14px;\">\r\n\r\n<\/span><\/p>\r\n<h2 class=\"wp-block-heading\"><span style=\"font-family: Roboto; font-size: 27px;\"><strong>Cezayir Vize Ba\u015fvurusunda \u00d6nemli Nokta<\/strong><\/span><\/h2>\r\n<p><span style=\"font-family: Roboto; font-size: 14px;\">\r\n\r\n<\/span><\/p>\r\n<p><span style=\"font-family: Roboto; font-size: 14px;\"><strong>Cezayir Ankara vize merkezi\u00a0<\/strong>sizi zaman a\u00e7\u0131s\u0131ndan uyar\u0131r. Seyahat tarihinizi belirlemelisiniz ve bu tarihten en az 1 ay \u00f6nce ba\u015fvuru i\u015flemini yapmal\u0131s\u0131n\u0131z. \u00c7\u00fcnk\u00fc Konsoloslu\u011fun yo\u011funlu\u011funu ve kapal\u0131 g\u00fcnlerini d\u00fc\u015f\u00fcnerek vize ba\u015fvurular\u0131n\u0131z\u0131 ona g\u00f6re yapman\u0131z gerekmektedir.<\/span><\/p>\r\n<h2><strong><span style=\"font-family: Roboto; font-size: 27px;\">Ankara Cezayir Vizesi Ba\u015fvuru<\/span><\/strong><\/h2>\r\n<p><span style=\"font-family: Roboto; font-size: 14px;\">Ankara ve \u00e7evresinde ikamet eden ve Cezayir\u2019e seyahat etmeyi planlayan T\u00fcrk vatanda\u015flar\u0131 seyahat amac\u0131na uygun <span style=\"color: #2acec2;\"><strong><a style=\"color: #2acec2;\" href=\"https:\/\/www.myvize.com.tr\/cezayir\/cezayir-vizesi-2\/\" target=\"_blank\" rel=\"noopener\">Cezayir vizesi<\/a><\/strong><\/span> almal\u0131d\u0131r. Hizmet Pasaportu, Hususi Pasaport ve Diplomatik Pasaport sahipleri 90 g\u00fcne kadar Cezayir vizesinden muaft\u0131r. Cezayir\u2019e seyahat edecek olan T\u00fcrk vatanda\u015flar\u0131 vize ba\u015fvurular\u0131n\u0131 Cezayir temsilciliklerine ve <strong>Cezayir vize ba\u015fvuru<\/strong> merkezlerine ya da seyahat acenteleri ile yapabilmektedir.<\/span><\/p>\r\n<p><span style=\"font-family: Roboto; font-size: 14px;\"><strong>Ankara Cezayir vizesi<\/strong> ba\u015fvuru i\u015flemleri <strong>Cezayir Ankara B\u00fcy\u00fckel\u00e7ili\u011fi<\/strong>, Ankara Cezayir vize ba\u015fvuru merkezleri ve yetkilendirilmi\u015f seyahat acenteleri ile yap\u0131labilmektedir. <strong>Ankara Cezayir vize ba\u015fvuru<\/strong> i\u015flemlerinin \u015fahsen yap\u0131lma zorunlulu\u011fu bulunmamaktad\u0131r.<\/span><\/p>\r\n<p><span style=\"font-family: Roboto; font-size: 14px;\"><strong>Cezayir vize ba\u015fvurusu<\/strong> i\u00e7in \u00f6nemli olan vize ba\u015fvurusu yapacak ki\u015filerin belgeleri Cezayir Ankara B\u00fcy\u00fckel\u00e7ili\u011fi\u2019ne ula\u015ft\u0131r\u0131lmas\u0131d\u0131r. Ankara Cezayir vize ba\u015fvuru i\u015flemleri,<span style=\"color: #2acec2;\"><strong><a style=\"color: #2acec2;\" href=\"https:\/\/www.myvize.com.tr\/cezayir\/form-ve-dilekce\/cezayir-vize-basvuru-formu\/\" target=\"_blank\" rel=\"noopener\"> Cezayir vize ba\u015fvuru formu<\/a><\/strong><\/span> doldurulmal\u0131 ve yetkililere teslim edilmelidir. Ankara B\u00fcy\u00fckel\u00e7ili\u011fi\u2019ne yap\u0131lacak ba\u015fvurularda randevu zorunlulu\u011fu bulunmamaktad\u0131r. Bundan dolay\u0131 ba\u015fvuruda bulunmak isteyen ki\u015filer gerekli belgeleri haz\u0131rlayarak teslim etmelidir.<\/span><\/p>\r\n<p><span style=\"font-family: Roboto; font-size: 14px;\">Ankara ve \u00e7evresinde ikamet eden ki\u015filer vize ba\u015fvurular\u0131 i\u00e7in istenen belgeleri eksiksiz olarak haz\u0131rlamal\u0131d\u0131r. Ba\u015fvuru i\u00e7in gerekli olan vize har\u00e7 \u00fccreti yat\u0131r\u0131lmal\u0131d\u0131r. <strong>Ankara Cezayir vizesi<\/strong> ba\u015fvurular\u0131 ortalama olarak 7-10 g\u00fcn i\u00e7erisinde sonu\u00e7lanmaktad\u0131r.<\/span><\/p>\r\n<p>&nbsp;<\/p>\r\n<p><span style=\"font-family: Roboto;\"><\/span><\/p>","protected":false},"excerpt":{"rendered":"<p>Cezayir Vize Ba\u015fvuru Merkezi, Ankara Cezayir Ankara vize merkezi\u00a0web sitemize ho\u015f geldiniz. Cezayir Ankara vize merkezi\u00a0web sitemizde siz de\u011ferli misafirlerimiz i\u00e7in Cezayir vize i\u015flemleri hakk\u0131nda ayr\u0131nt\u0131l\u0131 bilgiler sunduk. Vize i\u015flemleri i\u00e7in web sitemizi inceledikten sonra bize de telefon ile ya da mail adresimizden ula\u015fabilirsiniz. Hafta i\u00e7i 8.30 \u2013 18.00 ve cumartesi 10.00 \u2013 14.00 saatleri<\/p>\n","protected":false},"author":1,"featured_media":0,"parent":169,"menu_order":0,"comment_status":"open","ping_status":"closed","template":"","meta":{"_joinchat":[],"footnotes":""},"class_list":["post-224","page","type-page","status-publish","hentry"],"yoast_head":"<!-- This site is optimized with the Yoast SEO plugin v24.0 - https:\/\/yoast.com\/wordpress\/plugins\/seo\/ -->\n<title>Cezayir Vizesi Ankara Ba\u015fvuru \u015eubesi - MyVize<\/title>\n<meta name=\"description\" content=\"Cezayir Vizesi Ankara Vize Ba\u015fvuru Merkezi. Cezayir Vizesi Nas\u0131l Al\u0131n\u0131r? Bilgi \u0130\u00e7in Vize Uzmanlar\u0131m\u0131z\u0131 Aray\u0131n: 0850 346 84 93\" \/>\n<meta name=\"robots\" content=\"index, follow, max-snippet:-1, max-image-preview:large, max-video-preview:-1\" \/>\n<link rel=\"canonical\" href=\"https:\/\/www.myvize.com.tr\/cezayir\/form-ve-dilekce\/ankara\/\" \/>\n<meta property=\"og:locale\" content=\"tr_TR\" \/>\n<meta property=\"og:type\" content=\"article\" \/>\n<meta property=\"og:title\" content=\"Cezayir Vizesi Ankara Ba\u015fvuru \u015eubesi - MyVize\" \/>\n<meta property=\"og:description\" content=\"Cezayir Vizesi Ankara Vize Ba\u015fvuru Merkezi. Cezayir Vizesi Nas\u0131l Al\u0131n\u0131r? Bilgi \u0130\u00e7in Vize Uzmanlar\u0131m\u0131z\u0131 Aray\u0131n: 0850 346 84 93\" \/>\n<meta property=\"og:url\" content=\"https:\/\/www.myvize.com.tr\/cezayir\/form-ve-dilekce\/ankara\/\" \/>\n<meta property=\"og:site_name\" content=\"Cezayir Vizesi\" \/>\n<meta property=\"article:modified_time\" content=\"2022-12-27T16:30:45+00:00\" \/>\n<meta name=\"twitter:card\" content=\"summary_large_image\" \/>\n<meta name=\"twitter:label1\" content=\"Tahmini okuma s\u00fcresi\" \/>\n\t<meta name=\"twitter:data1\" content=\"2 dakika\" \/>\n<script type=\"application\/ld+json\" class=\"yoast-schema-graph\">{\"@context\":\"https:\/\/schema.org\",\"@graph\":[{\"@type\":\"WebPage\",\"@id\":\"https:\/\/www.myvize.com.tr\/cezayir\/form-ve-dilekce\/ankara\/\",\"url\":\"https:\/\/www.myvize.com.tr\/cezayir\/form-ve-dilekce\/ankara\/\",\"name\":\"Cezayir Vizesi Ankara Ba\u015fvuru \u015eubesi - MyVize\",\"isPartOf\":{\"@id\":\"https:\/\/www.myvize.com.tr\/cezayir\/#website\"},\"datePublished\":\"2020-12-28T11:21:04+00:00\",\"dateModified\":\"2022-12-27T16:30:45+00:00\",\"description\":\"Cezayir Vizesi Ankara Vize Ba\u015fvuru Merkezi. Cezayir Vizesi Nas\u0131l Al\u0131n\u0131r? Bilgi \u0130\u00e7in Vize Uzmanlar\u0131m\u0131z\u0131 Aray\u0131n: 0850 346 84 93\",\"breadcrumb\":{\"@id\":\"https:\/\/www.myvize.com.tr\/cezayir\/form-ve-dilekce\/ankara\/#breadcrumb\"},\"inLanguage\":\"tr\",\"potentialAction\":[{\"@type\":\"ReadAction\",\"target\":[\"https:\/\/www.myvize.com.tr\/cezayir\/form-ve-dilekce\/ankara\/\"]}]},{\"@type\":\"BreadcrumbList\",\"@id\":\"https:\/\/www.myvize.com.tr\/cezayir\/form-ve-dilekce\/ankara\/#breadcrumb\",\"itemListElement\":[{\"@type\":\"ListItem\",\"position\":1,\"name\":\"Anasayfa\",\"item\":\"https:\/\/www.myvize.com.tr\/cezayir\/\"},{\"@type\":\"ListItem\",\"position\":2,\"name\":\"FORM VE D\u0130LEK\u00c7E\",\"item\":\"https:\/\/www.myvize.com.tr\/cezayir\/form-ve-dilekce\/\"},{\"@type\":\"ListItem\",\"position\":3,\"name\":\"Ankara\"}]},{\"@type\":\"WebSite\",\"@id\":\"https:\/\/www.myvize.com.tr\/cezayir\/#website\",\"url\":\"https:\/\/www.myvize.com.tr\/cezayir\/\",\"name\":\"Cezayir Vizesi\",\"description\":\"\",\"potentialAction\":[{\"@type\":\"SearchAction\",\"target\":{\"@type\":\"EntryPoint\",\"urlTemplate\":\"https:\/\/www.myvize.com.tr\/cezayir\/?s={search_term_string}\"},\"query-input\":{\"@type\":\"PropertyValueSpecification\",\"valueRequired\":true,\"valueName\":\"search_term_string\"}}],\"inLanguage\":\"tr\"}]}<\/script>\n<!-- \/ Yoast SEO plugin. -->","yoast_head_json":{"title":"Cezayir Vizesi Ankara Ba\u015fvuru \u015eubesi - MyVize","description":"Cezayir Vizesi Ankara Vize Ba\u015fvuru Merkezi. Cezayir Vizesi Nas\u0131l Al\u0131n\u0131r? Bilgi \u0130\u00e7in Vize Uzmanlar\u0131m\u0131z\u0131 Aray\u0131n: 0850 346 84 93","robots":{"index":"index","follow":"follow","max-snippet":"max-snippet:-1","max-image-preview":"max-image-preview:large","max-video-preview":"max-video-preview:-1"},"canonical":"https:\/\/www.myvize.com.tr\/cezayir\/form-ve-dilekce\/ankara\/","og_locale":"tr_TR","og_type":"article","og_title":"Cezayir Vizesi Ankara Ba\u015fvuru \u015eubesi - MyVize","og_description":"Cezayir Vizesi Ankara Vize Ba\u015fvuru Merkezi. Cezayir Vizesi Nas\u0131l Al\u0131n\u0131r? Bilgi \u0130\u00e7in Vize Uzmanlar\u0131m\u0131z\u0131 Aray\u0131n: 0850 346 84 93","og_url":"https:\/\/www.myvize.com.tr\/cezayir\/form-ve-dilekce\/ankara\/","og_site_name":"Cezayir Vizesi","article_modified_time":"2022-12-27T16:30:45+00:00","twitter_card":"summary_large_image","twitter_misc":{"Tahmini okuma s\u00fcresi":"2 dakika"},"schema":{"@context":"https:\/\/schema.org","@graph":[{"@type":"WebPage","@id":"https:\/\/www.myvize.com.tr\/cezayir\/form-ve-dilekce\/ankara\/","url":"https:\/\/www.myvize.com.tr\/cezayir\/form-ve-dilekce\/ankara\/","name":"Cezayir Vizesi Ankara Ba\u015fvuru \u015eubesi - MyVize","isPartOf":{"@id":"https:\/\/www.myvize.com.tr\/cezayir\/#website"},"datePublished":"2020-12-28T11:21:04+00:00","dateModified":"2022-12-27T16:30:45+00:00","description":"Cezayir Vizesi Ankara Vize Ba\u015fvuru Merkezi. Cezayir Vizesi Nas\u0131l Al\u0131n\u0131r? Bilgi \u0130\u00e7in Vize Uzmanlar\u0131m\u0131z\u0131 Aray\u0131n: 0850 346 84 93","breadcrumb":{"@id":"https:\/\/www.myvize.com.tr\/cezayir\/form-ve-dilekce\/ankara\/#breadcrumb"},"inLanguage":"tr","potentialAction":[{"@type":"ReadAction","target":["https:\/\/www.myvize.com.tr\/cezayir\/form-ve-dilekce\/ankara\/"]}]},{"@type":"BreadcrumbList","@id":"https:\/\/www.myvize.com.tr\/cezayir\/form-ve-dilekce\/ankara\/#breadcrumb","itemListElement":[{"@type":"ListItem","position":1,"name":"Anasayfa","item":"https:\/\/www.myvize.com.tr\/cezayir\/"},{"@type":"ListItem","position":2,"name":"FORM VE D\u0130LEK\u00c7E","item":"https:\/\/www.myvize.com.tr\/cezayir\/form-ve-dilekce\/"},{"@type":"ListItem","position":3,"name":"Ankara"}]},{"@type":"WebSite","@id":"https:\/\/www.myvize.com.tr\/cezayir\/#website","url":"https:\/\/www.myvize.com.tr\/cezayir\/","name":"Cezayir Vizesi","description":"","potentialAction":[{"@type":"SearchAction","target":{"@type":"EntryPoint","urlTemplate":"https:\/\/www.myvize.com.tr\/cezayir\/?s={search_term_string}"},"query-input":{"@type":"PropertyValueSpecification","valueRequired":true,"valueName":"search_term_string"}}],"inLanguage":"tr"}]}},"_links":{"self":[{"href":"https:\/\/www.myvize.com.tr\/cezayir\/wp-json\/wp\/v2\/pages\/224","targetHints":{"allow":["GET"]}}],"collection":[{"href":"https:\/\/www.myvize.com.tr\/cezayir\/wp-json\/wp\/v2\/pages"}],"about":[{"href":"https:\/\/www.myvize.com.tr\/cezayir\/wp-json\/wp\/v2\/types\/page"}],"author":[{"embeddable":true,"href":"https:\/\/www.myvize.com.tr\/cezayir\/wp-json\/wp\/v2\/users\/1"}],"replies":[{"embeddable":true,"href":"https:\/\/www.myvize.com.tr\/cezayir\/wp-json\/wp\/v2\/comments?post=224"}],"version-history":[{"count":6,"href":"https:\/\/www.myvize.com.tr\/cezayir\/wp-json\/wp\/v2\/pages\/224\/revisions"}],"predecessor-version":[{"id":793,"href":"https:\/\/www.myvize.com.tr\/cezayir\/wp-json\/wp\/v2\/pages\/224\/revisions\/793"}],"up":[{"embeddable":true,"href":"https:\/\/www.myvize.com.tr\/cezayir\/wp-json\/wp\/v2\/pages\/169"}],"wp:attachment":[{"href":"https:\/\/www.myvize.com.tr\/cezayir\/wp-json\/wp\/v2\/media?parent=224"}],"curies":[{"name":"wp","href":"https:\/\/api.w.org\/{rel}","templated":true}]}}