{"id":232,"date":"2020-12-28T14:27:27","date_gmt":"2020-12-28T11:27:27","guid":{"rendered":"https:\/\/www.myvize.com.tr\/cezayir\/?page_id=232"},"modified":"2022-01-14T17:20:42","modified_gmt":"2022-01-14T14:20:42","slug":"canakkale","status":"publish","type":"page","link":"https:\/\/www.myvize.com.tr\/cezayir\/subelerimiz\/canakkale\/","title":{"rendered":"\u00c7anakkale"},"content":{"rendered":"<h2><strong><span style=\"font-family: Roboto; font-size: 27px;\">Cezayir Vize Ba\u015fvuru Merkezi , \u00c7anakkale<\/span><\/strong><\/h2>\n<p><span style=\"font-family: Roboto; font-size: 14px;\">\u00c7anakkale ve \u00e7evresinde ikamet eden ve Cezayir\u2019e seyahat etmeyi planlayan T\u00fcrk vatanda\u015flar\u0131 seyahat amac\u0131na uygun <span style=\"color: #2acec2;\"><strong><a style=\"color: #2acec2;\" href=\"https:\/\/www.myvize.com.tr\/cezayir\/cezayir-vizesi-2\/\" target=\"_blank\" rel=\"noopener\">Cezayir vizesi<\/a><\/strong><\/span> almal\u0131d\u0131r. Hizmet Pasaportu, Hususi Pasaport ve Diplomatik Pasaport sahipleri 90 g\u00fcne kadar Cezayir vizesinden muaft\u0131r.<\/span><\/p>\n<p><span style=\"font-family: Roboto; font-size: 14px;\"><strong>\u00c7anakkale Cezayir vizesi<\/strong> ba\u015fvuru i\u015flemlerini \u00c7anakkale\u2019de bulunan yetkilendirilmi\u015f <strong>Cezayir vize ba\u015fvuru<\/strong> merkezlerine, yetkilendirilmi\u015f acentelere ve <span style=\"color: #2acec2;\"><strong><a style=\"color: #2acec2;\" href=\"https:\/\/www.myvize.com.tr\/cezayir\/konsolosluklar\/cezayir-buyukelciligi-ankara\/\" target=\"_blank\" rel=\"noopener\">Cezayir Ankara B\u00fcy\u00fckel\u00e7ili\u011fi<\/a><\/strong><\/span>\u2019ne yap\u0131labilir. \u00c7anakkale ve \u00c7evresinde ikamet eden ve Cezayir vize ba\u015fvurusunda bulunacak olan ki\u015filer vize ba\u015fvurular\u0131n\u0131 Cezayir \u00fc\u00e7\u00fcnc\u00fc \u015fah\u0131slara yetki vererek yapabilir.<\/span><\/p>\n<p><span style=\"font-family: Roboto; font-size: 14px;\">Cezayir vize ba\u015fvurusunda bulunacak olan \u00c7anakkale ve \u00e7evresinde ikamet eden ki\u015filer ba\u015fvuru i\u00e7in \u00f6nce Cezayir vize ba\u015fvuru formunu doldurmal\u0131d\u0131r. Ard\u0131ndan <strong>Cezayir vize ba\u015fvurusu<\/strong> i\u00e7in istenen belgeler istenen \u00f6zelliklerde haz\u0131rlanmal\u0131d\u0131r. Haz\u0131rlanan belgeler vize ba\u015fvurusu yap\u0131lacak olan yere teslim edilmeli ve <strong>Cezayir vize ba\u015fvuru<\/strong> i\u015flemleri ba\u015flat\u0131lmal\u0131d\u0131r.<\/span><\/p>\n<p><span style=\"font-family: Roboto; font-size: 14px;\"><strong>Cezayir vize<\/strong> ba\u015fvurular\u0131n\u0131 kabul etme ve de\u011ferlendirme yetkisi Cezayir diplomatik temsilciliklerine aittir. \u00c7anakkale ve \u00e7evresinde ikamet eden ki\u015filer vize ba\u015fvurular\u0131 i\u00e7in istenen belgeleri eksiksiz olarak haz\u0131rlamal\u0131d\u0131r. Ba\u015fvuru i\u00e7in gerekli olan vize har\u00e7 \u00fccreti yat\u0131r\u0131lmal\u0131d\u0131r. \u00c7anakkale <strong>Cezayir vizesi<\/strong> ba\u015fvurular\u0131 ortalama olarak 7-10 g\u00fcn i\u00e7erisinde sonu\u00e7lanmaktad\u0131r.<\/span><\/p>\n","protected":false},"excerpt":{"rendered":"<p>Cezayir Vize Ba\u015fvuru Merkezi , \u00c7anakkale \u00c7anakkale ve \u00e7evresinde ikamet eden ve Cezayir\u2019e seyahat etmeyi planlayan T\u00fcrk vatanda\u015flar\u0131 seyahat amac\u0131na uygun Cezayir vizesi almal\u0131d\u0131r. Hizmet Pasaportu, Hususi Pasaport ve Diplomatik Pasaport sahipleri 90 g\u00fcne kadar Cezayir vizesinden muaft\u0131r. \u00c7anakkale Cezayir vizesi ba\u015fvuru i\u015flemlerini \u00c7anakkale\u2019de bulunan yetkilendirilmi\u015f Cezayir vize ba\u015fvuru merkezlerine, yetkilendirilmi\u015f acentelere ve Cezayir Ankara<\/p>\n","protected":false},"author":1,"featured_media":0,"parent":205,"menu_order":0,"comment_status":"open","ping_status":"closed","template":"","meta":{"_joinchat":[],"footnotes":""},"class_list":["post-232","page","type-page","status-publish","hentry"],"yoast_head":"<!-- This site is optimized with the Yoast SEO plugin v24.0 - https:\/\/yoast.com\/wordpress\/plugins\/seo\/ -->\n<title>Cezayir Vizesi \u00c7anakkale Ba\u015fvuru \u015eubesi - MyVize<\/title>\n<meta name=\"description\" content=\"Cezayir Vizesi \u00c7anakkale Vize Ba\u015fvuru Merkezi. Cezayir Vizesi Nas\u0131l Al\u0131n\u0131r? Bilgi \u0130\u00e7in Vize Uzmanlar\u0131m\u0131z\u0131 Aray\u0131n: 0850 346 84 93\" \/>\n<meta name=\"robots\" content=\"index, follow, max-snippet:-1, max-image-preview:large, max-video-preview:-1\" \/>\n<link rel=\"canonical\" href=\"https:\/\/www.myvize.com.tr\/cezayir\/subelerimiz\/canakkale\/\" \/>\n<meta property=\"og:locale\" content=\"tr_TR\" \/>\n<meta property=\"og:type\" content=\"article\" \/>\n<meta property=\"og:title\" content=\"Cezayir Vizesi \u00c7anakkale Ba\u015fvuru \u015eubesi - MyVize\" \/>\n<meta property=\"og:description\" content=\"Cezayir Vizesi \u00c7anakkale Vize Ba\u015fvuru Merkezi. Cezayir Vizesi Nas\u0131l Al\u0131n\u0131r? Bilgi \u0130\u00e7in Vize Uzmanlar\u0131m\u0131z\u0131 Aray\u0131n: 0850 346 84 93\" \/>\n<meta property=\"og:url\" content=\"https:\/\/www.myvize.com.tr\/cezayir\/subelerimiz\/canakkale\/\" \/>\n<meta property=\"og:site_name\" content=\"Cezayir Vizesi\" \/>\n<meta property=\"article:modified_time\" content=\"2022-01-14T14:20:42+00:00\" \/>\n<meta name=\"twitter:card\" content=\"summary_large_image\" \/>\n<meta name=\"twitter:label1\" content=\"Tahmini okuma s\u00fcresi\" \/>\n\t<meta name=\"twitter:data1\" content=\"1 dakika\" \/>\n<script type=\"application\/ld+json\" class=\"yoast-schema-graph\">{\"@context\":\"https:\/\/schema.org\",\"@graph\":[{\"@type\":\"WebPage\",\"@id\":\"https:\/\/www.myvize.com.tr\/cezayir\/subelerimiz\/canakkale\/\",\"url\":\"https:\/\/www.myvize.com.tr\/cezayir\/subelerimiz\/canakkale\/\",\"name\":\"Cezayir Vizesi \u00c7anakkale Ba\u015fvuru \u015eubesi - MyVize\",\"isPartOf\":{\"@id\":\"https:\/\/www.myvize.com.tr\/cezayir\/#website\"},\"datePublished\":\"2020-12-28T11:27:27+00:00\",\"dateModified\":\"2022-01-14T14:20:42+00:00\",\"description\":\"Cezayir Vizesi \u00c7anakkale Vize Ba\u015fvuru Merkezi. Cezayir Vizesi Nas\u0131l Al\u0131n\u0131r? Bilgi \u0130\u00e7in Vize Uzmanlar\u0131m\u0131z\u0131 Aray\u0131n: 0850 346 84 93\",\"breadcrumb\":{\"@id\":\"https:\/\/www.myvize.com.tr\/cezayir\/subelerimiz\/canakkale\/#breadcrumb\"},\"inLanguage\":\"tr\",\"potentialAction\":[{\"@type\":\"ReadAction\",\"target\":[\"https:\/\/www.myvize.com.tr\/cezayir\/subelerimiz\/canakkale\/\"]}]},{\"@type\":\"BreadcrumbList\",\"@id\":\"https:\/\/www.myvize.com.tr\/cezayir\/subelerimiz\/canakkale\/#breadcrumb\",\"itemListElement\":[{\"@type\":\"ListItem\",\"position\":1,\"name\":\"Anasayfa\",\"item\":\"https:\/\/www.myvize.com.tr\/cezayir\/\"},{\"@type\":\"ListItem\",\"position\":2,\"name\":\"\u015eUBELER\u0130M\u0130Z\",\"item\":\"https:\/\/www.myvize.com.tr\/cezayir\/subelerimiz\/\"},{\"@type\":\"ListItem\",\"position\":3,\"name\":\"\u00c7anakkale\"}]},{\"@type\":\"WebSite\",\"@id\":\"https:\/\/www.myvize.com.tr\/cezayir\/#website\",\"url\":\"https:\/\/www.myvize.com.tr\/cezayir\/\",\"name\":\"Cezayir Vizesi\",\"description\":\"\",\"potentialAction\":[{\"@type\":\"SearchAction\",\"target\":{\"@type\":\"EntryPoint\",\"urlTemplate\":\"https:\/\/www.myvize.com.tr\/cezayir\/?s={search_term_string}\"},\"query-input\":{\"@type\":\"PropertyValueSpecification\",\"valueRequired\":true,\"valueName\":\"search_term_string\"}}],\"inLanguage\":\"tr\"}]}<\/script>\n<!-- \/ Yoast SEO plugin. -->","yoast_head_json":{"title":"Cezayir Vizesi \u00c7anakkale Ba\u015fvuru \u015eubesi - MyVize","description":"Cezayir Vizesi \u00c7anakkale Vize Ba\u015fvuru Merkezi. Cezayir Vizesi Nas\u0131l Al\u0131n\u0131r? Bilgi \u0130\u00e7in Vize Uzmanlar\u0131m\u0131z\u0131 Aray\u0131n: 0850 346 84 93","robots":{"index":"index","follow":"follow","max-snippet":"max-snippet:-1","max-image-preview":"max-image-preview:large","max-video-preview":"max-video-preview:-1"},"canonical":"https:\/\/www.myvize.com.tr\/cezayir\/subelerimiz\/canakkale\/","og_locale":"tr_TR","og_type":"article","og_title":"Cezayir Vizesi \u00c7anakkale Ba\u015fvuru \u015eubesi - MyVize","og_description":"Cezayir Vizesi \u00c7anakkale Vize Ba\u015fvuru Merkezi. Cezayir Vizesi Nas\u0131l Al\u0131n\u0131r? Bilgi \u0130\u00e7in Vize Uzmanlar\u0131m\u0131z\u0131 Aray\u0131n: 0850 346 84 93","og_url":"https:\/\/www.myvize.com.tr\/cezayir\/subelerimiz\/canakkale\/","og_site_name":"Cezayir Vizesi","article_modified_time":"2022-01-14T14:20:42+00:00","twitter_card":"summary_large_image","twitter_misc":{"Tahmini okuma s\u00fcresi":"1 dakika"},"schema":{"@context":"https:\/\/schema.org","@graph":[{"@type":"WebPage","@id":"https:\/\/www.myvize.com.tr\/cezayir\/subelerimiz\/canakkale\/","url":"https:\/\/www.myvize.com.tr\/cezayir\/subelerimiz\/canakkale\/","name":"Cezayir Vizesi \u00c7anakkale Ba\u015fvuru \u015eubesi - MyVize","isPartOf":{"@id":"https:\/\/www.myvize.com.tr\/cezayir\/#website"},"datePublished":"2020-12-28T11:27:27+00:00","dateModified":"2022-01-14T14:20:42+00:00","description":"Cezayir Vizesi \u00c7anakkale Vize Ba\u015fvuru Merkezi. Cezayir Vizesi Nas\u0131l Al\u0131n\u0131r? Bilgi \u0130\u00e7in Vize Uzmanlar\u0131m\u0131z\u0131 Aray\u0131n: 0850 346 84 93","breadcrumb":{"@id":"https:\/\/www.myvize.com.tr\/cezayir\/subelerimiz\/canakkale\/#breadcrumb"},"inLanguage":"tr","potentialAction":[{"@type":"ReadAction","target":["https:\/\/www.myvize.com.tr\/cezayir\/subelerimiz\/canakkale\/"]}]},{"@type":"BreadcrumbList","@id":"https:\/\/www.myvize.com.tr\/cezayir\/subelerimiz\/canakkale\/#breadcrumb","itemListElement":[{"@type":"ListItem","position":1,"name":"Anasayfa","item":"https:\/\/www.myvize.com.tr\/cezayir\/"},{"@type":"ListItem","position":2,"name":"\u015eUBELER\u0130M\u0130Z","item":"https:\/\/www.myvize.com.tr\/cezayir\/subelerimiz\/"},{"@type":"ListItem","position":3,"name":"\u00c7anakkale"}]},{"@type":"WebSite","@id":"https:\/\/www.myvize.com.tr\/cezayir\/#website","url":"https:\/\/www.myvize.com.tr\/cezayir\/","name":"Cezayir Vizesi","description":"","potentialAction":[{"@type":"SearchAction","target":{"@type":"EntryPoint","urlTemplate":"https:\/\/www.myvize.com.tr\/cezayir\/?s={search_term_string}"},"query-input":{"@type":"PropertyValueSpecification","valueRequired":true,"valueName":"search_term_string"}}],"inLanguage":"tr"}]}},"_links":{"self":[{"href":"https:\/\/www.myvize.com.tr\/cezayir\/wp-json\/wp\/v2\/pages\/232","targetHints":{"allow":["GET"]}}],"collection":[{"href":"https:\/\/www.myvize.com.tr\/cezayir\/wp-json\/wp\/v2\/pages"}],"about":[{"href":"https:\/\/www.myvize.com.tr\/cezayir\/wp-json\/wp\/v2\/types\/page"}],"author":[{"embeddable":true,"href":"https:\/\/www.myvize.com.tr\/cezayir\/wp-json\/wp\/v2\/users\/1"}],"replies":[{"embeddable":true,"href":"https:\/\/www.myvize.com.tr\/cezayir\/wp-json\/wp\/v2\/comments?post=232"}],"version-history":[{"count":5,"href":"https:\/\/www.myvize.com.tr\/cezayir\/wp-json\/wp\/v2\/pages\/232\/revisions"}],"predecessor-version":[{"id":646,"href":"https:\/\/www.myvize.com.tr\/cezayir\/wp-json\/wp\/v2\/pages\/232\/revisions\/646"}],"up":[{"embeddable":true,"href":"https:\/\/www.myvize.com.tr\/cezayir\/wp-json\/wp\/v2\/pages\/205"}],"wp:attachment":[{"href":"https:\/\/www.myvize.com.tr\/cezayir\/wp-json\/wp\/v2\/media?parent=232"}],"curies":[{"name":"wp","href":"https:\/\/api.w.org\/{rel}","templated":true}]}}