{"id":234,"date":"2020-12-28T14:27:46","date_gmt":"2020-12-28T11:27:46","guid":{"rendered":"https:\/\/www.myvize.com.tr\/cezayir\/?page_id=234"},"modified":"2022-03-31T16:15:52","modified_gmt":"2022-03-31T13:15:52","slug":"altunizade","status":"publish","type":"page","link":"https:\/\/www.myvize.com.tr\/cezayir\/subelerimiz\/altunizade\/","title":{"rendered":"Altunizade"},"content":{"rendered":"<h2><strong><span style=\"font-family: Roboto; font-size: 27px;\">Cezayir Vize Ba\u015fvuru Merkezi, Altunizade<\/span><\/strong><\/h2>\n<p><span style=\"font-family: Roboto; font-size: 14px;\">Altunizade ve \u00e7evresinde bulunan, belirli bir ama\u00e7la Cezayir\u2019e seyahat etmek isteyen T\u00fcrk vatanda\u015flar\u0131 Cezayir vize i\u015flemlerini merak etmektedir. Cezayir\u2019e seyahat edecek olan ki\u015filerin pasaportlar\u0131 Hizmet, Hususi ve Diplomatik Pasaport ise 90 g\u00fcne kadar Cezayir vizesinden muaft\u0131r.<\/span><\/p>\n<p><span style=\"font-family: Roboto; font-size: 14px;\"><strong>Altunizade Cezayir vizesi<\/strong> ba\u015fvuru i\u015flemlerini ba\u015flatacak olan ki\u015filer \u00f6ncelikle vize ba\u015fvurusu yapacaklar\u0131 vize kategorisini do\u011fru se\u00e7melidir. Ard\u0131ndan gerekli olan<span style=\"color: #2acec2;\"><strong><a style=\"color: #2acec2;\" href=\"https:\/\/www.myvize.com.tr\/cezayir\/form-ve-dilekce\/cezayir-vize-basvuru-formu\/\" target=\"_blank\" rel=\"noopener\"> Cezayir vize ba\u015fvuru formu<\/a><\/strong><\/span> doldurulmal\u0131 ve<strong> Cezayir vize ba\u015fvurusu<\/strong> i\u00e7in gerekli olan belgeler eksiksiz ve g\u00fcncel \u015fekilde haz\u0131rlanmal\u0131d\u0131r. Bu belgeler vize ba\u015fvurusu yap\u0131lacak olan yerlere teslim edilmelidir.<\/span><\/p>\n<p><span style=\"font-family: Roboto; font-size: 14px;\"><strong>Altunizade Cezayir vizesi<\/strong> ba\u015fvuru i\u015flemleri; Cezayir\u2019in T\u00fcrkiye\u2019de bulunan diplomatik temsilciliklerine, Altunizade ve \u00e7evresinde bulunan Cezayir vize ba\u015fvuru merkezlerine, yetkilendirilmi\u015f seyahat acentelerine yap\u0131labilmektedir. Altunizade<strong> Cezayir vizesi ba\u015fvuru<\/strong> i\u015flemleri \u015fahsen yap\u0131labilece\u011fi gibi \u00fc\u00e7\u00fcnc\u00fc \u015fah\u0131slar arac\u0131l\u0131\u011f\u0131 ile yap\u0131labilmektedir.<\/span><\/p>\n<p><span style=\"font-family: Roboto; font-size: 14px;\"><strong>Altunizade Cezayir vizesi<\/strong> ba\u015fvuru i\u015flemleri ortalama 7 ile 10 i\u015f g\u00fcn\u00fc i\u00e7erisinde sonu\u00e7lanmaktad\u0131r. Vize ba\u015fvurular\u0131n\u0131 inceleme ve de\u011ferlendirme yetkisi Cezayir\u2019in diplomatik temsilciliklerine aittir. Cezayir vize ba\u015fvurusunda bulunacak olan ki\u015filerin haz\u0131rlamas\u0131 gereken evraklar eksiksiz olmal\u0131d\u0131r. Ayr\u0131ca ba\u015fvuruda bulunacak olan ki\u015filerin vize har\u00e7 \u00fccretini yat\u0131rmas\u0131 gerekmektedir.<\/span><\/p>\n","protected":false},"excerpt":{"rendered":"<p>Cezayir Vize Ba\u015fvuru Merkezi, Altunizade Altunizade ve \u00e7evresinde bulunan, belirli bir ama\u00e7la Cezayir\u2019e seyahat etmek isteyen T\u00fcrk vatanda\u015flar\u0131 Cezayir vize i\u015flemlerini merak etmektedir. Cezayir\u2019e seyahat edecek olan ki\u015filerin pasaportlar\u0131 Hizmet, Hususi ve Diplomatik Pasaport ise 90 g\u00fcne kadar Cezayir vizesinden muaft\u0131r. Altunizade Cezayir vizesi ba\u015fvuru i\u015flemlerini ba\u015flatacak olan ki\u015filer \u00f6ncelikle vize ba\u015fvurusu yapacaklar\u0131 vize kategorisini<\/p>\n","protected":false},"author":1,"featured_media":0,"parent":205,"menu_order":0,"comment_status":"open","ping_status":"closed","template":"","meta":{"_joinchat":[],"footnotes":""},"class_list":["post-234","page","type-page","status-publish","hentry"],"yoast_head":"<!-- This site is optimized with the Yoast SEO plugin v24.0 - https:\/\/yoast.com\/wordpress\/plugins\/seo\/ -->\n<title>Cezayir Vizesi Altunizade Ba\u015fvuru Merkezi - MyVize<\/title>\n<meta name=\"description\" content=\"Cezayir Vizesi Altunizade Vize Ba\u015fvuru Merkezi. Cezayir Vizesi Nas\u0131l Al\u0131n\u0131r? Bilgi \u0130\u00e7in Vize Uzmanlar\u0131m\u0131z\u0131 Aray\u0131n: 0850 346 84 93\" \/>\n<meta name=\"robots\" content=\"index, follow, max-snippet:-1, max-image-preview:large, max-video-preview:-1\" \/>\n<link rel=\"canonical\" href=\"https:\/\/www.myvize.com.tr\/cezayir\/subelerimiz\/altunizade\/\" \/>\n<meta property=\"og:locale\" content=\"tr_TR\" \/>\n<meta property=\"og:type\" content=\"article\" \/>\n<meta property=\"og:title\" content=\"Cezayir Vizesi Altunizade Ba\u015fvuru Merkezi - MyVize\" \/>\n<meta property=\"og:description\" content=\"Cezayir Vizesi Altunizade Vize Ba\u015fvuru Merkezi. Cezayir Vizesi Nas\u0131l Al\u0131n\u0131r? Bilgi \u0130\u00e7in Vize Uzmanlar\u0131m\u0131z\u0131 Aray\u0131n: 0850 346 84 93\" \/>\n<meta property=\"og:url\" content=\"https:\/\/www.myvize.com.tr\/cezayir\/subelerimiz\/altunizade\/\" \/>\n<meta property=\"og:site_name\" content=\"Cezayir Vizesi\" \/>\n<meta property=\"article:modified_time\" content=\"2022-03-31T13:15:52+00:00\" \/>\n<meta name=\"twitter:card\" content=\"summary_large_image\" \/>\n<meta name=\"twitter:label1\" content=\"Tahmini okuma s\u00fcresi\" \/>\n\t<meta name=\"twitter:data1\" content=\"1 dakika\" \/>\n<script type=\"application\/ld+json\" class=\"yoast-schema-graph\">{\"@context\":\"https:\/\/schema.org\",\"@graph\":[{\"@type\":\"WebPage\",\"@id\":\"https:\/\/www.myvize.com.tr\/cezayir\/subelerimiz\/altunizade\/\",\"url\":\"https:\/\/www.myvize.com.tr\/cezayir\/subelerimiz\/altunizade\/\",\"name\":\"Cezayir Vizesi Altunizade Ba\u015fvuru Merkezi - MyVize\",\"isPartOf\":{\"@id\":\"https:\/\/www.myvize.com.tr\/cezayir\/#website\"},\"datePublished\":\"2020-12-28T11:27:46+00:00\",\"dateModified\":\"2022-03-31T13:15:52+00:00\",\"description\":\"Cezayir Vizesi Altunizade Vize Ba\u015fvuru Merkezi. Cezayir Vizesi Nas\u0131l Al\u0131n\u0131r? Bilgi \u0130\u00e7in Vize Uzmanlar\u0131m\u0131z\u0131 Aray\u0131n: 0850 346 84 93\",\"breadcrumb\":{\"@id\":\"https:\/\/www.myvize.com.tr\/cezayir\/subelerimiz\/altunizade\/#breadcrumb\"},\"inLanguage\":\"tr\",\"potentialAction\":[{\"@type\":\"ReadAction\",\"target\":[\"https:\/\/www.myvize.com.tr\/cezayir\/subelerimiz\/altunizade\/\"]}]},{\"@type\":\"BreadcrumbList\",\"@id\":\"https:\/\/www.myvize.com.tr\/cezayir\/subelerimiz\/altunizade\/#breadcrumb\",\"itemListElement\":[{\"@type\":\"ListItem\",\"position\":1,\"name\":\"Anasayfa\",\"item\":\"https:\/\/www.myvize.com.tr\/cezayir\/\"},{\"@type\":\"ListItem\",\"position\":2,\"name\":\"\u015eUBELER\u0130M\u0130Z\",\"item\":\"https:\/\/www.myvize.com.tr\/cezayir\/subelerimiz\/\"},{\"@type\":\"ListItem\",\"position\":3,\"name\":\"Altunizade\"}]},{\"@type\":\"WebSite\",\"@id\":\"https:\/\/www.myvize.com.tr\/cezayir\/#website\",\"url\":\"https:\/\/www.myvize.com.tr\/cezayir\/\",\"name\":\"Cezayir Vizesi\",\"description\":\"\",\"potentialAction\":[{\"@type\":\"SearchAction\",\"target\":{\"@type\":\"EntryPoint\",\"urlTemplate\":\"https:\/\/www.myvize.com.tr\/cezayir\/?s={search_term_string}\"},\"query-input\":{\"@type\":\"PropertyValueSpecification\",\"valueRequired\":true,\"valueName\":\"search_term_string\"}}],\"inLanguage\":\"tr\"}]}<\/script>\n<!-- \/ Yoast SEO plugin. -->","yoast_head_json":{"title":"Cezayir Vizesi Altunizade Ba\u015fvuru Merkezi - MyVize","description":"Cezayir Vizesi Altunizade Vize Ba\u015fvuru Merkezi. Cezayir Vizesi Nas\u0131l Al\u0131n\u0131r? Bilgi \u0130\u00e7in Vize Uzmanlar\u0131m\u0131z\u0131 Aray\u0131n: 0850 346 84 93","robots":{"index":"index","follow":"follow","max-snippet":"max-snippet:-1","max-image-preview":"max-image-preview:large","max-video-preview":"max-video-preview:-1"},"canonical":"https:\/\/www.myvize.com.tr\/cezayir\/subelerimiz\/altunizade\/","og_locale":"tr_TR","og_type":"article","og_title":"Cezayir Vizesi Altunizade Ba\u015fvuru Merkezi - MyVize","og_description":"Cezayir Vizesi Altunizade Vize Ba\u015fvuru Merkezi. Cezayir Vizesi Nas\u0131l Al\u0131n\u0131r? Bilgi \u0130\u00e7in Vize Uzmanlar\u0131m\u0131z\u0131 Aray\u0131n: 0850 346 84 93","og_url":"https:\/\/www.myvize.com.tr\/cezayir\/subelerimiz\/altunizade\/","og_site_name":"Cezayir Vizesi","article_modified_time":"2022-03-31T13:15:52+00:00","twitter_card":"summary_large_image","twitter_misc":{"Tahmini okuma s\u00fcresi":"1 dakika"},"schema":{"@context":"https:\/\/schema.org","@graph":[{"@type":"WebPage","@id":"https:\/\/www.myvize.com.tr\/cezayir\/subelerimiz\/altunizade\/","url":"https:\/\/www.myvize.com.tr\/cezayir\/subelerimiz\/altunizade\/","name":"Cezayir Vizesi Altunizade Ba\u015fvuru Merkezi - MyVize","isPartOf":{"@id":"https:\/\/www.myvize.com.tr\/cezayir\/#website"},"datePublished":"2020-12-28T11:27:46+00:00","dateModified":"2022-03-31T13:15:52+00:00","description":"Cezayir Vizesi Altunizade Vize Ba\u015fvuru Merkezi. Cezayir Vizesi Nas\u0131l Al\u0131n\u0131r? Bilgi \u0130\u00e7in Vize Uzmanlar\u0131m\u0131z\u0131 Aray\u0131n: 0850 346 84 93","breadcrumb":{"@id":"https:\/\/www.myvize.com.tr\/cezayir\/subelerimiz\/altunizade\/#breadcrumb"},"inLanguage":"tr","potentialAction":[{"@type":"ReadAction","target":["https:\/\/www.myvize.com.tr\/cezayir\/subelerimiz\/altunizade\/"]}]},{"@type":"BreadcrumbList","@id":"https:\/\/www.myvize.com.tr\/cezayir\/subelerimiz\/altunizade\/#breadcrumb","itemListElement":[{"@type":"ListItem","position":1,"name":"Anasayfa","item":"https:\/\/www.myvize.com.tr\/cezayir\/"},{"@type":"ListItem","position":2,"name":"\u015eUBELER\u0130M\u0130Z","item":"https:\/\/www.myvize.com.tr\/cezayir\/subelerimiz\/"},{"@type":"ListItem","position":3,"name":"Altunizade"}]},{"@type":"WebSite","@id":"https:\/\/www.myvize.com.tr\/cezayir\/#website","url":"https:\/\/www.myvize.com.tr\/cezayir\/","name":"Cezayir Vizesi","description":"","potentialAction":[{"@type":"SearchAction","target":{"@type":"EntryPoint","urlTemplate":"https:\/\/www.myvize.com.tr\/cezayir\/?s={search_term_string}"},"query-input":{"@type":"PropertyValueSpecification","valueRequired":true,"valueName":"search_term_string"}}],"inLanguage":"tr"}]}},"_links":{"self":[{"href":"https:\/\/www.myvize.com.tr\/cezayir\/wp-json\/wp\/v2\/pages\/234","targetHints":{"allow":["GET"]}}],"collection":[{"href":"https:\/\/www.myvize.com.tr\/cezayir\/wp-json\/wp\/v2\/pages"}],"about":[{"href":"https:\/\/www.myvize.com.tr\/cezayir\/wp-json\/wp\/v2\/types\/page"}],"author":[{"embeddable":true,"href":"https:\/\/www.myvize.com.tr\/cezayir\/wp-json\/wp\/v2\/users\/1"}],"replies":[{"embeddable":true,"href":"https:\/\/www.myvize.com.tr\/cezayir\/wp-json\/wp\/v2\/comments?post=234"}],"version-history":[{"count":5,"href":"https:\/\/www.myvize.com.tr\/cezayir\/wp-json\/wp\/v2\/pages\/234\/revisions"}],"predecessor-version":[{"id":757,"href":"https:\/\/www.myvize.com.tr\/cezayir\/wp-json\/wp\/v2\/pages\/234\/revisions\/757"}],"up":[{"embeddable":true,"href":"https:\/\/www.myvize.com.tr\/cezayir\/wp-json\/wp\/v2\/pages\/205"}],"wp:attachment":[{"href":"https:\/\/www.myvize.com.tr\/cezayir\/wp-json\/wp\/v2\/media?parent=234"}],"curies":[{"name":"wp","href":"https:\/\/api.w.org\/{rel}","templated":true}]}}