{"id":304,"date":"2021-02-03T15:08:04","date_gmt":"2021-02-03T12:08:04","guid":{"rendered":"https:\/\/www.myvize.com.tr\/cezayir\/?page_id=304"},"modified":"2023-01-22T18:34:55","modified_gmt":"2023-01-22T15:34:55","slug":"evrak-tasdik-islemleri","status":"publish","type":"page","link":"https:\/\/www.myvize.com.tr\/cezayir\/vize-islemleri\/evrak-tasdik-islemleri\/","title":{"rendered":"Cezayir Evrak Tasdik \u0130\u015flemleri"},"content":{"rendered":"<p><span style=\"font-family: Roboto;\"><\/span><\/p>\r\n<p><span style=\"font-family: Roboto; font-size: 14px;\">Cezayir her farkl\u0131 <strong>Cezayir vizesi<\/strong> i\u00e7in istedi\u011fi belgelerin resmi bir dayana\u011f\u0131 olmas\u0131n\u0131 istemektedir. Evrak dosyas\u0131 haz\u0131rlan\u0131rken belgelerin orijinal olup olmad\u0131\u011f\u0131n\u0131 kontrol a\u00e7\u0131s\u0131ndan tasdikli olmas\u0131 gerekmektedir. Bu a\u00e7\u0131dan evrak tasdiki yapt\u0131rmak \u00f6nemlidir.<\/span><\/p>\r\n<p><span style=\"font-family: Roboto; font-size: 14px;\">\r\n\r\n<\/span><\/p>\r\n<p><span style=\"font-family: Roboto; font-size: 14px;\">Tasdik edilecek olan belgenin <strong>Arap\u00e7a ve Frans\u0131zca<\/strong> olarak terc\u00fcme edilmi\u015f, noter onayl\u0131 ve ba\u011fl\u0131 bulunulan ilin Ticaret Odas\u0131\u2019ndan tasdikli olmas\u0131 gerekmektedir. Ayr\u0131ca e\u011fitim, \u00e7al\u0131\u015fma, aile ziyareti gibi bir\u00e7ok vize tipi i\u00e7in istenen evraklar\u0131n ilgili kurumlara onaylat\u0131lmas\u0131 gerekmektedir. Yap\u0131lan terc\u00fcmelerin ise noter onayl\u0131 olmas\u0131 gerekmektedir.<\/span><\/p>\r\n<p><span style=\"font-family: Roboto; font-size: 14px;\">\r\n\r\n<\/span><\/p>\r\n<p><span style=\"font-family: Roboto; font-size: 14px;\"><strong>Evrak tasdik i\u015flemi<\/strong> ortalama olarak 3 g\u00fcn i\u00e7erisinde yap\u0131lmaktad\u0131r. Bu bilgi g\u00f6z \u00f6n\u00fcnde bulundurularak vize ba\u015fvurusu yapabilirsiniz.\u00a0 Cezayir\u2019in yan\u0131nda Fas, \u0130ran, M\u0131s\u0131r, Suriye, \u00dcrd\u00fcn, Dubai, L\u00fcbnan ve Tunus\u2019a yap\u0131lan ihracatta belge tasdiki yap\u0131lmal\u0131d\u0131r.<\/span><\/p>\r\n<p><span style=\"font-family: Roboto; font-size: 14px;\">\r\n\r\n<\/span><\/p>\r\n<p><span style=\"font-family: Roboto; font-size: 14px;\">Orta Do\u011fu \u00fclkelerinde a\u00e7\u0131lan ihalelere dahil olacak \u015firketlere ait resmi evraklar\u0131n da tasdiki yap\u0131lmal\u0131d\u0131r. <strong>Orta Do\u011fu \u00fclkeleri konsolosluklar\u0131<\/strong> bu tasdik i\u015flemini ger\u00e7ekle\u015ftirmektedir. Konsolosluk tasdikli fatura; ihracat\u00e7\u0131n\u0131n kendi orijinal faturas\u0131n\u0131 d\u00fczenleyerek ihra\u00e7 edece\u011fi \u00fclke konsoloslu\u011funa tasdik ettirdikten sonra ithalat\u00e7\u0131ya g\u00f6nderdi\u011fi faturad\u0131r. \u0130hracat\u00e7\u0131 \u00f6ncelikle kendi orijinal faturas\u0131n\u0131 d\u00fczenlemeli ve ard\u0131ndan ba\u011fl\u0131 oldu\u011fu ilin valili\u011fine giderek tasdik ettirmelidir. Fatura tasdiki ile ithalat\u00e7\u0131 \u00fclkedeki firman\u0131n d\u00fc\u015f\u00fck faturalar ile vergi ka\u00e7ak\u00e7\u0131l\u0131\u011f\u0131 yapmas\u0131n\u0131n \u00f6n\u00fcne ge\u00e7ilmektedir.<\/span><\/p>\r\n<p><span style=\"font-family: Roboto; font-size: 14px;\"> <img decoding=\"async\" src=\"https:\/\/www.myvize.com.tr\/cezayir\/wp-content\/uploads\/2021\/10\/10.jpg\" \/> <\/span><\/p>\r\n<p><span style=\"font-family: Roboto; font-size: 14px;\">Cezayir evrak tasdiki i\u00e7in gerekli belgeler;<\/span><\/p>\r\n<p><span style=\"font-family: Roboto; font-size: 14px;\">\r\n\r\n<\/span><\/p>\r\n<ul class=\"wp-block-list\">\r\n<li><span style=\"font-family: Roboto; font-size: 14px;\">Tasdik edilecek olan belgenin asl\u0131<\/span><\/li>\r\n<li><span style=\"font-family: Roboto; font-size: 14px;\">\u015eirketin antetli ka\u011f\u0131d\u0131na yaz\u0131lm\u0131\u015f olan yetkilendirme yaz\u0131s\u0131<\/span><\/li>\r\n<li><span style=\"font-family: Roboto; font-size: 14px;\">T\u00fcrkiye\u2019den ihracat\u0131 ger\u00e7ekle\u015ftirecek olan ki\u015fi yabanc\u0131ysa pasaportu ya da varsa T\u00fcrkiye\u2019deki oturum izni<\/span><\/li>\r\n<\/ul>\r\n<p><span style=\"font-family: Roboto; font-size: 14px;\">\r\n\r\n<\/span><\/p>\r\n<p><span style=\"font-family: Roboto; font-size: 14px;\">Cezayir evrak tasdiki s\u0131ras\u0131nda dikkat edilmesi gerekenler;<\/span><\/p>\r\n<p><span style=\"font-family: Roboto; font-size: 14px;\">\r\n\r\n<\/span><\/p>\r\n<ul class=\"wp-block-list\">\r\n<li><span style=\"font-family: Roboto; font-size: 14px;\"><strong>Cezayir vize ba\u015fvurusu<\/strong> s\u0131ras\u0131nda her ticari evrak\u0131n Arap\u00e7a ya da Frans\u0131zca terc\u00fcmesi istenmektedir. Evrak tasdik s\u0131ras\u0131nda terc\u00fcme edilmi\u015f belgelerin tasdik edilmesi gerekmektedir.<\/span><\/li>\r\n<li><span style=\"font-family: Roboto; font-size: 14px;\">Arap\u00e7a ya da Frans\u0131zca olarak terc\u00fcme edilmi\u015f belgenin, noter onayl\u0131 olmas\u0131 gerekmektedir. Ayr\u0131ca ba\u011fl\u0131 bulunulan ticaret odas\u0131 taraf\u0131ndan tasdik edilmedir.<\/span><\/li>\r\n<li><span style=\"font-family: Roboto; font-size: 14px;\">Arap\u00e7a ya da Frans\u0131zca terc\u00fcmesi yapt\u0131r\u0131lm\u0131\u015f olan belgenin, ba\u011fl\u0131 bulunan ilin ticaret odas\u0131na tasdik edilmemi\u015f olmas\u0131 durumunda vize ba\u015fvurusu i\u015fleme al\u0131nmamaktad\u0131r.<\/span><\/li>\r\n<\/ul>\r\n<p><span style=\"font-family: Roboto; font-size: 14px;\"><strong><a href=\"https:\/\/www.myvize.com.tr\/cezayir\/vize-islemleri\/cezayir-vize-ucreti\/\" target=\"_blank\" rel=\"noopener\"><span style=\"color: #2acec2;\">Cezayir Vize \u00dccreti <\/span><\/a><\/strong>ile ilgili bilgi almak i\u00e7in bizi aray\u0131n.<\/span><\/p>\r\n<h2><span style=\"font-family: Roboto; font-size: 27px;\"><strong>Cezayir Evrak Tasdik \u0130\u015flemleri 2022<\/strong><\/span><\/h2>\r\n<p><span style=\"font-family: Roboto; font-size: 14px;\"><strong>Cezayir Devleti<\/strong>, farkl\u0131 kategoriye ay\u0131rd\u0131\u011f\u0131 vize t\u00fcrleri i\u00e7in \u015fart ko\u015ftu\u011fu gerekli her belgenin resmi dayana\u011f\u0131n\u0131 olmas\u0131n\u0131 zorunlu tutmaktad\u0131r. Belge dosyas\u0131yla beraber sunulan resm\u00ee evrak\u0131n da anla\u015f\u0131l\u0131r olmas\u0131 yan\u0131 s\u0131ra, orijinallik kontrol a\u00e7\u0131s\u0131ndan tasdikli olmas\u0131 gereklidir. Bu do\u011frultuda belge tasdik i\u015fleminin eksiksiz yap\u0131lmas\u0131, vize ba\u015fvurusunun olumlu de\u011ferlendirilme a\u00e7\u0131s\u0131ndan \u00f6nemlidir.<\/span><br \/><span style=\"font-family: Roboto; font-size: 14px;\">Tasdik edilecek belge Frans\u0131zca ve Arap\u00e7a dilinde terc\u00fcme ettirilmi\u015f, noter onay\u0131 ve ba\u011fl\u0131 bulundu\u011fu ilin Ticaret Odas\u0131 tasdikli olmas\u0131 gerekmektedir. Bu d\u0131\u015f\u0131nda e\u011fitim, \u00e7al\u0131\u015fma, aile ziyaret gibi bir\u00e7ok farkl\u0131 kategori bulunan vizenin evrak\u0131n\u0131n ilgili yere tasdik ettirilmesi \u00f6nemlidir. Genel olarak yap\u0131lan terc\u00fcme noter onayl\u0131 olmas\u0131 \u00f6nemli bir husustur.<\/span><br \/><span style=\"font-family: Roboto; font-size: 14px;\">Evrak tasdik, belgedeki imza do\u011frulu\u011funu ve evrak imzalayan\u0131n g\u00f6revini do\u011frulama suretiyle yabanc\u0131 resm\u00ee belgeye ge\u00e7erlilik kazand\u0131ran, belgenin yasall\u0131\u011f\u0131n\u0131 tasdik edilerek ba\u015fka \u00fclkede de ge\u00e7erlilik sa\u011flayan idari i\u015flemdir. <strong>Belge tasdik i\u015flemi,<\/strong> b\u00f6lgenin valili\u011fi ve T\u00fcrkiye&#8217;de mal ithal eden firma ba\u011fl\u0131 bulundu\u011fu \u00fclke konsoloslu\u011fu belgenin ger\u00e7ek oldu\u011fu onaylayarak belgeyi T\u00fcrkiye d\u0131\u015f\u0131nda yasal hale getirir.<\/span><\/p>\r\n<h2><strong><span style=\"font-family: Roboto; font-size: 27px;\">Cezayir Evrak Tasdik \u0130\u015flemleri Nelerdir?<\/span><\/strong><\/h2>\r\n<p><span style=\"font-family: Roboto; font-size: 14px;\">Cezayir, \u00e7e\u015fitli kategorilere ay\u0131rm\u0131\u015f oldu\u011fu her vize \u00e7e\u015fidi i\u00e7in \u015fart koydu\u011fu gerekli her belgenin resmi bir dayana\u011f\u0131 olmas\u0131n\u0131 zorunlu tutar. Belge dosyas\u0131yla beraber sunulan resmi belgelerin de anla\u015f\u0131l\u0131r olmas\u0131na ek olarak, orijinallik kontrol\u00fc bak\u0131m\u0131ndan tasdikli olmas\u0131 laz\u0131md\u0131r. Bu ba\u011flamda\u00a0<strong>Cezayir evrak tasdik i\u015flemleri nelerdir<\/strong>\u00a0sorusu g\u00fcndeme gelir. Tasdik yap\u0131lacak evrak\u0131n Arap\u00e7a ve Frans\u0131zca dillerinde terc\u00fcme edilmi\u015f, noter taraf\u0131ndan onaylanan ve ba\u011fl\u0131 bulunan kentin ticaret odas\u0131 i\u00e7in tasdikli olmas\u0131 laz\u0131md\u0131r. Bunun haricinde aile ziyareti, \u00e7al\u0131\u015fma ve e\u011fitim gibi pek \u00e7ok \u00e7e\u015fitli kategorisi olan vizelerin evraklar\u0131n\u0131n alakal\u0131 yerlere tasdik ettirilmesi m\u00fchimdir. Genel ba\u011flamda yap\u0131lan terc\u00fcmeler noter onayl\u0131 olabilmekte. Belge tasdiki, evraktaki imzan\u0131n do\u011fru olu\u015funu ve belgeyi imzalayan\u0131n g\u00f6revini do\u011frulamak maksad\u0131yla yabanc\u0131 bir resmi belgeye ge\u00e7erlilik kazand\u0131ran, bir evrak\u0131n yasal olu\u015funun tasdik edilerek farkl\u0131 bir \u00fclkede de ge\u00e7erli olmas\u0131n\u0131 m\u00fcmk\u00fcn k\u0131lan idari bir uygulamad\u0131r. Evrak tasdik i\u015fleminde, kentin valili\u011fi ve \u00fclkemizden mal ithal eden \u015firketin ba\u011fl\u0131 oldu\u011fu \u00fclkenin konsoloslu\u011fu, evrak\u0131n ger\u00e7ek oldu\u011funu onaylayarak ilgili evrak\u0131 \u00fclkemiz d\u0131\u015f\u0131nda da yasal hale d\u00f6n\u00fc\u015ft\u00fcr\u00fcr. Men\u015fei sertifikas\u0131 ihracat\u00e7\u0131 bireyin ya da firman\u0131n ba\u011fl\u0131 bulundu\u011fu ticaret odas\u0131 taraf\u0131ndan onaylanan ve \u00fcr\u00fcnlerin men\u015feini a\u00e7\u0131klayan belgedir. \u0130hra\u00e7 \u00fcr\u00fcn\u00fcn\u00fcn men\u015feini belgelemek amac\u0131 ile \u00fcr\u00fcnlerin ihra\u00e7 edilece\u011fi \u00fclkenin diplomatik temsilcileri taraf\u0131ndan onaylanmas\u0131 da \u00f6nemli bir detayd\u0131r. \u00dclkemizde ger\u00e7ekle\u015ftirilen ihra\u00e7 uygulamalar\u0131nda ihra\u00e7 hususu \u00fcr\u00fcne ait men\u015fei sertifikas\u0131 ve ilgili faturalar\u0131n, mallar\u0131n ihra\u00e7 yap\u0131laca\u011f\u0131 \u00fclkenin konsoloslu\u011funa onaylat\u0131lmas\u0131 laz\u0131md\u0131r.<\/span><\/p>\r\n<h2><strong><span style=\"font-family: Roboto; font-size: 27px;\">Cezayir Evrak Tasdik \u0130\u015flemleri Nas\u0131l Yap\u0131l\u0131r?<\/span><\/strong><\/h2>\r\n<p><span style=\"font-family: Roboto; font-size: 14px;\"><strong>Cezayir evrak tasdiki<\/strong> s\u00f6z konusu oldu\u011funda\u00a0<strong>Cezayir evrak tasdik i\u015flemleri nas\u0131l yap\u0131l\u0131r<\/strong>\u00a0sorusu da s\u0131kl\u0131kla sorgulan\u0131r. Belge tasdik uygulamalar\u0131n\u0131n yakla\u015f\u0131k olarak k\u0131rk g\u00fcn s\u00fcrd\u00fc\u011f\u00fc de unutulmamal\u0131d\u0131r. Bu bilgi dahilinde seyahat planlamas\u0131 yap\u0131lmal\u0131d\u0131r. L\u00fcbnan, Tunus, Dubai, Suriye, M\u0131s\u0131r, \u00dcrd\u00fcn, \u0130ran, Fas ve Cezayir\u2019e yap\u0131lan ihracat i\u015flemlerinde belgelerin tasdik edilmesi \u00f6nemlidir ve \u015fartt\u0131r. Cezayir belge tasdik i\u015flemleri i\u00e7in gereken evraklar\u0131 taraf\u0131m\u0131za ula\u015ft\u0131rman\u0131z durumunda, ticari faaliyetinize g\u00f6re de\u011fi\u015fiklik g\u00f6steren evrak tasdik i\u015flemlerini sizin ad\u0131n\u0131za ger\u00e7ekle\u015ftirmekteyiz. Orta Do\u011fu \u00fclkeleri konsolosluk kurumlar\u0131ndan men\u015fei \u015fahadetnamesi, fatura onay\u0131, s\u00f6zle\u015fmeler, vekaletname, sa\u011fl\u0131k sertifikas\u0131 gibi \u00e7e\u015fitli belgelerin haricinde s\u00f6z konusu \u00fclkelerde a\u00e7\u0131lan ihalelere dahil olacak firmalara ait resmi belgelerin tasdik i\u015flemleri de yap\u0131lmaktad\u0131r. Orta Do\u011fu \u00fclkeleri konsolosluk kurumlar\u0131n\u0131n tasdik \u015fartlar\u0131 ve har\u00e7 fiyatlar\u0131 hakk\u0131nda uzman ekibimizden bilgi alabilirsiniz. Konsolosluk onayl\u0131 fatura, ihracat\u00e7\u0131n\u0131n kendi orijinal fatura evrak\u0131n\u0131 d\u00fczenleyerek, ihra\u00e7 ger\u00e7ekle\u015ftirece\u011fi \u00fclke konsoloslu\u011funa tasdik ettirdikten sonra ithalat\u00e7\u0131ya g\u00f6nderdi\u011fi fatura t\u00fcr\u00fcd\u00fcr. \u0130hracat\u00e7\u0131 ilk etapta kendi orijinal fatura belgesini d\u00fczenler. Ard\u0131ndan ba\u011fl\u0131 oldu\u011fu kentin valili\u011fine m\u00fcracaat ederek haz\u0131rlam\u0131\u015f oldu\u011fu faturay\u0131 onaylat\u0131r. \u00d6zellikle de Orta Do\u011fu \u00fclkeleri ilgili faturay\u0131 her daim talep eder. Ayn\u0131 \u015fey \u0130srail i\u00e7in de ge\u00e7erli olmaktad\u0131r. Orta Do\u011fu \u00fclkelerinin d\u0131\u015f ticaret uygulamalar\u0131, ilgili \u00fclkeler taraf\u0131ndan ithal edilen \u00fcr\u00fcnlerin g\u00fcmr\u00fck uygulamalar\u0131na esas te\u015fkil edecek sonu\u00e7lar do\u011furur. Bu nedenle konsolosluk taraf\u0131ndan onaylanm\u0131\u015f faturalar\u0131n ve \u00e7e\u015fitli belgelerin sunulmas\u0131 \u00f6nemlidir.<\/span><\/p>\r\n<p><span style=\"font-family: Roboto;\"><\/span><\/p>","protected":false},"excerpt":{"rendered":"<p>Cezayir her farkl\u0131 Cezayir vizesi i\u00e7in istedi\u011fi belgelerin resmi bir dayana\u011f\u0131 olmas\u0131n\u0131 istemektedir. Evrak dosyas\u0131 haz\u0131rlan\u0131rken belgelerin orijinal olup olmad\u0131\u011f\u0131n\u0131 kontrol a\u00e7\u0131s\u0131ndan tasdikli olmas\u0131 gerekmektedir. Bu a\u00e7\u0131dan evrak tasdiki yapt\u0131rmak \u00f6nemlidir. Tasdik edilecek olan belgenin Arap\u00e7a ve Frans\u0131zca olarak terc\u00fcme edilmi\u015f, noter onayl\u0131 ve ba\u011fl\u0131 bulunulan ilin Ticaret Odas\u0131\u2019ndan tasdikli olmas\u0131 gerekmektedir. Ayr\u0131ca e\u011fitim, \u00e7al\u0131\u015fma,<\/p>\n","protected":false},"author":1,"featured_media":0,"parent":18,"menu_order":0,"comment_status":"open","ping_status":"closed","template":"","meta":{"_joinchat":[],"footnotes":""},"class_list":["post-304","page","type-page","status-publish","hentry"],"yoast_head":"<!-- This site is optimized with the Yoast SEO plugin v24.0 - https:\/\/yoast.com\/wordpress\/plugins\/seo\/ -->\n<title>Cezayir Vize \u0130\u015flem Takip Belgesi - Cezayir Vize - MyVize<\/title>\n<meta name=\"description\" content=\"Ba\u015fvuru Takibi \u0130\u00e7in T\u0131kla! Cezayir Vizesi \u0130\u015flemlerinizi Takip Etmemizi \u0130stiyorsan\u0131z Vize Dan\u0131\u015fman\u0131m\u0131za Ula\u015fmak \u0130\u00e7in Hemen Aray\u0131n!\" \/>\n<meta name=\"robots\" content=\"index, follow, max-snippet:-1, max-image-preview:large, max-video-preview:-1\" \/>\n<link rel=\"canonical\" href=\"https:\/\/www.myvize.com.tr\/cezayir\/vize-islemleri\/evrak-tasdik-islemleri\/\" \/>\n<meta property=\"og:locale\" content=\"tr_TR\" \/>\n<meta property=\"og:type\" content=\"article\" \/>\n<meta property=\"og:title\" content=\"Cezayir Vize \u0130\u015flem Takip Belgesi - Cezayir Vize - MyVize\" \/>\n<meta property=\"og:description\" content=\"Ba\u015fvuru Takibi \u0130\u00e7in T\u0131kla! Cezayir Vizesi \u0130\u015flemlerinizi Takip Etmemizi \u0130stiyorsan\u0131z Vize Dan\u0131\u015fman\u0131m\u0131za Ula\u015fmak \u0130\u00e7in Hemen Aray\u0131n!\" \/>\n<meta property=\"og:url\" content=\"https:\/\/www.myvize.com.tr\/cezayir\/vize-islemleri\/evrak-tasdik-islemleri\/\" \/>\n<meta property=\"og:site_name\" content=\"Cezayir Vizesi\" \/>\n<meta property=\"article:modified_time\" content=\"2023-01-22T15:34:55+00:00\" \/>\n<meta property=\"og:image\" content=\"https:\/\/www.myvize.com.tr\/cezayir\/wp-content\/uploads\/2021\/10\/10.jpg\" \/>\n<meta name=\"twitter:card\" content=\"summary_large_image\" \/>\n<meta name=\"twitter:label1\" content=\"Tahmini okuma s\u00fcresi\" \/>\n\t<meta name=\"twitter:data1\" content=\"5 dakika\" \/>\n<script type=\"application\/ld+json\" class=\"yoast-schema-graph\">{\"@context\":\"https:\/\/schema.org\",\"@graph\":[{\"@type\":\"WebPage\",\"@id\":\"https:\/\/www.myvize.com.tr\/cezayir\/vize-islemleri\/evrak-tasdik-islemleri\/\",\"url\":\"https:\/\/www.myvize.com.tr\/cezayir\/vize-islemleri\/evrak-tasdik-islemleri\/\",\"name\":\"Cezayir Vize \u0130\u015flem Takip Belgesi - Cezayir Vize - MyVize\",\"isPartOf\":{\"@id\":\"https:\/\/www.myvize.com.tr\/cezayir\/#website\"},\"primaryImageOfPage\":{\"@id\":\"https:\/\/www.myvize.com.tr\/cezayir\/vize-islemleri\/evrak-tasdik-islemleri\/#primaryimage\"},\"image\":{\"@id\":\"https:\/\/www.myvize.com.tr\/cezayir\/vize-islemleri\/evrak-tasdik-islemleri\/#primaryimage\"},\"thumbnailUrl\":\"https:\/\/www.myvize.com.tr\/cezayir\/wp-content\/uploads\/2021\/10\/10.jpg\",\"datePublished\":\"2021-02-03T12:08:04+00:00\",\"dateModified\":\"2023-01-22T15:34:55+00:00\",\"description\":\"Ba\u015fvuru Takibi \u0130\u00e7in T\u0131kla! Cezayir Vizesi \u0130\u015flemlerinizi Takip Etmemizi \u0130stiyorsan\u0131z Vize Dan\u0131\u015fman\u0131m\u0131za Ula\u015fmak \u0130\u00e7in Hemen Aray\u0131n!\",\"breadcrumb\":{\"@id\":\"https:\/\/www.myvize.com.tr\/cezayir\/vize-islemleri\/evrak-tasdik-islemleri\/#breadcrumb\"},\"inLanguage\":\"tr\",\"potentialAction\":[{\"@type\":\"ReadAction\",\"target\":[\"https:\/\/www.myvize.com.tr\/cezayir\/vize-islemleri\/evrak-tasdik-islemleri\/\"]}]},{\"@type\":\"ImageObject\",\"inLanguage\":\"tr\",\"@id\":\"https:\/\/www.myvize.com.tr\/cezayir\/vize-islemleri\/evrak-tasdik-islemleri\/#primaryimage\",\"url\":\"https:\/\/www.myvize.com.tr\/cezayir\/wp-content\/uploads\/2021\/10\/10.jpg\",\"contentUrl\":\"https:\/\/www.myvize.com.tr\/cezayir\/wp-content\/uploads\/2021\/10\/10.jpg\",\"width\":800,\"height\":500,\"caption\":\"Cezayir Evrak Tasdik \u0130\u015flemleri\"},{\"@type\":\"BreadcrumbList\",\"@id\":\"https:\/\/www.myvize.com.tr\/cezayir\/vize-islemleri\/evrak-tasdik-islemleri\/#breadcrumb\",\"itemListElement\":[{\"@type\":\"ListItem\",\"position\":1,\"name\":\"Anasayfa\",\"item\":\"https:\/\/www.myvize.com.tr\/cezayir\/\"},{\"@type\":\"ListItem\",\"position\":2,\"name\":\"V\u0130ZE \u0130\u015eLEMLER\u0130\",\"item\":\"https:\/\/www.myvize.com.tr\/cezayir\/vize-islemleri\/\"},{\"@type\":\"ListItem\",\"position\":3,\"name\":\"Cezayir Evrak Tasdik \u0130\u015flemleri\"}]},{\"@type\":\"WebSite\",\"@id\":\"https:\/\/www.myvize.com.tr\/cezayir\/#website\",\"url\":\"https:\/\/www.myvize.com.tr\/cezayir\/\",\"name\":\"Cezayir Vizesi\",\"description\":\"\",\"potentialAction\":[{\"@type\":\"SearchAction\",\"target\":{\"@type\":\"EntryPoint\",\"urlTemplate\":\"https:\/\/www.myvize.com.tr\/cezayir\/?s={search_term_string}\"},\"query-input\":{\"@type\":\"PropertyValueSpecification\",\"valueRequired\":true,\"valueName\":\"search_term_string\"}}],\"inLanguage\":\"tr\"}]}<\/script>\n<!-- \/ Yoast SEO plugin. -->","yoast_head_json":{"title":"Cezayir Vize \u0130\u015flem Takip Belgesi - Cezayir Vize - MyVize","description":"Ba\u015fvuru Takibi \u0130\u00e7in T\u0131kla! Cezayir Vizesi \u0130\u015flemlerinizi Takip Etmemizi \u0130stiyorsan\u0131z Vize Dan\u0131\u015fman\u0131m\u0131za Ula\u015fmak \u0130\u00e7in Hemen Aray\u0131n!","robots":{"index":"index","follow":"follow","max-snippet":"max-snippet:-1","max-image-preview":"max-image-preview:large","max-video-preview":"max-video-preview:-1"},"canonical":"https:\/\/www.myvize.com.tr\/cezayir\/vize-islemleri\/evrak-tasdik-islemleri\/","og_locale":"tr_TR","og_type":"article","og_title":"Cezayir Vize \u0130\u015flem Takip Belgesi - Cezayir Vize - MyVize","og_description":"Ba\u015fvuru Takibi \u0130\u00e7in T\u0131kla! Cezayir Vizesi \u0130\u015flemlerinizi Takip Etmemizi \u0130stiyorsan\u0131z Vize Dan\u0131\u015fman\u0131m\u0131za Ula\u015fmak \u0130\u00e7in Hemen Aray\u0131n!","og_url":"https:\/\/www.myvize.com.tr\/cezayir\/vize-islemleri\/evrak-tasdik-islemleri\/","og_site_name":"Cezayir Vizesi","article_modified_time":"2023-01-22T15:34:55+00:00","og_image":[{"url":"https:\/\/www.myvize.com.tr\/cezayir\/wp-content\/uploads\/2021\/10\/10.jpg","type":"","width":"","height":""}],"twitter_card":"summary_large_image","twitter_misc":{"Tahmini okuma s\u00fcresi":"5 dakika"},"schema":{"@context":"https:\/\/schema.org","@graph":[{"@type":"WebPage","@id":"https:\/\/www.myvize.com.tr\/cezayir\/vize-islemleri\/evrak-tasdik-islemleri\/","url":"https:\/\/www.myvize.com.tr\/cezayir\/vize-islemleri\/evrak-tasdik-islemleri\/","name":"Cezayir Vize \u0130\u015flem Takip Belgesi - Cezayir Vize - MyVize","isPartOf":{"@id":"https:\/\/www.myvize.com.tr\/cezayir\/#website"},"primaryImageOfPage":{"@id":"https:\/\/www.myvize.com.tr\/cezayir\/vize-islemleri\/evrak-tasdik-islemleri\/#primaryimage"},"image":{"@id":"https:\/\/www.myvize.com.tr\/cezayir\/vize-islemleri\/evrak-tasdik-islemleri\/#primaryimage"},"thumbnailUrl":"https:\/\/www.myvize.com.tr\/cezayir\/wp-content\/uploads\/2021\/10\/10.jpg","datePublished":"2021-02-03T12:08:04+00:00","dateModified":"2023-01-22T15:34:55+00:00","description":"Ba\u015fvuru Takibi \u0130\u00e7in T\u0131kla! Cezayir Vizesi \u0130\u015flemlerinizi Takip Etmemizi \u0130stiyorsan\u0131z Vize Dan\u0131\u015fman\u0131m\u0131za Ula\u015fmak \u0130\u00e7in Hemen Aray\u0131n!","breadcrumb":{"@id":"https:\/\/www.myvize.com.tr\/cezayir\/vize-islemleri\/evrak-tasdik-islemleri\/#breadcrumb"},"inLanguage":"tr","potentialAction":[{"@type":"ReadAction","target":["https:\/\/www.myvize.com.tr\/cezayir\/vize-islemleri\/evrak-tasdik-islemleri\/"]}]},{"@type":"ImageObject","inLanguage":"tr","@id":"https:\/\/www.myvize.com.tr\/cezayir\/vize-islemleri\/evrak-tasdik-islemleri\/#primaryimage","url":"https:\/\/www.myvize.com.tr\/cezayir\/wp-content\/uploads\/2021\/10\/10.jpg","contentUrl":"https:\/\/www.myvize.com.tr\/cezayir\/wp-content\/uploads\/2021\/10\/10.jpg","width":800,"height":500,"caption":"Cezayir Evrak Tasdik \u0130\u015flemleri"},{"@type":"BreadcrumbList","@id":"https:\/\/www.myvize.com.tr\/cezayir\/vize-islemleri\/evrak-tasdik-islemleri\/#breadcrumb","itemListElement":[{"@type":"ListItem","position":1,"name":"Anasayfa","item":"https:\/\/www.myvize.com.tr\/cezayir\/"},{"@type":"ListItem","position":2,"name":"V\u0130ZE \u0130\u015eLEMLER\u0130","item":"https:\/\/www.myvize.com.tr\/cezayir\/vize-islemleri\/"},{"@type":"ListItem","position":3,"name":"Cezayir Evrak Tasdik \u0130\u015flemleri"}]},{"@type":"WebSite","@id":"https:\/\/www.myvize.com.tr\/cezayir\/#website","url":"https:\/\/www.myvize.com.tr\/cezayir\/","name":"Cezayir Vizesi","description":"","potentialAction":[{"@type":"SearchAction","target":{"@type":"EntryPoint","urlTemplate":"https:\/\/www.myvize.com.tr\/cezayir\/?s={search_term_string}"},"query-input":{"@type":"PropertyValueSpecification","valueRequired":true,"valueName":"search_term_string"}}],"inLanguage":"tr"}]}},"_links":{"self":[{"href":"https:\/\/www.myvize.com.tr\/cezayir\/wp-json\/wp\/v2\/pages\/304","targetHints":{"allow":["GET"]}}],"collection":[{"href":"https:\/\/www.myvize.com.tr\/cezayir\/wp-json\/wp\/v2\/pages"}],"about":[{"href":"https:\/\/www.myvize.com.tr\/cezayir\/wp-json\/wp\/v2\/types\/page"}],"author":[{"embeddable":true,"href":"https:\/\/www.myvize.com.tr\/cezayir\/wp-json\/wp\/v2\/users\/1"}],"replies":[{"embeddable":true,"href":"https:\/\/www.myvize.com.tr\/cezayir\/wp-json\/wp\/v2\/comments?post=304"}],"version-history":[{"count":9,"href":"https:\/\/www.myvize.com.tr\/cezayir\/wp-json\/wp\/v2\/pages\/304\/revisions"}],"predecessor-version":[{"id":799,"href":"https:\/\/www.myvize.com.tr\/cezayir\/wp-json\/wp\/v2\/pages\/304\/revisions\/799"}],"up":[{"embeddable":true,"href":"https:\/\/www.myvize.com.tr\/cezayir\/wp-json\/wp\/v2\/pages\/18"}],"wp:attachment":[{"href":"https:\/\/www.myvize.com.tr\/cezayir\/wp-json\/wp\/v2\/media?parent=304"}],"curies":[{"name":"wp","href":"https:\/\/api.w.org\/{rel}","templated":true}]}}