{"id":314,"date":"2021-02-03T15:09:53","date_gmt":"2021-02-03T12:09:53","guid":{"rendered":"https:\/\/www.myvize.com.tr\/cezayir\/?page_id=314"},"modified":"2022-03-31T15:06:31","modified_gmt":"2022-03-31T12:06:31","slug":"turistik-vize","status":"publish","type":"page","link":"https:\/\/www.myvize.com.tr\/cezayir\/vize-islemleri\/turistik-vize\/","title":{"rendered":"Cezayir Turistik Vize"},"content":{"rendered":"<p><span style=\"font-family: Roboto;\"><\/span><\/p>\r\n<p><span style=\"font-family: Roboto; font-size: 14px;\">Cezayir, yurtd\u0131\u015f\u0131ndan gelen yabanc\u0131 vatanda\u015flardan vize talep eden \u00fclkeler aras\u0131nda yer al\u0131r. Cezayir\u2019e giri\u015fte mecbur olan vizeler seyahat amac\u0131na g\u00f6re farkl\u0131 \u015fekillerde al\u0131nmaktad\u0131r.\u00a0<strong>Cezayir vizesi<\/strong>\u00a0sahibi olan vatanda\u015flar Cezayir\u2019e seyahatlerini sorunsuz olarak ger\u00e7ekle\u015ftirebilir.<\/span><\/p>\r\n<p><span style=\"font-family: Roboto; font-size: 14px;\">\r\n\r\n<\/span><\/p>\r\n<p><span style=\"font-family: Roboto; font-size: 14px;\"><strong>Cezayir turistik vize ba\u015fvurusu<\/strong>\u00a0Cezayir Ankara B\u00fcy\u00fckel\u00e7ili\u011fi, ya da <strong>Cezayir \u0130stanbul Ba\u015fkonsoloslu\u011fu<\/strong> arac\u0131l\u0131\u011f\u0131 ile ger\u00e7ekle\u015ftirilir. Bunun d\u0131\u015f\u0131nda vatanda\u015flar Cezayir vizesi verme yetkisi bulunan kurulu\u015flar ile ileti\u015fime ge\u00e7erek de\u00a0<strong>Cezayir turistik vize<\/strong>\u00a0sahibi olabilir.<\/span><\/p>\r\n<h2><span style=\"font-family: Roboto; font-size: 27px;\"><strong>Cezayir Turistik Vize Alma<\/strong><\/span><\/h2>\r\n<p><span style=\"font-family: Roboto; font-size: 14px;\">Cezayir turistik vize; ziyaret amac\u0131 turizm oldu\u011fu durumda alman\u0131z gereken vize t\u00fcr\u00fcd\u00fcr.<strong> Turist vize<\/strong> maksimum 3 ayl\u0131kt\u0131r ve uzat\u0131lamaz. Fuar kat\u0131l\u0131mc\u0131s\u0131 bu vize t\u00fcr\u00fcn\u00fc kullanabilir yine de ticari vize almas\u0131 tavsiye edilmektedir.<\/span><\/p>\r\n<p><span style=\"font-family: Roboto; font-size: 14px;\">Umuma Mahsus bordo pasaport sahipleri vize almak zorundad\u0131r.<\/span><br \/><span style=\"font-family: Roboto; font-size: 14px;\">Hususi Ye\u015fil pasaporta sahip ki\u015filer 90 g\u00fcne kadar seyahat vizesinden muaft\u0131r.<\/span><br \/><span style=\"font-family: Roboto; font-size: 14px;\">Hizmet Gri pasaport sahibi 3 aya kadar ki seyahatinde vizeden muaft\u0131r.<\/span><br \/><span style=\"font-family: Roboto; font-size: 14px;\">Diplomatik Siyah pasaport sahipleri 3 aya kadar olan seyahatlerinde vize muaft\u0131r.<\/span><br \/><span style=\"font-family: Roboto; font-size: 14px;\">Cezayir turistik vizesi i\u00e7in gerekli belgeler \u015funlard\u0131r:<\/span><br \/><span style=\"font-family: Roboto; font-size: 14px;\">En az 9 ay ge\u00e7erlilik s\u00fcresi olan pasaport.<\/span><br \/><span style=\"font-family: Roboto; font-size: 14px;\">2 Adet standart vesikal\u0131k resim.<\/span><br \/><span style=\"font-family: Roboto; font-size: 14px;\">\u00d6nl\u00fc arkal\u0131 T.C. Kimlik.<\/span><br \/><span style=\"font-family: Roboto; font-size: 14px;\">Cezayir\u2019de konaklanacak otelden imzal\u0131, ka\u015feli rezervasyon.<\/span><br \/><span style=\"font-family: Roboto; font-size: 14px;\">\u0130leti\u015fim bilgileri.<\/span><br \/><span style=\"font-family: Roboto; font-size: 14px;\">\u015eirket antetli ka\u011f\u0131da konsoloslu\u011fa hitaben seyahat detay\u0131n\u0131 belirten \u0131slak imzal\u0131 ka\u015fe dilek\u00e7e.<\/span><br \/><span style=\"font-family: Roboto; font-size: 14px;\">\u0130\u015f yeri imza sirk\u00fcleri.<\/span><br \/><span style=\"font-family: Roboto; font-size: 14px;\">\u0130\u015f yeri son d\u00f6nem vergi levhas\u0131.<\/span><br \/><span style=\"font-family: Roboto; font-size: 14px;\">SSK i\u015fe giri\u015f bildirgesi.<\/span><br \/><span style=\"font-family: Roboto; font-size: 14px;\">Son 3 ayl\u0131k maa\u015f bordrosu \u0131slak imzal\u0131 ka\u015feli.<\/span><br \/><span style=\"font-family: Roboto; font-size: 14px;\">E-devlet \u00fczerinde al\u0131nm\u0131\u015f barkodlu SGK hizmeti d\u00f6k\u00fcm\u00fc.<\/span><br \/><span style=\"font-family: Roboto; font-size: 14px;\">En az 5.000 TL bakiye son 3 ayl\u0131k banka hesap d\u00f6k\u00fcm\u00fc.<\/span><br \/><span style=\"font-family: Roboto; font-size: 14px;\">\u0130\u015f s\u00f6zle\u015fmesi.<\/span><\/p>\r\n<h2><span style=\"font-family: Roboto; font-size: 27px;\"><strong>Cezayir Turistik Vize Ba\u015fvurusu<\/strong><\/span><\/h2>\r\n<p><span style=\"font-family: Roboto; font-size: 14px;\">\r\n\r\n<\/span><\/p>\r\n<p><span style=\"font-family: Roboto; font-size: 14px;\"><strong>Cezayir turistik vize ba\u015fvurusu<\/strong>\u00a0s\u0131ras\u0131nda dilek\u00e7e en \u00f6nemli evrak t\u00fcrleri aras\u0131nda yer almaktad\u0131r. Bu evrak\u0131n haz\u0131rlanmas\u0131nda belli ba\u015fl\u0131 kriterleri g\u00f6z \u00f6n\u00fcnde bulundurman\u0131z gerekmektedir. Dilek\u00e7enin A4 ka\u011f\u0131da yaz\u0131larak resmi bir dil kullan\u0131lmas\u0131 en \u00f6nemli kriterler aras\u0131ndad\u0131r. Bununla birlikte\u00a0<strong>Cezayir turistik vize ba\u015fvurusu<\/strong>\u00a0s\u0131ras\u0131nda ki\u015filer mutlaka bilgilerinin tutarl\u0131 oldu\u011fundan emin olmal\u0131d\u0131r.<\/span><\/p>\r\n<p><span style=\"font-family: Roboto; font-size: 14px;\">\r\n\r\n<\/span><\/p>\r\n<h2 class=\"wp-block-heading\"><span style=\"font-family: Roboto; font-size: 27px;\"><strong>Cezayir Turistik Vize Ba\u015fvurusu Nas\u0131l Yap\u0131l\u0131r?<\/strong><\/span><\/h2>\r\n<p><span style=\"font-family: Roboto; font-size: 14px;\">\r\n\r\n<\/span><\/p>\r\n<p><span style=\"font-family: Roboto; font-size: 14px;\"><a href=\"https:\/\/www.myvize.com.tr\/cezayir\/\"><span style=\"color: #2acec2;\"><strong>Cezayir turistik vizesi<\/strong>\u00a0<\/span><\/a>i\u00e7in vatanda\u015flar\u0131n \u00f6ncelikle randevu almalar\u0131 gerekir. \u00a0Randevunun ard\u0131ndan vatanda\u015flar kendilerinden talep edilen belgeleri haz\u0131rlayarak eksiksiz bir \u015fekilde ba\u015fvuru ad\u0131mlar\u0131n\u0131 takip edebilirler. \u00a0<\/span><\/p>\r\n<p><span style=\"font-family: Roboto; font-size: 14px;\"> <img decoding=\"async\" src=\"https:\/\/www.myvize.com.tr\/cezayir\/wp-content\/uploads\/2021\/10\/4.jpg\" \/> <\/span><\/p>\r\n<h2 class=\"wp-block-heading\"><span style=\"font-family: Roboto; font-size: 27px;\"><strong>Cezayir Turistik Belgesi Ba\u015fvuru Evraklar\u0131 Nelerdir?<\/strong><\/span><\/h2>\r\n<p><span style=\"font-family: Roboto; font-size: 14px;\">\r\n\r\n<\/span><\/p>\r\n<p><span style=\"font-family: Roboto; font-size: 14px;\"><strong>Cezayir vize ba\u015fvurusu<\/strong>\u00a0i\u00e7in gerekli olacak evraklar \u015funlard\u0131r;<\/span><\/p>\r\n<p><span style=\"font-family: Roboto; font-size: 14px;\">\r\n\r\n<\/span><\/p>\r\n<ul class=\"wp-block-list\">\r\n<li><span style=\"font-family: Roboto; font-size: 14px;\"><span style=\"color: #2acec2;\"><strong><a style=\"color: #2acec2;\" href=\"https:\/\/www.myvize.com.tr\/cezayir\/\">Cezayir vizesi<\/a><\/strong><\/span>\u00a0ba\u015fvurusu formu,<\/span><\/li>\r\n<li><span style=\"font-family: Roboto; font-size: 14px;\">Vize talep dilek\u00e7e \u00f6rne\u011fi,<\/span><\/li>\r\n<li><span style=\"font-family: Roboto; font-size: 14px;\">Pasaport asl\u0131 ve fotokopisi,<\/span><\/li>\r\n<li><span style=\"font-family: Roboto; font-size: 14px;\">2 adet biyometrik foto\u011fraf,<\/span><\/li>\r\n<li><span style=\"font-family: Roboto; font-size: 14px;\">Tam vukuatl\u0131 n\u00fcfus \u00f6rne\u011fi,<\/span><\/li>\r\n<li><span style=\"font-family: Roboto; font-size: 14px;\">U\u00e7ak ve otel rezervasyonlar\u0131,<\/span><\/li>\r\n<li><span style=\"font-family: Roboto; font-size: 14px;\">Kimlik fotokopisi,<\/span><\/li>\r\n<li><span style=\"font-family: Roboto; font-size: 14px;\">En az 30.000 Teminata sahip seyahat sa\u011fl\u0131k sigortas\u0131,<\/span><\/li>\r\n<li><span style=\"font-family: Roboto; font-size: 14px;\">Banka hesap dok\u00fcmanlar\u0131,<\/span><\/li>\r\n<li><span style=\"font-family: Roboto; font-size: 14px;\">Vize \u00fccreti dekontu,<\/span><\/li>\r\n<li><span style=\"font-family: Roboto; font-size: 14px;\">Cezayir\u2019de ikamet eden aileden gelen davetiye,<\/span><\/li>\r\n<\/ul>\r\n<p><span style=\"font-family: Roboto; font-size: 14px;\">\r\n\r\n<\/span><\/p>\r\n<h3 class=\"wp-block-heading\"><span style=\"font-family: Roboto; font-size: 24px;\"><strong>Cezayir Turistik Vize Fiyatlar\u0131 Ne Kadar?<\/strong><\/span><\/h3>\r\n<p><span style=\"font-family: Roboto; font-size: 14px;\">\r\n\r\n<\/span><\/p>\r\n<p><span style=\"font-family: Roboto; font-size: 14px;\"><strong>Cezayir turistik vizesi<\/strong>\u00a0i\u00e7in \u00f6denecek olan \u00fccret, vizenin ge\u00e7erli olaca\u011f\u0131 s\u00fcreye g\u00f6re de\u011fi\u015fiklik g\u00f6sterir. Vatanda\u015flar vize merkezine yapacaklar\u0131 ba\u015fvuru esnas\u0131nda ne kadar s\u00fcre ile Cezayir\u2019e gitmek istediklerini belirterek, bu s\u00fcre i\u00e7in gerekli olan \u00fccreti \u00f6\u011frenebilirler. <strong>Cezayir vizesi<\/strong> al\u0131nd\u0131ktan sonra vizenin ge\u00e7erlilik g\u00fcn\u00fc dolmadan Cezayir s\u0131n\u0131rlar\u0131 i\u00e7erisine giri\u015f yapmak gerekir. Vize i\u00e7in tan\u0131nan g\u00fcn\u00fcn sona ermesinden \u00f6nce vatanda\u015flar\u0131n tekrar Cezayir\u2019den \u00e7\u0131k\u0131\u015f yapmalar\u0131 gerekmektedir.<\/span><\/p>\r\n<p><span style=\"font-family: Roboto; font-size: 14px;\">\r\n\r\n<\/span><\/p>\r\n<p><span style=\"font-family: Roboto; font-size: 14px;\"> <img decoding=\"async\" src=\"https:\/\/www.myvize.com.tr\/cezayir\/wp-content\/uploads\/2021\/10\/5.jpg\" \/> <\/span><\/p>\r\n<h3 class=\"wp-block-heading\"><span style=\"font-family: Roboto; font-size: 24px;\"><strong>Cezayir Turistik Vize Talebi Dilek\u00e7esi Nas\u0131l Yaz\u0131l\u0131r?<\/strong><\/span><\/h3>\r\n<p><span style=\"font-family: Roboto; font-size: 14px;\">\r\n\r\n<\/span><\/p>\r\n<p><span style=\"font-family: Roboto; font-size: 14px;\"><strong>Cezayir turistik vize ba\u015fvurusu<\/strong>\u00a0s\u0131ras\u0131nda mutlaka vize dilek\u00e7enizde her t\u00fcrl\u00fc seyahat bilgisine de\u011finmeniz gerekiyor. Sizin taraf\u0131n\u0131zdan yaz\u0131lmas\u0131 gereken bu dilek\u00e7e Cezayir Konsoloslu\u011fu\u2019na hitaben yaz\u0131lmal\u0131d\u0131r.\u00a0<strong>Cezayir turistik vize ba\u015fvurusu<\/strong>\u00a0s\u0131ras\u0131nda bu dilek\u00e7enin dosyada \u0131slak imzal\u0131 olarak bulundurulmas\u0131 gerekli durumlar aras\u0131ndad\u0131r. Her<strong> turistik vize<\/strong> ba\u015fvurusu yapan ki\u015fi bu dilek\u00e7eyi haz\u0131rlamak zorundad\u0131r.<\/span><\/p>\r\n<p><span style=\"font-family: Roboto;\"><\/span><\/p>","protected":false},"excerpt":{"rendered":"<p>Cezayir, yurtd\u0131\u015f\u0131ndan gelen yabanc\u0131 vatanda\u015flardan vize talep eden \u00fclkeler aras\u0131nda yer al\u0131r. Cezayir\u2019e giri\u015fte mecbur olan vizeler seyahat amac\u0131na g\u00f6re farkl\u0131 \u015fekillerde al\u0131nmaktad\u0131r.\u00a0Cezayir vizesi\u00a0sahibi olan vatanda\u015flar Cezayir\u2019e seyahatlerini sorunsuz olarak ger\u00e7ekle\u015ftirebilir. Cezayir turistik vize ba\u015fvurusu\u00a0Cezayir Ankara B\u00fcy\u00fckel\u00e7ili\u011fi, ya da Cezayir \u0130stanbul Ba\u015fkonsoloslu\u011fu arac\u0131l\u0131\u011f\u0131 ile ger\u00e7ekle\u015ftirilir. Bunun d\u0131\u015f\u0131nda vatanda\u015flar Cezayir vizesi verme yetkisi bulunan kurulu\u015flar ile<\/p>\n","protected":false},"author":1,"featured_media":0,"parent":18,"menu_order":0,"comment_status":"open","ping_status":"closed","template":"","meta":{"_joinchat":[],"footnotes":""},"class_list":["post-314","page","type-page","status-publish","hentry"],"yoast_head":"<!-- This site is optimized with the Yoast SEO plugin v24.0 - https:\/\/yoast.com\/wordpress\/plugins\/seo\/ -->\n<title>Cezayir Turistik Vizesi Nas\u0131l Al\u0131n\u0131r? \u2013 MyVize<\/title>\n<meta name=\"description\" content=\"Cezayir Turistik Vize \u0130\u015flemleri \u0130\u00e7in Gerekli Olan Evraklar nelerdir? 2022 Evrak Listesi \u0130\u00e7in T\u0131klay\u0131n! Bilgi Almak i\u00e7in Aray\u0131n!\" \/>\n<meta name=\"robots\" content=\"index, follow, max-snippet:-1, max-image-preview:large, max-video-preview:-1\" \/>\n<link rel=\"canonical\" href=\"https:\/\/www.myvize.com.tr\/cezayir\/vize-islemleri\/turistik-vize\/\" \/>\n<meta property=\"og:locale\" content=\"tr_TR\" \/>\n<meta property=\"og:type\" content=\"article\" \/>\n<meta property=\"og:title\" content=\"Cezayir Turistik Vizesi Nas\u0131l Al\u0131n\u0131r? \u2013 MyVize\" \/>\n<meta property=\"og:description\" content=\"Cezayir Turistik Vize \u0130\u015flemleri \u0130\u00e7in Gerekli Olan Evraklar nelerdir? 2022 Evrak Listesi \u0130\u00e7in T\u0131klay\u0131n! Bilgi Almak i\u00e7in Aray\u0131n!\" \/>\n<meta property=\"og:url\" content=\"https:\/\/www.myvize.com.tr\/cezayir\/vize-islemleri\/turistik-vize\/\" \/>\n<meta property=\"og:site_name\" content=\"Cezayir Vizesi\" \/>\n<meta property=\"article:modified_time\" content=\"2022-03-31T12:06:31+00:00\" \/>\n<meta property=\"og:image\" content=\"https:\/\/www.myvize.com.tr\/cezayir\/wp-content\/uploads\/2021\/10\/4.jpg\" \/>\n<meta name=\"twitter:card\" content=\"summary_large_image\" \/>\n<meta name=\"twitter:label1\" content=\"Tahmini okuma s\u00fcresi\" \/>\n\t<meta name=\"twitter:data1\" content=\"3 dakika\" \/>\n<script type=\"application\/ld+json\" class=\"yoast-schema-graph\">{\"@context\":\"https:\/\/schema.org\",\"@graph\":[{\"@type\":\"WebPage\",\"@id\":\"https:\/\/www.myvize.com.tr\/cezayir\/vize-islemleri\/turistik-vize\/\",\"url\":\"https:\/\/www.myvize.com.tr\/cezayir\/vize-islemleri\/turistik-vize\/\",\"name\":\"Cezayir Turistik Vizesi Nas\u0131l Al\u0131n\u0131r? \u2013 MyVize\",\"isPartOf\":{\"@id\":\"https:\/\/www.myvize.com.tr\/cezayir\/#website\"},\"primaryImageOfPage\":{\"@id\":\"https:\/\/www.myvize.com.tr\/cezayir\/vize-islemleri\/turistik-vize\/#primaryimage\"},\"image\":{\"@id\":\"https:\/\/www.myvize.com.tr\/cezayir\/vize-islemleri\/turistik-vize\/#primaryimage\"},\"thumbnailUrl\":\"https:\/\/www.myvize.com.tr\/cezayir\/wp-content\/uploads\/2021\/10\/4.jpg\",\"datePublished\":\"2021-02-03T12:09:53+00:00\",\"dateModified\":\"2022-03-31T12:06:31+00:00\",\"description\":\"Cezayir Turistik Vize \u0130\u015flemleri \u0130\u00e7in Gerekli Olan Evraklar nelerdir? 2022 Evrak Listesi \u0130\u00e7in T\u0131klay\u0131n! Bilgi Almak i\u00e7in Aray\u0131n!\",\"breadcrumb\":{\"@id\":\"https:\/\/www.myvize.com.tr\/cezayir\/vize-islemleri\/turistik-vize\/#breadcrumb\"},\"inLanguage\":\"tr\",\"potentialAction\":[{\"@type\":\"ReadAction\",\"target\":[\"https:\/\/www.myvize.com.tr\/cezayir\/vize-islemleri\/turistik-vize\/\"]}]},{\"@type\":\"ImageObject\",\"inLanguage\":\"tr\",\"@id\":\"https:\/\/www.myvize.com.tr\/cezayir\/vize-islemleri\/turistik-vize\/#primaryimage\",\"url\":\"https:\/\/www.myvize.com.tr\/cezayir\/wp-content\/uploads\/2021\/10\/4.jpg\",\"contentUrl\":\"https:\/\/www.myvize.com.tr\/cezayir\/wp-content\/uploads\/2021\/10\/4.jpg\",\"width\":800,\"height\":500,\"caption\":\"Cezayir Turistik Vize\"},{\"@type\":\"BreadcrumbList\",\"@id\":\"https:\/\/www.myvize.com.tr\/cezayir\/vize-islemleri\/turistik-vize\/#breadcrumb\",\"itemListElement\":[{\"@type\":\"ListItem\",\"position\":1,\"name\":\"Anasayfa\",\"item\":\"https:\/\/www.myvize.com.tr\/cezayir\/\"},{\"@type\":\"ListItem\",\"position\":2,\"name\":\"V\u0130ZE \u0130\u015eLEMLER\u0130\",\"item\":\"https:\/\/www.myvize.com.tr\/cezayir\/vize-islemleri\/\"},{\"@type\":\"ListItem\",\"position\":3,\"name\":\"Cezayir Turistik Vize\"}]},{\"@type\":\"WebSite\",\"@id\":\"https:\/\/www.myvize.com.tr\/cezayir\/#website\",\"url\":\"https:\/\/www.myvize.com.tr\/cezayir\/\",\"name\":\"Cezayir Vizesi\",\"description\":\"\",\"potentialAction\":[{\"@type\":\"SearchAction\",\"target\":{\"@type\":\"EntryPoint\",\"urlTemplate\":\"https:\/\/www.myvize.com.tr\/cezayir\/?s={search_term_string}\"},\"query-input\":{\"@type\":\"PropertyValueSpecification\",\"valueRequired\":true,\"valueName\":\"search_term_string\"}}],\"inLanguage\":\"tr\"}]}<\/script>\n<!-- \/ Yoast SEO plugin. -->","yoast_head_json":{"title":"Cezayir Turistik Vizesi Nas\u0131l Al\u0131n\u0131r? \u2013 MyVize","description":"Cezayir Turistik Vize \u0130\u015flemleri \u0130\u00e7in Gerekli Olan Evraklar nelerdir? 2022 Evrak Listesi \u0130\u00e7in T\u0131klay\u0131n! Bilgi Almak i\u00e7in Aray\u0131n!","robots":{"index":"index","follow":"follow","max-snippet":"max-snippet:-1","max-image-preview":"max-image-preview:large","max-video-preview":"max-video-preview:-1"},"canonical":"https:\/\/www.myvize.com.tr\/cezayir\/vize-islemleri\/turistik-vize\/","og_locale":"tr_TR","og_type":"article","og_title":"Cezayir Turistik Vizesi Nas\u0131l Al\u0131n\u0131r? \u2013 MyVize","og_description":"Cezayir Turistik Vize \u0130\u015flemleri \u0130\u00e7in Gerekli Olan Evraklar nelerdir? 2022 Evrak Listesi \u0130\u00e7in T\u0131klay\u0131n! Bilgi Almak i\u00e7in Aray\u0131n!","og_url":"https:\/\/www.myvize.com.tr\/cezayir\/vize-islemleri\/turistik-vize\/","og_site_name":"Cezayir Vizesi","article_modified_time":"2022-03-31T12:06:31+00:00","og_image":[{"url":"https:\/\/www.myvize.com.tr\/cezayir\/wp-content\/uploads\/2021\/10\/4.jpg","type":"","width":"","height":""}],"twitter_card":"summary_large_image","twitter_misc":{"Tahmini okuma s\u00fcresi":"3 dakika"},"schema":{"@context":"https:\/\/schema.org","@graph":[{"@type":"WebPage","@id":"https:\/\/www.myvize.com.tr\/cezayir\/vize-islemleri\/turistik-vize\/","url":"https:\/\/www.myvize.com.tr\/cezayir\/vize-islemleri\/turistik-vize\/","name":"Cezayir Turistik Vizesi Nas\u0131l Al\u0131n\u0131r? \u2013 MyVize","isPartOf":{"@id":"https:\/\/www.myvize.com.tr\/cezayir\/#website"},"primaryImageOfPage":{"@id":"https:\/\/www.myvize.com.tr\/cezayir\/vize-islemleri\/turistik-vize\/#primaryimage"},"image":{"@id":"https:\/\/www.myvize.com.tr\/cezayir\/vize-islemleri\/turistik-vize\/#primaryimage"},"thumbnailUrl":"https:\/\/www.myvize.com.tr\/cezayir\/wp-content\/uploads\/2021\/10\/4.jpg","datePublished":"2021-02-03T12:09:53+00:00","dateModified":"2022-03-31T12:06:31+00:00","description":"Cezayir Turistik Vize \u0130\u015flemleri \u0130\u00e7in Gerekli Olan Evraklar nelerdir? 2022 Evrak Listesi \u0130\u00e7in T\u0131klay\u0131n! Bilgi Almak i\u00e7in Aray\u0131n!","breadcrumb":{"@id":"https:\/\/www.myvize.com.tr\/cezayir\/vize-islemleri\/turistik-vize\/#breadcrumb"},"inLanguage":"tr","potentialAction":[{"@type":"ReadAction","target":["https:\/\/www.myvize.com.tr\/cezayir\/vize-islemleri\/turistik-vize\/"]}]},{"@type":"ImageObject","inLanguage":"tr","@id":"https:\/\/www.myvize.com.tr\/cezayir\/vize-islemleri\/turistik-vize\/#primaryimage","url":"https:\/\/www.myvize.com.tr\/cezayir\/wp-content\/uploads\/2021\/10\/4.jpg","contentUrl":"https:\/\/www.myvize.com.tr\/cezayir\/wp-content\/uploads\/2021\/10\/4.jpg","width":800,"height":500,"caption":"Cezayir Turistik Vize"},{"@type":"BreadcrumbList","@id":"https:\/\/www.myvize.com.tr\/cezayir\/vize-islemleri\/turistik-vize\/#breadcrumb","itemListElement":[{"@type":"ListItem","position":1,"name":"Anasayfa","item":"https:\/\/www.myvize.com.tr\/cezayir\/"},{"@type":"ListItem","position":2,"name":"V\u0130ZE \u0130\u015eLEMLER\u0130","item":"https:\/\/www.myvize.com.tr\/cezayir\/vize-islemleri\/"},{"@type":"ListItem","position":3,"name":"Cezayir Turistik Vize"}]},{"@type":"WebSite","@id":"https:\/\/www.myvize.com.tr\/cezayir\/#website","url":"https:\/\/www.myvize.com.tr\/cezayir\/","name":"Cezayir Vizesi","description":"","potentialAction":[{"@type":"SearchAction","target":{"@type":"EntryPoint","urlTemplate":"https:\/\/www.myvize.com.tr\/cezayir\/?s={search_term_string}"},"query-input":{"@type":"PropertyValueSpecification","valueRequired":true,"valueName":"search_term_string"}}],"inLanguage":"tr"}]}},"_links":{"self":[{"href":"https:\/\/www.myvize.com.tr\/cezayir\/wp-json\/wp\/v2\/pages\/314","targetHints":{"allow":["GET"]}}],"collection":[{"href":"https:\/\/www.myvize.com.tr\/cezayir\/wp-json\/wp\/v2\/pages"}],"about":[{"href":"https:\/\/www.myvize.com.tr\/cezayir\/wp-json\/wp\/v2\/types\/page"}],"author":[{"embeddable":true,"href":"https:\/\/www.myvize.com.tr\/cezayir\/wp-json\/wp\/v2\/users\/1"}],"replies":[{"embeddable":true,"href":"https:\/\/www.myvize.com.tr\/cezayir\/wp-json\/wp\/v2\/comments?post=314"}],"version-history":[{"count":9,"href":"https:\/\/www.myvize.com.tr\/cezayir\/wp-json\/wp\/v2\/pages\/314\/revisions"}],"predecessor-version":[{"id":721,"href":"https:\/\/www.myvize.com.tr\/cezayir\/wp-json\/wp\/v2\/pages\/314\/revisions\/721"}],"up":[{"embeddable":true,"href":"https:\/\/www.myvize.com.tr\/cezayir\/wp-json\/wp\/v2\/pages\/18"}],"wp:attachment":[{"href":"https:\/\/www.myvize.com.tr\/cezayir\/wp-json\/wp\/v2\/media?parent=314"}],"curies":[{"name":"wp","href":"https:\/\/api.w.org\/{rel}","templated":true}]}}