{"id":161,"date":"2020-12-24T13:10:07","date_gmt":"2020-12-24T10:10:07","guid":{"rendered":"https:\/\/www.myvize.com.tr\/cin\/?page_id=161"},"modified":"2022-04-04T13:48:19","modified_gmt":"2022-04-04T10:48:19","slug":"oturum-2","status":"publish","type":"page","link":"https:\/\/www.myvize.com.tr\/cin\/oturum-2\/","title":{"rendered":"OTURUM"},"content":{"rendered":"<h2><span style=\"font-family: Roboto; font-size: 27px;\"><strong>\u00c7in\u2019de Oturum Alma<\/strong><\/span><\/h2>\n<p><span style=\"font-family: Roboto; font-size: 14px;\"><strong>\u00c7in\u2019de oturum alma<\/strong>\u00a0bu \u00fclkede uzun s\u00fcre kalmay\u0131 d\u00fc\u015f\u00fcnen ki\u015filerin almas\u0131 gereken bir izindir. \u00c7in Halk Cumhuriyeti\u2019ne giri\u015f yapt\u0131ktan sonra al\u0131nan bu izin \u00fclkede uzun s\u00fcreli olarak ikamet etmeyi d\u00fc\u015f\u00fcnen ki\u015filere yasal olarak verilen izinlerden biridir. \u00c7in\u2019e geldikten sonra en fazla 30 g\u00fcn i\u00e7erisinde bu izni alman\u0131z gerekmektedir. <strong>Z vize kategorisinde<\/strong> yer alan bu vize t\u00fcr\u00fc i\u00e7in mutlaka ikamet edece\u011finiz yerde bulunan kurumlardan hizmet alman\u0131z gerekiyor.<\/span><\/p>\n<p><span style=\"font-family: Roboto; font-size: 14px;\">\u0130kamet edebilmek i\u00e7in oturum iznini Yerel Halk H\u00fck\u00fcmet Emniyet M\u00fcd\u00fcrl\u00fc\u011f\u00fc Hudut Giri\u015f ve \u00c7\u0131k\u0131\u015f \u0130dare \u015eubesi\u2019nden alman\u0131z gereklidir. Bu kuruma ba\u015fvuru yapt\u0131\u011f\u0131n\u0131zda sizlerden birtak\u0131m belgeler istenir. Bu belgeleri kuruma teslim ettikten sonra gerekli her t\u00fcrden \u00e7al\u0131\u015fmay\u0131 kolayl\u0131kla yapman\u0131z sa\u011flan\u0131r.<span style=\"color: #2acec2;\"><strong><a style=\"color: #2acec2;\" href=\"https:\/\/www.myvize.com.tr\/cin\/cin-oturum-izni\/\" target=\"_blank\" rel=\"noopener\"> \u00c7in Oturum izni<\/a><\/strong><\/span> almak isterseniz \u00c7in\u2019de ikamet etmeniz gerekiyor. \u00c7al\u0131\u015facak olan ki\u015filer ya da burada oturum izni olan ailesinin yan\u0131na gitmek isteyen ki\u015filer bu vize i\u015flemini yapt\u0131rmak durumundad\u0131rlar.<\/span><\/p>\n<p><span style=\"font-family: Roboto; font-size: 14px;\">\u00c7in\u2019de oturum alma konusunda \u00f6ncelikle Z kategorisindeki vizeye ba\u015fvuru yapman\u0131z gerekiyor. E\u011fer \u00e7al\u0131\u015fma amac\u0131 ile gidecekseniz \u00e7al\u0131\u015faca\u011f\u0131n\u0131z firman\u0131n mutlaka davetiyesinin olmas\u0131 gereklidir.<\/span><\/p>\n","protected":false},"excerpt":{"rendered":"<p>\u00c7in\u2019de Oturum Alma \u00c7in\u2019de oturum alma\u00a0bu \u00fclkede uzun s\u00fcre kalmay\u0131 d\u00fc\u015f\u00fcnen ki\u015filerin almas\u0131 gereken bir izindir. \u00c7in Halk Cumhuriyeti\u2019ne giri\u015f yapt\u0131ktan sonra al\u0131nan bu izin \u00fclkede uzun s\u00fcreli olarak ikamet etmeyi d\u00fc\u015f\u00fcnen ki\u015filere yasal olarak verilen izinlerden biridir. \u00c7in\u2019e geldikten sonra en fazla 30 g\u00fcn i\u00e7erisinde bu izni alman\u0131z gerekmektedir. Z vize kategorisinde yer alan<\/p>\n","protected":false},"author":1,"featured_media":0,"parent":0,"menu_order":0,"comment_status":"open","ping_status":"closed","template":"","meta":{"footnotes":""},"class_list":["post-161","page","type-page","status-publish","hentry"],"yoast_head":"<!-- This site is optimized with the Yoast SEO plugin v26.8 - https:\/\/yoast.com\/product\/yoast-seo-wordpress\/ -->\n<title>\u00c7in Oturum Vizesi - My Vize Profesyonel Vize Hizmetleri<\/title>\n<meta name=\"description\" content=\"\u00c7in oturum vizesi ba\u015fvurusu ve forumlar\u0131. \u00c7in oturum vizesi gerekli evrak listesi. \u00c7in oturum vizesi i\u015flem s\u00fcresi.\" \/>\n<meta name=\"robots\" content=\"index, follow, max-snippet:-1, max-image-preview:large, max-video-preview:-1\" \/>\n<link rel=\"canonical\" href=\"https:\/\/www.myvize.com.tr\/cin\/oturum-2\/\" \/>\n<meta property=\"og:locale\" content=\"tr_TR\" \/>\n<meta property=\"og:type\" content=\"article\" \/>\n<meta property=\"og:title\" content=\"\u00c7in Oturum Vizesi - My Vize Profesyonel Vize Hizmetleri\" \/>\n<meta property=\"og:description\" content=\"\u00c7in oturum vizesi ba\u015fvurusu ve forumlar\u0131. \u00c7in oturum vizesi gerekli evrak listesi. \u00c7in oturum vizesi i\u015flem s\u00fcresi.\" \/>\n<meta property=\"og:url\" content=\"https:\/\/www.myvize.com.tr\/cin\/oturum-2\/\" \/>\n<meta property=\"og:site_name\" content=\"\u00c7in Vizesi\" \/>\n<meta property=\"article:modified_time\" content=\"2022-04-04T10:48:19+00:00\" \/>\n<meta name=\"twitter:card\" content=\"summary_large_image\" \/>\n<meta name=\"twitter:label1\" content=\"Tahmini okuma s\u00fcresi\" \/>\n\t<meta name=\"twitter:data1\" content=\"1 dakika\" \/>\n<script type=\"application\/ld+json\" class=\"yoast-schema-graph\">{\"@context\":\"https:\/\/schema.org\",\"@graph\":[{\"@type\":\"WebPage\",\"@id\":\"https:\/\/www.myvize.com.tr\/cin\/oturum-2\/\",\"url\":\"https:\/\/www.myvize.com.tr\/cin\/oturum-2\/\",\"name\":\"\u00c7in Oturum Vizesi - My Vize Profesyonel Vize Hizmetleri\",\"isPartOf\":{\"@id\":\"https:\/\/www.myvize.com.tr\/cin\/#website\"},\"datePublished\":\"2020-12-24T10:10:07+00:00\",\"dateModified\":\"2022-04-04T10:48:19+00:00\",\"description\":\"\u00c7in oturum vizesi ba\u015fvurusu ve forumlar\u0131. \u00c7in oturum vizesi gerekli evrak listesi. \u00c7in oturum vizesi i\u015flem s\u00fcresi.\",\"breadcrumb\":{\"@id\":\"https:\/\/www.myvize.com.tr\/cin\/oturum-2\/#breadcrumb\"},\"inLanguage\":\"tr\",\"potentialAction\":[{\"@type\":\"ReadAction\",\"target\":[\"https:\/\/www.myvize.com.tr\/cin\/oturum-2\/\"]}]},{\"@type\":\"BreadcrumbList\",\"@id\":\"https:\/\/www.myvize.com.tr\/cin\/oturum-2\/#breadcrumb\",\"itemListElement\":[{\"@type\":\"ListItem\",\"position\":1,\"name\":\"Anasayfa\",\"item\":\"https:\/\/www.myvize.com.tr\/cin\/\"},{\"@type\":\"ListItem\",\"position\":2,\"name\":\"OTURUM\"}]},{\"@type\":\"WebSite\",\"@id\":\"https:\/\/www.myvize.com.tr\/cin\/#website\",\"url\":\"https:\/\/www.myvize.com.tr\/cin\/\",\"name\":\"\u00c7in Vizesi\",\"description\":\"\",\"potentialAction\":[{\"@type\":\"SearchAction\",\"target\":{\"@type\":\"EntryPoint\",\"urlTemplate\":\"https:\/\/www.myvize.com.tr\/cin\/?s={search_term_string}\"},\"query-input\":{\"@type\":\"PropertyValueSpecification\",\"valueRequired\":true,\"valueName\":\"search_term_string\"}}],\"inLanguage\":\"tr\"}]}<\/script>\n<!-- \/ Yoast SEO plugin. -->","yoast_head_json":{"title":"\u00c7in Oturum Vizesi - My Vize Profesyonel Vize Hizmetleri","description":"\u00c7in oturum vizesi ba\u015fvurusu ve forumlar\u0131. \u00c7in oturum vizesi gerekli evrak listesi. \u00c7in oturum vizesi i\u015flem s\u00fcresi.","robots":{"index":"index","follow":"follow","max-snippet":"max-snippet:-1","max-image-preview":"max-image-preview:large","max-video-preview":"max-video-preview:-1"},"canonical":"https:\/\/www.myvize.com.tr\/cin\/oturum-2\/","og_locale":"tr_TR","og_type":"article","og_title":"\u00c7in Oturum Vizesi - My Vize Profesyonel Vize Hizmetleri","og_description":"\u00c7in oturum vizesi ba\u015fvurusu ve forumlar\u0131. \u00c7in oturum vizesi gerekli evrak listesi. \u00c7in oturum vizesi i\u015flem s\u00fcresi.","og_url":"https:\/\/www.myvize.com.tr\/cin\/oturum-2\/","og_site_name":"\u00c7in Vizesi","article_modified_time":"2022-04-04T10:48:19+00:00","twitter_card":"summary_large_image","twitter_misc":{"Tahmini okuma s\u00fcresi":"1 dakika"},"schema":{"@context":"https:\/\/schema.org","@graph":[{"@type":"WebPage","@id":"https:\/\/www.myvize.com.tr\/cin\/oturum-2\/","url":"https:\/\/www.myvize.com.tr\/cin\/oturum-2\/","name":"\u00c7in Oturum Vizesi - My Vize Profesyonel Vize Hizmetleri","isPartOf":{"@id":"https:\/\/www.myvize.com.tr\/cin\/#website"},"datePublished":"2020-12-24T10:10:07+00:00","dateModified":"2022-04-04T10:48:19+00:00","description":"\u00c7in oturum vizesi ba\u015fvurusu ve forumlar\u0131. \u00c7in oturum vizesi gerekli evrak listesi. \u00c7in oturum vizesi i\u015flem s\u00fcresi.","breadcrumb":{"@id":"https:\/\/www.myvize.com.tr\/cin\/oturum-2\/#breadcrumb"},"inLanguage":"tr","potentialAction":[{"@type":"ReadAction","target":["https:\/\/www.myvize.com.tr\/cin\/oturum-2\/"]}]},{"@type":"BreadcrumbList","@id":"https:\/\/www.myvize.com.tr\/cin\/oturum-2\/#breadcrumb","itemListElement":[{"@type":"ListItem","position":1,"name":"Anasayfa","item":"https:\/\/www.myvize.com.tr\/cin\/"},{"@type":"ListItem","position":2,"name":"OTURUM"}]},{"@type":"WebSite","@id":"https:\/\/www.myvize.com.tr\/cin\/#website","url":"https:\/\/www.myvize.com.tr\/cin\/","name":"\u00c7in Vizesi","description":"","potentialAction":[{"@type":"SearchAction","target":{"@type":"EntryPoint","urlTemplate":"https:\/\/www.myvize.com.tr\/cin\/?s={search_term_string}"},"query-input":{"@type":"PropertyValueSpecification","valueRequired":true,"valueName":"search_term_string"}}],"inLanguage":"tr"}]}},"_links":{"self":[{"href":"https:\/\/www.myvize.com.tr\/cin\/wp-json\/wp\/v2\/pages\/161","targetHints":{"allow":["GET"]}}],"collection":[{"href":"https:\/\/www.myvize.com.tr\/cin\/wp-json\/wp\/v2\/pages"}],"about":[{"href":"https:\/\/www.myvize.com.tr\/cin\/wp-json\/wp\/v2\/types\/page"}],"author":[{"embeddable":true,"href":"https:\/\/www.myvize.com.tr\/cin\/wp-json\/wp\/v2\/users\/1"}],"replies":[{"embeddable":true,"href":"https:\/\/www.myvize.com.tr\/cin\/wp-json\/wp\/v2\/comments?post=161"}],"version-history":[{"count":4,"href":"https:\/\/www.myvize.com.tr\/cin\/wp-json\/wp\/v2\/pages\/161\/revisions"}],"predecessor-version":[{"id":756,"href":"https:\/\/www.myvize.com.tr\/cin\/wp-json\/wp\/v2\/pages\/161\/revisions\/756"}],"wp:attachment":[{"href":"https:\/\/www.myvize.com.tr\/cin\/wp-json\/wp\/v2\/media?parent=161"}],"curies":[{"name":"wp","href":"https:\/\/api.w.org\/{rel}","templated":true}]}}