{"id":167,"date":"2020-12-24T13:11:27","date_gmt":"2020-12-24T10:11:27","guid":{"rendered":"https:\/\/www.myvize.com.tr\/cin\/?page_id=167"},"modified":"2022-04-04T13:50:28","modified_gmt":"2022-04-04T10:50:28","slug":"form-ve-dilekce","status":"publish","type":"page","link":"https:\/\/www.myvize.com.tr\/cin\/form-ve-dilekce\/","title":{"rendered":"FORM VE D\u0130LEK\u00c7E"},"content":{"rendered":"<h2><span style=\"font-family: Roboto; font-size: 27px;\"><strong>\u00c7in Konsoloslu\u011fu Form ve Dilek\u00e7eleri<\/strong><\/span><\/h2>\n<p><span style=\"font-family: Roboto; font-size: 14px;\">\u00a0\u00c7in Halk Cumhuriyeti&#8217;nin seyahat edecek olan ki\u015filerin <strong>vize i\u015flemleri<\/strong> konusunda detayl\u0131 olarak<strong> form ve dilek\u00e7e<\/strong> haz\u0131rlamalar\u0131 gerekmektedir.\u00a0<strong>\u00c7in Konsoloslu\u011fu Form ve dilek\u00e7eleri<\/strong> aras\u0131nda bir\u00e7ok \u00f6nemli belge bulunmaktad\u0131r. \u00d6ncelikle <span style=\"color: #2acec2;\"><strong><a style=\"color: #2acec2;\" href=\"https:\/\/www.myvize.com.tr\/cin\/form-ve-dilekce\/vize-basvuru-formu\/\" target=\"_blank\" rel=\"noopener\">\u00c7in vize ba\u015fvuru formu<\/a><\/strong><\/span> olarak haz\u0131rlanmas\u0131 gereken formun mutlaka belirtilen dil kriterlerine uygun olmas\u0131na dikkat etmelisiniz. Bu belgenin eksiksiz olarak haz\u0131rlanmas\u0131 son derece \u00f6nemli bir konudur.<\/span><\/p>\n<p><span style=\"font-family: Roboto; font-size: 14px;\">Vize t\u00fcr\u00fcne uygun olarak haz\u0131rlaman\u0131z gereken ba\u015fvuru formunda kimlik bilgileri, adres bilgileri, pasaport ve seyahat bilgileri gibi bir\u00e7ok bilginin yer almas\u0131na dikkat etmelisiniz. Ayn\u0131 zamanda dikkat etmeniz gereken bir di\u011fer husus dilek\u00e7edir. Dilek\u00e7enizin vize t\u00fcr\u00fcn\u00fcze uygun haz\u0131rlanmas\u0131 ve \u00c7in&#8217;deki t\u00fcm faaliyetleriniz hakk\u0131nda bilgi vermesi b\u00fcy\u00fck bir \u00f6nem ta\u015f\u0131r. Bu belgelerin \u0131slak imzal\u0131 ve \u00fczerinde tarihli bir \u015fekilde vize dosyas\u0131na eklenmesi son derece \u00f6nemli noktalardan biridir.<\/span><\/p>\n<p><span style=\"font-family: Roboto; font-size: 14px;\"><strong>\u00c7in vizesini<\/strong> alabilmek i\u00e7in davetiye de \u00f6nemli belgeler aras\u0131ndad\u0131r. Bu belgenin kar\u015f\u0131 taraftan g\u00f6nderilmesi ve g\u00f6nderen ki\u015finin t\u00fcm bilgilerini i\u00e7ermesi aran\u0131lan en \u00f6nemli kriterler aras\u0131nda yer al\u0131r. <strong>\u00c7in vize i\u015flemleri<\/strong> s\u0131ras\u0131nda eksiksiz olarak her t\u00fcrl\u00fc belgenin bulunmas\u0131na dikkat etmelisiniz.<\/span><\/p>\n","protected":false},"excerpt":{"rendered":"<p>\u00c7in Konsoloslu\u011fu Form ve Dilek\u00e7eleri \u00a0\u00c7in Halk Cumhuriyeti&#8217;nin seyahat edecek olan ki\u015filerin vize i\u015flemleri konusunda detayl\u0131 olarak form ve dilek\u00e7e haz\u0131rlamalar\u0131 gerekmektedir.\u00a0\u00c7in Konsoloslu\u011fu Form ve dilek\u00e7eleri aras\u0131nda bir\u00e7ok \u00f6nemli belge bulunmaktad\u0131r. \u00d6ncelikle \u00c7in vize ba\u015fvuru formu olarak haz\u0131rlanmas\u0131 gereken formun mutlaka belirtilen dil kriterlerine uygun olmas\u0131na dikkat etmelisiniz. Bu belgenin eksiksiz olarak haz\u0131rlanmas\u0131 son derece<\/p>\n","protected":false},"author":1,"featured_media":0,"parent":0,"menu_order":0,"comment_status":"open","ping_status":"closed","template":"","meta":{"footnotes":""},"class_list":["post-167","page","type-page","status-publish","hentry"],"yoast_head":"<!-- This site is optimized with the Yoast SEO plugin v26.8 - https:\/\/yoast.com\/product\/yoast-seo-wordpress\/ -->\n<title>\u00c7in Form Ve Dilek\u00e7e - My Vize Profesyonel Vize Hizmetleri<\/title>\n<meta name=\"description\" content=\"\u00c7in form ve dilek\u00e7e nas\u0131l doldurulur? \u00c7in form ve dilek\u00e7e \u00f6rnekleri g\u00fcncel. \u00c7in form ve dilek\u00e7e doldurulurken dikkat edilmesi gerekenler.\" \/>\n<meta name=\"robots\" content=\"index, follow, max-snippet:-1, max-image-preview:large, max-video-preview:-1\" \/>\n<link rel=\"canonical\" href=\"https:\/\/www.myvize.com.tr\/cin\/form-ve-dilekce\/\" \/>\n<meta property=\"og:locale\" content=\"tr_TR\" \/>\n<meta property=\"og:type\" content=\"article\" \/>\n<meta property=\"og:title\" content=\"\u00c7in Form Ve Dilek\u00e7e - My Vize Profesyonel Vize Hizmetleri\" \/>\n<meta property=\"og:description\" content=\"\u00c7in form ve dilek\u00e7e nas\u0131l doldurulur? \u00c7in form ve dilek\u00e7e \u00f6rnekleri g\u00fcncel. \u00c7in form ve dilek\u00e7e doldurulurken dikkat edilmesi gerekenler.\" \/>\n<meta property=\"og:url\" content=\"https:\/\/www.myvize.com.tr\/cin\/form-ve-dilekce\/\" \/>\n<meta property=\"og:site_name\" content=\"\u00c7in Vizesi\" \/>\n<meta property=\"article:modified_time\" content=\"2022-04-04T10:50:28+00:00\" \/>\n<meta name=\"twitter:card\" content=\"summary_large_image\" \/>\n<meta name=\"twitter:label1\" content=\"Tahmini okuma s\u00fcresi\" \/>\n\t<meta name=\"twitter:data1\" content=\"1 dakika\" \/>\n<script type=\"application\/ld+json\" class=\"yoast-schema-graph\">{\"@context\":\"https:\/\/schema.org\",\"@graph\":[{\"@type\":\"WebPage\",\"@id\":\"https:\/\/www.myvize.com.tr\/cin\/form-ve-dilekce\/\",\"url\":\"https:\/\/www.myvize.com.tr\/cin\/form-ve-dilekce\/\",\"name\":\"\u00c7in Form Ve Dilek\u00e7e - My Vize Profesyonel Vize Hizmetleri\",\"isPartOf\":{\"@id\":\"https:\/\/www.myvize.com.tr\/cin\/#website\"},\"datePublished\":\"2020-12-24T10:11:27+00:00\",\"dateModified\":\"2022-04-04T10:50:28+00:00\",\"description\":\"\u00c7in form ve dilek\u00e7e nas\u0131l doldurulur? \u00c7in form ve dilek\u00e7e \u00f6rnekleri g\u00fcncel. \u00c7in form ve dilek\u00e7e doldurulurken dikkat edilmesi gerekenler.\",\"breadcrumb\":{\"@id\":\"https:\/\/www.myvize.com.tr\/cin\/form-ve-dilekce\/#breadcrumb\"},\"inLanguage\":\"tr\",\"potentialAction\":[{\"@type\":\"ReadAction\",\"target\":[\"https:\/\/www.myvize.com.tr\/cin\/form-ve-dilekce\/\"]}]},{\"@type\":\"BreadcrumbList\",\"@id\":\"https:\/\/www.myvize.com.tr\/cin\/form-ve-dilekce\/#breadcrumb\",\"itemListElement\":[{\"@type\":\"ListItem\",\"position\":1,\"name\":\"Anasayfa\",\"item\":\"https:\/\/www.myvize.com.tr\/cin\/\"},{\"@type\":\"ListItem\",\"position\":2,\"name\":\"FORM VE D\u0130LEK\u00c7E\"}]},{\"@type\":\"WebSite\",\"@id\":\"https:\/\/www.myvize.com.tr\/cin\/#website\",\"url\":\"https:\/\/www.myvize.com.tr\/cin\/\",\"name\":\"\u00c7in Vizesi\",\"description\":\"\",\"potentialAction\":[{\"@type\":\"SearchAction\",\"target\":{\"@type\":\"EntryPoint\",\"urlTemplate\":\"https:\/\/www.myvize.com.tr\/cin\/?s={search_term_string}\"},\"query-input\":{\"@type\":\"PropertyValueSpecification\",\"valueRequired\":true,\"valueName\":\"search_term_string\"}}],\"inLanguage\":\"tr\"}]}<\/script>\n<!-- \/ Yoast SEO plugin. -->","yoast_head_json":{"title":"\u00c7in Form Ve Dilek\u00e7e - My Vize Profesyonel Vize Hizmetleri","description":"\u00c7in form ve dilek\u00e7e nas\u0131l doldurulur? \u00c7in form ve dilek\u00e7e \u00f6rnekleri g\u00fcncel. \u00c7in form ve dilek\u00e7e doldurulurken dikkat edilmesi gerekenler.","robots":{"index":"index","follow":"follow","max-snippet":"max-snippet:-1","max-image-preview":"max-image-preview:large","max-video-preview":"max-video-preview:-1"},"canonical":"https:\/\/www.myvize.com.tr\/cin\/form-ve-dilekce\/","og_locale":"tr_TR","og_type":"article","og_title":"\u00c7in Form Ve Dilek\u00e7e - My Vize Profesyonel Vize Hizmetleri","og_description":"\u00c7in form ve dilek\u00e7e nas\u0131l doldurulur? \u00c7in form ve dilek\u00e7e \u00f6rnekleri g\u00fcncel. \u00c7in form ve dilek\u00e7e doldurulurken dikkat edilmesi gerekenler.","og_url":"https:\/\/www.myvize.com.tr\/cin\/form-ve-dilekce\/","og_site_name":"\u00c7in Vizesi","article_modified_time":"2022-04-04T10:50:28+00:00","twitter_card":"summary_large_image","twitter_misc":{"Tahmini okuma s\u00fcresi":"1 dakika"},"schema":{"@context":"https:\/\/schema.org","@graph":[{"@type":"WebPage","@id":"https:\/\/www.myvize.com.tr\/cin\/form-ve-dilekce\/","url":"https:\/\/www.myvize.com.tr\/cin\/form-ve-dilekce\/","name":"\u00c7in Form Ve Dilek\u00e7e - My Vize Profesyonel Vize Hizmetleri","isPartOf":{"@id":"https:\/\/www.myvize.com.tr\/cin\/#website"},"datePublished":"2020-12-24T10:11:27+00:00","dateModified":"2022-04-04T10:50:28+00:00","description":"\u00c7in form ve dilek\u00e7e nas\u0131l doldurulur? \u00c7in form ve dilek\u00e7e \u00f6rnekleri g\u00fcncel. \u00c7in form ve dilek\u00e7e doldurulurken dikkat edilmesi gerekenler.","breadcrumb":{"@id":"https:\/\/www.myvize.com.tr\/cin\/form-ve-dilekce\/#breadcrumb"},"inLanguage":"tr","potentialAction":[{"@type":"ReadAction","target":["https:\/\/www.myvize.com.tr\/cin\/form-ve-dilekce\/"]}]},{"@type":"BreadcrumbList","@id":"https:\/\/www.myvize.com.tr\/cin\/form-ve-dilekce\/#breadcrumb","itemListElement":[{"@type":"ListItem","position":1,"name":"Anasayfa","item":"https:\/\/www.myvize.com.tr\/cin\/"},{"@type":"ListItem","position":2,"name":"FORM VE D\u0130LEK\u00c7E"}]},{"@type":"WebSite","@id":"https:\/\/www.myvize.com.tr\/cin\/#website","url":"https:\/\/www.myvize.com.tr\/cin\/","name":"\u00c7in Vizesi","description":"","potentialAction":[{"@type":"SearchAction","target":{"@type":"EntryPoint","urlTemplate":"https:\/\/www.myvize.com.tr\/cin\/?s={search_term_string}"},"query-input":{"@type":"PropertyValueSpecification","valueRequired":true,"valueName":"search_term_string"}}],"inLanguage":"tr"}]}},"_links":{"self":[{"href":"https:\/\/www.myvize.com.tr\/cin\/wp-json\/wp\/v2\/pages\/167","targetHints":{"allow":["GET"]}}],"collection":[{"href":"https:\/\/www.myvize.com.tr\/cin\/wp-json\/wp\/v2\/pages"}],"about":[{"href":"https:\/\/www.myvize.com.tr\/cin\/wp-json\/wp\/v2\/types\/page"}],"author":[{"embeddable":true,"href":"https:\/\/www.myvize.com.tr\/cin\/wp-json\/wp\/v2\/users\/1"}],"replies":[{"embeddable":true,"href":"https:\/\/www.myvize.com.tr\/cin\/wp-json\/wp\/v2\/comments?post=167"}],"version-history":[{"count":4,"href":"https:\/\/www.myvize.com.tr\/cin\/wp-json\/wp\/v2\/pages\/167\/revisions"}],"predecessor-version":[{"id":759,"href":"https:\/\/www.myvize.com.tr\/cin\/wp-json\/wp\/v2\/pages\/167\/revisions\/759"}],"wp:attachment":[{"href":"https:\/\/www.myvize.com.tr\/cin\/wp-json\/wp\/v2\/media?parent=167"}],"curies":[{"name":"wp","href":"https:\/\/api.w.org\/{rel}","templated":true}]}}