{"id":175,"date":"2020-12-24T13:13:11","date_gmt":"2020-12-24T10:13:11","guid":{"rendered":"https:\/\/www.myvize.com.tr\/cin\/?page_id=175"},"modified":"2022-04-04T13:51:10","modified_gmt":"2022-04-04T10:51:10","slug":"vize-basvuru-formu","status":"publish","type":"page","link":"https:\/\/www.myvize.com.tr\/cin\/form-ve-dilekce\/vize-basvuru-formu\/","title":{"rendered":"\u00c7in Vize Ba\u015fvuru Formu"},"content":{"rendered":"<h2><span style=\"font-family: Roboto; font-size: 27px;\">\u00c7in Vize Ba\u015fvuru Formu 2022<\/span><\/h2>\n<p><span style=\"font-family: Roboto; font-size: 14px;\"><strong>\u00c7in vize ba\u015fvuru formu,<\/strong> <span style=\"color: #2acec2;\"><strong><a style=\"color: #2acec2;\" href=\"https:\/\/www.myvize.com.tr\/cin\/cin-vizesi\/\" target=\"_blank\" rel=\"noopener\">\u00c7in vizesi<\/a><\/strong><\/span> talebi s\u0131ras\u0131nda haz\u0131rlaman\u0131z gereken en \u00f6nemli belgedir. Bu belge \u00c7in Konsolosluklar\u0131n\u0131n ba\u015fvuru sahibini daha iyi tan\u0131mas\u0131n\u0131 sa\u011flamaktad\u0131r. Bundan dolay\u0131 bu forma yaz\u0131lan bilgilerin do\u011fru ve hatas\u0131z olmas\u0131 gerekmektedir. Bu form,<strong> vize ba\u015fvurusu<\/strong> s\u0131ras\u0131nda teslim edilen di\u011fer belgeler ile kar\u015f\u0131la\u015ft\u0131r\u0131lmaktad\u0131r. Bilgiler aras\u0131nda yanan en ufak uyu\u015fmazl\u0131kta vize ba\u015fvurunuz reddedilmektedir.<\/span><\/p>\n<p><span style=\"font-family: Roboto; font-size: 14px;\">Form \u0130ngilizce ya da \u00c7ince olarak b\u00fcy\u00fck harfler ile doldurulmal\u0131d\u0131r. Bilgiler doldurulurken \u00e7ok dikkatli olunmal\u0131d\u0131r. <strong>\u00c7in konsoloslu\u011fu<\/strong> vize ba\u015fvurusunu incelerken, bir sahtecilik yapt\u0131\u011f\u0131n\u0131zdan \u015f\u00fcphelenilirse, yetkililer sizden \u015fikayet\u00e7i olabilir. Formun uluslararas\u0131 ge\u00e7erlili\u011fi bulunmaktad\u0131r ve resmi bir belgedir. <strong>\u00c7in vize ba\u015fvuru formu<\/strong> 7 b\u00f6l\u00fcmden olu\u015fmaktad\u0131r.<\/span><\/p>\n<p><span style=\"font-family: Roboto; font-size: 14px;\"><strong>1. B\u00f6l\u00fcm: Ki\u015fisel Bilgiler:\u00a0<\/strong>\u0130sim, soyisim, cinsiyet, do\u011fum tarihi, vatanda\u015fl\u0131\u011f\u0131n\u0131z, var ise di\u011fer vatanda\u015fl\u0131\u011f\u0131n\u0131z, vatanda\u015fl\u0131k numaralar\u0131, medeni haliniz, meslek durumunuz, pasaport t\u00fcr\u00fcn\u00fcz, pasaport numaran\u0131z, pasaport tarihleri gibi bilgiler yer almaktad\u0131r.<\/span><\/p>\n<p><span style=\"font-family: Roboto; font-size: 14px;\"><strong>2. B\u00f6l\u00fcm: Seyahat Bilgileri:\u00a0<\/strong>\u00c7in\u2019e gidi\u015f amac\u0131n\u0131z, planlanan giri\u015f tarihi, \u00c7in\u2019de kalaca\u011f\u0131n\u0131z s\u00fcreler, \u00c7in\u2019de kalmay\u0131 planlad\u0131\u011f\u0131n\u0131z s\u00fcreler, ula\u015f\u0131m ve konaklama bilgileri, davetiye, davet eden ki\u015filerin kimlik ve adres bilgileri yer almaktad\u0131r.<\/span><\/p>\n<p><span style=\"font-family: Roboto; font-size: 14px;\"><strong>3. B\u00f6l\u00fcm: Aile, \u0130\u015f ve Okul Bilgileri:\u00a0<\/strong>Ev adresi, ev ve cep telefonu, i\u015fyeri yeri adresi, e\u011fitim durumu, aile \u00fcyelerinin ad\u0131, vatanda\u015fl\u0131\u011f\u0131, mesle\u011fi ve adresi gibi bilgiler yer almaktad\u0131r.<\/span><\/p>\n<p><span style=\"font-family: Roboto; font-size: 14px;\"><strong>4. B\u00f6l\u00fcm: Di\u011fer Bilgiler:\u00a0<\/strong>Daha \u00f6nce \u00c7in\u2019e seyahat ettiyseniz vize bilgileri, son 12 ayda yap\u0131lan yurtd\u0131\u015f\u0131 seyahatleri, daha \u00f6nce \u00c7in\u2019e seyahat yap\u0131ld\u0131ysa bunun hakk\u0131ndaki sorular.<\/span><\/p>\n<p><span style=\"font-family: Roboto; font-size: 14px;\"><strong>5. B\u00f6l\u00fcm: \u0130lgili A\u00e7\u0131klama:\u00a0<\/strong>Ba\u015fvuru hakk\u0131nda farkl\u0131 bilgi vermek istiyorsan\u0131z bu b\u00f6l\u00fcme yazabilirsiniz.<\/span><\/p>\n<p><span style=\"font-family: Roboto; font-size: 14px;\"><strong>6. B\u00f6l\u00fcm: \u0130mza:\u00a0<\/strong>Bu b\u00f6l\u00fcmde imza at\u0131lmal\u0131 ve bilgilerin do\u011frulu\u011fu kabul edilmelidir. Bunun yan\u0131nda \u00fclkeden vize bitiminden \u00f6nce \u00e7\u0131kaca\u011f\u0131n\u0131z\u0131 ve seyahat masraflar\u0131n\u0131z\u0131 kar\u015f\u0131layaca\u011f\u0131n\u0131z\u0131 kabul etmi\u015f olursunuz.<\/span><\/p>\n<p><span style=\"font-family: Roboto; font-size: 14px;\"><strong>7. B\u00f6l\u00fcm: Vekalet: \u00a0<\/strong>Ba\u015fvuru vekil arac\u0131l\u0131\u011f\u0131 ile yap\u0131l\u0131yorsa doldurulmal\u0131d\u0131r.<\/span><\/p>\n<p><span style=\"font-family: Roboto; font-size: 14px;\"><span style=\"color: #2acec2;\"><strong><a style=\"color: #2acec2;\" href=\"https:\/\/www.myvize.com.tr\/cin\/cin-vize-reddi\/\" target=\"_blank\" rel=\"noopener\">\u00c7in Vize Reddi <\/a><\/strong><\/span>ile ilgili bilgi almak i\u00e7in bizi aray\u0131n.<\/span><\/p>\n<h2><span style=\"font-family: Roboto; font-size: 27px;\"><strong>\u00c7in Vize Ba\u015fvuru Formu Hakk\u0131nda<\/strong><\/span><\/h2>\n<p><span style=\"font-family: Roboto; font-size: 14px;\"><strong>\u00c7in vize ba\u015fvuru formu\u00a0<\/strong>\u00c7in\u2019e gitmek i\u00e7in yap\u0131lacak vize ba\u015fvurusu s\u0131ras\u0131nda gereklidir ve bu formunda vize i\u00e7in gerekli evraklar teslim edildi\u011finde g\u00f6revliye teslim edilmesi gerekir. Bu formu doldurmayan veya ba\u015fvuru esnas\u0131nda forma sahip olmayan vatanda\u015flar\u0131n vize ba\u015fvurular\u0131 ge\u00e7ersiz say\u0131l\u0131r. <strong>\u00c7in vize ba\u015fvuru talep formu<\/strong> olmayan vatanda\u015flar i\u00e7in<strong> \u00c7in vizesi<\/strong> almak son derece zordur.<strong> \u00c7in seyahati<\/strong> i\u00e7in gerekli olacak vizeyi alman\u0131n \u00f6nemli bir yolu olan vize ba\u015fvuru formunun konsolosluk taraf\u0131ndan imzalanm\u0131\u015f olmas\u0131 zorunludur.<\/span><\/p>\n<p><span style=\"font-family: Roboto; font-size: 14px;\">Vize ba\u015fvurular\u0131nda talep edilen belgeler aras\u0131nda en \u00f6nemli evrak vize ba\u015fvuru formudur. Vize ba\u015fvuru formuna sahip olman\u0131n tek yolu konsolosluklard\u0131r. <strong>\u00c7in Konsoloslu\u011fu<\/strong> ya da yetki sahibi olan vize acenteleri ile ileti\u015fime ge\u00e7en vatanda\u015flar bu kurumlardan vize ba\u015fvuru talep formuna rahatl\u0131kla sahip olabilir.<\/span><\/p>\n<p><span style=\"font-family: Roboto; font-size: 14px;\"><strong>\u00c7in Vize ba\u015fvuru<\/strong> talep formunun ge\u00e7erli olabilmesi i\u00e7in form i\u00e7erisinde yer alan b\u00fct\u00fcn bilgilerin ger\u00e7e\u011fi yans\u0131tmas\u0131 gerekir. Ayn\u0131 \u015fekilde form i\u00e7erisinde bulunan b\u00fct\u00fcn alanlar\u0131n da doldurulmas\u0131 zorunludur.\u00a0 Formda eksik ya da yanl\u0131\u015f bilgi yer almas\u0131 durumunda vatanda\u015flar\u0131n vize ba\u015fvurular\u0131 ge\u00e7ersiz say\u0131l\u0131r ya da ba\u015fvurular\u0131 olumsuz olarak sonu\u00e7lan\u0131r.<\/span><\/p>\n","protected":false},"excerpt":{"rendered":"<p>\u00c7in Vize Ba\u015fvuru Formu 2022 \u00c7in vize ba\u015fvuru formu, \u00c7in vizesi talebi s\u0131ras\u0131nda haz\u0131rlaman\u0131z gereken en \u00f6nemli belgedir. Bu belge \u00c7in Konsolosluklar\u0131n\u0131n ba\u015fvuru sahibini daha iyi tan\u0131mas\u0131n\u0131 sa\u011flamaktad\u0131r. Bundan dolay\u0131 bu forma yaz\u0131lan bilgilerin do\u011fru ve hatas\u0131z olmas\u0131 gerekmektedir. Bu form, vize ba\u015fvurusu s\u0131ras\u0131nda teslim edilen di\u011fer belgeler ile kar\u015f\u0131la\u015ft\u0131r\u0131lmaktad\u0131r. Bilgiler aras\u0131nda yanan en ufak<\/p>\n","protected":false},"author":1,"featured_media":0,"parent":167,"menu_order":0,"comment_status":"open","ping_status":"closed","template":"","meta":{"footnotes":""},"class_list":["post-175","page","type-page","status-publish","hentry"],"yoast_head":"<!-- This site is optimized with the Yoast SEO plugin v26.8 - https:\/\/yoast.com\/product\/yoast-seo-wordpress\/ -->\n<title>\u00c7in Vize Ba\u015fvuru Formu - MyVize Vize Ba\u015fvuru Merkezi<\/title>\n<meta name=\"description\" content=\"\u00c7in vize ba\u015fvuru formunda dikkat edilmesi gerekenler. \u00c7in vize ba\u015fvuru formu \u00f6rnekleri ve g\u00f6rsel anlat\u0131mlar\u0131.\" \/>\n<meta name=\"robots\" content=\"index, follow, max-snippet:-1, max-image-preview:large, max-video-preview:-1\" \/>\n<link rel=\"canonical\" href=\"https:\/\/www.myvize.com.tr\/cin\/form-ve-dilekce\/vize-basvuru-formu\/\" \/>\n<meta property=\"og:locale\" content=\"tr_TR\" \/>\n<meta property=\"og:type\" content=\"article\" \/>\n<meta property=\"og:title\" content=\"\u00c7in Vize Ba\u015fvuru Formu - MyVize Vize Ba\u015fvuru Merkezi\" \/>\n<meta property=\"og:description\" content=\"\u00c7in vize ba\u015fvuru formunda dikkat edilmesi gerekenler. \u00c7in vize ba\u015fvuru formu \u00f6rnekleri ve g\u00f6rsel anlat\u0131mlar\u0131.\" \/>\n<meta property=\"og:url\" content=\"https:\/\/www.myvize.com.tr\/cin\/form-ve-dilekce\/vize-basvuru-formu\/\" \/>\n<meta property=\"og:site_name\" content=\"\u00c7in Vizesi\" \/>\n<meta property=\"article:modified_time\" content=\"2022-04-04T10:51:10+00:00\" \/>\n<meta name=\"twitter:card\" content=\"summary_large_image\" \/>\n<meta name=\"twitter:label1\" content=\"Tahmini okuma s\u00fcresi\" \/>\n\t<meta name=\"twitter:data1\" content=\"3 dakika\" \/>\n<script type=\"application\/ld+json\" class=\"yoast-schema-graph\">{\"@context\":\"https:\/\/schema.org\",\"@graph\":[{\"@type\":\"WebPage\",\"@id\":\"https:\/\/www.myvize.com.tr\/cin\/form-ve-dilekce\/vize-basvuru-formu\/\",\"url\":\"https:\/\/www.myvize.com.tr\/cin\/form-ve-dilekce\/vize-basvuru-formu\/\",\"name\":\"\u00c7in Vize Ba\u015fvuru Formu - MyVize Vize Ba\u015fvuru Merkezi\",\"isPartOf\":{\"@id\":\"https:\/\/www.myvize.com.tr\/cin\/#website\"},\"datePublished\":\"2020-12-24T10:13:11+00:00\",\"dateModified\":\"2022-04-04T10:51:10+00:00\",\"description\":\"\u00c7in vize ba\u015fvuru formunda dikkat edilmesi gerekenler. \u00c7in vize ba\u015fvuru formu \u00f6rnekleri ve g\u00f6rsel anlat\u0131mlar\u0131.\",\"breadcrumb\":{\"@id\":\"https:\/\/www.myvize.com.tr\/cin\/form-ve-dilekce\/vize-basvuru-formu\/#breadcrumb\"},\"inLanguage\":\"tr\",\"potentialAction\":[{\"@type\":\"ReadAction\",\"target\":[\"https:\/\/www.myvize.com.tr\/cin\/form-ve-dilekce\/vize-basvuru-formu\/\"]}]},{\"@type\":\"BreadcrumbList\",\"@id\":\"https:\/\/www.myvize.com.tr\/cin\/form-ve-dilekce\/vize-basvuru-formu\/#breadcrumb\",\"itemListElement\":[{\"@type\":\"ListItem\",\"position\":1,\"name\":\"Anasayfa\",\"item\":\"https:\/\/www.myvize.com.tr\/cin\/\"},{\"@type\":\"ListItem\",\"position\":2,\"name\":\"FORM VE D\u0130LEK\u00c7E\",\"item\":\"https:\/\/www.myvize.com.tr\/cin\/form-ve-dilekce\/\"},{\"@type\":\"ListItem\",\"position\":3,\"name\":\"\u00c7in Vize Ba\u015fvuru Formu\"}]},{\"@type\":\"WebSite\",\"@id\":\"https:\/\/www.myvize.com.tr\/cin\/#website\",\"url\":\"https:\/\/www.myvize.com.tr\/cin\/\",\"name\":\"\u00c7in Vizesi\",\"description\":\"\",\"potentialAction\":[{\"@type\":\"SearchAction\",\"target\":{\"@type\":\"EntryPoint\",\"urlTemplate\":\"https:\/\/www.myvize.com.tr\/cin\/?s={search_term_string}\"},\"query-input\":{\"@type\":\"PropertyValueSpecification\",\"valueRequired\":true,\"valueName\":\"search_term_string\"}}],\"inLanguage\":\"tr\"}]}<\/script>\n<!-- \/ Yoast SEO plugin. -->","yoast_head_json":{"title":"\u00c7in Vize Ba\u015fvuru Formu - MyVize Vize Ba\u015fvuru Merkezi","description":"\u00c7in vize ba\u015fvuru formunda dikkat edilmesi gerekenler. \u00c7in vize ba\u015fvuru formu \u00f6rnekleri ve g\u00f6rsel anlat\u0131mlar\u0131.","robots":{"index":"index","follow":"follow","max-snippet":"max-snippet:-1","max-image-preview":"max-image-preview:large","max-video-preview":"max-video-preview:-1"},"canonical":"https:\/\/www.myvize.com.tr\/cin\/form-ve-dilekce\/vize-basvuru-formu\/","og_locale":"tr_TR","og_type":"article","og_title":"\u00c7in Vize Ba\u015fvuru Formu - MyVize Vize Ba\u015fvuru Merkezi","og_description":"\u00c7in vize ba\u015fvuru formunda dikkat edilmesi gerekenler. \u00c7in vize ba\u015fvuru formu \u00f6rnekleri ve g\u00f6rsel anlat\u0131mlar\u0131.","og_url":"https:\/\/www.myvize.com.tr\/cin\/form-ve-dilekce\/vize-basvuru-formu\/","og_site_name":"\u00c7in Vizesi","article_modified_time":"2022-04-04T10:51:10+00:00","twitter_card":"summary_large_image","twitter_misc":{"Tahmini okuma s\u00fcresi":"3 dakika"},"schema":{"@context":"https:\/\/schema.org","@graph":[{"@type":"WebPage","@id":"https:\/\/www.myvize.com.tr\/cin\/form-ve-dilekce\/vize-basvuru-formu\/","url":"https:\/\/www.myvize.com.tr\/cin\/form-ve-dilekce\/vize-basvuru-formu\/","name":"\u00c7in Vize Ba\u015fvuru Formu - MyVize Vize Ba\u015fvuru Merkezi","isPartOf":{"@id":"https:\/\/www.myvize.com.tr\/cin\/#website"},"datePublished":"2020-12-24T10:13:11+00:00","dateModified":"2022-04-04T10:51:10+00:00","description":"\u00c7in vize ba\u015fvuru formunda dikkat edilmesi gerekenler. \u00c7in vize ba\u015fvuru formu \u00f6rnekleri ve g\u00f6rsel anlat\u0131mlar\u0131.","breadcrumb":{"@id":"https:\/\/www.myvize.com.tr\/cin\/form-ve-dilekce\/vize-basvuru-formu\/#breadcrumb"},"inLanguage":"tr","potentialAction":[{"@type":"ReadAction","target":["https:\/\/www.myvize.com.tr\/cin\/form-ve-dilekce\/vize-basvuru-formu\/"]}]},{"@type":"BreadcrumbList","@id":"https:\/\/www.myvize.com.tr\/cin\/form-ve-dilekce\/vize-basvuru-formu\/#breadcrumb","itemListElement":[{"@type":"ListItem","position":1,"name":"Anasayfa","item":"https:\/\/www.myvize.com.tr\/cin\/"},{"@type":"ListItem","position":2,"name":"FORM VE D\u0130LEK\u00c7E","item":"https:\/\/www.myvize.com.tr\/cin\/form-ve-dilekce\/"},{"@type":"ListItem","position":3,"name":"\u00c7in Vize Ba\u015fvuru Formu"}]},{"@type":"WebSite","@id":"https:\/\/www.myvize.com.tr\/cin\/#website","url":"https:\/\/www.myvize.com.tr\/cin\/","name":"\u00c7in Vizesi","description":"","potentialAction":[{"@type":"SearchAction","target":{"@type":"EntryPoint","urlTemplate":"https:\/\/www.myvize.com.tr\/cin\/?s={search_term_string}"},"query-input":{"@type":"PropertyValueSpecification","valueRequired":true,"valueName":"search_term_string"}}],"inLanguage":"tr"}]}},"_links":{"self":[{"href":"https:\/\/www.myvize.com.tr\/cin\/wp-json\/wp\/v2\/pages\/175","targetHints":{"allow":["GET"]}}],"collection":[{"href":"https:\/\/www.myvize.com.tr\/cin\/wp-json\/wp\/v2\/pages"}],"about":[{"href":"https:\/\/www.myvize.com.tr\/cin\/wp-json\/wp\/v2\/types\/page"}],"author":[{"embeddable":true,"href":"https:\/\/www.myvize.com.tr\/cin\/wp-json\/wp\/v2\/users\/1"}],"replies":[{"embeddable":true,"href":"https:\/\/www.myvize.com.tr\/cin\/wp-json\/wp\/v2\/comments?post=175"}],"version-history":[{"count":5,"href":"https:\/\/www.myvize.com.tr\/cin\/wp-json\/wp\/v2\/pages\/175\/revisions"}],"predecessor-version":[{"id":760,"href":"https:\/\/www.myvize.com.tr\/cin\/wp-json\/wp\/v2\/pages\/175\/revisions\/760"}],"up":[{"embeddable":true,"href":"https:\/\/www.myvize.com.tr\/cin\/wp-json\/wp\/v2\/pages\/167"}],"wp:attachment":[{"href":"https:\/\/www.myvize.com.tr\/cin\/wp-json\/wp\/v2\/media?parent=175"}],"curies":[{"name":"wp","href":"https:\/\/api.w.org\/{rel}","templated":true}]}}