{"id":177,"date":"2020-12-24T13:13:32","date_gmt":"2020-12-24T10:13:32","guid":{"rendered":"https:\/\/www.myvize.com.tr\/cin\/?page_id=177"},"modified":"2022-04-04T13:51:39","modified_gmt":"2022-04-04T10:51:39","slug":"ticari-vize-dilekce-ornegi","status":"publish","type":"page","link":"https:\/\/www.myvize.com.tr\/cin\/form-ve-dilekce\/ticari-vize-dilekce-ornegi\/","title":{"rendered":"\u00c7in Ticari Vize Dilek\u00e7e \u00d6rne\u011fi"},"content":{"rendered":"<h2><span style=\"font-family: Roboto; font-size: 27px;\"><strong>\u00c7in Ticari Vize Dilek\u00e7e \u00d6rne\u011fi Hakk\u0131nda<\/strong><\/span><\/h2>\n<p><span style=\"font-family: Roboto; font-size: 14px;\"><strong>Ticari vize dilek\u00e7e \u00f6rne\u011fi\u00a0<\/strong>ba\u015fka bir \u00fclkeye seyahat edecek olan vatanda\u015flar\u0131n doldurmas\u0131 gereken formun bir \u00f6rne\u011fidir. \u00dclkeler aras\u0131 seyahatlerde bir\u00e7ok \u00fclke vatanda\u015flardan vize talebinde bulunur. Vize almak i\u00e7in gerekli belgeler aras\u0131nda ise<strong> vize talep formu<\/strong> yer almaktad\u0131r. Vize almay\u0131 kolayla\u015ft\u0131ran vize talep formunu as\u0131l olduraca\u011f\u0131n\u0131 bilemeyen vatanda\u015flar<strong> vize talep formu<\/strong> \u00f6rne\u011fi edinerek bu kaynak do\u011frultusunda do\u011fru \u015fekilde kendi vize talep formlar\u0131n\u0131 doldurabilir.<\/span><\/p>\n<p><span style=\"font-family: Roboto; font-size: 14px;\"><strong>Ticari vize talep formu<\/strong> ticari ama\u00e7 ile yap\u0131lacak \u00fclke seyahatleri i\u00e7in gerekli olan formdur. <strong>\u00c7in Vize ba\u015fvurusu<\/strong> i\u00e7in gerekli evraklar aras\u0131nda en \u00f6nemli yere sahip olan belge bu formdur.<span style=\"color: #2acec2;\"><strong><a style=\"color: #2acec2;\" href=\"https:\/\/www.myvize.com.tr\/cin\/vize-islemleri\/ticari-vize\/\" target=\"_blank\" rel=\"noopener\"> \u00c7in Ticari vize<\/a><\/strong><\/span> dilek\u00e7esini edinen vatanda\u015flar\u0131n bu formu eksiksiz ve do\u011fru bilgiler ile doldurmas\u0131 zorunludur. Formu eksiksiz olarak dolduran ve yine b\u00fct\u00fcn bilgilerin do\u011frulu\u011funu kan\u0131tlayan vatanda\u015flar\u0131n vize ba\u015fvurular\u0131 daha kolay sonu\u00e7lanmaktad\u0131r. Doldurulan<strong> ticari vize dilek\u00e7e<\/strong> \u00f6rne\u011finin yetkili konsolosluk taraf\u0131ndan imzalanarak doldurulmas\u0131 da zorunludur. <strong>Ticari vize dilek\u00e7esi<\/strong> ile birlikte vize i\u00e7in gerekli di\u011fer belgeleri de haz\u0131rlayan vatanda\u015flar konsolosluklar arac\u0131l\u0131\u011f\u0131 ile resmi olarak vize ba\u015fvuru s\u00fcrecini ba\u015flatabilirler.<\/span><\/p>\n","protected":false},"excerpt":{"rendered":"<p>\u00c7in Ticari Vize Dilek\u00e7e \u00d6rne\u011fi Hakk\u0131nda Ticari vize dilek\u00e7e \u00f6rne\u011fi\u00a0ba\u015fka bir \u00fclkeye seyahat edecek olan vatanda\u015flar\u0131n doldurmas\u0131 gereken formun bir \u00f6rne\u011fidir. \u00dclkeler aras\u0131 seyahatlerde bir\u00e7ok \u00fclke vatanda\u015flardan vize talebinde bulunur. Vize almak i\u00e7in gerekli belgeler aras\u0131nda ise vize talep formu yer almaktad\u0131r. Vize almay\u0131 kolayla\u015ft\u0131ran vize talep formunu as\u0131l olduraca\u011f\u0131n\u0131 bilemeyen vatanda\u015flar vize talep formu<\/p>\n","protected":false},"author":1,"featured_media":0,"parent":167,"menu_order":0,"comment_status":"open","ping_status":"closed","template":"","meta":{"footnotes":""},"class_list":["post-177","page","type-page","status-publish","hentry"],"yoast_head":"<!-- This site is optimized with the Yoast SEO plugin v26.8 - https:\/\/yoast.com\/product\/yoast-seo-wordpress\/ -->\n<title>\u00c7in Ticari Vize Dilek\u00e7e \u00d6rne\u011fi - \u00c7in Vize Ba\u015fvurusu - MyVize<\/title>\n<meta name=\"description\" content=\"\u00c7in ticari vize dilek\u00e7e \u00f6rnekleri g\u00fcncel 2021 \u00f6rnekleri. \u00c7in ticari vize dilek\u00e7e yaz\u0131l\u0131rken ve istekte bulunurken dikkat edilmesi gerekenler.\" \/>\n<meta name=\"robots\" content=\"index, follow, max-snippet:-1, max-image-preview:large, max-video-preview:-1\" \/>\n<link rel=\"canonical\" href=\"https:\/\/www.myvize.com.tr\/cin\/form-ve-dilekce\/ticari-vize-dilekce-ornegi\/\" \/>\n<meta property=\"og:locale\" content=\"tr_TR\" \/>\n<meta property=\"og:type\" content=\"article\" \/>\n<meta property=\"og:title\" content=\"\u00c7in Ticari Vize Dilek\u00e7e \u00d6rne\u011fi - \u00c7in Vize Ba\u015fvurusu - MyVize\" \/>\n<meta property=\"og:description\" content=\"\u00c7in ticari vize dilek\u00e7e \u00f6rnekleri g\u00fcncel 2021 \u00f6rnekleri. \u00c7in ticari vize dilek\u00e7e yaz\u0131l\u0131rken ve istekte bulunurken dikkat edilmesi gerekenler.\" \/>\n<meta property=\"og:url\" content=\"https:\/\/www.myvize.com.tr\/cin\/form-ve-dilekce\/ticari-vize-dilekce-ornegi\/\" \/>\n<meta property=\"og:site_name\" content=\"\u00c7in Vizesi\" \/>\n<meta property=\"article:modified_time\" content=\"2022-04-04T10:51:39+00:00\" \/>\n<meta name=\"twitter:card\" content=\"summary_large_image\" \/>\n<meta name=\"twitter:label1\" content=\"Tahmini okuma s\u00fcresi\" \/>\n\t<meta name=\"twitter:data1\" content=\"1 dakika\" \/>\n<script type=\"application\/ld+json\" class=\"yoast-schema-graph\">{\"@context\":\"https:\/\/schema.org\",\"@graph\":[{\"@type\":\"WebPage\",\"@id\":\"https:\/\/www.myvize.com.tr\/cin\/form-ve-dilekce\/ticari-vize-dilekce-ornegi\/\",\"url\":\"https:\/\/www.myvize.com.tr\/cin\/form-ve-dilekce\/ticari-vize-dilekce-ornegi\/\",\"name\":\"\u00c7in Ticari Vize Dilek\u00e7e \u00d6rne\u011fi - \u00c7in Vize Ba\u015fvurusu - MyVize\",\"isPartOf\":{\"@id\":\"https:\/\/www.myvize.com.tr\/cin\/#website\"},\"datePublished\":\"2020-12-24T10:13:32+00:00\",\"dateModified\":\"2022-04-04T10:51:39+00:00\",\"description\":\"\u00c7in ticari vize dilek\u00e7e \u00f6rnekleri g\u00fcncel 2021 \u00f6rnekleri. \u00c7in ticari vize dilek\u00e7e yaz\u0131l\u0131rken ve istekte bulunurken dikkat edilmesi gerekenler.\",\"breadcrumb\":{\"@id\":\"https:\/\/www.myvize.com.tr\/cin\/form-ve-dilekce\/ticari-vize-dilekce-ornegi\/#breadcrumb\"},\"inLanguage\":\"tr\",\"potentialAction\":[{\"@type\":\"ReadAction\",\"target\":[\"https:\/\/www.myvize.com.tr\/cin\/form-ve-dilekce\/ticari-vize-dilekce-ornegi\/\"]}]},{\"@type\":\"BreadcrumbList\",\"@id\":\"https:\/\/www.myvize.com.tr\/cin\/form-ve-dilekce\/ticari-vize-dilekce-ornegi\/#breadcrumb\",\"itemListElement\":[{\"@type\":\"ListItem\",\"position\":1,\"name\":\"Anasayfa\",\"item\":\"https:\/\/www.myvize.com.tr\/cin\/\"},{\"@type\":\"ListItem\",\"position\":2,\"name\":\"FORM VE D\u0130LEK\u00c7E\",\"item\":\"https:\/\/www.myvize.com.tr\/cin\/form-ve-dilekce\/\"},{\"@type\":\"ListItem\",\"position\":3,\"name\":\"\u00c7in Ticari Vize Dilek\u00e7e \u00d6rne\u011fi\"}]},{\"@type\":\"WebSite\",\"@id\":\"https:\/\/www.myvize.com.tr\/cin\/#website\",\"url\":\"https:\/\/www.myvize.com.tr\/cin\/\",\"name\":\"\u00c7in Vizesi\",\"description\":\"\",\"potentialAction\":[{\"@type\":\"SearchAction\",\"target\":{\"@type\":\"EntryPoint\",\"urlTemplate\":\"https:\/\/www.myvize.com.tr\/cin\/?s={search_term_string}\"},\"query-input\":{\"@type\":\"PropertyValueSpecification\",\"valueRequired\":true,\"valueName\":\"search_term_string\"}}],\"inLanguage\":\"tr\"}]}<\/script>\n<!-- \/ Yoast SEO plugin. -->","yoast_head_json":{"title":"\u00c7in Ticari Vize Dilek\u00e7e \u00d6rne\u011fi - \u00c7in Vize Ba\u015fvurusu - MyVize","description":"\u00c7in ticari vize dilek\u00e7e \u00f6rnekleri g\u00fcncel 2021 \u00f6rnekleri. \u00c7in ticari vize dilek\u00e7e yaz\u0131l\u0131rken ve istekte bulunurken dikkat edilmesi gerekenler.","robots":{"index":"index","follow":"follow","max-snippet":"max-snippet:-1","max-image-preview":"max-image-preview:large","max-video-preview":"max-video-preview:-1"},"canonical":"https:\/\/www.myvize.com.tr\/cin\/form-ve-dilekce\/ticari-vize-dilekce-ornegi\/","og_locale":"tr_TR","og_type":"article","og_title":"\u00c7in Ticari Vize Dilek\u00e7e \u00d6rne\u011fi - \u00c7in Vize Ba\u015fvurusu - MyVize","og_description":"\u00c7in ticari vize dilek\u00e7e \u00f6rnekleri g\u00fcncel 2021 \u00f6rnekleri. \u00c7in ticari vize dilek\u00e7e yaz\u0131l\u0131rken ve istekte bulunurken dikkat edilmesi gerekenler.","og_url":"https:\/\/www.myvize.com.tr\/cin\/form-ve-dilekce\/ticari-vize-dilekce-ornegi\/","og_site_name":"\u00c7in Vizesi","article_modified_time":"2022-04-04T10:51:39+00:00","twitter_card":"summary_large_image","twitter_misc":{"Tahmini okuma s\u00fcresi":"1 dakika"},"schema":{"@context":"https:\/\/schema.org","@graph":[{"@type":"WebPage","@id":"https:\/\/www.myvize.com.tr\/cin\/form-ve-dilekce\/ticari-vize-dilekce-ornegi\/","url":"https:\/\/www.myvize.com.tr\/cin\/form-ve-dilekce\/ticari-vize-dilekce-ornegi\/","name":"\u00c7in Ticari Vize Dilek\u00e7e \u00d6rne\u011fi - \u00c7in Vize Ba\u015fvurusu - MyVize","isPartOf":{"@id":"https:\/\/www.myvize.com.tr\/cin\/#website"},"datePublished":"2020-12-24T10:13:32+00:00","dateModified":"2022-04-04T10:51:39+00:00","description":"\u00c7in ticari vize dilek\u00e7e \u00f6rnekleri g\u00fcncel 2021 \u00f6rnekleri. \u00c7in ticari vize dilek\u00e7e yaz\u0131l\u0131rken ve istekte bulunurken dikkat edilmesi gerekenler.","breadcrumb":{"@id":"https:\/\/www.myvize.com.tr\/cin\/form-ve-dilekce\/ticari-vize-dilekce-ornegi\/#breadcrumb"},"inLanguage":"tr","potentialAction":[{"@type":"ReadAction","target":["https:\/\/www.myvize.com.tr\/cin\/form-ve-dilekce\/ticari-vize-dilekce-ornegi\/"]}]},{"@type":"BreadcrumbList","@id":"https:\/\/www.myvize.com.tr\/cin\/form-ve-dilekce\/ticari-vize-dilekce-ornegi\/#breadcrumb","itemListElement":[{"@type":"ListItem","position":1,"name":"Anasayfa","item":"https:\/\/www.myvize.com.tr\/cin\/"},{"@type":"ListItem","position":2,"name":"FORM VE D\u0130LEK\u00c7E","item":"https:\/\/www.myvize.com.tr\/cin\/form-ve-dilekce\/"},{"@type":"ListItem","position":3,"name":"\u00c7in Ticari Vize Dilek\u00e7e \u00d6rne\u011fi"}]},{"@type":"WebSite","@id":"https:\/\/www.myvize.com.tr\/cin\/#website","url":"https:\/\/www.myvize.com.tr\/cin\/","name":"\u00c7in Vizesi","description":"","potentialAction":[{"@type":"SearchAction","target":{"@type":"EntryPoint","urlTemplate":"https:\/\/www.myvize.com.tr\/cin\/?s={search_term_string}"},"query-input":{"@type":"PropertyValueSpecification","valueRequired":true,"valueName":"search_term_string"}}],"inLanguage":"tr"}]}},"_links":{"self":[{"href":"https:\/\/www.myvize.com.tr\/cin\/wp-json\/wp\/v2\/pages\/177","targetHints":{"allow":["GET"]}}],"collection":[{"href":"https:\/\/www.myvize.com.tr\/cin\/wp-json\/wp\/v2\/pages"}],"about":[{"href":"https:\/\/www.myvize.com.tr\/cin\/wp-json\/wp\/v2\/types\/page"}],"author":[{"embeddable":true,"href":"https:\/\/www.myvize.com.tr\/cin\/wp-json\/wp\/v2\/users\/1"}],"replies":[{"embeddable":true,"href":"https:\/\/www.myvize.com.tr\/cin\/wp-json\/wp\/v2\/comments?post=177"}],"version-history":[{"count":3,"href":"https:\/\/www.myvize.com.tr\/cin\/wp-json\/wp\/v2\/pages\/177\/revisions"}],"predecessor-version":[{"id":595,"href":"https:\/\/www.myvize.com.tr\/cin\/wp-json\/wp\/v2\/pages\/177\/revisions\/595"}],"up":[{"embeddable":true,"href":"https:\/\/www.myvize.com.tr\/cin\/wp-json\/wp\/v2\/pages\/167"}],"wp:attachment":[{"href":"https:\/\/www.myvize.com.tr\/cin\/wp-json\/wp\/v2\/media?parent=177"}],"curies":[{"name":"wp","href":"https:\/\/api.w.org\/{rel}","templated":true}]}}