{"id":18,"date":"2020-11-30T08:50:13","date_gmt":"2020-11-30T05:50:13","guid":{"rendered":"https:\/\/www.myvize.com.tr\/cin\/?page_id=18"},"modified":"2022-04-04T13:26:06","modified_gmt":"2022-04-04T10:26:06","slug":"vize-islemleri","status":"publish","type":"page","link":"https:\/\/www.myvize.com.tr\/cin\/vize-islemleri\/","title":{"rendered":"V\u0130ZE \u0130\u015eLEMLER\u0130"},"content":{"rendered":"<h2><span style=\"font-family: Roboto; font-size: 27px;\"><strong>\u00c7in Vize \u0130\u015flemleri<\/strong><\/span><\/h2>\n<p><span style=\"font-family: Roboto; font-size: 14px;\">G\u00fcn\u00fcm\u00fczde <strong>\u00c7in \u00fclkesi<\/strong> olduk\u00e7a g\u00fcndemde olan \u00fclkeler aras\u0131ndad\u0131r. Bu \u00fclkeye seyahat etmek isteyen ki\u015filerin mutlaka zaman\u0131nda vize i\u015flemlerini tamamlamas\u0131 gerekiyor. \u00c7in\u2019e seyahat edebilmek i\u00e7in vize i\u015flemlerinizde tek giri\u015f, \u00e7ift giri\u015f ve multiple giri\u015f vizesi alabilirsiniz. Bu vizeler de en az 2 ay i\u00e7erisinde sonu\u00e7lanmaktad\u0131r. Geriye d\u00f6n\u00fc\u015f ve \u00e7\u0131k\u0131\u015f g\u00f6z \u00f6n\u00fcnde bulundurulmadan hemen herkes <strong>\u00c7in vize ba\u015fvurusu<\/strong> yapabilme \u015fans\u0131na sahip olmaktad\u0131r. Bu s\u00fcrede sizlerden istenilen evraklar i\u00e7erisinde \u015funlar bulunmal\u0131d\u0131r:<\/span><\/p>\n<ul>\n<li><span style=\"font-family: Roboto; font-size: 14px;\">Seyahat bittikten sonra en az 6 ay daha ge\u00e7erli olan ve iki bo\u015f sayfas\u0131 olan pasaport<\/span><\/li>\n<li><span style=\"font-family: Roboto; font-size: 14px;\">Davetiye<\/span><\/li>\n<li><span style=\"font-family: Roboto; font-size: 14px;\">Kimlik belgesinin fotokopisi<\/span><\/li>\n<li><span style=\"font-family: Roboto; font-size: 14px;\">\u0130ki tane foto\u011fraf (g\u00f6zl\u00fcks\u00fcz arka fon beyaz olmal\u0131)<\/span><\/li>\n<li><span style=\"font-family: Roboto; font-size: 14px;\">\u015eirket ve \u00e7al\u0131\u015fma bilgileri<\/span><\/li>\n<li><span style=\"font-family: Roboto; font-size: 14px;\">Finansal durumu g\u00f6steren belgeler<\/span><\/li>\n<li><span style=\"font-family: Roboto; font-size: 14px;\">Tam vukuatl\u0131 n\u00fcfus kay\u0131t \u00f6rne\u011fi<\/span><\/li>\n<li><span style=\"font-family: Roboto; font-size: 14px;\">SGK hizmet d\u00f6k\u00fcmleri<\/span><\/li>\n<li><span style=\"font-family: Roboto; font-size: 14px;\">Seyahat belgeleri<\/span><\/li>\n<li><span style=\"font-family: Roboto; font-size: 14px;\">Konaklama bilgiler<\/span><\/li>\n<\/ul>\n<p><span style=\"font-family: Roboto; font-size: 14px;\">Gibi bir\u00e7ok belge haz\u0131rlanmaktad\u0131r. Bu belgelerin detayl\u0131 olarak haz\u0131rlanmas\u0131 sonras\u0131nda ilgili bankalara gerekli olan \u00fccretleri de yat\u0131rmal\u0131s\u0131n\u0131z. Bu <strong>para yat\u0131rma i\u015flemi<\/strong> sonras\u0131nda bankalardan sizlere dekont verilmektedir. Dekontlar\u0131n\u0131z\u0131n da dosyada bulunmas\u0131 gerekiyor. Belgelerinizi daha sonra kurumlara teslim edebilirsiniz.<\/span><\/p>\n<p><span style=\"font-family: Roboto; font-size: 14px;\"><span style=\"color: #2acec2;\"><strong><a style=\"color: #2acec2;\" href=\"https:\/\/www.myvize.com.tr\/cin\/cin-vize-randevusu\/\" target=\"_blank\" rel=\"noopener\">\u00c7in Vize Randevusu <\/a><\/strong><\/span>ile ilgili bilgi almak i\u00e7in bizi aray\u0131n\u0131z.<\/span><\/p>\n<p><img decoding=\"async\" src=\"https:\/\/www.myvize.com.tr\/cin\/wp-content\/uploads\/2021\/10\/2.jpg\" \/><\/p>\n","protected":false},"excerpt":{"rendered":"<p>\u00c7in Vize \u0130\u015flemleri G\u00fcn\u00fcm\u00fczde \u00c7in \u00fclkesi olduk\u00e7a g\u00fcndemde olan \u00fclkeler aras\u0131ndad\u0131r. Bu \u00fclkeye seyahat etmek isteyen ki\u015filerin mutlaka zaman\u0131nda vize i\u015flemlerini tamamlamas\u0131 gerekiyor. \u00c7in\u2019e seyahat edebilmek i\u00e7in vize i\u015flemlerinizde tek giri\u015f, \u00e7ift giri\u015f ve multiple giri\u015f vizesi alabilirsiniz. Bu vizeler de en az 2 ay i\u00e7erisinde sonu\u00e7lanmaktad\u0131r. Geriye d\u00f6n\u00fc\u015f ve \u00e7\u0131k\u0131\u015f g\u00f6z \u00f6n\u00fcnde bulundurulmadan hemen<\/p>\n","protected":false},"author":1,"featured_media":0,"parent":0,"menu_order":0,"comment_status":"open","ping_status":"closed","template":"","meta":{"footnotes":""},"class_list":["post-18","page","type-page","status-publish","hentry"],"yoast_head":"<!-- This site is optimized with the Yoast SEO plugin v26.8 - https:\/\/yoast.com\/product\/yoast-seo-wordpress\/ -->\n<title>\u00c7in Vize \u0130\u015flemleri - My Vize Profesyonel Vize Hizmetleri<\/title>\n<meta name=\"description\" content=\"\u00c7in vize i\u015flemleri nas\u0131l yap\u0131l\u0131r? \u00c7in vize i\u015flemleri gerekli evrak listesi 2021. \u00c7in vize i\u015flemleri \u00fccretleri. \u00c7in vize i\u015flemleri detayl\u0131 bilgi.\" \/>\n<meta name=\"robots\" content=\"index, follow, max-snippet:-1, max-image-preview:large, max-video-preview:-1\" \/>\n<link rel=\"canonical\" href=\"https:\/\/www.myvize.com.tr\/cin\/vize-islemleri\/\" \/>\n<meta property=\"og:locale\" content=\"tr_TR\" \/>\n<meta property=\"og:type\" content=\"article\" \/>\n<meta property=\"og:title\" content=\"\u00c7in Vize \u0130\u015flemleri - My Vize Profesyonel Vize Hizmetleri\" \/>\n<meta property=\"og:description\" content=\"\u00c7in vize i\u015flemleri nas\u0131l yap\u0131l\u0131r? \u00c7in vize i\u015flemleri gerekli evrak listesi 2021. \u00c7in vize i\u015flemleri \u00fccretleri. \u00c7in vize i\u015flemleri detayl\u0131 bilgi.\" \/>\n<meta property=\"og:url\" content=\"https:\/\/www.myvize.com.tr\/cin\/vize-islemleri\/\" \/>\n<meta property=\"og:site_name\" content=\"\u00c7in Vizesi\" \/>\n<meta property=\"article:modified_time\" content=\"2022-04-04T10:26:06+00:00\" \/>\n<meta property=\"og:image\" content=\"https:\/\/www.myvize.com.tr\/cin\/wp-content\/uploads\/2021\/10\/2.jpg\" \/>\n<meta name=\"twitter:card\" content=\"summary_large_image\" \/>\n<meta name=\"twitter:label1\" content=\"Tahmini okuma s\u00fcresi\" \/>\n\t<meta name=\"twitter:data1\" content=\"1 dakika\" \/>\n<script type=\"application\/ld+json\" class=\"yoast-schema-graph\">{\"@context\":\"https:\/\/schema.org\",\"@graph\":[{\"@type\":\"WebPage\",\"@id\":\"https:\/\/www.myvize.com.tr\/cin\/vize-islemleri\/\",\"url\":\"https:\/\/www.myvize.com.tr\/cin\/vize-islemleri\/\",\"name\":\"\u00c7in Vize \u0130\u015flemleri - My Vize Profesyonel Vize Hizmetleri\",\"isPartOf\":{\"@id\":\"https:\/\/www.myvize.com.tr\/cin\/#website\"},\"primaryImageOfPage\":{\"@id\":\"https:\/\/www.myvize.com.tr\/cin\/vize-islemleri\/#primaryimage\"},\"image\":{\"@id\":\"https:\/\/www.myvize.com.tr\/cin\/vize-islemleri\/#primaryimage\"},\"thumbnailUrl\":\"https:\/\/www.myvize.com.tr\/cin\/wp-content\/uploads\/2021\/10\/2.jpg\",\"datePublished\":\"2020-11-30T05:50:13+00:00\",\"dateModified\":\"2022-04-04T10:26:06+00:00\",\"description\":\"\u00c7in vize i\u015flemleri nas\u0131l yap\u0131l\u0131r? \u00c7in vize i\u015flemleri gerekli evrak listesi 2021. \u00c7in vize i\u015flemleri \u00fccretleri. \u00c7in vize i\u015flemleri detayl\u0131 bilgi.\",\"breadcrumb\":{\"@id\":\"https:\/\/www.myvize.com.tr\/cin\/vize-islemleri\/#breadcrumb\"},\"inLanguage\":\"tr\",\"potentialAction\":[{\"@type\":\"ReadAction\",\"target\":[\"https:\/\/www.myvize.com.tr\/cin\/vize-islemleri\/\"]}]},{\"@type\":\"ImageObject\",\"inLanguage\":\"tr\",\"@id\":\"https:\/\/www.myvize.com.tr\/cin\/vize-islemleri\/#primaryimage\",\"url\":\"https:\/\/www.myvize.com.tr\/cin\/wp-content\/uploads\/2021\/10\/2.jpg\",\"contentUrl\":\"https:\/\/www.myvize.com.tr\/cin\/wp-content\/uploads\/2021\/10\/2.jpg\",\"width\":800,\"height\":500,\"caption\":\"\u00c7in Vize \u0130\u015flemleri\"},{\"@type\":\"BreadcrumbList\",\"@id\":\"https:\/\/www.myvize.com.tr\/cin\/vize-islemleri\/#breadcrumb\",\"itemListElement\":[{\"@type\":\"ListItem\",\"position\":1,\"name\":\"Anasayfa\",\"item\":\"https:\/\/www.myvize.com.tr\/cin\/\"},{\"@type\":\"ListItem\",\"position\":2,\"name\":\"V\u0130ZE \u0130\u015eLEMLER\u0130\"}]},{\"@type\":\"WebSite\",\"@id\":\"https:\/\/www.myvize.com.tr\/cin\/#website\",\"url\":\"https:\/\/www.myvize.com.tr\/cin\/\",\"name\":\"\u00c7in Vizesi\",\"description\":\"\",\"potentialAction\":[{\"@type\":\"SearchAction\",\"target\":{\"@type\":\"EntryPoint\",\"urlTemplate\":\"https:\/\/www.myvize.com.tr\/cin\/?s={search_term_string}\"},\"query-input\":{\"@type\":\"PropertyValueSpecification\",\"valueRequired\":true,\"valueName\":\"search_term_string\"}}],\"inLanguage\":\"tr\"}]}<\/script>\n<!-- \/ Yoast SEO plugin. -->","yoast_head_json":{"title":"\u00c7in Vize \u0130\u015flemleri - My Vize Profesyonel Vize Hizmetleri","description":"\u00c7in vize i\u015flemleri nas\u0131l yap\u0131l\u0131r? \u00c7in vize i\u015flemleri gerekli evrak listesi 2021. \u00c7in vize i\u015flemleri \u00fccretleri. \u00c7in vize i\u015flemleri detayl\u0131 bilgi.","robots":{"index":"index","follow":"follow","max-snippet":"max-snippet:-1","max-image-preview":"max-image-preview:large","max-video-preview":"max-video-preview:-1"},"canonical":"https:\/\/www.myvize.com.tr\/cin\/vize-islemleri\/","og_locale":"tr_TR","og_type":"article","og_title":"\u00c7in Vize \u0130\u015flemleri - My Vize Profesyonel Vize Hizmetleri","og_description":"\u00c7in vize i\u015flemleri nas\u0131l yap\u0131l\u0131r? \u00c7in vize i\u015flemleri gerekli evrak listesi 2021. \u00c7in vize i\u015flemleri \u00fccretleri. \u00c7in vize i\u015flemleri detayl\u0131 bilgi.","og_url":"https:\/\/www.myvize.com.tr\/cin\/vize-islemleri\/","og_site_name":"\u00c7in Vizesi","article_modified_time":"2022-04-04T10:26:06+00:00","og_image":[{"url":"https:\/\/www.myvize.com.tr\/cin\/wp-content\/uploads\/2021\/10\/2.jpg","type":"","width":"","height":""}],"twitter_card":"summary_large_image","twitter_misc":{"Tahmini okuma s\u00fcresi":"1 dakika"},"schema":{"@context":"https:\/\/schema.org","@graph":[{"@type":"WebPage","@id":"https:\/\/www.myvize.com.tr\/cin\/vize-islemleri\/","url":"https:\/\/www.myvize.com.tr\/cin\/vize-islemleri\/","name":"\u00c7in Vize \u0130\u015flemleri - My Vize Profesyonel Vize Hizmetleri","isPartOf":{"@id":"https:\/\/www.myvize.com.tr\/cin\/#website"},"primaryImageOfPage":{"@id":"https:\/\/www.myvize.com.tr\/cin\/vize-islemleri\/#primaryimage"},"image":{"@id":"https:\/\/www.myvize.com.tr\/cin\/vize-islemleri\/#primaryimage"},"thumbnailUrl":"https:\/\/www.myvize.com.tr\/cin\/wp-content\/uploads\/2021\/10\/2.jpg","datePublished":"2020-11-30T05:50:13+00:00","dateModified":"2022-04-04T10:26:06+00:00","description":"\u00c7in vize i\u015flemleri nas\u0131l yap\u0131l\u0131r? \u00c7in vize i\u015flemleri gerekli evrak listesi 2021. \u00c7in vize i\u015flemleri \u00fccretleri. \u00c7in vize i\u015flemleri detayl\u0131 bilgi.","breadcrumb":{"@id":"https:\/\/www.myvize.com.tr\/cin\/vize-islemleri\/#breadcrumb"},"inLanguage":"tr","potentialAction":[{"@type":"ReadAction","target":["https:\/\/www.myvize.com.tr\/cin\/vize-islemleri\/"]}]},{"@type":"ImageObject","inLanguage":"tr","@id":"https:\/\/www.myvize.com.tr\/cin\/vize-islemleri\/#primaryimage","url":"https:\/\/www.myvize.com.tr\/cin\/wp-content\/uploads\/2021\/10\/2.jpg","contentUrl":"https:\/\/www.myvize.com.tr\/cin\/wp-content\/uploads\/2021\/10\/2.jpg","width":800,"height":500,"caption":"\u00c7in Vize \u0130\u015flemleri"},{"@type":"BreadcrumbList","@id":"https:\/\/www.myvize.com.tr\/cin\/vize-islemleri\/#breadcrumb","itemListElement":[{"@type":"ListItem","position":1,"name":"Anasayfa","item":"https:\/\/www.myvize.com.tr\/cin\/"},{"@type":"ListItem","position":2,"name":"V\u0130ZE \u0130\u015eLEMLER\u0130"}]},{"@type":"WebSite","@id":"https:\/\/www.myvize.com.tr\/cin\/#website","url":"https:\/\/www.myvize.com.tr\/cin\/","name":"\u00c7in Vizesi","description":"","potentialAction":[{"@type":"SearchAction","target":{"@type":"EntryPoint","urlTemplate":"https:\/\/www.myvize.com.tr\/cin\/?s={search_term_string}"},"query-input":{"@type":"PropertyValueSpecification","valueRequired":true,"valueName":"search_term_string"}}],"inLanguage":"tr"}]}},"_links":{"self":[{"href":"https:\/\/www.myvize.com.tr\/cin\/wp-json\/wp\/v2\/pages\/18","targetHints":{"allow":["GET"]}}],"collection":[{"href":"https:\/\/www.myvize.com.tr\/cin\/wp-json\/wp\/v2\/pages"}],"about":[{"href":"https:\/\/www.myvize.com.tr\/cin\/wp-json\/wp\/v2\/types\/page"}],"author":[{"embeddable":true,"href":"https:\/\/www.myvize.com.tr\/cin\/wp-json\/wp\/v2\/users\/1"}],"replies":[{"embeddable":true,"href":"https:\/\/www.myvize.com.tr\/cin\/wp-json\/wp\/v2\/comments?post=18"}],"version-history":[{"count":5,"href":"https:\/\/www.myvize.com.tr\/cin\/wp-json\/wp\/v2\/pages\/18\/revisions"}],"predecessor-version":[{"id":736,"href":"https:\/\/www.myvize.com.tr\/cin\/wp-json\/wp\/v2\/pages\/18\/revisions\/736"}],"wp:attachment":[{"href":"https:\/\/www.myvize.com.tr\/cin\/wp-json\/wp\/v2\/media?parent=18"}],"curies":[{"name":"wp","href":"https:\/\/api.w.org\/{rel}","templated":true}]}}