{"id":194,"date":"2020-12-30T14:07:15","date_gmt":"2020-12-30T11:07:15","guid":{"rendered":"https:\/\/www.myvize.com.tr\/cin\/?page_id=194"},"modified":"2021-11-30T16:08:13","modified_gmt":"2021-11-30T13:08:13","slug":"trabzon","status":"publish","type":"page","link":"https:\/\/www.myvize.com.tr\/cin\/subelerimiz\/trabzon\/","title":{"rendered":"Trabzon"},"content":{"rendered":"<h2><span style=\"font-family: Roboto; font-size: 27px;\"><strong>Trabzon \u00c7in Vizesi Ba\u015fvuru<\/strong><\/span><\/h2>\n<p><span style=\"font-family: Roboto; font-size: 14px;\"><strong>Trabzon \u00c7in vizesi ba\u015fvuru\u00a0<\/strong>i\u015flemleri \u00c7in Halk Cumhuriyeti\u2019ne seyahat etmek isteyen vatanda\u015flara ihtiyac\u0131 olan vize hizmetini sunar. Ba\u015fvurular\u0131n de\u011ferlendirildi\u011fi yer <strong>\u00c7in Ba\u015fkonsoloslu\u011fu<\/strong> ve \u00c7in B\u00fcy\u00fckel\u00e7ili\u011fi\u2019dir. Vize merkezleri ile ileti\u015fime ge\u00e7en vatanda\u015flar de\u011ferlendirme sonucunda olumlu yan\u0131t alarak vize sahibi olabilirler.\u00a0 Trabzon\u2019da ikamet eden vatanda\u015flar konsolosluklara gitmek yerine <strong>vize merkezleri<\/strong> ile ileti\u015fime giderek her konuda hem bilgi sahibi olabilir hem de sorunsuz bir \u015fekilde vize sahibi olabilirler.<\/span><\/p>\n<p><span style=\"font-family: Roboto; font-size: 14px;\"><strong>\u00c7in Halk Cumhuriyeti\u2019ne<\/strong> gitmek isteyen vatanda\u015flar \u00fclke giri\u015flerinde havaalan\u0131ndan \u00e7\u0131karken pasaport ile birlikte vize de g\u00f6stermek zorundad\u0131r. Vize i\u00e7in gerekli belgeleri haz\u0131rlayan vatanda\u015flar vize \u00fccretini ilgili bankaya yat\u0131rd\u0131ktan sonra vize ba\u015fvurusunda bulunabilirler. <strong>\u00c7in Vize ba\u015fvurusu<\/strong> s\u0131ras\u0131nda vatanda\u015flar \u00fclkeye giri\u015f nedenlerini ve seyahat s\u00fcrelerini a\u00e7\u0131k\u00e7a belirtmek zorundad\u0131r. Seyahat sebebini a\u00e7\u0131k\u00e7a beyan etmeyi sa\u011flayan vize ba\u015fvuru formunu vatanda\u015flar vize merkezlerinden alarak doldurabilirler. Belgelerinde eksiklik veya herhangi bir yanl\u0131\u015f bilgi bulunmayan vatanda\u015flar vize ba\u015fvuru s\u00fcrecini ba\u015far\u0131 ile tamamlayabilirler. Vize de\u011ferlendirme s\u00fcreci resm\u00ee tatillere denk gelmemesi halinde 7- 10 g\u00fcn aral\u0131\u011f\u0131ndad\u0131r. De\u011ferlendirmeden olumlu yan\u0131t alan vatanda\u015flar <strong>\u00c7in vizesi<\/strong> almaya hak kazanabilirler.<\/span><\/p>\n<p><span style=\"font-family: Roboto; font-size: 14px;\"><span style=\"color: #2acec2;\"><strong><a style=\"color: #2acec2;\" href=\"https:\/\/www.myvize.com.tr\/cin\/vize-islemleri\/cin-vize-ucreti\/\" target=\"_blank\" rel=\"noopener\">\u00c7in Vize \u00dccreti<\/a><\/strong><\/span> ile ilgili bilgi almak i\u00e7in bizi aray\u0131n\u0131z.<\/span><\/p>\n","protected":false},"excerpt":{"rendered":"<p>Trabzon \u00c7in Vizesi Ba\u015fvuru Trabzon \u00c7in vizesi ba\u015fvuru\u00a0i\u015flemleri \u00c7in Halk Cumhuriyeti\u2019ne seyahat etmek isteyen vatanda\u015flara ihtiyac\u0131 olan vize hizmetini sunar. Ba\u015fvurular\u0131n de\u011ferlendirildi\u011fi yer \u00c7in Ba\u015fkonsoloslu\u011fu ve \u00c7in B\u00fcy\u00fckel\u00e7ili\u011fi\u2019dir. Vize merkezleri ile ileti\u015fime ge\u00e7en vatanda\u015flar de\u011ferlendirme sonucunda olumlu yan\u0131t alarak vize sahibi olabilirler.\u00a0 Trabzon\u2019da ikamet eden vatanda\u015flar konsolosluklara gitmek yerine vize merkezleri ile ileti\u015fime giderek her<\/p>\n","protected":false},"author":1,"featured_media":0,"parent":191,"menu_order":0,"comment_status":"open","ping_status":"closed","template":"","meta":{"footnotes":""},"class_list":["post-194","page","type-page","status-publish","hentry"],"yoast_head":"<!-- This site is optimized with the Yoast SEO plugin v26.8 - https:\/\/yoast.com\/product\/yoast-seo-wordpress\/ -->\n<title>\u00c7in Vizesi Trabzon - My Vize Profesyonel Vize Hizmetleri<\/title>\n<meta name=\"description\" content=\"\u00c7in Vizesi Trabzon ofisimizden, hangi \u00fclkeye seyahat etmek isterseniz gerekli b\u00fct\u00fcn bilgilere ula\u015fabilirsiniz.\" \/>\n<meta name=\"robots\" content=\"index, follow, max-snippet:-1, max-image-preview:large, max-video-preview:-1\" \/>\n<link rel=\"canonical\" href=\"https:\/\/www.myvize.com.tr\/cin\/subelerimiz\/trabzon\/\" \/>\n<meta property=\"og:locale\" content=\"tr_TR\" \/>\n<meta property=\"og:type\" content=\"article\" \/>\n<meta property=\"og:title\" content=\"\u00c7in Vizesi Trabzon - My Vize Profesyonel Vize Hizmetleri\" \/>\n<meta property=\"og:description\" content=\"\u00c7in Vizesi Trabzon ofisimizden, hangi \u00fclkeye seyahat etmek isterseniz gerekli b\u00fct\u00fcn bilgilere ula\u015fabilirsiniz.\" \/>\n<meta property=\"og:url\" content=\"https:\/\/www.myvize.com.tr\/cin\/subelerimiz\/trabzon\/\" \/>\n<meta property=\"og:site_name\" content=\"\u00c7in Vizesi\" \/>\n<meta property=\"article:modified_time\" content=\"2021-11-30T13:08:13+00:00\" \/>\n<meta name=\"twitter:card\" content=\"summary_large_image\" \/>\n<meta name=\"twitter:label1\" content=\"Tahmini okuma s\u00fcresi\" \/>\n\t<meta name=\"twitter:data1\" content=\"1 dakika\" \/>\n<script type=\"application\/ld+json\" class=\"yoast-schema-graph\">{\"@context\":\"https:\/\/schema.org\",\"@graph\":[{\"@type\":\"WebPage\",\"@id\":\"https:\/\/www.myvize.com.tr\/cin\/subelerimiz\/trabzon\/\",\"url\":\"https:\/\/www.myvize.com.tr\/cin\/subelerimiz\/trabzon\/\",\"name\":\"\u00c7in Vizesi Trabzon - My Vize Profesyonel Vize Hizmetleri\",\"isPartOf\":{\"@id\":\"https:\/\/www.myvize.com.tr\/cin\/#website\"},\"datePublished\":\"2020-12-30T11:07:15+00:00\",\"dateModified\":\"2021-11-30T13:08:13+00:00\",\"description\":\"\u00c7in Vizesi Trabzon ofisimizden, hangi \u00fclkeye seyahat etmek isterseniz gerekli b\u00fct\u00fcn bilgilere ula\u015fabilirsiniz.\",\"breadcrumb\":{\"@id\":\"https:\/\/www.myvize.com.tr\/cin\/subelerimiz\/trabzon\/#breadcrumb\"},\"inLanguage\":\"tr\",\"potentialAction\":[{\"@type\":\"ReadAction\",\"target\":[\"https:\/\/www.myvize.com.tr\/cin\/subelerimiz\/trabzon\/\"]}]},{\"@type\":\"BreadcrumbList\",\"@id\":\"https:\/\/www.myvize.com.tr\/cin\/subelerimiz\/trabzon\/#breadcrumb\",\"itemListElement\":[{\"@type\":\"ListItem\",\"position\":1,\"name\":\"Anasayfa\",\"item\":\"https:\/\/www.myvize.com.tr\/cin\/\"},{\"@type\":\"ListItem\",\"position\":2,\"name\":\"\u015eUBELER\u0130M\u0130Z\",\"item\":\"https:\/\/www.myvize.com.tr\/cin\/subelerimiz\/\"},{\"@type\":\"ListItem\",\"position\":3,\"name\":\"Trabzon\"}]},{\"@type\":\"WebSite\",\"@id\":\"https:\/\/www.myvize.com.tr\/cin\/#website\",\"url\":\"https:\/\/www.myvize.com.tr\/cin\/\",\"name\":\"\u00c7in Vizesi\",\"description\":\"\",\"potentialAction\":[{\"@type\":\"SearchAction\",\"target\":{\"@type\":\"EntryPoint\",\"urlTemplate\":\"https:\/\/www.myvize.com.tr\/cin\/?s={search_term_string}\"},\"query-input\":{\"@type\":\"PropertyValueSpecification\",\"valueRequired\":true,\"valueName\":\"search_term_string\"}}],\"inLanguage\":\"tr\"}]}<\/script>\n<!-- \/ Yoast SEO plugin. -->","yoast_head_json":{"title":"\u00c7in Vizesi Trabzon - My Vize Profesyonel Vize Hizmetleri","description":"\u00c7in Vizesi Trabzon ofisimizden, hangi \u00fclkeye seyahat etmek isterseniz gerekli b\u00fct\u00fcn bilgilere ula\u015fabilirsiniz.","robots":{"index":"index","follow":"follow","max-snippet":"max-snippet:-1","max-image-preview":"max-image-preview:large","max-video-preview":"max-video-preview:-1"},"canonical":"https:\/\/www.myvize.com.tr\/cin\/subelerimiz\/trabzon\/","og_locale":"tr_TR","og_type":"article","og_title":"\u00c7in Vizesi Trabzon - My Vize Profesyonel Vize Hizmetleri","og_description":"\u00c7in Vizesi Trabzon ofisimizden, hangi \u00fclkeye seyahat etmek isterseniz gerekli b\u00fct\u00fcn bilgilere ula\u015fabilirsiniz.","og_url":"https:\/\/www.myvize.com.tr\/cin\/subelerimiz\/trabzon\/","og_site_name":"\u00c7in Vizesi","article_modified_time":"2021-11-30T13:08:13+00:00","twitter_card":"summary_large_image","twitter_misc":{"Tahmini okuma s\u00fcresi":"1 dakika"},"schema":{"@context":"https:\/\/schema.org","@graph":[{"@type":"WebPage","@id":"https:\/\/www.myvize.com.tr\/cin\/subelerimiz\/trabzon\/","url":"https:\/\/www.myvize.com.tr\/cin\/subelerimiz\/trabzon\/","name":"\u00c7in Vizesi Trabzon - My Vize Profesyonel Vize Hizmetleri","isPartOf":{"@id":"https:\/\/www.myvize.com.tr\/cin\/#website"},"datePublished":"2020-12-30T11:07:15+00:00","dateModified":"2021-11-30T13:08:13+00:00","description":"\u00c7in Vizesi Trabzon ofisimizden, hangi \u00fclkeye seyahat etmek isterseniz gerekli b\u00fct\u00fcn bilgilere ula\u015fabilirsiniz.","breadcrumb":{"@id":"https:\/\/www.myvize.com.tr\/cin\/subelerimiz\/trabzon\/#breadcrumb"},"inLanguage":"tr","potentialAction":[{"@type":"ReadAction","target":["https:\/\/www.myvize.com.tr\/cin\/subelerimiz\/trabzon\/"]}]},{"@type":"BreadcrumbList","@id":"https:\/\/www.myvize.com.tr\/cin\/subelerimiz\/trabzon\/#breadcrumb","itemListElement":[{"@type":"ListItem","position":1,"name":"Anasayfa","item":"https:\/\/www.myvize.com.tr\/cin\/"},{"@type":"ListItem","position":2,"name":"\u015eUBELER\u0130M\u0130Z","item":"https:\/\/www.myvize.com.tr\/cin\/subelerimiz\/"},{"@type":"ListItem","position":3,"name":"Trabzon"}]},{"@type":"WebSite","@id":"https:\/\/www.myvize.com.tr\/cin\/#website","url":"https:\/\/www.myvize.com.tr\/cin\/","name":"\u00c7in Vizesi","description":"","potentialAction":[{"@type":"SearchAction","target":{"@type":"EntryPoint","urlTemplate":"https:\/\/www.myvize.com.tr\/cin\/?s={search_term_string}"},"query-input":{"@type":"PropertyValueSpecification","valueRequired":true,"valueName":"search_term_string"}}],"inLanguage":"tr"}]}},"_links":{"self":[{"href":"https:\/\/www.myvize.com.tr\/cin\/wp-json\/wp\/v2\/pages\/194","targetHints":{"allow":["GET"]}}],"collection":[{"href":"https:\/\/www.myvize.com.tr\/cin\/wp-json\/wp\/v2\/pages"}],"about":[{"href":"https:\/\/www.myvize.com.tr\/cin\/wp-json\/wp\/v2\/types\/page"}],"author":[{"embeddable":true,"href":"https:\/\/www.myvize.com.tr\/cin\/wp-json\/wp\/v2\/users\/1"}],"replies":[{"embeddable":true,"href":"https:\/\/www.myvize.com.tr\/cin\/wp-json\/wp\/v2\/comments?post=194"}],"version-history":[{"count":3,"href":"https:\/\/www.myvize.com.tr\/cin\/wp-json\/wp\/v2\/pages\/194\/revisions"}],"predecessor-version":[{"id":700,"href":"https:\/\/www.myvize.com.tr\/cin\/wp-json\/wp\/v2\/pages\/194\/revisions\/700"}],"up":[{"embeddable":true,"href":"https:\/\/www.myvize.com.tr\/cin\/wp-json\/wp\/v2\/pages\/191"}],"wp:attachment":[{"href":"https:\/\/www.myvize.com.tr\/cin\/wp-json\/wp\/v2\/media?parent=194"}],"curies":[{"name":"wp","href":"https:\/\/api.w.org\/{rel}","templated":true}]}}