{"id":198,"date":"2020-12-30T14:07:50","date_gmt":"2020-12-30T11:07:50","guid":{"rendered":"https:\/\/www.myvize.com.tr\/cin\/?page_id=198"},"modified":"2021-11-30T15:52:12","modified_gmt":"2021-11-30T12:52:12","slug":"antalya","status":"publish","type":"page","link":"https:\/\/www.myvize.com.tr\/cin\/subelerimiz\/antalya\/","title":{"rendered":"Antalya"},"content":{"rendered":"<h2><span style=\"font-family: Roboto; font-size: 27px;\"><strong>Antalya \u00c7in Vizesi Ba\u015fvuru<\/strong><\/span><\/h2>\n<p><span style=\"font-family: Roboto; font-size: 14px;\"><strong>\u00a0<\/strong>Antalya\u2019da ikamet eden ve \u00c7in Halk Cumhuriyeti\u2019ne seyahat etmek isteyen vatanda\u015flar Antalya\u2019da hizmet veren vize acenteleri ile ileti\u015fime ge\u00e7erek resmi vize ba\u015fvurusunda bulunabilirler. <strong>\u00c7in Halk Cumhuriyeti<\/strong> <span style=\"color: #2acec2;\"><strong><a style=\"color: #2acec2;\" href=\"https:\/\/www.myvize.com.tr\/cin\/vize-islemleri\/\" target=\"_blank\" rel=\"noopener\">vize i\u015flemleri<\/a><\/strong><\/span> konusunda olduk\u00e7a s\u0131k\u0131 kurallara tabidir ve vatanda\u015flardan bir\u00e7ok evrak talep etmektedir. Acenteler vas\u0131tas\u0131 ile evraklar\u0131n\u0131 tamamlayan vatanda\u015flar vize ba\u015fvuru s\u00fcrecinin ard\u0131ndan olumlu sonu\u00e7 ald\u0131klar\u0131 taktirde vize almaya da hak kazanm\u0131\u015f olurlar.<\/span><\/p>\n<p><span style=\"font-family: Roboto; font-size: 14px;\"><strong>Antalya \u00c7in vizesi ba\u015fvuru<\/strong> i\u015flemleri herhangi bir olumsuz durum ya da resm\u00ee tatile denk gelmedi\u011fi m\u00fcddet\u00e7e 7-10 g\u00fcn aral\u0131\u011f\u0131nda sonu\u00e7lanmaktad\u0131r. De\u011ferlendirme s\u00fcrecinden olumlu yan\u0131t alabilmenin en \u00f6nemli ko\u015fulu evraklar\u0131 eksiksiz olarak teslim etmek ve \u00fclkeye gidi\u015f nedenini a\u00e7\u0131k bir \u015fekilde ba\u015fvuru formunda belirtmektir. Eksik evrak g\u00f6r\u00fclen vatanda\u015flar\u0131n vize ba\u015fvurular\u0131n\u0131 yenilemeleri gerekmektedir. De\u011ferlendirme sonucu olumlu olan vatanda\u015flar haz\u0131rl\u0131klar\u0131n\u0131 yaparak vizeleri ile<strong> \u00c7in Halk Cumhuriyeti\u2019ne<\/strong> seyahat edebilirler.<\/span><\/p>\n<p><span style=\"font-family: Roboto; font-size: 14px;\"><strong>\u00c7in Konsoloslu\u011fu<\/strong> resm\u00ee tatil oldu\u011fu g\u00fcnlerde hizmete kapal\u0131d\u0131r. Bu durum da vize de\u011ferlendirmelerinin daha uzun s\u00fcrece\u011fi anlam\u0131na gelir. Konsoloslu\u011fun hizmete kapal\u0131 oldu\u011fu resm\u00ee tatiller \u015funlard\u0131r;<\/span><\/p>\n<ul>\n<li><span style=\"font-family: Roboto; font-size: 14px;\">Ocak- Yeni Y\u0131l<\/span><\/li>\n<li><span style=\"font-family: Roboto; font-size: 14px;\">Ocak- Bahar Bayram\u0131<\/span><\/li>\n<li><span style=\"font-family: Roboto; font-size: 14px;\">Nisan- Mezar Ziyareti G\u00fcn\u00fc<\/span><\/li>\n<li><span style=\"font-family: Roboto; font-size: 14px;\">May\u0131s- Emek G\u00fcn\u00fc<\/span><\/li>\n<li><span style=\"font-family: Roboto; font-size: 14px;\">May\u0131s- Ejderha Kay\u0131\u011f\u0131 Bayram\u0131<\/span><\/li>\n<li><span style=\"font-family: Roboto; font-size: 14px;\">Kurban Bayram\u0131<\/span><\/li>\n<li><span style=\"font-family: Roboto; font-size: 14px;\">Ramazan Bayram\u0131<\/span><\/li>\n<li><span style=\"font-family: Roboto; font-size: 14px;\">Cumhuriyet Bayram\u0131<\/span><\/li>\n<\/ul>\n","protected":false},"excerpt":{"rendered":"<p>Antalya \u00c7in Vizesi Ba\u015fvuru \u00a0Antalya\u2019da ikamet eden ve \u00c7in Halk Cumhuriyeti\u2019ne seyahat etmek isteyen vatanda\u015flar Antalya\u2019da hizmet veren vize acenteleri ile ileti\u015fime ge\u00e7erek resmi vize ba\u015fvurusunda bulunabilirler. \u00c7in Halk Cumhuriyeti vize i\u015flemleri konusunda olduk\u00e7a s\u0131k\u0131 kurallara tabidir ve vatanda\u015flardan bir\u00e7ok evrak talep etmektedir. Acenteler vas\u0131tas\u0131 ile evraklar\u0131n\u0131 tamamlayan vatanda\u015flar vize ba\u015fvuru s\u00fcrecinin ard\u0131ndan olumlu sonu\u00e7<\/p>\n","protected":false},"author":1,"featured_media":0,"parent":191,"menu_order":0,"comment_status":"open","ping_status":"closed","template":"","meta":{"footnotes":""},"class_list":["post-198","page","type-page","status-publish","hentry"],"yoast_head":"<!-- This site is optimized with the Yoast SEO plugin v26.8 - https:\/\/yoast.com\/product\/yoast-seo-wordpress\/ -->\n<title>\u00c7in Vizesi Antalya - My Vize Profesyonel Vize Hizmetleri<\/title>\n<meta name=\"description\" content=\"\u00c7in Vizesi Antalya ofisimizden, hangi \u00fclkeye seyahat etmek isterseniz gerekli b\u00fct\u00fcn bilgilere ula\u015fabilirsiniz.\" \/>\n<meta name=\"robots\" content=\"index, follow, max-snippet:-1, max-image-preview:large, max-video-preview:-1\" \/>\n<link rel=\"canonical\" href=\"https:\/\/www.myvize.com.tr\/cin\/subelerimiz\/antalya\/\" \/>\n<meta property=\"og:locale\" content=\"tr_TR\" \/>\n<meta property=\"og:type\" content=\"article\" \/>\n<meta property=\"og:title\" content=\"\u00c7in Vizesi Antalya - My Vize Profesyonel Vize Hizmetleri\" \/>\n<meta property=\"og:description\" content=\"\u00c7in Vizesi Antalya ofisimizden, hangi \u00fclkeye seyahat etmek isterseniz gerekli b\u00fct\u00fcn bilgilere ula\u015fabilirsiniz.\" \/>\n<meta property=\"og:url\" content=\"https:\/\/www.myvize.com.tr\/cin\/subelerimiz\/antalya\/\" \/>\n<meta property=\"og:site_name\" content=\"\u00c7in Vizesi\" \/>\n<meta property=\"article:modified_time\" content=\"2021-11-30T12:52:12+00:00\" \/>\n<meta name=\"twitter:card\" content=\"summary_large_image\" \/>\n<meta name=\"twitter:label1\" content=\"Tahmini okuma s\u00fcresi\" \/>\n\t<meta name=\"twitter:data1\" content=\"1 dakika\" \/>\n<script type=\"application\/ld+json\" class=\"yoast-schema-graph\">{\"@context\":\"https:\/\/schema.org\",\"@graph\":[{\"@type\":\"WebPage\",\"@id\":\"https:\/\/www.myvize.com.tr\/cin\/subelerimiz\/antalya\/\",\"url\":\"https:\/\/www.myvize.com.tr\/cin\/subelerimiz\/antalya\/\",\"name\":\"\u00c7in Vizesi Antalya - My Vize Profesyonel Vize Hizmetleri\",\"isPartOf\":{\"@id\":\"https:\/\/www.myvize.com.tr\/cin\/#website\"},\"datePublished\":\"2020-12-30T11:07:50+00:00\",\"dateModified\":\"2021-11-30T12:52:12+00:00\",\"description\":\"\u00c7in Vizesi Antalya ofisimizden, hangi \u00fclkeye seyahat etmek isterseniz gerekli b\u00fct\u00fcn bilgilere ula\u015fabilirsiniz.\",\"breadcrumb\":{\"@id\":\"https:\/\/www.myvize.com.tr\/cin\/subelerimiz\/antalya\/#breadcrumb\"},\"inLanguage\":\"tr\",\"potentialAction\":[{\"@type\":\"ReadAction\",\"target\":[\"https:\/\/www.myvize.com.tr\/cin\/subelerimiz\/antalya\/\"]}]},{\"@type\":\"BreadcrumbList\",\"@id\":\"https:\/\/www.myvize.com.tr\/cin\/subelerimiz\/antalya\/#breadcrumb\",\"itemListElement\":[{\"@type\":\"ListItem\",\"position\":1,\"name\":\"Anasayfa\",\"item\":\"https:\/\/www.myvize.com.tr\/cin\/\"},{\"@type\":\"ListItem\",\"position\":2,\"name\":\"\u015eUBELER\u0130M\u0130Z\",\"item\":\"https:\/\/www.myvize.com.tr\/cin\/subelerimiz\/\"},{\"@type\":\"ListItem\",\"position\":3,\"name\":\"Antalya\"}]},{\"@type\":\"WebSite\",\"@id\":\"https:\/\/www.myvize.com.tr\/cin\/#website\",\"url\":\"https:\/\/www.myvize.com.tr\/cin\/\",\"name\":\"\u00c7in Vizesi\",\"description\":\"\",\"potentialAction\":[{\"@type\":\"SearchAction\",\"target\":{\"@type\":\"EntryPoint\",\"urlTemplate\":\"https:\/\/www.myvize.com.tr\/cin\/?s={search_term_string}\"},\"query-input\":{\"@type\":\"PropertyValueSpecification\",\"valueRequired\":true,\"valueName\":\"search_term_string\"}}],\"inLanguage\":\"tr\"}]}<\/script>\n<!-- \/ Yoast SEO plugin. -->","yoast_head_json":{"title":"\u00c7in Vizesi Antalya - My Vize Profesyonel Vize Hizmetleri","description":"\u00c7in Vizesi Antalya ofisimizden, hangi \u00fclkeye seyahat etmek isterseniz gerekli b\u00fct\u00fcn bilgilere ula\u015fabilirsiniz.","robots":{"index":"index","follow":"follow","max-snippet":"max-snippet:-1","max-image-preview":"max-image-preview:large","max-video-preview":"max-video-preview:-1"},"canonical":"https:\/\/www.myvize.com.tr\/cin\/subelerimiz\/antalya\/","og_locale":"tr_TR","og_type":"article","og_title":"\u00c7in Vizesi Antalya - My Vize Profesyonel Vize Hizmetleri","og_description":"\u00c7in Vizesi Antalya ofisimizden, hangi \u00fclkeye seyahat etmek isterseniz gerekli b\u00fct\u00fcn bilgilere ula\u015fabilirsiniz.","og_url":"https:\/\/www.myvize.com.tr\/cin\/subelerimiz\/antalya\/","og_site_name":"\u00c7in Vizesi","article_modified_time":"2021-11-30T12:52:12+00:00","twitter_card":"summary_large_image","twitter_misc":{"Tahmini okuma s\u00fcresi":"1 dakika"},"schema":{"@context":"https:\/\/schema.org","@graph":[{"@type":"WebPage","@id":"https:\/\/www.myvize.com.tr\/cin\/subelerimiz\/antalya\/","url":"https:\/\/www.myvize.com.tr\/cin\/subelerimiz\/antalya\/","name":"\u00c7in Vizesi Antalya - My Vize Profesyonel Vize Hizmetleri","isPartOf":{"@id":"https:\/\/www.myvize.com.tr\/cin\/#website"},"datePublished":"2020-12-30T11:07:50+00:00","dateModified":"2021-11-30T12:52:12+00:00","description":"\u00c7in Vizesi Antalya ofisimizden, hangi \u00fclkeye seyahat etmek isterseniz gerekli b\u00fct\u00fcn bilgilere ula\u015fabilirsiniz.","breadcrumb":{"@id":"https:\/\/www.myvize.com.tr\/cin\/subelerimiz\/antalya\/#breadcrumb"},"inLanguage":"tr","potentialAction":[{"@type":"ReadAction","target":["https:\/\/www.myvize.com.tr\/cin\/subelerimiz\/antalya\/"]}]},{"@type":"BreadcrumbList","@id":"https:\/\/www.myvize.com.tr\/cin\/subelerimiz\/antalya\/#breadcrumb","itemListElement":[{"@type":"ListItem","position":1,"name":"Anasayfa","item":"https:\/\/www.myvize.com.tr\/cin\/"},{"@type":"ListItem","position":2,"name":"\u015eUBELER\u0130M\u0130Z","item":"https:\/\/www.myvize.com.tr\/cin\/subelerimiz\/"},{"@type":"ListItem","position":3,"name":"Antalya"}]},{"@type":"WebSite","@id":"https:\/\/www.myvize.com.tr\/cin\/#website","url":"https:\/\/www.myvize.com.tr\/cin\/","name":"\u00c7in Vizesi","description":"","potentialAction":[{"@type":"SearchAction","target":{"@type":"EntryPoint","urlTemplate":"https:\/\/www.myvize.com.tr\/cin\/?s={search_term_string}"},"query-input":{"@type":"PropertyValueSpecification","valueRequired":true,"valueName":"search_term_string"}}],"inLanguage":"tr"}]}},"_links":{"self":[{"href":"https:\/\/www.myvize.com.tr\/cin\/wp-json\/wp\/v2\/pages\/198","targetHints":{"allow":["GET"]}}],"collection":[{"href":"https:\/\/www.myvize.com.tr\/cin\/wp-json\/wp\/v2\/pages"}],"about":[{"href":"https:\/\/www.myvize.com.tr\/cin\/wp-json\/wp\/v2\/types\/page"}],"author":[{"embeddable":true,"href":"https:\/\/www.myvize.com.tr\/cin\/wp-json\/wp\/v2\/users\/1"}],"replies":[{"embeddable":true,"href":"https:\/\/www.myvize.com.tr\/cin\/wp-json\/wp\/v2\/comments?post=198"}],"version-history":[{"count":5,"href":"https:\/\/www.myvize.com.tr\/cin\/wp-json\/wp\/v2\/pages\/198\/revisions"}],"predecessor-version":[{"id":686,"href":"https:\/\/www.myvize.com.tr\/cin\/wp-json\/wp\/v2\/pages\/198\/revisions\/686"}],"up":[{"embeddable":true,"href":"https:\/\/www.myvize.com.tr\/cin\/wp-json\/wp\/v2\/pages\/191"}],"wp:attachment":[{"href":"https:\/\/www.myvize.com.tr\/cin\/wp-json\/wp\/v2\/media?parent=198"}],"curies":[{"name":"wp","href":"https:\/\/api.w.org\/{rel}","templated":true}]}}