{"id":200,"date":"2020-12-30T14:08:06","date_gmt":"2020-12-30T11:08:06","guid":{"rendered":"https:\/\/www.myvize.com.tr\/cin\/?page_id=200"},"modified":"2021-11-30T16:03:35","modified_gmt":"2021-11-30T13:03:35","slug":"izmir","status":"publish","type":"page","link":"https:\/\/www.myvize.com.tr\/cin\/subelerimiz\/izmir\/","title":{"rendered":"\u0130zmir"},"content":{"rendered":"<h2><span style=\"font-family: Roboto; font-size: 27px;\"><strong>\u0130zmir \u00c7in Vizesi Ba\u015fvuru<\/strong><\/span><\/h2>\n<p><span style=\"font-family: Roboto; font-size: 14px;\">\u00c7in seyahatleri i\u00e7in gerekli olacak vizeyi almak g\u00f6r\u00fcld\u00fc\u011f\u00fc kadar kolay de\u011fildir. <strong>\u00c7in Halk Cumhuriyeti<\/strong> yabanc\u0131 vatanda\u015flar\u0131n \u00fclkeye yapacaklar\u0131 seyahatler i\u00e7in vize talebinde bulunurlar. Her \u00fclke i\u00e7in gerekli olan vize konusunda \u00c7in di\u011fer \u00fclkelere g\u00f6re daha tutucudur ve bu anlamda vatanda\u015flardan ekstra evrak ve belge talebinde bulunulur.<\/span><\/p>\n<p><span style=\"font-family: Roboto; font-size: 14px;\">\u00c7in\u2019e seyahat etmek isteyen vatanda\u015flar <strong>\u00c7in Konsoloslu\u011fu<\/strong> ile ileti\u015fime ge\u00e7erek <span style=\"color: #2acec2;\"><strong><a style=\"color: #2acec2;\" href=\"https:\/\/www.myvize.com.tr\/cin\/cin-vizesi\/\" target=\"_blank\" rel=\"noopener\">\u00c7in vizesi<\/a><\/strong><\/span> ba\u015fvuru i\u015flemlerini ba\u015flatabilirler. \u00c7in Konsoloslu\u011fu\u2019na uzak mesafede ikamet eden vatanda\u015flar \u0130zmir\u2019de ya da bulunduklar\u0131 \u015fehirlerde hizmet veren yetkili acenteler yard\u0131m\u0131 ile de vize ba\u015fvuru i\u015flemlerini ba\u015flatabilirler.\u00a0<strong>\u0130zmir \u00c7in vizesi ba\u015fvuru<\/strong>\u00a0i\u015flemleri k\u0131sa s\u00fcre i\u00e7erisinde sonlan\u0131r ve vize alma hakk\u0131n\u0131 elde eden vatanda\u015flar sorunsuz olarak \u00c7in\u2019e seyahatlerini ger\u00e7ekle\u015ftirebilirler.<\/span><\/p>\n<p><span style=\"font-family: Roboto; font-size: 14px;\"><strong>\u00c7in vizesi<\/strong> bir\u00e7ok farkl\u0131 kullan\u0131m \u015fekil ile vatanda\u015flara sunulur. Ticari, turistik, e\u011fitim ve sa\u011fl\u0131k ve daha bir\u00e7ok farkl\u0131 alanda sunulan vizeler aras\u0131ndan seyahat nedenlerine en uygun olan t\u00fcr\u00fc tercih eden vatanda\u015flar vize alma s\u00fcrecini sorunsuz olarak hakkedebilirler. \u00c7in\u2019e tam olarak ne ama\u00e7la gitmek istedi\u011fini ve ne kadar s\u00fcre ile \u00fclkede kalaca\u011f\u0131n\u0131 a\u00e7\u0131k\u00e7a belirten vatanda\u015flar\u0131n vizelerinin olumlu sonu\u00e7lanma ihtimali daha y\u00fcksektir.<\/span><\/p>\n","protected":false},"excerpt":{"rendered":"<p>\u0130zmir \u00c7in Vizesi Ba\u015fvuru \u00c7in seyahatleri i\u00e7in gerekli olacak vizeyi almak g\u00f6r\u00fcld\u00fc\u011f\u00fc kadar kolay de\u011fildir. \u00c7in Halk Cumhuriyeti yabanc\u0131 vatanda\u015flar\u0131n \u00fclkeye yapacaklar\u0131 seyahatler i\u00e7in vize talebinde bulunurlar. Her \u00fclke i\u00e7in gerekli olan vize konusunda \u00c7in di\u011fer \u00fclkelere g\u00f6re daha tutucudur ve bu anlamda vatanda\u015flardan ekstra evrak ve belge talebinde bulunulur. \u00c7in\u2019e seyahat etmek isteyen vatanda\u015flar<\/p>\n","protected":false},"author":1,"featured_media":0,"parent":191,"menu_order":0,"comment_status":"open","ping_status":"closed","template":"","meta":{"footnotes":""},"class_list":["post-200","page","type-page","status-publish","hentry"],"yoast_head":"<!-- This site is optimized with the Yoast SEO plugin v26.8 - https:\/\/yoast.com\/product\/yoast-seo-wordpress\/ -->\n<title>\u00c7in Vizesi \u0130zmir - My Vize Profesyonel Vize Hizmetleri<\/title>\n<meta name=\"description\" content=\"\u00c7in Vizesi \u0130zmir ofisimizden, hangi \u00fclkeye seyahat etmek isterseniz gerekli b\u00fct\u00fcn bilgilere ula\u015fabilirsiniz.\" \/>\n<meta name=\"robots\" content=\"index, follow, max-snippet:-1, max-image-preview:large, max-video-preview:-1\" \/>\n<link rel=\"canonical\" href=\"https:\/\/www.myvize.com.tr\/cin\/subelerimiz\/izmir\/\" \/>\n<meta property=\"og:locale\" content=\"tr_TR\" \/>\n<meta property=\"og:type\" content=\"article\" \/>\n<meta property=\"og:title\" content=\"\u00c7in Vizesi \u0130zmir - My Vize Profesyonel Vize Hizmetleri\" \/>\n<meta property=\"og:description\" content=\"\u00c7in Vizesi \u0130zmir ofisimizden, hangi \u00fclkeye seyahat etmek isterseniz gerekli b\u00fct\u00fcn bilgilere ula\u015fabilirsiniz.\" \/>\n<meta property=\"og:url\" content=\"https:\/\/www.myvize.com.tr\/cin\/subelerimiz\/izmir\/\" \/>\n<meta property=\"og:site_name\" content=\"\u00c7in Vizesi\" \/>\n<meta property=\"article:modified_time\" content=\"2021-11-30T13:03:35+00:00\" \/>\n<meta name=\"twitter:card\" content=\"summary_large_image\" \/>\n<meta name=\"twitter:label1\" content=\"Tahmini okuma s\u00fcresi\" \/>\n\t<meta name=\"twitter:data1\" content=\"1 dakika\" \/>\n<script type=\"application\/ld+json\" class=\"yoast-schema-graph\">{\"@context\":\"https:\/\/schema.org\",\"@graph\":[{\"@type\":\"WebPage\",\"@id\":\"https:\/\/www.myvize.com.tr\/cin\/subelerimiz\/izmir\/\",\"url\":\"https:\/\/www.myvize.com.tr\/cin\/subelerimiz\/izmir\/\",\"name\":\"\u00c7in Vizesi \u0130zmir - My Vize Profesyonel Vize Hizmetleri\",\"isPartOf\":{\"@id\":\"https:\/\/www.myvize.com.tr\/cin\/#website\"},\"datePublished\":\"2020-12-30T11:08:06+00:00\",\"dateModified\":\"2021-11-30T13:03:35+00:00\",\"description\":\"\u00c7in Vizesi \u0130zmir ofisimizden, hangi \u00fclkeye seyahat etmek isterseniz gerekli b\u00fct\u00fcn bilgilere ula\u015fabilirsiniz.\",\"breadcrumb\":{\"@id\":\"https:\/\/www.myvize.com.tr\/cin\/subelerimiz\/izmir\/#breadcrumb\"},\"inLanguage\":\"tr\",\"potentialAction\":[{\"@type\":\"ReadAction\",\"target\":[\"https:\/\/www.myvize.com.tr\/cin\/subelerimiz\/izmir\/\"]}]},{\"@type\":\"BreadcrumbList\",\"@id\":\"https:\/\/www.myvize.com.tr\/cin\/subelerimiz\/izmir\/#breadcrumb\",\"itemListElement\":[{\"@type\":\"ListItem\",\"position\":1,\"name\":\"Anasayfa\",\"item\":\"https:\/\/www.myvize.com.tr\/cin\/\"},{\"@type\":\"ListItem\",\"position\":2,\"name\":\"\u015eUBELER\u0130M\u0130Z\",\"item\":\"https:\/\/www.myvize.com.tr\/cin\/subelerimiz\/\"},{\"@type\":\"ListItem\",\"position\":3,\"name\":\"\u0130zmir\"}]},{\"@type\":\"WebSite\",\"@id\":\"https:\/\/www.myvize.com.tr\/cin\/#website\",\"url\":\"https:\/\/www.myvize.com.tr\/cin\/\",\"name\":\"\u00c7in Vizesi\",\"description\":\"\",\"potentialAction\":[{\"@type\":\"SearchAction\",\"target\":{\"@type\":\"EntryPoint\",\"urlTemplate\":\"https:\/\/www.myvize.com.tr\/cin\/?s={search_term_string}\"},\"query-input\":{\"@type\":\"PropertyValueSpecification\",\"valueRequired\":true,\"valueName\":\"search_term_string\"}}],\"inLanguage\":\"tr\"}]}<\/script>\n<!-- \/ Yoast SEO plugin. -->","yoast_head_json":{"title":"\u00c7in Vizesi \u0130zmir - My Vize Profesyonel Vize Hizmetleri","description":"\u00c7in Vizesi \u0130zmir ofisimizden, hangi \u00fclkeye seyahat etmek isterseniz gerekli b\u00fct\u00fcn bilgilere ula\u015fabilirsiniz.","robots":{"index":"index","follow":"follow","max-snippet":"max-snippet:-1","max-image-preview":"max-image-preview:large","max-video-preview":"max-video-preview:-1"},"canonical":"https:\/\/www.myvize.com.tr\/cin\/subelerimiz\/izmir\/","og_locale":"tr_TR","og_type":"article","og_title":"\u00c7in Vizesi \u0130zmir - My Vize Profesyonel Vize Hizmetleri","og_description":"\u00c7in Vizesi \u0130zmir ofisimizden, hangi \u00fclkeye seyahat etmek isterseniz gerekli b\u00fct\u00fcn bilgilere ula\u015fabilirsiniz.","og_url":"https:\/\/www.myvize.com.tr\/cin\/subelerimiz\/izmir\/","og_site_name":"\u00c7in Vizesi","article_modified_time":"2021-11-30T13:03:35+00:00","twitter_card":"summary_large_image","twitter_misc":{"Tahmini okuma s\u00fcresi":"1 dakika"},"schema":{"@context":"https:\/\/schema.org","@graph":[{"@type":"WebPage","@id":"https:\/\/www.myvize.com.tr\/cin\/subelerimiz\/izmir\/","url":"https:\/\/www.myvize.com.tr\/cin\/subelerimiz\/izmir\/","name":"\u00c7in Vizesi \u0130zmir - My Vize Profesyonel Vize Hizmetleri","isPartOf":{"@id":"https:\/\/www.myvize.com.tr\/cin\/#website"},"datePublished":"2020-12-30T11:08:06+00:00","dateModified":"2021-11-30T13:03:35+00:00","description":"\u00c7in Vizesi \u0130zmir ofisimizden, hangi \u00fclkeye seyahat etmek isterseniz gerekli b\u00fct\u00fcn bilgilere ula\u015fabilirsiniz.","breadcrumb":{"@id":"https:\/\/www.myvize.com.tr\/cin\/subelerimiz\/izmir\/#breadcrumb"},"inLanguage":"tr","potentialAction":[{"@type":"ReadAction","target":["https:\/\/www.myvize.com.tr\/cin\/subelerimiz\/izmir\/"]}]},{"@type":"BreadcrumbList","@id":"https:\/\/www.myvize.com.tr\/cin\/subelerimiz\/izmir\/#breadcrumb","itemListElement":[{"@type":"ListItem","position":1,"name":"Anasayfa","item":"https:\/\/www.myvize.com.tr\/cin\/"},{"@type":"ListItem","position":2,"name":"\u015eUBELER\u0130M\u0130Z","item":"https:\/\/www.myvize.com.tr\/cin\/subelerimiz\/"},{"@type":"ListItem","position":3,"name":"\u0130zmir"}]},{"@type":"WebSite","@id":"https:\/\/www.myvize.com.tr\/cin\/#website","url":"https:\/\/www.myvize.com.tr\/cin\/","name":"\u00c7in Vizesi","description":"","potentialAction":[{"@type":"SearchAction","target":{"@type":"EntryPoint","urlTemplate":"https:\/\/www.myvize.com.tr\/cin\/?s={search_term_string}"},"query-input":{"@type":"PropertyValueSpecification","valueRequired":true,"valueName":"search_term_string"}}],"inLanguage":"tr"}]}},"_links":{"self":[{"href":"https:\/\/www.myvize.com.tr\/cin\/wp-json\/wp\/v2\/pages\/200","targetHints":{"allow":["GET"]}}],"collection":[{"href":"https:\/\/www.myvize.com.tr\/cin\/wp-json\/wp\/v2\/pages"}],"about":[{"href":"https:\/\/www.myvize.com.tr\/cin\/wp-json\/wp\/v2\/types\/page"}],"author":[{"embeddable":true,"href":"https:\/\/www.myvize.com.tr\/cin\/wp-json\/wp\/v2\/users\/1"}],"replies":[{"embeddable":true,"href":"https:\/\/www.myvize.com.tr\/cin\/wp-json\/wp\/v2\/comments?post=200"}],"version-history":[{"count":3,"href":"https:\/\/www.myvize.com.tr\/cin\/wp-json\/wp\/v2\/pages\/200\/revisions"}],"predecessor-version":[{"id":696,"href":"https:\/\/www.myvize.com.tr\/cin\/wp-json\/wp\/v2\/pages\/200\/revisions\/696"}],"up":[{"embeddable":true,"href":"https:\/\/www.myvize.com.tr\/cin\/wp-json\/wp\/v2\/pages\/191"}],"wp:attachment":[{"href":"https:\/\/www.myvize.com.tr\/cin\/wp-json\/wp\/v2\/media?parent=200"}],"curies":[{"name":"wp","href":"https:\/\/api.w.org\/{rel}","templated":true}]}}