{"id":204,"date":"2020-12-30T14:08:37","date_gmt":"2020-12-30T11:08:37","guid":{"rendered":"https:\/\/www.myvize.com.tr\/cin\/?page_id=204"},"modified":"2021-11-30T16:05:36","modified_gmt":"2021-11-30T13:05:36","slug":"kayseri","status":"publish","type":"page","link":"https:\/\/www.myvize.com.tr\/cin\/subelerimiz\/kayseri\/","title":{"rendered":"Kayseri"},"content":{"rendered":"<h2><span style=\"font-family: Roboto; font-size: 27px;\"><strong>Kayseri \u00c7in Vizesi Ba\u015fvuru<\/strong><\/span><\/h2>\n<p><span style=\"font-family: Roboto; font-size: 14px;\"><strong>Kayseri \u00c7in vize ba\u015fvurusu\u00a0<\/strong>Kayseri\u2019de ikamet eden vatanda\u015flar\u0131n<strong> \u00c7in vize ba\u015fvuru<\/strong> i\u015flemlerini ger\u00e7ekle\u015ftirmektedir. <strong>\u00c7in vizesi<\/strong> verme konusunda tam yetkiye sahip olan <strong>\u00c7in Ba\u015fkonsoloslu\u011fu<\/strong> ve \u00c7in Konsoloslu\u011fu ile uzak mesafede ikameti olan vatanda\u015flar Kayseri\u2019de bulunan vize merkezleri ile ileti\u015fime ge\u00e7erek vize ba\u015fvuru i\u015flemlerini ger\u00e7ekle\u015ftirebilirler.<\/span><\/p>\n<p><span style=\"font-family: Roboto; font-size: 14px;\"><strong>\u00c7in Halk Cumhuriyeti,<\/strong> T\u00fcrkiye\u2019den seyahat edecek vatanda\u015flardan vize talebinde bulunmaktad\u0131r. \u00dclkeye seyahat amac\u0131na karar veren vatanda\u015flar kendileri i\u00e7in en uygun olan vize t\u00fcr\u00fcne ba\u015fvuru\u015f yaparak, de\u011ferlendirme s\u00fcrecinden olumlu sonu\u00e7 almalar\u0131 halinde \u00c7in vizesine sahip olabilir ve \u00fclkeye seyahatlerini ger\u00e7ekle\u015ftirebilirler. <strong>\u00c7in vizesi<\/strong> i\u00e7in yap\u0131lacak olan ba\u015fvurular herhangi bir resm\u00ee tatilin araya girmemesi halinde 7 ila 10 g\u00fcn i\u00e7erisinde sonu\u00e7lanmaktad\u0131r. Resm\u00ee tatil g\u00fcnleri de\u011ferlendirme i\u00e7in verilen g\u00fcn\u00fcn d\u0131\u015f\u0131nda kal\u0131r.<\/span><\/p>\n<p><span style=\"font-family: Roboto; font-size: 14px;\"><strong>\u00c7in vizesi<\/strong> i\u00e7in vatanda\u015flardan talep edilecek olan belgeler \u015fu \u015fekildedir;<\/span><\/p>\n<ul>\n<li><span style=\"font-family: Roboto; font-size: 14px;\">\u00c7in seyahat ba\u015fvuru talep formu<\/span><\/li>\n<li><span style=\"font-family: Roboto; font-size: 14px;\">Vize ba\u015fvuru \u00fccret dekontu<\/span><\/li>\n<li><span style=\"font-family: Roboto; font-size: 14px;\">6 ay ge\u00e7erlili\u011fe sahip pasaport<\/span><\/li>\n<li><span style=\"font-family: Roboto; font-size: 14px;\">Varsa eski pasaport<\/span><\/li>\n<li><span style=\"font-family: Roboto; font-size: 14px;\">Biyometrik olarak \u00e7ekilmi\u015f 2 adet foto\u011fraf<\/span><\/li>\n<li><span style=\"font-family: Roboto; font-size: 14px;\">En az 5.000 TL bulunan hesap dok\u00fcman\u0131<\/span><\/li>\n<li><span style=\"font-family: Roboto; font-size: 14px;\">Davetiye<\/span><\/li>\n<li><span style=\"font-family: Roboto; font-size: 14px;\">Adli sicil kayd\u0131<\/span><\/li>\n<li><span style=\"font-family: Roboto; font-size: 14px;\">\u0130kametg\u00e2h belgesi<\/span><\/li>\n<\/ul>\n<p><span style=\"font-family: Roboto; font-size: 14px;\"><span style=\"color: #2acec2;\"><strong><a style=\"color: #2acec2;\" href=\"https:\/\/www.myvize.com.tr\/cin\/cin-oturum-izni\/\" target=\"_blank\" rel=\"noopener\">\u00c7in Oturum \u0130zni<\/a><\/strong><\/span> ile ilgili bilgi almak i\u00e7in bizi aray\u0131n\u0131z.<\/span><\/p>\n","protected":false},"excerpt":{"rendered":"<p>Kayseri \u00c7in Vizesi Ba\u015fvuru Kayseri \u00c7in vize ba\u015fvurusu\u00a0Kayseri\u2019de ikamet eden vatanda\u015flar\u0131n \u00c7in vize ba\u015fvuru i\u015flemlerini ger\u00e7ekle\u015ftirmektedir. \u00c7in vizesi verme konusunda tam yetkiye sahip olan \u00c7in Ba\u015fkonsoloslu\u011fu ve \u00c7in Konsoloslu\u011fu ile uzak mesafede ikameti olan vatanda\u015flar Kayseri\u2019de bulunan vize merkezleri ile ileti\u015fime ge\u00e7erek vize ba\u015fvuru i\u015flemlerini ger\u00e7ekle\u015ftirebilirler. \u00c7in Halk Cumhuriyeti, T\u00fcrkiye\u2019den seyahat edecek vatanda\u015flardan vize talebinde<\/p>\n","protected":false},"author":1,"featured_media":0,"parent":191,"menu_order":0,"comment_status":"open","ping_status":"closed","template":"","meta":{"footnotes":""},"class_list":["post-204","page","type-page","status-publish","hentry"],"yoast_head":"<!-- This site is optimized with the Yoast SEO plugin v26.8 - https:\/\/yoast.com\/product\/yoast-seo-wordpress\/ -->\n<title>\u00c7in Vizesi Kayseri - My Vize Profesyonel Vize Hizmetleri<\/title>\n<meta name=\"description\" content=\"\u00c7in Vizesi Kayseri ofisimizden, hangi \u00fclkeye seyahat etmek isterseniz gerekli b\u00fct\u00fcn bilgilere ula\u015fabilirsiniz.\" \/>\n<meta name=\"robots\" content=\"index, follow, max-snippet:-1, max-image-preview:large, max-video-preview:-1\" \/>\n<link rel=\"canonical\" href=\"https:\/\/www.myvize.com.tr\/cin\/subelerimiz\/kayseri\/\" \/>\n<meta property=\"og:locale\" content=\"tr_TR\" \/>\n<meta property=\"og:type\" content=\"article\" \/>\n<meta property=\"og:title\" content=\"\u00c7in Vizesi Kayseri - My Vize Profesyonel Vize Hizmetleri\" \/>\n<meta property=\"og:description\" content=\"\u00c7in Vizesi Kayseri ofisimizden, hangi \u00fclkeye seyahat etmek isterseniz gerekli b\u00fct\u00fcn bilgilere ula\u015fabilirsiniz.\" \/>\n<meta property=\"og:url\" content=\"https:\/\/www.myvize.com.tr\/cin\/subelerimiz\/kayseri\/\" \/>\n<meta property=\"og:site_name\" content=\"\u00c7in Vizesi\" \/>\n<meta property=\"article:modified_time\" content=\"2021-11-30T13:05:36+00:00\" \/>\n<meta name=\"twitter:card\" content=\"summary_large_image\" \/>\n<meta name=\"twitter:label1\" content=\"Tahmini okuma s\u00fcresi\" \/>\n\t<meta name=\"twitter:data1\" content=\"1 dakika\" \/>\n<script type=\"application\/ld+json\" class=\"yoast-schema-graph\">{\"@context\":\"https:\/\/schema.org\",\"@graph\":[{\"@type\":\"WebPage\",\"@id\":\"https:\/\/www.myvize.com.tr\/cin\/subelerimiz\/kayseri\/\",\"url\":\"https:\/\/www.myvize.com.tr\/cin\/subelerimiz\/kayseri\/\",\"name\":\"\u00c7in Vizesi Kayseri - My Vize Profesyonel Vize Hizmetleri\",\"isPartOf\":{\"@id\":\"https:\/\/www.myvize.com.tr\/cin\/#website\"},\"datePublished\":\"2020-12-30T11:08:37+00:00\",\"dateModified\":\"2021-11-30T13:05:36+00:00\",\"description\":\"\u00c7in Vizesi Kayseri ofisimizden, hangi \u00fclkeye seyahat etmek isterseniz gerekli b\u00fct\u00fcn bilgilere ula\u015fabilirsiniz.\",\"breadcrumb\":{\"@id\":\"https:\/\/www.myvize.com.tr\/cin\/subelerimiz\/kayseri\/#breadcrumb\"},\"inLanguage\":\"tr\",\"potentialAction\":[{\"@type\":\"ReadAction\",\"target\":[\"https:\/\/www.myvize.com.tr\/cin\/subelerimiz\/kayseri\/\"]}]},{\"@type\":\"BreadcrumbList\",\"@id\":\"https:\/\/www.myvize.com.tr\/cin\/subelerimiz\/kayseri\/#breadcrumb\",\"itemListElement\":[{\"@type\":\"ListItem\",\"position\":1,\"name\":\"Anasayfa\",\"item\":\"https:\/\/www.myvize.com.tr\/cin\/\"},{\"@type\":\"ListItem\",\"position\":2,\"name\":\"\u015eUBELER\u0130M\u0130Z\",\"item\":\"https:\/\/www.myvize.com.tr\/cin\/subelerimiz\/\"},{\"@type\":\"ListItem\",\"position\":3,\"name\":\"Kayseri\"}]},{\"@type\":\"WebSite\",\"@id\":\"https:\/\/www.myvize.com.tr\/cin\/#website\",\"url\":\"https:\/\/www.myvize.com.tr\/cin\/\",\"name\":\"\u00c7in Vizesi\",\"description\":\"\",\"potentialAction\":[{\"@type\":\"SearchAction\",\"target\":{\"@type\":\"EntryPoint\",\"urlTemplate\":\"https:\/\/www.myvize.com.tr\/cin\/?s={search_term_string}\"},\"query-input\":{\"@type\":\"PropertyValueSpecification\",\"valueRequired\":true,\"valueName\":\"search_term_string\"}}],\"inLanguage\":\"tr\"}]}<\/script>\n<!-- \/ Yoast SEO plugin. -->","yoast_head_json":{"title":"\u00c7in Vizesi Kayseri - My Vize Profesyonel Vize Hizmetleri","description":"\u00c7in Vizesi Kayseri ofisimizden, hangi \u00fclkeye seyahat etmek isterseniz gerekli b\u00fct\u00fcn bilgilere ula\u015fabilirsiniz.","robots":{"index":"index","follow":"follow","max-snippet":"max-snippet:-1","max-image-preview":"max-image-preview:large","max-video-preview":"max-video-preview:-1"},"canonical":"https:\/\/www.myvize.com.tr\/cin\/subelerimiz\/kayseri\/","og_locale":"tr_TR","og_type":"article","og_title":"\u00c7in Vizesi Kayseri - My Vize Profesyonel Vize Hizmetleri","og_description":"\u00c7in Vizesi Kayseri ofisimizden, hangi \u00fclkeye seyahat etmek isterseniz gerekli b\u00fct\u00fcn bilgilere ula\u015fabilirsiniz.","og_url":"https:\/\/www.myvize.com.tr\/cin\/subelerimiz\/kayseri\/","og_site_name":"\u00c7in Vizesi","article_modified_time":"2021-11-30T13:05:36+00:00","twitter_card":"summary_large_image","twitter_misc":{"Tahmini okuma s\u00fcresi":"1 dakika"},"schema":{"@context":"https:\/\/schema.org","@graph":[{"@type":"WebPage","@id":"https:\/\/www.myvize.com.tr\/cin\/subelerimiz\/kayseri\/","url":"https:\/\/www.myvize.com.tr\/cin\/subelerimiz\/kayseri\/","name":"\u00c7in Vizesi Kayseri - My Vize Profesyonel Vize Hizmetleri","isPartOf":{"@id":"https:\/\/www.myvize.com.tr\/cin\/#website"},"datePublished":"2020-12-30T11:08:37+00:00","dateModified":"2021-11-30T13:05:36+00:00","description":"\u00c7in Vizesi Kayseri ofisimizden, hangi \u00fclkeye seyahat etmek isterseniz gerekli b\u00fct\u00fcn bilgilere ula\u015fabilirsiniz.","breadcrumb":{"@id":"https:\/\/www.myvize.com.tr\/cin\/subelerimiz\/kayseri\/#breadcrumb"},"inLanguage":"tr","potentialAction":[{"@type":"ReadAction","target":["https:\/\/www.myvize.com.tr\/cin\/subelerimiz\/kayseri\/"]}]},{"@type":"BreadcrumbList","@id":"https:\/\/www.myvize.com.tr\/cin\/subelerimiz\/kayseri\/#breadcrumb","itemListElement":[{"@type":"ListItem","position":1,"name":"Anasayfa","item":"https:\/\/www.myvize.com.tr\/cin\/"},{"@type":"ListItem","position":2,"name":"\u015eUBELER\u0130M\u0130Z","item":"https:\/\/www.myvize.com.tr\/cin\/subelerimiz\/"},{"@type":"ListItem","position":3,"name":"Kayseri"}]},{"@type":"WebSite","@id":"https:\/\/www.myvize.com.tr\/cin\/#website","url":"https:\/\/www.myvize.com.tr\/cin\/","name":"\u00c7in Vizesi","description":"","potentialAction":[{"@type":"SearchAction","target":{"@type":"EntryPoint","urlTemplate":"https:\/\/www.myvize.com.tr\/cin\/?s={search_term_string}"},"query-input":{"@type":"PropertyValueSpecification","valueRequired":true,"valueName":"search_term_string"}}],"inLanguage":"tr"}]}},"_links":{"self":[{"href":"https:\/\/www.myvize.com.tr\/cin\/wp-json\/wp\/v2\/pages\/204","targetHints":{"allow":["GET"]}}],"collection":[{"href":"https:\/\/www.myvize.com.tr\/cin\/wp-json\/wp\/v2\/pages"}],"about":[{"href":"https:\/\/www.myvize.com.tr\/cin\/wp-json\/wp\/v2\/types\/page"}],"author":[{"embeddable":true,"href":"https:\/\/www.myvize.com.tr\/cin\/wp-json\/wp\/v2\/users\/1"}],"replies":[{"embeddable":true,"href":"https:\/\/www.myvize.com.tr\/cin\/wp-json\/wp\/v2\/comments?post=204"}],"version-history":[{"count":3,"href":"https:\/\/www.myvize.com.tr\/cin\/wp-json\/wp\/v2\/pages\/204\/revisions"}],"predecessor-version":[{"id":697,"href":"https:\/\/www.myvize.com.tr\/cin\/wp-json\/wp\/v2\/pages\/204\/revisions\/697"}],"up":[{"embeddable":true,"href":"https:\/\/www.myvize.com.tr\/cin\/wp-json\/wp\/v2\/pages\/191"}],"wp:attachment":[{"href":"https:\/\/www.myvize.com.tr\/cin\/wp-json\/wp\/v2\/media?parent=204"}],"curies":[{"name":"wp","href":"https:\/\/api.w.org\/{rel}","templated":true}]}}