{"id":208,"date":"2020-12-30T14:09:10","date_gmt":"2020-12-30T11:09:10","guid":{"rendered":"https:\/\/www.myvize.com.tr\/cin\/?page_id=208"},"modified":"2021-11-30T16:06:53","modified_gmt":"2021-11-30T13:06:53","slug":"konya","status":"publish","type":"page","link":"https:\/\/www.myvize.com.tr\/cin\/subelerimiz\/konya\/","title":{"rendered":"Konya"},"content":{"rendered":"<h2><span style=\"font-family: Roboto; font-size: 27px;\"><strong>Konya \u00c7in Vizesi Ba\u015fvuru<\/strong><\/span><\/h2>\n<p><span style=\"font-family: Roboto; font-size: 14px;\">Konya\u2019da bulunan<strong> \u00c7in vizesi<\/strong> ba\u015fvuru merkezleri vatanda\u015flara ihtiya\u00e7lar\u0131 olan <strong>\u00c7in vizesi<\/strong> hizmetini sunar. <strong>\u00c7in B\u00fcy\u00fckel\u00e7ili\u011fi<\/strong> ve \u00c7in Ba\u015fkonsoloslu\u011fu\u2019na uzak mesafede ikamet eden vatanda\u015flar Konya\u2019da hizmet veren vize ba\u015fvuru merkezleri ile i\u015flemlerini k\u0131sa s\u00fcre i\u00e7erisinde halledebilirler.<\/span><\/p>\n<p><span style=\"font-family: Roboto; font-size: 14px;\"><strong>Konya \u00c7in vizesi ba\u015fvuru<\/strong>\u00a0s\u00fcreci, \u00c7in\u2019e seyahat edecek olan vatanda\u015flar\u0131n resmi ba\u015fvuru dilek\u00e7elerini doldurmalar\u0131 ile ba\u015flar. <strong>\u00c7in Halk Cumhuriyeti<\/strong>, yeni yap\u0131lacak olan \u00fclke giri\u015flerinde vatanda\u015flardan \u00fclkeye giri\u015f nedenini sorgulamaktad\u0131r. Bu anlamda vatanda\u015flar \u00fclkeye giri\u015f nedenlerini vize ba\u015fvuru formunda mutlaka belirtmelidir. Vize ba\u015fvuru \u00fccretinin de ilgili bankalara yat\u0131r\u0131lmas\u0131 ile vize i\u00e7in gerekli olan di\u011fer evraklar haz\u0131rlanmaya ba\u015flanabilir.<\/span><\/p>\n<p><span style=\"font-family: Roboto; font-size: 14px;\"><strong>\u00c7in vizesi<\/strong> i\u00e7in vatanda\u015flardan istenen evraklar \u015fu \u015fekildedir;<\/span><\/p>\n<ul>\n<li><span style=\"font-family: Roboto; font-size: 14px;\">Ticari seyahatler i\u00e7in \u00c7in\u2019den gelecek olan davetiye<\/span><\/li>\n<li><span style=\"font-family: Roboto; font-size: 14px;\">Turistik gezi i\u00e7in gidiliyorsa tur \u015firketi taraf\u0131ndan haz\u0131rlanm\u0131\u015f olan bir seyahat belgesi<\/span><\/li>\n<li><span style=\"font-family: Roboto; font-size: 14px;\">Kimlik fotokopisi<\/span><\/li>\n<li><span style=\"font-family: Roboto; font-size: 14px;\">2 adet biyometrik foto\u011fraf<\/span><\/li>\n<li><span style=\"font-family: Roboto; font-size: 14px;\">6 ay ge\u00e7erlili\u011fi olan pasaport<\/span><\/li>\n<li><span style=\"font-family: Roboto; font-size: 14px;\">En az 5.000 bakiye oldu\u011funu g\u00f6sterir hesap d\u00f6k\u00fcm\u00fc<\/span><\/li>\n<li><span style=\"font-family: Roboto; font-size: 14px;\">Adli sicil belgesi<\/span><\/li>\n<li><span style=\"font-family: Roboto; font-size: 14px;\">Varsa eski pasaportlar<\/span><\/li>\n<li><span style=\"font-family: Roboto; font-size: 14px;\">\u0130kametg\u00e2h belgesi<\/span><\/li>\n<li><span style=\"font-family: Roboto; font-size: 14px;\">Konaklama ya da otel rezervasyonlar\u0131<\/span><\/li>\n<\/ul>\n<p><span style=\"font-family: Roboto; font-size: 14px;\"><span style=\"color: #2acec2;\"><strong><a style=\"color: #2acec2;\" href=\"https:\/\/www.myvize.com.tr\/cin\/cin-vize-reddi\/\" target=\"_blank\" rel=\"noopener\">\u00c7in Vize Reddi<\/a><\/strong><\/span> ile ilgili bilgi almak i\u00e7in bizi aray\u0131n\u0131z.<\/span><\/p>\n","protected":false},"excerpt":{"rendered":"<p>Konya \u00c7in Vizesi Ba\u015fvuru Konya\u2019da bulunan \u00c7in vizesi ba\u015fvuru merkezleri vatanda\u015flara ihtiya\u00e7lar\u0131 olan \u00c7in vizesi hizmetini sunar. \u00c7in B\u00fcy\u00fckel\u00e7ili\u011fi ve \u00c7in Ba\u015fkonsoloslu\u011fu\u2019na uzak mesafede ikamet eden vatanda\u015flar Konya\u2019da hizmet veren vize ba\u015fvuru merkezleri ile i\u015flemlerini k\u0131sa s\u00fcre i\u00e7erisinde halledebilirler. Konya \u00c7in vizesi ba\u015fvuru\u00a0s\u00fcreci, \u00c7in\u2019e seyahat edecek olan vatanda\u015flar\u0131n resmi ba\u015fvuru dilek\u00e7elerini doldurmalar\u0131 ile ba\u015flar. \u00c7in<\/p>\n","protected":false},"author":1,"featured_media":0,"parent":191,"menu_order":0,"comment_status":"open","ping_status":"closed","template":"","meta":{"footnotes":""},"class_list":["post-208","page","type-page","status-publish","hentry"],"yoast_head":"<!-- This site is optimized with the Yoast SEO plugin v26.8 - https:\/\/yoast.com\/product\/yoast-seo-wordpress\/ -->\n<title>\u00c7in Vizesi Konya - My Vize Profesyonel Vize Hizmetleri<\/title>\n<meta name=\"description\" content=\"\u00c7in Vizesi Konya ofisimizden, hangi \u00fclkeye seyahat etmek isterseniz gerekli b\u00fct\u00fcn bilgilere ula\u015fabilirsiniz.\" \/>\n<meta name=\"robots\" content=\"index, follow, max-snippet:-1, max-image-preview:large, max-video-preview:-1\" \/>\n<link rel=\"canonical\" href=\"https:\/\/www.myvize.com.tr\/cin\/subelerimiz\/konya\/\" \/>\n<meta property=\"og:locale\" content=\"tr_TR\" \/>\n<meta property=\"og:type\" content=\"article\" \/>\n<meta property=\"og:title\" content=\"\u00c7in Vizesi Konya - My Vize Profesyonel Vize Hizmetleri\" \/>\n<meta property=\"og:description\" content=\"\u00c7in Vizesi Konya ofisimizden, hangi \u00fclkeye seyahat etmek isterseniz gerekli b\u00fct\u00fcn bilgilere ula\u015fabilirsiniz.\" \/>\n<meta property=\"og:url\" content=\"https:\/\/www.myvize.com.tr\/cin\/subelerimiz\/konya\/\" \/>\n<meta property=\"og:site_name\" content=\"\u00c7in Vizesi\" \/>\n<meta property=\"article:modified_time\" content=\"2021-11-30T13:06:53+00:00\" \/>\n<meta name=\"twitter:card\" content=\"summary_large_image\" \/>\n<meta name=\"twitter:label1\" content=\"Tahmini okuma s\u00fcresi\" \/>\n\t<meta name=\"twitter:data1\" content=\"1 dakika\" \/>\n<script type=\"application\/ld+json\" class=\"yoast-schema-graph\">{\"@context\":\"https:\/\/schema.org\",\"@graph\":[{\"@type\":\"WebPage\",\"@id\":\"https:\/\/www.myvize.com.tr\/cin\/subelerimiz\/konya\/\",\"url\":\"https:\/\/www.myvize.com.tr\/cin\/subelerimiz\/konya\/\",\"name\":\"\u00c7in Vizesi Konya - My Vize Profesyonel Vize Hizmetleri\",\"isPartOf\":{\"@id\":\"https:\/\/www.myvize.com.tr\/cin\/#website\"},\"datePublished\":\"2020-12-30T11:09:10+00:00\",\"dateModified\":\"2021-11-30T13:06:53+00:00\",\"description\":\"\u00c7in Vizesi Konya ofisimizden, hangi \u00fclkeye seyahat etmek isterseniz gerekli b\u00fct\u00fcn bilgilere ula\u015fabilirsiniz.\",\"breadcrumb\":{\"@id\":\"https:\/\/www.myvize.com.tr\/cin\/subelerimiz\/konya\/#breadcrumb\"},\"inLanguage\":\"tr\",\"potentialAction\":[{\"@type\":\"ReadAction\",\"target\":[\"https:\/\/www.myvize.com.tr\/cin\/subelerimiz\/konya\/\"]}]},{\"@type\":\"BreadcrumbList\",\"@id\":\"https:\/\/www.myvize.com.tr\/cin\/subelerimiz\/konya\/#breadcrumb\",\"itemListElement\":[{\"@type\":\"ListItem\",\"position\":1,\"name\":\"Anasayfa\",\"item\":\"https:\/\/www.myvize.com.tr\/cin\/\"},{\"@type\":\"ListItem\",\"position\":2,\"name\":\"\u015eUBELER\u0130M\u0130Z\",\"item\":\"https:\/\/www.myvize.com.tr\/cin\/subelerimiz\/\"},{\"@type\":\"ListItem\",\"position\":3,\"name\":\"Konya\"}]},{\"@type\":\"WebSite\",\"@id\":\"https:\/\/www.myvize.com.tr\/cin\/#website\",\"url\":\"https:\/\/www.myvize.com.tr\/cin\/\",\"name\":\"\u00c7in Vizesi\",\"description\":\"\",\"potentialAction\":[{\"@type\":\"SearchAction\",\"target\":{\"@type\":\"EntryPoint\",\"urlTemplate\":\"https:\/\/www.myvize.com.tr\/cin\/?s={search_term_string}\"},\"query-input\":{\"@type\":\"PropertyValueSpecification\",\"valueRequired\":true,\"valueName\":\"search_term_string\"}}],\"inLanguage\":\"tr\"}]}<\/script>\n<!-- \/ Yoast SEO plugin. -->","yoast_head_json":{"title":"\u00c7in Vizesi Konya - My Vize Profesyonel Vize Hizmetleri","description":"\u00c7in Vizesi Konya ofisimizden, hangi \u00fclkeye seyahat etmek isterseniz gerekli b\u00fct\u00fcn bilgilere ula\u015fabilirsiniz.","robots":{"index":"index","follow":"follow","max-snippet":"max-snippet:-1","max-image-preview":"max-image-preview:large","max-video-preview":"max-video-preview:-1"},"canonical":"https:\/\/www.myvize.com.tr\/cin\/subelerimiz\/konya\/","og_locale":"tr_TR","og_type":"article","og_title":"\u00c7in Vizesi Konya - My Vize Profesyonel Vize Hizmetleri","og_description":"\u00c7in Vizesi Konya ofisimizden, hangi \u00fclkeye seyahat etmek isterseniz gerekli b\u00fct\u00fcn bilgilere ula\u015fabilirsiniz.","og_url":"https:\/\/www.myvize.com.tr\/cin\/subelerimiz\/konya\/","og_site_name":"\u00c7in Vizesi","article_modified_time":"2021-11-30T13:06:53+00:00","twitter_card":"summary_large_image","twitter_misc":{"Tahmini okuma s\u00fcresi":"1 dakika"},"schema":{"@context":"https:\/\/schema.org","@graph":[{"@type":"WebPage","@id":"https:\/\/www.myvize.com.tr\/cin\/subelerimiz\/konya\/","url":"https:\/\/www.myvize.com.tr\/cin\/subelerimiz\/konya\/","name":"\u00c7in Vizesi Konya - My Vize Profesyonel Vize Hizmetleri","isPartOf":{"@id":"https:\/\/www.myvize.com.tr\/cin\/#website"},"datePublished":"2020-12-30T11:09:10+00:00","dateModified":"2021-11-30T13:06:53+00:00","description":"\u00c7in Vizesi Konya ofisimizden, hangi \u00fclkeye seyahat etmek isterseniz gerekli b\u00fct\u00fcn bilgilere ula\u015fabilirsiniz.","breadcrumb":{"@id":"https:\/\/www.myvize.com.tr\/cin\/subelerimiz\/konya\/#breadcrumb"},"inLanguage":"tr","potentialAction":[{"@type":"ReadAction","target":["https:\/\/www.myvize.com.tr\/cin\/subelerimiz\/konya\/"]}]},{"@type":"BreadcrumbList","@id":"https:\/\/www.myvize.com.tr\/cin\/subelerimiz\/konya\/#breadcrumb","itemListElement":[{"@type":"ListItem","position":1,"name":"Anasayfa","item":"https:\/\/www.myvize.com.tr\/cin\/"},{"@type":"ListItem","position":2,"name":"\u015eUBELER\u0130M\u0130Z","item":"https:\/\/www.myvize.com.tr\/cin\/subelerimiz\/"},{"@type":"ListItem","position":3,"name":"Konya"}]},{"@type":"WebSite","@id":"https:\/\/www.myvize.com.tr\/cin\/#website","url":"https:\/\/www.myvize.com.tr\/cin\/","name":"\u00c7in Vizesi","description":"","potentialAction":[{"@type":"SearchAction","target":{"@type":"EntryPoint","urlTemplate":"https:\/\/www.myvize.com.tr\/cin\/?s={search_term_string}"},"query-input":{"@type":"PropertyValueSpecification","valueRequired":true,"valueName":"search_term_string"}}],"inLanguage":"tr"}]}},"_links":{"self":[{"href":"https:\/\/www.myvize.com.tr\/cin\/wp-json\/wp\/v2\/pages\/208","targetHints":{"allow":["GET"]}}],"collection":[{"href":"https:\/\/www.myvize.com.tr\/cin\/wp-json\/wp\/v2\/pages"}],"about":[{"href":"https:\/\/www.myvize.com.tr\/cin\/wp-json\/wp\/v2\/types\/page"}],"author":[{"embeddable":true,"href":"https:\/\/www.myvize.com.tr\/cin\/wp-json\/wp\/v2\/users\/1"}],"replies":[{"embeddable":true,"href":"https:\/\/www.myvize.com.tr\/cin\/wp-json\/wp\/v2\/comments?post=208"}],"version-history":[{"count":4,"href":"https:\/\/www.myvize.com.tr\/cin\/wp-json\/wp\/v2\/pages\/208\/revisions"}],"predecessor-version":[{"id":699,"href":"https:\/\/www.myvize.com.tr\/cin\/wp-json\/wp\/v2\/pages\/208\/revisions\/699"}],"up":[{"embeddable":true,"href":"https:\/\/www.myvize.com.tr\/cin\/wp-json\/wp\/v2\/pages\/191"}],"wp:attachment":[{"href":"https:\/\/www.myvize.com.tr\/cin\/wp-json\/wp\/v2\/media?parent=208"}],"curies":[{"name":"wp","href":"https:\/\/api.w.org\/{rel}","templated":true}]}}