{"id":210,"date":"2020-12-30T14:09:25","date_gmt":"2020-12-30T11:09:25","guid":{"rendered":"https:\/\/www.myvize.com.tr\/cin\/?page_id=210"},"modified":"2021-11-30T15:50:56","modified_gmt":"2021-11-30T12:50:56","slug":"ankara","status":"publish","type":"page","link":"https:\/\/www.myvize.com.tr\/cin\/subelerimiz\/ankara\/","title":{"rendered":"Ankara"},"content":{"rendered":"<h2><span style=\"font-family: Roboto; font-size: 27px;\"><strong>Ankara \u00c7in Vizesi Ba\u015fvuru<\/strong><\/span><\/h2>\n<p><span style=\"font-family: Roboto; font-size: 14px;\"><strong>Ankara \u00c7in vizesi ba\u015fvuru<\/strong>\u00a0i\u015flemleri \u00c7in\u2019in Ankara\u2019da bulunan B\u00fcy\u00fckel\u00e7ili\u011fi arac\u0131l\u0131\u011f\u0131 ile ger\u00e7ekle\u015fir. <span style=\"color: #2acec2;\"><strong><a style=\"color: #2acec2;\" href=\"https:\/\/www.myvize.com.tr\/cin\/konsolosluklar\/cin-buyukelciligi-ankara\/\" target=\"_blank\" rel=\"noopener\">\u00c7in Ankara B\u00fcy\u00fckel\u00e7ili\u011fi<\/a><\/strong><\/span>, T\u00fcrkiye Cumhuriyeti s\u0131n\u0131rlar\u0131 i\u00e7erisinde, \u00c7in Halk Cumhuriyeti\u2019ne ba\u011fl\u0131 resmi evrak i\u015flemlerini y\u00fcr\u00fcten en yetkili kurumdur.<strong> \u00c7in Halk Cumhuriyeti<\/strong> taraf\u0131ndan tam olarak hizmet yetkisi bulunan b\u00fcy\u00fckel\u00e7ilik vas\u0131tas\u0131 ile her t\u00fcrl\u00fc diplomatik i\u015flem yerine getirilmektedir.<\/span><\/p>\n<p><span style=\"font-family: Roboto; font-size: 14px;\">T\u00fcrkiye\u2019de ikamet eden vatanda\u015flar<strong> \u00c7in vizesi<\/strong> ba\u015fvurusu i\u00e7in \u00c7in B\u00fcy\u00fckel\u00e7ili\u011fi\u2019nden randevu alabilir ve i\u015flemlerini buradan ger\u00e7ekle\u015ftirebilirler. B\u00fcy\u00fckel\u00e7ilik binas\u0131na gidemeyecek olan vatanda\u015flar kendilerine yak\u0131n adreslerde hizmet veren resmi turizm acenteleri ile ileti\u015fime ge\u00e7erek de vize ba\u015fvurusunda bulunabilirler.<\/span><\/p>\n<p><span style=\"font-family: Roboto; font-size: 14px;\"><strong>\u00c7in vizesi ba\u015fvurusu<\/strong> yapmak isteyen vatanda\u015flar, b\u00fcy\u00fckel\u00e7ilikten alaca\u011f\u0131 vize i\u00e7in gerekli evraklar listesinde bulunan her bir evrak\u0131 eksiksiz olarak tamamlamal\u0131d\u0131r. <strong>\u00c7in vizesi talep formunu<\/strong> eksiksiz olarak dolduran vatanda\u015flar, <strong>\u00c7in vize ba\u015fvurusu<\/strong> i\u00e7in gerekli \u00fccreti de yat\u0131rd\u0131ktan sonra di\u011fer evraklar\u0131 da haz\u0131rlayarak resmi ba\u015fvuru s\u00fcrecini ba\u015flatabilirler.<\/span><\/p>\n<p><span style=\"font-family: Roboto; font-size: 14px;\"><strong>\u00c7in vizesi<\/strong> ba\u015fvurusunun olumlu olmas\u0131 i\u00e7in vatanda\u015flar\u0131n pasaportlar\u0131nda en az 6 ay ge\u00e7erlilik s\u00fcresi bulunmas\u0131 gerekir. Aksi taktirde vatanda\u015flar\u0131n vize ba\u015fvuru i\u015flemleri olumsuz olarak sonu\u00e7lanacakt\u0131r.<\/span><\/p>\n","protected":false},"excerpt":{"rendered":"<p>Ankara \u00c7in Vizesi Ba\u015fvuru Ankara \u00c7in vizesi ba\u015fvuru\u00a0i\u015flemleri \u00c7in\u2019in Ankara\u2019da bulunan B\u00fcy\u00fckel\u00e7ili\u011fi arac\u0131l\u0131\u011f\u0131 ile ger\u00e7ekle\u015fir. \u00c7in Ankara B\u00fcy\u00fckel\u00e7ili\u011fi, T\u00fcrkiye Cumhuriyeti s\u0131n\u0131rlar\u0131 i\u00e7erisinde, \u00c7in Halk Cumhuriyeti\u2019ne ba\u011fl\u0131 resmi evrak i\u015flemlerini y\u00fcr\u00fcten en yetkili kurumdur. \u00c7in Halk Cumhuriyeti taraf\u0131ndan tam olarak hizmet yetkisi bulunan b\u00fcy\u00fckel\u00e7ilik vas\u0131tas\u0131 ile her t\u00fcrl\u00fc diplomatik i\u015flem yerine getirilmektedir. T\u00fcrkiye\u2019de ikamet eden vatanda\u015flar<\/p>\n","protected":false},"author":1,"featured_media":0,"parent":191,"menu_order":0,"comment_status":"open","ping_status":"closed","template":"","meta":{"footnotes":""},"class_list":["post-210","page","type-page","status-publish","hentry"],"yoast_head":"<!-- This site is optimized with the Yoast SEO plugin v26.8 - https:\/\/yoast.com\/product\/yoast-seo-wordpress\/ -->\n<title>\u00c7in Vizesi Ankara - My Vize Profesyonel Vize Hizmetleri<\/title>\n<meta name=\"description\" content=\"\u00c7in Vizesi Ankara ofisimizden, hangi \u00fclkeye seyahat etmek isterseniz gerekli b\u00fct\u00fcn bilgilere ula\u015fabilirsiniz.\" \/>\n<meta name=\"robots\" content=\"index, follow, max-snippet:-1, max-image-preview:large, max-video-preview:-1\" \/>\n<link rel=\"canonical\" href=\"https:\/\/www.myvize.com.tr\/cin\/subelerimiz\/ankara\/\" \/>\n<meta property=\"og:locale\" content=\"tr_TR\" \/>\n<meta property=\"og:type\" content=\"article\" \/>\n<meta property=\"og:title\" content=\"\u00c7in Vizesi Ankara - My Vize Profesyonel Vize Hizmetleri\" \/>\n<meta property=\"og:description\" content=\"\u00c7in Vizesi Ankara ofisimizden, hangi \u00fclkeye seyahat etmek isterseniz gerekli b\u00fct\u00fcn bilgilere ula\u015fabilirsiniz.\" \/>\n<meta property=\"og:url\" content=\"https:\/\/www.myvize.com.tr\/cin\/subelerimiz\/ankara\/\" \/>\n<meta property=\"og:site_name\" content=\"\u00c7in Vizesi\" \/>\n<meta property=\"article:modified_time\" content=\"2021-11-30T12:50:56+00:00\" \/>\n<meta name=\"twitter:card\" content=\"summary_large_image\" \/>\n<meta name=\"twitter:label1\" content=\"Tahmini okuma s\u00fcresi\" \/>\n\t<meta name=\"twitter:data1\" content=\"1 dakika\" \/>\n<script type=\"application\/ld+json\" class=\"yoast-schema-graph\">{\"@context\":\"https:\/\/schema.org\",\"@graph\":[{\"@type\":\"WebPage\",\"@id\":\"https:\/\/www.myvize.com.tr\/cin\/subelerimiz\/ankara\/\",\"url\":\"https:\/\/www.myvize.com.tr\/cin\/subelerimiz\/ankara\/\",\"name\":\"\u00c7in Vizesi Ankara - My Vize Profesyonel Vize Hizmetleri\",\"isPartOf\":{\"@id\":\"https:\/\/www.myvize.com.tr\/cin\/#website\"},\"datePublished\":\"2020-12-30T11:09:25+00:00\",\"dateModified\":\"2021-11-30T12:50:56+00:00\",\"description\":\"\u00c7in Vizesi Ankara ofisimizden, hangi \u00fclkeye seyahat etmek isterseniz gerekli b\u00fct\u00fcn bilgilere ula\u015fabilirsiniz.\",\"breadcrumb\":{\"@id\":\"https:\/\/www.myvize.com.tr\/cin\/subelerimiz\/ankara\/#breadcrumb\"},\"inLanguage\":\"tr\",\"potentialAction\":[{\"@type\":\"ReadAction\",\"target\":[\"https:\/\/www.myvize.com.tr\/cin\/subelerimiz\/ankara\/\"]}]},{\"@type\":\"BreadcrumbList\",\"@id\":\"https:\/\/www.myvize.com.tr\/cin\/subelerimiz\/ankara\/#breadcrumb\",\"itemListElement\":[{\"@type\":\"ListItem\",\"position\":1,\"name\":\"Anasayfa\",\"item\":\"https:\/\/www.myvize.com.tr\/cin\/\"},{\"@type\":\"ListItem\",\"position\":2,\"name\":\"\u015eUBELER\u0130M\u0130Z\",\"item\":\"https:\/\/www.myvize.com.tr\/cin\/subelerimiz\/\"},{\"@type\":\"ListItem\",\"position\":3,\"name\":\"Ankara\"}]},{\"@type\":\"WebSite\",\"@id\":\"https:\/\/www.myvize.com.tr\/cin\/#website\",\"url\":\"https:\/\/www.myvize.com.tr\/cin\/\",\"name\":\"\u00c7in Vizesi\",\"description\":\"\",\"potentialAction\":[{\"@type\":\"SearchAction\",\"target\":{\"@type\":\"EntryPoint\",\"urlTemplate\":\"https:\/\/www.myvize.com.tr\/cin\/?s={search_term_string}\"},\"query-input\":{\"@type\":\"PropertyValueSpecification\",\"valueRequired\":true,\"valueName\":\"search_term_string\"}}],\"inLanguage\":\"tr\"}]}<\/script>\n<!-- \/ Yoast SEO plugin. -->","yoast_head_json":{"title":"\u00c7in Vizesi Ankara - My Vize Profesyonel Vize Hizmetleri","description":"\u00c7in Vizesi Ankara ofisimizden, hangi \u00fclkeye seyahat etmek isterseniz gerekli b\u00fct\u00fcn bilgilere ula\u015fabilirsiniz.","robots":{"index":"index","follow":"follow","max-snippet":"max-snippet:-1","max-image-preview":"max-image-preview:large","max-video-preview":"max-video-preview:-1"},"canonical":"https:\/\/www.myvize.com.tr\/cin\/subelerimiz\/ankara\/","og_locale":"tr_TR","og_type":"article","og_title":"\u00c7in Vizesi Ankara - My Vize Profesyonel Vize Hizmetleri","og_description":"\u00c7in Vizesi Ankara ofisimizden, hangi \u00fclkeye seyahat etmek isterseniz gerekli b\u00fct\u00fcn bilgilere ula\u015fabilirsiniz.","og_url":"https:\/\/www.myvize.com.tr\/cin\/subelerimiz\/ankara\/","og_site_name":"\u00c7in Vizesi","article_modified_time":"2021-11-30T12:50:56+00:00","twitter_card":"summary_large_image","twitter_misc":{"Tahmini okuma s\u00fcresi":"1 dakika"},"schema":{"@context":"https:\/\/schema.org","@graph":[{"@type":"WebPage","@id":"https:\/\/www.myvize.com.tr\/cin\/subelerimiz\/ankara\/","url":"https:\/\/www.myvize.com.tr\/cin\/subelerimiz\/ankara\/","name":"\u00c7in Vizesi Ankara - My Vize Profesyonel Vize Hizmetleri","isPartOf":{"@id":"https:\/\/www.myvize.com.tr\/cin\/#website"},"datePublished":"2020-12-30T11:09:25+00:00","dateModified":"2021-11-30T12:50:56+00:00","description":"\u00c7in Vizesi Ankara ofisimizden, hangi \u00fclkeye seyahat etmek isterseniz gerekli b\u00fct\u00fcn bilgilere ula\u015fabilirsiniz.","breadcrumb":{"@id":"https:\/\/www.myvize.com.tr\/cin\/subelerimiz\/ankara\/#breadcrumb"},"inLanguage":"tr","potentialAction":[{"@type":"ReadAction","target":["https:\/\/www.myvize.com.tr\/cin\/subelerimiz\/ankara\/"]}]},{"@type":"BreadcrumbList","@id":"https:\/\/www.myvize.com.tr\/cin\/subelerimiz\/ankara\/#breadcrumb","itemListElement":[{"@type":"ListItem","position":1,"name":"Anasayfa","item":"https:\/\/www.myvize.com.tr\/cin\/"},{"@type":"ListItem","position":2,"name":"\u015eUBELER\u0130M\u0130Z","item":"https:\/\/www.myvize.com.tr\/cin\/subelerimiz\/"},{"@type":"ListItem","position":3,"name":"Ankara"}]},{"@type":"WebSite","@id":"https:\/\/www.myvize.com.tr\/cin\/#website","url":"https:\/\/www.myvize.com.tr\/cin\/","name":"\u00c7in Vizesi","description":"","potentialAction":[{"@type":"SearchAction","target":{"@type":"EntryPoint","urlTemplate":"https:\/\/www.myvize.com.tr\/cin\/?s={search_term_string}"},"query-input":{"@type":"PropertyValueSpecification","valueRequired":true,"valueName":"search_term_string"}}],"inLanguage":"tr"}]}},"_links":{"self":[{"href":"https:\/\/www.myvize.com.tr\/cin\/wp-json\/wp\/v2\/pages\/210","targetHints":{"allow":["GET"]}}],"collection":[{"href":"https:\/\/www.myvize.com.tr\/cin\/wp-json\/wp\/v2\/pages"}],"about":[{"href":"https:\/\/www.myvize.com.tr\/cin\/wp-json\/wp\/v2\/types\/page"}],"author":[{"embeddable":true,"href":"https:\/\/www.myvize.com.tr\/cin\/wp-json\/wp\/v2\/users\/1"}],"replies":[{"embeddable":true,"href":"https:\/\/www.myvize.com.tr\/cin\/wp-json\/wp\/v2\/comments?post=210"}],"version-history":[{"count":4,"href":"https:\/\/www.myvize.com.tr\/cin\/wp-json\/wp\/v2\/pages\/210\/revisions"}],"predecessor-version":[{"id":685,"href":"https:\/\/www.myvize.com.tr\/cin\/wp-json\/wp\/v2\/pages\/210\/revisions\/685"}],"up":[{"embeddable":true,"href":"https:\/\/www.myvize.com.tr\/cin\/wp-json\/wp\/v2\/pages\/191"}],"wp:attachment":[{"href":"https:\/\/www.myvize.com.tr\/cin\/wp-json\/wp\/v2\/media?parent=210"}],"curies":[{"name":"wp","href":"https:\/\/api.w.org\/{rel}","templated":true}]}}