{"id":214,"date":"2020-12-30T14:09:56","date_gmt":"2020-12-30T11:09:56","guid":{"rendered":"https:\/\/www.myvize.com.tr\/cin\/?page_id=214"},"modified":"2021-11-30T15:58:52","modified_gmt":"2021-11-30T12:58:52","slug":"edirne","status":"publish","type":"page","link":"https:\/\/www.myvize.com.tr\/cin\/subelerimiz\/edirne\/","title":{"rendered":"Edirne"},"content":{"rendered":"<h2><span style=\"font-family: Roboto; font-size: 27px;\"><strong>Edirne \u00c7in Vizesi Ba\u015fvuru<\/strong><\/span><\/h2>\n<p><span style=\"font-family: Roboto; font-size: 14px;\">\u00c7in Hak Cumhuriyeti\u2019ne giri\u015f i\u00e7in gerekli vize hizmetini veren \u00c7in vize merkezine T\u00fcrkiye\u2019nin her yerinden ba\u015fvuru yap\u0131labilir. \u00c7in\u2019e seyahat etmeyi planlayan vatanda\u015flar \u00fclkeye giri\u015f \u00f6ncesinde gerekli olacak vizeyi <strong>\u00c7in Ba\u015fkonsoloslu\u011fu<\/strong> ya da konsoloslu\u011fun yetkilendirdi\u011fi merkezler arac\u0131l\u0131\u011f\u0131 ile kolay bir \u015fekilde alabilirler. <strong>\u00c7in Ba\u015fkonsoloslu\u011fu<\/strong> ya da konsolosluklara yak\u0131n mesafe de ikamet etmeyen vatanda\u015flar konsolosluk taraf\u0131ndan yeki sahibi bulunan resmi turizm acenteleri ile ileti\u015fime ge\u00e7erek de vize ba\u015fvurular\u0131n\u0131 ger\u00e7ekle\u015ftirebilirler.<\/span><\/p>\n<p><span style=\"font-family: Roboto; font-size: 14px;\"><span style=\"color: #2acec2;\"><strong><a style=\"color: #2acec2;\" href=\"https:\/\/www.myvize.com.tr\/cin\/cin-vizesi\/\" target=\"_blank\" rel=\"noopener\">\u00c7in vizesi<\/a><\/strong><\/span> \u00e7ok farkl\u0131 kategorilere sahiptir. \u00dclke giri\u015f prosed\u00fcrleri son derece s\u0131k\u0131 olan \u00fclkede vatanda\u015flar\u0131n \u00f6ncelikle \u00fclkeye hangi ama\u00e7la seyahat edeceklerine karar vermeleri gerekir. Ard\u0131ndan seyahat nedenine yu\u011fun vize sahibi olunmas\u0131 gerekir. <strong>\u00c7in Vize ba\u015fvurusu<\/strong> \u00f6ncesinde gerekli ad\u0131mlar\u0131 do\u011fru atan vatanda\u015flar kendilerinden istenen evraklar\u0131 da eksiksiz bir \u015fekilde tamamlamalar\u0131 halinde <strong>\u00c7in vizesi<\/strong> sahibi olabilir ve \u00fclkeye sorunsuz bir \u015fekilde girebilirler.<\/span><\/p>\n<p><span style=\"font-family: Roboto; font-size: 14px;\"><strong>Edirne \u00c7in vizesi ba\u015fvuru<\/strong>\u00a0i\u015flemleri \u00c7in Ba\u015fkonsoloslu\u011fu\u2019ndan yap\u0131lmaktad\u0131r. Ba\u015fkonsolosluklara \u015fahsi olarak m\u00fcracaatta bulunamayacak olan vatanda\u015flar Edirne\u2019de veya ikamet ettikleri \u015fehirlerde bulunan yetkili seyahat acenteleri ile de ileti\u015fime ge\u00e7erek vize i\u015flemlerini ger\u00e7ekle\u015ftirebilirler.<\/span><\/p>\n","protected":false},"excerpt":{"rendered":"<p>Edirne \u00c7in Vizesi Ba\u015fvuru \u00c7in Hak Cumhuriyeti\u2019ne giri\u015f i\u00e7in gerekli vize hizmetini veren \u00c7in vize merkezine T\u00fcrkiye\u2019nin her yerinden ba\u015fvuru yap\u0131labilir. \u00c7in\u2019e seyahat etmeyi planlayan vatanda\u015flar \u00fclkeye giri\u015f \u00f6ncesinde gerekli olacak vizeyi \u00c7in Ba\u015fkonsoloslu\u011fu ya da konsoloslu\u011fun yetkilendirdi\u011fi merkezler arac\u0131l\u0131\u011f\u0131 ile kolay bir \u015fekilde alabilirler. \u00c7in Ba\u015fkonsoloslu\u011fu ya da konsolosluklara yak\u0131n mesafe de ikamet etmeyen<\/p>\n","protected":false},"author":1,"featured_media":0,"parent":191,"menu_order":0,"comment_status":"open","ping_status":"closed","template":"","meta":{"footnotes":""},"class_list":["post-214","page","type-page","status-publish","hentry"],"yoast_head":"<!-- This site is optimized with the Yoast SEO plugin v26.8 - https:\/\/yoast.com\/product\/yoast-seo-wordpress\/ -->\n<title>\u00c7in Vizesi Edirne - My Vize Profesyonel Vize Hizmetleri<\/title>\n<meta name=\"description\" content=\"\u00c7in Vizesi Edirne ofisimizden, hangi \u00fclkeye seyahat etmek isterseniz gerekli b\u00fct\u00fcn bilgilere ula\u015fabilirsiniz.\" \/>\n<meta name=\"robots\" content=\"index, follow, max-snippet:-1, max-image-preview:large, max-video-preview:-1\" \/>\n<link rel=\"canonical\" href=\"https:\/\/www.myvize.com.tr\/cin\/subelerimiz\/edirne\/\" \/>\n<meta property=\"og:locale\" content=\"tr_TR\" \/>\n<meta property=\"og:type\" content=\"article\" \/>\n<meta property=\"og:title\" content=\"\u00c7in Vizesi Edirne - My Vize Profesyonel Vize Hizmetleri\" \/>\n<meta property=\"og:description\" content=\"\u00c7in Vizesi Edirne ofisimizden, hangi \u00fclkeye seyahat etmek isterseniz gerekli b\u00fct\u00fcn bilgilere ula\u015fabilirsiniz.\" \/>\n<meta property=\"og:url\" content=\"https:\/\/www.myvize.com.tr\/cin\/subelerimiz\/edirne\/\" \/>\n<meta property=\"og:site_name\" content=\"\u00c7in Vizesi\" \/>\n<meta property=\"article:modified_time\" content=\"2021-11-30T12:58:52+00:00\" \/>\n<meta name=\"twitter:card\" content=\"summary_large_image\" \/>\n<meta name=\"twitter:label1\" content=\"Tahmini okuma s\u00fcresi\" \/>\n\t<meta name=\"twitter:data1\" content=\"1 dakika\" \/>\n<script type=\"application\/ld+json\" class=\"yoast-schema-graph\">{\"@context\":\"https:\/\/schema.org\",\"@graph\":[{\"@type\":\"WebPage\",\"@id\":\"https:\/\/www.myvize.com.tr\/cin\/subelerimiz\/edirne\/\",\"url\":\"https:\/\/www.myvize.com.tr\/cin\/subelerimiz\/edirne\/\",\"name\":\"\u00c7in Vizesi Edirne - My Vize Profesyonel Vize Hizmetleri\",\"isPartOf\":{\"@id\":\"https:\/\/www.myvize.com.tr\/cin\/#website\"},\"datePublished\":\"2020-12-30T11:09:56+00:00\",\"dateModified\":\"2021-11-30T12:58:52+00:00\",\"description\":\"\u00c7in Vizesi Edirne ofisimizden, hangi \u00fclkeye seyahat etmek isterseniz gerekli b\u00fct\u00fcn bilgilere ula\u015fabilirsiniz.\",\"breadcrumb\":{\"@id\":\"https:\/\/www.myvize.com.tr\/cin\/subelerimiz\/edirne\/#breadcrumb\"},\"inLanguage\":\"tr\",\"potentialAction\":[{\"@type\":\"ReadAction\",\"target\":[\"https:\/\/www.myvize.com.tr\/cin\/subelerimiz\/edirne\/\"]}]},{\"@type\":\"BreadcrumbList\",\"@id\":\"https:\/\/www.myvize.com.tr\/cin\/subelerimiz\/edirne\/#breadcrumb\",\"itemListElement\":[{\"@type\":\"ListItem\",\"position\":1,\"name\":\"Anasayfa\",\"item\":\"https:\/\/www.myvize.com.tr\/cin\/\"},{\"@type\":\"ListItem\",\"position\":2,\"name\":\"\u015eUBELER\u0130M\u0130Z\",\"item\":\"https:\/\/www.myvize.com.tr\/cin\/subelerimiz\/\"},{\"@type\":\"ListItem\",\"position\":3,\"name\":\"Edirne\"}]},{\"@type\":\"WebSite\",\"@id\":\"https:\/\/www.myvize.com.tr\/cin\/#website\",\"url\":\"https:\/\/www.myvize.com.tr\/cin\/\",\"name\":\"\u00c7in Vizesi\",\"description\":\"\",\"potentialAction\":[{\"@type\":\"SearchAction\",\"target\":{\"@type\":\"EntryPoint\",\"urlTemplate\":\"https:\/\/www.myvize.com.tr\/cin\/?s={search_term_string}\"},\"query-input\":{\"@type\":\"PropertyValueSpecification\",\"valueRequired\":true,\"valueName\":\"search_term_string\"}}],\"inLanguage\":\"tr\"}]}<\/script>\n<!-- \/ Yoast SEO plugin. -->","yoast_head_json":{"title":"\u00c7in Vizesi Edirne - My Vize Profesyonel Vize Hizmetleri","description":"\u00c7in Vizesi Edirne ofisimizden, hangi \u00fclkeye seyahat etmek isterseniz gerekli b\u00fct\u00fcn bilgilere ula\u015fabilirsiniz.","robots":{"index":"index","follow":"follow","max-snippet":"max-snippet:-1","max-image-preview":"max-image-preview:large","max-video-preview":"max-video-preview:-1"},"canonical":"https:\/\/www.myvize.com.tr\/cin\/subelerimiz\/edirne\/","og_locale":"tr_TR","og_type":"article","og_title":"\u00c7in Vizesi Edirne - My Vize Profesyonel Vize Hizmetleri","og_description":"\u00c7in Vizesi Edirne ofisimizden, hangi \u00fclkeye seyahat etmek isterseniz gerekli b\u00fct\u00fcn bilgilere ula\u015fabilirsiniz.","og_url":"https:\/\/www.myvize.com.tr\/cin\/subelerimiz\/edirne\/","og_site_name":"\u00c7in Vizesi","article_modified_time":"2021-11-30T12:58:52+00:00","twitter_card":"summary_large_image","twitter_misc":{"Tahmini okuma s\u00fcresi":"1 dakika"},"schema":{"@context":"https:\/\/schema.org","@graph":[{"@type":"WebPage","@id":"https:\/\/www.myvize.com.tr\/cin\/subelerimiz\/edirne\/","url":"https:\/\/www.myvize.com.tr\/cin\/subelerimiz\/edirne\/","name":"\u00c7in Vizesi Edirne - My Vize Profesyonel Vize Hizmetleri","isPartOf":{"@id":"https:\/\/www.myvize.com.tr\/cin\/#website"},"datePublished":"2020-12-30T11:09:56+00:00","dateModified":"2021-11-30T12:58:52+00:00","description":"\u00c7in Vizesi Edirne ofisimizden, hangi \u00fclkeye seyahat etmek isterseniz gerekli b\u00fct\u00fcn bilgilere ula\u015fabilirsiniz.","breadcrumb":{"@id":"https:\/\/www.myvize.com.tr\/cin\/subelerimiz\/edirne\/#breadcrumb"},"inLanguage":"tr","potentialAction":[{"@type":"ReadAction","target":["https:\/\/www.myvize.com.tr\/cin\/subelerimiz\/edirne\/"]}]},{"@type":"BreadcrumbList","@id":"https:\/\/www.myvize.com.tr\/cin\/subelerimiz\/edirne\/#breadcrumb","itemListElement":[{"@type":"ListItem","position":1,"name":"Anasayfa","item":"https:\/\/www.myvize.com.tr\/cin\/"},{"@type":"ListItem","position":2,"name":"\u015eUBELER\u0130M\u0130Z","item":"https:\/\/www.myvize.com.tr\/cin\/subelerimiz\/"},{"@type":"ListItem","position":3,"name":"Edirne"}]},{"@type":"WebSite","@id":"https:\/\/www.myvize.com.tr\/cin\/#website","url":"https:\/\/www.myvize.com.tr\/cin\/","name":"\u00c7in Vizesi","description":"","potentialAction":[{"@type":"SearchAction","target":{"@type":"EntryPoint","urlTemplate":"https:\/\/www.myvize.com.tr\/cin\/?s={search_term_string}"},"query-input":{"@type":"PropertyValueSpecification","valueRequired":true,"valueName":"search_term_string"}}],"inLanguage":"tr"}]}},"_links":{"self":[{"href":"https:\/\/www.myvize.com.tr\/cin\/wp-json\/wp\/v2\/pages\/214","targetHints":{"allow":["GET"]}}],"collection":[{"href":"https:\/\/www.myvize.com.tr\/cin\/wp-json\/wp\/v2\/pages"}],"about":[{"href":"https:\/\/www.myvize.com.tr\/cin\/wp-json\/wp\/v2\/types\/page"}],"author":[{"embeddable":true,"href":"https:\/\/www.myvize.com.tr\/cin\/wp-json\/wp\/v2\/users\/1"}],"replies":[{"embeddable":true,"href":"https:\/\/www.myvize.com.tr\/cin\/wp-json\/wp\/v2\/comments?post=214"}],"version-history":[{"count":3,"href":"https:\/\/www.myvize.com.tr\/cin\/wp-json\/wp\/v2\/pages\/214\/revisions"}],"predecessor-version":[{"id":692,"href":"https:\/\/www.myvize.com.tr\/cin\/wp-json\/wp\/v2\/pages\/214\/revisions\/692"}],"up":[{"embeddable":true,"href":"https:\/\/www.myvize.com.tr\/cin\/wp-json\/wp\/v2\/pages\/191"}],"wp:attachment":[{"href":"https:\/\/www.myvize.com.tr\/cin\/wp-json\/wp\/v2\/media?parent=214"}],"curies":[{"name":"wp","href":"https:\/\/api.w.org\/{rel}","templated":true}]}}