{"id":216,"date":"2020-12-30T14:10:12","date_gmt":"2020-12-30T11:10:12","guid":{"rendered":"https:\/\/www.myvize.com.tr\/cin\/?page_id=216"},"modified":"2022-04-04T14:22:46","modified_gmt":"2022-04-04T11:22:46","slug":"corlu","status":"publish","type":"page","link":"https:\/\/www.myvize.com.tr\/cin\/subelerimiz\/corlu\/","title":{"rendered":"\u00c7orlu"},"content":{"rendered":"<h2><span style=\"font-family: Roboto; font-size: 27px;\"><strong>\u00c7orlu \u00c7in Vizesi Ba\u015fvuru<\/strong><\/span><\/h2>\n<p><span style=\"font-family: Roboto; font-size: 14px;\">Tekirda\u011f\u2019\u0131n \u00c7orlu il\u00e7esinden vize ba\u015fvurusu yapacak olan vatanda\u015flar <span style=\"color: #2acec2;\"><strong><a style=\"color: #2acec2;\" href=\"https:\/\/www.myvize.com.tr\/cin\/subelerimiz\/istanbul\/\" target=\"_blank\" rel=\"noopener\">\u0130stanbul<\/a><\/strong><\/span> ya da di\u011fer \u015fehirlerde hizmet veren <strong>\u00c7in B\u00fcy\u00fckel\u00e7ili\u011f<\/strong>i veya \u00c7in Ba\u015fkonsoloslu\u011fu ile ileti\u015fime ge\u00e7ebilirler. \u00c7orlu\u2019da <strong>\u00c7in Konsoloslu\u011fu<\/strong> bulunmamas\u0131 nedeni ile en yak\u0131n hizmet merkezi \u0130stanbul\u2019da yer al\u0131r. Vatanda\u015flar \u0130stanbul\u2019da bulunan <strong>\u00c7in Ba\u015fkonsoloslu\u011fu<\/strong> ile gerekli vize i\u015flemlerini k\u0131sa s\u00fcre i\u00e7erisinde ger\u00e7ekle\u015ftirebilirler.<\/span><\/p>\n<p><span style=\"font-family: Roboto; font-size: 14px;\"><strong>Vize ba\u015fvurusu<\/strong> ve pasaport yenileme gibi bir\u00e7ok diplomatik hizmet i\u00e7in <strong>\u00c7in Ba\u015fkonsoloslu\u011fu<\/strong> yetki sahibidir. Konsoloslu\u011fa yak\u0131n mesafede bulunmayan ya da \u0130stanbul\u2019a gidemeyen vatanda\u015flar, \u00c7orlu\u2019da bulunan ve de konsolosluk taraf\u0131ndan yetkilendirilmi\u015f olan bir turizm acentesi ile de vize ba\u015fvurusunda bulunabilirler.<\/span><\/p>\n<p><span style=\"font-family: Roboto; font-size: 14px;\"><strong>\u00c7orlu \u00c7in vizesi ba\u015fvuru<\/strong>\u00a0i\u015flemleri i\u00e7in \u00f6ncelikle vatanda\u015flar\u0131n kendilerinden istenecek olan evraklar\u0131 eksiksiz olarak tamamlam\u0131\u015f olmalar\u0131 gerekir. Evraklar ile birlikte vize i\u00e7in yap\u0131lacak ba\u015fvuruda istenen ba\u015fvuru \u00fccretini de \u00f6deyen vatanda\u015flar di\u011fer evraklar ile birlikte konsolosluk ya da yetkili acentelerde haz\u0131r bulunabilirler.<\/span><\/p>\n<p><span style=\"font-family: Roboto; font-size: 14px;\"><strong>\u00c7in vizesi<\/strong> ba\u015fvurular\u0131n\u0131n de\u011ferlendirmeye al\u0131nmas\u0131n\u0131n ard\u0131ndan, olumlu yan\u0131t alan vatanda\u015flar vize almaya hak kazanabilirler. Evraklar\u0131nda eksiklik bulunan ya da \u00fclkeye seyahat i\u00e7in uygun ko\u015fullara sahip olmad\u0131\u011f\u0131 de\u011ferlendirmesine var\u0131lan vatanda\u015flar\u0131n vize ba\u015fvurular\u0131 iptal edilmektedir.<\/span><\/p>\n<p><span style=\"font-family: Roboto; font-size: 14px;\"><span style=\"color: #2acec2;\"><strong><a style=\"color: #2acec2;\" href=\"https:\/\/www.myvize.com.tr\/cin\/vize-islemleri\/cin-vize-ucreti\/\" target=\"_blank\" rel=\"noopener\">\u00c7in Vize \u00dccreti<\/a><\/strong><\/span> ile ilgili bilgi almak i\u00e7in bizi aray\u0131n\u0131z.<\/span><\/p>\n","protected":false},"excerpt":{"rendered":"<p>\u00c7orlu \u00c7in Vizesi Ba\u015fvuru Tekirda\u011f\u2019\u0131n \u00c7orlu il\u00e7esinden vize ba\u015fvurusu yapacak olan vatanda\u015flar \u0130stanbul ya da di\u011fer \u015fehirlerde hizmet veren \u00c7in B\u00fcy\u00fckel\u00e7ili\u011fi veya \u00c7in Ba\u015fkonsoloslu\u011fu ile ileti\u015fime ge\u00e7ebilirler. \u00c7orlu\u2019da \u00c7in Konsoloslu\u011fu bulunmamas\u0131 nedeni ile en yak\u0131n hizmet merkezi \u0130stanbul\u2019da yer al\u0131r. Vatanda\u015flar \u0130stanbul\u2019da bulunan \u00c7in Ba\u015fkonsoloslu\u011fu ile gerekli vize i\u015flemlerini k\u0131sa s\u00fcre i\u00e7erisinde ger\u00e7ekle\u015ftirebilirler. Vize ba\u015fvurusu<\/p>\n","protected":false},"author":1,"featured_media":0,"parent":191,"menu_order":0,"comment_status":"open","ping_status":"closed","template":"","meta":{"footnotes":""},"class_list":["post-216","page","type-page","status-publish","hentry"],"yoast_head":"<!-- This site is optimized with the Yoast SEO plugin v26.8 - https:\/\/yoast.com\/product\/yoast-seo-wordpress\/ -->\n<title>\u00c7in Vizesi \u00c7orlu - My Vize Profesyonel Vize Hizmetleri<\/title>\n<meta name=\"description\" content=\"\u00c7in Vizesi \u00c7orlu ofisimizden, hangi \u00fclkeye seyahat etmek isterseniz gerekli b\u00fct\u00fcn bilgilere ula\u015fabilirsiniz.\" \/>\n<meta name=\"robots\" content=\"index, follow, max-snippet:-1, max-image-preview:large, max-video-preview:-1\" \/>\n<link rel=\"canonical\" href=\"https:\/\/www.myvize.com.tr\/cin\/subelerimiz\/corlu\/\" \/>\n<meta property=\"og:locale\" content=\"tr_TR\" \/>\n<meta property=\"og:type\" content=\"article\" \/>\n<meta property=\"og:title\" content=\"\u00c7in Vizesi \u00c7orlu - My Vize Profesyonel Vize Hizmetleri\" \/>\n<meta property=\"og:description\" content=\"\u00c7in Vizesi \u00c7orlu ofisimizden, hangi \u00fclkeye seyahat etmek isterseniz gerekli b\u00fct\u00fcn bilgilere ula\u015fabilirsiniz.\" \/>\n<meta property=\"og:url\" content=\"https:\/\/www.myvize.com.tr\/cin\/subelerimiz\/corlu\/\" \/>\n<meta property=\"og:site_name\" content=\"\u00c7in Vizesi\" \/>\n<meta property=\"article:modified_time\" content=\"2022-04-04T11:22:46+00:00\" \/>\n<meta name=\"twitter:card\" content=\"summary_large_image\" \/>\n<meta name=\"twitter:label1\" content=\"Tahmini okuma s\u00fcresi\" \/>\n\t<meta name=\"twitter:data1\" content=\"1 dakika\" \/>\n<script type=\"application\/ld+json\" class=\"yoast-schema-graph\">{\"@context\":\"https:\/\/schema.org\",\"@graph\":[{\"@type\":\"WebPage\",\"@id\":\"https:\/\/www.myvize.com.tr\/cin\/subelerimiz\/corlu\/\",\"url\":\"https:\/\/www.myvize.com.tr\/cin\/subelerimiz\/corlu\/\",\"name\":\"\u00c7in Vizesi \u00c7orlu - My Vize Profesyonel Vize Hizmetleri\",\"isPartOf\":{\"@id\":\"https:\/\/www.myvize.com.tr\/cin\/#website\"},\"datePublished\":\"2020-12-30T11:10:12+00:00\",\"dateModified\":\"2022-04-04T11:22:46+00:00\",\"description\":\"\u00c7in Vizesi \u00c7orlu ofisimizden, hangi \u00fclkeye seyahat etmek isterseniz gerekli b\u00fct\u00fcn bilgilere ula\u015fabilirsiniz.\",\"breadcrumb\":{\"@id\":\"https:\/\/www.myvize.com.tr\/cin\/subelerimiz\/corlu\/#breadcrumb\"},\"inLanguage\":\"tr\",\"potentialAction\":[{\"@type\":\"ReadAction\",\"target\":[\"https:\/\/www.myvize.com.tr\/cin\/subelerimiz\/corlu\/\"]}]},{\"@type\":\"BreadcrumbList\",\"@id\":\"https:\/\/www.myvize.com.tr\/cin\/subelerimiz\/corlu\/#breadcrumb\",\"itemListElement\":[{\"@type\":\"ListItem\",\"position\":1,\"name\":\"Anasayfa\",\"item\":\"https:\/\/www.myvize.com.tr\/cin\/\"},{\"@type\":\"ListItem\",\"position\":2,\"name\":\"\u015eUBELER\u0130M\u0130Z\",\"item\":\"https:\/\/www.myvize.com.tr\/cin\/subelerimiz\/\"},{\"@type\":\"ListItem\",\"position\":3,\"name\":\"\u00c7orlu\"}]},{\"@type\":\"WebSite\",\"@id\":\"https:\/\/www.myvize.com.tr\/cin\/#website\",\"url\":\"https:\/\/www.myvize.com.tr\/cin\/\",\"name\":\"\u00c7in Vizesi\",\"description\":\"\",\"potentialAction\":[{\"@type\":\"SearchAction\",\"target\":{\"@type\":\"EntryPoint\",\"urlTemplate\":\"https:\/\/www.myvize.com.tr\/cin\/?s={search_term_string}\"},\"query-input\":{\"@type\":\"PropertyValueSpecification\",\"valueRequired\":true,\"valueName\":\"search_term_string\"}}],\"inLanguage\":\"tr\"}]}<\/script>\n<!-- \/ Yoast SEO plugin. -->","yoast_head_json":{"title":"\u00c7in Vizesi \u00c7orlu - My Vize Profesyonel Vize Hizmetleri","description":"\u00c7in Vizesi \u00c7orlu ofisimizden, hangi \u00fclkeye seyahat etmek isterseniz gerekli b\u00fct\u00fcn bilgilere ula\u015fabilirsiniz.","robots":{"index":"index","follow":"follow","max-snippet":"max-snippet:-1","max-image-preview":"max-image-preview:large","max-video-preview":"max-video-preview:-1"},"canonical":"https:\/\/www.myvize.com.tr\/cin\/subelerimiz\/corlu\/","og_locale":"tr_TR","og_type":"article","og_title":"\u00c7in Vizesi \u00c7orlu - My Vize Profesyonel Vize Hizmetleri","og_description":"\u00c7in Vizesi \u00c7orlu ofisimizden, hangi \u00fclkeye seyahat etmek isterseniz gerekli b\u00fct\u00fcn bilgilere ula\u015fabilirsiniz.","og_url":"https:\/\/www.myvize.com.tr\/cin\/subelerimiz\/corlu\/","og_site_name":"\u00c7in Vizesi","article_modified_time":"2022-04-04T11:22:46+00:00","twitter_card":"summary_large_image","twitter_misc":{"Tahmini okuma s\u00fcresi":"1 dakika"},"schema":{"@context":"https:\/\/schema.org","@graph":[{"@type":"WebPage","@id":"https:\/\/www.myvize.com.tr\/cin\/subelerimiz\/corlu\/","url":"https:\/\/www.myvize.com.tr\/cin\/subelerimiz\/corlu\/","name":"\u00c7in Vizesi \u00c7orlu - My Vize Profesyonel Vize Hizmetleri","isPartOf":{"@id":"https:\/\/www.myvize.com.tr\/cin\/#website"},"datePublished":"2020-12-30T11:10:12+00:00","dateModified":"2022-04-04T11:22:46+00:00","description":"\u00c7in Vizesi \u00c7orlu ofisimizden, hangi \u00fclkeye seyahat etmek isterseniz gerekli b\u00fct\u00fcn bilgilere ula\u015fabilirsiniz.","breadcrumb":{"@id":"https:\/\/www.myvize.com.tr\/cin\/subelerimiz\/corlu\/#breadcrumb"},"inLanguage":"tr","potentialAction":[{"@type":"ReadAction","target":["https:\/\/www.myvize.com.tr\/cin\/subelerimiz\/corlu\/"]}]},{"@type":"BreadcrumbList","@id":"https:\/\/www.myvize.com.tr\/cin\/subelerimiz\/corlu\/#breadcrumb","itemListElement":[{"@type":"ListItem","position":1,"name":"Anasayfa","item":"https:\/\/www.myvize.com.tr\/cin\/"},{"@type":"ListItem","position":2,"name":"\u015eUBELER\u0130M\u0130Z","item":"https:\/\/www.myvize.com.tr\/cin\/subelerimiz\/"},{"@type":"ListItem","position":3,"name":"\u00c7orlu"}]},{"@type":"WebSite","@id":"https:\/\/www.myvize.com.tr\/cin\/#website","url":"https:\/\/www.myvize.com.tr\/cin\/","name":"\u00c7in Vizesi","description":"","potentialAction":[{"@type":"SearchAction","target":{"@type":"EntryPoint","urlTemplate":"https:\/\/www.myvize.com.tr\/cin\/?s={search_term_string}"},"query-input":{"@type":"PropertyValueSpecification","valueRequired":true,"valueName":"search_term_string"}}],"inLanguage":"tr"}]}},"_links":{"self":[{"href":"https:\/\/www.myvize.com.tr\/cin\/wp-json\/wp\/v2\/pages\/216","targetHints":{"allow":["GET"]}}],"collection":[{"href":"https:\/\/www.myvize.com.tr\/cin\/wp-json\/wp\/v2\/pages"}],"about":[{"href":"https:\/\/www.myvize.com.tr\/cin\/wp-json\/wp\/v2\/types\/page"}],"author":[{"embeddable":true,"href":"https:\/\/www.myvize.com.tr\/cin\/wp-json\/wp\/v2\/users\/1"}],"replies":[{"embeddable":true,"href":"https:\/\/www.myvize.com.tr\/cin\/wp-json\/wp\/v2\/comments?post=216"}],"version-history":[{"count":4,"href":"https:\/\/www.myvize.com.tr\/cin\/wp-json\/wp\/v2\/pages\/216\/revisions"}],"predecessor-version":[{"id":784,"href":"https:\/\/www.myvize.com.tr\/cin\/wp-json\/wp\/v2\/pages\/216\/revisions\/784"}],"up":[{"embeddable":true,"href":"https:\/\/www.myvize.com.tr\/cin\/wp-json\/wp\/v2\/pages\/191"}],"wp:attachment":[{"href":"https:\/\/www.myvize.com.tr\/cin\/wp-json\/wp\/v2\/media?parent=216"}],"curies":[{"name":"wp","href":"https:\/\/api.w.org\/{rel}","templated":true}]}}