{"id":218,"date":"2020-12-30T14:10:27","date_gmt":"2020-12-30T11:10:27","guid":{"rendered":"https:\/\/www.myvize.com.tr\/cin\/?page_id=218"},"modified":"2021-11-30T15:55:18","modified_gmt":"2021-11-30T12:55:18","slug":"canakkale","status":"publish","type":"page","link":"https:\/\/www.myvize.com.tr\/cin\/subelerimiz\/canakkale\/","title":{"rendered":"\u00c7anakkale"},"content":{"rendered":"<h2><span style=\"font-family: Roboto; font-size: 27px;\"><strong>\u00c7anakkale \u00c7in Vizesi Ba\u015fvuru<\/strong><\/span><\/h2>\n<p><span style=\"font-family: Roboto; font-size: 14px;\"><strong>\u00a0<\/strong>\u00c7anakkale\u2019de ikamet eden ve \u00c7in\u2019e seyahat etmek isteyen T.C. ve <strong>\u00c7in Halk Cumhuriyeti<\/strong> vatanda\u015flar\u0131 <strong>\u00c7in vizesi<\/strong> almak zorundad\u0131r. \u00c7in, T\u00fcrkiye\u2019den yap\u0131lacak seyahatlerde \u00fclke giri\u015finde vize talep eden \u00fclkeler aras\u0131nda yer al\u0131r. Bu nedenle vatanda\u015flar kendi \u00fclkelerinde seyahat \u00f6ncesinde vize ba\u015fvurusunda bulunmal\u0131d\u0131r. Vize almaya hak kazanan vatanda\u015flar <strong>\u00c7in Halk Cumhuriyeti\u2019ne<\/strong> seyahat etmeleri durumunda havaliman\u0131nda vizelerini g\u00f6stererek sorunsuz bir \u015fekilde \u00fclkeye giri\u015f yapabilirler.<\/span><\/p>\n<p><span style=\"font-family: Roboto; font-size: 14px;\"><strong>\u00c7anakkale \u00c7in vizesi<\/strong> ba\u015fvuru i\u015flemleri i\u00e7in \u00c7anakkale\u2019ye yak\u0131n illerde hizmet veren konsolosluk veya b\u00fcy\u00fckel\u00e7ilikleri tercih etmek gerekir. \u00c7anakkale, \u00c7in Ba\u015fkonsoloslu\u011fu bulunmayan \u015fehirler aras\u0131ndad\u0131r ve vatanda\u015flar\u0131n bu nedenle di\u011fer \u015fehirlerde yer alan konsolosluklar ile ileti\u015fime ge\u00e7meleri gerekir. <strong>\u00c7in B\u00fcy\u00fckel\u00e7ili\u011fi<\/strong> ya da <strong>\u00c7in Ba\u015fkonsoloslu\u011fu<\/strong> ile ileti\u015fime ge\u00e7emeyen ya da gidemeyen vatanda\u015flar, \u00c7anakkale\u2019de bulunan ve konsolosluklar taraf\u0131ndan resmi yetkiye sahip vize acentelerini tercih ederek de <strong>\u00c7in vizesi<\/strong> sahibi olabilirler.<\/span><\/p>\n<p><span style=\"font-family: Roboto; font-size: 14px;\"><strong>\u00c7in vizesi<\/strong> alabilmek i\u00e7in vatanda\u015flar\u0131n kendilerinden istenen belgeleri eksiksiz bir \u015fekilde ilgili merkeze teslim etmeleri gerekir. Vize konusunda her \u00fclke farkl\u0131 prosed\u00fcr uygular ve bu anlamda \u00c7in, vize talebinde bulunan vatanda\u015flardan <strong>parmak izi<\/strong> \u00f6rne\u011fi istemektedir. Di\u011fer gerekli evraklar ile birlikte vize ba\u015fvuru \u00fccretini de yat\u0131ran vatanda\u015flar acenteler ya da konsolosluklarda haz\u0131r bulunarak vize talebi i\u00e7in gerekli ba\u015fvuruyu ger\u00e7ekle\u015ftirebilirler.<\/span><\/p>\n<p><span style=\"font-family: Roboto; font-size: 14px;\"><span style=\"color: #2acec2;\"><strong><a style=\"color: #2acec2;\" href=\"https:\/\/www.myvize.com.tr\/cin\/cin-vatandaslik-islemleri\/\" target=\"_blank\" rel=\"noopener\">\u00c7in Vatanda\u015fl\u0131k \u0130\u015flemleri<\/a><\/strong><\/span> ile ilgili bilgi almak i\u00e7in bizi aray\u0131n\u0131z.<\/span><\/p>\n","protected":false},"excerpt":{"rendered":"<p>\u00c7anakkale \u00c7in Vizesi Ba\u015fvuru \u00a0\u00c7anakkale\u2019de ikamet eden ve \u00c7in\u2019e seyahat etmek isteyen T.C. ve \u00c7in Halk Cumhuriyeti vatanda\u015flar\u0131 \u00c7in vizesi almak zorundad\u0131r. \u00c7in, T\u00fcrkiye\u2019den yap\u0131lacak seyahatlerde \u00fclke giri\u015finde vize talep eden \u00fclkeler aras\u0131nda yer al\u0131r. Bu nedenle vatanda\u015flar kendi \u00fclkelerinde seyahat \u00f6ncesinde vize ba\u015fvurusunda bulunmal\u0131d\u0131r. Vize almaya hak kazanan vatanda\u015flar \u00c7in Halk Cumhuriyeti\u2019ne seyahat etmeleri<\/p>\n","protected":false},"author":1,"featured_media":0,"parent":191,"menu_order":0,"comment_status":"open","ping_status":"closed","template":"","meta":{"footnotes":""},"class_list":["post-218","page","type-page","status-publish","hentry"],"yoast_head":"<!-- This site is optimized with the Yoast SEO plugin v26.8 - https:\/\/yoast.com\/product\/yoast-seo-wordpress\/ -->\n<title>\u00c7in Vizesi \u00c7anakkale - My Vize Profesyonel Vize Hizmetleri<\/title>\n<meta name=\"description\" content=\"\u00c7in Vizesi \u00c7anakkale ofisimizden, hangi \u00fclkeye seyahat etmek isterseniz gerekli b\u00fct\u00fcn bilgilere ula\u015fabilirsiniz.\" \/>\n<meta name=\"robots\" content=\"index, follow, max-snippet:-1, max-image-preview:large, max-video-preview:-1\" \/>\n<link rel=\"canonical\" href=\"https:\/\/www.myvize.com.tr\/cin\/subelerimiz\/canakkale\/\" \/>\n<meta property=\"og:locale\" content=\"tr_TR\" \/>\n<meta property=\"og:type\" content=\"article\" \/>\n<meta property=\"og:title\" content=\"\u00c7in Vizesi \u00c7anakkale - My Vize Profesyonel Vize Hizmetleri\" \/>\n<meta property=\"og:description\" content=\"\u00c7in Vizesi \u00c7anakkale ofisimizden, hangi \u00fclkeye seyahat etmek isterseniz gerekli b\u00fct\u00fcn bilgilere ula\u015fabilirsiniz.\" \/>\n<meta property=\"og:url\" content=\"https:\/\/www.myvize.com.tr\/cin\/subelerimiz\/canakkale\/\" \/>\n<meta property=\"og:site_name\" content=\"\u00c7in Vizesi\" \/>\n<meta property=\"article:modified_time\" content=\"2021-11-30T12:55:18+00:00\" \/>\n<meta name=\"twitter:card\" content=\"summary_large_image\" \/>\n<meta name=\"twitter:label1\" content=\"Tahmini okuma s\u00fcresi\" \/>\n\t<meta name=\"twitter:data1\" content=\"1 dakika\" \/>\n<script type=\"application\/ld+json\" class=\"yoast-schema-graph\">{\"@context\":\"https:\/\/schema.org\",\"@graph\":[{\"@type\":\"WebPage\",\"@id\":\"https:\/\/www.myvize.com.tr\/cin\/subelerimiz\/canakkale\/\",\"url\":\"https:\/\/www.myvize.com.tr\/cin\/subelerimiz\/canakkale\/\",\"name\":\"\u00c7in Vizesi \u00c7anakkale - My Vize Profesyonel Vize Hizmetleri\",\"isPartOf\":{\"@id\":\"https:\/\/www.myvize.com.tr\/cin\/#website\"},\"datePublished\":\"2020-12-30T11:10:27+00:00\",\"dateModified\":\"2021-11-30T12:55:18+00:00\",\"description\":\"\u00c7in Vizesi \u00c7anakkale ofisimizden, hangi \u00fclkeye seyahat etmek isterseniz gerekli b\u00fct\u00fcn bilgilere ula\u015fabilirsiniz.\",\"breadcrumb\":{\"@id\":\"https:\/\/www.myvize.com.tr\/cin\/subelerimiz\/canakkale\/#breadcrumb\"},\"inLanguage\":\"tr\",\"potentialAction\":[{\"@type\":\"ReadAction\",\"target\":[\"https:\/\/www.myvize.com.tr\/cin\/subelerimiz\/canakkale\/\"]}]},{\"@type\":\"BreadcrumbList\",\"@id\":\"https:\/\/www.myvize.com.tr\/cin\/subelerimiz\/canakkale\/#breadcrumb\",\"itemListElement\":[{\"@type\":\"ListItem\",\"position\":1,\"name\":\"Anasayfa\",\"item\":\"https:\/\/www.myvize.com.tr\/cin\/\"},{\"@type\":\"ListItem\",\"position\":2,\"name\":\"\u015eUBELER\u0130M\u0130Z\",\"item\":\"https:\/\/www.myvize.com.tr\/cin\/subelerimiz\/\"},{\"@type\":\"ListItem\",\"position\":3,\"name\":\"\u00c7anakkale\"}]},{\"@type\":\"WebSite\",\"@id\":\"https:\/\/www.myvize.com.tr\/cin\/#website\",\"url\":\"https:\/\/www.myvize.com.tr\/cin\/\",\"name\":\"\u00c7in Vizesi\",\"description\":\"\",\"potentialAction\":[{\"@type\":\"SearchAction\",\"target\":{\"@type\":\"EntryPoint\",\"urlTemplate\":\"https:\/\/www.myvize.com.tr\/cin\/?s={search_term_string}\"},\"query-input\":{\"@type\":\"PropertyValueSpecification\",\"valueRequired\":true,\"valueName\":\"search_term_string\"}}],\"inLanguage\":\"tr\"}]}<\/script>\n<!-- \/ Yoast SEO plugin. -->","yoast_head_json":{"title":"\u00c7in Vizesi \u00c7anakkale - My Vize Profesyonel Vize Hizmetleri","description":"\u00c7in Vizesi \u00c7anakkale ofisimizden, hangi \u00fclkeye seyahat etmek isterseniz gerekli b\u00fct\u00fcn bilgilere ula\u015fabilirsiniz.","robots":{"index":"index","follow":"follow","max-snippet":"max-snippet:-1","max-image-preview":"max-image-preview:large","max-video-preview":"max-video-preview:-1"},"canonical":"https:\/\/www.myvize.com.tr\/cin\/subelerimiz\/canakkale\/","og_locale":"tr_TR","og_type":"article","og_title":"\u00c7in Vizesi \u00c7anakkale - My Vize Profesyonel Vize Hizmetleri","og_description":"\u00c7in Vizesi \u00c7anakkale ofisimizden, hangi \u00fclkeye seyahat etmek isterseniz gerekli b\u00fct\u00fcn bilgilere ula\u015fabilirsiniz.","og_url":"https:\/\/www.myvize.com.tr\/cin\/subelerimiz\/canakkale\/","og_site_name":"\u00c7in Vizesi","article_modified_time":"2021-11-30T12:55:18+00:00","twitter_card":"summary_large_image","twitter_misc":{"Tahmini okuma s\u00fcresi":"1 dakika"},"schema":{"@context":"https:\/\/schema.org","@graph":[{"@type":"WebPage","@id":"https:\/\/www.myvize.com.tr\/cin\/subelerimiz\/canakkale\/","url":"https:\/\/www.myvize.com.tr\/cin\/subelerimiz\/canakkale\/","name":"\u00c7in Vizesi \u00c7anakkale - My Vize Profesyonel Vize Hizmetleri","isPartOf":{"@id":"https:\/\/www.myvize.com.tr\/cin\/#website"},"datePublished":"2020-12-30T11:10:27+00:00","dateModified":"2021-11-30T12:55:18+00:00","description":"\u00c7in Vizesi \u00c7anakkale ofisimizden, hangi \u00fclkeye seyahat etmek isterseniz gerekli b\u00fct\u00fcn bilgilere ula\u015fabilirsiniz.","breadcrumb":{"@id":"https:\/\/www.myvize.com.tr\/cin\/subelerimiz\/canakkale\/#breadcrumb"},"inLanguage":"tr","potentialAction":[{"@type":"ReadAction","target":["https:\/\/www.myvize.com.tr\/cin\/subelerimiz\/canakkale\/"]}]},{"@type":"BreadcrumbList","@id":"https:\/\/www.myvize.com.tr\/cin\/subelerimiz\/canakkale\/#breadcrumb","itemListElement":[{"@type":"ListItem","position":1,"name":"Anasayfa","item":"https:\/\/www.myvize.com.tr\/cin\/"},{"@type":"ListItem","position":2,"name":"\u015eUBELER\u0130M\u0130Z","item":"https:\/\/www.myvize.com.tr\/cin\/subelerimiz\/"},{"@type":"ListItem","position":3,"name":"\u00c7anakkale"}]},{"@type":"WebSite","@id":"https:\/\/www.myvize.com.tr\/cin\/#website","url":"https:\/\/www.myvize.com.tr\/cin\/","name":"\u00c7in Vizesi","description":"","potentialAction":[{"@type":"SearchAction","target":{"@type":"EntryPoint","urlTemplate":"https:\/\/www.myvize.com.tr\/cin\/?s={search_term_string}"},"query-input":{"@type":"PropertyValueSpecification","valueRequired":true,"valueName":"search_term_string"}}],"inLanguage":"tr"}]}},"_links":{"self":[{"href":"https:\/\/www.myvize.com.tr\/cin\/wp-json\/wp\/v2\/pages\/218","targetHints":{"allow":["GET"]}}],"collection":[{"href":"https:\/\/www.myvize.com.tr\/cin\/wp-json\/wp\/v2\/pages"}],"about":[{"href":"https:\/\/www.myvize.com.tr\/cin\/wp-json\/wp\/v2\/types\/page"}],"author":[{"embeddable":true,"href":"https:\/\/www.myvize.com.tr\/cin\/wp-json\/wp\/v2\/users\/1"}],"replies":[{"embeddable":true,"href":"https:\/\/www.myvize.com.tr\/cin\/wp-json\/wp\/v2\/comments?post=218"}],"version-history":[{"count":3,"href":"https:\/\/www.myvize.com.tr\/cin\/wp-json\/wp\/v2\/pages\/218\/revisions"}],"predecessor-version":[{"id":689,"href":"https:\/\/www.myvize.com.tr\/cin\/wp-json\/wp\/v2\/pages\/218\/revisions\/689"}],"up":[{"embeddable":true,"href":"https:\/\/www.myvize.com.tr\/cin\/wp-json\/wp\/v2\/pages\/191"}],"wp:attachment":[{"href":"https:\/\/www.myvize.com.tr\/cin\/wp-json\/wp\/v2\/media?parent=218"}],"curies":[{"name":"wp","href":"https:\/\/api.w.org\/{rel}","templated":true}]}}