{"id":220,"date":"2020-12-30T14:10:42","date_gmt":"2020-12-30T11:10:42","guid":{"rendered":"https:\/\/www.myvize.com.tr\/cin\/?page_id=220"},"modified":"2022-04-04T14:22:13","modified_gmt":"2022-04-04T11:22:13","slug":"altunizade","status":"publish","type":"page","link":"https:\/\/www.myvize.com.tr\/cin\/subelerimiz\/altunizade\/","title":{"rendered":"Altunizade"},"content":{"rendered":"<h2><span style=\"font-family: Roboto; font-size: 27px;\"><strong>Altunizade \u00c7in Vizesi Ba\u015fvuru<\/strong><\/span><\/h2>\n<p><span style=\"font-family: Roboto; font-size: 14px;\"><strong>Altunizade \u00c7in vizesi ba\u015fvuru<\/strong>\u00a0merkezleri hafta i\u00e7i sabah 09.00- 12.00 ve \u00f6\u011fleden sonra 13.00- 16.00 saatleri aras\u0131nda hizmete a\u00e7\u0131kt\u0131r. Hafta sonu kapal\u0131 olan vize ba\u015fvuru merkezi resmi olarak tatil ilan edilen g\u00fcnlerde de hizmete kapal\u0131d\u0131r. Altunizade il\u00e7esinde hizmet veren vize merkezine <span style=\"color: #2acec2;\"><strong><a style=\"color: #2acec2;\" href=\"https:\/\/www.myvize.com.tr\/cin\/subelerimiz\/istanbul\/\" target=\"_blank\" rel=\"noopener\">\u0130stanbul <\/a><\/strong><\/span>ve \u00e7evre illerde oturan vatanda\u015flar da vize ba\u015fvuru i\u015fleminde bulunabilirler. Vize i\u00e7in gerekli evrak listesine sahip olan vatanda\u015flar evraklar\u0131 haz\u0131rlad\u0131ktan sonra tekrar <strong>Altunizade vize ba\u015fvuru<\/strong> merkezinde haz\u0131r bulunarak evraklar\u0131n\u0131 g\u00f6revlilere teslim edebilir ve de\u011ferlendirme s\u00fcrecinden \u00e7\u0131kacak sonucu bekleyebilirler. De\u011ferlendirmeden olumlu yan\u0131t alan vatanda\u015flar vizelerini alarak \u00c7in Halk Cumhuriyeti\u2019ne sorunsuz ko\u015fullarda seyahat ger\u00e7ekle\u015ftirebilirler. Vize merkezine yak\u0131n mesafede ikamet etmeyen vatanda\u015flar yine vize merkezi taraf\u0131ndan yetki alm\u0131\u015f olan acenteler arac\u0131l\u0131\u011f\u0131 ile e-vize ba\u015fvurular\u0131n\u0131 ger\u00e7ekle\u015ftirebilirler.<\/span><\/p>\n<p><span style=\"font-family: Roboto; font-size: 14px;\">\u00c7in Halk Cumhuriyeti\u2019ne giri\u015flerde vize g\u00f6stermek zorunludur. Bu kapsamda vatanda\u015flar\u0131n \u00fclkeye gidi\u015f nedenlerini ve \u00fclkede kalma s\u00fcrelerini a\u00e7\u0131k\u00e7a g\u00f6steren vizelere sahip olmalar\u0131 gerekir.<strong> \u00c7in Vize ba\u015fvurusu<\/strong> esnas\u0131nda vatanda\u015flar vize ba\u015fvuru formunda kendilerinden istenecek bilgileri a\u00e7\u0131k\u00e7a belirterek vize ba\u015fvurusunda bulunabilirler.<\/span><\/p>\n","protected":false},"excerpt":{"rendered":"<p>Altunizade \u00c7in Vizesi Ba\u015fvuru Altunizade \u00c7in vizesi ba\u015fvuru\u00a0merkezleri hafta i\u00e7i sabah 09.00- 12.00 ve \u00f6\u011fleden sonra 13.00- 16.00 saatleri aras\u0131nda hizmete a\u00e7\u0131kt\u0131r. Hafta sonu kapal\u0131 olan vize ba\u015fvuru merkezi resmi olarak tatil ilan edilen g\u00fcnlerde de hizmete kapal\u0131d\u0131r. Altunizade il\u00e7esinde hizmet veren vize merkezine \u0130stanbul ve \u00e7evre illerde oturan vatanda\u015flar da vize ba\u015fvuru i\u015fleminde bulunabilirler.<\/p>\n","protected":false},"author":1,"featured_media":0,"parent":191,"menu_order":0,"comment_status":"open","ping_status":"closed","template":"","meta":{"footnotes":""},"class_list":["post-220","page","type-page","status-publish","hentry"],"yoast_head":"<!-- This site is optimized with the Yoast SEO plugin v26.8 - https:\/\/yoast.com\/product\/yoast-seo-wordpress\/ -->\n<title>\u00c7in Vizesi Altunizade - My Vize Profesyonel Vize Hizmetleri<\/title>\n<meta name=\"description\" content=\"\u00c7in vizesi \u0130stanbul Altunizade ofisimizden, hangi \u00fclkeye seyahat etmek isterseniz gerekli b\u00fct\u00fcn bilgilere ula\u015fabilirsiniz.\" \/>\n<meta name=\"robots\" content=\"index, follow, max-snippet:-1, max-image-preview:large, max-video-preview:-1\" \/>\n<link rel=\"canonical\" href=\"https:\/\/www.myvize.com.tr\/cin\/subelerimiz\/altunizade\/\" \/>\n<meta property=\"og:locale\" content=\"tr_TR\" \/>\n<meta property=\"og:type\" content=\"article\" \/>\n<meta property=\"og:title\" content=\"\u00c7in Vizesi Altunizade - My Vize Profesyonel Vize Hizmetleri\" \/>\n<meta property=\"og:description\" content=\"\u00c7in vizesi \u0130stanbul Altunizade ofisimizden, hangi \u00fclkeye seyahat etmek isterseniz gerekli b\u00fct\u00fcn bilgilere ula\u015fabilirsiniz.\" \/>\n<meta property=\"og:url\" content=\"https:\/\/www.myvize.com.tr\/cin\/subelerimiz\/altunizade\/\" \/>\n<meta property=\"og:site_name\" content=\"\u00c7in Vizesi\" \/>\n<meta property=\"article:modified_time\" content=\"2022-04-04T11:22:13+00:00\" \/>\n<meta name=\"twitter:card\" content=\"summary_large_image\" \/>\n<meta name=\"twitter:label1\" content=\"Tahmini okuma s\u00fcresi\" \/>\n\t<meta name=\"twitter:data1\" content=\"1 dakika\" \/>\n<script type=\"application\/ld+json\" class=\"yoast-schema-graph\">{\"@context\":\"https:\/\/schema.org\",\"@graph\":[{\"@type\":\"WebPage\",\"@id\":\"https:\/\/www.myvize.com.tr\/cin\/subelerimiz\/altunizade\/\",\"url\":\"https:\/\/www.myvize.com.tr\/cin\/subelerimiz\/altunizade\/\",\"name\":\"\u00c7in Vizesi Altunizade - My Vize Profesyonel Vize Hizmetleri\",\"isPartOf\":{\"@id\":\"https:\/\/www.myvize.com.tr\/cin\/#website\"},\"datePublished\":\"2020-12-30T11:10:42+00:00\",\"dateModified\":\"2022-04-04T11:22:13+00:00\",\"description\":\"\u00c7in vizesi \u0130stanbul Altunizade ofisimizden, hangi \u00fclkeye seyahat etmek isterseniz gerekli b\u00fct\u00fcn bilgilere ula\u015fabilirsiniz.\",\"breadcrumb\":{\"@id\":\"https:\/\/www.myvize.com.tr\/cin\/subelerimiz\/altunizade\/#breadcrumb\"},\"inLanguage\":\"tr\",\"potentialAction\":[{\"@type\":\"ReadAction\",\"target\":[\"https:\/\/www.myvize.com.tr\/cin\/subelerimiz\/altunizade\/\"]}]},{\"@type\":\"BreadcrumbList\",\"@id\":\"https:\/\/www.myvize.com.tr\/cin\/subelerimiz\/altunizade\/#breadcrumb\",\"itemListElement\":[{\"@type\":\"ListItem\",\"position\":1,\"name\":\"Anasayfa\",\"item\":\"https:\/\/www.myvize.com.tr\/cin\/\"},{\"@type\":\"ListItem\",\"position\":2,\"name\":\"\u015eUBELER\u0130M\u0130Z\",\"item\":\"https:\/\/www.myvize.com.tr\/cin\/subelerimiz\/\"},{\"@type\":\"ListItem\",\"position\":3,\"name\":\"Altunizade\"}]},{\"@type\":\"WebSite\",\"@id\":\"https:\/\/www.myvize.com.tr\/cin\/#website\",\"url\":\"https:\/\/www.myvize.com.tr\/cin\/\",\"name\":\"\u00c7in Vizesi\",\"description\":\"\",\"potentialAction\":[{\"@type\":\"SearchAction\",\"target\":{\"@type\":\"EntryPoint\",\"urlTemplate\":\"https:\/\/www.myvize.com.tr\/cin\/?s={search_term_string}\"},\"query-input\":{\"@type\":\"PropertyValueSpecification\",\"valueRequired\":true,\"valueName\":\"search_term_string\"}}],\"inLanguage\":\"tr\"}]}<\/script>\n<!-- \/ Yoast SEO plugin. -->","yoast_head_json":{"title":"\u00c7in Vizesi Altunizade - My Vize Profesyonel Vize Hizmetleri","description":"\u00c7in vizesi \u0130stanbul Altunizade ofisimizden, hangi \u00fclkeye seyahat etmek isterseniz gerekli b\u00fct\u00fcn bilgilere ula\u015fabilirsiniz.","robots":{"index":"index","follow":"follow","max-snippet":"max-snippet:-1","max-image-preview":"max-image-preview:large","max-video-preview":"max-video-preview:-1"},"canonical":"https:\/\/www.myvize.com.tr\/cin\/subelerimiz\/altunizade\/","og_locale":"tr_TR","og_type":"article","og_title":"\u00c7in Vizesi Altunizade - My Vize Profesyonel Vize Hizmetleri","og_description":"\u00c7in vizesi \u0130stanbul Altunizade ofisimizden, hangi \u00fclkeye seyahat etmek isterseniz gerekli b\u00fct\u00fcn bilgilere ula\u015fabilirsiniz.","og_url":"https:\/\/www.myvize.com.tr\/cin\/subelerimiz\/altunizade\/","og_site_name":"\u00c7in Vizesi","article_modified_time":"2022-04-04T11:22:13+00:00","twitter_card":"summary_large_image","twitter_misc":{"Tahmini okuma s\u00fcresi":"1 dakika"},"schema":{"@context":"https:\/\/schema.org","@graph":[{"@type":"WebPage","@id":"https:\/\/www.myvize.com.tr\/cin\/subelerimiz\/altunizade\/","url":"https:\/\/www.myvize.com.tr\/cin\/subelerimiz\/altunizade\/","name":"\u00c7in Vizesi Altunizade - My Vize Profesyonel Vize Hizmetleri","isPartOf":{"@id":"https:\/\/www.myvize.com.tr\/cin\/#website"},"datePublished":"2020-12-30T11:10:42+00:00","dateModified":"2022-04-04T11:22:13+00:00","description":"\u00c7in vizesi \u0130stanbul Altunizade ofisimizden, hangi \u00fclkeye seyahat etmek isterseniz gerekli b\u00fct\u00fcn bilgilere ula\u015fabilirsiniz.","breadcrumb":{"@id":"https:\/\/www.myvize.com.tr\/cin\/subelerimiz\/altunizade\/#breadcrumb"},"inLanguage":"tr","potentialAction":[{"@type":"ReadAction","target":["https:\/\/www.myvize.com.tr\/cin\/subelerimiz\/altunizade\/"]}]},{"@type":"BreadcrumbList","@id":"https:\/\/www.myvize.com.tr\/cin\/subelerimiz\/altunizade\/#breadcrumb","itemListElement":[{"@type":"ListItem","position":1,"name":"Anasayfa","item":"https:\/\/www.myvize.com.tr\/cin\/"},{"@type":"ListItem","position":2,"name":"\u015eUBELER\u0130M\u0130Z","item":"https:\/\/www.myvize.com.tr\/cin\/subelerimiz\/"},{"@type":"ListItem","position":3,"name":"Altunizade"}]},{"@type":"WebSite","@id":"https:\/\/www.myvize.com.tr\/cin\/#website","url":"https:\/\/www.myvize.com.tr\/cin\/","name":"\u00c7in Vizesi","description":"","potentialAction":[{"@type":"SearchAction","target":{"@type":"EntryPoint","urlTemplate":"https:\/\/www.myvize.com.tr\/cin\/?s={search_term_string}"},"query-input":{"@type":"PropertyValueSpecification","valueRequired":true,"valueName":"search_term_string"}}],"inLanguage":"tr"}]}},"_links":{"self":[{"href":"https:\/\/www.myvize.com.tr\/cin\/wp-json\/wp\/v2\/pages\/220","targetHints":{"allow":["GET"]}}],"collection":[{"href":"https:\/\/www.myvize.com.tr\/cin\/wp-json\/wp\/v2\/pages"}],"about":[{"href":"https:\/\/www.myvize.com.tr\/cin\/wp-json\/wp\/v2\/types\/page"}],"author":[{"embeddable":true,"href":"https:\/\/www.myvize.com.tr\/cin\/wp-json\/wp\/v2\/users\/1"}],"replies":[{"embeddable":true,"href":"https:\/\/www.myvize.com.tr\/cin\/wp-json\/wp\/v2\/comments?post=220"}],"version-history":[{"count":5,"href":"https:\/\/www.myvize.com.tr\/cin\/wp-json\/wp\/v2\/pages\/220\/revisions"}],"predecessor-version":[{"id":783,"href":"https:\/\/www.myvize.com.tr\/cin\/wp-json\/wp\/v2\/pages\/220\/revisions\/783"}],"up":[{"embeddable":true,"href":"https:\/\/www.myvize.com.tr\/cin\/wp-json\/wp\/v2\/pages\/191"}],"wp:attachment":[{"href":"https:\/\/www.myvize.com.tr\/cin\/wp-json\/wp\/v2\/media?parent=220"}],"curies":[{"name":"wp","href":"https:\/\/api.w.org\/{rel}","templated":true}]}}