{"id":222,"date":"2020-12-30T14:10:56","date_gmt":"2020-12-30T11:10:56","guid":{"rendered":"https:\/\/www.myvize.com.tr\/cin\/?page_id=222"},"modified":"2021-11-30T16:02:25","modified_gmt":"2021-11-30T13:02:25","slug":"istanbul","status":"publish","type":"page","link":"https:\/\/www.myvize.com.tr\/cin\/subelerimiz\/istanbul\/","title":{"rendered":"\u0130stanbul"},"content":{"rendered":"<h2><span style=\"font-family: Roboto; font-size: 27px;\"><strong>\u0130stanbul \u00c7in Vizesi Ba\u015fvuru<\/strong><\/span><\/h2>\n<p><span style=\"font-family: Roboto; font-size: 14px;\"><strong>\u00c7in Halk Cumhuriyeti,<\/strong> T\u00fcrkiye\u2019den gidecek olan vatanda\u015flardan vize talebinde bulunmaktad\u0131r. \u00c7in\u2019e seyahat nedenine uygun \u00f6zelliklerde vizeye sahip olan vatanda\u015flar herhangi bir sorun ile kar\u015f\u0131la\u015fmadan \u00fclkeye giri\u015f yapabilirler. Vizesi bulunan vatanda\u015flar vizesi ge\u00e7erli oldu\u011fu s\u00fcre boyunca \u00c7in Halk Cumhuriyeti\u2019nde sorun ya\u015famadan ikamet edebilirler. \u00c7in Halk Cumhuriyeti\u2019ne giri\u015f i\u00e7in gerekli olacak vize <strong>\u0130stanbul<\/strong> ve <strong><a href=\"https:\/\/www.myvize.com.tr\/cin\/subelerimiz\/ankara\/\" target=\"_blank\" rel=\"noopener\"><span style=\"color: #2acec2;\">Ankara<\/span><\/a><\/strong>\u2019da bulunan konsolosluklardan al\u0131nabilmektedir.<\/span><\/p>\n<p><span style=\"font-family: Roboto; font-size: 14px;\"><strong>\u0130stanbul \u00c7in vizesi ba\u015fvuru<\/strong> i\u015flemleri konusunda \u00c7in Ba\u015fkonsolosluk binas\u0131 yetkilendirilmi\u015ftir. \u0130stanbul\u2019da bulunan <strong>\u00c7in Ba\u015fkonsoloslu\u011fu<\/strong> ile ileti\u015fime ge\u00e7en vatanda\u015flar vize almak i\u00e7in ba\u015fvuruda bulunabilirler. <span style=\"color: #2acec2;\"><strong><a style=\"color: #2acec2;\" href=\"https:\/\/www.myvize.com.tr\/cin\/vize-islemleri\/cin-vizesi-icin-gerekli-evraklar\/\" target=\"_blank\" rel=\"noopener\">\u00c7in Vizesi i\u00e7in gerekli evraklar<\/a><\/strong><\/span> hakk\u0131nda bilgi sahibi olan vatanda\u015flar evraklar\u0131n\u0131 haz\u0131rlad\u0131ktan sonra tekrar ba\u015fkonsoloslu\u011fa gelerek vize de\u011ferlendirme s\u00fcrecine girebilir ve olumlu geri d\u00f6n\u00fc\u015f ald\u0131klar\u0131 taktirde sahip odluklar\u0131 vize ile \u00c7in Halk Cumhuriyeti\u2019ne giri\u015f yapabilirler. <strong>\u00c7in Vize ba\u015fvuru<\/strong> esnas\u0131nda istenecek olan belgelerin ba\u015f\u0131nda vize ba\u015fvurusu i\u00e7in gerekli olacak har\u00e7 \u00fccret dekontu bulunur. \u00d6deme yap\u0131lmas\u0131n\u0131n ard\u0131ndan al\u0131nan dekont ile birlikte di\u011fer evraklar da haz\u0131rlanarak konsoloslu\u011fa sunulur. Vize ge\u00e7erlilik tarihinin dolmas\u0131n\u0131n ard\u0131ndan vatanda\u015flar\u0131n \u00fclkede kalmaya devam edebilmeleri i\u00e7in vizelerini yenilemeleri gerekmektedir.<\/span><\/p>\n","protected":false},"excerpt":{"rendered":"<p>\u0130stanbul \u00c7in Vizesi Ba\u015fvuru \u00c7in Halk Cumhuriyeti, T\u00fcrkiye\u2019den gidecek olan vatanda\u015flardan vize talebinde bulunmaktad\u0131r. \u00c7in\u2019e seyahat nedenine uygun \u00f6zelliklerde vizeye sahip olan vatanda\u015flar herhangi bir sorun ile kar\u015f\u0131la\u015fmadan \u00fclkeye giri\u015f yapabilirler. Vizesi bulunan vatanda\u015flar vizesi ge\u00e7erli oldu\u011fu s\u00fcre boyunca \u00c7in Halk Cumhuriyeti\u2019nde sorun ya\u015famadan ikamet edebilirler. \u00c7in Halk Cumhuriyeti\u2019ne giri\u015f i\u00e7in gerekli olacak vize \u0130stanbul<\/p>\n","protected":false},"author":1,"featured_media":0,"parent":191,"menu_order":0,"comment_status":"open","ping_status":"closed","template":"","meta":{"footnotes":""},"class_list":["post-222","page","type-page","status-publish","hentry"],"yoast_head":"<!-- This site is optimized with the Yoast SEO plugin v26.8 - https:\/\/yoast.com\/product\/yoast-seo-wordpress\/ -->\n<title>\u00c7in Vizesi \u0130stanbul - My Vize Profesyonel Vize Hizmetleri<\/title>\n<meta name=\"description\" content=\"\u00c7in vizesi \u0130stanbul ofislerimiz, hangi \u00fclkeye seyahat etmek isterseniz gerekli b\u00fct\u00fcn bilgilere ula\u015fabilirsiniz.\" \/>\n<meta name=\"robots\" content=\"index, follow, max-snippet:-1, max-image-preview:large, max-video-preview:-1\" \/>\n<link rel=\"canonical\" href=\"https:\/\/www.myvize.com.tr\/cin\/subelerimiz\/istanbul\/\" \/>\n<meta property=\"og:locale\" content=\"tr_TR\" \/>\n<meta property=\"og:type\" content=\"article\" \/>\n<meta property=\"og:title\" content=\"\u00c7in Vizesi \u0130stanbul - My Vize Profesyonel Vize Hizmetleri\" \/>\n<meta property=\"og:description\" content=\"\u00c7in vizesi \u0130stanbul ofislerimiz, hangi \u00fclkeye seyahat etmek isterseniz gerekli b\u00fct\u00fcn bilgilere ula\u015fabilirsiniz.\" \/>\n<meta property=\"og:url\" content=\"https:\/\/www.myvize.com.tr\/cin\/subelerimiz\/istanbul\/\" \/>\n<meta property=\"og:site_name\" content=\"\u00c7in Vizesi\" \/>\n<meta property=\"article:modified_time\" content=\"2021-11-30T13:02:25+00:00\" \/>\n<meta name=\"twitter:card\" content=\"summary_large_image\" \/>\n<meta name=\"twitter:label1\" content=\"Tahmini okuma s\u00fcresi\" \/>\n\t<meta name=\"twitter:data1\" content=\"1 dakika\" \/>\n<script type=\"application\/ld+json\" class=\"yoast-schema-graph\">{\"@context\":\"https:\/\/schema.org\",\"@graph\":[{\"@type\":\"WebPage\",\"@id\":\"https:\/\/www.myvize.com.tr\/cin\/subelerimiz\/istanbul\/\",\"url\":\"https:\/\/www.myvize.com.tr\/cin\/subelerimiz\/istanbul\/\",\"name\":\"\u00c7in Vizesi \u0130stanbul - My Vize Profesyonel Vize Hizmetleri\",\"isPartOf\":{\"@id\":\"https:\/\/www.myvize.com.tr\/cin\/#website\"},\"datePublished\":\"2020-12-30T11:10:56+00:00\",\"dateModified\":\"2021-11-30T13:02:25+00:00\",\"description\":\"\u00c7in vizesi \u0130stanbul ofislerimiz, hangi \u00fclkeye seyahat etmek isterseniz gerekli b\u00fct\u00fcn bilgilere ula\u015fabilirsiniz.\",\"breadcrumb\":{\"@id\":\"https:\/\/www.myvize.com.tr\/cin\/subelerimiz\/istanbul\/#breadcrumb\"},\"inLanguage\":\"tr\",\"potentialAction\":[{\"@type\":\"ReadAction\",\"target\":[\"https:\/\/www.myvize.com.tr\/cin\/subelerimiz\/istanbul\/\"]}]},{\"@type\":\"BreadcrumbList\",\"@id\":\"https:\/\/www.myvize.com.tr\/cin\/subelerimiz\/istanbul\/#breadcrumb\",\"itemListElement\":[{\"@type\":\"ListItem\",\"position\":1,\"name\":\"Anasayfa\",\"item\":\"https:\/\/www.myvize.com.tr\/cin\/\"},{\"@type\":\"ListItem\",\"position\":2,\"name\":\"\u015eUBELER\u0130M\u0130Z\",\"item\":\"https:\/\/www.myvize.com.tr\/cin\/subelerimiz\/\"},{\"@type\":\"ListItem\",\"position\":3,\"name\":\"\u0130stanbul\"}]},{\"@type\":\"WebSite\",\"@id\":\"https:\/\/www.myvize.com.tr\/cin\/#website\",\"url\":\"https:\/\/www.myvize.com.tr\/cin\/\",\"name\":\"\u00c7in Vizesi\",\"description\":\"\",\"potentialAction\":[{\"@type\":\"SearchAction\",\"target\":{\"@type\":\"EntryPoint\",\"urlTemplate\":\"https:\/\/www.myvize.com.tr\/cin\/?s={search_term_string}\"},\"query-input\":{\"@type\":\"PropertyValueSpecification\",\"valueRequired\":true,\"valueName\":\"search_term_string\"}}],\"inLanguage\":\"tr\"}]}<\/script>\n<!-- \/ Yoast SEO plugin. -->","yoast_head_json":{"title":"\u00c7in Vizesi \u0130stanbul - My Vize Profesyonel Vize Hizmetleri","description":"\u00c7in vizesi \u0130stanbul ofislerimiz, hangi \u00fclkeye seyahat etmek isterseniz gerekli b\u00fct\u00fcn bilgilere ula\u015fabilirsiniz.","robots":{"index":"index","follow":"follow","max-snippet":"max-snippet:-1","max-image-preview":"max-image-preview:large","max-video-preview":"max-video-preview:-1"},"canonical":"https:\/\/www.myvize.com.tr\/cin\/subelerimiz\/istanbul\/","og_locale":"tr_TR","og_type":"article","og_title":"\u00c7in Vizesi \u0130stanbul - My Vize Profesyonel Vize Hizmetleri","og_description":"\u00c7in vizesi \u0130stanbul ofislerimiz, hangi \u00fclkeye seyahat etmek isterseniz gerekli b\u00fct\u00fcn bilgilere ula\u015fabilirsiniz.","og_url":"https:\/\/www.myvize.com.tr\/cin\/subelerimiz\/istanbul\/","og_site_name":"\u00c7in Vizesi","article_modified_time":"2021-11-30T13:02:25+00:00","twitter_card":"summary_large_image","twitter_misc":{"Tahmini okuma s\u00fcresi":"1 dakika"},"schema":{"@context":"https:\/\/schema.org","@graph":[{"@type":"WebPage","@id":"https:\/\/www.myvize.com.tr\/cin\/subelerimiz\/istanbul\/","url":"https:\/\/www.myvize.com.tr\/cin\/subelerimiz\/istanbul\/","name":"\u00c7in Vizesi \u0130stanbul - My Vize Profesyonel Vize Hizmetleri","isPartOf":{"@id":"https:\/\/www.myvize.com.tr\/cin\/#website"},"datePublished":"2020-12-30T11:10:56+00:00","dateModified":"2021-11-30T13:02:25+00:00","description":"\u00c7in vizesi \u0130stanbul ofislerimiz, hangi \u00fclkeye seyahat etmek isterseniz gerekli b\u00fct\u00fcn bilgilere ula\u015fabilirsiniz.","breadcrumb":{"@id":"https:\/\/www.myvize.com.tr\/cin\/subelerimiz\/istanbul\/#breadcrumb"},"inLanguage":"tr","potentialAction":[{"@type":"ReadAction","target":["https:\/\/www.myvize.com.tr\/cin\/subelerimiz\/istanbul\/"]}]},{"@type":"BreadcrumbList","@id":"https:\/\/www.myvize.com.tr\/cin\/subelerimiz\/istanbul\/#breadcrumb","itemListElement":[{"@type":"ListItem","position":1,"name":"Anasayfa","item":"https:\/\/www.myvize.com.tr\/cin\/"},{"@type":"ListItem","position":2,"name":"\u015eUBELER\u0130M\u0130Z","item":"https:\/\/www.myvize.com.tr\/cin\/subelerimiz\/"},{"@type":"ListItem","position":3,"name":"\u0130stanbul"}]},{"@type":"WebSite","@id":"https:\/\/www.myvize.com.tr\/cin\/#website","url":"https:\/\/www.myvize.com.tr\/cin\/","name":"\u00c7in Vizesi","description":"","potentialAction":[{"@type":"SearchAction","target":{"@type":"EntryPoint","urlTemplate":"https:\/\/www.myvize.com.tr\/cin\/?s={search_term_string}"},"query-input":{"@type":"PropertyValueSpecification","valueRequired":true,"valueName":"search_term_string"}}],"inLanguage":"tr"}]}},"_links":{"self":[{"href":"https:\/\/www.myvize.com.tr\/cin\/wp-json\/wp\/v2\/pages\/222","targetHints":{"allow":["GET"]}}],"collection":[{"href":"https:\/\/www.myvize.com.tr\/cin\/wp-json\/wp\/v2\/pages"}],"about":[{"href":"https:\/\/www.myvize.com.tr\/cin\/wp-json\/wp\/v2\/types\/page"}],"author":[{"embeddable":true,"href":"https:\/\/www.myvize.com.tr\/cin\/wp-json\/wp\/v2\/users\/1"}],"replies":[{"embeddable":true,"href":"https:\/\/www.myvize.com.tr\/cin\/wp-json\/wp\/v2\/comments?post=222"}],"version-history":[{"count":3,"href":"https:\/\/www.myvize.com.tr\/cin\/wp-json\/wp\/v2\/pages\/222\/revisions"}],"predecessor-version":[{"id":695,"href":"https:\/\/www.myvize.com.tr\/cin\/wp-json\/wp\/v2\/pages\/222\/revisions\/695"}],"up":[{"embeddable":true,"href":"https:\/\/www.myvize.com.tr\/cin\/wp-json\/wp\/v2\/pages\/191"}],"wp:attachment":[{"href":"https:\/\/www.myvize.com.tr\/cin\/wp-json\/wp\/v2\/media?parent=222"}],"curies":[{"name":"wp","href":"https:\/\/api.w.org\/{rel}","templated":true}]}}