{"id":256,"date":"2021-02-04T13:57:20","date_gmt":"2021-02-04T10:57:20","guid":{"rendered":"https:\/\/www.myvize.com.tr\/cin\/?page_id=256"},"modified":"2022-04-04T13:42:41","modified_gmt":"2022-04-04T10:42:41","slug":"cin-vize-ucreti","status":"publish","type":"page","link":"https:\/\/www.myvize.com.tr\/cin\/vize-islemleri\/cin-vize-ucreti\/","title":{"rendered":"\u00c7in Vize \u00dccreti"},"content":{"rendered":"<p><span style=\"font-family: Roboto; font-size: 14px;\">\u00c7in \u00fclkesine seyahat etmeyi d\u00fc\u015f\u00fcn\u00fcyorsan\u0131z seyahatinizin amac\u0131na uygun olarak \u00f6ncelikle vize alman\u0131z gerekiyor.\u00a0<a href=\"https:\/\/www.myvize.com.tr\/cin\/vize-islemleri\/\" target=\"_blank\" rel=\"noopener\"><span style=\"color: #2acec2;\"><strong>\u00c7in vize i\u015flemleri <\/strong><\/span><\/a>i\u00e7in de ki\u015filerin \u00f6nce <strong>vize randevusu<\/strong> almas\u0131 sonras\u0131nda vize evraklar\u0131n\u0131 haz\u0131rlayarak vize merkezlerine teslim etmeleri gerekiyor. Her sene<strong> vize \u00fccreti<\/strong> ve\u00a0<strong>\u00c7in vizesi<\/strong>\u00a0evraklar\u0131 g\u00fcncellenmektedir.<\/span><\/p>\n<p><span style=\"font-family: Roboto; font-size: 14px;\"><strong>\u00c7in vizesi i\u015flemleri<\/strong>\u00a0s\u0131ras\u0131nda herhangi bir sorun \u00e7\u0131kmamas\u0131 i\u00e7in gereken durumlarda profesyonel bir destek alabilme imk\u00e2n\u0131n\u0131z da bulunmaktad\u0131r. Bu s\u00fcre\u00e7te mutlaka vize t\u00fcr\u00fcne en uygun \u015fekilde vize evrak\u0131 haz\u0131rlaman\u0131z gerekiyor. \u0130lk olarak pasaport \u00e7\u0131kartt\u0131rmaya \u00f6zen g\u00f6stermelisiniz. Pasaportunuzun i\u00e7erisinde bo\u015f yaprak olmas\u0131na \u00f6zen g\u00f6stermelisiniz. E\u011fer bo\u015f yaprak yoksa ve s\u00fcresi dolmu\u015f ise yenileme i\u015flemi yapman\u0131z gerekiyor.<\/span><\/p>\n<p><span style=\"font-family: Roboto; font-size: 14px;\">Pasaportun yan\u0131nda ayn\u0131 zamanda <span style=\"color: #2acec2;\"><strong><a style=\"color: #2acec2;\" href=\"https:\/\/www.myvize.com.tr\/cin\/form-ve-dilekce\/vize-basvuru-formu\/\" target=\"_blank\" rel=\"noopener\">Vize ba\u015fvuru formu<\/a><\/strong><\/span> da dikkat edilmesi gereken belgeler i\u00e7erisinde yer al\u0131yor. Bu belgenin istenilen kriterlerde olmas\u0131 <strong>\u00c7in vize reddi<\/strong> almamak i\u00e7in son derece \u00f6nemlidir. Evraklar\u0131n\u0131z\u0131n tam olarak haz\u0131rlanabilmesi i\u00e7in mutlaka \u00f6nceden vize evrak listesi hakk\u0131nda bilgi edinmeniz gerekiyor.<\/span><\/p>\n<h2><span style=\"font-family: Roboto; font-size: 27px;\"><strong>\u00c7in Vize \u00dccreti Hakk\u0131nda<\/strong><\/span><\/h2>\n<p><span style=\"font-family: Roboto; font-size: 14px;\">\u00c7in halk Cumhuriyeti&#8217;ne seyahat etmeyi planlayan ki\u015fileri seyahat ama\u00e7lar\u0131na uygun olarak Vize almas\u0131 gereklidir. Vize i\u015flemlerinizi eksiksiz olarak tamamlanmas\u0131 i\u00e7in mutlaka t\u00fcm evraklar\u0131n\u0131z\u0131n eksiksiz bir \u015fekilde yat\u0131r\u0131lmas\u0131 gerekir. Ayn\u0131 zamanda <strong>\u00c7in vize \u00fccreti<\/strong> olarak sizlerden istenilen har\u00e7lar\u0131nda zaman\u0131nda yat\u0131r\u0131lmas\u0131 b\u00fcy\u00fck bir \u00f6nem ta\u015f\u0131maktad\u0131r. \u00c7in \u00fclkesinde seyahat i\u00e7in vize \u00fccretlerinin yat\u0131r\u0131ld\u0131ktan sonra ilgili bankalardan dekont al\u0131nmas\u0131 son derece \u00f6nemli bir konudur.<\/span><\/p>\n<p><span style=\"font-family: Roboto; font-size: 14px;\"><strong>\u00c7in vizesi<\/strong> i\u00e7in haz\u0131rlayaca\u011f\u0131n\u0131z t\u00fcm belgelerin g\u00fcncel olmas\u0131 ve ger\u00e7ekleri yans\u0131tmas\u0131 en \u00f6nemli konulardan biridir. Ba\u015fvuru formunuzda hangi vize kategorisine ba\u015fvurmak istedi\u011finizi belirtmeniz b\u00fcy\u00fck bir \u00f6nem ta\u015f\u0131yor. Bununla birlikte vize \u00fccretlerinin izinde vize kategorisine uygun bir \u015fekilde yat\u0131r\u0131lmas\u0131 gereklidir. <strong>\u00c7in vize i\u015flemleri<\/strong> s\u0131ras\u0131nda en \u00e7ok dikkat edilen detaylar aras\u0131nda vize t\u00fcr\u00fcn\u00fcz b\u00fcy\u00fck bir \u00f6nem ta\u015f\u0131r.<\/span><\/p>\n<p><span style=\"font-family: Roboto; font-size: 14px;\">\u00d6\u011frenci vizesi,<span style=\"color: #2acec2;\"><strong><a style=\"color: #2acec2;\" href=\"https:\/\/www.myvize.com.tr\/cin\/vize-islemleri\/turistik-vize\/\" target=\"_blank\" rel=\"noopener\"> \u00c7in turistik vize<\/a><\/strong><\/span>, aile ziyareti vizesi ve ticaret vizesi gibi bir\u00e7ok farkl\u0131 \u00f6nemli vize t\u00fcr\u00fc bulunur. Bununla birlikte \u00f6\u011frenci vizesi ve aile ziyareti vizesi kendi i\u00e7erisinde uzun ve k\u0131sa olmas\u0131na g\u00f6re de farkl\u0131l\u0131k g\u00f6sterebilir. B\u00f6yle durumlarda <strong>\u00c7in vize \u00fccreti<\/strong> yat\u0131r\u0131lmadan \u00f6nce vize kategorisine uygun olarak en g\u00fcncel bilgileri temin etmeli ve bu bilgiler \u0131\u015f\u0131\u011f\u0131nda \u00fccretleri yat\u0131rmal\u0131s\u0131n\u0131z.<\/span><\/p>\n<p><img decoding=\"async\" src=\"https:\/\/www.myvize.com.tr\/cin\/wp-content\/uploads\/2021\/10\/23.jpg\" \/><\/p>\n<h2><span style=\"font-family: Roboto; font-size: 27px;\"><strong>\u00c7in Vize \u00dccreti Ne Kadard\u0131r?<\/strong><\/span><\/h2>\n<p><span style=\"font-family: Roboto; font-size: 14px;\">Evraklar\u0131n\u0131z\u0131n eksiksiz olarak haz\u0131rlanmas\u0131 s\u00fcrecinde \u00f6nemli bir di\u011fer detay da vize \u00fccretlerinin yat\u0131r\u0131lmas\u0131d\u0131r. Vize \u00fccretlerini yat\u0131r\u0131rken mutlaka gereken t\u00fcm kriterleri g\u00f6z \u00f6n\u00fcnde bulundurman\u0131z gerekmektedir. Her \u015feyden \u00f6nce vize t\u00fcr\u00fcn\u00fc bu s\u00fcre\u00e7te mutlaka belirtmeniz gerekiyor.\u00a0<strong>\u00c7in\u2019e vize almak<\/strong>\u00a0i\u00e7in mutlaka vize \u00fccretlerinin tam olarak yat\u0131r\u0131lmas\u0131 ve bankadan da dekont al\u0131nmas\u0131 gerekiyor.<\/span><\/p>\n<p><span style=\"font-family: Roboto; font-size: 14px;\"><strong>Vize reddi<\/strong> ile kar\u015f\u0131la\u015f\u0131l\u0131rsa vize \u00fccretleri sizlere iade edilmiyor. Bu nedenle bu s\u00fcre\u00e7te ki her t\u00fcrl\u00fc sorumluluk sizlere ait olmaktad\u0131r. <strong>Vize \u00fccretleri<\/strong> konusunda g\u00fcncel verileri de dikkate alman\u0131z b\u00fcy\u00fck bir \u00f6nem arz ediyor. Vize i\u015flemleri s\u0131ras\u0131nda \u00f6demeniz gereken g\u00fcncel <strong>\u00c7in vizesi<\/strong> \u00fccreti ise<\/span><\/p>\n<ul>\n<li><span style=\"font-family: Roboto; font-size: 14px;\">Tek ki\u015filik vize i\u00e7in 58 dolard\u0131r.<\/span><\/li>\n<li><span style=\"font-family: Roboto; font-size: 14px;\">E\u011fer \u00e7ift giri\u015fli ve 6 ayl\u0131k alacaksan\u0131z 87 dolar \u00f6demeniz gerekiyor.<\/span><\/li>\n<li><span style=\"font-family: Roboto; font-size: 14px;\">\u00c7ok giri\u015fli 6 ayl\u0131k alacaksan\u0131z da 116 dolar \u00f6denmesi gerekiyor.<\/span><\/li>\n<li><span style=\"font-family: Roboto; font-size: 14px;\">\u00c7ok giri\u015fli 1 y\u0131ll\u0131k vize i\u00e7in ise 195 dolar \u00f6denmesi gerekmektedir.<\/span><\/li>\n<\/ul>\n<p><span style=\"font-family: Roboto; font-size: 14px;\">E\u011fer bu i\u015flemleri profesyonel dan\u0131\u015fmanl\u0131k hizmeti alarak yapmay\u0131 d\u00fc\u015f\u00fcn\u00fcyorsan\u0131z ba\u015fvuru hizmet bedeli de \u00fccretlere yans\u0131maktad\u0131r.<\/span><\/p>\n<p><img decoding=\"async\" src=\"https:\/\/www.myvize.com.tr\/cin\/wp-content\/uploads\/2021\/10\/24.jpg\" \/><\/p>\n","protected":false},"excerpt":{"rendered":"<p>\u00c7in \u00fclkesine seyahat etmeyi d\u00fc\u015f\u00fcn\u00fcyorsan\u0131z seyahatinizin amac\u0131na uygun olarak \u00f6ncelikle vize alman\u0131z gerekiyor.\u00a0\u00c7in vize i\u015flemleri i\u00e7in de ki\u015filerin \u00f6nce vize randevusu almas\u0131 sonras\u0131nda vize evraklar\u0131n\u0131 haz\u0131rlayarak vize merkezlerine teslim etmeleri gerekiyor. Her sene vize \u00fccreti ve\u00a0\u00c7in vizesi\u00a0evraklar\u0131 g\u00fcncellenmektedir. \u00c7in vizesi i\u015flemleri\u00a0s\u0131ras\u0131nda herhangi bir sorun \u00e7\u0131kmamas\u0131 i\u00e7in gereken durumlarda profesyonel bir destek alabilme imk\u00e2n\u0131n\u0131z da bulunmaktad\u0131r.<\/p>\n","protected":false},"author":1,"featured_media":0,"parent":18,"menu_order":0,"comment_status":"open","ping_status":"closed","template":"","meta":{"footnotes":""},"class_list":["post-256","page","type-page","status-publish","hentry"],"yoast_head":"<!-- This site is optimized with the Yoast SEO plugin v26.8 - https:\/\/yoast.com\/product\/yoast-seo-wordpress\/ -->\n<title>\u00c7in Vize \u00dccreti - MyVize Vize Ba\u015fvuru Merkezi<\/title>\n<meta name=\"description\" content=\"\u00c7in vize \u00fccreti g\u00fcncel liste. \u00c7in vize \u00fccreti ne kadar? \u00c7in vize \u00fccreti g\u00fcncel evrak listesi. \u00c7in transit, turistik, \u00f6\u011frenci vize \u00fccreti.\" \/>\n<meta name=\"robots\" content=\"index, follow, max-snippet:-1, max-image-preview:large, max-video-preview:-1\" \/>\n<link rel=\"canonical\" href=\"https:\/\/www.myvize.com.tr\/cin\/vize-islemleri\/cin-vize-ucreti\/\" \/>\n<meta property=\"og:locale\" content=\"tr_TR\" \/>\n<meta property=\"og:type\" content=\"article\" \/>\n<meta property=\"og:title\" content=\"\u00c7in Vize \u00dccreti - MyVize Vize Ba\u015fvuru Merkezi\" \/>\n<meta property=\"og:description\" content=\"\u00c7in vize \u00fccreti g\u00fcncel liste. \u00c7in vize \u00fccreti ne kadar? \u00c7in vize \u00fccreti g\u00fcncel evrak listesi. \u00c7in transit, turistik, \u00f6\u011frenci vize \u00fccreti.\" \/>\n<meta property=\"og:url\" content=\"https:\/\/www.myvize.com.tr\/cin\/vize-islemleri\/cin-vize-ucreti\/\" \/>\n<meta property=\"og:site_name\" content=\"\u00c7in Vizesi\" \/>\n<meta property=\"article:modified_time\" content=\"2022-04-04T10:42:41+00:00\" \/>\n<meta property=\"og:image\" content=\"https:\/\/www.myvize.com.tr\/cin\/wp-content\/uploads\/2021\/10\/23.jpg\" \/>\n<meta name=\"twitter:card\" content=\"summary_large_image\" \/>\n<meta name=\"twitter:label1\" content=\"Tahmini okuma s\u00fcresi\" \/>\n\t<meta name=\"twitter:data1\" content=\"4 dakika\" \/>\n<script type=\"application\/ld+json\" class=\"yoast-schema-graph\">{\"@context\":\"https:\/\/schema.org\",\"@graph\":[{\"@type\":\"WebPage\",\"@id\":\"https:\/\/www.myvize.com.tr\/cin\/vize-islemleri\/cin-vize-ucreti\/\",\"url\":\"https:\/\/www.myvize.com.tr\/cin\/vize-islemleri\/cin-vize-ucreti\/\",\"name\":\"\u00c7in Vize \u00dccreti - MyVize Vize Ba\u015fvuru Merkezi\",\"isPartOf\":{\"@id\":\"https:\/\/www.myvize.com.tr\/cin\/#website\"},\"primaryImageOfPage\":{\"@id\":\"https:\/\/www.myvize.com.tr\/cin\/vize-islemleri\/cin-vize-ucreti\/#primaryimage\"},\"image\":{\"@id\":\"https:\/\/www.myvize.com.tr\/cin\/vize-islemleri\/cin-vize-ucreti\/#primaryimage\"},\"thumbnailUrl\":\"https:\/\/www.myvize.com.tr\/cin\/wp-content\/uploads\/2021\/10\/23.jpg\",\"datePublished\":\"2021-02-04T10:57:20+00:00\",\"dateModified\":\"2022-04-04T10:42:41+00:00\",\"description\":\"\u00c7in vize \u00fccreti g\u00fcncel liste. \u00c7in vize \u00fccreti ne kadar? \u00c7in vize \u00fccreti g\u00fcncel evrak listesi. \u00c7in transit, turistik, \u00f6\u011frenci vize \u00fccreti.\",\"breadcrumb\":{\"@id\":\"https:\/\/www.myvize.com.tr\/cin\/vize-islemleri\/cin-vize-ucreti\/#breadcrumb\"},\"inLanguage\":\"tr\",\"potentialAction\":[{\"@type\":\"ReadAction\",\"target\":[\"https:\/\/www.myvize.com.tr\/cin\/vize-islemleri\/cin-vize-ucreti\/\"]}]},{\"@type\":\"ImageObject\",\"inLanguage\":\"tr\",\"@id\":\"https:\/\/www.myvize.com.tr\/cin\/vize-islemleri\/cin-vize-ucreti\/#primaryimage\",\"url\":\"https:\/\/www.myvize.com.tr\/cin\/wp-content\/uploads\/2021\/10\/23.jpg\",\"contentUrl\":\"https:\/\/www.myvize.com.tr\/cin\/wp-content\/uploads\/2021\/10\/23.jpg\",\"width\":800,\"height\":500,\"caption\":\"\u00c7in Vize \u00dccreti\"},{\"@type\":\"BreadcrumbList\",\"@id\":\"https:\/\/www.myvize.com.tr\/cin\/vize-islemleri\/cin-vize-ucreti\/#breadcrumb\",\"itemListElement\":[{\"@type\":\"ListItem\",\"position\":1,\"name\":\"Anasayfa\",\"item\":\"https:\/\/www.myvize.com.tr\/cin\/\"},{\"@type\":\"ListItem\",\"position\":2,\"name\":\"V\u0130ZE \u0130\u015eLEMLER\u0130\",\"item\":\"https:\/\/www.myvize.com.tr\/cin\/vize-islemleri\/\"},{\"@type\":\"ListItem\",\"position\":3,\"name\":\"\u00c7in Vize \u00dccreti\"}]},{\"@type\":\"WebSite\",\"@id\":\"https:\/\/www.myvize.com.tr\/cin\/#website\",\"url\":\"https:\/\/www.myvize.com.tr\/cin\/\",\"name\":\"\u00c7in Vizesi\",\"description\":\"\",\"potentialAction\":[{\"@type\":\"SearchAction\",\"target\":{\"@type\":\"EntryPoint\",\"urlTemplate\":\"https:\/\/www.myvize.com.tr\/cin\/?s={search_term_string}\"},\"query-input\":{\"@type\":\"PropertyValueSpecification\",\"valueRequired\":true,\"valueName\":\"search_term_string\"}}],\"inLanguage\":\"tr\"}]}<\/script>\n<!-- \/ Yoast SEO plugin. -->","yoast_head_json":{"title":"\u00c7in Vize \u00dccreti - MyVize Vize Ba\u015fvuru Merkezi","description":"\u00c7in vize \u00fccreti g\u00fcncel liste. \u00c7in vize \u00fccreti ne kadar? \u00c7in vize \u00fccreti g\u00fcncel evrak listesi. \u00c7in transit, turistik, \u00f6\u011frenci vize \u00fccreti.","robots":{"index":"index","follow":"follow","max-snippet":"max-snippet:-1","max-image-preview":"max-image-preview:large","max-video-preview":"max-video-preview:-1"},"canonical":"https:\/\/www.myvize.com.tr\/cin\/vize-islemleri\/cin-vize-ucreti\/","og_locale":"tr_TR","og_type":"article","og_title":"\u00c7in Vize \u00dccreti - MyVize Vize Ba\u015fvuru Merkezi","og_description":"\u00c7in vize \u00fccreti g\u00fcncel liste. \u00c7in vize \u00fccreti ne kadar? \u00c7in vize \u00fccreti g\u00fcncel evrak listesi. \u00c7in transit, turistik, \u00f6\u011frenci vize \u00fccreti.","og_url":"https:\/\/www.myvize.com.tr\/cin\/vize-islemleri\/cin-vize-ucreti\/","og_site_name":"\u00c7in Vizesi","article_modified_time":"2022-04-04T10:42:41+00:00","og_image":[{"url":"https:\/\/www.myvize.com.tr\/cin\/wp-content\/uploads\/2021\/10\/23.jpg","type":"","width":"","height":""}],"twitter_card":"summary_large_image","twitter_misc":{"Tahmini okuma s\u00fcresi":"4 dakika"},"schema":{"@context":"https:\/\/schema.org","@graph":[{"@type":"WebPage","@id":"https:\/\/www.myvize.com.tr\/cin\/vize-islemleri\/cin-vize-ucreti\/","url":"https:\/\/www.myvize.com.tr\/cin\/vize-islemleri\/cin-vize-ucreti\/","name":"\u00c7in Vize \u00dccreti - MyVize Vize Ba\u015fvuru Merkezi","isPartOf":{"@id":"https:\/\/www.myvize.com.tr\/cin\/#website"},"primaryImageOfPage":{"@id":"https:\/\/www.myvize.com.tr\/cin\/vize-islemleri\/cin-vize-ucreti\/#primaryimage"},"image":{"@id":"https:\/\/www.myvize.com.tr\/cin\/vize-islemleri\/cin-vize-ucreti\/#primaryimage"},"thumbnailUrl":"https:\/\/www.myvize.com.tr\/cin\/wp-content\/uploads\/2021\/10\/23.jpg","datePublished":"2021-02-04T10:57:20+00:00","dateModified":"2022-04-04T10:42:41+00:00","description":"\u00c7in vize \u00fccreti g\u00fcncel liste. \u00c7in vize \u00fccreti ne kadar? \u00c7in vize \u00fccreti g\u00fcncel evrak listesi. \u00c7in transit, turistik, \u00f6\u011frenci vize \u00fccreti.","breadcrumb":{"@id":"https:\/\/www.myvize.com.tr\/cin\/vize-islemleri\/cin-vize-ucreti\/#breadcrumb"},"inLanguage":"tr","potentialAction":[{"@type":"ReadAction","target":["https:\/\/www.myvize.com.tr\/cin\/vize-islemleri\/cin-vize-ucreti\/"]}]},{"@type":"ImageObject","inLanguage":"tr","@id":"https:\/\/www.myvize.com.tr\/cin\/vize-islemleri\/cin-vize-ucreti\/#primaryimage","url":"https:\/\/www.myvize.com.tr\/cin\/wp-content\/uploads\/2021\/10\/23.jpg","contentUrl":"https:\/\/www.myvize.com.tr\/cin\/wp-content\/uploads\/2021\/10\/23.jpg","width":800,"height":500,"caption":"\u00c7in Vize \u00dccreti"},{"@type":"BreadcrumbList","@id":"https:\/\/www.myvize.com.tr\/cin\/vize-islemleri\/cin-vize-ucreti\/#breadcrumb","itemListElement":[{"@type":"ListItem","position":1,"name":"Anasayfa","item":"https:\/\/www.myvize.com.tr\/cin\/"},{"@type":"ListItem","position":2,"name":"V\u0130ZE \u0130\u015eLEMLER\u0130","item":"https:\/\/www.myvize.com.tr\/cin\/vize-islemleri\/"},{"@type":"ListItem","position":3,"name":"\u00c7in Vize \u00dccreti"}]},{"@type":"WebSite","@id":"https:\/\/www.myvize.com.tr\/cin\/#website","url":"https:\/\/www.myvize.com.tr\/cin\/","name":"\u00c7in Vizesi","description":"","potentialAction":[{"@type":"SearchAction","target":{"@type":"EntryPoint","urlTemplate":"https:\/\/www.myvize.com.tr\/cin\/?s={search_term_string}"},"query-input":{"@type":"PropertyValueSpecification","valueRequired":true,"valueName":"search_term_string"}}],"inLanguage":"tr"}]}},"_links":{"self":[{"href":"https:\/\/www.myvize.com.tr\/cin\/wp-json\/wp\/v2\/pages\/256","targetHints":{"allow":["GET"]}}],"collection":[{"href":"https:\/\/www.myvize.com.tr\/cin\/wp-json\/wp\/v2\/pages"}],"about":[{"href":"https:\/\/www.myvize.com.tr\/cin\/wp-json\/wp\/v2\/types\/page"}],"author":[{"embeddable":true,"href":"https:\/\/www.myvize.com.tr\/cin\/wp-json\/wp\/v2\/users\/1"}],"replies":[{"embeddable":true,"href":"https:\/\/www.myvize.com.tr\/cin\/wp-json\/wp\/v2\/comments?post=256"}],"version-history":[{"count":7,"href":"https:\/\/www.myvize.com.tr\/cin\/wp-json\/wp\/v2\/pages\/256\/revisions"}],"predecessor-version":[{"id":751,"href":"https:\/\/www.myvize.com.tr\/cin\/wp-json\/wp\/v2\/pages\/256\/revisions\/751"}],"up":[{"embeddable":true,"href":"https:\/\/www.myvize.com.tr\/cin\/wp-json\/wp\/v2\/pages\/18"}],"wp:attachment":[{"href":"https:\/\/www.myvize.com.tr\/cin\/wp-json\/wp\/v2\/media?parent=256"}],"curies":[{"name":"wp","href":"https:\/\/api.w.org\/{rel}","templated":true}]}}