{"id":258,"date":"2021-02-04T13:58:00","date_gmt":"2021-02-04T10:58:00","guid":{"rendered":"https:\/\/www.myvize.com.tr\/cin\/?page_id=258"},"modified":"2022-04-04T13:40:18","modified_gmt":"2022-04-04T10:40:18","slug":"cin-vizesi-icin-gerekli-evraklar","status":"publish","type":"page","link":"https:\/\/www.myvize.com.tr\/cin\/vize-islemleri\/cin-vizesi-icin-gerekli-evraklar\/","title":{"rendered":"\u00c7in Vizesi \u0130\u00e7in Gerekli Evraklar"},"content":{"rendered":"<p><span style=\"font-family: Roboto; font-size: 14px;\">\u00c7in bir\u00e7ok farkl\u0131 nedenle ziyaret edilen ve gerekti\u011finde uzun s\u00fcre de kal\u0131nan \u00fclkelerden biridir. Son derece y\u00fcksek standartlarda bir \u00fclke olmas\u0131 \u00c7in \u00fclkesinin bir\u00e7ok yerden ziyaret\u00e7i almas\u0131n\u0131 sa\u011flam\u0131\u015ft\u0131r. \u00c7ok b\u00fcy\u00fck bir \u00fclke olan <strong>\u00c7in ziyareti<\/strong> i\u00e7in bordo pasaportu olan ki\u015filerin vize almas\u0131 zorunludur. Ancak\u00a0<strong>\u00c7in vize<\/strong>\u00a0i\u015flemleri konusunda siyah, ye\u015fil ve gri pasaportu olan ki\u015filerin 30 g\u00fcne kadar vize muafiyet bulunuyor. Fakat bu ki\u015filer 30 g\u00fcnden fazla kalacaklar ise mutlaka vize i\u015flemlerine tabi olmak zorundad\u0131rlar.<\/span><\/p>\n<p><span style=\"font-family: Roboto; font-size: 14px;\"><strong>\u00c7in vizesi<\/strong>\u00a0i\u00e7in haz\u0131rlanacak evraklar ba\u015fvuru yap\u0131lan vize t\u00fcr\u00fcne g\u00f6re farkl\u0131l\u0131k g\u00f6sterilmektedir. <span style=\"color: #2acec2;\"><strong><a style=\"color: #2acec2;\" href=\"https:\/\/www.myvize.com.tr\/cin\/vize-islemleri\/\" target=\"_blank\" rel=\"noopener\">Vize i\u015flemleri<\/a><\/strong><\/span> i\u00e7in ba\u015fvuru yap\u0131lan vize t\u00fcrleri i\u00e7erisinde turistik, ticari, aile birle\u015fim, e\u011fitim, m\u00fcrettebat, transit ve \u00f6\u011frenci gibi vize t\u00fcrleri bulunmaktad\u0131r. Bu vize t\u00fcrlerinin her birinin ki\u015filere getirmi\u015f oldu\u011fu vize evrak\u0131 zorunluluklar\u0131 bulunmaktad\u0131r.<\/span><\/p>\n<h2><span style=\"font-family: Roboto; font-size: 27px;\"><strong>\u00c7in Vizesi \u0130\u00e7in Gerekli Evraklar Hakk\u0131nda<\/strong><\/span><\/h2>\n<p><span style=\"font-family: Roboto; font-size: 14px;\"><strong>\u00c7in vizesi<\/strong> bu \u00fclkeye seyahat edecek olan ki\u015filerin yapt\u0131rmas\u0131 gereken yasal i\u015flemlerdir. <strong>\u00c7in<\/strong> <strong>Vize i\u015flemleri<\/strong> s\u0131ras\u0131nda dikkat etmeniz gereken en \u00f6nemli unsur vize s\u00fcrecinde evraklar\u0131n uygun bir \u015fekilde haz\u0131rlanarak teslim edilmesidir. Vize i\u015flemlerinde en \u00e7ok \u00f6zen g\u00f6sterilen konu bu evraklar\u0131n g\u00fcncel olmas\u0131d\u0131r. Vize belgeleri i\u00e7erisinde pasaportunuzun mutlaka g\u00fcncel olmas\u0131 ve seyahat bittikten sonra da en az 6 ay boyunca daha ge\u00e7erli olmal\u0131d\u0131r. \u0130\u00e7erisinde de iki tane bo\u015f sayfa mutlaka bulunmal\u0131d\u0131r.<\/span><\/p>\n<p><span style=\"font-family: Roboto; font-size: 14px;\"><strong>\u00c7in vize<\/strong> i\u015flemlerinde ba\u015fvuru formu da son derece \u00f6nemlidir. Bu vize belgelerinin mutlaka vize t\u00fcr\u00fcne uygun olarak haz\u0131rlanmas\u0131 gerekir. M\u00fcrettebat vizesi, aile ve arkada\u015f ziyareti vizesi, turist vizesi, \u015fof\u00f6r ve ticari vize gibi bir\u00e7ok vize t\u00fcr\u00fc vard\u0131r.<\/span><\/p>\n<p><span style=\"font-family: Roboto; font-size: 14px;\">Belgeleriniz i\u00e7erisinde davetiye, dilek\u00e7e, ikametgah gibi belgeler olmal\u0131d\u0131r. Ayn\u0131 zamanda banka hesap d\u00f6k\u00fcmleri, biyometrik foto\u011fraf da istenilen belgeler aras\u0131nda yer al\u0131r.<strong> \u00c7in Vize belgeleri<\/strong> aras\u0131nda yer alan en \u00f6nemli evraklardan birisi de vize \u00fccretlerinin yat\u0131r\u0131ld\u0131\u011f\u0131n\u0131 g\u00f6steren dekonttur. Bu belgeler i\u00e7in vize t\u00fcr\u00fcne g\u00f6re ek taleplerde de bulunulabilir.<\/span><\/p>\n<p><img decoding=\"async\" src=\"https:\/\/www.myvize.com.tr\/cin\/wp-content\/uploads\/2021\/10\/20.jpg\" \/><\/p>\n<h2><span style=\"font-family: Roboto; font-size: 27px;\"><strong>\u00c7in Vizesi \u0130\u00e7in Hangi Evraklar Haz\u0131rlan\u0131r?<\/strong><\/span><\/h2>\n<p><span style=\"font-family: Roboto; font-size: 14px;\"><strong>\u00c7in vize i\u015flemleri<\/strong>\u00a0konusunda mutlaka evrak haz\u0131rlaman\u0131z gerekiyor. Evrak haz\u0131rlama s\u00fcrecinde sizlerden \u00f6ncelikle pasaportun asl\u0131 ve i\u00e7 yapraklar\u0131n\u0131n fotokopiler istenilmektedir. Bu s\u00fcre\u00e7te iki \u00f6nemli husus bulunmaktad\u0131r. Bu pasaportlar\u0131n seyahat bitimi sonras\u0131nda mutlaka 6 ay daha s\u00fcresi olmal\u0131d\u0131r. <strong>Vize i\u015flemleri<\/strong> i\u00e7in pasaport i\u00e7erisinde iki tane de bo\u015f yaprak olmas\u0131na dikkat edilmelidir.<\/span><\/p>\n<p><span style=\"font-family: Roboto; font-size: 14px;\"><span style=\"color: #2acec2;\"><strong><a style=\"color: #2acec2;\" href=\"https:\/\/www.myvize.com.tr\/cin\/form-ve-dilekce\/vize-basvuru-formu\/\" target=\"_blank\" rel=\"noopener\">Vize Ba\u015fvuru formu<\/a><\/strong><\/span> da \u00f6nemli evraklar i\u00e7erisinde yer al\u0131yor. Bu formun \u0130ngilizce ya da \u00c7ince olarak doldurulmas\u0131 gereklidir. Ba\u015fvuru formu \u015fahsen doldurulmal\u0131d\u0131r ve i\u00e7erisinde ki t\u00fcm bilgilerin eksiksiz ve do\u011fru olmas\u0131na \u00f6zen g\u00f6sterilmelidir. <strong>\u00c7in\u2019e vize almak<\/strong>\u00a0i\u00e7in vize t\u00fcr\u00fcne uygun olarak i\u015f ve meslek belgelerini, e\u011fitim belgelerini de haz\u0131rlaman\u0131z gerekiyor. Foto\u011fraflar\u0131n da iki tane olmas\u0131 ve arka fonun beyaz olmas\u0131na dikkat edilmelidir. Foto\u011fraflarda mutlaka y\u00fcz, \u00e7ene ve al\u0131n hatlar\u0131n\u0131n a\u00e7\u0131k bir \u015fekilde se\u00e7ilmesine \u00f6nem verilmelidir. T\u00fcm belgeler eksiksiz olarak <strong>\u00c7in vize randevusu<\/strong> s\u0131ras\u0131nda belgelerin tek bir dosya i\u00e7erisinde sunulmas\u0131na \u00f6nem verilmelidir.<\/span><\/p>\n","protected":false},"excerpt":{"rendered":"<p>\u00c7in bir\u00e7ok farkl\u0131 nedenle ziyaret edilen ve gerekti\u011finde uzun s\u00fcre de kal\u0131nan \u00fclkelerden biridir. Son derece y\u00fcksek standartlarda bir \u00fclke olmas\u0131 \u00c7in \u00fclkesinin bir\u00e7ok yerden ziyaret\u00e7i almas\u0131n\u0131 sa\u011flam\u0131\u015ft\u0131r. \u00c7ok b\u00fcy\u00fck bir \u00fclke olan \u00c7in ziyareti i\u00e7in bordo pasaportu olan ki\u015filerin vize almas\u0131 zorunludur. Ancak\u00a0\u00c7in vize\u00a0i\u015flemleri konusunda siyah, ye\u015fil ve gri pasaportu olan ki\u015filerin 30 g\u00fcne<\/p>\n","protected":false},"author":1,"featured_media":0,"parent":18,"menu_order":0,"comment_status":"open","ping_status":"closed","template":"","meta":{"footnotes":""},"class_list":["post-258","page","type-page","status-publish","hentry"],"yoast_head":"<!-- This site is optimized with the Yoast SEO plugin v26.8 - https:\/\/yoast.com\/product\/yoast-seo-wordpress\/ -->\n<title>\u00c7in Vizesi \u0130\u00e7in Gerekli Evraklar - \u00c7in Vizesi - MyVize<\/title>\n<meta name=\"description\" content=\"\u00c7in vizesi i\u00e7in gerekli evrak listesi. \u00c7in vizesi gerekli evraklar\u0131n haz\u0131rlan\u0131\u015f a\u015famalar\u0131 g\u00f6rsel anlat\u0131m. \u00c7in vizesi i\u015flem s\u00fcresi ve \u00fccreti.\" \/>\n<meta name=\"robots\" content=\"index, follow, max-snippet:-1, max-image-preview:large, max-video-preview:-1\" \/>\n<link rel=\"canonical\" href=\"https:\/\/www.myvize.com.tr\/cin\/vize-islemleri\/cin-vizesi-icin-gerekli-evraklar\/\" \/>\n<meta property=\"og:locale\" content=\"tr_TR\" \/>\n<meta property=\"og:type\" content=\"article\" \/>\n<meta property=\"og:title\" content=\"\u00c7in Vizesi \u0130\u00e7in Gerekli Evraklar - \u00c7in Vizesi - MyVize\" \/>\n<meta property=\"og:description\" content=\"\u00c7in vizesi i\u00e7in gerekli evrak listesi. \u00c7in vizesi gerekli evraklar\u0131n haz\u0131rlan\u0131\u015f a\u015famalar\u0131 g\u00f6rsel anlat\u0131m. \u00c7in vizesi i\u015flem s\u00fcresi ve \u00fccreti.\" \/>\n<meta property=\"og:url\" content=\"https:\/\/www.myvize.com.tr\/cin\/vize-islemleri\/cin-vizesi-icin-gerekli-evraklar\/\" \/>\n<meta property=\"og:site_name\" content=\"\u00c7in Vizesi\" \/>\n<meta property=\"article:modified_time\" content=\"2022-04-04T10:40:18+00:00\" \/>\n<meta property=\"og:image\" content=\"https:\/\/www.myvize.com.tr\/cin\/wp-content\/uploads\/2021\/10\/20.jpg\" \/>\n<meta name=\"twitter:card\" content=\"summary_large_image\" \/>\n<meta name=\"twitter:label1\" content=\"Tahmini okuma s\u00fcresi\" \/>\n\t<meta name=\"twitter:data1\" content=\"3 dakika\" \/>\n<script type=\"application\/ld+json\" class=\"yoast-schema-graph\">{\"@context\":\"https:\/\/schema.org\",\"@graph\":[{\"@type\":\"WebPage\",\"@id\":\"https:\/\/www.myvize.com.tr\/cin\/vize-islemleri\/cin-vizesi-icin-gerekli-evraklar\/\",\"url\":\"https:\/\/www.myvize.com.tr\/cin\/vize-islemleri\/cin-vizesi-icin-gerekli-evraklar\/\",\"name\":\"\u00c7in Vizesi \u0130\u00e7in Gerekli Evraklar - \u00c7in Vizesi - MyVize\",\"isPartOf\":{\"@id\":\"https:\/\/www.myvize.com.tr\/cin\/#website\"},\"primaryImageOfPage\":{\"@id\":\"https:\/\/www.myvize.com.tr\/cin\/vize-islemleri\/cin-vizesi-icin-gerekli-evraklar\/#primaryimage\"},\"image\":{\"@id\":\"https:\/\/www.myvize.com.tr\/cin\/vize-islemleri\/cin-vizesi-icin-gerekli-evraklar\/#primaryimage\"},\"thumbnailUrl\":\"https:\/\/www.myvize.com.tr\/cin\/wp-content\/uploads\/2021\/10\/20.jpg\",\"datePublished\":\"2021-02-04T10:58:00+00:00\",\"dateModified\":\"2022-04-04T10:40:18+00:00\",\"description\":\"\u00c7in vizesi i\u00e7in gerekli evrak listesi. \u00c7in vizesi gerekli evraklar\u0131n haz\u0131rlan\u0131\u015f a\u015famalar\u0131 g\u00f6rsel anlat\u0131m. \u00c7in vizesi i\u015flem s\u00fcresi ve \u00fccreti.\",\"breadcrumb\":{\"@id\":\"https:\/\/www.myvize.com.tr\/cin\/vize-islemleri\/cin-vizesi-icin-gerekli-evraklar\/#breadcrumb\"},\"inLanguage\":\"tr\",\"potentialAction\":[{\"@type\":\"ReadAction\",\"target\":[\"https:\/\/www.myvize.com.tr\/cin\/vize-islemleri\/cin-vizesi-icin-gerekli-evraklar\/\"]}]},{\"@type\":\"ImageObject\",\"inLanguage\":\"tr\",\"@id\":\"https:\/\/www.myvize.com.tr\/cin\/vize-islemleri\/cin-vizesi-icin-gerekli-evraklar\/#primaryimage\",\"url\":\"https:\/\/www.myvize.com.tr\/cin\/wp-content\/uploads\/2021\/10\/20.jpg\",\"contentUrl\":\"https:\/\/www.myvize.com.tr\/cin\/wp-content\/uploads\/2021\/10\/20.jpg\",\"width\":800,\"height\":500,\"caption\":\"\u00c7in Vizesi \u0130\u00e7in Gerekli Evraklar\"},{\"@type\":\"BreadcrumbList\",\"@id\":\"https:\/\/www.myvize.com.tr\/cin\/vize-islemleri\/cin-vizesi-icin-gerekli-evraklar\/#breadcrumb\",\"itemListElement\":[{\"@type\":\"ListItem\",\"position\":1,\"name\":\"Anasayfa\",\"item\":\"https:\/\/www.myvize.com.tr\/cin\/\"},{\"@type\":\"ListItem\",\"position\":2,\"name\":\"V\u0130ZE \u0130\u015eLEMLER\u0130\",\"item\":\"https:\/\/www.myvize.com.tr\/cin\/vize-islemleri\/\"},{\"@type\":\"ListItem\",\"position\":3,\"name\":\"\u00c7in Vizesi \u0130\u00e7in Gerekli Evraklar\"}]},{\"@type\":\"WebSite\",\"@id\":\"https:\/\/www.myvize.com.tr\/cin\/#website\",\"url\":\"https:\/\/www.myvize.com.tr\/cin\/\",\"name\":\"\u00c7in Vizesi\",\"description\":\"\",\"potentialAction\":[{\"@type\":\"SearchAction\",\"target\":{\"@type\":\"EntryPoint\",\"urlTemplate\":\"https:\/\/www.myvize.com.tr\/cin\/?s={search_term_string}\"},\"query-input\":{\"@type\":\"PropertyValueSpecification\",\"valueRequired\":true,\"valueName\":\"search_term_string\"}}],\"inLanguage\":\"tr\"}]}<\/script>\n<!-- \/ Yoast SEO plugin. -->","yoast_head_json":{"title":"\u00c7in Vizesi \u0130\u00e7in Gerekli Evraklar - \u00c7in Vizesi - MyVize","description":"\u00c7in vizesi i\u00e7in gerekli evrak listesi. \u00c7in vizesi gerekli evraklar\u0131n haz\u0131rlan\u0131\u015f a\u015famalar\u0131 g\u00f6rsel anlat\u0131m. \u00c7in vizesi i\u015flem s\u00fcresi ve \u00fccreti.","robots":{"index":"index","follow":"follow","max-snippet":"max-snippet:-1","max-image-preview":"max-image-preview:large","max-video-preview":"max-video-preview:-1"},"canonical":"https:\/\/www.myvize.com.tr\/cin\/vize-islemleri\/cin-vizesi-icin-gerekli-evraklar\/","og_locale":"tr_TR","og_type":"article","og_title":"\u00c7in Vizesi \u0130\u00e7in Gerekli Evraklar - \u00c7in Vizesi - MyVize","og_description":"\u00c7in vizesi i\u00e7in gerekli evrak listesi. \u00c7in vizesi gerekli evraklar\u0131n haz\u0131rlan\u0131\u015f a\u015famalar\u0131 g\u00f6rsel anlat\u0131m. \u00c7in vizesi i\u015flem s\u00fcresi ve \u00fccreti.","og_url":"https:\/\/www.myvize.com.tr\/cin\/vize-islemleri\/cin-vizesi-icin-gerekli-evraklar\/","og_site_name":"\u00c7in Vizesi","article_modified_time":"2022-04-04T10:40:18+00:00","og_image":[{"url":"https:\/\/www.myvize.com.tr\/cin\/wp-content\/uploads\/2021\/10\/20.jpg","type":"","width":"","height":""}],"twitter_card":"summary_large_image","twitter_misc":{"Tahmini okuma s\u00fcresi":"3 dakika"},"schema":{"@context":"https:\/\/schema.org","@graph":[{"@type":"WebPage","@id":"https:\/\/www.myvize.com.tr\/cin\/vize-islemleri\/cin-vizesi-icin-gerekli-evraklar\/","url":"https:\/\/www.myvize.com.tr\/cin\/vize-islemleri\/cin-vizesi-icin-gerekli-evraklar\/","name":"\u00c7in Vizesi \u0130\u00e7in Gerekli Evraklar - \u00c7in Vizesi - MyVize","isPartOf":{"@id":"https:\/\/www.myvize.com.tr\/cin\/#website"},"primaryImageOfPage":{"@id":"https:\/\/www.myvize.com.tr\/cin\/vize-islemleri\/cin-vizesi-icin-gerekli-evraklar\/#primaryimage"},"image":{"@id":"https:\/\/www.myvize.com.tr\/cin\/vize-islemleri\/cin-vizesi-icin-gerekli-evraklar\/#primaryimage"},"thumbnailUrl":"https:\/\/www.myvize.com.tr\/cin\/wp-content\/uploads\/2021\/10\/20.jpg","datePublished":"2021-02-04T10:58:00+00:00","dateModified":"2022-04-04T10:40:18+00:00","description":"\u00c7in vizesi i\u00e7in gerekli evrak listesi. \u00c7in vizesi gerekli evraklar\u0131n haz\u0131rlan\u0131\u015f a\u015famalar\u0131 g\u00f6rsel anlat\u0131m. \u00c7in vizesi i\u015flem s\u00fcresi ve \u00fccreti.","breadcrumb":{"@id":"https:\/\/www.myvize.com.tr\/cin\/vize-islemleri\/cin-vizesi-icin-gerekli-evraklar\/#breadcrumb"},"inLanguage":"tr","potentialAction":[{"@type":"ReadAction","target":["https:\/\/www.myvize.com.tr\/cin\/vize-islemleri\/cin-vizesi-icin-gerekli-evraklar\/"]}]},{"@type":"ImageObject","inLanguage":"tr","@id":"https:\/\/www.myvize.com.tr\/cin\/vize-islemleri\/cin-vizesi-icin-gerekli-evraklar\/#primaryimage","url":"https:\/\/www.myvize.com.tr\/cin\/wp-content\/uploads\/2021\/10\/20.jpg","contentUrl":"https:\/\/www.myvize.com.tr\/cin\/wp-content\/uploads\/2021\/10\/20.jpg","width":800,"height":500,"caption":"\u00c7in Vizesi \u0130\u00e7in Gerekli Evraklar"},{"@type":"BreadcrumbList","@id":"https:\/\/www.myvize.com.tr\/cin\/vize-islemleri\/cin-vizesi-icin-gerekli-evraklar\/#breadcrumb","itemListElement":[{"@type":"ListItem","position":1,"name":"Anasayfa","item":"https:\/\/www.myvize.com.tr\/cin\/"},{"@type":"ListItem","position":2,"name":"V\u0130ZE \u0130\u015eLEMLER\u0130","item":"https:\/\/www.myvize.com.tr\/cin\/vize-islemleri\/"},{"@type":"ListItem","position":3,"name":"\u00c7in Vizesi \u0130\u00e7in Gerekli Evraklar"}]},{"@type":"WebSite","@id":"https:\/\/www.myvize.com.tr\/cin\/#website","url":"https:\/\/www.myvize.com.tr\/cin\/","name":"\u00c7in Vizesi","description":"","potentialAction":[{"@type":"SearchAction","target":{"@type":"EntryPoint","urlTemplate":"https:\/\/www.myvize.com.tr\/cin\/?s={search_term_string}"},"query-input":{"@type":"PropertyValueSpecification","valueRequired":true,"valueName":"search_term_string"}}],"inLanguage":"tr"}]}},"_links":{"self":[{"href":"https:\/\/www.myvize.com.tr\/cin\/wp-json\/wp\/v2\/pages\/258","targetHints":{"allow":["GET"]}}],"collection":[{"href":"https:\/\/www.myvize.com.tr\/cin\/wp-json\/wp\/v2\/pages"}],"about":[{"href":"https:\/\/www.myvize.com.tr\/cin\/wp-json\/wp\/v2\/types\/page"}],"author":[{"embeddable":true,"href":"https:\/\/www.myvize.com.tr\/cin\/wp-json\/wp\/v2\/users\/1"}],"replies":[{"embeddable":true,"href":"https:\/\/www.myvize.com.tr\/cin\/wp-json\/wp\/v2\/comments?post=258"}],"version-history":[{"count":5,"href":"https:\/\/www.myvize.com.tr\/cin\/wp-json\/wp\/v2\/pages\/258\/revisions"}],"predecessor-version":[{"id":748,"href":"https:\/\/www.myvize.com.tr\/cin\/wp-json\/wp\/v2\/pages\/258\/revisions\/748"}],"up":[{"embeddable":true,"href":"https:\/\/www.myvize.com.tr\/cin\/wp-json\/wp\/v2\/pages\/18"}],"wp:attachment":[{"href":"https:\/\/www.myvize.com.tr\/cin\/wp-json\/wp\/v2\/media?parent=258"}],"curies":[{"name":"wp","href":"https:\/\/api.w.org\/{rel}","templated":true}]}}