{"id":262,"date":"2021-02-04T13:59:10","date_gmt":"2021-02-04T10:59:10","guid":{"rendered":"https:\/\/www.myvize.com.tr\/cin\/?page_id=262"},"modified":"2022-04-04T13:38:32","modified_gmt":"2022-04-04T10:38:32","slug":"cin-ogrenci-vizesi-cin-x2-vizesi","status":"publish","type":"page","link":"https:\/\/www.myvize.com.tr\/cin\/vize-islemleri\/cin-ogrenci-vizesi-cin-x2-vizesi\/","title":{"rendered":"\u00c7in \u00d6\u011frenci Vizesi, \u00c7in X2 Vizesi"},"content":{"rendered":"<h2><span style=\"font-family: Roboto; font-size: 27px;\"><strong>\u00c7in \u00d6\u011frenci Vizesi (X2 Vizesi)<\/strong><\/span><\/h2>\n<p><span style=\"font-family: Roboto; font-size: 14px;\">\u00c7in Halk Cumhuriyet\u2019inde e\u011fitim g\u00f6rmek isteyen ki\u015filerin almas\u0131 gereken vize t\u00fcr\u00fc di\u011fer vizelerden olduk\u00e7a farkl\u0131d\u0131r.\u00a0<strong>\u00c7in vize i\u015flemleri<\/strong>\u00a0s\u0131ras\u0131nda<strong> \u00f6\u011frenci vize<\/strong> kategorisinde iki farkl\u0131 vize vard\u0131r. X1 ve X2 vizeleridir. Bu vizeler \u00c7in\u2019de kal\u0131\u015f s\u00fcresine g\u00f6re farkl\u0131l\u0131k g\u00f6steriyor.\u00a0<strong>\u00c7in vize<\/strong>\u00a0i\u015flemi yapt\u0131r\u0131rken e\u011fer 180 g\u00fcnden daha az kalacaksan\u0131z <strong>X2 vizesi<\/strong> alman\u0131z gerekiyor. Bu vize t\u00fcr\u00fc k\u0131sa s\u00fcrelidir ve \u00f6\u011frencilerin kurs ya da bir sertifika program\u0131 gibi programlar i\u00e7in ald\u0131klar\u0131 vizelerdir. \u00d6\u011frenci de\u011fi\u015fim programlar\u0131na kat\u0131lanlar da bu vizeyi alabilirler.<\/span><\/p>\n<p><span style=\"font-family: Roboto; font-size: 14px;\"><strong>\u00c7in vizesi<\/strong>\u00a0al\u0131rken e\u011fer X2 vizesine ba\u015fvuru yapacaksan\u0131z mutlaka bu vize t\u00fcr\u00fcne g\u00f6re bir belge haz\u0131rlaman\u0131z gerekiyor. Bu belgeler i\u00e7erisinde \u00f6zellikle okuldan kay\u0131t mektubu alm\u0131\u015f olman\u0131z b\u00fcy\u00fck bir \u00f6nem ta\u015f\u0131yor.<\/span><\/p>\n<h2><span style=\"font-family: Roboto; font-size: 27px;\"><strong>\u00c7in \u00d6\u011frenci Vizesi, \u00c7in X2 Vizesi Hakk\u0131nda<\/strong><\/span><\/h2>\n<p><span style=\"font-family: Roboto; font-size: 14px;\">\u00c7in Halk Cumhuriyeti\u2019nde e\u011fitim g\u00f6recek olan ki\u015filerin almas\u0131 gereken vize t\u00fcr\u00fc iki tanedir. Birisi <strong>X1 vizesi<\/strong> di\u011feri ise <strong>X2 vize<\/strong> t\u00fcr\u00fcd\u00fcr. E\u011fer 180 g\u00fcnden daha fazla bir e\u011fitim s\u00fcreciniz olacak ise X1 vizesine ba\u015fvurman\u0131z gerekiyor. Fakat dil e\u011fitimi gibi k\u0131sa s\u00fcreli bir e\u011fitim i\u00e7in ya da kurs nedeniyle gidiyorsan\u0131z X2 vizesine ba\u015fvuru yapmal\u0131s\u0131n\u0131z. Bu vize t\u00fcr\u00fc k\u0131sa s\u00fcreli vizeler aras\u0131nda bulunuyor. <strong>\u00c7in \u00f6\u011frenci vizesi<\/strong> alabilmek i\u00e7in bir\u00e7ok evrak\u0131n haz\u0131rlanarak tek bir dosya halinde konsolosluklara sunulmas\u0131 gerekiyor.<\/span><\/p>\n<p><span style=\"font-family: Roboto; font-size: 14px;\">Bu i\u015flemler s\u0131ras\u0131nda belgelerinizin g\u00fcncel olmas\u0131 en \u00e7ok dikkat etmeniz gerekenler aras\u0131nda yer al\u0131yor. <strong>\u00c7in \u00f6\u011frenci vizesi<\/strong> i\u015flemleri s\u0131ras\u0131nda pasaportta mutlaka bo\u015f yaprak olmal\u0131 ve seyahat bittikten sonra 6 ay daha ge\u00e7erli olmal\u0131d\u0131r. Biyometrik foto\u011fraf\u0131n\u0131z\u0131n beyaz zemin \u00fczerine \u00e7ekilen bir foto\u011fraf olmas\u0131 ve g\u00f6zl\u00fck bulunmamas\u0131 gerekiyor.<\/span><\/p>\n<p><span style=\"font-family: Roboto; font-size: 14px;\">Bunlar\u0131n yan\u0131nda okulunuzdan izin belgesi alm\u0131\u015f olman\u0131z ve \u00c7in\u2019deki okuldan da davetiye alm\u0131\u015f olman\u0131z en \u00f6nemli kriterler aras\u0131nda bulunuyor.\u00a0<strong>\u00c7in \u00f6\u011frenci vizesi \u00c7in X2 vizesi<\/strong>\u00a0i\u00e7in davetiye son derece \u00f6nemlidir.<\/span><\/p>\n<p><img decoding=\"async\" src=\"https:\/\/www.myvize.com.tr\/cin\/wp-content\/uploads\/2021\/10\/18.jpg\" \/><\/p>\n<h2><span style=\"font-family: Roboto; font-size: 27px;\"><strong>\u00c7in X2 Vizesi Nas\u0131l Al\u0131n\u0131r?<\/strong><\/span><\/h2>\n<p><span style=\"font-family: Roboto; font-size: 14px;\"><strong>\u00c7in\u2019e vize almak<\/strong>\u00a0i\u00e7in \u00f6ncelikle ba\u015fvuru formu doldurman\u0131z gerekiyor. Ba\u015fvuru formunda bulunan bilgilerin tamam\u0131n\u0131n mutlaka do\u011fru olmas\u0131na dikkat etmelisiniz. <span style=\"color: #2acec2;\"><strong><a style=\"color: #2acec2;\" href=\"https:\/\/www.myvize.com.tr\/cin\/vize-islemleri\/\" target=\"_blank\" rel=\"noopener\">Vize i\u015flemleri<\/a><\/strong><\/span> s\u0131ras\u0131nda en \u00e7ok \u00f6nem verilen konu ise okuldan gelen kay\u0131t mektubudur. E\u011fer <strong>\u00f6\u011frenci de\u011fi\u015fim<\/strong> program\u0131 ile gidiyorsan\u0131z kendi okulunuzdan da mutlaka \u00f6\u011frenci izin belgenizin de olmas\u0131na dikkat etmelisiniz. <strong>Vize i\u015flemleri<\/strong> s\u0131ras\u0131nda \u00f6\u011frenci belgesi ve kay\u0131t mektubu olmad\u0131\u011f\u0131 taktirde vize almada sorun ya\u015fayabilirsiniz.<\/span><\/p>\n<p><span style=\"font-family: Roboto; font-size: 14px;\">Pasaportlar\u0131n\u0131z\u0131n s\u00fcresinin yeterli olmas\u0131 ve varsa eski pasaportlar\u0131n da vize dosyas\u0131na eklenmesi gerekiyor. Bunlar\u0131n yan\u0131nda <strong>vize i\u015flemleri<\/strong> s\u0131ras\u0131nda mutlaka <span style=\"color: #2acec2;\"><strong><a style=\"color: #2acec2;\" href=\"https:\/\/www.myvize.com.tr\/cin\/form-ve-dilekce\/vize-basvuru-formu\/\" target=\"_blank\" rel=\"noopener\">vize ba\u015fvuru formu<\/a><\/strong><\/span> x2 vizesine uygun olarak doldurulmal\u0131d\u0131r. E\u011fer bir sponsorunuz varsa bu sponsor bilgilerini de ba\u015fvuru formunda belirtmeniz gerekiyor.<\/span><\/p>\n<p><span style=\"font-family: Roboto; font-size: 14px;\">Seyahat sa\u011fl\u0131k sigortas\u0131 ve kimlik belgesinin fotokopileri vize dosyan\u0131zda olmal\u0131d\u0131r. Her t\u00fcrl\u00fc belgenin mutlaka haz\u0131rlanmas\u0131 gerekli ve vize \u00fccretlerinin de belirtilen bankalara yat\u0131r\u0131lmas\u0131 istenmektedir. Vize i\u015flemlerinizi eksiksiz bir \u015fekilde yerine getirdikten sonra vizenizin verilmesi belli bir s\u00fcreyi bulmaktad\u0131r. Bu s\u00fcre\u00e7te ek evrak talebinde de bulunabilirler.<\/span><\/p>\n","protected":false},"excerpt":{"rendered":"<p>\u00c7in \u00d6\u011frenci Vizesi (X2 Vizesi) \u00c7in Halk Cumhuriyet\u2019inde e\u011fitim g\u00f6rmek isteyen ki\u015filerin almas\u0131 gereken vize t\u00fcr\u00fc di\u011fer vizelerden olduk\u00e7a farkl\u0131d\u0131r.\u00a0\u00c7in vize i\u015flemleri\u00a0s\u0131ras\u0131nda \u00f6\u011frenci vize kategorisinde iki farkl\u0131 vize vard\u0131r. X1 ve X2 vizeleridir. Bu vizeler \u00c7in\u2019de kal\u0131\u015f s\u00fcresine g\u00f6re farkl\u0131l\u0131k g\u00f6steriyor.\u00a0\u00c7in vize\u00a0i\u015flemi yapt\u0131r\u0131rken e\u011fer 180 g\u00fcnden daha az kalacaksan\u0131z X2 vizesi alman\u0131z gerekiyor. Bu vize<\/p>\n","protected":false},"author":1,"featured_media":0,"parent":18,"menu_order":0,"comment_status":"open","ping_status":"closed","template":"","meta":{"footnotes":""},"class_list":["post-262","page","type-page","status-publish","hentry"],"yoast_head":"<!-- This site is optimized with the Yoast SEO plugin v26.8 - https:\/\/yoast.com\/product\/yoast-seo-wordpress\/ -->\n<title>\u00c7in \u00d6\u011frenci Vizesi X2 Vizesi - \u00c7in Vizesi - MyVize<\/title>\n<meta name=\"description\" content=\"\u00c7in \u00f6\u011frenci vizesi x2 vizesi gerekli evrak listeleri 2021. \u00c7in \u00f6\u011frenci vizesi x2 vizesi i\u015flem s\u00fcresi ne kadar ve \u00fccreti hakk\u0131nda her\u015fey.\" \/>\n<meta name=\"robots\" content=\"index, follow, max-snippet:-1, max-image-preview:large, max-video-preview:-1\" \/>\n<link rel=\"canonical\" href=\"https:\/\/www.myvize.com.tr\/cin\/vize-islemleri\/cin-ogrenci-vizesi-cin-x2-vizesi\/\" \/>\n<meta property=\"og:locale\" content=\"tr_TR\" \/>\n<meta property=\"og:type\" content=\"article\" \/>\n<meta property=\"og:title\" content=\"\u00c7in \u00d6\u011frenci Vizesi X2 Vizesi - \u00c7in Vizesi - MyVize\" \/>\n<meta property=\"og:description\" content=\"\u00c7in \u00f6\u011frenci vizesi x2 vizesi gerekli evrak listeleri 2021. \u00c7in \u00f6\u011frenci vizesi x2 vizesi i\u015flem s\u00fcresi ne kadar ve \u00fccreti hakk\u0131nda her\u015fey.\" \/>\n<meta property=\"og:url\" content=\"https:\/\/www.myvize.com.tr\/cin\/vize-islemleri\/cin-ogrenci-vizesi-cin-x2-vizesi\/\" \/>\n<meta property=\"og:site_name\" content=\"\u00c7in Vizesi\" \/>\n<meta property=\"article:modified_time\" content=\"2022-04-04T10:38:32+00:00\" \/>\n<meta property=\"og:image\" content=\"https:\/\/www.myvize.com.tr\/cin\/wp-content\/uploads\/2021\/10\/18.jpg\" \/>\n<meta name=\"twitter:card\" content=\"summary_large_image\" \/>\n<meta name=\"twitter:label1\" content=\"Tahmini okuma s\u00fcresi\" \/>\n\t<meta name=\"twitter:data1\" content=\"3 dakika\" \/>\n<script type=\"application\/ld+json\" class=\"yoast-schema-graph\">{\"@context\":\"https:\/\/schema.org\",\"@graph\":[{\"@type\":\"WebPage\",\"@id\":\"https:\/\/www.myvize.com.tr\/cin\/vize-islemleri\/cin-ogrenci-vizesi-cin-x2-vizesi\/\",\"url\":\"https:\/\/www.myvize.com.tr\/cin\/vize-islemleri\/cin-ogrenci-vizesi-cin-x2-vizesi\/\",\"name\":\"\u00c7in \u00d6\u011frenci Vizesi X2 Vizesi - \u00c7in Vizesi - MyVize\",\"isPartOf\":{\"@id\":\"https:\/\/www.myvize.com.tr\/cin\/#website\"},\"primaryImageOfPage\":{\"@id\":\"https:\/\/www.myvize.com.tr\/cin\/vize-islemleri\/cin-ogrenci-vizesi-cin-x2-vizesi\/#primaryimage\"},\"image\":{\"@id\":\"https:\/\/www.myvize.com.tr\/cin\/vize-islemleri\/cin-ogrenci-vizesi-cin-x2-vizesi\/#primaryimage\"},\"thumbnailUrl\":\"https:\/\/www.myvize.com.tr\/cin\/wp-content\/uploads\/2021\/10\/18.jpg\",\"datePublished\":\"2021-02-04T10:59:10+00:00\",\"dateModified\":\"2022-04-04T10:38:32+00:00\",\"description\":\"\u00c7in \u00f6\u011frenci vizesi x2 vizesi gerekli evrak listeleri 2021. \u00c7in \u00f6\u011frenci vizesi x2 vizesi i\u015flem s\u00fcresi ne kadar ve \u00fccreti hakk\u0131nda her\u015fey.\",\"breadcrumb\":{\"@id\":\"https:\/\/www.myvize.com.tr\/cin\/vize-islemleri\/cin-ogrenci-vizesi-cin-x2-vizesi\/#breadcrumb\"},\"inLanguage\":\"tr\",\"potentialAction\":[{\"@type\":\"ReadAction\",\"target\":[\"https:\/\/www.myvize.com.tr\/cin\/vize-islemleri\/cin-ogrenci-vizesi-cin-x2-vizesi\/\"]}]},{\"@type\":\"ImageObject\",\"inLanguage\":\"tr\",\"@id\":\"https:\/\/www.myvize.com.tr\/cin\/vize-islemleri\/cin-ogrenci-vizesi-cin-x2-vizesi\/#primaryimage\",\"url\":\"https:\/\/www.myvize.com.tr\/cin\/wp-content\/uploads\/2021\/10\/18.jpg\",\"contentUrl\":\"https:\/\/www.myvize.com.tr\/cin\/wp-content\/uploads\/2021\/10\/18.jpg\",\"width\":800,\"height\":500,\"caption\":\"\u00c7in \u00d6\u011frenci Vizesi, \u00c7in X2 Vizesi\"},{\"@type\":\"BreadcrumbList\",\"@id\":\"https:\/\/www.myvize.com.tr\/cin\/vize-islemleri\/cin-ogrenci-vizesi-cin-x2-vizesi\/#breadcrumb\",\"itemListElement\":[{\"@type\":\"ListItem\",\"position\":1,\"name\":\"Anasayfa\",\"item\":\"https:\/\/www.myvize.com.tr\/cin\/\"},{\"@type\":\"ListItem\",\"position\":2,\"name\":\"V\u0130ZE \u0130\u015eLEMLER\u0130\",\"item\":\"https:\/\/www.myvize.com.tr\/cin\/vize-islemleri\/\"},{\"@type\":\"ListItem\",\"position\":3,\"name\":\"\u00c7in \u00d6\u011frenci Vizesi, \u00c7in X2 Vizesi\"}]},{\"@type\":\"WebSite\",\"@id\":\"https:\/\/www.myvize.com.tr\/cin\/#website\",\"url\":\"https:\/\/www.myvize.com.tr\/cin\/\",\"name\":\"\u00c7in Vizesi\",\"description\":\"\",\"potentialAction\":[{\"@type\":\"SearchAction\",\"target\":{\"@type\":\"EntryPoint\",\"urlTemplate\":\"https:\/\/www.myvize.com.tr\/cin\/?s={search_term_string}\"},\"query-input\":{\"@type\":\"PropertyValueSpecification\",\"valueRequired\":true,\"valueName\":\"search_term_string\"}}],\"inLanguage\":\"tr\"}]}<\/script>\n<!-- \/ Yoast SEO plugin. -->","yoast_head_json":{"title":"\u00c7in \u00d6\u011frenci Vizesi X2 Vizesi - \u00c7in Vizesi - MyVize","description":"\u00c7in \u00f6\u011frenci vizesi x2 vizesi gerekli evrak listeleri 2021. \u00c7in \u00f6\u011frenci vizesi x2 vizesi i\u015flem s\u00fcresi ne kadar ve \u00fccreti hakk\u0131nda her\u015fey.","robots":{"index":"index","follow":"follow","max-snippet":"max-snippet:-1","max-image-preview":"max-image-preview:large","max-video-preview":"max-video-preview:-1"},"canonical":"https:\/\/www.myvize.com.tr\/cin\/vize-islemleri\/cin-ogrenci-vizesi-cin-x2-vizesi\/","og_locale":"tr_TR","og_type":"article","og_title":"\u00c7in \u00d6\u011frenci Vizesi X2 Vizesi - \u00c7in Vizesi - MyVize","og_description":"\u00c7in \u00f6\u011frenci vizesi x2 vizesi gerekli evrak listeleri 2021. \u00c7in \u00f6\u011frenci vizesi x2 vizesi i\u015flem s\u00fcresi ne kadar ve \u00fccreti hakk\u0131nda her\u015fey.","og_url":"https:\/\/www.myvize.com.tr\/cin\/vize-islemleri\/cin-ogrenci-vizesi-cin-x2-vizesi\/","og_site_name":"\u00c7in Vizesi","article_modified_time":"2022-04-04T10:38:32+00:00","og_image":[{"url":"https:\/\/www.myvize.com.tr\/cin\/wp-content\/uploads\/2021\/10\/18.jpg","type":"","width":"","height":""}],"twitter_card":"summary_large_image","twitter_misc":{"Tahmini okuma s\u00fcresi":"3 dakika"},"schema":{"@context":"https:\/\/schema.org","@graph":[{"@type":"WebPage","@id":"https:\/\/www.myvize.com.tr\/cin\/vize-islemleri\/cin-ogrenci-vizesi-cin-x2-vizesi\/","url":"https:\/\/www.myvize.com.tr\/cin\/vize-islemleri\/cin-ogrenci-vizesi-cin-x2-vizesi\/","name":"\u00c7in \u00d6\u011frenci Vizesi X2 Vizesi - \u00c7in Vizesi - MyVize","isPartOf":{"@id":"https:\/\/www.myvize.com.tr\/cin\/#website"},"primaryImageOfPage":{"@id":"https:\/\/www.myvize.com.tr\/cin\/vize-islemleri\/cin-ogrenci-vizesi-cin-x2-vizesi\/#primaryimage"},"image":{"@id":"https:\/\/www.myvize.com.tr\/cin\/vize-islemleri\/cin-ogrenci-vizesi-cin-x2-vizesi\/#primaryimage"},"thumbnailUrl":"https:\/\/www.myvize.com.tr\/cin\/wp-content\/uploads\/2021\/10\/18.jpg","datePublished":"2021-02-04T10:59:10+00:00","dateModified":"2022-04-04T10:38:32+00:00","description":"\u00c7in \u00f6\u011frenci vizesi x2 vizesi gerekli evrak listeleri 2021. \u00c7in \u00f6\u011frenci vizesi x2 vizesi i\u015flem s\u00fcresi ne kadar ve \u00fccreti hakk\u0131nda her\u015fey.","breadcrumb":{"@id":"https:\/\/www.myvize.com.tr\/cin\/vize-islemleri\/cin-ogrenci-vizesi-cin-x2-vizesi\/#breadcrumb"},"inLanguage":"tr","potentialAction":[{"@type":"ReadAction","target":["https:\/\/www.myvize.com.tr\/cin\/vize-islemleri\/cin-ogrenci-vizesi-cin-x2-vizesi\/"]}]},{"@type":"ImageObject","inLanguage":"tr","@id":"https:\/\/www.myvize.com.tr\/cin\/vize-islemleri\/cin-ogrenci-vizesi-cin-x2-vizesi\/#primaryimage","url":"https:\/\/www.myvize.com.tr\/cin\/wp-content\/uploads\/2021\/10\/18.jpg","contentUrl":"https:\/\/www.myvize.com.tr\/cin\/wp-content\/uploads\/2021\/10\/18.jpg","width":800,"height":500,"caption":"\u00c7in \u00d6\u011frenci Vizesi, \u00c7in X2 Vizesi"},{"@type":"BreadcrumbList","@id":"https:\/\/www.myvize.com.tr\/cin\/vize-islemleri\/cin-ogrenci-vizesi-cin-x2-vizesi\/#breadcrumb","itemListElement":[{"@type":"ListItem","position":1,"name":"Anasayfa","item":"https:\/\/www.myvize.com.tr\/cin\/"},{"@type":"ListItem","position":2,"name":"V\u0130ZE \u0130\u015eLEMLER\u0130","item":"https:\/\/www.myvize.com.tr\/cin\/vize-islemleri\/"},{"@type":"ListItem","position":3,"name":"\u00c7in \u00d6\u011frenci Vizesi, \u00c7in X2 Vizesi"}]},{"@type":"WebSite","@id":"https:\/\/www.myvize.com.tr\/cin\/#website","url":"https:\/\/www.myvize.com.tr\/cin\/","name":"\u00c7in Vizesi","description":"","potentialAction":[{"@type":"SearchAction","target":{"@type":"EntryPoint","urlTemplate":"https:\/\/www.myvize.com.tr\/cin\/?s={search_term_string}"},"query-input":{"@type":"PropertyValueSpecification","valueRequired":true,"valueName":"search_term_string"}}],"inLanguage":"tr"}]}},"_links":{"self":[{"href":"https:\/\/www.myvize.com.tr\/cin\/wp-json\/wp\/v2\/pages\/262","targetHints":{"allow":["GET"]}}],"collection":[{"href":"https:\/\/www.myvize.com.tr\/cin\/wp-json\/wp\/v2\/pages"}],"about":[{"href":"https:\/\/www.myvize.com.tr\/cin\/wp-json\/wp\/v2\/types\/page"}],"author":[{"embeddable":true,"href":"https:\/\/www.myvize.com.tr\/cin\/wp-json\/wp\/v2\/users\/1"}],"replies":[{"embeddable":true,"href":"https:\/\/www.myvize.com.tr\/cin\/wp-json\/wp\/v2\/comments?post=262"}],"version-history":[{"count":6,"href":"https:\/\/www.myvize.com.tr\/cin\/wp-json\/wp\/v2\/pages\/262\/revisions"}],"predecessor-version":[{"id":746,"href":"https:\/\/www.myvize.com.tr\/cin\/wp-json\/wp\/v2\/pages\/262\/revisions\/746"}],"up":[{"embeddable":true,"href":"https:\/\/www.myvize.com.tr\/cin\/wp-json\/wp\/v2\/pages\/18"}],"wp:attachment":[{"href":"https:\/\/www.myvize.com.tr\/cin\/wp-json\/wp\/v2\/media?parent=262"}],"curies":[{"name":"wp","href":"https:\/\/api.w.org\/{rel}","templated":true}]}}