{"id":264,"date":"2021-02-04T13:59:37","date_gmt":"2021-02-04T10:59:37","guid":{"rendered":"https:\/\/www.myvize.com.tr\/cin\/?page_id=264"},"modified":"2022-04-04T13:37:45","modified_gmt":"2022-04-04T10:37:45","slug":"cin-ogrenci-vizesi-cin-x1-vizesi","status":"publish","type":"page","link":"https:\/\/www.myvize.com.tr\/cin\/vize-islemleri\/cin-ogrenci-vizesi-cin-x1-vizesi\/","title":{"rendered":"\u00c7in \u00d6\u011frenci Vizesi, \u00c7in X1 Vizesi"},"content":{"rendered":"<p><span style=\"font-family: Roboto; font-size: 14px;\">\u00c7in bir\u00e7ok bak\u0131mdan farkl\u0131 alanlarda e\u011fitimler veren \u00fclkeler aras\u0131nda yer al\u0131yor. D\u00fcnyan\u0131n farkl\u0131 yerlerinden \u00f6\u011frenci kabul eden\u00a0<strong>\u00c7in vize<\/strong>\u00a0i\u015flemleri konusunda da \u00f6\u011frencilere farkl\u0131 uygulamalar sunuyor. <strong>\u00c7in \u00f6\u011frenci vizesi<\/strong> x1 ve x2 olarak verilmektedir. <strong>X1 vizesi<\/strong> uzun s\u00fcreli olan \u00f6\u011frenci vizesidir ve bu \u00fclkede belli bir s\u00fcre kalacak olan ki\u015filere verilmektedir.<\/span><\/p>\n<p><span style=\"font-family: Roboto; font-size: 14px;\">Uzun s\u00fcreli\u00a0<strong>\u00c7in vizesi<\/strong>\u00a0grubunda yer alan bu <strong>\u00f6\u011frenci vizesi<\/strong> gerekli \u015fartlarda evraklar\u0131n haz\u0131rlanmas\u0131 ile al\u0131nmaktad\u0131r. Bu evraklar\u0131n mutlaka g\u00fcncel olmas\u0131na \u00f6zel olarak dikkat etmeniz gerekiyor. <strong>\u00c7in \u00f6\u011frenci vizesi<\/strong> almak i\u00e7in ba\u015fvuru yapt\u0131\u011f\u0131n\u0131zda sizlerden istenilen evraklar\u0131 tek bir dosya i\u00e7erisinde haz\u0131rlayarak randevu tarihinde teslim etmeniz gerekiyor.<\/span><\/p>\n<p><span style=\"font-family: Roboto; font-size: 14px;\">\u00c7in Halk Cumhuriyeti\u2019nde belli alanlarda e\u011fitimler almak istedi\u011finizde kal\u0131\u015f s\u00fcresini iyi bilmeniz gerekiyor. \u00c7\u00fcnk\u00fc 180 g\u00fcnden daha fazla kalacak olan ki\u015filere uzun s\u00fcreli bir vize olan X1 vizesi verilmektedir. Bu <span style=\"color: #2acec2;\"><strong><a style=\"color: #2acec2;\" href=\"https:\/\/www.myvize.com.tr\/cin\/vize-islemleri\/\" target=\"_blank\" rel=\"noopener\">vize i\u015flemleri<\/a><\/strong><\/span> s\u0131ras\u0131nda sizlerden istenilen t\u00fcm belgeleri eksiksiz olarak konsolosluklara vermeniz gerekiyor.<\/span><\/p>\n<h2><span style=\"font-family: Roboto; font-size: 27px;\"><strong>\u00c7in \u00d6\u011frenci Vizesi, \u00c7in X1 Vizesi Hakk\u0131nda<\/strong><\/span><\/h2>\n<p><span style=\"font-family: Roboto; font-size: 14px;\">\u00c7in Halk Cumhuriyeti\u2019ne \u00f6\u011frenci olarak gitmeyi d\u00fc\u015f\u00fcnen ki\u015filerin \u00f6ncelikle vize i\u015flemi yapt\u0131rmas\u0131 gerekiyor. <strong>\u00c7in X1 vize i\u015flemleri<\/strong> bu \u00fclkede \u00f6\u011frenci olarak belli bir s\u00fcre kalacak olan ki\u015filer taraf\u0131ndan al\u0131nan bir vize t\u00fcr\u00fcd\u00fcr. Bu vize i\u00e7in birtak\u0131m belgeleri zaman\u0131nda haz\u0131rlaman\u0131z gerekmektedir.\u00a0<strong>\u00c7in \u00f6\u011frenci vizesi \u00c7in X1\u00a0vizesi<\/strong> ki\u015filerin 180 g\u00fcnden daha fazla kalmas\u0131n\u0131 gerektiren bir vize t\u00fcr\u00fcd\u00fcr. Bu vize uzun d\u00f6nemli bir vizedir ve k\u0131sa d\u00f6nem kalacak olan ki\u015filerden daha geni\u015f haklar tan\u0131maktad\u0131r.<\/span><\/p>\n<p><span style=\"font-family: Roboto; font-size: 14px;\">Bu vizeyi alabilmek i\u00e7in mutlaka vize evraklar\u0131n\u0131 tam olarak haz\u0131rlaman\u0131z gerekiyor. Bunlar\u0131n yan\u0131nda vize i\u015flemleri s\u0131ras\u0131nda sizlerden istenilen belgelerin g\u00fcncel olmas\u0131 da \u00f6nemlidir. Pasaportunuzun e\u011fitim bittikten sonra da ge\u00e7erli olmas\u0131 en \u00f6nemli fakt\u00f6rler aras\u0131nda yer al\u0131r. Bunlara ek olarak belgelerinizi haz\u0131rlamadan \u00f6nce <strong>\u00c7in\u2019de e\u011fitim<\/strong> g\u00f6rece\u011finiz okuldan da mutlaka davet mektubu alman\u0131z gerekiyor. Biyometrik foto\u011fraf\u0131n\u0131z\u0131n arka k\u0131sm\u0131n\u0131n beyaz olmas\u0131 ve g\u00f6zl\u00fcks\u00fcz bir foto\u011fraf eklemeniz gereklidir. <strong>\u00c7in Vize i\u015flemleri<\/strong> s\u0131ras\u0131nda en \u00e7ok vize \u00fccretlerinin uygun \u015fekilde yat\u0131r\u0131lmas\u0131na dikkat etmeniz gerekir.<\/span><\/p>\n<p><img decoding=\"async\" src=\"https:\/\/www.myvize.com.tr\/cin\/wp-content\/uploads\/2021\/10\/17.jpg\" \/><\/p>\n<h2><span style=\"font-family: Roboto; font-size: 27px;\"><strong>\u00c7in X1 Vizesi \u0130\u00e7in Gerekli Evraklar<\/strong><\/span><\/h2>\n<p><span style=\"font-family: Roboto; font-size: 14px;\"><strong>\u00c7in vize i\u015flemleri<\/strong>\u00a0s\u0131ras\u0131nda vermeniz gereken evraklar\u0131n ba\u015f\u0131nda pasaport gelmektedir. Pasaportun mutlaka 8 ay ge\u00e7erlilik s\u00fcresi olmas\u0131 gerekiyor. Kimlik fotokopisi istenilen belgeler aras\u0131nda bulunuyor. Foto\u011fraf iki tane olmal\u0131d\u0131r ve arka fonu beyaz olmal\u0131d\u0131r. Okula kay\u0131t mektubu en \u00f6nemli belgelerden biridir. Bu belge size ula\u015fmadan vize i\u015flemlerine ba\u015flamaman\u0131z \u00f6nerilmektedir. Sab\u0131ka kayd\u0131 ve sa\u011fl\u0131k raporu varsa eski pasaportlar\u0131n\u0131z <strong>vize i\u015flemleri<\/strong> s\u0131ras\u0131nda gerekli belgelerdir.<\/span><\/p>\n<p><span style=\"font-family: Roboto; font-size: 14px;\">Bu evraklar yan\u0131nda <strong><span style=\"color: #2acec2;\"><a style=\"color: #2acec2;\" href=\"https:\/\/www.myvize.com.tr\/cin\/form-ve-dilekce\/vize-basvuru-formu\/\" target=\"_blank\" rel=\"noopener\">vize ba\u015fvuru formu<\/a><\/span><\/strong>, dilek\u00e7e de haz\u0131rlanmas\u0131 gereken belgelerdir. Belgelerde eksik ya da hatal\u0131 bir bilgi olursa<strong> vize reddi<\/strong> ya\u015fayabilirsiniz. Bu durumda da \u00f6denen <strong>vize \u00fccretleri<\/strong> al\u0131namaz. B\u00f6yle durumlarda mutlaka dikkatli olman\u0131z gerekiyor. \u00c7in\u2019e vize almak konusunda dilerseniz bu konuda tecr\u00fcbe edinmi\u015f dan\u0131\u015fmanl\u0131k ofislerinden de hizmet alabilirsiniz.<\/span><\/p>\n","protected":false},"excerpt":{"rendered":"<p>\u00c7in bir\u00e7ok bak\u0131mdan farkl\u0131 alanlarda e\u011fitimler veren \u00fclkeler aras\u0131nda yer al\u0131yor. D\u00fcnyan\u0131n farkl\u0131 yerlerinden \u00f6\u011frenci kabul eden\u00a0\u00c7in vize\u00a0i\u015flemleri konusunda da \u00f6\u011frencilere farkl\u0131 uygulamalar sunuyor. \u00c7in \u00f6\u011frenci vizesi x1 ve x2 olarak verilmektedir. X1 vizesi uzun s\u00fcreli olan \u00f6\u011frenci vizesidir ve bu \u00fclkede belli bir s\u00fcre kalacak olan ki\u015filere verilmektedir. Uzun s\u00fcreli\u00a0\u00c7in vizesi\u00a0grubunda yer alan bu<\/p>\n","protected":false},"author":1,"featured_media":0,"parent":18,"menu_order":0,"comment_status":"open","ping_status":"closed","template":"","meta":{"footnotes":""},"class_list":["post-264","page","type-page","status-publish","hentry"],"yoast_head":"<!-- This site is optimized with the Yoast SEO plugin v26.8 - https:\/\/yoast.com\/product\/yoast-seo-wordpress\/ -->\n<title>\u00c7in \u00d6\u011frenci Vizesi X1 Vizesi - \u00c7in Vize \u0130\u015flemi - MyVize<\/title>\n<meta name=\"description\" content=\"\u00c7in \u00f6\u011frenci vizesi x1 vizesi gerekli evrak listeleri 2021. \u00c7in \u00f6\u011frenci vizesi x1 vizesi i\u015flem s\u00fcresi ne kadar ve \u00fccreti hakk\u0131nda her\u015fey.\" \/>\n<meta name=\"robots\" content=\"index, follow, max-snippet:-1, max-image-preview:large, max-video-preview:-1\" \/>\n<link rel=\"canonical\" href=\"https:\/\/www.myvize.com.tr\/cin\/vize-islemleri\/cin-ogrenci-vizesi-cin-x1-vizesi\/\" \/>\n<meta property=\"og:locale\" content=\"tr_TR\" \/>\n<meta property=\"og:type\" content=\"article\" \/>\n<meta property=\"og:title\" content=\"\u00c7in \u00d6\u011frenci Vizesi X1 Vizesi - \u00c7in Vize \u0130\u015flemi - MyVize\" \/>\n<meta property=\"og:description\" content=\"\u00c7in \u00f6\u011frenci vizesi x1 vizesi gerekli evrak listeleri 2021. \u00c7in \u00f6\u011frenci vizesi x1 vizesi i\u015flem s\u00fcresi ne kadar ve \u00fccreti hakk\u0131nda her\u015fey.\" \/>\n<meta property=\"og:url\" content=\"https:\/\/www.myvize.com.tr\/cin\/vize-islemleri\/cin-ogrenci-vizesi-cin-x1-vizesi\/\" \/>\n<meta property=\"og:site_name\" content=\"\u00c7in Vizesi\" \/>\n<meta property=\"article:modified_time\" content=\"2022-04-04T10:37:45+00:00\" \/>\n<meta property=\"og:image\" content=\"https:\/\/www.myvize.com.tr\/cin\/wp-content\/uploads\/2021\/10\/17.jpg\" \/>\n<meta name=\"twitter:card\" content=\"summary_large_image\" \/>\n<meta name=\"twitter:label1\" content=\"Tahmini okuma s\u00fcresi\" \/>\n\t<meta name=\"twitter:data1\" content=\"3 dakika\" \/>\n<script type=\"application\/ld+json\" class=\"yoast-schema-graph\">{\"@context\":\"https:\/\/schema.org\",\"@graph\":[{\"@type\":\"WebPage\",\"@id\":\"https:\/\/www.myvize.com.tr\/cin\/vize-islemleri\/cin-ogrenci-vizesi-cin-x1-vizesi\/\",\"url\":\"https:\/\/www.myvize.com.tr\/cin\/vize-islemleri\/cin-ogrenci-vizesi-cin-x1-vizesi\/\",\"name\":\"\u00c7in \u00d6\u011frenci Vizesi X1 Vizesi - \u00c7in Vize \u0130\u015flemi - MyVize\",\"isPartOf\":{\"@id\":\"https:\/\/www.myvize.com.tr\/cin\/#website\"},\"primaryImageOfPage\":{\"@id\":\"https:\/\/www.myvize.com.tr\/cin\/vize-islemleri\/cin-ogrenci-vizesi-cin-x1-vizesi\/#primaryimage\"},\"image\":{\"@id\":\"https:\/\/www.myvize.com.tr\/cin\/vize-islemleri\/cin-ogrenci-vizesi-cin-x1-vizesi\/#primaryimage\"},\"thumbnailUrl\":\"https:\/\/www.myvize.com.tr\/cin\/wp-content\/uploads\/2021\/10\/17.jpg\",\"datePublished\":\"2021-02-04T10:59:37+00:00\",\"dateModified\":\"2022-04-04T10:37:45+00:00\",\"description\":\"\u00c7in \u00f6\u011frenci vizesi x1 vizesi gerekli evrak listeleri 2021. \u00c7in \u00f6\u011frenci vizesi x1 vizesi i\u015flem s\u00fcresi ne kadar ve \u00fccreti hakk\u0131nda her\u015fey.\",\"breadcrumb\":{\"@id\":\"https:\/\/www.myvize.com.tr\/cin\/vize-islemleri\/cin-ogrenci-vizesi-cin-x1-vizesi\/#breadcrumb\"},\"inLanguage\":\"tr\",\"potentialAction\":[{\"@type\":\"ReadAction\",\"target\":[\"https:\/\/www.myvize.com.tr\/cin\/vize-islemleri\/cin-ogrenci-vizesi-cin-x1-vizesi\/\"]}]},{\"@type\":\"ImageObject\",\"inLanguage\":\"tr\",\"@id\":\"https:\/\/www.myvize.com.tr\/cin\/vize-islemleri\/cin-ogrenci-vizesi-cin-x1-vizesi\/#primaryimage\",\"url\":\"https:\/\/www.myvize.com.tr\/cin\/wp-content\/uploads\/2021\/10\/17.jpg\",\"contentUrl\":\"https:\/\/www.myvize.com.tr\/cin\/wp-content\/uploads\/2021\/10\/17.jpg\",\"width\":800,\"height\":500,\"caption\":\"\u00c7in \u00d6\u011frenci Vizesi, \u00c7in X1 Vizesi\"},{\"@type\":\"BreadcrumbList\",\"@id\":\"https:\/\/www.myvize.com.tr\/cin\/vize-islemleri\/cin-ogrenci-vizesi-cin-x1-vizesi\/#breadcrumb\",\"itemListElement\":[{\"@type\":\"ListItem\",\"position\":1,\"name\":\"Anasayfa\",\"item\":\"https:\/\/www.myvize.com.tr\/cin\/\"},{\"@type\":\"ListItem\",\"position\":2,\"name\":\"V\u0130ZE \u0130\u015eLEMLER\u0130\",\"item\":\"https:\/\/www.myvize.com.tr\/cin\/vize-islemleri\/\"},{\"@type\":\"ListItem\",\"position\":3,\"name\":\"\u00c7in \u00d6\u011frenci Vizesi, \u00c7in X1 Vizesi\"}]},{\"@type\":\"WebSite\",\"@id\":\"https:\/\/www.myvize.com.tr\/cin\/#website\",\"url\":\"https:\/\/www.myvize.com.tr\/cin\/\",\"name\":\"\u00c7in Vizesi\",\"description\":\"\",\"potentialAction\":[{\"@type\":\"SearchAction\",\"target\":{\"@type\":\"EntryPoint\",\"urlTemplate\":\"https:\/\/www.myvize.com.tr\/cin\/?s={search_term_string}\"},\"query-input\":{\"@type\":\"PropertyValueSpecification\",\"valueRequired\":true,\"valueName\":\"search_term_string\"}}],\"inLanguage\":\"tr\"}]}<\/script>\n<!-- \/ Yoast SEO plugin. -->","yoast_head_json":{"title":"\u00c7in \u00d6\u011frenci Vizesi X1 Vizesi - \u00c7in Vize \u0130\u015flemi - MyVize","description":"\u00c7in \u00f6\u011frenci vizesi x1 vizesi gerekli evrak listeleri 2021. \u00c7in \u00f6\u011frenci vizesi x1 vizesi i\u015flem s\u00fcresi ne kadar ve \u00fccreti hakk\u0131nda her\u015fey.","robots":{"index":"index","follow":"follow","max-snippet":"max-snippet:-1","max-image-preview":"max-image-preview:large","max-video-preview":"max-video-preview:-1"},"canonical":"https:\/\/www.myvize.com.tr\/cin\/vize-islemleri\/cin-ogrenci-vizesi-cin-x1-vizesi\/","og_locale":"tr_TR","og_type":"article","og_title":"\u00c7in \u00d6\u011frenci Vizesi X1 Vizesi - \u00c7in Vize \u0130\u015flemi - MyVize","og_description":"\u00c7in \u00f6\u011frenci vizesi x1 vizesi gerekli evrak listeleri 2021. \u00c7in \u00f6\u011frenci vizesi x1 vizesi i\u015flem s\u00fcresi ne kadar ve \u00fccreti hakk\u0131nda her\u015fey.","og_url":"https:\/\/www.myvize.com.tr\/cin\/vize-islemleri\/cin-ogrenci-vizesi-cin-x1-vizesi\/","og_site_name":"\u00c7in Vizesi","article_modified_time":"2022-04-04T10:37:45+00:00","og_image":[{"url":"https:\/\/www.myvize.com.tr\/cin\/wp-content\/uploads\/2021\/10\/17.jpg","type":"","width":"","height":""}],"twitter_card":"summary_large_image","twitter_misc":{"Tahmini okuma s\u00fcresi":"3 dakika"},"schema":{"@context":"https:\/\/schema.org","@graph":[{"@type":"WebPage","@id":"https:\/\/www.myvize.com.tr\/cin\/vize-islemleri\/cin-ogrenci-vizesi-cin-x1-vizesi\/","url":"https:\/\/www.myvize.com.tr\/cin\/vize-islemleri\/cin-ogrenci-vizesi-cin-x1-vizesi\/","name":"\u00c7in \u00d6\u011frenci Vizesi X1 Vizesi - \u00c7in Vize \u0130\u015flemi - MyVize","isPartOf":{"@id":"https:\/\/www.myvize.com.tr\/cin\/#website"},"primaryImageOfPage":{"@id":"https:\/\/www.myvize.com.tr\/cin\/vize-islemleri\/cin-ogrenci-vizesi-cin-x1-vizesi\/#primaryimage"},"image":{"@id":"https:\/\/www.myvize.com.tr\/cin\/vize-islemleri\/cin-ogrenci-vizesi-cin-x1-vizesi\/#primaryimage"},"thumbnailUrl":"https:\/\/www.myvize.com.tr\/cin\/wp-content\/uploads\/2021\/10\/17.jpg","datePublished":"2021-02-04T10:59:37+00:00","dateModified":"2022-04-04T10:37:45+00:00","description":"\u00c7in \u00f6\u011frenci vizesi x1 vizesi gerekli evrak listeleri 2021. \u00c7in \u00f6\u011frenci vizesi x1 vizesi i\u015flem s\u00fcresi ne kadar ve \u00fccreti hakk\u0131nda her\u015fey.","breadcrumb":{"@id":"https:\/\/www.myvize.com.tr\/cin\/vize-islemleri\/cin-ogrenci-vizesi-cin-x1-vizesi\/#breadcrumb"},"inLanguage":"tr","potentialAction":[{"@type":"ReadAction","target":["https:\/\/www.myvize.com.tr\/cin\/vize-islemleri\/cin-ogrenci-vizesi-cin-x1-vizesi\/"]}]},{"@type":"ImageObject","inLanguage":"tr","@id":"https:\/\/www.myvize.com.tr\/cin\/vize-islemleri\/cin-ogrenci-vizesi-cin-x1-vizesi\/#primaryimage","url":"https:\/\/www.myvize.com.tr\/cin\/wp-content\/uploads\/2021\/10\/17.jpg","contentUrl":"https:\/\/www.myvize.com.tr\/cin\/wp-content\/uploads\/2021\/10\/17.jpg","width":800,"height":500,"caption":"\u00c7in \u00d6\u011frenci Vizesi, \u00c7in X1 Vizesi"},{"@type":"BreadcrumbList","@id":"https:\/\/www.myvize.com.tr\/cin\/vize-islemleri\/cin-ogrenci-vizesi-cin-x1-vizesi\/#breadcrumb","itemListElement":[{"@type":"ListItem","position":1,"name":"Anasayfa","item":"https:\/\/www.myvize.com.tr\/cin\/"},{"@type":"ListItem","position":2,"name":"V\u0130ZE \u0130\u015eLEMLER\u0130","item":"https:\/\/www.myvize.com.tr\/cin\/vize-islemleri\/"},{"@type":"ListItem","position":3,"name":"\u00c7in \u00d6\u011frenci Vizesi, \u00c7in X1 Vizesi"}]},{"@type":"WebSite","@id":"https:\/\/www.myvize.com.tr\/cin\/#website","url":"https:\/\/www.myvize.com.tr\/cin\/","name":"\u00c7in Vizesi","description":"","potentialAction":[{"@type":"SearchAction","target":{"@type":"EntryPoint","urlTemplate":"https:\/\/www.myvize.com.tr\/cin\/?s={search_term_string}"},"query-input":{"@type":"PropertyValueSpecification","valueRequired":true,"valueName":"search_term_string"}}],"inLanguage":"tr"}]}},"_links":{"self":[{"href":"https:\/\/www.myvize.com.tr\/cin\/wp-json\/wp\/v2\/pages\/264","targetHints":{"allow":["GET"]}}],"collection":[{"href":"https:\/\/www.myvize.com.tr\/cin\/wp-json\/wp\/v2\/pages"}],"about":[{"href":"https:\/\/www.myvize.com.tr\/cin\/wp-json\/wp\/v2\/types\/page"}],"author":[{"embeddable":true,"href":"https:\/\/www.myvize.com.tr\/cin\/wp-json\/wp\/v2\/users\/1"}],"replies":[{"embeddable":true,"href":"https:\/\/www.myvize.com.tr\/cin\/wp-json\/wp\/v2\/comments?post=264"}],"version-history":[{"count":5,"href":"https:\/\/www.myvize.com.tr\/cin\/wp-json\/wp\/v2\/pages\/264\/revisions"}],"predecessor-version":[{"id":745,"href":"https:\/\/www.myvize.com.tr\/cin\/wp-json\/wp\/v2\/pages\/264\/revisions\/745"}],"up":[{"embeddable":true,"href":"https:\/\/www.myvize.com.tr\/cin\/wp-json\/wp\/v2\/pages\/18"}],"wp:attachment":[{"href":"https:\/\/www.myvize.com.tr\/cin\/wp-json\/wp\/v2\/media?parent=264"}],"curies":[{"name":"wp","href":"https:\/\/api.w.org\/{rel}","templated":true}]}}