{"id":278,"date":"2021-05-30T12:00:33","date_gmt":"2021-05-30T09:00:33","guid":{"rendered":"https:\/\/www.myvize.com.tr\/cin\/?page_id=278"},"modified":"2022-04-04T13:28:15","modified_gmt":"2022-04-04T10:28:15","slug":"turistik-vize","status":"publish","type":"page","link":"https:\/\/www.myvize.com.tr\/cin\/vize-islemleri\/turistik-vize\/","title":{"rendered":"\u00c7in Turistik Vize"},"content":{"rendered":"<p><span style=\"font-family: Roboto;\"><\/span><\/p>\r\n<h2><span style=\"font-family: Roboto; font-size: 27px;\"><strong>\u00c7in Turist Vizesi<\/strong><\/span><\/h2>\r\n<p><span style=\"font-family: Roboto; font-size: 14px;\">\r\n\r\n<\/span><\/p>\r\n<p><span style=\"font-family: Roboto; font-size: 14px;\">\u00c7in, d\u0131\u015far\u0131dan ziyaret\u00e7i kabul\u00fcnde bir\u00e7ok \u00fclkeden vize talep eden \u00fclkeler aras\u0131nda yer al\u0131r. T\u00fcrkiye\u2019den \u00c7in\u2019e ziyaret ger\u00e7ekle\u015ftirmek isteyen vatanda\u015flar\u0131n da \u00f6ncelikle vize i\u015flemlerini halletmeleri ve giri\u015f esnas\u0131nda vize ile pasaporta sahip olmalar\u0131 gerekir. T\u00fcrkiye\u2019de bulunan <strong>\u00c7in Konsoloslu\u011fu<\/strong> arac\u0131l\u0131\u011f\u0131 ile vize ba\u015fvurusunda bulunmak ve b\u00fct\u00fcn giri\u015f evraklar\u0131n\u0131 tamamlamak m\u00fcmk\u00fcn olur.<\/span><\/p>\r\n<h2><span style=\"font-size: 27px;\"><strong><span style=\"font-family: Roboto;\">\u00c7in Turistik Vize 2022<\/span><\/strong><\/span><\/h2>\r\n<p><span style=\"font-family: Roboto; font-size: 14px;\">\u00c7in\u2019e k\u00fclt\u00fcrel olarak ya da tatil amac\u0131 olarak gidecek olan ki\u015filer <strong>\u00c7in turistik vizesi<\/strong> almal\u0131d\u0131r. \u00c7in turistik vizesi L tipi bir vizedir. Hizmet, Hususi ve Diplomatik Pasaport sahibi olan T\u00fcrk vatanda\u015flar\u0131 90 g\u00fcn i\u00e7erisinde 30 g\u00fcn\u00fc ge\u00e7meyen seyahatlerinde \u00c7in turistik vizesinden muaft\u0131r. Umuma Mahsus Pasaport sahibi T\u00fcrk vatanda\u015flar\u0131 turistik ama\u00e7l\u0131 olarak \u00c7in\u2019e gidecek ise \u00c7in turistik vizesi almal\u0131d\u0131r.<\/span><\/p>\r\n<p><span style=\"font-family: Roboto; font-size: 14px;\">15 \u015eubat 2017 tarihinden sonra, \u00c7in\u2019e yap\u0131lacak turistik seyahatlerde bireysel ba\u015fvuru yap\u0131lmamaktad\u0131r. <strong>\u00c7in turistik vize<\/strong> ba\u015fvurular\u0131 en az 5 ki\u015filik gruplar ile verilebilmektedir. \u00c7in Konsolosluklar\u0131na yap\u0131lan ba\u015fvurular kabul edilmemektedir. <strong>\u00c7in turistik vize<\/strong> ba\u015fvurular\u0131 <strong>\u00c7in Konsoloslu\u011fu<\/strong> taraf\u0131ndan yetkilendiri\u015fmi\u015f vize ba\u015fvuru merkezleri taraf\u0131ndan yap\u0131lmaktad\u0131r. Yabanc\u0131 uyruklu ki\u015filer ba\u015fvurular\u0131n\u0131 bizzat \u00c7in Konsoloslu\u011fu\u2019na yapmal\u0131d\u0131r.<\/span><\/p>\r\n<p><span style=\"font-family: Roboto; font-size: 14px;\"><strong>\u00c7in turistik vize<\/strong> ba\u015fvurusu i\u00e7in grup halinde belgelerinizi haz\u0131rlamal\u0131s\u0131n\u0131z ve arac\u0131 kuruma iletmelisiniz. Belgeler eksiksiz ve hatas\u0131z bir \u015fekilde haz\u0131rlanmal\u0131d\u0131r. Gerekli g\u00f6r\u00fcl\u00fcrse ek belge talep edilmektedir. Ayr\u0131ca ihtiya\u00e7 duyulursa m\u00fclakata \u00e7a\u011fr\u0131labilirsiniz.<\/span><\/p>\r\n<p><span style=\"font-family: Roboto; font-size: 14px;\"><strong>\u00c7in turistik vize<\/strong> ba\u015fvurular\u0131 grup halinde yap\u0131lm\u0131\u015f olsa dahi, \u00c7in\u2019e grup halinde girmenize gerek yoktur. \u00c7in\u2019e bireysel olarak girebilirsiniz.<\/span><\/p>\r\n<p><span style=\"font-family: Roboto; font-size: 14px;\">\r\n\r\n<\/span><\/p>\r\n<p><span style=\"font-family: Roboto; font-size: 14px;\"> <img decoding=\"async\" src=\"https:\/\/www.myvize.com.tr\/cin\/wp-content\/uploads\/2021\/10\/4.jpg\" \/> <\/span><\/p>\r\n<p><span style=\"font-family: Roboto; font-size: 14px;\">\r\n\r\n<\/span><\/p>\r\n<h2><span style=\"font-family: Roboto; font-size: 27px;\"><strong>\u00c7in Turistik Vize Nas\u0131l Al\u0131n\u0131r?<\/strong><\/span><\/h2>\r\n<p><span style=\"font-family: Roboto; font-size: 14px;\">\r\n\r\n<\/span><\/p>\r\n<p><span style=\"font-family: Roboto; font-size: 14px;\"><strong>\u00c7in turistik vizesi<\/strong>\u00a0almak isteyen vatanda\u015flar\u0131n ya\u015fad\u0131klar\u0131 b\u00f6lgelerde hizmet y\u00fcr\u00fcten resmi vize acenteleri ile ileti\u015fime ge\u00e7meleri yeterlidir. Acentelere yap\u0131lacak olan m\u00fcracaat\u0131n ard\u0131ndan acenteler vatanda\u015flardan istenecek olan belgelerin toparlanmas\u0131nda da gerekli deste\u011fi sa\u011flar. B\u00fct\u00fcn evraklar\u0131n eksiksiz olarak haz\u0131rlanmas\u0131n\u0131n ard\u0131ndan acente konsolosluk adreslerine vatanda\u015f ad\u0131na ba\u015fvuruda bulunur ve vizenin \u00e7\u0131kart\u0131lmas\u0131 i\u00e7in gerekli olan her a\u015famada rol\u00fcn\u00fc s\u00fcrd\u00fcr\u00fcr.<\/span><\/p>\r\n<p><span style=\"font-family: Roboto; font-size: 14px;\">\r\n\r\n<\/span><\/p>\r\n<p><span style=\"font-family: Roboto; font-size: 14px;\"><strong>\u00c7in turistik vize<\/strong>\u00a0onay\u0131n\u0131 verecek olan yetkili kurum <strong>\u00c7in Konsoloslu\u011fu<\/strong> ya da \u00c7in B\u00fcy\u00fckel\u00e7ili\u011fi\u2019dir. Karar \u00f6ncesinde gerekli olan ba\u015fvuru a\u015famalar\u0131 acenteler arac\u0131l\u0131\u011f\u0131 ile ger\u00e7ekle\u015ftirildikten sonra son karar ba\u015fkonsolosluk ya da b\u00fcy\u00fckel\u00e7iliklerden \u00e7\u0131kar.<\/span><\/p>\r\n<p><span style=\"font-family: Roboto; font-size: 14px;\">\r\n\r\n<\/span><\/p>\r\n<h2><span style=\"font-family: Roboto; font-size: 27px;\"><strong>\u00c7in Turistik Vizesi Ka\u00e7 G\u00fcnde \u00c7\u0131kar?<\/strong><\/span><\/h2>\r\n<p><span style=\"font-family: Roboto; font-size: 14px;\">\r\n\r\n<\/span><\/p>\r\n<p><span style=\"font-family: Roboto; font-size: 14px;\"><strong><span style=\"color: #2acec2;\"><a style=\"color: #2acec2;\" href=\"https:\/\/www.myvize.com.tr\/cin\/cin-vizesi\/\" target=\"_blank\" rel=\"noopener\">\u00c7in vizesi <\/a><\/span>ba\u015fvurusu<\/strong>\u00a0yap\u0131ld\u0131ktan sonra de\u011ferlendirme s\u00fcrecinin sonu\u00e7lanmas\u0131 beklenir. Sonuca g\u00f6re vize onay\u0131 verilen vatanda\u015flar ilgili birimlerden vizelerini teslim alabilirler. Evraklar\u0131n\u0131 eksiksiz olarak sunan ve de\u011ferlendirme s\u00fcrecine giren vatanda\u015flar 7 g\u00fcn i\u00e7erisinde vize de\u011ferlendirme sonucuna ula\u015fabilirler. Evraklarda ek belge talep edilmesi halinde bu s\u00fcre\u00e7 daha da uzamaktad\u0131r.<\/span><\/p>\r\n<p><img decoding=\"async\" src=\"https:\/\/www.myvize.com.tr\/cin\/wp-content\/uploads\/2021\/10\/5.jpg\" \/><\/p>\r\n<h3><span style=\"font-size: 24px;\"><strong><span style=\"font-family: Roboto;\">\u00c7in Turistik Vize Ba\u015fvuru Noktalar\u0131 Nerelerdir?<\/span><\/strong><\/span><\/h3>\r\n<p><span style=\"font-family: Roboto; font-size: 14px;\">\r\n\r\n<\/span><\/p>\r\n<p><span style=\"font-family: Roboto; font-size: 14px;\"><strong>\u00c7in vize<\/strong>\u00a0<strong>ba\u015fvurusu<\/strong>\u00a0yap\u0131lmas\u0131 gereken yer T\u00fcrkiye\u2019de hizmet veren<strong> \u00c7in Konsoloslu\u011fu<\/strong> ve \u00c7in B\u00fcy\u00fckel\u00e7ili\u011fi\u2019dir. Ankara\u2019da bulunan \u00c7in B\u00fcy\u00fckel\u00e7ili\u011fi ve \u0130stanbul\u2019da hizmet veren \u00c7in Ba\u015fkonsoloslu\u011fu ile ileti\u015fime ge\u00e7erek <span style=\"color: #2acec2;\"><strong><a style=\"color: #2acec2;\" href=\"https:\/\/www.myvize.com.tr\/cin\/vize-islemleri\/\" target=\"_blank\" rel=\"noopener\">vize i\u015flemleri<\/a><\/strong><\/span> bu adreslerden ger\u00e7ekle\u015ftirilebilir.<\/span><\/p>\r\n<h3><span style=\"font-family: Roboto; font-size: 24px;\"><strong>\u00c7in Turistik Vizesi \u0130\u00e7in Gerekli Evraklar Nelerdir?<\/strong><\/span><\/h3>\r\n<p><span style=\"font-family: Roboto; font-size: 14px;\">\r\n\r\n<\/span><\/p>\r\n<p><span style=\"font-family: Roboto; font-size: 14px;\">\u00c7in\u2019e ziyaretler i\u00e7in gerekli olacak vizenin al\u0131nmas\u0131 esnas\u0131nda talep edilecek evraklar \u015fu \u015fekildedir;<\/span><\/p>\r\n<p><span style=\"font-family: Roboto; font-size: 14px;\">\r\n\r\n<\/span><\/p>\r\n<ul class=\"wp-block-list\">\r\n<li><span style=\"font-family: Roboto; font-size: 14px;\">\u00c7in\u2019de bulunan bir ikametten \u00c7in\u2019 ziyaret davetiyesi,<\/span><\/li>\r\n<li><span style=\"font-family: Roboto; font-size: 14px;\">Turistik vize ba\u015fvuru formu ve ba\u015fvuru dilek\u00e7esi,<\/span><\/li>\r\n<li><span style=\"font-family: Roboto; font-size: 14px;\">Banka hesap bilgileri ve 3 ayl\u0131k ge\u00e7mi\u015fi g\u00f6sterir hesap \u00f6zeti,<\/span><\/li>\r\n<li><span style=\"font-family: Roboto; font-size: 14px;\">Seyahat acentesi taraf\u0131ndan d\u00fczenlenecek olan seyahat yeterlilik belgesi,<\/span><\/li>\r\n<li><span style=\"font-family: Roboto; font-size: 14px;\">Otel ve konaklama gibi yolculuk d taylar\u0131n\u0131 g\u00f6sterir konaklama belgeleri,<\/span><\/li>\r\n<li><span style=\"font-family: Roboto; font-size: 14px;\"><strong>\u00c7in vizesi<\/strong> ba\u015fvurusu esnas\u0131nda \u00f6denecek olan \u00fccretin \u00f6dendi makbuzu.<\/span><\/li>\r\n<\/ul>\r\n<p><span style=\"font-family: Roboto; font-size: 14px;\">\r\n\r\n<\/span><\/p>\r\n<p><span style=\"font-family: Roboto; font-size: 14px;\">Standart ko\u015fullarda turistik ama\u00e7la yap\u0131lacak olan ziyaretlerde talep edilecek olan belgeler bu \u015fekildedir. Ziyaretin \u015fekline veya kal\u0131nacak zaman\u0131n uzamas\u0131na g\u00f6re farkl\u0131 evraklar\u0131nda talep edilmesi m\u00fcmk\u00fcnd\u00fcr. Vatanda\u015flar evraklar\u0131 eksiksiz olarak tamamlamalar\u0131 halinde vize de\u011ferlendirmesinden olumlu sonu\u00e7lar alabilirler.<\/span><\/p>\r\n<p><span style=\"font-family: Roboto;\"><\/span><\/p>","protected":false},"excerpt":{"rendered":"<p>\u00c7in Turist Vizesi \u00c7in, d\u0131\u015far\u0131dan ziyaret\u00e7i kabul\u00fcnde bir\u00e7ok \u00fclkeden vize talep eden \u00fclkeler aras\u0131nda yer al\u0131r. T\u00fcrkiye\u2019den \u00c7in\u2019e ziyaret ger\u00e7ekle\u015ftirmek isteyen vatanda\u015flar\u0131n da \u00f6ncelikle vize i\u015flemlerini halletmeleri ve giri\u015f esnas\u0131nda vize ile pasaporta sahip olmalar\u0131 gerekir. T\u00fcrkiye\u2019de bulunan \u00c7in Konsoloslu\u011fu arac\u0131l\u0131\u011f\u0131 ile vize ba\u015fvurusunda bulunmak ve b\u00fct\u00fcn giri\u015f evraklar\u0131n\u0131 tamamlamak m\u00fcmk\u00fcn olur. \u00c7in Turistik Vize<\/p>\n","protected":false},"author":1,"featured_media":0,"parent":18,"menu_order":0,"comment_status":"open","ping_status":"closed","template":"","meta":{"footnotes":""},"class_list":["post-278","page","type-page","status-publish","hentry"],"yoast_head":"<!-- This site is optimized with the Yoast SEO plugin v26.8 - https:\/\/yoast.com\/product\/yoast-seo-wordpress\/ -->\n<title>\u00c7in Turistik Vize - My Vize Vize Ba\u015fvuru Merkezi<\/title>\n<meta name=\"description\" content=\"\u00c7in turistik vize ba\u015fvurusuna dair g\u00fcncel bilgiler. \u00c7in turistik vize ba\u015fvurusu ve g\u00fcncel evrak listeleri. \u00c7in turistik vize i\u015flem \u00fccretleri.\" \/>\n<meta name=\"robots\" content=\"index, follow, max-snippet:-1, max-image-preview:large, max-video-preview:-1\" \/>\n<link rel=\"canonical\" href=\"https:\/\/www.myvize.com.tr\/cin\/vize-islemleri\/turistik-vize\/\" \/>\n<meta property=\"og:locale\" content=\"tr_TR\" \/>\n<meta property=\"og:type\" content=\"article\" \/>\n<meta property=\"og:title\" content=\"\u00c7in Turistik Vize - My Vize Vize Ba\u015fvuru Merkezi\" \/>\n<meta property=\"og:description\" content=\"\u00c7in turistik vize ba\u015fvurusuna dair g\u00fcncel bilgiler. \u00c7in turistik vize ba\u015fvurusu ve g\u00fcncel evrak listeleri. \u00c7in turistik vize i\u015flem \u00fccretleri.\" \/>\n<meta property=\"og:url\" content=\"https:\/\/www.myvize.com.tr\/cin\/vize-islemleri\/turistik-vize\/\" \/>\n<meta property=\"og:site_name\" content=\"\u00c7in Vizesi\" \/>\n<meta property=\"article:modified_time\" content=\"2022-04-04T10:28:15+00:00\" \/>\n<meta property=\"og:image\" content=\"https:\/\/www.myvize.com.tr\/cin\/wp-content\/uploads\/2021\/10\/4.jpg\" \/>\n<meta name=\"twitter:card\" content=\"summary_large_image\" \/>\n<meta name=\"twitter:label1\" content=\"Tahmini okuma s\u00fcresi\" \/>\n\t<meta name=\"twitter:data1\" content=\"4 dakika\" \/>\n<script type=\"application\/ld+json\" class=\"yoast-schema-graph\">{\"@context\":\"https:\/\/schema.org\",\"@graph\":[{\"@type\":\"WebPage\",\"@id\":\"https:\/\/www.myvize.com.tr\/cin\/vize-islemleri\/turistik-vize\/\",\"url\":\"https:\/\/www.myvize.com.tr\/cin\/vize-islemleri\/turistik-vize\/\",\"name\":\"\u00c7in Turistik Vize - My Vize Vize Ba\u015fvuru Merkezi\",\"isPartOf\":{\"@id\":\"https:\/\/www.myvize.com.tr\/cin\/#website\"},\"primaryImageOfPage\":{\"@id\":\"https:\/\/www.myvize.com.tr\/cin\/vize-islemleri\/turistik-vize\/#primaryimage\"},\"image\":{\"@id\":\"https:\/\/www.myvize.com.tr\/cin\/vize-islemleri\/turistik-vize\/#primaryimage\"},\"thumbnailUrl\":\"https:\/\/www.myvize.com.tr\/cin\/wp-content\/uploads\/2021\/10\/4.jpg\",\"datePublished\":\"2021-05-30T09:00:33+00:00\",\"dateModified\":\"2022-04-04T10:28:15+00:00\",\"description\":\"\u00c7in turistik vize ba\u015fvurusuna dair g\u00fcncel bilgiler. \u00c7in turistik vize ba\u015fvurusu ve g\u00fcncel evrak listeleri. \u00c7in turistik vize i\u015flem \u00fccretleri.\",\"breadcrumb\":{\"@id\":\"https:\/\/www.myvize.com.tr\/cin\/vize-islemleri\/turistik-vize\/#breadcrumb\"},\"inLanguage\":\"tr\",\"potentialAction\":[{\"@type\":\"ReadAction\",\"target\":[\"https:\/\/www.myvize.com.tr\/cin\/vize-islemleri\/turistik-vize\/\"]}]},{\"@type\":\"ImageObject\",\"inLanguage\":\"tr\",\"@id\":\"https:\/\/www.myvize.com.tr\/cin\/vize-islemleri\/turistik-vize\/#primaryimage\",\"url\":\"https:\/\/www.myvize.com.tr\/cin\/wp-content\/uploads\/2021\/10\/4.jpg\",\"contentUrl\":\"https:\/\/www.myvize.com.tr\/cin\/wp-content\/uploads\/2021\/10\/4.jpg\",\"width\":800,\"height\":500,\"caption\":\"\u00c7in Turistik Vize\"},{\"@type\":\"BreadcrumbList\",\"@id\":\"https:\/\/www.myvize.com.tr\/cin\/vize-islemleri\/turistik-vize\/#breadcrumb\",\"itemListElement\":[{\"@type\":\"ListItem\",\"position\":1,\"name\":\"Anasayfa\",\"item\":\"https:\/\/www.myvize.com.tr\/cin\/\"},{\"@type\":\"ListItem\",\"position\":2,\"name\":\"V\u0130ZE \u0130\u015eLEMLER\u0130\",\"item\":\"https:\/\/www.myvize.com.tr\/cin\/vize-islemleri\/\"},{\"@type\":\"ListItem\",\"position\":3,\"name\":\"\u00c7in Turistik Vize\"}]},{\"@type\":\"WebSite\",\"@id\":\"https:\/\/www.myvize.com.tr\/cin\/#website\",\"url\":\"https:\/\/www.myvize.com.tr\/cin\/\",\"name\":\"\u00c7in Vizesi\",\"description\":\"\",\"potentialAction\":[{\"@type\":\"SearchAction\",\"target\":{\"@type\":\"EntryPoint\",\"urlTemplate\":\"https:\/\/www.myvize.com.tr\/cin\/?s={search_term_string}\"},\"query-input\":{\"@type\":\"PropertyValueSpecification\",\"valueRequired\":true,\"valueName\":\"search_term_string\"}}],\"inLanguage\":\"tr\"}]}<\/script>\n<!-- \/ Yoast SEO plugin. -->","yoast_head_json":{"title":"\u00c7in Turistik Vize - My Vize Vize Ba\u015fvuru Merkezi","description":"\u00c7in turistik vize ba\u015fvurusuna dair g\u00fcncel bilgiler. \u00c7in turistik vize ba\u015fvurusu ve g\u00fcncel evrak listeleri. \u00c7in turistik vize i\u015flem \u00fccretleri.","robots":{"index":"index","follow":"follow","max-snippet":"max-snippet:-1","max-image-preview":"max-image-preview:large","max-video-preview":"max-video-preview:-1"},"canonical":"https:\/\/www.myvize.com.tr\/cin\/vize-islemleri\/turistik-vize\/","og_locale":"tr_TR","og_type":"article","og_title":"\u00c7in Turistik Vize - My Vize Vize Ba\u015fvuru Merkezi","og_description":"\u00c7in turistik vize ba\u015fvurusuna dair g\u00fcncel bilgiler. \u00c7in turistik vize ba\u015fvurusu ve g\u00fcncel evrak listeleri. \u00c7in turistik vize i\u015flem \u00fccretleri.","og_url":"https:\/\/www.myvize.com.tr\/cin\/vize-islemleri\/turistik-vize\/","og_site_name":"\u00c7in Vizesi","article_modified_time":"2022-04-04T10:28:15+00:00","og_image":[{"url":"https:\/\/www.myvize.com.tr\/cin\/wp-content\/uploads\/2021\/10\/4.jpg","type":"","width":"","height":""}],"twitter_card":"summary_large_image","twitter_misc":{"Tahmini okuma s\u00fcresi":"4 dakika"},"schema":{"@context":"https:\/\/schema.org","@graph":[{"@type":"WebPage","@id":"https:\/\/www.myvize.com.tr\/cin\/vize-islemleri\/turistik-vize\/","url":"https:\/\/www.myvize.com.tr\/cin\/vize-islemleri\/turistik-vize\/","name":"\u00c7in Turistik Vize - My Vize Vize Ba\u015fvuru Merkezi","isPartOf":{"@id":"https:\/\/www.myvize.com.tr\/cin\/#website"},"primaryImageOfPage":{"@id":"https:\/\/www.myvize.com.tr\/cin\/vize-islemleri\/turistik-vize\/#primaryimage"},"image":{"@id":"https:\/\/www.myvize.com.tr\/cin\/vize-islemleri\/turistik-vize\/#primaryimage"},"thumbnailUrl":"https:\/\/www.myvize.com.tr\/cin\/wp-content\/uploads\/2021\/10\/4.jpg","datePublished":"2021-05-30T09:00:33+00:00","dateModified":"2022-04-04T10:28:15+00:00","description":"\u00c7in turistik vize ba\u015fvurusuna dair g\u00fcncel bilgiler. \u00c7in turistik vize ba\u015fvurusu ve g\u00fcncel evrak listeleri. \u00c7in turistik vize i\u015flem \u00fccretleri.","breadcrumb":{"@id":"https:\/\/www.myvize.com.tr\/cin\/vize-islemleri\/turistik-vize\/#breadcrumb"},"inLanguage":"tr","potentialAction":[{"@type":"ReadAction","target":["https:\/\/www.myvize.com.tr\/cin\/vize-islemleri\/turistik-vize\/"]}]},{"@type":"ImageObject","inLanguage":"tr","@id":"https:\/\/www.myvize.com.tr\/cin\/vize-islemleri\/turistik-vize\/#primaryimage","url":"https:\/\/www.myvize.com.tr\/cin\/wp-content\/uploads\/2021\/10\/4.jpg","contentUrl":"https:\/\/www.myvize.com.tr\/cin\/wp-content\/uploads\/2021\/10\/4.jpg","width":800,"height":500,"caption":"\u00c7in Turistik Vize"},{"@type":"BreadcrumbList","@id":"https:\/\/www.myvize.com.tr\/cin\/vize-islemleri\/turistik-vize\/#breadcrumb","itemListElement":[{"@type":"ListItem","position":1,"name":"Anasayfa","item":"https:\/\/www.myvize.com.tr\/cin\/"},{"@type":"ListItem","position":2,"name":"V\u0130ZE \u0130\u015eLEMLER\u0130","item":"https:\/\/www.myvize.com.tr\/cin\/vize-islemleri\/"},{"@type":"ListItem","position":3,"name":"\u00c7in Turistik Vize"}]},{"@type":"WebSite","@id":"https:\/\/www.myvize.com.tr\/cin\/#website","url":"https:\/\/www.myvize.com.tr\/cin\/","name":"\u00c7in Vizesi","description":"","potentialAction":[{"@type":"SearchAction","target":{"@type":"EntryPoint","urlTemplate":"https:\/\/www.myvize.com.tr\/cin\/?s={search_term_string}"},"query-input":{"@type":"PropertyValueSpecification","valueRequired":true,"valueName":"search_term_string"}}],"inLanguage":"tr"}]}},"_links":{"self":[{"href":"https:\/\/www.myvize.com.tr\/cin\/wp-json\/wp\/v2\/pages\/278","targetHints":{"allow":["GET"]}}],"collection":[{"href":"https:\/\/www.myvize.com.tr\/cin\/wp-json\/wp\/v2\/pages"}],"about":[{"href":"https:\/\/www.myvize.com.tr\/cin\/wp-json\/wp\/v2\/types\/page"}],"author":[{"embeddable":true,"href":"https:\/\/www.myvize.com.tr\/cin\/wp-json\/wp\/v2\/users\/1"}],"replies":[{"embeddable":true,"href":"https:\/\/www.myvize.com.tr\/cin\/wp-json\/wp\/v2\/comments?post=278"}],"version-history":[{"count":10,"href":"https:\/\/www.myvize.com.tr\/cin\/wp-json\/wp\/v2\/pages\/278\/revisions"}],"predecessor-version":[{"id":737,"href":"https:\/\/www.myvize.com.tr\/cin\/wp-json\/wp\/v2\/pages\/278\/revisions\/737"}],"up":[{"embeddable":true,"href":"https:\/\/www.myvize.com.tr\/cin\/wp-json\/wp\/v2\/pages\/18"}],"wp:attachment":[{"href":"https:\/\/www.myvize.com.tr\/cin\/wp-json\/wp\/v2\/media?parent=278"}],"curies":[{"name":"wp","href":"https:\/\/api.w.org\/{rel}","templated":true}]}}