{"id":304,"date":"2021-02-04T14:09:58","date_gmt":"2021-02-04T11:09:58","guid":{"rendered":"https:\/\/www.myvize.com.tr\/cin\/?page_id=304"},"modified":"2022-04-04T14:13:30","modified_gmt":"2022-04-04T11:13:30","slug":"hong-kong-baskonsoloslugu","status":"publish","type":"page","link":"https:\/\/www.myvize.com.tr\/cin\/konsolosluklar\/hong-kong-baskonsoloslugu\/","title":{"rendered":"\u00c7in Hong Kong Ba\u015fkonsoloslu\u011fu"},"content":{"rendered":"<h2><span style=\"font-family: Roboto; font-size: 27px;\"><strong>\u00c7in Hong Kong Ba\u015fkonsoloslu\u011fu Hakk\u0131nda<\/strong><\/span><\/h2>\n<p><span style=\"font-family: Roboto; font-size: 14px;\">Hong Kong\u2019da ya\u015fayan T\u00fcrk vatanda\u015flar\u0131na gerekli evrak hizmetini sunan\u00a0<strong>Hong Kong Ba\u015fkonsoloslu\u011fu<\/strong>\u00a0\u00c7in\u2019in Hong Kong kentinde hizmet vermektedir. Hong Kong\u2019da ikamet eden <strong>T\u00fcrk vatanda\u015flar\u0131<\/strong> diplomatik i\u015flemler hari\u00e7 ihtiya\u00e7lar\u0131 olacak fotokopi ya da evrak tasdik gibi hizmetler i\u00e7in <strong>Hong Kong Konsoloslu\u011funu<\/strong> tercih edebilirler. Konsolosluk iki \u00fclke i\u00e7in resm\u00ee tatil ilan edilen g\u00fcnlerde hizmete kapal\u0131d\u0131r. Y\u0131l\u0131n di\u011fer g\u00fcnlerinde vatanda\u015flar konsoloslukta gerekli i\u015flemleri k\u0131sa s\u00fcre i\u00e7erisinde ger\u00e7ekle\u015ftirebilirler.<\/span><\/p>\n<p><span style=\"font-family: Roboto; font-size: 14px;\">\u0130ki \u00fclke i\u00e7in resm\u00ee tatil ilan edilen g\u00fcnler \u015fu \u015fekildedir;<\/span><\/p>\n<ul>\n<li><span style=\"font-family: Roboto; font-size: 14px;\">1 Ocak Yeni Y\u0131l<\/span><\/li>\n<li><span style=\"font-family: Roboto; font-size: 14px;\">12 \u015eubat \u00c7in Yeni Y\u0131l\u0131<\/span><\/li>\n<li><span style=\"font-family: Roboto; font-size: 14px;\">8 Mart D\u00fcnya Kad\u0131nlar g\u00fcn\u00fc<\/span><\/li>\n<li><span style=\"font-family: Roboto; font-size: 14px;\">4 Nisan Kingming Festivali<\/span><\/li>\n<li><span style=\"font-family: Roboto; font-size: 14px;\">23 Nisan Milli Egemenlik ve \u00c7ocuk Bayram\u0131<\/span><\/li>\n<li><span style=\"font-family: Roboto; font-size: 14px;\">1 May\u0131s \u0130\u015fi Bayram\u0131<\/span><\/li>\n<li><span style=\"font-family: Roboto; font-size: 14px;\">4 May\u0131s Gen\u00e7lik G\u00fcn\u00fc<\/span><\/li>\n<li><span style=\"font-family: Roboto; font-size: 14px;\">19 May\u0131s Atat\u00fcrk\u2019\u00fc Anma Gen\u00e7lik ve Spor Bayram\u0131<\/span><\/li>\n<li><span style=\"font-family: Roboto; font-size: 14px;\">13-14-15 May\u0131s Ramazan Bayram\u0131<\/span><\/li>\n<li><span style=\"font-family: Roboto; font-size: 14px;\">25 Haziran Duanvu Festivali<\/span><\/li>\n<li><span style=\"font-family: Roboto; font-size: 14px;\">1 Temmuz \u00c7in Kom\u00fcnist Partisinin Kurulu\u015fu<\/span><\/li>\n<li><span style=\"font-family: Roboto; font-size: 14px;\">15 Temmuz Demokrasi ve Birlik G\u00fcn\u00fc<\/span><\/li>\n<li><span style=\"font-family: Roboto; font-size: 14px;\">Kurban Bayram\u0131<\/span><\/li>\n<li><span style=\"font-family: Roboto; font-size: 14px;\">\u00a030 A\u011fustos Zafer Bayram\u0131<\/span><\/li>\n<li><span style=\"font-family: Roboto; font-size: 14px;\">1 Ekim Ay Festivali ve \u00c7in Kurulu\u015f Y\u0131ld\u00f6n\u00fcm\u00fc<\/span><\/li>\n<li><span style=\"font-family: Roboto; font-size: 14px;\">29 Ekim Cumhuriyet Bayram\u0131<\/span><\/li>\n<\/ul>\n<p><span style=\"font-family: Roboto; font-size: 14px;\">Hong Kong Konsoloslu\u011fu\u2019na ba\u015fvuru yapacak olan vatanda\u015flar\u0131n randevu almalar\u0131 \u00f6nerilir. Al\u0131nacak <span style=\"color: #2acec2;\"><strong><a style=\"color: #2acec2;\" href=\"https:\/\/www.myvize.com.tr\/cin\/cin-vize-randevusu\/\" target=\"_blank\" rel=\"noopener\">\u00c7in vize randevusu<\/a><\/strong><\/span> ile konsoloslukta haz\u0131r olan vatanda\u015flar gerekli her t\u00fcr evrak\u0131 k\u0131sa s\u00fcre i\u00e7erisinde elde edebilir.<\/span><\/p>\n","protected":false},"excerpt":{"rendered":"<p>\u00c7in Hong Kong Ba\u015fkonsoloslu\u011fu Hakk\u0131nda Hong Kong\u2019da ya\u015fayan T\u00fcrk vatanda\u015flar\u0131na gerekli evrak hizmetini sunan\u00a0Hong Kong Ba\u015fkonsoloslu\u011fu\u00a0\u00c7in\u2019in Hong Kong kentinde hizmet vermektedir. Hong Kong\u2019da ikamet eden T\u00fcrk vatanda\u015flar\u0131 diplomatik i\u015flemler hari\u00e7 ihtiya\u00e7lar\u0131 olacak fotokopi ya da evrak tasdik gibi hizmetler i\u00e7in Hong Kong Konsoloslu\u011funu tercih edebilirler. Konsolosluk iki \u00fclke i\u00e7in resm\u00ee tatil ilan edilen g\u00fcnlerde hizmete<\/p>\n","protected":false},"author":1,"featured_media":0,"parent":69,"menu_order":0,"comment_status":"open","ping_status":"closed","template":"","meta":{"footnotes":""},"class_list":["post-304","page","type-page","status-publish","hentry"],"yoast_head":"<!-- This site is optimized with the Yoast SEO plugin v26.8 - https:\/\/yoast.com\/product\/yoast-seo-wordpress\/ -->\n<title>\u00c7in Hong Kong Ba\u015fkonsoloslu\u011fu \u0130leti\u015fim Bilgileri - MyVize<\/title>\n<meta name=\"description\" content=\"\u00c7in Hong Kong Ba\u015fkonsoloslu\u011fu haberleri. \u00c7in Hong Kong Ba\u015fkonsoloslu\u011fu duyurular, a\u00e7\u0131klamalar ve daha fazlas\u0131 i\u00e7in ileti\u015fime ge\u00e7ebilirsiniz.\" \/>\n<meta name=\"robots\" content=\"index, follow, max-snippet:-1, max-image-preview:large, max-video-preview:-1\" \/>\n<link rel=\"canonical\" href=\"https:\/\/www.myvize.com.tr\/cin\/konsolosluklar\/hong-kong-baskonsoloslugu\/\" \/>\n<meta property=\"og:locale\" content=\"tr_TR\" \/>\n<meta property=\"og:type\" content=\"article\" \/>\n<meta property=\"og:title\" content=\"\u00c7in Hong Kong Ba\u015fkonsoloslu\u011fu \u0130leti\u015fim Bilgileri - MyVize\" \/>\n<meta property=\"og:description\" content=\"\u00c7in Hong Kong Ba\u015fkonsoloslu\u011fu haberleri. \u00c7in Hong Kong Ba\u015fkonsoloslu\u011fu duyurular, a\u00e7\u0131klamalar ve daha fazlas\u0131 i\u00e7in ileti\u015fime ge\u00e7ebilirsiniz.\" \/>\n<meta property=\"og:url\" content=\"https:\/\/www.myvize.com.tr\/cin\/konsolosluklar\/hong-kong-baskonsoloslugu\/\" \/>\n<meta property=\"og:site_name\" content=\"\u00c7in Vizesi\" \/>\n<meta property=\"article:modified_time\" content=\"2022-04-04T11:13:30+00:00\" \/>\n<meta name=\"twitter:card\" content=\"summary_large_image\" \/>\n<meta name=\"twitter:label1\" content=\"Tahmini okuma s\u00fcresi\" \/>\n\t<meta name=\"twitter:data1\" content=\"2 dakika\" \/>\n<script type=\"application\/ld+json\" class=\"yoast-schema-graph\">{\"@context\":\"https:\/\/schema.org\",\"@graph\":[{\"@type\":\"WebPage\",\"@id\":\"https:\/\/www.myvize.com.tr\/cin\/konsolosluklar\/hong-kong-baskonsoloslugu\/\",\"url\":\"https:\/\/www.myvize.com.tr\/cin\/konsolosluklar\/hong-kong-baskonsoloslugu\/\",\"name\":\"\u00c7in Hong Kong Ba\u015fkonsoloslu\u011fu \u0130leti\u015fim Bilgileri - MyVize\",\"isPartOf\":{\"@id\":\"https:\/\/www.myvize.com.tr\/cin\/#website\"},\"datePublished\":\"2021-02-04T11:09:58+00:00\",\"dateModified\":\"2022-04-04T11:13:30+00:00\",\"description\":\"\u00c7in Hong Kong Ba\u015fkonsoloslu\u011fu haberleri. \u00c7in Hong Kong Ba\u015fkonsoloslu\u011fu duyurular, a\u00e7\u0131klamalar ve daha fazlas\u0131 i\u00e7in ileti\u015fime ge\u00e7ebilirsiniz.\",\"breadcrumb\":{\"@id\":\"https:\/\/www.myvize.com.tr\/cin\/konsolosluklar\/hong-kong-baskonsoloslugu\/#breadcrumb\"},\"inLanguage\":\"tr\",\"potentialAction\":[{\"@type\":\"ReadAction\",\"target\":[\"https:\/\/www.myvize.com.tr\/cin\/konsolosluklar\/hong-kong-baskonsoloslugu\/\"]}]},{\"@type\":\"BreadcrumbList\",\"@id\":\"https:\/\/www.myvize.com.tr\/cin\/konsolosluklar\/hong-kong-baskonsoloslugu\/#breadcrumb\",\"itemListElement\":[{\"@type\":\"ListItem\",\"position\":1,\"name\":\"Anasayfa\",\"item\":\"https:\/\/www.myvize.com.tr\/cin\/\"},{\"@type\":\"ListItem\",\"position\":2,\"name\":\"KONSOLOSLUKLAR\",\"item\":\"https:\/\/www.myvize.com.tr\/cin\/konsolosluklar\/\"},{\"@type\":\"ListItem\",\"position\":3,\"name\":\"\u00c7in Hong Kong Ba\u015fkonsoloslu\u011fu\"}]},{\"@type\":\"WebSite\",\"@id\":\"https:\/\/www.myvize.com.tr\/cin\/#website\",\"url\":\"https:\/\/www.myvize.com.tr\/cin\/\",\"name\":\"\u00c7in Vizesi\",\"description\":\"\",\"potentialAction\":[{\"@type\":\"SearchAction\",\"target\":{\"@type\":\"EntryPoint\",\"urlTemplate\":\"https:\/\/www.myvize.com.tr\/cin\/?s={search_term_string}\"},\"query-input\":{\"@type\":\"PropertyValueSpecification\",\"valueRequired\":true,\"valueName\":\"search_term_string\"}}],\"inLanguage\":\"tr\"}]}<\/script>\n<!-- \/ Yoast SEO plugin. -->","yoast_head_json":{"title":"\u00c7in Hong Kong Ba\u015fkonsoloslu\u011fu \u0130leti\u015fim Bilgileri - MyVize","description":"\u00c7in Hong Kong Ba\u015fkonsoloslu\u011fu haberleri. \u00c7in Hong Kong Ba\u015fkonsoloslu\u011fu duyurular, a\u00e7\u0131klamalar ve daha fazlas\u0131 i\u00e7in ileti\u015fime ge\u00e7ebilirsiniz.","robots":{"index":"index","follow":"follow","max-snippet":"max-snippet:-1","max-image-preview":"max-image-preview:large","max-video-preview":"max-video-preview:-1"},"canonical":"https:\/\/www.myvize.com.tr\/cin\/konsolosluklar\/hong-kong-baskonsoloslugu\/","og_locale":"tr_TR","og_type":"article","og_title":"\u00c7in Hong Kong Ba\u015fkonsoloslu\u011fu \u0130leti\u015fim Bilgileri - MyVize","og_description":"\u00c7in Hong Kong Ba\u015fkonsoloslu\u011fu haberleri. \u00c7in Hong Kong Ba\u015fkonsoloslu\u011fu duyurular, a\u00e7\u0131klamalar ve daha fazlas\u0131 i\u00e7in ileti\u015fime ge\u00e7ebilirsiniz.","og_url":"https:\/\/www.myvize.com.tr\/cin\/konsolosluklar\/hong-kong-baskonsoloslugu\/","og_site_name":"\u00c7in Vizesi","article_modified_time":"2022-04-04T11:13:30+00:00","twitter_card":"summary_large_image","twitter_misc":{"Tahmini okuma s\u00fcresi":"2 dakika"},"schema":{"@context":"https:\/\/schema.org","@graph":[{"@type":"WebPage","@id":"https:\/\/www.myvize.com.tr\/cin\/konsolosluklar\/hong-kong-baskonsoloslugu\/","url":"https:\/\/www.myvize.com.tr\/cin\/konsolosluklar\/hong-kong-baskonsoloslugu\/","name":"\u00c7in Hong Kong Ba\u015fkonsoloslu\u011fu \u0130leti\u015fim Bilgileri - MyVize","isPartOf":{"@id":"https:\/\/www.myvize.com.tr\/cin\/#website"},"datePublished":"2021-02-04T11:09:58+00:00","dateModified":"2022-04-04T11:13:30+00:00","description":"\u00c7in Hong Kong Ba\u015fkonsoloslu\u011fu haberleri. \u00c7in Hong Kong Ba\u015fkonsoloslu\u011fu duyurular, a\u00e7\u0131klamalar ve daha fazlas\u0131 i\u00e7in ileti\u015fime ge\u00e7ebilirsiniz.","breadcrumb":{"@id":"https:\/\/www.myvize.com.tr\/cin\/konsolosluklar\/hong-kong-baskonsoloslugu\/#breadcrumb"},"inLanguage":"tr","potentialAction":[{"@type":"ReadAction","target":["https:\/\/www.myvize.com.tr\/cin\/konsolosluklar\/hong-kong-baskonsoloslugu\/"]}]},{"@type":"BreadcrumbList","@id":"https:\/\/www.myvize.com.tr\/cin\/konsolosluklar\/hong-kong-baskonsoloslugu\/#breadcrumb","itemListElement":[{"@type":"ListItem","position":1,"name":"Anasayfa","item":"https:\/\/www.myvize.com.tr\/cin\/"},{"@type":"ListItem","position":2,"name":"KONSOLOSLUKLAR","item":"https:\/\/www.myvize.com.tr\/cin\/konsolosluklar\/"},{"@type":"ListItem","position":3,"name":"\u00c7in Hong Kong Ba\u015fkonsoloslu\u011fu"}]},{"@type":"WebSite","@id":"https:\/\/www.myvize.com.tr\/cin\/#website","url":"https:\/\/www.myvize.com.tr\/cin\/","name":"\u00c7in Vizesi","description":"","potentialAction":[{"@type":"SearchAction","target":{"@type":"EntryPoint","urlTemplate":"https:\/\/www.myvize.com.tr\/cin\/?s={search_term_string}"},"query-input":{"@type":"PropertyValueSpecification","valueRequired":true,"valueName":"search_term_string"}}],"inLanguage":"tr"}]}},"_links":{"self":[{"href":"https:\/\/www.myvize.com.tr\/cin\/wp-json\/wp\/v2\/pages\/304","targetHints":{"allow":["GET"]}}],"collection":[{"href":"https:\/\/www.myvize.com.tr\/cin\/wp-json\/wp\/v2\/pages"}],"about":[{"href":"https:\/\/www.myvize.com.tr\/cin\/wp-json\/wp\/v2\/types\/page"}],"author":[{"embeddable":true,"href":"https:\/\/www.myvize.com.tr\/cin\/wp-json\/wp\/v2\/users\/1"}],"replies":[{"embeddable":true,"href":"https:\/\/www.myvize.com.tr\/cin\/wp-json\/wp\/v2\/comments?post=304"}],"version-history":[{"count":3,"href":"https:\/\/www.myvize.com.tr\/cin\/wp-json\/wp\/v2\/pages\/304\/revisions"}],"predecessor-version":[{"id":774,"href":"https:\/\/www.myvize.com.tr\/cin\/wp-json\/wp\/v2\/pages\/304\/revisions\/774"}],"up":[{"embeddable":true,"href":"https:\/\/www.myvize.com.tr\/cin\/wp-json\/wp\/v2\/pages\/69"}],"wp:attachment":[{"href":"https:\/\/www.myvize.com.tr\/cin\/wp-json\/wp\/v2\/media?parent=304"}],"curies":[{"name":"wp","href":"https:\/\/api.w.org\/{rel}","templated":true}]}}