{"id":306,"date":"2021-02-04T14:10:17","date_gmt":"2021-02-04T11:10:17","guid":{"rendered":"https:\/\/www.myvize.com.tr\/cin\/?page_id=306"},"modified":"2022-04-04T14:11:59","modified_gmt":"2022-04-04T11:11:59","slug":"guangzhou-baskonsoloslugu","status":"publish","type":"page","link":"https:\/\/www.myvize.com.tr\/cin\/konsolosluklar\/guangzhou-baskonsoloslugu\/","title":{"rendered":"\u00c7in Guangzhou Ba\u015fkonsoloslu\u011fu"},"content":{"rendered":"<h2><span style=\"font-family: Roboto; font-size: 27px;\"><strong>\u00c7in Guangzhou Ba\u015fkonsoloslu\u011fu Hakk\u0131nda<\/strong><\/span><\/h2>\n<p><span style=\"font-family: Roboto; font-size: 14px;\"><strong>Guangzhou Ba\u015fkonsoloslu\u011fu,\u00a0<\/strong>\u00c7in\u2019in Guangzhou kentinde bulunur. Konsoloslu\u011fun temel g\u00f6revi iki \u00fclke aras\u0131nda bulunan k\u00fclt\u00fcrel ili\u015fkileri desteklemek ve geli\u015ftirmektir. \u00a0Ayr\u0131ca <strong>Guangzhou Konsoloslu\u011fu<\/strong> yerel bas\u0131n ile ilgili olan ileti\u015fimde de g\u00f6rev sahibidir.<\/span><\/p>\n<p><span style=\"font-family: Roboto; font-size: 14px;\"><strong>Guangzhou Ba\u015fkonsoloslu\u011fu<\/strong> iki \u00fclke i\u00e7in de tatil olarak kabul edilen g\u00fcnlerde hizmete kapal\u0131d\u0131r. A\u00e7\u0131k olan g\u00fcnlerde <strong>vatanda\u015flar konsolosluk<\/strong> hizmetlerinden faydalanabilirler. Guangzhou Konsoloslu\u011fu\u2019nun hizmete kapal\u0131 oldu\u011fu \u00f6zel g\u00fcnler ve tarihleri \u015fu \u015fekildedir;<\/span><\/p>\n<ul>\n<li><span style=\"font-family: Roboto; font-size: 14px;\">1 Ocak Yeni Y\u0131l<\/span><\/li>\n<li><span style=\"font-family: Roboto; font-size: 14px;\">12 \u015eubat \u00c7in Yeni Y\u0131l\u0131<\/span><\/li>\n<li><span style=\"font-family: Roboto; font-size: 14px;\">8 Mart D\u00fcnya Kad\u0131nlar g\u00fcn\u00fc<\/span><\/li>\n<li><span style=\"font-family: Roboto; font-size: 14px;\">4 Nisan Kingming Festivali<\/span><\/li>\n<li><span style=\"font-family: Roboto; font-size: 14px;\">23 Nisan Milli Egemenlik ve \u00c7ocuk Bayram\u0131<\/span><\/li>\n<li><span style=\"font-family: Roboto; font-size: 14px;\">1 May\u0131s \u0130\u015fi Bayram\u0131<\/span><\/li>\n<li><span style=\"font-family: Roboto; font-size: 14px;\">4 May\u0131s Gen\u00e7lik G\u00fcn\u00fc<\/span><\/li>\n<li><span style=\"font-family: Roboto; font-size: 14px;\">19 May\u0131s Atat\u00fcrk\u2019\u00fc Anma Gen\u00e7lik ve Spor Bayram\u0131<\/span><\/li>\n<li><span style=\"font-family: Roboto; font-size: 14px;\">13-14-15 May\u0131s Ramazan Bayram\u0131<\/span><\/li>\n<li><span style=\"font-family: Roboto; font-size: 14px;\">25 Haziran Duanvu Festivali<\/span><\/li>\n<li><span style=\"font-family: Roboto; font-size: 14px;\">1 Temmuz \u00c7in Kom\u00fcnist Partisinin Kurulu\u015fu<\/span><\/li>\n<li><span style=\"font-family: Roboto; font-size: 14px;\">15 Temmuz Demokrasi ve Birlik G\u00fcn\u00fc<\/span><\/li>\n<li><span style=\"font-family: Roboto; font-size: 14px;\">Kurban Bayram\u0131<\/span><\/li>\n<li><span style=\"font-family: Roboto; font-size: 14px;\">\u00a030 A\u011fustos Zafer Bayram\u0131<\/span><\/li>\n<li><span style=\"font-family: Roboto; font-size: 14px;\">1 Ekim Ay Festivali ve \u00c7in Kurulu\u015f Y\u0131ld\u00f6n\u00fcm\u00fc<\/span><\/li>\n<li><span style=\"font-family: Roboto; font-size: 14px;\">29 Ekim Cumhuriyet Bayram\u0131<\/span><\/li>\n<\/ul>\n<p><span style=\"font-family: Roboto; font-size: 14px;\">Resm\u00ee tatil ilan edilmeyen g\u00fcnlerde<strong> Guangzhou Ba\u015fkonsoloslu\u011fu<\/strong> hafta i\u00e7i her g\u00fcn 09.00- 17.00 saatleri aras\u0131nda hizmet vermektedir.<\/span><\/p>\n<p><span style=\"font-family: Roboto; font-size: 14px;\"><span style=\"color: #2acec2;\"><strong><a style=\"color: #2acec2;\" href=\"https:\/\/www.myvize.com.tr\/cin\/cin-vize-randevusu\/\" target=\"_blank\" rel=\"noopener\">\u00c7in Vize Randevusu<\/a><\/strong><\/span> ile ilgili bilgi almak i\u00e7in bizi aray\u0131n\u0131z.<\/span><\/p>\n<p>&nbsp;<\/p>\n","protected":false},"excerpt":{"rendered":"<p>\u00c7in Guangzhou Ba\u015fkonsoloslu\u011fu Hakk\u0131nda Guangzhou Ba\u015fkonsoloslu\u011fu,\u00a0\u00c7in\u2019in Guangzhou kentinde bulunur. Konsoloslu\u011fun temel g\u00f6revi iki \u00fclke aras\u0131nda bulunan k\u00fclt\u00fcrel ili\u015fkileri desteklemek ve geli\u015ftirmektir. \u00a0Ayr\u0131ca Guangzhou Konsoloslu\u011fu yerel bas\u0131n ile ilgili olan ileti\u015fimde de g\u00f6rev sahibidir. Guangzhou Ba\u015fkonsoloslu\u011fu iki \u00fclke i\u00e7in de tatil olarak kabul edilen g\u00fcnlerde hizmete kapal\u0131d\u0131r. A\u00e7\u0131k olan g\u00fcnlerde vatanda\u015flar konsolosluk hizmetlerinden faydalanabilirler. Guangzhou Konsoloslu\u011fu\u2019nun<\/p>\n","protected":false},"author":1,"featured_media":0,"parent":69,"menu_order":0,"comment_status":"open","ping_status":"closed","template":"","meta":{"footnotes":""},"class_list":["post-306","page","type-page","status-publish","hentry"],"yoast_head":"<!-- This site is optimized with the Yoast SEO plugin v26.8 - https:\/\/yoast.com\/product\/yoast-seo-wordpress\/ -->\n<title>\u00c7in Guangzhou Ba\u015fkonsoloslu\u011fu \u0130leti\u015fim Bilgileri - MyVize<\/title>\n<meta name=\"description\" content=\"\u00c7in Guangzhou Ba\u015fkonsoloslu\u011fu g\u00fcncel haberler. \u00c7in Guanzhou Ba\u015fkonsoloslu\u011fu duyurular, a\u00e7\u0131klamalar ve daha fazlas\u0131 i\u00e7in ileti\u015fime ge\u00e7in.\" \/>\n<meta name=\"robots\" content=\"index, follow, max-snippet:-1, max-image-preview:large, max-video-preview:-1\" \/>\n<link rel=\"canonical\" href=\"https:\/\/www.myvize.com.tr\/cin\/konsolosluklar\/guangzhou-baskonsoloslugu\/\" \/>\n<meta property=\"og:locale\" content=\"tr_TR\" \/>\n<meta property=\"og:type\" content=\"article\" \/>\n<meta property=\"og:title\" content=\"\u00c7in Guangzhou Ba\u015fkonsoloslu\u011fu \u0130leti\u015fim Bilgileri - MyVize\" \/>\n<meta property=\"og:description\" content=\"\u00c7in Guangzhou Ba\u015fkonsoloslu\u011fu g\u00fcncel haberler. \u00c7in Guanzhou Ba\u015fkonsoloslu\u011fu duyurular, a\u00e7\u0131klamalar ve daha fazlas\u0131 i\u00e7in ileti\u015fime ge\u00e7in.\" \/>\n<meta property=\"og:url\" content=\"https:\/\/www.myvize.com.tr\/cin\/konsolosluklar\/guangzhou-baskonsoloslugu\/\" \/>\n<meta property=\"og:site_name\" content=\"\u00c7in Vizesi\" \/>\n<meta property=\"article:modified_time\" content=\"2022-04-04T11:11:59+00:00\" \/>\n<meta name=\"twitter:card\" content=\"summary_large_image\" \/>\n<meta name=\"twitter:label1\" content=\"Tahmini okuma s\u00fcresi\" \/>\n\t<meta name=\"twitter:data1\" content=\"2 dakika\" \/>\n<script type=\"application\/ld+json\" class=\"yoast-schema-graph\">{\"@context\":\"https:\/\/schema.org\",\"@graph\":[{\"@type\":\"WebPage\",\"@id\":\"https:\/\/www.myvize.com.tr\/cin\/konsolosluklar\/guangzhou-baskonsoloslugu\/\",\"url\":\"https:\/\/www.myvize.com.tr\/cin\/konsolosluklar\/guangzhou-baskonsoloslugu\/\",\"name\":\"\u00c7in Guangzhou Ba\u015fkonsoloslu\u011fu \u0130leti\u015fim Bilgileri - MyVize\",\"isPartOf\":{\"@id\":\"https:\/\/www.myvize.com.tr\/cin\/#website\"},\"datePublished\":\"2021-02-04T11:10:17+00:00\",\"dateModified\":\"2022-04-04T11:11:59+00:00\",\"description\":\"\u00c7in Guangzhou Ba\u015fkonsoloslu\u011fu g\u00fcncel haberler. \u00c7in Guanzhou Ba\u015fkonsoloslu\u011fu duyurular, a\u00e7\u0131klamalar ve daha fazlas\u0131 i\u00e7in ileti\u015fime ge\u00e7in.\",\"breadcrumb\":{\"@id\":\"https:\/\/www.myvize.com.tr\/cin\/konsolosluklar\/guangzhou-baskonsoloslugu\/#breadcrumb\"},\"inLanguage\":\"tr\",\"potentialAction\":[{\"@type\":\"ReadAction\",\"target\":[\"https:\/\/www.myvize.com.tr\/cin\/konsolosluklar\/guangzhou-baskonsoloslugu\/\"]}]},{\"@type\":\"BreadcrumbList\",\"@id\":\"https:\/\/www.myvize.com.tr\/cin\/konsolosluklar\/guangzhou-baskonsoloslugu\/#breadcrumb\",\"itemListElement\":[{\"@type\":\"ListItem\",\"position\":1,\"name\":\"Anasayfa\",\"item\":\"https:\/\/www.myvize.com.tr\/cin\/\"},{\"@type\":\"ListItem\",\"position\":2,\"name\":\"KONSOLOSLUKLAR\",\"item\":\"https:\/\/www.myvize.com.tr\/cin\/konsolosluklar\/\"},{\"@type\":\"ListItem\",\"position\":3,\"name\":\"\u00c7in Guangzhou Ba\u015fkonsoloslu\u011fu\"}]},{\"@type\":\"WebSite\",\"@id\":\"https:\/\/www.myvize.com.tr\/cin\/#website\",\"url\":\"https:\/\/www.myvize.com.tr\/cin\/\",\"name\":\"\u00c7in Vizesi\",\"description\":\"\",\"potentialAction\":[{\"@type\":\"SearchAction\",\"target\":{\"@type\":\"EntryPoint\",\"urlTemplate\":\"https:\/\/www.myvize.com.tr\/cin\/?s={search_term_string}\"},\"query-input\":{\"@type\":\"PropertyValueSpecification\",\"valueRequired\":true,\"valueName\":\"search_term_string\"}}],\"inLanguage\":\"tr\"}]}<\/script>\n<!-- \/ Yoast SEO plugin. -->","yoast_head_json":{"title":"\u00c7in Guangzhou Ba\u015fkonsoloslu\u011fu \u0130leti\u015fim Bilgileri - MyVize","description":"\u00c7in Guangzhou Ba\u015fkonsoloslu\u011fu g\u00fcncel haberler. \u00c7in Guanzhou Ba\u015fkonsoloslu\u011fu duyurular, a\u00e7\u0131klamalar ve daha fazlas\u0131 i\u00e7in ileti\u015fime ge\u00e7in.","robots":{"index":"index","follow":"follow","max-snippet":"max-snippet:-1","max-image-preview":"max-image-preview:large","max-video-preview":"max-video-preview:-1"},"canonical":"https:\/\/www.myvize.com.tr\/cin\/konsolosluklar\/guangzhou-baskonsoloslugu\/","og_locale":"tr_TR","og_type":"article","og_title":"\u00c7in Guangzhou Ba\u015fkonsoloslu\u011fu \u0130leti\u015fim Bilgileri - MyVize","og_description":"\u00c7in Guangzhou Ba\u015fkonsoloslu\u011fu g\u00fcncel haberler. \u00c7in Guanzhou Ba\u015fkonsoloslu\u011fu duyurular, a\u00e7\u0131klamalar ve daha fazlas\u0131 i\u00e7in ileti\u015fime ge\u00e7in.","og_url":"https:\/\/www.myvize.com.tr\/cin\/konsolosluklar\/guangzhou-baskonsoloslugu\/","og_site_name":"\u00c7in Vizesi","article_modified_time":"2022-04-04T11:11:59+00:00","twitter_card":"summary_large_image","twitter_misc":{"Tahmini okuma s\u00fcresi":"2 dakika"},"schema":{"@context":"https:\/\/schema.org","@graph":[{"@type":"WebPage","@id":"https:\/\/www.myvize.com.tr\/cin\/konsolosluklar\/guangzhou-baskonsoloslugu\/","url":"https:\/\/www.myvize.com.tr\/cin\/konsolosluklar\/guangzhou-baskonsoloslugu\/","name":"\u00c7in Guangzhou Ba\u015fkonsoloslu\u011fu \u0130leti\u015fim Bilgileri - MyVize","isPartOf":{"@id":"https:\/\/www.myvize.com.tr\/cin\/#website"},"datePublished":"2021-02-04T11:10:17+00:00","dateModified":"2022-04-04T11:11:59+00:00","description":"\u00c7in Guangzhou Ba\u015fkonsoloslu\u011fu g\u00fcncel haberler. \u00c7in Guanzhou Ba\u015fkonsoloslu\u011fu duyurular, a\u00e7\u0131klamalar ve daha fazlas\u0131 i\u00e7in ileti\u015fime ge\u00e7in.","breadcrumb":{"@id":"https:\/\/www.myvize.com.tr\/cin\/konsolosluklar\/guangzhou-baskonsoloslugu\/#breadcrumb"},"inLanguage":"tr","potentialAction":[{"@type":"ReadAction","target":["https:\/\/www.myvize.com.tr\/cin\/konsolosluklar\/guangzhou-baskonsoloslugu\/"]}]},{"@type":"BreadcrumbList","@id":"https:\/\/www.myvize.com.tr\/cin\/konsolosluklar\/guangzhou-baskonsoloslugu\/#breadcrumb","itemListElement":[{"@type":"ListItem","position":1,"name":"Anasayfa","item":"https:\/\/www.myvize.com.tr\/cin\/"},{"@type":"ListItem","position":2,"name":"KONSOLOSLUKLAR","item":"https:\/\/www.myvize.com.tr\/cin\/konsolosluklar\/"},{"@type":"ListItem","position":3,"name":"\u00c7in Guangzhou Ba\u015fkonsoloslu\u011fu"}]},{"@type":"WebSite","@id":"https:\/\/www.myvize.com.tr\/cin\/#website","url":"https:\/\/www.myvize.com.tr\/cin\/","name":"\u00c7in Vizesi","description":"","potentialAction":[{"@type":"SearchAction","target":{"@type":"EntryPoint","urlTemplate":"https:\/\/www.myvize.com.tr\/cin\/?s={search_term_string}"},"query-input":{"@type":"PropertyValueSpecification","valueRequired":true,"valueName":"search_term_string"}}],"inLanguage":"tr"}]}},"_links":{"self":[{"href":"https:\/\/www.myvize.com.tr\/cin\/wp-json\/wp\/v2\/pages\/306","targetHints":{"allow":["GET"]}}],"collection":[{"href":"https:\/\/www.myvize.com.tr\/cin\/wp-json\/wp\/v2\/pages"}],"about":[{"href":"https:\/\/www.myvize.com.tr\/cin\/wp-json\/wp\/v2\/types\/page"}],"author":[{"embeddable":true,"href":"https:\/\/www.myvize.com.tr\/cin\/wp-json\/wp\/v2\/users\/1"}],"replies":[{"embeddable":true,"href":"https:\/\/www.myvize.com.tr\/cin\/wp-json\/wp\/v2\/comments?post=306"}],"version-history":[{"count":4,"href":"https:\/\/www.myvize.com.tr\/cin\/wp-json\/wp\/v2\/pages\/306\/revisions"}],"predecessor-version":[{"id":772,"href":"https:\/\/www.myvize.com.tr\/cin\/wp-json\/wp\/v2\/pages\/306\/revisions\/772"}],"up":[{"embeddable":true,"href":"https:\/\/www.myvize.com.tr\/cin\/wp-json\/wp\/v2\/pages\/69"}],"wp:attachment":[{"href":"https:\/\/www.myvize.com.tr\/cin\/wp-json\/wp\/v2\/media?parent=306"}],"curies":[{"name":"wp","href":"https:\/\/api.w.org\/{rel}","templated":true}]}}