{"id":308,"date":"2021-02-04T14:10:36","date_gmt":"2021-02-04T11:10:36","guid":{"rendered":"https:\/\/www.myvize.com.tr\/cin\/?page_id=308"},"modified":"2022-04-04T14:08:25","modified_gmt":"2022-04-04T11:08:25","slug":"sanghay-baskonsoloslugu","status":"publish","type":"page","link":"https:\/\/www.myvize.com.tr\/cin\/konsolosluklar\/sanghay-baskonsoloslugu\/","title":{"rendered":"\u00c7in \u015eanghay Ba\u015fkonsoloslu\u011fu"},"content":{"rendered":"<h2>\u00c7in<a name=\"_Hlk84357180\"><\/a><span style=\"font-family: Roboto; font-size: 27px;\"><strong>\u015eanghay Ba\u015fkonsoloslu\u011fu Hakk\u0131nda<\/strong><\/span><\/h2>\n<p><span style=\"font-family: Roboto; font-size: 14px;\"><strong>\u015eanghay Konsoloslu\u011fu<\/strong> \u00c7in\u2019in \u015eanghay kentinde Tek vatanda\u015flar\u0131na hizmet vermektedir. <strong>\u00c7in Halk Cumhuriyeti<\/strong> ile T\u00fcrkiye Cumhuriyeti aras\u0131nda k\u00f6pr\u00fc g\u00f6revi g\u00f6r\u00fcr. \u0130ki \u00fclke aras\u0131nda ger\u00e7ekle\u015fecek olan diplomatik, sosyal, k\u00fclt\u00fcrel ve ticari ili\u015fkilerde do\u011frudan s\u00f6z sahibidir. \u00dclkeler aras\u0131 ileti\u015fimi geli\u015ftirmek ve g\u00fc\u00e7lendirmek gibi konularda say\u0131s\u0131z g\u00f6rev s\u00fcrd\u00fcr\u00fcr. \u0130ki y\u00f6nl\u00fc olarak hizmet veren<strong> \u015eanghay Ba\u015fkonsoloslu\u011fu<\/strong> \u00f6zellikle k\u00fclt\u00fcrel ili\u015fkilerin geli\u015ftirilmesinde olduk\u00e7a \u00f6nemli bir yere sahiptir.\u00a0 Yerel bas\u0131n ile ileti\u015fim kurma g\u00f6revine de sahip olan <strong>\u015eanghay Ba\u015fkonsoloslu\u011f<\/strong>u diplomatik anlamda \u00fclkede bulunan en yetkili resmi kurumdur.<\/span><\/p>\n<p><span style=\"font-family: Roboto; font-size: 14px;\"><strong>\u015eanghay Ba\u015fkonsoloslu\u011fu<\/strong>\u00a0\u00c7in Halk Cumhuriyeti\u2019nde resmi olarak tan\u0131mlanm\u0131\u015f mesai saatleri aras\u0131nda T\u00fcrk vatanda\u015flar\u0131na hizmet sunar. \u00dclkede tatil ilan edilen g\u00fcnlerde ba\u015fkonsolosluk da hizmete kapal\u0131d\u0131r. Yine \u00c7in\u2019de ulusal olarak resm\u00ee tatil olarak kabul g\u00f6ren g\u00fcnlerde de konsolosluktan hizmet almak m\u00fcmk\u00fcn olmaz.\u00a0 Ba\u015fkonsoloslukta sorun ya\u015famadan hizmet almak isteyen vatanda\u015flar erken d\u00f6nemde alacaklar\u0131 rezervasyon ile resmi evrak i\u015flerini zaman kaybetmeden sorunsuz bir \u015fekilde halledebilirler. Randevular e-mail yolu ile ya da telefon yolu ile kolayca al\u0131nabilmektedir.<\/span><\/p>\n<p><span style=\"font-family: Roboto; font-size: 14px;\"><span style=\"color: #2acec2;\"><strong><a style=\"color: #2acec2;\" href=\"https:\/\/www.myvize.com.tr\/cin\/cin-vatandaslik-islemleri\/\" target=\"_blank\" rel=\"noopener\">\u00c7in Vatanda\u015fl\u0131k \u0130\u015flemleri<\/a><\/strong><\/span> ile ilgili bilgi almak i\u00e7in bizi aray\u0131n\u0131z.<\/span><\/p>\n","protected":false},"excerpt":{"rendered":"<p>\u00c7in\u015eanghay Ba\u015fkonsoloslu\u011fu Hakk\u0131nda \u015eanghay Konsoloslu\u011fu \u00c7in\u2019in \u015eanghay kentinde Tek vatanda\u015flar\u0131na hizmet vermektedir. \u00c7in Halk Cumhuriyeti ile T\u00fcrkiye Cumhuriyeti aras\u0131nda k\u00f6pr\u00fc g\u00f6revi g\u00f6r\u00fcr. \u0130ki \u00fclke aras\u0131nda ger\u00e7ekle\u015fecek olan diplomatik, sosyal, k\u00fclt\u00fcrel ve ticari ili\u015fkilerde do\u011frudan s\u00f6z sahibidir. \u00dclkeler aras\u0131 ileti\u015fimi geli\u015ftirmek ve g\u00fc\u00e7lendirmek gibi konularda say\u0131s\u0131z g\u00f6rev s\u00fcrd\u00fcr\u00fcr. \u0130ki y\u00f6nl\u00fc olarak hizmet veren \u015eanghay Ba\u015fkonsoloslu\u011fu \u00f6zellikle<\/p>\n","protected":false},"author":1,"featured_media":0,"parent":69,"menu_order":0,"comment_status":"open","ping_status":"closed","template":"","meta":{"footnotes":""},"class_list":["post-308","page","type-page","status-publish","hentry"],"yoast_head":"<!-- This site is optimized with the Yoast SEO plugin v26.8 - https:\/\/yoast.com\/product\/yoast-seo-wordpress\/ -->\n<title>\u00c7in Sanghay Ba\u015fkonsoloslu\u011fu Vize \u0130\u015flemleri - MyVize<\/title>\n<meta name=\"description\" content=\"\u00c7in Sanghay Ba\u015fkonsoloslu\u011fu g\u00fcncel haberler. \u00c7in Sanghay Ba\u015fkonsoloslu\u011fu duyurular, a\u00e7\u0131klamalar ve daha fazlas\u0131 i\u00e7in ileti\u015fime ge\u00e7ebilirsiniz.\" \/>\n<meta name=\"robots\" content=\"index, follow, max-snippet:-1, max-image-preview:large, max-video-preview:-1\" \/>\n<link rel=\"canonical\" href=\"https:\/\/www.myvize.com.tr\/cin\/konsolosluklar\/sanghay-baskonsoloslugu\/\" \/>\n<meta property=\"og:locale\" content=\"tr_TR\" \/>\n<meta property=\"og:type\" content=\"article\" \/>\n<meta property=\"og:title\" content=\"\u00c7in Sanghay Ba\u015fkonsoloslu\u011fu Vize \u0130\u015flemleri - MyVize\" \/>\n<meta property=\"og:description\" content=\"\u00c7in Sanghay Ba\u015fkonsoloslu\u011fu g\u00fcncel haberler. \u00c7in Sanghay Ba\u015fkonsoloslu\u011fu duyurular, a\u00e7\u0131klamalar ve daha fazlas\u0131 i\u00e7in ileti\u015fime ge\u00e7ebilirsiniz.\" \/>\n<meta property=\"og:url\" content=\"https:\/\/www.myvize.com.tr\/cin\/konsolosluklar\/sanghay-baskonsoloslugu\/\" \/>\n<meta property=\"og:site_name\" content=\"\u00c7in Vizesi\" \/>\n<meta property=\"article:modified_time\" content=\"2022-04-04T11:08:25+00:00\" \/>\n<meta name=\"twitter:card\" content=\"summary_large_image\" \/>\n<meta name=\"twitter:label1\" content=\"Tahmini okuma s\u00fcresi\" \/>\n\t<meta name=\"twitter:data1\" content=\"1 dakika\" \/>\n<script type=\"application\/ld+json\" class=\"yoast-schema-graph\">{\"@context\":\"https:\/\/schema.org\",\"@graph\":[{\"@type\":\"WebPage\",\"@id\":\"https:\/\/www.myvize.com.tr\/cin\/konsolosluklar\/sanghay-baskonsoloslugu\/\",\"url\":\"https:\/\/www.myvize.com.tr\/cin\/konsolosluklar\/sanghay-baskonsoloslugu\/\",\"name\":\"\u00c7in Sanghay Ba\u015fkonsoloslu\u011fu Vize \u0130\u015flemleri - MyVize\",\"isPartOf\":{\"@id\":\"https:\/\/www.myvize.com.tr\/cin\/#website\"},\"datePublished\":\"2021-02-04T11:10:36+00:00\",\"dateModified\":\"2022-04-04T11:08:25+00:00\",\"description\":\"\u00c7in Sanghay Ba\u015fkonsoloslu\u011fu g\u00fcncel haberler. \u00c7in Sanghay Ba\u015fkonsoloslu\u011fu duyurular, a\u00e7\u0131klamalar ve daha fazlas\u0131 i\u00e7in ileti\u015fime ge\u00e7ebilirsiniz.\",\"breadcrumb\":{\"@id\":\"https:\/\/www.myvize.com.tr\/cin\/konsolosluklar\/sanghay-baskonsoloslugu\/#breadcrumb\"},\"inLanguage\":\"tr\",\"potentialAction\":[{\"@type\":\"ReadAction\",\"target\":[\"https:\/\/www.myvize.com.tr\/cin\/konsolosluklar\/sanghay-baskonsoloslugu\/\"]}]},{\"@type\":\"BreadcrumbList\",\"@id\":\"https:\/\/www.myvize.com.tr\/cin\/konsolosluklar\/sanghay-baskonsoloslugu\/#breadcrumb\",\"itemListElement\":[{\"@type\":\"ListItem\",\"position\":1,\"name\":\"Anasayfa\",\"item\":\"https:\/\/www.myvize.com.tr\/cin\/\"},{\"@type\":\"ListItem\",\"position\":2,\"name\":\"KONSOLOSLUKLAR\",\"item\":\"https:\/\/www.myvize.com.tr\/cin\/konsolosluklar\/\"},{\"@type\":\"ListItem\",\"position\":3,\"name\":\"\u00c7in \u015eanghay Ba\u015fkonsoloslu\u011fu\"}]},{\"@type\":\"WebSite\",\"@id\":\"https:\/\/www.myvize.com.tr\/cin\/#website\",\"url\":\"https:\/\/www.myvize.com.tr\/cin\/\",\"name\":\"\u00c7in Vizesi\",\"description\":\"\",\"potentialAction\":[{\"@type\":\"SearchAction\",\"target\":{\"@type\":\"EntryPoint\",\"urlTemplate\":\"https:\/\/www.myvize.com.tr\/cin\/?s={search_term_string}\"},\"query-input\":{\"@type\":\"PropertyValueSpecification\",\"valueRequired\":true,\"valueName\":\"search_term_string\"}}],\"inLanguage\":\"tr\"}]}<\/script>\n<!-- \/ Yoast SEO plugin. -->","yoast_head_json":{"title":"\u00c7in Sanghay Ba\u015fkonsoloslu\u011fu Vize \u0130\u015flemleri - MyVize","description":"\u00c7in Sanghay Ba\u015fkonsoloslu\u011fu g\u00fcncel haberler. \u00c7in Sanghay Ba\u015fkonsoloslu\u011fu duyurular, a\u00e7\u0131klamalar ve daha fazlas\u0131 i\u00e7in ileti\u015fime ge\u00e7ebilirsiniz.","robots":{"index":"index","follow":"follow","max-snippet":"max-snippet:-1","max-image-preview":"max-image-preview:large","max-video-preview":"max-video-preview:-1"},"canonical":"https:\/\/www.myvize.com.tr\/cin\/konsolosluklar\/sanghay-baskonsoloslugu\/","og_locale":"tr_TR","og_type":"article","og_title":"\u00c7in Sanghay Ba\u015fkonsoloslu\u011fu Vize \u0130\u015flemleri - MyVize","og_description":"\u00c7in Sanghay Ba\u015fkonsoloslu\u011fu g\u00fcncel haberler. \u00c7in Sanghay Ba\u015fkonsoloslu\u011fu duyurular, a\u00e7\u0131klamalar ve daha fazlas\u0131 i\u00e7in ileti\u015fime ge\u00e7ebilirsiniz.","og_url":"https:\/\/www.myvize.com.tr\/cin\/konsolosluklar\/sanghay-baskonsoloslugu\/","og_site_name":"\u00c7in Vizesi","article_modified_time":"2022-04-04T11:08:25+00:00","twitter_card":"summary_large_image","twitter_misc":{"Tahmini okuma s\u00fcresi":"1 dakika"},"schema":{"@context":"https:\/\/schema.org","@graph":[{"@type":"WebPage","@id":"https:\/\/www.myvize.com.tr\/cin\/konsolosluklar\/sanghay-baskonsoloslugu\/","url":"https:\/\/www.myvize.com.tr\/cin\/konsolosluklar\/sanghay-baskonsoloslugu\/","name":"\u00c7in Sanghay Ba\u015fkonsoloslu\u011fu Vize \u0130\u015flemleri - MyVize","isPartOf":{"@id":"https:\/\/www.myvize.com.tr\/cin\/#website"},"datePublished":"2021-02-04T11:10:36+00:00","dateModified":"2022-04-04T11:08:25+00:00","description":"\u00c7in Sanghay Ba\u015fkonsoloslu\u011fu g\u00fcncel haberler. \u00c7in Sanghay Ba\u015fkonsoloslu\u011fu duyurular, a\u00e7\u0131klamalar ve daha fazlas\u0131 i\u00e7in ileti\u015fime ge\u00e7ebilirsiniz.","breadcrumb":{"@id":"https:\/\/www.myvize.com.tr\/cin\/konsolosluklar\/sanghay-baskonsoloslugu\/#breadcrumb"},"inLanguage":"tr","potentialAction":[{"@type":"ReadAction","target":["https:\/\/www.myvize.com.tr\/cin\/konsolosluklar\/sanghay-baskonsoloslugu\/"]}]},{"@type":"BreadcrumbList","@id":"https:\/\/www.myvize.com.tr\/cin\/konsolosluklar\/sanghay-baskonsoloslugu\/#breadcrumb","itemListElement":[{"@type":"ListItem","position":1,"name":"Anasayfa","item":"https:\/\/www.myvize.com.tr\/cin\/"},{"@type":"ListItem","position":2,"name":"KONSOLOSLUKLAR","item":"https:\/\/www.myvize.com.tr\/cin\/konsolosluklar\/"},{"@type":"ListItem","position":3,"name":"\u00c7in \u015eanghay Ba\u015fkonsoloslu\u011fu"}]},{"@type":"WebSite","@id":"https:\/\/www.myvize.com.tr\/cin\/#website","url":"https:\/\/www.myvize.com.tr\/cin\/","name":"\u00c7in Vizesi","description":"","potentialAction":[{"@type":"SearchAction","target":{"@type":"EntryPoint","urlTemplate":"https:\/\/www.myvize.com.tr\/cin\/?s={search_term_string}"},"query-input":{"@type":"PropertyValueSpecification","valueRequired":true,"valueName":"search_term_string"}}],"inLanguage":"tr"}]}},"_links":{"self":[{"href":"https:\/\/www.myvize.com.tr\/cin\/wp-json\/wp\/v2\/pages\/308","targetHints":{"allow":["GET"]}}],"collection":[{"href":"https:\/\/www.myvize.com.tr\/cin\/wp-json\/wp\/v2\/pages"}],"about":[{"href":"https:\/\/www.myvize.com.tr\/cin\/wp-json\/wp\/v2\/types\/page"}],"author":[{"embeddable":true,"href":"https:\/\/www.myvize.com.tr\/cin\/wp-json\/wp\/v2\/users\/1"}],"replies":[{"embeddable":true,"href":"https:\/\/www.myvize.com.tr\/cin\/wp-json\/wp\/v2\/comments?post=308"}],"version-history":[{"count":4,"href":"https:\/\/www.myvize.com.tr\/cin\/wp-json\/wp\/v2\/pages\/308\/revisions"}],"predecessor-version":[{"id":769,"href":"https:\/\/www.myvize.com.tr\/cin\/wp-json\/wp\/v2\/pages\/308\/revisions\/769"}],"up":[{"embeddable":true,"href":"https:\/\/www.myvize.com.tr\/cin\/wp-json\/wp\/v2\/pages\/69"}],"wp:attachment":[{"href":"https:\/\/www.myvize.com.tr\/cin\/wp-json\/wp\/v2\/media?parent=308"}],"curies":[{"name":"wp","href":"https:\/\/api.w.org\/{rel}","templated":true}]}}