{"id":310,"date":"2021-02-04T14:10:55","date_gmt":"2021-02-04T11:10:55","guid":{"rendered":"https:\/\/www.myvize.com.tr\/cin\/?page_id=310"},"modified":"2022-04-04T13:58:42","modified_gmt":"2022-04-04T10:58:42","slug":"pekin-buyukelciligi","status":"publish","type":"page","link":"https:\/\/www.myvize.com.tr\/cin\/konsolosluklar\/pekin-buyukelciligi\/","title":{"rendered":"\u00c7in Pekin B\u00fcy\u00fckel\u00e7ili\u011fi"},"content":{"rendered":"<h2><span style=\"font-family: Roboto; font-size: 27px;\"><strong>\u00c7in Pekin B\u00fcy\u00fckel\u00e7ili\u011fi Hakk\u0131nda<\/strong><\/span><\/h2>\n<p><span style=\"font-family: Roboto; font-size: 14px;\"><strong>Pekin B\u00fcy\u00fckel\u00e7ili\u011fi<\/strong> \u00c7in\u2019in Pekin \u015fehrinde bulunmaktad\u0131r ve <strong>T\u00fcrkiye Cumhuriyeti<\/strong> ile <strong>\u00c7in Halk Cumhuriyeti<\/strong> aras\u0131nda bir diplomatik misyondur. \u0130n Halk Cumhuriyeti\u2019nde ikamet eden T\u00fcrklerin resmi evrak i\u015flemlerini ger\u00e7ekle\u015ftirebilecekleri <strong>Pekin B\u00fcy\u00fckel\u00e7ili\u011fi<\/strong> ayn\u0131 zamanda T\u00fcrk vatanda\u015flar\u0131na gerekli olacak vize i\u015flemlerinde de yetki sahibidir. Pekin\u2019de ikamet eden vatanda\u015flar, gerekli olacak resmi evrak i\u015flemlerini Pekin B\u00fcy\u00fckel\u00e7ili\u011fi\u2019nden randevu alarak sorunsuz bir \u015fekilde halledebilirler.<\/span><\/p>\n<p><span style=\"font-family: Roboto; font-size: 14px;\"><strong>Pekin B\u00fcy\u00fckel\u00e7ili\u011fi<\/strong>\u00a0iki \u00fclke aras\u0131nda diplomatik, turistik ve sosyo-k\u00fclt\u00fcrel ili\u015fkilerin korunmas\u0131nda ve geli\u015ftirilmesinde do\u011frudan yetki sahibidir. \u0130ki \u00fclke aras\u0131nda ger\u00e7ekle\u015fecek olan diplomatik ili\u015fkilerde resmi olarak yetki sahibidir.<\/span><\/p>\n<p><span style=\"font-family: Roboto; font-size: 14px;\">Pekin\u2019de hizmet veren b\u00fcy\u00fckel\u00e7ilik<strong> \u00c7in Halk Cumhuriyeti<\/strong> resmi \u00e7al\u0131\u015fma saatleri aral\u0131\u011f\u0131nda T\u00fcrk vatanda\u015flara gerekli hizmetleri sunar. \u00dclkede resmi olarak tatil olan g\u00fcnlerde Pekin B\u00fcy\u00fckel\u00e7ili\u011fi\u2019nde hizmete Kapal\u0131d\u0131r. Yine iki \u00fclke i\u00e7in resmi olarak tatil ilan edilen g\u00fcnlerde de<strong> Pekin B\u00fcy\u00fckel\u00e7ili\u011fi<\/strong> vatanda\u015flara hizmet vermez. \u00a0<\/span><\/p>\n<p><span style=\"font-family: Roboto; font-size: 14px;\">Pekin\u2019de ikamet eden vatanda\u015flar <span style=\"color: #2acec2;\"><strong><a style=\"color: #2acec2;\" href=\"https:\/\/www.myvize.com.tr\/cin\/vize-islemleri\/\" target=\"_blank\" rel=\"noopener\">vize i\u015flemleri <\/a><\/strong><\/span>ile ilgili konularda<strong> Pekin B\u00fcy\u00fckel\u00e7ili\u011fi<\/strong> ile ileti\u015fime ge\u00e7ebilirler. S\u00fcresi dolan vizelerin ve pasaportlar\u0131n yenilenmesi i\u00e7in randevu alarak b\u00fcy\u00fckel\u00e7ili\u011fe gelen vatanda\u015flar k\u0131sa s\u00fcre i\u00e7erisinde sorun ya\u015famadan b\u00fcy\u00fckel\u00e7ilikten g\u00fcvenilir bir hizmet alabilirler.<\/span><\/p>\n","protected":false},"excerpt":{"rendered":"<p>\u00c7in Pekin B\u00fcy\u00fckel\u00e7ili\u011fi Hakk\u0131nda Pekin B\u00fcy\u00fckel\u00e7ili\u011fi \u00c7in\u2019in Pekin \u015fehrinde bulunmaktad\u0131r ve T\u00fcrkiye Cumhuriyeti ile \u00c7in Halk Cumhuriyeti aras\u0131nda bir diplomatik misyondur. \u0130n Halk Cumhuriyeti\u2019nde ikamet eden T\u00fcrklerin resmi evrak i\u015flemlerini ger\u00e7ekle\u015ftirebilecekleri Pekin B\u00fcy\u00fckel\u00e7ili\u011fi ayn\u0131 zamanda T\u00fcrk vatanda\u015flar\u0131na gerekli olacak vize i\u015flemlerinde de yetki sahibidir. Pekin\u2019de ikamet eden vatanda\u015flar, gerekli olacak resmi evrak i\u015flemlerini Pekin B\u00fcy\u00fckel\u00e7ili\u011fi\u2019nden<\/p>\n","protected":false},"author":1,"featured_media":0,"parent":69,"menu_order":0,"comment_status":"open","ping_status":"closed","template":"","meta":{"footnotes":""},"class_list":["post-310","page","type-page","status-publish","hentry"],"yoast_head":"<!-- This site is optimized with the Yoast SEO plugin v26.8 - https:\/\/yoast.com\/product\/yoast-seo-wordpress\/ -->\n<title>\u00c7in Pekin B\u00fcy\u00fckel\u00e7ili\u011fi - \u00c7in Vize \u0130\u015flemleri - MyVize<\/title>\n<meta name=\"description\" content=\"\u00c7in Pekin B\u00fcy\u00fckel\u00e7ilik g\u00fcncel 2021 haberler. \u00c7in Pekin B\u00fcy\u00fckel\u00e7ilik duyurular, a\u00e7\u0131klamalar ve daha fazlas\u0131 i\u00e7in ileti\u015fime ge\u00e7ebilirsiniz.\" \/>\n<meta name=\"robots\" content=\"index, follow, max-snippet:-1, max-image-preview:large, max-video-preview:-1\" \/>\n<link rel=\"canonical\" href=\"https:\/\/www.myvize.com.tr\/cin\/konsolosluklar\/pekin-buyukelciligi\/\" \/>\n<meta property=\"og:locale\" content=\"tr_TR\" \/>\n<meta property=\"og:type\" content=\"article\" \/>\n<meta property=\"og:title\" content=\"\u00c7in Pekin B\u00fcy\u00fckel\u00e7ili\u011fi - \u00c7in Vize \u0130\u015flemleri - MyVize\" \/>\n<meta property=\"og:description\" content=\"\u00c7in Pekin B\u00fcy\u00fckel\u00e7ilik g\u00fcncel 2021 haberler. \u00c7in Pekin B\u00fcy\u00fckel\u00e7ilik duyurular, a\u00e7\u0131klamalar ve daha fazlas\u0131 i\u00e7in ileti\u015fime ge\u00e7ebilirsiniz.\" \/>\n<meta property=\"og:url\" content=\"https:\/\/www.myvize.com.tr\/cin\/konsolosluklar\/pekin-buyukelciligi\/\" \/>\n<meta property=\"og:site_name\" content=\"\u00c7in Vizesi\" \/>\n<meta property=\"article:modified_time\" content=\"2022-04-04T10:58:42+00:00\" \/>\n<meta name=\"twitter:card\" content=\"summary_large_image\" \/>\n<meta name=\"twitter:label1\" content=\"Tahmini okuma s\u00fcresi\" \/>\n\t<meta name=\"twitter:data1\" content=\"1 dakika\" \/>\n<script type=\"application\/ld+json\" class=\"yoast-schema-graph\">{\"@context\":\"https:\/\/schema.org\",\"@graph\":[{\"@type\":\"WebPage\",\"@id\":\"https:\/\/www.myvize.com.tr\/cin\/konsolosluklar\/pekin-buyukelciligi\/\",\"url\":\"https:\/\/www.myvize.com.tr\/cin\/konsolosluklar\/pekin-buyukelciligi\/\",\"name\":\"\u00c7in Pekin B\u00fcy\u00fckel\u00e7ili\u011fi - \u00c7in Vize \u0130\u015flemleri - MyVize\",\"isPartOf\":{\"@id\":\"https:\/\/www.myvize.com.tr\/cin\/#website\"},\"datePublished\":\"2021-02-04T11:10:55+00:00\",\"dateModified\":\"2022-04-04T10:58:42+00:00\",\"description\":\"\u00c7in Pekin B\u00fcy\u00fckel\u00e7ilik g\u00fcncel 2021 haberler. \u00c7in Pekin B\u00fcy\u00fckel\u00e7ilik duyurular, a\u00e7\u0131klamalar ve daha fazlas\u0131 i\u00e7in ileti\u015fime ge\u00e7ebilirsiniz.\",\"breadcrumb\":{\"@id\":\"https:\/\/www.myvize.com.tr\/cin\/konsolosluklar\/pekin-buyukelciligi\/#breadcrumb\"},\"inLanguage\":\"tr\",\"potentialAction\":[{\"@type\":\"ReadAction\",\"target\":[\"https:\/\/www.myvize.com.tr\/cin\/konsolosluklar\/pekin-buyukelciligi\/\"]}]},{\"@type\":\"BreadcrumbList\",\"@id\":\"https:\/\/www.myvize.com.tr\/cin\/konsolosluklar\/pekin-buyukelciligi\/#breadcrumb\",\"itemListElement\":[{\"@type\":\"ListItem\",\"position\":1,\"name\":\"Anasayfa\",\"item\":\"https:\/\/www.myvize.com.tr\/cin\/\"},{\"@type\":\"ListItem\",\"position\":2,\"name\":\"KONSOLOSLUKLAR\",\"item\":\"https:\/\/www.myvize.com.tr\/cin\/konsolosluklar\/\"},{\"@type\":\"ListItem\",\"position\":3,\"name\":\"\u00c7in Pekin B\u00fcy\u00fckel\u00e7ili\u011fi\"}]},{\"@type\":\"WebSite\",\"@id\":\"https:\/\/www.myvize.com.tr\/cin\/#website\",\"url\":\"https:\/\/www.myvize.com.tr\/cin\/\",\"name\":\"\u00c7in Vizesi\",\"description\":\"\",\"potentialAction\":[{\"@type\":\"SearchAction\",\"target\":{\"@type\":\"EntryPoint\",\"urlTemplate\":\"https:\/\/www.myvize.com.tr\/cin\/?s={search_term_string}\"},\"query-input\":{\"@type\":\"PropertyValueSpecification\",\"valueRequired\":true,\"valueName\":\"search_term_string\"}}],\"inLanguage\":\"tr\"}]}<\/script>\n<!-- \/ Yoast SEO plugin. -->","yoast_head_json":{"title":"\u00c7in Pekin B\u00fcy\u00fckel\u00e7ili\u011fi - \u00c7in Vize \u0130\u015flemleri - MyVize","description":"\u00c7in Pekin B\u00fcy\u00fckel\u00e7ilik g\u00fcncel 2021 haberler. \u00c7in Pekin B\u00fcy\u00fckel\u00e7ilik duyurular, a\u00e7\u0131klamalar ve daha fazlas\u0131 i\u00e7in ileti\u015fime ge\u00e7ebilirsiniz.","robots":{"index":"index","follow":"follow","max-snippet":"max-snippet:-1","max-image-preview":"max-image-preview:large","max-video-preview":"max-video-preview:-1"},"canonical":"https:\/\/www.myvize.com.tr\/cin\/konsolosluklar\/pekin-buyukelciligi\/","og_locale":"tr_TR","og_type":"article","og_title":"\u00c7in Pekin B\u00fcy\u00fckel\u00e7ili\u011fi - \u00c7in Vize \u0130\u015flemleri - MyVize","og_description":"\u00c7in Pekin B\u00fcy\u00fckel\u00e7ilik g\u00fcncel 2021 haberler. \u00c7in Pekin B\u00fcy\u00fckel\u00e7ilik duyurular, a\u00e7\u0131klamalar ve daha fazlas\u0131 i\u00e7in ileti\u015fime ge\u00e7ebilirsiniz.","og_url":"https:\/\/www.myvize.com.tr\/cin\/konsolosluklar\/pekin-buyukelciligi\/","og_site_name":"\u00c7in Vizesi","article_modified_time":"2022-04-04T10:58:42+00:00","twitter_card":"summary_large_image","twitter_misc":{"Tahmini okuma s\u00fcresi":"1 dakika"},"schema":{"@context":"https:\/\/schema.org","@graph":[{"@type":"WebPage","@id":"https:\/\/www.myvize.com.tr\/cin\/konsolosluklar\/pekin-buyukelciligi\/","url":"https:\/\/www.myvize.com.tr\/cin\/konsolosluklar\/pekin-buyukelciligi\/","name":"\u00c7in Pekin B\u00fcy\u00fckel\u00e7ili\u011fi - \u00c7in Vize \u0130\u015flemleri - MyVize","isPartOf":{"@id":"https:\/\/www.myvize.com.tr\/cin\/#website"},"datePublished":"2021-02-04T11:10:55+00:00","dateModified":"2022-04-04T10:58:42+00:00","description":"\u00c7in Pekin B\u00fcy\u00fckel\u00e7ilik g\u00fcncel 2021 haberler. \u00c7in Pekin B\u00fcy\u00fckel\u00e7ilik duyurular, a\u00e7\u0131klamalar ve daha fazlas\u0131 i\u00e7in ileti\u015fime ge\u00e7ebilirsiniz.","breadcrumb":{"@id":"https:\/\/www.myvize.com.tr\/cin\/konsolosluklar\/pekin-buyukelciligi\/#breadcrumb"},"inLanguage":"tr","potentialAction":[{"@type":"ReadAction","target":["https:\/\/www.myvize.com.tr\/cin\/konsolosluklar\/pekin-buyukelciligi\/"]}]},{"@type":"BreadcrumbList","@id":"https:\/\/www.myvize.com.tr\/cin\/konsolosluklar\/pekin-buyukelciligi\/#breadcrumb","itemListElement":[{"@type":"ListItem","position":1,"name":"Anasayfa","item":"https:\/\/www.myvize.com.tr\/cin\/"},{"@type":"ListItem","position":2,"name":"KONSOLOSLUKLAR","item":"https:\/\/www.myvize.com.tr\/cin\/konsolosluklar\/"},{"@type":"ListItem","position":3,"name":"\u00c7in Pekin B\u00fcy\u00fckel\u00e7ili\u011fi"}]},{"@type":"WebSite","@id":"https:\/\/www.myvize.com.tr\/cin\/#website","url":"https:\/\/www.myvize.com.tr\/cin\/","name":"\u00c7in Vizesi","description":"","potentialAction":[{"@type":"SearchAction","target":{"@type":"EntryPoint","urlTemplate":"https:\/\/www.myvize.com.tr\/cin\/?s={search_term_string}"},"query-input":{"@type":"PropertyValueSpecification","valueRequired":true,"valueName":"search_term_string"}}],"inLanguage":"tr"}]}},"_links":{"self":[{"href":"https:\/\/www.myvize.com.tr\/cin\/wp-json\/wp\/v2\/pages\/310","targetHints":{"allow":["GET"]}}],"collection":[{"href":"https:\/\/www.myvize.com.tr\/cin\/wp-json\/wp\/v2\/pages"}],"about":[{"href":"https:\/\/www.myvize.com.tr\/cin\/wp-json\/wp\/v2\/types\/page"}],"author":[{"embeddable":true,"href":"https:\/\/www.myvize.com.tr\/cin\/wp-json\/wp\/v2\/users\/1"}],"replies":[{"embeddable":true,"href":"https:\/\/www.myvize.com.tr\/cin\/wp-json\/wp\/v2\/comments?post=310"}],"version-history":[{"count":3,"href":"https:\/\/www.myvize.com.tr\/cin\/wp-json\/wp\/v2\/pages\/310\/revisions"}],"predecessor-version":[{"id":768,"href":"https:\/\/www.myvize.com.tr\/cin\/wp-json\/wp\/v2\/pages\/310\/revisions\/768"}],"up":[{"embeddable":true,"href":"https:\/\/www.myvize.com.tr\/cin\/wp-json\/wp\/v2\/pages\/69"}],"wp:attachment":[{"href":"https:\/\/www.myvize.com.tr\/cin\/wp-json\/wp\/v2\/media?parent=310"}],"curies":[{"name":"wp","href":"https:\/\/api.w.org\/{rel}","templated":true}]}}