{"id":314,"date":"2021-02-04T14:11:37","date_gmt":"2021-02-04T11:11:37","guid":{"rendered":"https:\/\/www.myvize.com.tr\/cin\/?page_id=314"},"modified":"2022-04-04T13:56:23","modified_gmt":"2022-04-04T10:56:23","slug":"cin-buyukelciligi-ankara","status":"publish","type":"page","link":"https:\/\/www.myvize.com.tr\/cin\/konsolosluklar\/cin-buyukelciligi-ankara\/","title":{"rendered":"\u00c7in B\u00fcy\u00fckel\u00e7ili\u011fi Ankara"},"content":{"rendered":"<h2><strong><span style=\"font-family: Roboto; font-size: 27px;\">\u00c7in Ankara B\u00fcy\u00fckel\u00e7ili\u011fi<\/span><\/strong><\/h2>\n<p><span style=\"font-family: Roboto; font-size: 14px;\"><strong>\u00c7in Ankara B\u00fcy\u00fckel\u00e7ili\u011fi<\/strong>, T\u00fcrkiye ile \u00c7in\u2019in aras\u0131nda bulunan ili\u015fkileri kuvvetlendirmeyi ve geli\u015ftirmeyi ama\u00e7lamaktad\u0131r. \u00c7in Ankara B\u00fcy\u00fckel\u00e7ili\u011fi\u2019nin ekonomi b\u00f6l\u00fcm\u00fc, \u00c7in ile T\u00fcrkiye aras\u0131ndaki ticari ve ekonomik ili\u015fkiler ile ilgilenmektedir. \u00c7in ad\u0131na T\u00fcrkiye\u2019de yeni yat\u0131r\u0131m alanlar\u0131 ortaya \u00e7\u0131karmay\u0131 ama\u00e7lamaktad\u0131r. Bas\u0131n B\u00f6l\u00fcm\u00fc ile T\u00fcrk medyas\u0131na \u00c7in hakk\u0131nda bilgi vermektedir.<\/span><\/p>\n<p><span style=\"font-family: Roboto; font-size: 14px;\">\u00c7in Ankara B\u00fcy\u00fckel\u00e7ili\u011fi\u2019nin Konsolosluk B\u00f6l\u00fcm\u00fc ile \u00c7in vatanda\u015flar\u0131na konsolosluk ve noter hizmeti verilmektedir. T\u00fcrkiye\u2019deki \u00c7in vatanda\u015flar\u0131n\u0131n haklar\u0131n\u0131 ve \u00e7\u0131karlar\u0131n\u0131 korumay\u0131 ama\u00e7lamaktad\u0131r. \u00c7in\u2019e seyahat edecek olan T\u00fcrkiye Cumhuriyeti vatanda\u015flar\u0131na, <strong>\u00c7in vize hizmeti<\/strong> vermektedir. \u00c7in <span style=\"color: #2acec2;\"><strong><a style=\"color: #2acec2;\" href=\"https:\/\/www.myvize.com.tr\/cin\/subelerimiz\/ankara\/\" target=\"_blank\" rel=\"noopener\">Ankara<\/a><\/strong><\/span> vize ba\u015fvurular\u0131n\u0131 kabul etmekte ve de\u011ferlendirmektedir.<\/span><\/p>\n<p><span style=\"font-family: Roboto; font-size: 22px;\"><strong>\u00c7in Ankara B\u00fcy\u00fckel\u00e7ili\u011fi Adresi, \u00c7al\u0131\u015fma Saatleri<\/strong><\/span><\/p>\n<p><span style=\"font-family: Roboto; font-size: 14px;\">Adres: Oran Mahallesi, Ferit Recai Ertu\u011frul Caddesi, No:18, PK: 06450 \u00c7ankaya\/Ankara<\/span><\/p>\n<p><span style=\"font-family: Roboto; font-size: 14px;\">\u00c7al\u0131\u015fma Saatleri:<strong> \u00c7in\u2019in Ankara B\u00fcy\u00fckel\u00e7ili\u011fi<\/strong>, hafta i\u00e7i her g\u00fcn saat 08.30 ile 17.30 aras\u0131nda \u00e7al\u0131\u015fmaktad\u0131r. <strong>\u00c7in Ankara B\u00fcy\u00fckel\u00e7ili\u011fi<\/strong> Vize B\u00f6l\u00fcm\u00fc ise Pazartesi, Sal\u0131 ve Per\u015fembe g\u00fcnleri 09.30 ile 12.30 aras\u0131nda hizmet vermektedir. <strong>\u00c7in Ankara B\u00fcy\u00fckel\u00e7ili\u011fi<\/strong> T\u00fcrkiye\u2019nin ve \u00c7in Halk Cumhuriyeti\u2019nin resmi tatillerinde \u00e7al\u0131\u015fmamaktad\u0131r.<\/span><\/p>\n<h2><span style=\"font-family: Roboto; font-size: 27px;\"><strong>\u00c7in B\u00fcy\u00fckel\u00e7ili\u011fi Ankara \u0130\u015flemleri<\/strong><\/span><\/h2>\n<p><span style=\"font-family: Roboto; font-size: 14px;\">\u00c7<strong>in B\u00fcy\u00fckel\u00e7ili\u011fi,<\/strong> \u00c7in Halk Cumhuriyeti ve T\u00fcrkiye Cumhuriyeti aras\u0131nda ger\u00e7ekle\u015fen ileti\u015fimin en resmi temsilcisidir. \u0130ki \u00fclke aras\u0131nda diplomasi ba\u015fta olmak \u00fczere bir\u00e7ok farkl\u0131 alanda ileti\u015fim kurulur. Konsolosluk iki \u00fclke aras\u0131nda ili\u015fkilerin s\u00fcrd\u00fcr\u00fclmesi ve geli\u015ftirilmesi ile ilgili bizzat sorumlu konumda yer al\u0131r. \u00c7in konsoloslu\u011fu ayn\u0131 zamanda T\u00fcrkiye\u2019de ikamet eden \u00c7in vatanda\u015flar\u0131n\u0131n t\u00fczel ki\u015filikleri, menfaatleri de korumak ile y\u00fck\u00fcml\u00fcd\u00fcr.<\/span><\/p>\n<p><span style=\"font-family: Roboto; font-size: 14px;\"><strong>\u00c7in B\u00fcy\u00fckel\u00e7ili\u011fi<\/strong> Ankara\u2019da G\u00f6lgeli Sokak Gaziosmanpa\u015fa adresinde hizmet vermektedir. Vatanda\u015flar 0312 436 06 28 numaral\u0131 ileti\u015fim hatt\u0131 \u00fczerinden \u00c7in Ankara B\u00fcy\u00fckel\u00e7ili\u011fi ile do\u011frudan ileti\u015fime ge\u00e7ebilir.\u00a0<strong>\u00c7in B\u00fcy\u00fckel\u00e7ili\u011fi Ankara<\/strong>\u00a0adresinde hafta i\u00e7i mesai saatlerinde 08.30- 17.30 saatleri aras\u0131nda hizmet vermektedir. B\u00fcy\u00fckel\u00e7ilik i\u00e7erisinde hizmet veren \u00c7in Konsoloslu\u011fu\u2019nun \u00e7al\u0131\u015fma saatleri ise hafta i\u00e7i her g\u00fcn 09.30- 12.30\u2019dur. Bu saatler d\u0131\u015f\u0131nda konsolosluk hizmete kapal\u0131d\u0131r. \u0130ki \u00fclke i\u00e7in resmi olarak tatil ilan edilen g\u00fcnlerde de<strong> \u00c7in B\u00fcy\u00fckel\u00e7ili\u011fi<\/strong> ve Ba\u015fkonsoloslu\u011fu hizmete kapal\u0131d\u0131r.<\/span><\/p>\n<p><span style=\"font-family: Roboto; font-size: 14px;\"><strong>\u00c7in B\u00fcy\u00fckel\u00e7ili\u011fi<\/strong> diplomatik ili\u015fkilerin yan\u0131 s\u0131ra vize i\u015flemlerinin de de\u011ferlendirmeye al\u0131nd\u0131\u011f\u0131 yerdir. \u00c7in Halk Cumhuriyeti\u2019ne seyahat etmek isteyen vatanda\u015flar gerekli olacak vize i\u00e7in <strong>\u00c7in Ba\u015fkonsoloslu\u011fu<\/strong> ile ileti\u015fime ge\u00e7ebilir.<\/span><\/p>\n<p><span style=\"font-family: Roboto; font-size: 14px;\"><span style=\"color: #2acec2;\"><strong><a style=\"color: #2acec2;\" href=\"https:\/\/www.myvize.com.tr\/cin\/vize-islemleri\/\" target=\"_blank\" rel=\"noopener\">\u00c7in Vatanda\u015fl\u0131k \u0130\u015flemleri <\/a><\/strong><\/span>ile ilgili bilgi almak i\u00e7in bizi aray\u0131n\u0131z.<\/span><\/p>\n","protected":false},"excerpt":{"rendered":"<p>\u00c7in Ankara B\u00fcy\u00fckel\u00e7ili\u011fi \u00c7in Ankara B\u00fcy\u00fckel\u00e7ili\u011fi, T\u00fcrkiye ile \u00c7in\u2019in aras\u0131nda bulunan ili\u015fkileri kuvvetlendirmeyi ve geli\u015ftirmeyi ama\u00e7lamaktad\u0131r. \u00c7in Ankara B\u00fcy\u00fckel\u00e7ili\u011fi\u2019nin ekonomi b\u00f6l\u00fcm\u00fc, \u00c7in ile T\u00fcrkiye aras\u0131ndaki ticari ve ekonomik ili\u015fkiler ile ilgilenmektedir. \u00c7in ad\u0131na T\u00fcrkiye\u2019de yeni yat\u0131r\u0131m alanlar\u0131 ortaya \u00e7\u0131karmay\u0131 ama\u00e7lamaktad\u0131r. Bas\u0131n B\u00f6l\u00fcm\u00fc ile T\u00fcrk medyas\u0131na \u00c7in hakk\u0131nda bilgi vermektedir. \u00c7in Ankara B\u00fcy\u00fckel\u00e7ili\u011fi\u2019nin Konsolosluk B\u00f6l\u00fcm\u00fc ile<\/p>\n","protected":false},"author":1,"featured_media":0,"parent":69,"menu_order":0,"comment_status":"open","ping_status":"closed","template":"","meta":{"footnotes":""},"class_list":["post-314","page","type-page","status-publish","hentry"],"yoast_head":"<!-- This site is optimized with the Yoast SEO plugin v26.8 - https:\/\/yoast.com\/product\/yoast-seo-wordpress\/ -->\n<title>\u00c7in B\u00fcy\u00fckel\u00e7ili\u011fi Ankara Vize \u0130\u015flemleri - MyVize<\/title>\n<meta name=\"description\" content=\"\u00c7in B\u00fcy\u00fckel\u00e7ili\u011fi Ankara \u00e7al\u0131\u015fma saatleri. \u00c7in B\u00fcy\u00fckel\u00e7ili\u011fi Ankara ula\u015f\u0131m, ileti\u015fim bilgileri ve faaliyet alan\u0131.\" \/>\n<meta name=\"robots\" content=\"index, follow, max-snippet:-1, max-image-preview:large, max-video-preview:-1\" \/>\n<link rel=\"canonical\" href=\"https:\/\/www.myvize.com.tr\/cin\/konsolosluklar\/cin-buyukelciligi-ankara\/\" \/>\n<meta property=\"og:locale\" content=\"tr_TR\" \/>\n<meta property=\"og:type\" content=\"article\" \/>\n<meta property=\"og:title\" content=\"\u00c7in B\u00fcy\u00fckel\u00e7ili\u011fi Ankara Vize \u0130\u015flemleri - MyVize\" \/>\n<meta property=\"og:description\" content=\"\u00c7in B\u00fcy\u00fckel\u00e7ili\u011fi Ankara \u00e7al\u0131\u015fma saatleri. \u00c7in B\u00fcy\u00fckel\u00e7ili\u011fi Ankara ula\u015f\u0131m, ileti\u015fim bilgileri ve faaliyet alan\u0131.\" \/>\n<meta property=\"og:url\" content=\"https:\/\/www.myvize.com.tr\/cin\/konsolosluklar\/cin-buyukelciligi-ankara\/\" \/>\n<meta property=\"og:site_name\" content=\"\u00c7in Vizesi\" \/>\n<meta property=\"article:modified_time\" content=\"2022-04-04T10:56:23+00:00\" \/>\n<meta name=\"twitter:card\" content=\"summary_large_image\" \/>\n<meta name=\"twitter:label1\" content=\"Tahmini okuma s\u00fcresi\" \/>\n\t<meta name=\"twitter:data1\" content=\"2 dakika\" \/>\n<script type=\"application\/ld+json\" class=\"yoast-schema-graph\">{\"@context\":\"https:\/\/schema.org\",\"@graph\":[{\"@type\":\"WebPage\",\"@id\":\"https:\/\/www.myvize.com.tr\/cin\/konsolosluklar\/cin-buyukelciligi-ankara\/\",\"url\":\"https:\/\/www.myvize.com.tr\/cin\/konsolosluklar\/cin-buyukelciligi-ankara\/\",\"name\":\"\u00c7in B\u00fcy\u00fckel\u00e7ili\u011fi Ankara Vize \u0130\u015flemleri - MyVize\",\"isPartOf\":{\"@id\":\"https:\/\/www.myvize.com.tr\/cin\/#website\"},\"datePublished\":\"2021-02-04T11:11:37+00:00\",\"dateModified\":\"2022-04-04T10:56:23+00:00\",\"description\":\"\u00c7in B\u00fcy\u00fckel\u00e7ili\u011fi Ankara \u00e7al\u0131\u015fma saatleri. \u00c7in B\u00fcy\u00fckel\u00e7ili\u011fi Ankara ula\u015f\u0131m, ileti\u015fim bilgileri ve faaliyet alan\u0131.\",\"breadcrumb\":{\"@id\":\"https:\/\/www.myvize.com.tr\/cin\/konsolosluklar\/cin-buyukelciligi-ankara\/#breadcrumb\"},\"inLanguage\":\"tr\",\"potentialAction\":[{\"@type\":\"ReadAction\",\"target\":[\"https:\/\/www.myvize.com.tr\/cin\/konsolosluklar\/cin-buyukelciligi-ankara\/\"]}]},{\"@type\":\"BreadcrumbList\",\"@id\":\"https:\/\/www.myvize.com.tr\/cin\/konsolosluklar\/cin-buyukelciligi-ankara\/#breadcrumb\",\"itemListElement\":[{\"@type\":\"ListItem\",\"position\":1,\"name\":\"Anasayfa\",\"item\":\"https:\/\/www.myvize.com.tr\/cin\/\"},{\"@type\":\"ListItem\",\"position\":2,\"name\":\"KONSOLOSLUKLAR\",\"item\":\"https:\/\/www.myvize.com.tr\/cin\/konsolosluklar\/\"},{\"@type\":\"ListItem\",\"position\":3,\"name\":\"\u00c7in B\u00fcy\u00fckel\u00e7ili\u011fi Ankara\"}]},{\"@type\":\"WebSite\",\"@id\":\"https:\/\/www.myvize.com.tr\/cin\/#website\",\"url\":\"https:\/\/www.myvize.com.tr\/cin\/\",\"name\":\"\u00c7in Vizesi\",\"description\":\"\",\"potentialAction\":[{\"@type\":\"SearchAction\",\"target\":{\"@type\":\"EntryPoint\",\"urlTemplate\":\"https:\/\/www.myvize.com.tr\/cin\/?s={search_term_string}\"},\"query-input\":{\"@type\":\"PropertyValueSpecification\",\"valueRequired\":true,\"valueName\":\"search_term_string\"}}],\"inLanguage\":\"tr\"}]}<\/script>\n<!-- \/ Yoast SEO plugin. -->","yoast_head_json":{"title":"\u00c7in B\u00fcy\u00fckel\u00e7ili\u011fi Ankara Vize \u0130\u015flemleri - MyVize","description":"\u00c7in B\u00fcy\u00fckel\u00e7ili\u011fi Ankara \u00e7al\u0131\u015fma saatleri. \u00c7in B\u00fcy\u00fckel\u00e7ili\u011fi Ankara ula\u015f\u0131m, ileti\u015fim bilgileri ve faaliyet alan\u0131.","robots":{"index":"index","follow":"follow","max-snippet":"max-snippet:-1","max-image-preview":"max-image-preview:large","max-video-preview":"max-video-preview:-1"},"canonical":"https:\/\/www.myvize.com.tr\/cin\/konsolosluklar\/cin-buyukelciligi-ankara\/","og_locale":"tr_TR","og_type":"article","og_title":"\u00c7in B\u00fcy\u00fckel\u00e7ili\u011fi Ankara Vize \u0130\u015flemleri - MyVize","og_description":"\u00c7in B\u00fcy\u00fckel\u00e7ili\u011fi Ankara \u00e7al\u0131\u015fma saatleri. \u00c7in B\u00fcy\u00fckel\u00e7ili\u011fi Ankara ula\u015f\u0131m, ileti\u015fim bilgileri ve faaliyet alan\u0131.","og_url":"https:\/\/www.myvize.com.tr\/cin\/konsolosluklar\/cin-buyukelciligi-ankara\/","og_site_name":"\u00c7in Vizesi","article_modified_time":"2022-04-04T10:56:23+00:00","twitter_card":"summary_large_image","twitter_misc":{"Tahmini okuma s\u00fcresi":"2 dakika"},"schema":{"@context":"https:\/\/schema.org","@graph":[{"@type":"WebPage","@id":"https:\/\/www.myvize.com.tr\/cin\/konsolosluklar\/cin-buyukelciligi-ankara\/","url":"https:\/\/www.myvize.com.tr\/cin\/konsolosluklar\/cin-buyukelciligi-ankara\/","name":"\u00c7in B\u00fcy\u00fckel\u00e7ili\u011fi Ankara Vize \u0130\u015flemleri - MyVize","isPartOf":{"@id":"https:\/\/www.myvize.com.tr\/cin\/#website"},"datePublished":"2021-02-04T11:11:37+00:00","dateModified":"2022-04-04T10:56:23+00:00","description":"\u00c7in B\u00fcy\u00fckel\u00e7ili\u011fi Ankara \u00e7al\u0131\u015fma saatleri. \u00c7in B\u00fcy\u00fckel\u00e7ili\u011fi Ankara ula\u015f\u0131m, ileti\u015fim bilgileri ve faaliyet alan\u0131.","breadcrumb":{"@id":"https:\/\/www.myvize.com.tr\/cin\/konsolosluklar\/cin-buyukelciligi-ankara\/#breadcrumb"},"inLanguage":"tr","potentialAction":[{"@type":"ReadAction","target":["https:\/\/www.myvize.com.tr\/cin\/konsolosluklar\/cin-buyukelciligi-ankara\/"]}]},{"@type":"BreadcrumbList","@id":"https:\/\/www.myvize.com.tr\/cin\/konsolosluklar\/cin-buyukelciligi-ankara\/#breadcrumb","itemListElement":[{"@type":"ListItem","position":1,"name":"Anasayfa","item":"https:\/\/www.myvize.com.tr\/cin\/"},{"@type":"ListItem","position":2,"name":"KONSOLOSLUKLAR","item":"https:\/\/www.myvize.com.tr\/cin\/konsolosluklar\/"},{"@type":"ListItem","position":3,"name":"\u00c7in B\u00fcy\u00fckel\u00e7ili\u011fi Ankara"}]},{"@type":"WebSite","@id":"https:\/\/www.myvize.com.tr\/cin\/#website","url":"https:\/\/www.myvize.com.tr\/cin\/","name":"\u00c7in Vizesi","description":"","potentialAction":[{"@type":"SearchAction","target":{"@type":"EntryPoint","urlTemplate":"https:\/\/www.myvize.com.tr\/cin\/?s={search_term_string}"},"query-input":{"@type":"PropertyValueSpecification","valueRequired":true,"valueName":"search_term_string"}}],"inLanguage":"tr"}]}},"_links":{"self":[{"href":"https:\/\/www.myvize.com.tr\/cin\/wp-json\/wp\/v2\/pages\/314","targetHints":{"allow":["GET"]}}],"collection":[{"href":"https:\/\/www.myvize.com.tr\/cin\/wp-json\/wp\/v2\/pages"}],"about":[{"href":"https:\/\/www.myvize.com.tr\/cin\/wp-json\/wp\/v2\/types\/page"}],"author":[{"embeddable":true,"href":"https:\/\/www.myvize.com.tr\/cin\/wp-json\/wp\/v2\/users\/1"}],"replies":[{"embeddable":true,"href":"https:\/\/www.myvize.com.tr\/cin\/wp-json\/wp\/v2\/comments?post=314"}],"version-history":[{"count":6,"href":"https:\/\/www.myvize.com.tr\/cin\/wp-json\/wp\/v2\/pages\/314\/revisions"}],"predecessor-version":[{"id":764,"href":"https:\/\/www.myvize.com.tr\/cin\/wp-json\/wp\/v2\/pages\/314\/revisions\/764"}],"up":[{"embeddable":true,"href":"https:\/\/www.myvize.com.tr\/cin\/wp-json\/wp\/v2\/pages\/69"}],"wp:attachment":[{"href":"https:\/\/www.myvize.com.tr\/cin\/wp-json\/wp\/v2\/media?parent=314"}],"curies":[{"name":"wp","href":"https:\/\/api.w.org\/{rel}","templated":true}]}}