{"id":375,"date":"2021-09-11T14:49:09","date_gmt":"2021-09-11T11:49:09","guid":{"rendered":"https:\/\/www.myvize.com.tr\/cin\/?page_id=375"},"modified":"2022-04-04T13:36:19","modified_gmt":"2022-04-04T10:36:19","slug":"cin-vizesi","status":"publish","type":"page","link":"https:\/\/www.myvize.com.tr\/cin\/cin-vizesi\/","title":{"rendered":"\u00c7in Vizesi"},"content":{"rendered":"<h2><span style=\"font-family: Roboto; font-size: 27px;\">\u00c7in Vizesi 2022<\/span><\/h2>\n<p><span style=\"font-family: Roboto; font-size: 14px;\">\u00c7in Halk Cumhuriyeti\u2019ne seyahat etmek isteyen T\u00fcrk vatanda\u015flar\u0131, 2021 y\u0131l\u0131nda vize ba\u015fvurular\u0131n\u0131 internet \u00fczerinden al\u0131nan randevu ile yapmal\u0131d\u0131r. Randevunun al\u0131nmas\u0131 ile <strong>\u00c7in vize ba\u015fvurusu<\/strong> ba\u015flat\u0131lm\u0131\u015f olur. Ba\u015fvurular \u00c7in\u2019in Ankara B\u00fcy\u00fckel\u00e7ili\u011fi\u2019nin resmi internet sitesi \u00fczerinden yap\u0131l\u0131r. Vize t\u00fcr\u00fcne uygun olan gerekli evraklar tamamlan\u0131r ve tarand\u0131ktan sonra sisteme y\u00fcklenir. Ard\u0131ndan ise<span style=\"color: #2acec2;\"><a style=\"color: #2acec2;\" href=\"https:\/\/www.myvize.com.tr\/cin\/form-ve-dilekce\/vize-basvuru-formu\/\" target=\"_blank\" rel=\"noopener\"><strong> \u00c7in vize ba\u015fvuru formu<\/strong><\/a><\/span> online olarak doldurulur.<\/span><\/p>\n<p><span style=\"font-family: Roboto; font-size: 14px;\">2016 y\u0131l\u0131ndan beri \u015fahsi olarak yap\u0131lan<span style=\"color: #2acec2;\"><strong><a style=\"color: #2acec2;\" href=\"https:\/\/www.myvize.com.tr\/cin\/vize-islemleri\/turistik-vize\/\" target=\"_blank\" rel=\"noopener\"> \u00c7in turistik vize <\/a><\/strong><\/span>ba\u015fvurular\u0131 kabul edilmemektedir. Turistik vize ba\u015fvurular\u0131 grup halinde olmal\u0131d\u0131r. Grup ba\u015fvurusunun onaylanmas\u0131 durumunda vize pasaporta bas\u0131lmaz ve ayr\u0131 bir belge olarak verilir. Grup ba\u015fvurular\u0131 en az 5 ki\u015fi ile yap\u0131lmaktad\u0131r. Grup ba\u015fvurusu yapan ki\u015filerin \u00c7in\u2019e giri\u015f tarihlerinin ayn\u0131 olmas\u0131na gerek bulunmamaktad\u0131r.<\/span><\/p>\n<p><span style=\"font-family: Roboto; font-size: 14px;\">\u00c7in vizesi 2021 y\u0131l\u0131nda ortalama olarak 7 i\u015f g\u00fcn\u00fc i\u00e7erisinde sonu\u00e7lanmaktad\u0131r. Ancak <strong>\u00c7in vize ba\u015fvuru<\/strong> yo\u011funlu\u011funa g\u00f6re bu s\u00fcre uzayabilmektedir.<strong> \u00c7in vize ba\u015fvurular\u0131n\u0131n<\/strong> online a\u015famalar\u0131 tamamland\u0131ktan sonra \u00c7in Konsoloslu\u011fu\u2019na ya da \u00c7in B\u00fcy\u00fckel\u00e7ili\u011fi\u2019ne gitmeniz gerekmektedir.<\/span><\/p>\n<p><span style=\"font-family: Roboto; font-size: 14px;\">Diplomatik, Hususi ve Hizmet pasaportu olan T\u00fcrk vatanda\u015flar\u0131 30 g\u00fcne kadar \u00c7in\u2019de vizesiz konaklayabilir. Ayr\u0131ca vatanda\u015f\u0131 oldu\u011funuz \u00fclkenin \u00c7in ile vize muafiyeti anla\u015fmas\u0131 var ise vize alman\u0131za gerek bulunmamaktad\u0131r.<\/span><\/p>\n<p><img decoding=\"async\" src=\"https:\/\/www.myvize.com.tr\/cin\/wp-content\/uploads\/2021\/10\/3.jpg\" \/><\/p>\n<h2><span style=\"font-family: Roboto; font-size: 27px;\"><strong>\u00c7in Vizesi Hakk\u0131nda<\/strong><\/span><\/h2>\n<p><span style=\"font-family: Roboto; font-size: 14px;\"><strong>\u00c7in seyahati<\/strong> i\u00e7in ki\u015filerin mutlaka vize almas\u0131 gerekiyor. Vizeler tek ya da \u00e7ift giri\u015fli olarak verilmektedir. Ayn\u0131 zamanda multiple vize t\u00fcr\u00fcne de ba\u015fvurulabilir. <strong>\u00c7in vizesi<\/strong> i\u00e7in daha \u00f6nceden <strong>parmak izi<\/strong> uygulamas\u0131na girdiyseniz ve s\u00fcresi dolmam\u0131\u015f ise yeniden girmenize gerek bulunmuyor. Ancak parmak izi uygulamas\u0131na girmediyseniz randevu g\u00fcn\u00fcnde mutlaka vize i\u00e7in parmak izi de vermeniz gereklidir.<\/span><\/p>\n<p><span style=\"font-family: Roboto; font-size: 14px;\"><strong>\u00c7in vizesi<\/strong> alabilmek i\u00e7in mutlaka belgelerinizin tam olmas\u0131na dikkat etmeniz gerekiyor. <strong>\u00c7in Vize evraklar\u0131<\/strong> i\u00e7erisinde en \u00f6nemli evraklar ba\u015fvuru formu, dilek\u00e7e, davetiye ve pasaporttur. Seyahatten sonra 6 ay daha ge\u00e7erlili\u011fini koruyan bir pasaportunuz olmas\u0131 gerekiyor. Bununla birlikte ba\u015fvuru formu gibi belgelerin mutlaka eksiksiz doldurulmas\u0131 ve bilgilerin tutarl\u0131 olmas\u0131 gerekiyor. Tutarl\u0131 olmayan belgeler nedeniyle<span style=\"color: #2acec2;\"><strong><a style=\"color: #2acec2;\" href=\"https:\/\/www.myvize.com.tr\/cin\/cin-vize-reddi\/\" target=\"_blank\" rel=\"noopener\"> \u00c7in vize reddi <\/a><\/strong><\/span>alabilirsiniz.<\/span><\/p>\n<p><span style=\"font-family: Roboto; font-size: 14px;\"><strong>\u00c7in vize i\u015flemleri<\/strong> s\u0131ras\u0131nda finansal durumunuzun yeterli olmas\u0131 gerekiyor. Mesleki bilgilerinizin eksiksiz olarak yaz\u0131lmas\u0131 da ayr\u0131 \u00f6nem verilmesi gereken bir konudur.<strong> \u00c7in vize i\u015flemleri<\/strong> s\u0131ras\u0131nda her t\u00fcrl\u00fc belgenin tam olmas\u0131na dikkat etmeniz gerekiyor. Vize \u00fccretlerini de yat\u0131rd\u0131ktan sonra gerekli i\u015flemlere ba\u015flayabilirsiniz.<\/span><\/p>\n","protected":false},"excerpt":{"rendered":"<p>\u00c7in Vizesi 2022 \u00c7in Halk Cumhuriyeti\u2019ne seyahat etmek isteyen T\u00fcrk vatanda\u015flar\u0131, 2021 y\u0131l\u0131nda vize ba\u015fvurular\u0131n\u0131 internet \u00fczerinden al\u0131nan randevu ile yapmal\u0131d\u0131r. Randevunun al\u0131nmas\u0131 ile \u00c7in vize ba\u015fvurusu ba\u015flat\u0131lm\u0131\u015f olur. Ba\u015fvurular \u00c7in\u2019in Ankara B\u00fcy\u00fckel\u00e7ili\u011fi\u2019nin resmi internet sitesi \u00fczerinden yap\u0131l\u0131r. Vize t\u00fcr\u00fcne uygun olan gerekli evraklar tamamlan\u0131r ve tarand\u0131ktan sonra sisteme y\u00fcklenir. Ard\u0131ndan ise \u00c7in vize ba\u015fvuru<\/p>\n","protected":false},"author":1,"featured_media":0,"parent":0,"menu_order":0,"comment_status":"open","ping_status":"closed","template":"","meta":{"footnotes":""},"class_list":["post-375","page","type-page","status-publish","hentry"],"yoast_head":"<!-- This site is optimized with the Yoast SEO plugin v26.8 - https:\/\/yoast.com\/product\/yoast-seo-wordpress\/ -->\n<title>\u00c7in Vizesi - \u00c7in Vize \u0130\u015flem Evraklar\u0131 - MyVize<\/title>\n<meta name=\"description\" content=\"\u00c7in Vizesi nas\u0131l al\u0131n\u0131r? \u00c7in Vize ba\u015fvurusu nas\u0131l yap\u0131l\u0131r? \u00c7in Vize \u00fccreti nedir? \u00c7in Vize randevusu nas\u0131l al\u0131n\u0131r? \u00c7in Vizesi t\u00fcrleri neler?\" \/>\n<meta name=\"robots\" content=\"index, follow, max-snippet:-1, max-image-preview:large, max-video-preview:-1\" \/>\n<link rel=\"canonical\" href=\"https:\/\/www.myvize.com.tr\/cin\/cin-vizesi\/\" \/>\n<meta property=\"og:locale\" content=\"tr_TR\" \/>\n<meta property=\"og:type\" content=\"article\" \/>\n<meta property=\"og:title\" content=\"\u00c7in Vizesi - \u00c7in Vize \u0130\u015flem Evraklar\u0131 - MyVize\" \/>\n<meta property=\"og:description\" content=\"\u00c7in Vizesi nas\u0131l al\u0131n\u0131r? \u00c7in Vize ba\u015fvurusu nas\u0131l yap\u0131l\u0131r? \u00c7in Vize \u00fccreti nedir? \u00c7in Vize randevusu nas\u0131l al\u0131n\u0131r? \u00c7in Vizesi t\u00fcrleri neler?\" \/>\n<meta property=\"og:url\" content=\"https:\/\/www.myvize.com.tr\/cin\/cin-vizesi\/\" \/>\n<meta property=\"og:site_name\" content=\"\u00c7in Vizesi\" \/>\n<meta property=\"article:modified_time\" content=\"2022-04-04T10:36:19+00:00\" \/>\n<meta property=\"og:image\" content=\"https:\/\/www.myvize.com.tr\/cin\/wp-content\/uploads\/2021\/10\/3.jpg\" \/>\n<meta name=\"twitter:card\" content=\"summary_large_image\" \/>\n<meta name=\"twitter:label1\" content=\"Tahmini okuma s\u00fcresi\" \/>\n\t<meta name=\"twitter:data1\" content=\"2 dakika\" \/>\n<script type=\"application\/ld+json\" class=\"yoast-schema-graph\">{\"@context\":\"https:\/\/schema.org\",\"@graph\":[{\"@type\":\"WebPage\",\"@id\":\"https:\/\/www.myvize.com.tr\/cin\/cin-vizesi\/\",\"url\":\"https:\/\/www.myvize.com.tr\/cin\/cin-vizesi\/\",\"name\":\"\u00c7in Vizesi - \u00c7in Vize \u0130\u015flem Evraklar\u0131 - MyVize\",\"isPartOf\":{\"@id\":\"https:\/\/www.myvize.com.tr\/cin\/#website\"},\"primaryImageOfPage\":{\"@id\":\"https:\/\/www.myvize.com.tr\/cin\/cin-vizesi\/#primaryimage\"},\"image\":{\"@id\":\"https:\/\/www.myvize.com.tr\/cin\/cin-vizesi\/#primaryimage\"},\"thumbnailUrl\":\"https:\/\/www.myvize.com.tr\/cin\/wp-content\/uploads\/2021\/10\/3.jpg\",\"datePublished\":\"2021-09-11T11:49:09+00:00\",\"dateModified\":\"2022-04-04T10:36:19+00:00\",\"description\":\"\u00c7in Vizesi nas\u0131l al\u0131n\u0131r? \u00c7in Vize ba\u015fvurusu nas\u0131l yap\u0131l\u0131r? \u00c7in Vize \u00fccreti nedir? \u00c7in Vize randevusu nas\u0131l al\u0131n\u0131r? \u00c7in Vizesi t\u00fcrleri neler?\",\"breadcrumb\":{\"@id\":\"https:\/\/www.myvize.com.tr\/cin\/cin-vizesi\/#breadcrumb\"},\"inLanguage\":\"tr\",\"potentialAction\":[{\"@type\":\"ReadAction\",\"target\":[\"https:\/\/www.myvize.com.tr\/cin\/cin-vizesi\/\"]}]},{\"@type\":\"ImageObject\",\"inLanguage\":\"tr\",\"@id\":\"https:\/\/www.myvize.com.tr\/cin\/cin-vizesi\/#primaryimage\",\"url\":\"https:\/\/www.myvize.com.tr\/cin\/wp-content\/uploads\/2021\/10\/3.jpg\",\"contentUrl\":\"https:\/\/www.myvize.com.tr\/cin\/wp-content\/uploads\/2021\/10\/3.jpg\",\"width\":800,\"height\":500,\"caption\":\"\u00c7in Vizesi\"},{\"@type\":\"BreadcrumbList\",\"@id\":\"https:\/\/www.myvize.com.tr\/cin\/cin-vizesi\/#breadcrumb\",\"itemListElement\":[{\"@type\":\"ListItem\",\"position\":1,\"name\":\"Anasayfa\",\"item\":\"https:\/\/www.myvize.com.tr\/cin\/\"},{\"@type\":\"ListItem\",\"position\":2,\"name\":\"\u00c7in Vizesi\"}]},{\"@type\":\"WebSite\",\"@id\":\"https:\/\/www.myvize.com.tr\/cin\/#website\",\"url\":\"https:\/\/www.myvize.com.tr\/cin\/\",\"name\":\"\u00c7in Vizesi\",\"description\":\"\",\"potentialAction\":[{\"@type\":\"SearchAction\",\"target\":{\"@type\":\"EntryPoint\",\"urlTemplate\":\"https:\/\/www.myvize.com.tr\/cin\/?s={search_term_string}\"},\"query-input\":{\"@type\":\"PropertyValueSpecification\",\"valueRequired\":true,\"valueName\":\"search_term_string\"}}],\"inLanguage\":\"tr\"}]}<\/script>\n<!-- \/ Yoast SEO plugin. -->","yoast_head_json":{"title":"\u00c7in Vizesi - \u00c7in Vize \u0130\u015flem Evraklar\u0131 - MyVize","description":"\u00c7in Vizesi nas\u0131l al\u0131n\u0131r? \u00c7in Vize ba\u015fvurusu nas\u0131l yap\u0131l\u0131r? \u00c7in Vize \u00fccreti nedir? \u00c7in Vize randevusu nas\u0131l al\u0131n\u0131r? \u00c7in Vizesi t\u00fcrleri neler?","robots":{"index":"index","follow":"follow","max-snippet":"max-snippet:-1","max-image-preview":"max-image-preview:large","max-video-preview":"max-video-preview:-1"},"canonical":"https:\/\/www.myvize.com.tr\/cin\/cin-vizesi\/","og_locale":"tr_TR","og_type":"article","og_title":"\u00c7in Vizesi - \u00c7in Vize \u0130\u015flem Evraklar\u0131 - MyVize","og_description":"\u00c7in Vizesi nas\u0131l al\u0131n\u0131r? \u00c7in Vize ba\u015fvurusu nas\u0131l yap\u0131l\u0131r? \u00c7in Vize \u00fccreti nedir? \u00c7in Vize randevusu nas\u0131l al\u0131n\u0131r? \u00c7in Vizesi t\u00fcrleri neler?","og_url":"https:\/\/www.myvize.com.tr\/cin\/cin-vizesi\/","og_site_name":"\u00c7in Vizesi","article_modified_time":"2022-04-04T10:36:19+00:00","og_image":[{"url":"https:\/\/www.myvize.com.tr\/cin\/wp-content\/uploads\/2021\/10\/3.jpg","type":"","width":"","height":""}],"twitter_card":"summary_large_image","twitter_misc":{"Tahmini okuma s\u00fcresi":"2 dakika"},"schema":{"@context":"https:\/\/schema.org","@graph":[{"@type":"WebPage","@id":"https:\/\/www.myvize.com.tr\/cin\/cin-vizesi\/","url":"https:\/\/www.myvize.com.tr\/cin\/cin-vizesi\/","name":"\u00c7in Vizesi - \u00c7in Vize \u0130\u015flem Evraklar\u0131 - MyVize","isPartOf":{"@id":"https:\/\/www.myvize.com.tr\/cin\/#website"},"primaryImageOfPage":{"@id":"https:\/\/www.myvize.com.tr\/cin\/cin-vizesi\/#primaryimage"},"image":{"@id":"https:\/\/www.myvize.com.tr\/cin\/cin-vizesi\/#primaryimage"},"thumbnailUrl":"https:\/\/www.myvize.com.tr\/cin\/wp-content\/uploads\/2021\/10\/3.jpg","datePublished":"2021-09-11T11:49:09+00:00","dateModified":"2022-04-04T10:36:19+00:00","description":"\u00c7in Vizesi nas\u0131l al\u0131n\u0131r? \u00c7in Vize ba\u015fvurusu nas\u0131l yap\u0131l\u0131r? \u00c7in Vize \u00fccreti nedir? \u00c7in Vize randevusu nas\u0131l al\u0131n\u0131r? \u00c7in Vizesi t\u00fcrleri neler?","breadcrumb":{"@id":"https:\/\/www.myvize.com.tr\/cin\/cin-vizesi\/#breadcrumb"},"inLanguage":"tr","potentialAction":[{"@type":"ReadAction","target":["https:\/\/www.myvize.com.tr\/cin\/cin-vizesi\/"]}]},{"@type":"ImageObject","inLanguage":"tr","@id":"https:\/\/www.myvize.com.tr\/cin\/cin-vizesi\/#primaryimage","url":"https:\/\/www.myvize.com.tr\/cin\/wp-content\/uploads\/2021\/10\/3.jpg","contentUrl":"https:\/\/www.myvize.com.tr\/cin\/wp-content\/uploads\/2021\/10\/3.jpg","width":800,"height":500,"caption":"\u00c7in Vizesi"},{"@type":"BreadcrumbList","@id":"https:\/\/www.myvize.com.tr\/cin\/cin-vizesi\/#breadcrumb","itemListElement":[{"@type":"ListItem","position":1,"name":"Anasayfa","item":"https:\/\/www.myvize.com.tr\/cin\/"},{"@type":"ListItem","position":2,"name":"\u00c7in Vizesi"}]},{"@type":"WebSite","@id":"https:\/\/www.myvize.com.tr\/cin\/#website","url":"https:\/\/www.myvize.com.tr\/cin\/","name":"\u00c7in Vizesi","description":"","potentialAction":[{"@type":"SearchAction","target":{"@type":"EntryPoint","urlTemplate":"https:\/\/www.myvize.com.tr\/cin\/?s={search_term_string}"},"query-input":{"@type":"PropertyValueSpecification","valueRequired":true,"valueName":"search_term_string"}}],"inLanguage":"tr"}]}},"_links":{"self":[{"href":"https:\/\/www.myvize.com.tr\/cin\/wp-json\/wp\/v2\/pages\/375","targetHints":{"allow":["GET"]}}],"collection":[{"href":"https:\/\/www.myvize.com.tr\/cin\/wp-json\/wp\/v2\/pages"}],"about":[{"href":"https:\/\/www.myvize.com.tr\/cin\/wp-json\/wp\/v2\/types\/page"}],"author":[{"embeddable":true,"href":"https:\/\/www.myvize.com.tr\/cin\/wp-json\/wp\/v2\/users\/1"}],"replies":[{"embeddable":true,"href":"https:\/\/www.myvize.com.tr\/cin\/wp-json\/wp\/v2\/comments?post=375"}],"version-history":[{"count":5,"href":"https:\/\/www.myvize.com.tr\/cin\/wp-json\/wp\/v2\/pages\/375\/revisions"}],"predecessor-version":[{"id":744,"href":"https:\/\/www.myvize.com.tr\/cin\/wp-json\/wp\/v2\/pages\/375\/revisions\/744"}],"wp:attachment":[{"href":"https:\/\/www.myvize.com.tr\/cin\/wp-json\/wp\/v2\/media?parent=375"}],"curies":[{"name":"wp","href":"https:\/\/api.w.org\/{rel}","templated":true}]}}