{"id":390,"date":"2021-09-11T15:22:36","date_gmt":"2021-09-11T12:22:36","guid":{"rendered":"https:\/\/www.myvize.com.tr\/cin\/?page_id=390"},"modified":"2022-04-04T13:46:24","modified_gmt":"2022-04-04T10:46:24","slug":"cin-sofor-vizesi","status":"publish","type":"page","link":"https:\/\/www.myvize.com.tr\/cin\/cin-sofor-vizesi\/","title":{"rendered":"\u00c7in \u015eof\u00f6r Vizesi"},"content":{"rendered":"<h2><strong><span style=\"font-family: Roboto; font-size: 27px;\">\u00c7in \u015eof\u00f6r Vizesi 2022<\/span><\/strong><\/h2>\n<p><span style=\"font-family: Roboto; font-size: 14px;\">\u00c7in\u2019e yolu ve y\u00fck ta\u015f\u0131mac\u0131l\u0131\u011f\u0131 yapacak olan ki\u015filerin <strong>\u00c7in \u015fof\u00f6r vizesi<\/strong> almas\u0131 gerekmektedir. <strong>\u00c7in \u015fof\u00f6r vizesi<\/strong> alacak ki\u015filer ba\u015fvuru i\u00e7in; Uluslararas\u0131 Nakliyeciler Ofisi\u2019ne kay\u0131tl\u0131 olmas\u0131 gerekmektedir. <strong>\u00c7in \u015fof\u00f6r vizesi i<\/strong>\u00e7in \u00c7in\u2019de bulunan bir \u015firketten davetiye al\u0131nmas\u0131 gerekmektedir.<strong> \u00c7in \u015fof\u00f6r vizesi<\/strong> i\u00e7in uluslararas\u0131 ge\u00e7erlili\u011fi olan bir Ye\u015fil Sigortas\u0131 olmal\u0131d\u0131r.<\/span><\/p>\n<p><span style=\"font-family: Roboto; font-size: 14px;\"><strong>\u00c7in \u015fof\u00f6r vizesi<\/strong> ba\u015fvurular\u0131 \u00c7in temsilciliklerine yap\u0131lmal\u0131d\u0131r.<strong> \u00c7in \u015fof\u00f6r vizesi<\/strong> ba\u015fvurular\u0131 <strong>\u00c7in Konsoloslu\u011fu<\/strong> taraf\u0131ndan yetkilendirilmi\u015f vize ba\u015fvuru merkezine yap\u0131lmaktad\u0131r. Ba\u015fvuru i\u00e7in gerekli olan belgeleri haz\u0131rlamal\u0131s\u0131n\u0131z. \u00c7in \u015fof\u00f6r vizesi i\u00e7in gerekli olan belgeler vize ba\u015fvuru merkezine teslim edilmelidir. <strong>\u00c7in \u015fof\u00f6r vizesi<\/strong> i\u00e7in a\u015fa\u011f\u0131daki belgeler haz\u0131rlanmal\u0131d\u0131r.<\/span><\/p>\n<ul>\n<li><span style=\"font-family: Roboto; font-size: 14px;\">\u00c7in \u015fof\u00f6r vize ba\u015fvuru formu<\/span><\/li>\n<li><span style=\"font-family: Roboto; font-size: 14px;\">Pasaport ve fotokopisi (var ise eski pasaportlar)<\/span><\/li>\n<li><span style=\"font-family: Roboto; font-size: 14px;\">Har\u00e7 \u00fccreti<\/span><\/li>\n<li><span style=\"font-family: Roboto; font-size: 14px;\">C2 Belgesi<\/span><\/li>\n<li><span style=\"font-family: Roboto; font-size: 14px;\">Ara\u00e7 ruhsat\u0131<\/span><\/li>\n<li><span style=\"font-family: Roboto; font-size: 14px;\">\u015eof\u00f6r\u00fcn ba\u011fl\u0131 oldu\u011fu \u015firkete ait belgeler<\/span><\/li>\n<li><span style=\"font-family: Roboto; font-size: 14px;\">\u015eirkete ait banka hesap d\u00f6k\u00fcm\u00fc<\/span><\/li>\n<li><span style=\"font-family: Roboto; font-size: 14px;\">Seyahat sa\u011fl\u0131k sigortas\u0131<\/span><\/li>\n<li><span style=\"font-family: Roboto; font-size: 14px;\">Biyometrik foto\u011fraf<\/span><\/li>\n<li><span style=\"font-family: Roboto; font-size: 14px;\">\u015eof\u00f6re ait banka hesap d\u00f6k\u00fcm\u00fc<\/span><\/li>\n<li><span style=\"font-family: Roboto; font-size: 14px;\">SRC serfikalar\u0131<\/span><\/li>\n<li><span style=\"font-family: Roboto; font-size: 14px;\">Tam vukuatl\u0131 n\u00fcfus kay\u0131t \u00f6rne\u011fi<\/span><\/li>\n<li><span style=\"font-family: Roboto; font-size: 14px;\">Ta\u015f\u0131nan \u00fcr\u00fcnle ilgili belgeler<\/span><\/li>\n<li><span style=\"font-family: Roboto; font-size: 14px;\">Yol plan\u0131 belgesi<\/span><\/li>\n<li><span style=\"font-family: Roboto; font-size: 14px;\">N\u00fcfus c\u00fczdan\u0131 fotokopisi<\/span><\/li>\n<li><span style=\"font-family: Roboto; font-size: 14px;\">Uluslararas\u0131 ge\u00e7erlili\u011fi olan s\u00fcr\u00fcc\u00fc belgesi<\/span><\/li>\n<li><span style=\"font-family: Roboto; font-size: 14px;\">Adli sicil kayd\u0131<\/span><\/li>\n<li><span style=\"font-family: Roboto; font-size: 14px;\">\u015eof\u00f6r\u00fcn \u015firket ile olan s\u00f6zle\u015fmesi<\/span><\/li>\n<li><span style=\"font-family: Roboto; font-size: 14px;\">\u015eirketin s\u00fcr\u00fcc\u00fc belgeleri<\/span><\/li>\n<li><span style=\"font-family: Roboto; font-size: 14px;\">Davetiye<\/span><\/li>\n<\/ul>\n<p><span style=\"font-family: Roboto; font-size: 14px;\"><span style=\"color: #2acec2;\"><strong><a style=\"color: #2acec2;\" href=\"https:\/\/www.myvize.com.tr\/cin\/form-ve-dilekce\/vize-basvuru-formu\/\" target=\"_blank\" rel=\"noopener\">\u00c7in Vize Ba\u015fvuru Formu<\/a><\/strong><\/span> ile ilgili bilgi almak i\u00e7in bizi aray\u0131n.<\/span><\/p>\n<h2><span style=\"font-family: Roboto; font-size: 27px;\"><strong>\u00c7in \u015eof\u00f6r Vizesi Hakk\u0131nda<\/strong><\/span><\/h2>\n<p><span style=\"font-family: Roboto; font-size: 14px;\">\u00c7in ve T\u00fcrkiye aras\u0131nda yolcu ya da e\u015fya ta\u015f\u0131mac\u0131l\u0131\u011f\u0131 yapan firmalar bu faaliyetlerini s\u00fcrd\u00fcrebilmek i\u00e7in mutlaka vize almak durumundad\u0131r. <span style=\"color: #2acec2;\"><strong><a style=\"color: #2acec2;\" href=\"https:\/\/www.myvize.com.tr\/cin\/vize-islemleri\/\" target=\"_blank\" rel=\"noopener\">\u00c7in Vize i\u015flemleri<\/a><\/strong><\/span> s\u0131ras\u0131nda mutlaka profesyonel davran\u0131lmas\u0131 gereklidir. Bu s\u00fcre\u00e7te hem evraklar\u0131n g\u00fcncel olmas\u0131 hem de istenilen kriterlere uygun olmas\u0131 gerekir. \u00c7in ve T\u00fcrkiye aras\u0131nda \u015fof\u00f6r olarak gidip gelme durumu olan ki\u015filerin <strong>\u00c7in \u015fof\u00f6r vizesine<\/strong> ba\u015fvuru yapmas\u0131 gerekiyor. Bu i\u015flemler s\u0131ras\u0131nda mutlaka kriterlere uygun bir vize dosyas\u0131 haz\u0131rlamak gerekmektedir.<\/span><\/p>\n<p><span style=\"font-family: Roboto; font-size: 14px;\"><strong>\u00c7in \u015fof\u00f6r vizesi<\/strong> ba\u015fvurusu yapacak olan ki\u015filer \u00e7al\u0131\u015ft\u0131klar\u0131 kuruma dair t\u00fcm belgeleri tam olarak haz\u0131rlamal\u0131d\u0131r. Ayn\u0131 zamanda bu kurumda \u00e7al\u0131\u015fan t\u00fcm \u015fof\u00f6rlerin listesini de vize dosyas\u0131na eklemelidir.<strong> \u00c7in Vize belgeleri<\/strong> i\u00e7erisinde yer almas\u0131 gereken en \u00f6nemli belge ise ba\u015fvuru formu ve davetiyedir. Davetiyede mutlaka \u00c7in\u2019de ki firman\u0131n bilgilerine yer verilmeli ve davetiye bu firma taraf\u0131ndan g\u00f6nderilmelidir. Bunlar\u0131n yan\u0131nda uluslararas\u0131 alanda ge\u00e7erli olan ehliyetiniz olmal\u0131 ve bu s\u00fcre\u00e7te ne kadar kalaca\u011f\u0131n\u0131z\u0131, ne t\u00fcr y\u00fck ta\u015f\u0131d\u0131\u011f\u0131n\u0131z\u0131 vize dilek\u00e7esinde ve ba\u015fvuru formun \u00fczerinde detayl\u0131ca belirtmelisiniz.<\/span><\/p>\n","protected":false},"excerpt":{"rendered":"<p>\u00c7in \u015eof\u00f6r Vizesi 2022 \u00c7in\u2019e yolu ve y\u00fck ta\u015f\u0131mac\u0131l\u0131\u011f\u0131 yapacak olan ki\u015filerin \u00c7in \u015fof\u00f6r vizesi almas\u0131 gerekmektedir. \u00c7in \u015fof\u00f6r vizesi alacak ki\u015filer ba\u015fvuru i\u00e7in; Uluslararas\u0131 Nakliyeciler Ofisi\u2019ne kay\u0131tl\u0131 olmas\u0131 gerekmektedir. \u00c7in \u015fof\u00f6r vizesi i\u00e7in \u00c7in\u2019de bulunan bir \u015firketten davetiye al\u0131nmas\u0131 gerekmektedir. \u00c7in \u015fof\u00f6r vizesi i\u00e7in uluslararas\u0131 ge\u00e7erlili\u011fi olan bir Ye\u015fil Sigortas\u0131 olmal\u0131d\u0131r. \u00c7in \u015fof\u00f6r vizesi<\/p>\n","protected":false},"author":1,"featured_media":0,"parent":0,"menu_order":0,"comment_status":"open","ping_status":"closed","template":"","meta":{"footnotes":""},"class_list":["post-390","page","type-page","status-publish","hentry"],"yoast_head":"<!-- This site is optimized with the Yoast SEO plugin v26.8 - https:\/\/yoast.com\/product\/yoast-seo-wordpress\/ -->\n<title>\u00c7in \u015eof\u00f6r Vizesi - \u00c7in Vize \u0130\u015flemleri - MyVize<\/title>\n<meta name=\"description\" content=\"\u00c7in \u015eof\u00f6r Vizesi Nas\u0131l Al\u0131n\u0131r? \u00c7in \u015eof\u00f6r Vize Ba\u015fvurusu Nas\u0131l Yap\u0131l\u0131r? \u00c7in \u015eof\u00f6r Vize \u00dccreti Nedir? \u00c7in \u015eof\u00f6r Vize Randevusu Nas\u0131l Al\u0131n\u0131r?\" \/>\n<meta name=\"robots\" content=\"index, follow, max-snippet:-1, max-image-preview:large, max-video-preview:-1\" \/>\n<link rel=\"canonical\" href=\"https:\/\/www.myvize.com.tr\/cin\/cin-sofor-vizesi\/\" \/>\n<meta property=\"og:locale\" content=\"tr_TR\" \/>\n<meta property=\"og:type\" content=\"article\" \/>\n<meta property=\"og:title\" content=\"\u00c7in \u015eof\u00f6r Vizesi - \u00c7in Vize \u0130\u015flemleri - MyVize\" \/>\n<meta property=\"og:description\" content=\"\u00c7in \u015eof\u00f6r Vizesi Nas\u0131l Al\u0131n\u0131r? \u00c7in \u015eof\u00f6r Vize Ba\u015fvurusu Nas\u0131l Yap\u0131l\u0131r? \u00c7in \u015eof\u00f6r Vize \u00dccreti Nedir? \u00c7in \u015eof\u00f6r Vize Randevusu Nas\u0131l Al\u0131n\u0131r?\" \/>\n<meta property=\"og:url\" content=\"https:\/\/www.myvize.com.tr\/cin\/cin-sofor-vizesi\/\" \/>\n<meta property=\"og:site_name\" content=\"\u00c7in Vizesi\" \/>\n<meta property=\"article:modified_time\" content=\"2022-04-04T10:46:24+00:00\" \/>\n<meta name=\"twitter:card\" content=\"summary_large_image\" \/>\n<meta name=\"twitter:label1\" content=\"Tahmini okuma s\u00fcresi\" \/>\n\t<meta name=\"twitter:data1\" content=\"3 dakika\" \/>\n<script type=\"application\/ld+json\" class=\"yoast-schema-graph\">{\"@context\":\"https:\/\/schema.org\",\"@graph\":[{\"@type\":\"WebPage\",\"@id\":\"https:\/\/www.myvize.com.tr\/cin\/cin-sofor-vizesi\/\",\"url\":\"https:\/\/www.myvize.com.tr\/cin\/cin-sofor-vizesi\/\",\"name\":\"\u00c7in \u015eof\u00f6r Vizesi - \u00c7in Vize \u0130\u015flemleri - MyVize\",\"isPartOf\":{\"@id\":\"https:\/\/www.myvize.com.tr\/cin\/#website\"},\"datePublished\":\"2021-09-11T12:22:36+00:00\",\"dateModified\":\"2022-04-04T10:46:24+00:00\",\"description\":\"\u00c7in \u015eof\u00f6r Vizesi Nas\u0131l Al\u0131n\u0131r? \u00c7in \u015eof\u00f6r Vize Ba\u015fvurusu Nas\u0131l Yap\u0131l\u0131r? \u00c7in \u015eof\u00f6r Vize \u00dccreti Nedir? \u00c7in \u015eof\u00f6r Vize Randevusu Nas\u0131l Al\u0131n\u0131r?\",\"breadcrumb\":{\"@id\":\"https:\/\/www.myvize.com.tr\/cin\/cin-sofor-vizesi\/#breadcrumb\"},\"inLanguage\":\"tr\",\"potentialAction\":[{\"@type\":\"ReadAction\",\"target\":[\"https:\/\/www.myvize.com.tr\/cin\/cin-sofor-vizesi\/\"]}]},{\"@type\":\"BreadcrumbList\",\"@id\":\"https:\/\/www.myvize.com.tr\/cin\/cin-sofor-vizesi\/#breadcrumb\",\"itemListElement\":[{\"@type\":\"ListItem\",\"position\":1,\"name\":\"Anasayfa\",\"item\":\"https:\/\/www.myvize.com.tr\/cin\/\"},{\"@type\":\"ListItem\",\"position\":2,\"name\":\"\u00c7in \u015eof\u00f6r Vizesi\"}]},{\"@type\":\"WebSite\",\"@id\":\"https:\/\/www.myvize.com.tr\/cin\/#website\",\"url\":\"https:\/\/www.myvize.com.tr\/cin\/\",\"name\":\"\u00c7in Vizesi\",\"description\":\"\",\"potentialAction\":[{\"@type\":\"SearchAction\",\"target\":{\"@type\":\"EntryPoint\",\"urlTemplate\":\"https:\/\/www.myvize.com.tr\/cin\/?s={search_term_string}\"},\"query-input\":{\"@type\":\"PropertyValueSpecification\",\"valueRequired\":true,\"valueName\":\"search_term_string\"}}],\"inLanguage\":\"tr\"}]}<\/script>\n<!-- \/ Yoast SEO plugin. -->","yoast_head_json":{"title":"\u00c7in \u015eof\u00f6r Vizesi - \u00c7in Vize \u0130\u015flemleri - MyVize","description":"\u00c7in \u015eof\u00f6r Vizesi Nas\u0131l Al\u0131n\u0131r? \u00c7in \u015eof\u00f6r Vize Ba\u015fvurusu Nas\u0131l Yap\u0131l\u0131r? \u00c7in \u015eof\u00f6r Vize \u00dccreti Nedir? \u00c7in \u015eof\u00f6r Vize Randevusu Nas\u0131l Al\u0131n\u0131r?","robots":{"index":"index","follow":"follow","max-snippet":"max-snippet:-1","max-image-preview":"max-image-preview:large","max-video-preview":"max-video-preview:-1"},"canonical":"https:\/\/www.myvize.com.tr\/cin\/cin-sofor-vizesi\/","og_locale":"tr_TR","og_type":"article","og_title":"\u00c7in \u015eof\u00f6r Vizesi - \u00c7in Vize \u0130\u015flemleri - MyVize","og_description":"\u00c7in \u015eof\u00f6r Vizesi Nas\u0131l Al\u0131n\u0131r? \u00c7in \u015eof\u00f6r Vize Ba\u015fvurusu Nas\u0131l Yap\u0131l\u0131r? \u00c7in \u015eof\u00f6r Vize \u00dccreti Nedir? \u00c7in \u015eof\u00f6r Vize Randevusu Nas\u0131l Al\u0131n\u0131r?","og_url":"https:\/\/www.myvize.com.tr\/cin\/cin-sofor-vizesi\/","og_site_name":"\u00c7in Vizesi","article_modified_time":"2022-04-04T10:46:24+00:00","twitter_card":"summary_large_image","twitter_misc":{"Tahmini okuma s\u00fcresi":"3 dakika"},"schema":{"@context":"https:\/\/schema.org","@graph":[{"@type":"WebPage","@id":"https:\/\/www.myvize.com.tr\/cin\/cin-sofor-vizesi\/","url":"https:\/\/www.myvize.com.tr\/cin\/cin-sofor-vizesi\/","name":"\u00c7in \u015eof\u00f6r Vizesi - \u00c7in Vize \u0130\u015flemleri - MyVize","isPartOf":{"@id":"https:\/\/www.myvize.com.tr\/cin\/#website"},"datePublished":"2021-09-11T12:22:36+00:00","dateModified":"2022-04-04T10:46:24+00:00","description":"\u00c7in \u015eof\u00f6r Vizesi Nas\u0131l Al\u0131n\u0131r? \u00c7in \u015eof\u00f6r Vize Ba\u015fvurusu Nas\u0131l Yap\u0131l\u0131r? \u00c7in \u015eof\u00f6r Vize \u00dccreti Nedir? \u00c7in \u015eof\u00f6r Vize Randevusu Nas\u0131l Al\u0131n\u0131r?","breadcrumb":{"@id":"https:\/\/www.myvize.com.tr\/cin\/cin-sofor-vizesi\/#breadcrumb"},"inLanguage":"tr","potentialAction":[{"@type":"ReadAction","target":["https:\/\/www.myvize.com.tr\/cin\/cin-sofor-vizesi\/"]}]},{"@type":"BreadcrumbList","@id":"https:\/\/www.myvize.com.tr\/cin\/cin-sofor-vizesi\/#breadcrumb","itemListElement":[{"@type":"ListItem","position":1,"name":"Anasayfa","item":"https:\/\/www.myvize.com.tr\/cin\/"},{"@type":"ListItem","position":2,"name":"\u00c7in \u015eof\u00f6r Vizesi"}]},{"@type":"WebSite","@id":"https:\/\/www.myvize.com.tr\/cin\/#website","url":"https:\/\/www.myvize.com.tr\/cin\/","name":"\u00c7in Vizesi","description":"","potentialAction":[{"@type":"SearchAction","target":{"@type":"EntryPoint","urlTemplate":"https:\/\/www.myvize.com.tr\/cin\/?s={search_term_string}"},"query-input":{"@type":"PropertyValueSpecification","valueRequired":true,"valueName":"search_term_string"}}],"inLanguage":"tr"}]}},"_links":{"self":[{"href":"https:\/\/www.myvize.com.tr\/cin\/wp-json\/wp\/v2\/pages\/390","targetHints":{"allow":["GET"]}}],"collection":[{"href":"https:\/\/www.myvize.com.tr\/cin\/wp-json\/wp\/v2\/pages"}],"about":[{"href":"https:\/\/www.myvize.com.tr\/cin\/wp-json\/wp\/v2\/types\/page"}],"author":[{"embeddable":true,"href":"https:\/\/www.myvize.com.tr\/cin\/wp-json\/wp\/v2\/users\/1"}],"replies":[{"embeddable":true,"href":"https:\/\/www.myvize.com.tr\/cin\/wp-json\/wp\/v2\/comments?post=390"}],"version-history":[{"count":5,"href":"https:\/\/www.myvize.com.tr\/cin\/wp-json\/wp\/v2\/pages\/390\/revisions"}],"predecessor-version":[{"id":753,"href":"https:\/\/www.myvize.com.tr\/cin\/wp-json\/wp\/v2\/pages\/390\/revisions\/753"}],"wp:attachment":[{"href":"https:\/\/www.myvize.com.tr\/cin\/wp-json\/wp\/v2\/media?parent=390"}],"curies":[{"name":"wp","href":"https:\/\/api.w.org\/{rel}","templated":true}]}}