{"id":404,"date":"2021-09-11T15:32:10","date_gmt":"2021-09-11T12:32:10","guid":{"rendered":"https:\/\/www.myvize.com.tr\/cin\/?page_id=404"},"modified":"2022-04-04T13:40:58","modified_gmt":"2022-04-04T10:40:58","slug":"cin-dil-okullari-vizesi","status":"publish","type":"page","link":"https:\/\/www.myvize.com.tr\/cin\/cin-dil-okullari-vizesi\/","title":{"rendered":"\u00c7in Dil Okullar\u0131 Vizesi"},"content":{"rendered":"<h2><strong><span style=\"font-family: Roboto; font-size: 27px;\">\u00c7in Dil Okullar\u0131 Vizesi 2022<\/span><\/strong><\/h2>\n<p><span style=\"font-family: Roboto; font-size: 14px;\">\u00c7in\u2019in resmi dili \u00c7incedir. \u00c7in, sanayi sekt\u00f6r\u00fcnde d\u00fcnyan\u0131n en geli\u015fmi\u015f \u00fclkelerindendir. Bundan dolay\u0131 \u00c7ince i\u015f d\u00fcnyas\u0131nda bilinmesi gereken dillerdendir. D\u00fcnya \u00fczerinde b\u00fcy\u00fck b\u00f6l\u00fcm\u00fc \u00c7in\u2019de olmak \u00fczere yakla\u015f\u0131k 1.300.000.000 ki\u015fi \u00c7ince konu\u015fmaktad\u0131r. \u00c7in\u2019de \u00c7incenin yan\u0131nda Mo\u011folca, Tibet\u00e7e ve Uygurcada konu\u015fulmaktad\u0131r.<\/span><\/p>\n<p><span style=\"font-family: Roboto; font-size: 14px;\">\u00c7incenin en iyi \u00f6\u011frenilebilece\u011fi \u00fclke \u00c7in\u2019dir. <strong>\u00c7in\u2019de dil e\u011fitimi<\/strong> almak isteyen ki\u015filer <strong>\u00c7in dil okullar\u0131 vizesi<\/strong> almal\u0131s\u0131n\u0131z.<strong> \u00c7in dil e\u011fitimi<\/strong> 1 aydan 1 y\u0131la kadar verilmektedir. Haftal\u0131k ders saatleri 20 ile 35 saat aras\u0131nda verilmektedir. Ancak bu s\u00fcre alaca\u011f\u0131n\u0131z e\u011fitim program\u0131na g\u00f6re uzayabilir. \u00c7in\u2019de i\u015f i\u00e7in ve ya e\u011fitim i\u00e7in dil e\u011fitimi alabilirsiniz.<\/span><\/p>\n<p><span style=\"font-family: Roboto; font-size: 14px;\">\u00c7in dil e\u011fitimi haftal\u0131k olarak 100 ile 500 dolar aras\u0131nda de\u011fi\u015fmektedir. Dil e\u011fitimleri ortalama olarak 10\u2019ar ki\u015filik s\u0131n\u0131flarda verilmektedir. \u00c7in\u2019de dil e\u011fitimi al\u0131rken \u00e7al\u0131\u015fma imkan\u0131n\u0131z yoktur.<\/span><\/p>\n<p><span style=\"font-family: Roboto; font-size: 14px;\"><strong>\u00c7in dil e\u011fitimleri<\/strong> ba\u015fvurular\u0131 \u00c7in\u2019in T\u00fcrkiye\u2019de bulunan temsilcilikleri arac\u0131l\u0131\u011f\u0131 ile ve yetkilendirilmi\u015f vize ba\u015fvuru merkezlerine yap\u0131lmal\u0131d\u0131r. Ba\u015fvuru i\u00e7in \u00f6ncelikle <span style=\"color: #2acec2;\"><strong><a style=\"color: #2acec2;\" href=\"https:\/\/www.myvize.com.tr\/cin\/form-ve-dilekce\/vize-basvuru-formu\/\" target=\"_blank\" rel=\"noopener\">\u00c7in vize ba\u015fvuru formu <\/a><\/strong><\/span>doldurulmal\u0131d\u0131r. Form doldurulduktan sonra gerekli belgeler haz\u0131rlanmal\u0131 ve konsoloslu\u011fu teslim edilmelidir. Ba\u015fvurular ortalama olarak 10 i\u015f g\u00fcn\u00fc i\u00e7erisinde sonu\u00e7lanmaktad\u0131r.<\/span><\/p>\n<h2><span style=\"font-family: Roboto; font-size: 27px;\"><strong>\u00c7in Dil Okullar\u0131 Vizesi Hakk\u0131nda<\/strong><\/span><\/h2>\n<p><span style=\"font-family: Roboto; font-size: 14px;\">\u00c7in Halk Cumhuriyeti\u2019nde bir\u00e7ok farkl\u0131 alanda e\u011fitim almak isteyen ki\u015filer vize almak durumundad\u0131r.\u00a0<strong>\u00c7in dil okullar\u0131 vizesi<\/strong>\u00a0de bunlardan biridir. <span style=\"color: #2acec2;\"><strong><a style=\"color: #2acec2;\" href=\"https:\/\/www.myvize.com.tr\/cin\/cin-vizesi\/\" target=\"_blank\" rel=\"noopener\">\u00c7in vizesi<\/a><\/strong><\/span> alacak olan ki\u015filer kendi kategorilerinde vize almak durumundad\u0131r. Bu i\u015flemler s\u0131ras\u0131nda evraklar\u0131n g\u00fcncel olmas\u0131 b\u00fcy\u00fck bir \u00f6nem ta\u015f\u0131maktad\u0131r. Bunun yan\u0131nda e\u011fitim vizesine uygun olmak durumundad\u0131r. <strong>\u00c7in dil okullar\u0131 vizesi<\/strong> i\u00e7in kal\u0131nacak s\u00fcre de vize t\u00fcr\u00fcn\u00fc etkileyen \u00f6nemli bir unsurdur.<\/span><\/p>\n<p><span style=\"font-family: Roboto; font-size: 14px;\">Vize belgelerinizi tam olarak haz\u0131rlamadan konsolosluklara dosya teslim edilmemelidir. \u00d6ncelikle e\u011fitim g\u00f6rmek istedi\u011finiz okuldan ya da kurstan kabul mektubu alman\u0131z gerekiyor. Bu belgenin mutlaka \u00fczerine kurumun bilgilerinin olmas\u0131 gerekiyor. Bunun yan\u0131nda pasaportun e\u011fitim s\u00fcresince ge\u00e7erli olmal\u0131 seyahat bittikten sonra da ge\u00e7erlili\u011fini korumal\u0131d\u0131r.<\/span><\/p>\n<p><span style=\"font-family: Roboto; font-size: 14px;\"><strong>\u00c7in dil okullar\u0131 vizesi<\/strong> alaca\u011f\u0131n\u0131z zaman dikkat etmeniz gereken noktalardan birisi de vize i\u00e7in \u00e7ektirilmesi gereken foto\u011fraft\u0131r. Foto\u011fraf\u0131n mutlaka biyometrik olmas\u0131 gerekiyor. Ayn\u0131 zamanda arka fonun da beyaz olmas\u0131na dikkat etmelisiniz. Vize i\u015flemlerinde bir di\u011fer konu ise standart evraklard\u0131r. Ya\u015f\u0131n\u0131z 18 ya\u015f alt\u0131 ise t\u00fcm i\u015flemleri aileniz ile birlikte yapman\u0131z gereklidir.<\/span><\/p>\n<p><img decoding=\"async\" src=\"https:\/\/www.myvize.com.tr\/cin\/wp-content\/uploads\/2021\/10\/21.jpg\" \/><\/p>\n","protected":false},"excerpt":{"rendered":"<p>\u00c7in Dil Okullar\u0131 Vizesi 2022 \u00c7in\u2019in resmi dili \u00c7incedir. \u00c7in, sanayi sekt\u00f6r\u00fcnde d\u00fcnyan\u0131n en geli\u015fmi\u015f \u00fclkelerindendir. Bundan dolay\u0131 \u00c7ince i\u015f d\u00fcnyas\u0131nda bilinmesi gereken dillerdendir. D\u00fcnya \u00fczerinde b\u00fcy\u00fck b\u00f6l\u00fcm\u00fc \u00c7in\u2019de olmak \u00fczere yakla\u015f\u0131k 1.300.000.000 ki\u015fi \u00c7ince konu\u015fmaktad\u0131r. \u00c7in\u2019de \u00c7incenin yan\u0131nda Mo\u011folca, Tibet\u00e7e ve Uygurcada konu\u015fulmaktad\u0131r. \u00c7incenin en iyi \u00f6\u011frenilebilece\u011fi \u00fclke \u00c7in\u2019dir. \u00c7in\u2019de dil e\u011fitimi almak isteyen<\/p>\n","protected":false},"author":1,"featured_media":0,"parent":0,"menu_order":0,"comment_status":"open","ping_status":"closed","template":"","meta":{"footnotes":""},"class_list":["post-404","page","type-page","status-publish","hentry"],"yoast_head":"<!-- This site is optimized with the Yoast SEO plugin v26.8 - https:\/\/yoast.com\/product\/yoast-seo-wordpress\/ -->\n<title>\u00c7in Dil Okullar\u0131 Vizesi - MyVize Vize Ba\u015fvuru Merkezi<\/title>\n<meta name=\"description\" content=\"\u00c7in Dil Okullar\u0131 Vizesi nas\u0131l al\u0131n\u0131r? \u00c7in Dil Okullar\u0131 Vize ba\u015fvurusu nas\u0131l yap\u0131l\u0131r? \u00c7in Dil Okullar\u0131 Vize \u00fccreti nedir?\" \/>\n<meta name=\"robots\" content=\"index, follow, max-snippet:-1, max-image-preview:large, max-video-preview:-1\" \/>\n<link rel=\"canonical\" href=\"https:\/\/www.myvize.com.tr\/cin\/cin-dil-okullari-vizesi\/\" \/>\n<meta property=\"og:locale\" content=\"tr_TR\" \/>\n<meta property=\"og:type\" content=\"article\" \/>\n<meta property=\"og:title\" content=\"\u00c7in Dil Okullar\u0131 Vizesi - MyVize Vize Ba\u015fvuru Merkezi\" \/>\n<meta property=\"og:description\" content=\"\u00c7in Dil Okullar\u0131 Vizesi nas\u0131l al\u0131n\u0131r? \u00c7in Dil Okullar\u0131 Vize ba\u015fvurusu nas\u0131l yap\u0131l\u0131r? \u00c7in Dil Okullar\u0131 Vize \u00fccreti nedir?\" \/>\n<meta property=\"og:url\" content=\"https:\/\/www.myvize.com.tr\/cin\/cin-dil-okullari-vizesi\/\" \/>\n<meta property=\"og:site_name\" content=\"\u00c7in Vizesi\" \/>\n<meta property=\"article:modified_time\" content=\"2022-04-04T10:40:58+00:00\" \/>\n<meta property=\"og:image\" content=\"https:\/\/www.myvize.com.tr\/cin\/wp-content\/uploads\/2021\/10\/21.jpg\" \/>\n<meta name=\"twitter:card\" content=\"summary_large_image\" \/>\n<meta name=\"twitter:label1\" content=\"Tahmini okuma s\u00fcresi\" \/>\n\t<meta name=\"twitter:data1\" content=\"3 dakika\" \/>\n<script type=\"application\/ld+json\" class=\"yoast-schema-graph\">{\"@context\":\"https:\/\/schema.org\",\"@graph\":[{\"@type\":\"WebPage\",\"@id\":\"https:\/\/www.myvize.com.tr\/cin\/cin-dil-okullari-vizesi\/\",\"url\":\"https:\/\/www.myvize.com.tr\/cin\/cin-dil-okullari-vizesi\/\",\"name\":\"\u00c7in Dil Okullar\u0131 Vizesi - MyVize Vize Ba\u015fvuru Merkezi\",\"isPartOf\":{\"@id\":\"https:\/\/www.myvize.com.tr\/cin\/#website\"},\"primaryImageOfPage\":{\"@id\":\"https:\/\/www.myvize.com.tr\/cin\/cin-dil-okullari-vizesi\/#primaryimage\"},\"image\":{\"@id\":\"https:\/\/www.myvize.com.tr\/cin\/cin-dil-okullari-vizesi\/#primaryimage\"},\"thumbnailUrl\":\"https:\/\/www.myvize.com.tr\/cin\/wp-content\/uploads\/2021\/10\/21.jpg\",\"datePublished\":\"2021-09-11T12:32:10+00:00\",\"dateModified\":\"2022-04-04T10:40:58+00:00\",\"description\":\"\u00c7in Dil Okullar\u0131 Vizesi nas\u0131l al\u0131n\u0131r? \u00c7in Dil Okullar\u0131 Vize ba\u015fvurusu nas\u0131l yap\u0131l\u0131r? \u00c7in Dil Okullar\u0131 Vize \u00fccreti nedir?\",\"breadcrumb\":{\"@id\":\"https:\/\/www.myvize.com.tr\/cin\/cin-dil-okullari-vizesi\/#breadcrumb\"},\"inLanguage\":\"tr\",\"potentialAction\":[{\"@type\":\"ReadAction\",\"target\":[\"https:\/\/www.myvize.com.tr\/cin\/cin-dil-okullari-vizesi\/\"]}]},{\"@type\":\"ImageObject\",\"inLanguage\":\"tr\",\"@id\":\"https:\/\/www.myvize.com.tr\/cin\/cin-dil-okullari-vizesi\/#primaryimage\",\"url\":\"https:\/\/www.myvize.com.tr\/cin\/wp-content\/uploads\/2021\/10\/21.jpg\",\"contentUrl\":\"https:\/\/www.myvize.com.tr\/cin\/wp-content\/uploads\/2021\/10\/21.jpg\",\"width\":800,\"height\":500,\"caption\":\"\u00c7in Dil Okullar\u0131 Vizesi\"},{\"@type\":\"BreadcrumbList\",\"@id\":\"https:\/\/www.myvize.com.tr\/cin\/cin-dil-okullari-vizesi\/#breadcrumb\",\"itemListElement\":[{\"@type\":\"ListItem\",\"position\":1,\"name\":\"Anasayfa\",\"item\":\"https:\/\/www.myvize.com.tr\/cin\/\"},{\"@type\":\"ListItem\",\"position\":2,\"name\":\"\u00c7in Dil Okullar\u0131 Vizesi\"}]},{\"@type\":\"WebSite\",\"@id\":\"https:\/\/www.myvize.com.tr\/cin\/#website\",\"url\":\"https:\/\/www.myvize.com.tr\/cin\/\",\"name\":\"\u00c7in Vizesi\",\"description\":\"\",\"potentialAction\":[{\"@type\":\"SearchAction\",\"target\":{\"@type\":\"EntryPoint\",\"urlTemplate\":\"https:\/\/www.myvize.com.tr\/cin\/?s={search_term_string}\"},\"query-input\":{\"@type\":\"PropertyValueSpecification\",\"valueRequired\":true,\"valueName\":\"search_term_string\"}}],\"inLanguage\":\"tr\"}]}<\/script>\n<!-- \/ Yoast SEO plugin. -->","yoast_head_json":{"title":"\u00c7in Dil Okullar\u0131 Vizesi - MyVize Vize Ba\u015fvuru Merkezi","description":"\u00c7in Dil Okullar\u0131 Vizesi nas\u0131l al\u0131n\u0131r? \u00c7in Dil Okullar\u0131 Vize ba\u015fvurusu nas\u0131l yap\u0131l\u0131r? \u00c7in Dil Okullar\u0131 Vize \u00fccreti nedir?","robots":{"index":"index","follow":"follow","max-snippet":"max-snippet:-1","max-image-preview":"max-image-preview:large","max-video-preview":"max-video-preview:-1"},"canonical":"https:\/\/www.myvize.com.tr\/cin\/cin-dil-okullari-vizesi\/","og_locale":"tr_TR","og_type":"article","og_title":"\u00c7in Dil Okullar\u0131 Vizesi - MyVize Vize Ba\u015fvuru Merkezi","og_description":"\u00c7in Dil Okullar\u0131 Vizesi nas\u0131l al\u0131n\u0131r? \u00c7in Dil Okullar\u0131 Vize ba\u015fvurusu nas\u0131l yap\u0131l\u0131r? \u00c7in Dil Okullar\u0131 Vize \u00fccreti nedir?","og_url":"https:\/\/www.myvize.com.tr\/cin\/cin-dil-okullari-vizesi\/","og_site_name":"\u00c7in Vizesi","article_modified_time":"2022-04-04T10:40:58+00:00","og_image":[{"url":"https:\/\/www.myvize.com.tr\/cin\/wp-content\/uploads\/2021\/10\/21.jpg","type":"","width":"","height":""}],"twitter_card":"summary_large_image","twitter_misc":{"Tahmini okuma s\u00fcresi":"3 dakika"},"schema":{"@context":"https:\/\/schema.org","@graph":[{"@type":"WebPage","@id":"https:\/\/www.myvize.com.tr\/cin\/cin-dil-okullari-vizesi\/","url":"https:\/\/www.myvize.com.tr\/cin\/cin-dil-okullari-vizesi\/","name":"\u00c7in Dil Okullar\u0131 Vizesi - MyVize Vize Ba\u015fvuru Merkezi","isPartOf":{"@id":"https:\/\/www.myvize.com.tr\/cin\/#website"},"primaryImageOfPage":{"@id":"https:\/\/www.myvize.com.tr\/cin\/cin-dil-okullari-vizesi\/#primaryimage"},"image":{"@id":"https:\/\/www.myvize.com.tr\/cin\/cin-dil-okullari-vizesi\/#primaryimage"},"thumbnailUrl":"https:\/\/www.myvize.com.tr\/cin\/wp-content\/uploads\/2021\/10\/21.jpg","datePublished":"2021-09-11T12:32:10+00:00","dateModified":"2022-04-04T10:40:58+00:00","description":"\u00c7in Dil Okullar\u0131 Vizesi nas\u0131l al\u0131n\u0131r? \u00c7in Dil Okullar\u0131 Vize ba\u015fvurusu nas\u0131l yap\u0131l\u0131r? \u00c7in Dil Okullar\u0131 Vize \u00fccreti nedir?","breadcrumb":{"@id":"https:\/\/www.myvize.com.tr\/cin\/cin-dil-okullari-vizesi\/#breadcrumb"},"inLanguage":"tr","potentialAction":[{"@type":"ReadAction","target":["https:\/\/www.myvize.com.tr\/cin\/cin-dil-okullari-vizesi\/"]}]},{"@type":"ImageObject","inLanguage":"tr","@id":"https:\/\/www.myvize.com.tr\/cin\/cin-dil-okullari-vizesi\/#primaryimage","url":"https:\/\/www.myvize.com.tr\/cin\/wp-content\/uploads\/2021\/10\/21.jpg","contentUrl":"https:\/\/www.myvize.com.tr\/cin\/wp-content\/uploads\/2021\/10\/21.jpg","width":800,"height":500,"caption":"\u00c7in Dil Okullar\u0131 Vizesi"},{"@type":"BreadcrumbList","@id":"https:\/\/www.myvize.com.tr\/cin\/cin-dil-okullari-vizesi\/#breadcrumb","itemListElement":[{"@type":"ListItem","position":1,"name":"Anasayfa","item":"https:\/\/www.myvize.com.tr\/cin\/"},{"@type":"ListItem","position":2,"name":"\u00c7in Dil Okullar\u0131 Vizesi"}]},{"@type":"WebSite","@id":"https:\/\/www.myvize.com.tr\/cin\/#website","url":"https:\/\/www.myvize.com.tr\/cin\/","name":"\u00c7in Vizesi","description":"","potentialAction":[{"@type":"SearchAction","target":{"@type":"EntryPoint","urlTemplate":"https:\/\/www.myvize.com.tr\/cin\/?s={search_term_string}"},"query-input":{"@type":"PropertyValueSpecification","valueRequired":true,"valueName":"search_term_string"}}],"inLanguage":"tr"}]}},"_links":{"self":[{"href":"https:\/\/www.myvize.com.tr\/cin\/wp-json\/wp\/v2\/pages\/404","targetHints":{"allow":["GET"]}}],"collection":[{"href":"https:\/\/www.myvize.com.tr\/cin\/wp-json\/wp\/v2\/pages"}],"about":[{"href":"https:\/\/www.myvize.com.tr\/cin\/wp-json\/wp\/v2\/types\/page"}],"author":[{"embeddable":true,"href":"https:\/\/www.myvize.com.tr\/cin\/wp-json\/wp\/v2\/users\/1"}],"replies":[{"embeddable":true,"href":"https:\/\/www.myvize.com.tr\/cin\/wp-json\/wp\/v2\/comments?post=404"}],"version-history":[{"count":7,"href":"https:\/\/www.myvize.com.tr\/cin\/wp-json\/wp\/v2\/pages\/404\/revisions"}],"predecessor-version":[{"id":749,"href":"https:\/\/www.myvize.com.tr\/cin\/wp-json\/wp\/v2\/pages\/404\/revisions\/749"}],"wp:attachment":[{"href":"https:\/\/www.myvize.com.tr\/cin\/wp-json\/wp\/v2\/media?parent=404"}],"curies":[{"name":"wp","href":"https:\/\/api.w.org\/{rel}","templated":true}]}}