{"id":408,"date":"2021-09-11T15:39:02","date_gmt":"2021-09-11T12:39:02","guid":{"rendered":"https:\/\/www.myvize.com.tr\/cin\/?page_id=408"},"modified":"2022-04-04T13:41:29","modified_gmt":"2022-04-04T10:41:29","slug":"cin-vize-randevusu","status":"publish","type":"page","link":"https:\/\/www.myvize.com.tr\/cin\/cin-vize-randevusu\/","title":{"rendered":"\u00c7in Vize Randevusu"},"content":{"rendered":"<h2><strong><span style=\"font-family: Roboto; font-size: 27px;\">\u00c7in Vize Randevusu 2022<\/span><\/strong><\/h2>\n<p><span style=\"font-family: Roboto; font-size: 14px;\"><span style=\"color: #333300;\"><strong>\u00c7in vizesi<\/strong><\/span> i\u00e7in daha \u00f6nceden randevu al\u0131nmas\u0131na gerek yoktu. Ba\u015fvurular arac\u0131 kurumlar ile yap\u0131labilmektedir. 2018 y\u0131l\u0131ndan sonra <strong>\u00c7in vizesi<\/strong> i\u00e7in biyometik veri verilmesi zorunlu bir hale gelmi\u015ftir. Bundan dolay\u0131 randevu alman\u0131z zorunlu hale getirilmi\u015ftir.<\/span><\/p>\n<p><span style=\"font-family: Roboto; font-size: 14px;\"><strong>\u00c7in vizesi<\/strong> i\u00e7in randevular \u00c7in Hak Cumhuriyeti\u2019nin resmi internet sitesi \u00fczerinden al\u0131nabilir. Randevu i\u00e7in \u00f6ncelikle vize ba\u015fvuru formu doldurulmal\u0131d\u0131r. Daha sonra ise randevu al\u0131narak <strong>vize har\u00e7 \u00fccreti<\/strong> \u00f6denmelidir. Burada en \u00f6nemli olan a\u015fama<span style=\"color: #2acec2;\"><strong><a style=\"color: #2acec2;\" href=\"https:\/\/www.myvize.com.tr\/cin\/form-ve-dilekce\/vize-basvuru-formu\/\" target=\"_blank\" rel=\"noopener\"> \u00c7in vize ba\u015fvuru formu<\/a><\/strong><\/span> doldurulurken hata yap\u0131lmamas\u0131 vize ba\u015fvurusunun do\u011fru kategoriden yap\u0131lmas\u0131d\u0131r.<\/span><\/p>\n<p><span style=\"font-family: Roboto; font-size: 14px;\"><strong>\u00c7in vize randevular\u0131<\/strong> Pazartesi, Sal\u0131 ve Per\u015fembe g\u00fcnlerinde saat 09.30 ile 12.00 aras\u0131nda yap\u0131l\u0131r. Parmak izi de bu tarihlerde al\u0131nmaktad\u0131r. Ba\u015fvurular birka\u00e7 g\u00fcn incelendikten sonra sonu\u00e7lan\u0131r ve pasaport, \u00a0Pazartesi, Sal\u0131 ve \u00c7ar\u015famba g\u00fcnleri saat 15.00 ile 17.00 aras\u0131nda verilmektedir.<\/span><\/p>\n<p><span style=\"font-family: Roboto; font-size: 14px;\">\u00c7in\u2019e yap\u0131lacak t\u00fcm vize ba\u015fvurular\u0131nda<strong> parmak izi<\/strong> al\u0131nmaktad\u0131r. 14 ya\u015f alt\u0131 ve 70 ya\u015f \u00fcst\u00fc ki\u015filerden parmak izi al\u0131nmamaktad\u0131r. Diplomatik, Hizmet ve Hususi Pasaport sahipleri 30 g\u00fcne kadar vizeden muaf oldu\u011fu i\u00e7in parmak izi vermesine ve vize almas\u0131na gerek yoktur. Son 5 y\u0131l i\u00e7erisinde parmak izi verenler de parmak izi uygulamas\u0131ndan muaft\u0131r.<\/span><\/p>\n<p><img decoding=\"async\" src=\"https:\/\/www.myvize.com.tr\/cin\/wp-content\/uploads\/2021\/10\/22.jpg\" \/><\/p>\n<h2><span style=\"font-family: Roboto; font-size: 27px;\"><strong>\u00c7in Vize Randevusu Hakk\u0131nda<\/strong><\/span><\/h2>\n<p><span style=\"font-family: Roboto; font-size: 14px;\"><strong>\u00c7in \u00fclkesinde<\/strong> seyahat etmeyi d\u00fc\u015f\u00fcnen ki\u015filerin <strong>vize i\u015flemleri<\/strong> s\u0131ras\u0131nda mutlaka profesyonel davranmas\u0131 gerekiyor. Bu i\u015flemler s\u0131ras\u0131nda hangi kategoride vize alaca\u011f\u0131n\u0131z b\u00fcy\u00fck bir \u00f6nem ta\u015f\u0131yor. Bununla birlikte vize almak istedi\u011finiz kategorilerde dahi kendi i\u00e7inde kategoriler bulunmaktad\u0131r. Hangi dizi t\u00fcr\u00fcne ba\u015fvurursan\u0131z ba\u015fvurun mutlaka\u00a0<strong>\u00c7in vize randevusu<\/strong>\u00a0alman\u0131z gereklidir.<\/span><\/p>\n<p><span style=\"font-family: Roboto; font-size: 14px;\"><span style=\"color: #2acec2;\"><strong><a style=\"color: #2acec2;\" href=\"https:\/\/www.myvize.com.tr\/cin\/vize-islemleri\/\" target=\"_blank\" rel=\"noopener\">\u00c7in Vize i\u015flemleri<\/a><\/strong><\/span> s\u0131ras\u0131nda biyometrik parmak izinden ge\u00e7meniz de \u00f6nemli konular aras\u0131nda yer almaktad\u0131r. Hangi vize i\u015flemini yapt\u0131rman\u0131z gerekti\u011fi konusunda bilgi sahibi de\u011filseniz bu alanda sizlere profesyonel olarak hizmet veren kurumlardan hizmet alabilirsiniz. Vize dan\u0131\u015fmanl\u0131\u011f\u0131 konusunda profesyonel ki\u015filer her vize t\u00fcr\u00fcn\u00fcn se\u00e7iminde hem de bu i\u015flemlerin detayl\u0131 olarak ger\u00e7ekle\u015ftirilmesinde sizlere \u00f6nemli bir yol g\u00f6sterici olmaktad\u0131r.<\/span><\/p>\n<p><span style=\"font-family: Roboto; font-size: 14px;\">Vize randevusunun mutlaka seyahat tarihinizden en az birka\u00e7 ay \u00f6ncesinden al\u0131nmas\u0131 gereklidir. Olduk\u00e7a yo\u011fun bir kurum olan<strong> \u00c7in konsolosluklar\u0131<\/strong> sizlere hizmet vermekte gecikebilmektedir. Bu s\u00fcre\u00e7te evrak tasdik i\u015flemleri de 7 i\u015f g\u00fcn\u00fc gibi uzun bir s\u00fcre ald\u0131\u011f\u0131 i\u00e7in<span style=\"color: #2acec2;\"><strong><a style=\"color: #2acec2;\" href=\"https:\/\/www.myvize.com.tr\/cin\/cin-vizesi\/\" target=\"_blank\" rel=\"noopener\"> \u00c7in vizesi<\/a><\/strong><\/span> konusunda olduk\u00e7a erken hareket etmeniz gereklidir. <strong>\u00c7in vize randevusuna<\/strong> ald\u0131ktan sonra evraklar\u0131n\u0131z\u0131 haz\u0131rlamaya ba\u015flayabilir ve belirli bir s\u00fcre sonra da vizenizi alabilirsiniz.<\/span><\/p>\n","protected":false},"excerpt":{"rendered":"<p>\u00c7in Vize Randevusu 2022 \u00c7in vizesi i\u00e7in daha \u00f6nceden randevu al\u0131nmas\u0131na gerek yoktu. Ba\u015fvurular arac\u0131 kurumlar ile yap\u0131labilmektedir. 2018 y\u0131l\u0131ndan sonra \u00c7in vizesi i\u00e7in biyometik veri verilmesi zorunlu bir hale gelmi\u015ftir. Bundan dolay\u0131 randevu alman\u0131z zorunlu hale getirilmi\u015ftir. \u00c7in vizesi i\u00e7in randevular \u00c7in Hak Cumhuriyeti\u2019nin resmi internet sitesi \u00fczerinden al\u0131nabilir. Randevu i\u00e7in \u00f6ncelikle vize ba\u015fvuru<\/p>\n","protected":false},"author":1,"featured_media":0,"parent":0,"menu_order":0,"comment_status":"open","ping_status":"closed","template":"","meta":{"footnotes":""},"class_list":["post-408","page","type-page","status-publish","hentry"],"yoast_head":"<!-- This site is optimized with the Yoast SEO plugin v26.8 - https:\/\/yoast.com\/product\/yoast-seo-wordpress\/ -->\n<title>\u00c7in Vize Randevusu - \u00c7in Vize \u0130\u015flemleri - MyVize<\/title>\n<meta name=\"description\" content=\"\u00c7in Vize Randevusu Nas\u0131l Al\u0131n\u0131r? \u00c7in Vize Randevusu 2022 G\u00fcncel Bilgileri Nelerdir? Bilgi \u0130\u00e7in Vize Uzmanlar\u0131m\u0131z\u0131 Aray\u0131n: 0850 346 84 93\" \/>\n<meta name=\"robots\" content=\"index, follow, max-snippet:-1, max-image-preview:large, max-video-preview:-1\" \/>\n<link rel=\"canonical\" href=\"https:\/\/www.myvize.com.tr\/cin\/cin-vize-randevusu\/\" \/>\n<meta property=\"og:locale\" content=\"tr_TR\" \/>\n<meta property=\"og:type\" content=\"article\" \/>\n<meta property=\"og:title\" content=\"\u00c7in Vize Randevusu - \u00c7in Vize \u0130\u015flemleri - MyVize\" \/>\n<meta property=\"og:description\" content=\"\u00c7in Vize Randevusu Nas\u0131l Al\u0131n\u0131r? \u00c7in Vize Randevusu 2022 G\u00fcncel Bilgileri Nelerdir? Bilgi \u0130\u00e7in Vize Uzmanlar\u0131m\u0131z\u0131 Aray\u0131n: 0850 346 84 93\" \/>\n<meta property=\"og:url\" content=\"https:\/\/www.myvize.com.tr\/cin\/cin-vize-randevusu\/\" \/>\n<meta property=\"og:site_name\" content=\"\u00c7in Vizesi\" \/>\n<meta property=\"article:modified_time\" content=\"2022-04-04T10:41:29+00:00\" \/>\n<meta property=\"og:image\" content=\"https:\/\/www.myvize.com.tr\/cin\/wp-content\/uploads\/2021\/10\/22.jpg\" \/>\n<meta name=\"twitter:card\" content=\"summary_large_image\" \/>\n<meta name=\"twitter:label1\" content=\"Tahmini okuma s\u00fcresi\" \/>\n\t<meta name=\"twitter:data1\" content=\"3 dakika\" \/>\n<script type=\"application\/ld+json\" class=\"yoast-schema-graph\">{\"@context\":\"https:\/\/schema.org\",\"@graph\":[{\"@type\":\"WebPage\",\"@id\":\"https:\/\/www.myvize.com.tr\/cin\/cin-vize-randevusu\/\",\"url\":\"https:\/\/www.myvize.com.tr\/cin\/cin-vize-randevusu\/\",\"name\":\"\u00c7in Vize Randevusu - \u00c7in Vize \u0130\u015flemleri - MyVize\",\"isPartOf\":{\"@id\":\"https:\/\/www.myvize.com.tr\/cin\/#website\"},\"primaryImageOfPage\":{\"@id\":\"https:\/\/www.myvize.com.tr\/cin\/cin-vize-randevusu\/#primaryimage\"},\"image\":{\"@id\":\"https:\/\/www.myvize.com.tr\/cin\/cin-vize-randevusu\/#primaryimage\"},\"thumbnailUrl\":\"https:\/\/www.myvize.com.tr\/cin\/wp-content\/uploads\/2021\/10\/22.jpg\",\"datePublished\":\"2021-09-11T12:39:02+00:00\",\"dateModified\":\"2022-04-04T10:41:29+00:00\",\"description\":\"\u00c7in Vize Randevusu Nas\u0131l Al\u0131n\u0131r? \u00c7in Vize Randevusu 2022 G\u00fcncel Bilgileri Nelerdir? Bilgi \u0130\u00e7in Vize Uzmanlar\u0131m\u0131z\u0131 Aray\u0131n: 0850 346 84 93\",\"breadcrumb\":{\"@id\":\"https:\/\/www.myvize.com.tr\/cin\/cin-vize-randevusu\/#breadcrumb\"},\"inLanguage\":\"tr\",\"potentialAction\":[{\"@type\":\"ReadAction\",\"target\":[\"https:\/\/www.myvize.com.tr\/cin\/cin-vize-randevusu\/\"]}]},{\"@type\":\"ImageObject\",\"inLanguage\":\"tr\",\"@id\":\"https:\/\/www.myvize.com.tr\/cin\/cin-vize-randevusu\/#primaryimage\",\"url\":\"https:\/\/www.myvize.com.tr\/cin\/wp-content\/uploads\/2021\/10\/22.jpg\",\"contentUrl\":\"https:\/\/www.myvize.com.tr\/cin\/wp-content\/uploads\/2021\/10\/22.jpg\",\"width\":800,\"height\":500,\"caption\":\"\u00c7in Vize Randevusu\"},{\"@type\":\"BreadcrumbList\",\"@id\":\"https:\/\/www.myvize.com.tr\/cin\/cin-vize-randevusu\/#breadcrumb\",\"itemListElement\":[{\"@type\":\"ListItem\",\"position\":1,\"name\":\"Anasayfa\",\"item\":\"https:\/\/www.myvize.com.tr\/cin\/\"},{\"@type\":\"ListItem\",\"position\":2,\"name\":\"\u00c7in Vize Randevusu\"}]},{\"@type\":\"WebSite\",\"@id\":\"https:\/\/www.myvize.com.tr\/cin\/#website\",\"url\":\"https:\/\/www.myvize.com.tr\/cin\/\",\"name\":\"\u00c7in Vizesi\",\"description\":\"\",\"potentialAction\":[{\"@type\":\"SearchAction\",\"target\":{\"@type\":\"EntryPoint\",\"urlTemplate\":\"https:\/\/www.myvize.com.tr\/cin\/?s={search_term_string}\"},\"query-input\":{\"@type\":\"PropertyValueSpecification\",\"valueRequired\":true,\"valueName\":\"search_term_string\"}}],\"inLanguage\":\"tr\"}]}<\/script>\n<!-- \/ Yoast SEO plugin. -->","yoast_head_json":{"title":"\u00c7in Vize Randevusu - \u00c7in Vize \u0130\u015flemleri - MyVize","description":"\u00c7in Vize Randevusu Nas\u0131l Al\u0131n\u0131r? \u00c7in Vize Randevusu 2022 G\u00fcncel Bilgileri Nelerdir? Bilgi \u0130\u00e7in Vize Uzmanlar\u0131m\u0131z\u0131 Aray\u0131n: 0850 346 84 93","robots":{"index":"index","follow":"follow","max-snippet":"max-snippet:-1","max-image-preview":"max-image-preview:large","max-video-preview":"max-video-preview:-1"},"canonical":"https:\/\/www.myvize.com.tr\/cin\/cin-vize-randevusu\/","og_locale":"tr_TR","og_type":"article","og_title":"\u00c7in Vize Randevusu - \u00c7in Vize \u0130\u015flemleri - MyVize","og_description":"\u00c7in Vize Randevusu Nas\u0131l Al\u0131n\u0131r? \u00c7in Vize Randevusu 2022 G\u00fcncel Bilgileri Nelerdir? Bilgi \u0130\u00e7in Vize Uzmanlar\u0131m\u0131z\u0131 Aray\u0131n: 0850 346 84 93","og_url":"https:\/\/www.myvize.com.tr\/cin\/cin-vize-randevusu\/","og_site_name":"\u00c7in Vizesi","article_modified_time":"2022-04-04T10:41:29+00:00","og_image":[{"url":"https:\/\/www.myvize.com.tr\/cin\/wp-content\/uploads\/2021\/10\/22.jpg","type":"","width":"","height":""}],"twitter_card":"summary_large_image","twitter_misc":{"Tahmini okuma s\u00fcresi":"3 dakika"},"schema":{"@context":"https:\/\/schema.org","@graph":[{"@type":"WebPage","@id":"https:\/\/www.myvize.com.tr\/cin\/cin-vize-randevusu\/","url":"https:\/\/www.myvize.com.tr\/cin\/cin-vize-randevusu\/","name":"\u00c7in Vize Randevusu - \u00c7in Vize \u0130\u015flemleri - MyVize","isPartOf":{"@id":"https:\/\/www.myvize.com.tr\/cin\/#website"},"primaryImageOfPage":{"@id":"https:\/\/www.myvize.com.tr\/cin\/cin-vize-randevusu\/#primaryimage"},"image":{"@id":"https:\/\/www.myvize.com.tr\/cin\/cin-vize-randevusu\/#primaryimage"},"thumbnailUrl":"https:\/\/www.myvize.com.tr\/cin\/wp-content\/uploads\/2021\/10\/22.jpg","datePublished":"2021-09-11T12:39:02+00:00","dateModified":"2022-04-04T10:41:29+00:00","description":"\u00c7in Vize Randevusu Nas\u0131l Al\u0131n\u0131r? \u00c7in Vize Randevusu 2022 G\u00fcncel Bilgileri Nelerdir? Bilgi \u0130\u00e7in Vize Uzmanlar\u0131m\u0131z\u0131 Aray\u0131n: 0850 346 84 93","breadcrumb":{"@id":"https:\/\/www.myvize.com.tr\/cin\/cin-vize-randevusu\/#breadcrumb"},"inLanguage":"tr","potentialAction":[{"@type":"ReadAction","target":["https:\/\/www.myvize.com.tr\/cin\/cin-vize-randevusu\/"]}]},{"@type":"ImageObject","inLanguage":"tr","@id":"https:\/\/www.myvize.com.tr\/cin\/cin-vize-randevusu\/#primaryimage","url":"https:\/\/www.myvize.com.tr\/cin\/wp-content\/uploads\/2021\/10\/22.jpg","contentUrl":"https:\/\/www.myvize.com.tr\/cin\/wp-content\/uploads\/2021\/10\/22.jpg","width":800,"height":500,"caption":"\u00c7in Vize Randevusu"},{"@type":"BreadcrumbList","@id":"https:\/\/www.myvize.com.tr\/cin\/cin-vize-randevusu\/#breadcrumb","itemListElement":[{"@type":"ListItem","position":1,"name":"Anasayfa","item":"https:\/\/www.myvize.com.tr\/cin\/"},{"@type":"ListItem","position":2,"name":"\u00c7in Vize Randevusu"}]},{"@type":"WebSite","@id":"https:\/\/www.myvize.com.tr\/cin\/#website","url":"https:\/\/www.myvize.com.tr\/cin\/","name":"\u00c7in Vizesi","description":"","potentialAction":[{"@type":"SearchAction","target":{"@type":"EntryPoint","urlTemplate":"https:\/\/www.myvize.com.tr\/cin\/?s={search_term_string}"},"query-input":{"@type":"PropertyValueSpecification","valueRequired":true,"valueName":"search_term_string"}}],"inLanguage":"tr"}]}},"_links":{"self":[{"href":"https:\/\/www.myvize.com.tr\/cin\/wp-json\/wp\/v2\/pages\/408","targetHints":{"allow":["GET"]}}],"collection":[{"href":"https:\/\/www.myvize.com.tr\/cin\/wp-json\/wp\/v2\/pages"}],"about":[{"href":"https:\/\/www.myvize.com.tr\/cin\/wp-json\/wp\/v2\/types\/page"}],"author":[{"embeddable":true,"href":"https:\/\/www.myvize.com.tr\/cin\/wp-json\/wp\/v2\/users\/1"}],"replies":[{"embeddable":true,"href":"https:\/\/www.myvize.com.tr\/cin\/wp-json\/wp\/v2\/comments?post=408"}],"version-history":[{"count":6,"href":"https:\/\/www.myvize.com.tr\/cin\/wp-json\/wp\/v2\/pages\/408\/revisions"}],"predecessor-version":[{"id":750,"href":"https:\/\/www.myvize.com.tr\/cin\/wp-json\/wp\/v2\/pages\/408\/revisions\/750"}],"wp:attachment":[{"href":"https:\/\/www.myvize.com.tr\/cin\/wp-json\/wp\/v2\/media?parent=408"}],"curies":[{"name":"wp","href":"https:\/\/api.w.org\/{rel}","templated":true}]}}